{"id":5318,"date":"2021-06-29T14:31:12","date_gmt":"2021-06-29T12:31:12","guid":{"rendered":"https:\/\/www.vangraaf.com\/lv\/?page_id=5318"},"modified":"2026-01-06T16:50:19","modified_gmt":"2026-01-06T15:50:19","slug":"uznemums","status":"publish","type":"page","link":"https:\/\/www.vangraaf.com\/lv\/uznemums\/","title":{"rendered":"Uz\u0146\u0113mums"},"content":{"rendered":"<div class=\"wpb-content-wrapper\">[vc_row bwd_tbc4vd_show_weekday=&#8221;&#8221; full_width=&#8221;stretch_row_content_no_spaces&#8221;][vc_column]<div class=\"keyvisual\" data-aos=\"fade-up\" ><img loading=\"lazy\" decoding=\"async\" width=\"1440\" height=\"480\" src=\"https:\/\/www.vangraaf.com\/lv\/wp-content\/uploads\/sites\/5\/2021\/07\/Unternehmen_Startseite_Banner_Prag_WP.jpg\" class=\"vc_single_image-img\" alt=\"\" srcset=\"https:\/\/www.vangraaf.com\/lv\/wp-content\/uploads\/sites\/5\/2021\/07\/Unternehmen_Startseite_Banner_Prag_WP.jpg 1440w, https:\/\/www.vangraaf.com\/lv\/wp-content\/uploads\/sites\/5\/2021\/07\/Unternehmen_Startseite_Banner_Prag_WP-300x100.jpg 300w, https:\/\/www.vangraaf.com\/lv\/wp-content\/uploads\/sites\/5\/2021\/07\/Unternehmen_Startseite_Banner_Prag_WP-1024x341.jpg 1024w, https:\/\/www.vangraaf.com\/lv\/wp-content\/uploads\/sites\/5\/2021\/07\/Unternehmen_Startseite_Banner_Prag_WP-768x256.jpg 768w, https:\/\/www.vangraaf.com\/lv\/wp-content\/uploads\/sites\/5\/2021\/07\/Unternehmen_Startseite_Banner_Prag_WP-1200x400.jpg 1200w, https:\/\/www.vangraaf.com\/lv\/wp-content\/uploads\/sites\/5\/2021\/07\/Unternehmen_Startseite_Banner_Prag_WP-992x331.jpg 992w, https:\/\/www.vangraaf.com\/lv\/wp-content\/uploads\/sites\/5\/2021\/07\/Unternehmen_Startseite_Banner_Prag_WP-480x160.jpg 480w\" sizes=\"(max-width: 1440px) 100vw, 1440px\" \/><\/div>\n        <div class=\"headlines headlines--center\" data-aos=\"fade-up\">\n            <div class=\"vc_row\">\n                <div class=\"vc_col-md-10 vc_col-md-offset-1 vc_col-lg-10 vc_col-lg-offset-1\"><span class=\"h6\">VAN GRAAF<\/span><h1 class=\"h2\">Laipni l\u016bdzam VAN GRAAF!<\/h1><\/div>\n            <\/div>\n        <\/div>[vc_column_text]\r\n<p style=\"text-align: center\">Kvalit\u0101te piesaista &#8211; vis\u0101 Eirop\u0101! Kop\u0161 uz\u0146\u0113muma dibin\u0101\u0161anas 2001. gad\u0101 VAN GRAAF ir k\u013cuvis par vienu no vado\u0161ajiem modes uz\u0146\u0113mumiem Eirop\u0101. Uz\u0146\u0113mums lepojas ar 15 veikaliem, kas atrodas \u0160veic\u0113, Polij\u0101, Latvij\u0101, \u010cehij\u0101 un Ung\u0101rij\u0101. Grupu k\u0101 akt\u012bvu daudzkan\u0101lu mazumtirgot\u0101ju veiksm\u012bgi p\u0101rst\u0101v t\u0101s tie\u0161saistes veikals, kas darbojas gan V\u0101cij\u0101, gan Polij\u0101. Uz\u0146\u0113mums ir noteicis svar\u012bgu kursu digit\u0101l\u0101s n\u0101kotnes virzien\u0101 un uzskata, ka \u0146emot v\u0113r\u0101 pa\u0161reiz\u0113jos un n\u0101kotnes soci\u0101los, ekolo\u0123iskos un ekonomiskos izaicin\u0101jumus, \u00a0atrodas vislab\u0101kaj\u0101 poz\u012bcij\u0101.<\/p>\r\n[\/vc_column_text][\/vc_column][\/vc_row][vc_row bwd_tbc4vd_show_weekday=&#8221;&#8221; full_width=&#8221;stretch_row_content_no_spaces&#8221;][vc_column]<div class=\"vice-versa-teaser vice-versa-teaser--dark\" style=\"--season-color: #ededed\" data-aos=\"fade-up\"><div class=\"vice-versa-teaser__inner\">\n                        <div class=\"content_wrap\"><div class=\"vg-element vice-versa-teaser__item vice-versa-teaser__item--left\"><div class=\"vc_row vc_row-flex\"><div class=\"vc_col-xs-12 vc_col-sm-6\"><div class=\"vice-versa-teaser__item__image-wrap\"><a class=\"\" href=\"https:\/\/www.vangraaf.com\/lv\/fakti\/\" target=\"_self\" rel=\"\" style=\"\"><img loading=\"lazy\" decoding=\"async\" width=\"557\" height=\"737\" src=\"https:\/\/www.vangraaf.com\/lv\/wp-content\/uploads\/sites\/5\/2021\/07\/Unternehmen_Startseite_Fakten_WP.jpg\" class=\"attachment-van-graaf-vice-versa-teaser size-van-graaf-vice-versa-teaser\" alt=\"\" srcset=\"https:\/\/www.vangraaf.com\/lv\/wp-content\/uploads\/sites\/5\/2021\/07\/Unternehmen_Startseite_Fakten_WP.jpg 557w, https:\/\/www.vangraaf.com\/lv\/wp-content\/uploads\/sites\/5\/2021\/07\/Unternehmen_Startseite_Fakten_WP-227x300.jpg 227w, https:\/\/www.vangraaf.com\/lv\/wp-content\/uploads\/sites\/5\/2021\/07\/Unternehmen_Startseite_Fakten_WP-480x635.jpg 480w\" sizes=\"(max-width: 557px) 100vw, 557px\" \/><\/a><\/div><\/div><div class=\"vice-versa-teaser__item__content-wrap vc_col-xs-12 vc_col-sm-6 vc_col-md-4 vc_col-md-offset-1\"><div class=\"vice-versa-teaser__item__content\"><h3>Fakti par VAN GRAAF<\/h3><p>Aptuveni 400 darbinieku, l\u012bdz pat 200 modes z\u012bmolu un 15 atra\u0161an\u0101s vietas vis\u0101 Eirop\u0101 \u2013 \u012bss kopsavilkums ar svar\u012bg\u0101kajiem faktiem par uz\u0146\u0113mumu VAN GRAAF. <\/p><a class=\"button button--dark\" href=\"https:\/\/www.vangraaf.com\/lv\/fakti\/\" target=\"_self\" rel=\"\" style=\"\">Uzzin\u0101t vair\u0101k<\/a><\/div><\/div><\/div><\/div><div class=\"vg-element vice-versa-teaser__item vice-versa-teaser__item--right\"><div class=\"vc_row vc_row-flex\"><div class=\"vc_col-xs-12 vc_col-sm-6 vc_col-sm-push-6\"><div class=\"vice-versa-teaser__item__image-wrap\"><a class=\"\" href=\"https:\/\/www.vangraaf.com\/lv\/karjera\/\" target=\"_blank\" rel=\"\" style=\"\"><img loading=\"lazy\" decoding=\"async\" width=\"555\" height=\"735\" src=\"https:\/\/www.vangraaf.com\/lv\/wp-content\/uploads\/sites\/5\/2021\/07\/Unternehmen_Startseite_Karriere_WP.jpg\" class=\"attachment-van-graaf-vice-versa-teaser size-van-graaf-vice-versa-teaser\" alt=\"\" srcset=\"https:\/\/www.vangraaf.com\/lv\/wp-content\/uploads\/sites\/5\/2021\/07\/Unternehmen_Startseite_Karriere_WP.jpg 555w, https:\/\/www.vangraaf.com\/lv\/wp-content\/uploads\/sites\/5\/2021\/07\/Unternehmen_Startseite_Karriere_WP-227x300.jpg 227w, https:\/\/www.vangraaf.com\/lv\/wp-content\/uploads\/sites\/5\/2021\/07\/Unternehmen_Startseite_Karriere_WP-480x636.jpg 480w\" sizes=\"(max-width: 555px) 100vw, 555px\" \/><\/a><\/div><\/div><div class=\"vice-versa-teaser__item__content-wrap vc_col-xs-12 vc_col-sm-6 vc_col-md-4 vc_col-md-offset-1 vc_col-sm-pull-6\"><div class=\"vice-versa-teaser__item__content\"><h3>Karjera VAN GRAAF<\/h3><p>Ar kaisl\u012bbu pret modi un cilv\u0113kiem: m\u016bsu darbiniekiem paveras neierobe\u017eotas iesp\u0113jas. No Gda\u0146skas l\u012bdz Budape\u0161tai, no nepilna laika darba l\u012bdz vado\u0161iem amatiem, no modes ekspertiem l\u012bdz organizatoriskiem talantiem.<\/p><a class=\"button button--dark\" href=\"https:\/\/www.vangraaf.com\/lv\/karjera\/\" target=\"_blank\" rel=\"\" style=\"\">Uzzin\u0101t vair\u0101k<\/a><\/div><\/div><\/div><\/div><div class=\"vg-element vice-versa-teaser__item vice-versa-teaser__item--left\"><div class=\"vc_row vc_row-flex\"><div class=\"vc_col-xs-12 vc_col-sm-6\"><div class=\"vice-versa-teaser__item__image-wrap\"><a class=\"\" href=\"https:\/\/www.vangraaf.com\/lv\/ilgtspeja\/\" target=\"_self\" rel=\"\" style=\"\"><img loading=\"lazy\" decoding=\"async\" width=\"544\" height=\"600\" src=\"https:\/\/www.vangraaf.com\/lv\/wp-content\/uploads\/sites\/5\/2023\/04\/02_Saisonumstellung_FS24_Nachhaltigkeit_VV.jpg\" class=\"attachment-van-graaf-vice-versa-teaser size-van-graaf-vice-versa-teaser\" alt=\"\" srcset=\"https:\/\/www.vangraaf.com\/lv\/wp-content\/uploads\/sites\/5\/2023\/04\/02_Saisonumstellung_FS24_Nachhaltigkeit_VV.jpg 544w, https:\/\/www.vangraaf.com\/lv\/wp-content\/uploads\/sites\/5\/2023\/04\/02_Saisonumstellung_FS24_Nachhaltigkeit_VV-272x300.jpg 272w, https:\/\/www.vangraaf.com\/lv\/wp-content\/uploads\/sites\/5\/2023\/04\/02_Saisonumstellung_FS24_Nachhaltigkeit_VV-480x529.jpg 480w\" sizes=\"(max-width: 544px) 100vw, 544px\" \/><\/a><\/div><\/div><div class=\"vice-versa-teaser__item__content-wrap vc_col-xs-12 vc_col-sm-6 vc_col-md-4 vc_col-md-offset-1\"><div class=\"vice-versa-teaser__item__content\"><h3>Ilgtsp\u0113ja<\/h3><p>M\u0113s \u013coti nopietni uztveram savu soci\u0101lo atbild\u012bbu un esam ap\u0146\u0113mu\u0161ies nodro\u0161in\u0101t izstr\u0101d\u0101jumu ra\u017eo\u0161anu saska\u0146\u0101 ar videi draudz\u012bg\u0101m un soci\u0101li ilgtsp\u0113j\u012bg\u0101m ra\u017eo\u0161anas metod\u0113m un aprites ekonomikas principiem.<\/p><a class=\"button button--dark\" href=\"https:\/\/www.vangraaf.com\/lv\/ilgtspeja\/\" target=\"_self\" rel=\"\" style=\"\">Uzzin\u0101t vair\u0101k<\/a><\/div><\/div><\/div><\/div><\/div><\/div><\/div>[\/vc_column][\/vc_row][vc_row][vc_column]<ul class=\"vg-element chess-board chess-board--4 chess-board--4--layout-2\" data-aos=\"fade-up\" aria-label=\"Teaser\"><li class=\"chess-board__item \"><a class=\"chess-board__item__link\" href=\"https:\/\/www.vangraaf.com\/lv\/uznemumu-grupa\/\" target=\"_self\" rel=\"\" style=\"\"><div class=\"chess-board__item__image\"><img loading=\"lazy\" decoding=\"async\" width=\"300\" height=\"300\" src=\"https:\/\/www.vangraaf.com\/lv\/wp-content\/uploads\/sites\/5\/2021\/07\/Unternehmen_Startseite_Unternehmensgruppe_VG_WP.jpg\" class=\"attachment-full size-full\" alt=\"\" srcset=\"https:\/\/www.vangraaf.com\/lv\/wp-content\/uploads\/sites\/5\/2021\/07\/Unternehmen_Startseite_Unternehmensgruppe_VG_WP.jpg 300w, https:\/\/www.vangraaf.com\/lv\/wp-content\/uploads\/sites\/5\/2021\/07\/Unternehmen_Startseite_Unternehmensgruppe_VG_WP-150x150.jpg 150w\" sizes=\"(max-width: 300px) 100vw, 300px\" \/><\/div><div class=\"chess-board__item__content\"><div class=\"chess-board__item__content__inner\"><div class=\"chess-board__item__content__inner__overflow\"><h4 class=\"\">Uz\u0146\u0113mumu grupa<\/h4><\/div><\/div><span class=\"show-more\"><\/span><\/div><\/a><\/li><li class=\"chess-board__item revert\"><a class=\"chess-board__item__link\" href=\"https:\/\/www.vangraaf.com\/lv\/vesture\/\" target=\"_self\" rel=\"\" style=\"\"><div class=\"chess-board__item__content\"><div class=\"chess-board__item__content__inner\"><div class=\"chess-board__item__content__inner__overflow\"><h4 class=\"\">V\u0113sture<\/h4><\/div><\/div><span class=\"show-more\"><\/span><\/div><div class=\"chess-board__item__image\"><img loading=\"lazy\" decoding=\"async\" width=\"300\" height=\"300\" src=\"https:\/\/www.vangraaf.com\/lv\/wp-content\/uploads\/sites\/5\/2021\/07\/Unternehmen_Startseite_Historie_WP.jpg\" class=\"attachment-full size-full\" alt=\"\" srcset=\"https:\/\/www.vangraaf.com\/lv\/wp-content\/uploads\/sites\/5\/2021\/07\/Unternehmen_Startseite_Historie_WP.jpg 300w, https:\/\/www.vangraaf.com\/lv\/wp-content\/uploads\/sites\/5\/2021\/07\/Unternehmen_Startseite_Historie_WP-150x150.jpg 150w\" sizes=\"(max-width: 300px) 100vw, 300px\" \/><\/div><\/a><\/li><li class=\"chess-board__item revert\"><a class=\"chess-board__item__link\" href=\"https:\/\/www.vangraaf.com\/lv\/plasas-zinasanas-par-modi\/\" target=\"_self\" rel=\"\" style=\"\"><div class=\"chess-board__item__image\"><img loading=\"lazy\" decoding=\"async\" width=\"400\" height=\"400\" src=\"https:\/\/www.vangraaf.com\/lv\/wp-content\/uploads\/sites\/5\/2021\/07\/Unternehmen_Startseite_Modekompetenz_WP.jpg\" class=\"attachment-full size-full\" alt=\"\" srcset=\"https:\/\/www.vangraaf.com\/lv\/wp-content\/uploads\/sites\/5\/2021\/07\/Unternehmen_Startseite_Modekompetenz_WP.jpg 400w, https:\/\/www.vangraaf.com\/lv\/wp-content\/uploads\/sites\/5\/2021\/07\/Unternehmen_Startseite_Modekompetenz_WP-300x300.jpg 300w, https:\/\/www.vangraaf.com\/lv\/wp-content\/uploads\/sites\/5\/2021\/07\/Unternehmen_Startseite_Modekompetenz_WP-150x150.jpg 150w, https:\/\/www.vangraaf.com\/lv\/wp-content\/uploads\/sites\/5\/2021\/07\/Unternehmen_Startseite_Modekompetenz_WP-280x280.jpg 280w\" sizes=\"(max-width: 400px) 100vw, 400px\" \/><\/div><div class=\"chess-board__item__content\"><div class=\"chess-board__item__content__inner\"><div class=\"chess-board__item__content__inner__overflow\"><h4 class=\"\">Pla\u0161as zin\u0101\u0161anas par modi<\/h4><\/div><\/div><span class=\"show-more\"><\/span><\/div><\/a><\/li><li class=\"chess-board__item \"><a class=\"chess-board__item__link\" href=\"https:\/\/www.vangraaf.com\/lv\/arhitektura\/\" target=\"_self\" rel=\"\" style=\"\"><div class=\"chess-board__item__content\"><div class=\"chess-board__item__content__inner\"><div class=\"chess-board__item__content__inner__overflow\"><h4 class=\"\">Arhitekt\u016bra<\/h4><\/div><\/div><span class=\"show-more\"><\/span><\/div><div class=\"chess-board__item__image\"><img loading=\"lazy\" decoding=\"async\" width=\"300\" height=\"300\" src=\"https:\/\/www.vangraaf.com\/lv\/wp-content\/uploads\/sites\/5\/2021\/07\/Unternehmen_Startseite_Architektur_VG_WP.jpg\" class=\"attachment-full size-full\" alt=\"\" srcset=\"https:\/\/www.vangraaf.com\/lv\/wp-content\/uploads\/sites\/5\/2021\/07\/Unternehmen_Startseite_Architektur_VG_WP.jpg 300w, https:\/\/www.vangraaf.com\/lv\/wp-content\/uploads\/sites\/5\/2021\/07\/Unternehmen_Startseite_Architektur_VG_WP-150x150.jpg 150w\" sizes=\"(max-width: 300px) 100vw, 300px\" \/><\/div><\/a><\/li><\/ul>[\/vc_column][\/vc_row]<\/div>","protected":false},"excerpt":{"rendered":"[vc_row bwd_tbc4vd_show_weekday=&#8221;&#8221; full_width=&#8221;stretch_row_content_no_spaces&#8221;][vc_column][vc_column_text] Kvalit\u0101te piesaista &#8211; vis\u0101 Eirop\u0101! Kop\u0161 uz\u0146\u0113muma dibin\u0101\u0161anas 2001. gad\u0101 VAN GRAAF ir k\u013cuvis par vienu no vado\u0161ajiem modes uz\u0146\u0113mumiem Eirop\u0101. Uz\u0146\u0113mums lepojas ar 15 veikaliem, kas atrodas \u0160veic\u0113, Polij\u0101, Latvij\u0101, \u010cehij\u0101 un Ung\u0101rij\u0101. Grupu k\u0101 akt\u012bvu daudzkan\u0101lu mazumtirgot\u0101ju veiksm\u012bgi p\u0101rst\u0101v t\u0101s tie\u0161saistes veikals, kas darbojas gan V\u0101cij\u0101, gan Polij\u0101. Uz\u0146\u0113mums ir [&hellip;]","protected":false},"author":6,"featured_media":0,"parent":0,"menu_order":0,"comment_status":"closed","ping_status":"closed","template":"","meta":{"_acf_changed":false,"inline_featured_image":false,"footnotes":""},"class_list":["post-5318","page","type-page","status-publish","hentry"],"acf":[],"yoast_head":"<!-- This site is optimized with the Yoast SEO plugin v27.2 - https:\/\/yoast.com\/product\/yoast-seo-wordpress\/ -->\n<title>VAN GRAAF R\u012bg\u0101 - Uz\u0146\u0113mums<\/title>\n<meta name=\"description\" content=\"Kop\u0161 uz\u0146\u0113muma dibin\u0101\u0161anas 2001. gad\u0101 VAN GRAAF ir k\u013cuvis par vienu no vado\u0161ajiem uz\u0146\u0113mumiem Eirop\u0101 modes jom\u0101.\" \/>\n<meta name=\"robots\" content=\"index, follow, max-snippet:-1, max-image-preview:large, max-video-preview:-1\" \/>\n<link rel=\"canonical\" href=\"https:\/\/www.vangraaf.com\/lv\/uznemums\/\" \/>\n<meta property=\"og:locale\" content=\"lv_LV\" \/>\n<meta property=\"og:type\" content=\"article\" \/>\n<meta property=\"og:title\" content=\"VAN GRAAF R\u012bg\u0101 - Uz\u0146\u0113mums\" \/>\n<meta property=\"og:description\" content=\"Kop\u0161 uz\u0146\u0113muma dibin\u0101\u0161anas 2001. gad\u0101 VAN GRAAF ir k\u013cuvis par vienu no vado\u0161ajiem uz\u0146\u0113mumiem Eirop\u0101 modes jom\u0101.\" \/>\n<meta property=\"og:url\" content=\"https:\/\/www.vangraaf.com\/lv\/uznemums\/\" \/>\n<meta property=\"og:site_name\" content=\"VAN GRAAF Latvija\" \/>\n<meta property=\"article:modified_time\" content=\"2026-01-06T15:50:19+00:00\" \/>\n<meta name=\"twitter:card\" content=\"summary_large_image\" \/>\n<meta name=\"twitter:label1\" content=\"Est. reading time\" \/>\n\t<meta name=\"twitter:data1\" content=\"1 min\u016bte\" \/>\n<script type=\"application\/ld+json\" class=\"yoast-schema-graph\">{\"@context\":\"https:\/\/schema.org\",\"@graph\":[{\"@type\":\"WebPage\",\"@id\":\"https:\/\/www.vangraaf.com\/lv\/uznemums\/\",\"url\":\"https:\/\/www.vangraaf.com\/lv\/uznemums\/\",\"name\":\"VAN GRAAF R\u012bg\u0101 - Uz\u0146\u0113mums\",\"isPartOf\":{\"@id\":\"https:\/\/www.vangraaf.com\/lv\/#website\"},\"datePublished\":\"2021-06-29T12:31:12+00:00\",\"dateModified\":\"2026-01-06T15:50:19+00:00\",\"description\":\"Kop\u0161 uz\u0146\u0113muma dibin\u0101\u0161anas 2001. gad\u0101 VAN GRAAF ir k\u013cuvis par vienu no vado\u0161ajiem uz\u0146\u0113mumiem Eirop\u0101 modes jom\u0101.\",\"breadcrumb\":{\"@id\":\"https:\/\/www.vangraaf.com\/lv\/uznemums\/#breadcrumb\"},\"inLanguage\":\"lv-LV\",\"potentialAction\":[{\"@type\":\"ReadAction\",\"target\":[\"https:\/\/www.vangraaf.com\/lv\/uznemums\/\"]}]},{\"@type\":\"BreadcrumbList\",\"@id\":\"https:\/\/www.vangraaf.com\/lv\/uznemums\/#breadcrumb\",\"itemListElement\":[{\"@type\":\"ListItem\",\"position\":1,\"name\":\"Home\",\"item\":\"https:\/\/www.vangraaf.com\/lv\/\"},{\"@type\":\"ListItem\",\"position\":2,\"name\":\"Uz\u0146\u0113mums\"}]},{\"@type\":\"WebSite\",\"@id\":\"https:\/\/www.vangraaf.com\/lv\/#website\",\"url\":\"https:\/\/www.vangraaf.com\/lv\/\",\"name\":\"VAN GRAAF\",\"description\":\"VAN GRAAF\",\"potentialAction\":[{\"@type\":\"SearchAction\",\"target\":{\"@type\":\"EntryPoint\",\"urlTemplate\":\"https:\/\/www.vangraaf.com\/lv\/?s={search_term_string}\"},\"query-input\":{\"@type\":\"PropertyValueSpecification\",\"valueRequired\":true,\"valueName\":\"search_term_string\"}}],\"inLanguage\":\"lv-LV\"}]}<\/script>\n<!-- \/ Yoast SEO plugin. -->","yoast_head_json":{"title":"VAN GRAAF R\u012bg\u0101 - Uz\u0146\u0113mums","description":"Kop\u0161 uz\u0146\u0113muma dibin\u0101\u0161anas 2001. gad\u0101 VAN GRAAF ir k\u013cuvis par vienu no vado\u0161ajiem uz\u0146\u0113mumiem Eirop\u0101 modes jom\u0101.","robots":{"index":"index","follow":"follow","max-snippet":"max-snippet:-1","max-image-preview":"max-image-preview:large","max-video-preview":"max-video-preview:-1"},"canonical":"https:\/\/www.vangraaf.com\/lv\/uznemums\/","og_locale":"lv_LV","og_type":"article","og_title":"VAN GRAAF R\u012bg\u0101 - Uz\u0146\u0113mums","og_description":"Kop\u0161 uz\u0146\u0113muma dibin\u0101\u0161anas 2001. gad\u0101 VAN GRAAF ir k\u013cuvis par vienu no vado\u0161ajiem uz\u0146\u0113mumiem Eirop\u0101 modes jom\u0101.","og_url":"https:\/\/www.vangraaf.com\/lv\/uznemums\/","og_site_name":"VAN GRAAF Latvija","article_modified_time":"2026-01-06T15:50:19+00:00","twitter_card":"summary_large_image","twitter_misc":{"Est. reading time":"1 min\u016bte"},"schema":{"@context":"https:\/\/schema.org","@graph":[{"@type":"WebPage","@id":"https:\/\/www.vangraaf.com\/lv\/uznemums\/","url":"https:\/\/www.vangraaf.com\/lv\/uznemums\/","name":"VAN GRAAF R\u012bg\u0101 - Uz\u0146\u0113mums","isPartOf":{"@id":"https:\/\/www.vangraaf.com\/lv\/#website"},"datePublished":"2021-06-29T12:31:12+00:00","dateModified":"2026-01-06T15:50:19+00:00","description":"Kop\u0161 uz\u0146\u0113muma dibin\u0101\u0161anas 2001. gad\u0101 VAN GRAAF ir k\u013cuvis par vienu no vado\u0161ajiem uz\u0146\u0113mumiem Eirop\u0101 modes jom\u0101.","breadcrumb":{"@id":"https:\/\/www.vangraaf.com\/lv\/uznemums\/#breadcrumb"},"inLanguage":"lv-LV","potentialAction":[{"@type":"ReadAction","target":["https:\/\/www.vangraaf.com\/lv\/uznemums\/"]}]},{"@type":"BreadcrumbList","@id":"https:\/\/www.vangraaf.com\/lv\/uznemums\/#breadcrumb","itemListElement":[{"@type":"ListItem","position":1,"name":"Home","item":"https:\/\/www.vangraaf.com\/lv\/"},{"@type":"ListItem","position":2,"name":"Uz\u0146\u0113mums"}]},{"@type":"WebSite","@id":"https:\/\/www.vangraaf.com\/lv\/#website","url":"https:\/\/www.vangraaf.com\/lv\/","name":"VAN GRAAF","description":"VAN GRAAF","potentialAction":[{"@type":"SearchAction","target":{"@type":"EntryPoint","urlTemplate":"https:\/\/www.vangraaf.com\/lv\/?s={search_term_string}"},"query-input":{"@type":"PropertyValueSpecification","valueRequired":true,"valueName":"search_term_string"}}],"inLanguage":"lv-LV"}]}},"_links":{"self":[{"href":"https:\/\/www.vangraaf.com\/lv\/wp-json\/wp\/v2\/pages\/5318","targetHints":{"allow":["GET"]}}],"collection":[{"href":"https:\/\/www.vangraaf.com\/lv\/wp-json\/wp\/v2\/pages"}],"about":[{"href":"https:\/\/www.vangraaf.com\/lv\/wp-json\/wp\/v2\/types\/page"}],"author":[{"embeddable":true,"href":"https:\/\/www.vangraaf.com\/lv\/wp-json\/wp\/v2\/users\/6"}],"replies":[{"embeddable":true,"href":"https:\/\/www.vangraaf.com\/lv\/wp-json\/wp\/v2\/comments?post=5318"}],"version-history":[{"count":14,"href":"https:\/\/www.vangraaf.com\/lv\/wp-json\/wp\/v2\/pages\/5318\/revisions"}],"predecessor-version":[{"id":6848,"href":"https:\/\/www.vangraaf.com\/lv\/wp-json\/wp\/v2\/pages\/5318\/revisions\/6848"}],"wp:attachment":[{"href":"https:\/\/www.vangraaf.com\/lv\/wp-json\/wp\/v2\/media?parent=5318"}],"curies":[{"name":"wp","href":"https:\/\/api.w.org\/{rel}","templated":true}]}}