{"id":4927,"date":"2020-07-24T08:08:37","date_gmt":"2020-07-24T06:08:37","guid":{"rendered":"https:\/\/www.vangraaf.com\/lv\/?page_id=4927"},"modified":"2021-03-01T14:34:31","modified_gmt":"2021-03-01T13:34:31","slug":"vietnes-karte","status":"publish","type":"page","link":"https:\/\/www.vangraaf.com\/lv\/vietnes-karte\/","title":{"rendered":"Sitemap"},"content":{"rendered":"<div class=\"wpb-content-wrapper\">[vc_row bwd_tbc4vd_show_weekday=&#8221;&#8221; full_width=&#8221;stretch_row_content_no_spaces&#8221;][vc_column]<div class=\"keyvisual\" data-aos=\"fade-up\" ><img loading=\"lazy\" decoding=\"async\" width=\"1440\" height=\"480\" src=\"https:\/\/www.vangraaf.com\/lv\/wp-content\/uploads\/sites\/5\/2020\/02\/Impressum_Banner_WP.jpg\" class=\"vc_single_image-img\" alt=\"P\u0101ris siltos d\u017eemperos un cepur\u0113, apskaujas un smaida, s\u0113\u017eot br\u016bnas kr\u0101sas d\u012bv\u0101n\u0101.\" srcset=\"https:\/\/www.vangraaf.com\/lv\/wp-content\/uploads\/sites\/5\/2020\/02\/Impressum_Banner_WP.jpg 1440w, https:\/\/www.vangraaf.com\/lv\/wp-content\/uploads\/sites\/5\/2020\/02\/Impressum_Banner_WP-300x100.jpg 300w, https:\/\/www.vangraaf.com\/lv\/wp-content\/uploads\/sites\/5\/2020\/02\/Impressum_Banner_WP-1024x341.jpg 1024w, https:\/\/www.vangraaf.com\/lv\/wp-content\/uploads\/sites\/5\/2020\/02\/Impressum_Banner_WP-768x256.jpg 768w, https:\/\/www.vangraaf.com\/lv\/wp-content\/uploads\/sites\/5\/2020\/02\/Impressum_Banner_WP-1200x400.jpg 1200w, https:\/\/www.vangraaf.com\/lv\/wp-content\/uploads\/sites\/5\/2020\/02\/Impressum_Banner_WP-992x331.jpg 992w, https:\/\/www.vangraaf.com\/lv\/wp-content\/uploads\/sites\/5\/2020\/02\/Impressum_Banner_WP-480x160.jpg 480w, https:\/\/www.vangraaf.com\/lv\/wp-content\/uploads\/sites\/5\/2020\/02\/Impressum_Banner_WP-690x230.jpg 690w\" sizes=\"(max-width: 1440px) 100vw, 1440px\" \/><\/div>\n        <div class=\"headlines headlines--center\" data-aos=\"fade-up\">\n            <div class=\"vc_row\">\n                <div class=\"vc_col-md-10 vc_col-md-offset-1 vc_col-lg-10 vc_col-lg-offset-1\"><h1 class=\"h2\">Vietnes karte<\/h1><\/div>\n            <\/div>\n        <\/div>[vc_column_text]<div class=\"sitemap\"><nav class=\"sitemap__menue-container\"><ul id=\"menu-main-menu\" class=\"menu\"><li id=\"menu-item-4182\" class=\"menu-item menu-item-type-post_type menu-item-object-page menu-item-has-children menu-item-4182\"><a href=\"https:\/\/www.vangraaf.com\/lv\/par-mums\/\">Par mums<\/a>\n<ul class=\"sub-menu\">\n\t<li id=\"menu-item-4183\" class=\"menu-item menu-item-type-post_type menu-item-object-page menu-item-has-children menu-item-4183\"><a href=\"https:\/\/www.vangraaf.com\/lv\/par-mums\/riga\/\">R\u012bg\u0101<\/a>\n\t<ul class=\"sub-menu\">\n\t\t<li id=\"menu-item-4195\" class=\"menu-item menu-item-type-post_type menu-item-object-page menu-item-4195\"><a href=\"https:\/\/www.vangraaf.com\/lv\/par-mums\/riga\/\">Inform\u0101cija<\/a><\/li>\n\t\t<li id=\"menu-item-4184\" class=\"menu-item menu-item-type-post_type menu-item-object-page menu-item-4184\"><a href=\"https:\/\/www.vangraaf.com\/lv\/par-mums\/riga\/pakalpojums\/\">Pakalpojums<\/a><\/li>\n\t\t<li id=\"menu-item-4185\" class=\"menu-item menu-item-type-post_type menu-item-object-page menu-item-4185\"><a href=\"https:\/\/www.vangraaf.com\/lv\/zimoli\/\">Z\u012bmoli<\/a><\/li>\n\t<\/ul>\n<\/li>\n<\/ul>\n<\/li>\n<li id=\"menu-item-4196\" class=\"menu-item menu-item-type-post_type menu-item-object-page menu-item-has-children menu-item-4196\"><a href=\"https:\/\/www.vangraaf.com\/lv\/zimoli\/\">Z\u012bmoli<\/a>\n<ul class=\"sub-menu\">\n\t<li id=\"menu-item-4186\" class=\"menu-item menu-item-type-post_type menu-item-object-page menu-item-4186\"><a href=\"https:\/\/www.vangraaf.com\/lv\/zimoli\/zimoli-sievietem\/\">Z\u012bmoli sieviet\u0113m<\/a><\/li>\n\t<li id=\"menu-item-4187\" class=\"menu-item menu-item-type-post_type menu-item-object-page menu-item-4187\"><a href=\"https:\/\/www.vangraaf.com\/lv\/zimoli\/zimoli-viriesiem\/\">Z\u012bmoli v\u012brie\u0161iem<\/a><\/li>\n<\/ul>\n<\/li>\n<li id=\"menu-item-4180\" class=\"menu-item menu-item-type-post_type menu-item-object-page menu-item-has-children menu-item-4180\"><a href=\"https:\/\/www.vangraaf.com\/lv\/konsultacijas-un-stils\/\">Konsult\u0101cijas un stils<\/a>\n<ul class=\"sub-menu\">\n\t<li id=\"menu-item-4193\" class=\"menu-item menu-item-type-post_type menu-item-object-page menu-item-has-children menu-item-4193\"><a href=\"https:\/\/www.vangraaf.com\/lv\/konsultacijas-un-stils\/specializetas-nodalas\/\">Specializ\u0113t\u0101s noda\u013cas<\/a>\n\t<ul class=\"sub-menu\">\n\t\t<li id=\"menu-item-4191\" class=\"menu-item menu-item-type-post_type menu-item-object-page menu-item-4191\"><a href=\"https:\/\/www.vangraaf.com\/lv\/konsultacijas-un-stils\/specializetas-nodalas\/sievietem\/\">Sieviet\u0113m<\/a><\/li>\n\t\t<li id=\"menu-item-4192\" class=\"menu-item menu-item-type-post_type menu-item-object-page menu-item-4192\"><a href=\"https:\/\/www.vangraaf.com\/lv\/konsultacijas-un-stils\/specializetas-nodalas\/viriesiem\/\">V\u012brie\u0161iem<\/a><\/li>\n\t<\/ul>\n<\/li>\n\t<li id=\"menu-item-4194\" class=\"menu-item menu-item-type-post_type menu-item-object-page menu-item-has-children menu-item-4194\"><a href=\"https:\/\/www.vangraaf.com\/lv\/konsultacijas-un-stils\/padomi\/\">Padomi<\/a>\n\t<ul class=\"sub-menu\">\n\t\t<li id=\"menu-item-4189\" class=\"menu-item menu-item-type-post_type menu-item-object-page menu-item-4189\"><a href=\"https:\/\/www.vangraaf.com\/lv\/konsultacijas-un-stils\/padomi\/individuali-pielagots-uzvalks\/\">Individu\u0101li piel\u0101gots uzvalks<\/a><\/li>\n\t\t<li id=\"menu-item-4190\" class=\"menu-item menu-item-type-post_type menu-item-object-page menu-item-4190\"><a href=\"https:\/\/www.vangraaf.com\/lv\/konsultacijas-un-stils\/padomi\/audumu-kopsanas-padomi\/\">Audumu kop\u0161anas padomi<\/a><\/li>\n\t<\/ul>\n<\/li>\n<\/ul>\n<\/li>\n<li id=\"menu-item-4319\" class=\"menu-item menu-item-type-post_type menu-item-object-page menu-item-4319\"><a href=\"https:\/\/www.vangraaf.com\/lv\/informativais-biletens\/\">Informat\u012bvais buklets<\/a><\/li>\n<\/ul><\/nav><nav class=\"sitemap__menue-container sitemap__menue-container--footer\"><ul id=\"menu-footer-menu\" class=\"menu\"><li id=\"menu-item-3981\" class=\"menu-item menu-item-type-post_type menu-item-object-page menu-item-3981\"><a href=\"https:\/\/www.vangraaf.com\/lv\/izlaides-zinas\/\">Izlaides zi\u0146as<\/a><\/li>\n<li id=\"menu-item-3982\" class=\"menu-item menu-item-type-post_type menu-item-object-page menu-item-3982\"><a href=\"https:\/\/www.vangraaf.com\/lv\/lietosanas-noteikumi\/\">Lieto\u0161anas noteikumi<\/a><\/li>\n<li id=\"menu-item-3983\" class=\"menu-item menu-item-type-post_type menu-item-object-page menu-item-3983\"><a href=\"https:\/\/www.vangraaf.com\/lv\/datu-aizsardziba\/\">Datu aizsardziba<\/a><\/li>\n<li id=\"menu-item-3984\" class=\"menu-item menu-item-type-post_type menu-item-object-page menu-item-3984\"><a href=\"https:\/\/www.vangraaf.com\/lv\/kontaktpersona\/\">Kontaktinform\u0101cija<\/a><\/li>\n<li id=\"menu-item-3985\" class=\"menu-item menu-item-type-post_type menu-item-object-page menu-item-3985\"><a href=\"https:\/\/www.vangraaf.com\/lv\/palidziba\/\">Pal\u012bdz\u012bba<\/a><\/li>\n<li id=\"menu-item-4929\" class=\"menu-item menu-item-type-post_type menu-item-object-page menu-item-4929\"><a href=\"https:\/\/www.vangraaf.com\/lv\/vietnes-karte\/\">\ufeffVietnes karte<\/a><\/li>\n<li id=\"menu-item-6406\" class=\"uc-service-layer menu-item menu-item-type-custom menu-item-object-custom menu-item-6406\"><a href=\"#\">S\u012bkfailu iestat\u012bjumi<\/a><\/li>\n<\/ul><\/nav><\/div>[\/vc_column_text][\/vc_column][\/vc_row]<\/div>","protected":false},"excerpt":{"rendered":"[vc_row bwd_tbc4vd_show_weekday=&#8221;&#8221; full_width=&#8221;stretch_row_content_no_spaces&#8221;][vc_column][vc_column_text][\/vc_column_text][\/vc_column][\/vc_row]","protected":false},"author":6,"featured_media":0,"parent":0,"menu_order":0,"comment_status":"closed","ping_status":"closed","template":"","meta":{"_acf_changed":false,"inline_featured_image":false,"footnotes":""},"class_list":["post-4927","page","type-page","status-publish","hentry"],"acf":[],"yoast_head":"<!-- This site is optimized with the Yoast SEO plugin v27.2 - https:\/\/yoast.com\/product\/yoast-seo-wordpress\/ -->\n<title>\ufeffVietnes karte VAN GRAAF<\/title>\n<meta name=\"description\" content=\"\ufeff\u0160aj\u0101 lap\u0101 ir pieejama izsme\u013co\u0161a inform\u0101cija par VAN GRAAF t\u012bmek\u013ca vietnes strukt\u016bru.\" \/>\n<meta name=\"robots\" content=\"index, follow, max-snippet:-1, max-image-preview:large, max-video-preview:-1\" \/>\n<link rel=\"canonical\" href=\"https:\/\/www.vangraaf.com\/lv\/vietnes-karte\/\" \/>\n<meta property=\"og:locale\" content=\"lv_LV\" \/>\n<meta property=\"og:type\" content=\"article\" \/>\n<meta property=\"og:title\" content=\"\ufeffVietnes karte VAN GRAAF\" \/>\n<meta property=\"og:description\" content=\"\ufeff\u0160aj\u0101 lap\u0101 ir pieejama izsme\u013co\u0161a inform\u0101cija par VAN GRAAF t\u012bmek\u013ca vietnes strukt\u016bru.\" \/>\n<meta property=\"og:url\" content=\"https:\/\/www.vangraaf.com\/lv\/vietnes-karte\/\" \/>\n<meta property=\"og:site_name\" content=\"VAN GRAAF Latvija\" \/>\n<meta property=\"article:modified_time\" content=\"2021-03-01T13:34:31+00:00\" \/>\n<meta name=\"twitter:card\" content=\"summary_large_image\" \/>\n<script type=\"application\/ld+json\" class=\"yoast-schema-graph\">{\"@context\":\"https:\/\/schema.org\",\"@graph\":[{\"@type\":\"WebPage\",\"@id\":\"https:\/\/www.vangraaf.com\/lv\/vietnes-karte\/\",\"url\":\"https:\/\/www.vangraaf.com\/lv\/vietnes-karte\/\",\"name\":\"\ufeffVietnes karte VAN GRAAF\",\"isPartOf\":{\"@id\":\"https:\/\/www.vangraaf.com\/lv\/#website\"},\"datePublished\":\"2020-07-24T06:08:37+00:00\",\"dateModified\":\"2021-03-01T13:34:31+00:00\",\"description\":\"\ufeff\u0160aj\u0101 lap\u0101 ir pieejama izsme\u013co\u0161a inform\u0101cija par VAN GRAAF t\u012bmek\u013ca vietnes strukt\u016bru.\",\"breadcrumb\":{\"@id\":\"https:\/\/www.vangraaf.com\/lv\/vietnes-karte\/#breadcrumb\"},\"inLanguage\":\"lv-LV\",\"potentialAction\":[{\"@type\":\"ReadAction\",\"target\":[\"https:\/\/www.vangraaf.com\/lv\/vietnes-karte\/\"]}]},{\"@type\":\"BreadcrumbList\",\"@id\":\"https:\/\/www.vangraaf.com\/lv\/vietnes-karte\/#breadcrumb\",\"itemListElement\":[{\"@type\":\"ListItem\",\"position\":1,\"name\":\"Home\",\"item\":\"https:\/\/www.vangraaf.com\/lv\/\"},{\"@type\":\"ListItem\",\"position\":2,\"name\":\"Sitemap\"}]},{\"@type\":\"WebSite\",\"@id\":\"https:\/\/www.vangraaf.com\/lv\/#website\",\"url\":\"https:\/\/www.vangraaf.com\/lv\/\",\"name\":\"VAN GRAAF\",\"description\":\"VAN GRAAF\",\"potentialAction\":[{\"@type\":\"SearchAction\",\"target\":{\"@type\":\"EntryPoint\",\"urlTemplate\":\"https:\/\/www.vangraaf.com\/lv\/?s={search_term_string}\"},\"query-input\":{\"@type\":\"PropertyValueSpecification\",\"valueRequired\":true,\"valueName\":\"search_term_string\"}}],\"inLanguage\":\"lv-LV\"}]}<\/script>\n<!-- \/ Yoast SEO plugin. -->","yoast_head_json":{"title":"\ufeffVietnes karte VAN GRAAF","description":"\ufeff\u0160aj\u0101 lap\u0101 ir pieejama izsme\u013co\u0161a inform\u0101cija par VAN GRAAF t\u012bmek\u013ca vietnes strukt\u016bru.","robots":{"index":"index","follow":"follow","max-snippet":"max-snippet:-1","max-image-preview":"max-image-preview:large","max-video-preview":"max-video-preview:-1"},"canonical":"https:\/\/www.vangraaf.com\/lv\/vietnes-karte\/","og_locale":"lv_LV","og_type":"article","og_title":"\ufeffVietnes karte VAN GRAAF","og_description":"\ufeff\u0160aj\u0101 lap\u0101 ir pieejama izsme\u013co\u0161a inform\u0101cija par VAN GRAAF t\u012bmek\u013ca vietnes strukt\u016bru.","og_url":"https:\/\/www.vangraaf.com\/lv\/vietnes-karte\/","og_site_name":"VAN GRAAF Latvija","article_modified_time":"2021-03-01T13:34:31+00:00","twitter_card":"summary_large_image","schema":{"@context":"https:\/\/schema.org","@graph":[{"@type":"WebPage","@id":"https:\/\/www.vangraaf.com\/lv\/vietnes-karte\/","url":"https:\/\/www.vangraaf.com\/lv\/vietnes-karte\/","name":"\ufeffVietnes karte VAN GRAAF","isPartOf":{"@id":"https:\/\/www.vangraaf.com\/lv\/#website"},"datePublished":"2020-07-24T06:08:37+00:00","dateModified":"2021-03-01T13:34:31+00:00","description":"\ufeff\u0160aj\u0101 lap\u0101 ir pieejama izsme\u013co\u0161a inform\u0101cija par VAN GRAAF t\u012bmek\u013ca vietnes strukt\u016bru.","breadcrumb":{"@id":"https:\/\/www.vangraaf.com\/lv\/vietnes-karte\/#breadcrumb"},"inLanguage":"lv-LV","potentialAction":[{"@type":"ReadAction","target":["https:\/\/www.vangraaf.com\/lv\/vietnes-karte\/"]}]},{"@type":"BreadcrumbList","@id":"https:\/\/www.vangraaf.com\/lv\/vietnes-karte\/#breadcrumb","itemListElement":[{"@type":"ListItem","position":1,"name":"Home","item":"https:\/\/www.vangraaf.com\/lv\/"},{"@type":"ListItem","position":2,"name":"Sitemap"}]},{"@type":"WebSite","@id":"https:\/\/www.vangraaf.com\/lv\/#website","url":"https:\/\/www.vangraaf.com\/lv\/","name":"VAN GRAAF","description":"VAN GRAAF","potentialAction":[{"@type":"SearchAction","target":{"@type":"EntryPoint","urlTemplate":"https:\/\/www.vangraaf.com\/lv\/?s={search_term_string}"},"query-input":{"@type":"PropertyValueSpecification","valueRequired":true,"valueName":"search_term_string"}}],"inLanguage":"lv-LV"}]}},"_links":{"self":[{"href":"https:\/\/www.vangraaf.com\/lv\/wp-json\/wp\/v2\/pages\/4927","targetHints":{"allow":["GET"]}}],"collection":[{"href":"https:\/\/www.vangraaf.com\/lv\/wp-json\/wp\/v2\/pages"}],"about":[{"href":"https:\/\/www.vangraaf.com\/lv\/wp-json\/wp\/v2\/types\/page"}],"author":[{"embeddable":true,"href":"https:\/\/www.vangraaf.com\/lv\/wp-json\/wp\/v2\/users\/6"}],"replies":[{"embeddable":true,"href":"https:\/\/www.vangraaf.com\/lv\/wp-json\/wp\/v2\/comments?post=4927"}],"version-history":[{"count":5,"href":"https:\/\/www.vangraaf.com\/lv\/wp-json\/wp\/v2\/pages\/4927\/revisions"}],"predecessor-version":[{"id":5212,"href":"https:\/\/www.vangraaf.com\/lv\/wp-json\/wp\/v2\/pages\/4927\/revisions\/5212"}],"wp:attachment":[{"href":"https:\/\/www.vangraaf.com\/lv\/wp-json\/wp\/v2\/media?parent=4927"}],"curies":[{"name":"wp","href":"https:\/\/api.w.org\/{rel}","templated":true}]}}