{"id":4623,"date":"2020-03-12T13:55:54","date_gmt":"2020-03-12T12:55:54","guid":{"rendered":"http:\/\/van-graaf.test\/ch\/?page_id=3648"},"modified":"2020-09-15T12:55:25","modified_gmt":"2020-09-15T10:55:25","slug":"vila","status":"publish","type":"page","link":"https:\/\/www.vangraaf.com\/lv\/zimoli\/vila\/","title":{"rendered":"Vila"},"content":{"rendered":"<div class=\"wpb-content-wrapper\">[vc_row full_width=&#8221;stretch_row_content_no_spaces&#8221;][vc_column]<div class=\"keyvisual\" data-aos=\"fade-up\" ><img loading=\"lazy\" decoding=\"async\" width=\"1440\" height=\"480\" src=\"https:\/\/www.vangraaf.com\/lv\/wp-content\/uploads\/sites\/5\/2020\/09\/Logo_VILA.jpg\" class=\"vc_single_image-img\" alt=\"\" srcset=\"https:\/\/www.vangraaf.com\/lv\/wp-content\/uploads\/sites\/5\/2020\/09\/Logo_VILA.jpg 1440w, https:\/\/www.vangraaf.com\/lv\/wp-content\/uploads\/sites\/5\/2020\/09\/Logo_VILA-300x100.jpg 300w, https:\/\/www.vangraaf.com\/lv\/wp-content\/uploads\/sites\/5\/2020\/09\/Logo_VILA-1024x341.jpg 1024w, https:\/\/www.vangraaf.com\/lv\/wp-content\/uploads\/sites\/5\/2020\/09\/Logo_VILA-768x256.jpg 768w, https:\/\/www.vangraaf.com\/lv\/wp-content\/uploads\/sites\/5\/2020\/09\/Logo_VILA-1200x400.jpg 1200w, https:\/\/www.vangraaf.com\/lv\/wp-content\/uploads\/sites\/5\/2020\/09\/Logo_VILA-992x331.jpg 992w, https:\/\/www.vangraaf.com\/lv\/wp-content\/uploads\/sites\/5\/2020\/09\/Logo_VILA-480x160.jpg 480w\" sizes=\"(max-width: 1440px) 100vw, 1440px\" \/><\/div>\n        <div class=\"headlines headlines--center\" data-aos=\"fade-up\">\n            <div class=\"vc_row\">\n                <div class=\"vc_col-md-10 vc_col-md-offset-1 vc_col-lg-10 vc_col-lg-offset-1\"><span class=\"h6\">VILA<\/span><h1 class=\"h2\">Elegants ap\u0123\u0113rbs sieviet\u0113m no VILA veikal\u0101 VAN GRAAF R\u012bg\u0101<\/h1><\/div>\n            <\/div>\n        <\/div>[vc_column_text]\r\n<p style=\"text-align: center\">VILA ap\u0123\u0113rbi &#8211; jaunekl\u012bgs modes z\u012bmols, kas gadu gait\u0101 ir iemantojis uztic\u012bbu no daudz\u0101m sieviet\u0113m, kuras m\u012bl modi un priec\u0101jas par zem\u0101m cen\u0101m. Z\u012bmola izsmalcin\u0101t\u0101s kolekcijas iepriecina ar romantisku, rota\u013c\u012bgu skandin\u0101vu izskatu. Ieg\u0101d\u0101jieties sievie\u0161u modes preces no t\u0101lajiem zieme\u013ciem tepat Latvij\u0101 <strong>\u2013 veikal\u0101 VAN GRAAF R\u012bg\u0101<\/strong>!<\/p>\r\n[\/vc_column_text][\/vc_column][\/vc_row][vc_row][vc_column]\n        <div class=\"headlines headlines--center\" data-aos=\"fade-up\">\n            <div class=\"vc_row\">\n                <div class=\"vc_col-md-10 vc_col-md-offset-1 vc_col-lg-10 vc_col-lg-offset-1\"><h2 class=\"h2\">VILA: mode un skandin\u0101vu stils par sapr\u0101t\u012bgu cenu<\/h2><\/div>\n            <\/div>\n        <\/div>[vc_column_text]VILA modes ap\u0123\u0113rbu z\u012bmols tika izveidots 1994. gad\u0101, un tas ir da\u013ca no D\u0101nijas ap\u0123\u0113rbu imp\u0113rijas BESTSELLER. VILA sievie\u0161u ap\u0123\u0113rbu pievilc\u012bgu padara <strong>skandin\u0101vu elegance<\/strong>, viena no aktu\u0101l\u0101kaj\u0101m tendenc\u0113m p\u0113d\u0113jo gadu laik\u0101. T\u0101di smalki akcenti k\u0101 vol\u0101ni un me\u017e\u0123\u012bnes papildina <strong>klasiski elegantus, attur\u012bgus dizainus<\/strong>. Apmekl\u0113jiet R\u012bgu un ieg\u0101d\u0101jieties skandin\u0101viski elegantu ap\u0123\u0113rbu sieviet\u0113m no VILA!\r\n\r\nIzv\u0113lieties <strong>pamata ap\u0123\u0113rbu, izsmalcin\u0101tas kleitas, ziemas jakas un aksesu\u0101rus<\/strong>: VILA l\u012bnija zina, ko v\u0113las sievietes, kuras p\u0101rzina modi, pied\u0101v\u0101jot ap\u0123\u0113rbu no galvas l\u012bdz k\u0101j\u0101m un visiem gad\u012bjumiem, turkl\u0101t par sapr\u0101t\u012bg\u0101m cen\u0101m! \u0160is vienk\u0101r\u0161ais, sievi\u0161\u0137\u012bgais stils ir \u012bpa\u0161i orient\u0113ts uz <strong>jaun\u0101m sieviet\u0113m un meiten\u0113m<\/strong>, kuras instinkt\u012bvi zina, kas izskat\u0101s labi. VILA mode ir vienk\u0101r\u0161a un funkcion\u0101la: br\u012bvi kr\u012bto\u0161i, viegli materi\u0101li un vienk\u0101r\u0161i stili ir viegli kombin\u0113jami.[\/vc_column_text][\/vc_column][\/vc_row][vc_row][vc_column]\n        <div class=\"headlines headlines--center\" data-aos=\"fade-up\">\n            <div class=\"vc_row\">\n                <div class=\"vc_col-md-10 vc_col-md-offset-1 vc_col-lg-10 vc_col-lg-offset-1\"><span class=\"h6\">sievie\u0161u mode<\/span><h2 class=\"h2\">Uzziniet stila nosl\u0113pumus no skandin\u0101vu sieviet\u0113m<\/h2><\/div>\n            <\/div>\n        <\/div>[vc_column_text]Run\u0101jot par modi, skandin\u0101vu sievietes ir paz\u012bstamas ar labu gaumi. <strong>&#8220;Skandin\u0101vu stils\u201c<\/strong> ir moderns, tom\u0113r nekad nav p\u0101rsp\u012bl\u0113ts. Svar\u012bga loma ir komfortam un funkcionalit\u0101tei, ko v\u0113sta moto &#8211; &#8220;kas ir praktisks, tas ir lielisks&#8221;. M\u0101kslinieciski elementi nek\u0101d\u0101 zi\u0146\u0101 nav aizmirsti: vienk\u0101r\u0161iem ap\u0123\u0113rbiem stilu p\u0101rliecino\u0161i pie\u0161\u0137ir <strong>ri\u0161as, vol\u0101ni vai me\u017e\u0123\u012b\u0146u ornamenti<\/strong>. To visu papildina stil\u012bgi aksesu\u0101ri, piem\u0113ram, dizaineru rokassomi\u0146as, un dz\u012bv\u012bgu kr\u0101su kombin\u0101cijas.\r\n\r\nVILA modes preces aptver visu skandin\u0101vu stila pasaules spektru. Eleganti <strong>pamata ap\u0123\u0113rbi tiek kombin\u0113ti ar aizraujo\u0161iem akcentiem<\/strong>. Pied\u0101v\u0101jum\u0101 ir maz\u0101 meln\u0101 vakarkleita no poliestera ar dekorat\u012bvu me\u017e\u0123\u012bni kakla da\u013c\u0101 un vol\u0101niem vidukl\u012b. Jauku izskatu rada klasiskas formas bl\u016bze ar lenti kakla da\u013c\u0101 un augsta viduk\u013ca bikses ar sasienamu jostu. VILA modes preces sieviet\u0113m ietver ar\u012b daudz <strong>element\u0101ru pamata ap\u0123\u0113rbu bez rot\u0101jumiem <\/strong>vai dekor\u0113jumiem, ko varat kombin\u0113t piln\u012bgi p\u0113c savas izv\u0113les.[\/vc_column_text][\/vc_column][\/vc_row][vc_row][vc_column]\n        <div class=\"headlines headlines--center\" data-aos=\"fade-up\">\n            <div class=\"vc_row\">\n                <div class=\"vc_col-md-10 vc_col-md-offset-1 vc_col-lg-10 vc_col-lg-offset-1\"><h2 class=\"h2\">Ieg\u0101d\u0101jieties VILA modes preces veikal\u0101 VAN GRAAF R\u012bg\u0101<\/h2><\/div>\n            <\/div>\n        <\/div>[vc_column_text]\r\n<p class=\"Standard1\"><span lang=\"EN-US\">VILA preces sieviet\u0113m \u013cauj nedaudz eksperiment\u0113t ar modi, bez p\u0101rsp\u012bl\u0113jumiem. J\u016bsu jaunie iecien\u012bt\u0101kie ap\u0123\u0113rbi gaida j\u016bs veikal\u0101 <a href=\"https:\/\/www.vangraaf.com\/lv\/par-mums\/riga\/\">VAN GRAAF R\u012bg\u0101<\/a>!<\/span><\/p>\r\n[\/vc_column_text][\/vc_column][\/vc_row][vc_row][vc_column]<div class=\"vg-element brand-slider brand-slider--light\" data-aos=\"fade-up\"><div class=\"brand-slider__inner\"><div class=\"brand-slider__slider js-brand-slider\"><div class=\"brand-slider__slider__item\"><a href=\"https:\/\/www.vangraaf.com\/lv\/zimoli\/adidas-originals\/\" title=\"adidas Originals\"><img loading=\"lazy\" decoding=\"async\" width=\"1\" height=\"1\" src=\"https:\/\/www.vangraaf.com\/lv\/wp-content\/uploads\/sites\/5\/2020\/03\/Adidas_Logo_grau_OK.svg\" class=\"attachment-full size-full\" alt=\"\" \/><\/a><\/div><div class=\"brand-slider__slider__item\"><a href=\"https:\/\/www.vangraaf.com\/lv\/zimoli\/tommy-hilfiger\/\" title=\"Tommy Hilfiger\"><img loading=\"lazy\" decoding=\"async\" width=\"1\" height=\"1\" src=\"https:\/\/www.vangraaf.com\/lv\/wp-content\/uploads\/sites\/5\/2020\/03\/Tommy_Hilfiger_4c_grau_OK.svg\" class=\"attachment-full size-full\" alt=\"\" \/><\/a><\/div><div class=\"brand-slider__slider__item\"><a href=\"https:\/\/www.vangraaf.com\/lv\/zimoli\/levis\/\" title=\"Levi&#039;s\"><img loading=\"lazy\" decoding=\"async\" width=\"1\" height=\"1\" src=\"https:\/\/www.vangraaf.com\/lv\/wp-content\/uploads\/sites\/5\/2020\/03\/Levis_Logo_grau_OK.svg\" class=\"attachment-full size-full\" alt=\"\" \/><\/a><\/div><div class=\"brand-slider__slider__item\"><a href=\"https:\/\/www.vangraaf.com\/lv\/zimoli\/calvin-klein\/\" title=\"Calvin Klein\"><img loading=\"lazy\" decoding=\"async\" width=\"1\" height=\"1\" src=\"https:\/\/www.vangraaf.com\/lv\/wp-content\/uploads\/sites\/5\/2020\/03\/Calvin-Klein-Logo-grau_OK.svg\" class=\"attachment-full size-full\" alt=\"\" \/><\/a><\/div><div class=\"brand-slider__slider__item\"><a href=\"https:\/\/www.vangraaf.com\/lv\/zimoli\/champion\/\" title=\"Champion\"><img loading=\"lazy\" decoding=\"async\" width=\"1\" height=\"1\" src=\"https:\/\/www.vangraaf.com\/lv\/wp-content\/uploads\/sites\/5\/2020\/03\/Champion_Logo_grau_OK.svg\" class=\"attachment-full size-full\" alt=\"\" \/><\/a><\/div><div class=\"brand-slider__slider__item\"><a href=\"https:\/\/www.vangraaf.com\/lv\/zimoli\/lacoste\/\" title=\"Lacoste\"><img loading=\"lazy\" decoding=\"async\" width=\"1\" height=\"1\" src=\"https:\/\/www.vangraaf.com\/lv\/wp-content\/uploads\/sites\/5\/2020\/03\/Lacoste_Logo_4c_grau_Ausnahme_OK.svg\" class=\"attachment-full size-full\" alt=\"\" \/><\/a><\/div><div class=\"brand-slider__slider__item\"><a href=\"https:\/\/www.vangraaf.com\/lv\/zimoli\/superdry\/\" title=\"Superdry\"><img loading=\"lazy\" decoding=\"async\" width=\"1\" height=\"1\" src=\"https:\/\/www.vangraaf.com\/lv\/wp-content\/uploads\/sites\/5\/2020\/03\/Superdry_Logo_grau_OK.svg\" class=\"attachment-full size-full\" alt=\"\" \/><\/a><\/div><div class=\"brand-slider__slider__item\"><a href=\"https:\/\/www.vangraaf.com\/lv\/zimoli\/fila\/\" title=\"FILA\"><img loading=\"lazy\" decoding=\"async\" width=\"1\" height=\"1\" src=\"https:\/\/www.vangraaf.com\/lv\/wp-content\/uploads\/sites\/5\/2020\/03\/Fila-Logo-grau_OK.svg\" class=\"attachment-full size-full\" alt=\"\" \/><\/a><\/div><div class=\"brand-slider__slider__item\"><a href=\"https:\/\/www.vangraaf.com\/lv\/zimoli\/tom-tailor\/\" title=\"TOM TAILOR\"><img loading=\"lazy\" decoding=\"async\" width=\"1\" height=\"1\" src=\"https:\/\/www.vangraaf.com\/lv\/wp-content\/uploads\/sites\/5\/2020\/03\/Tom_Tailor_Logo_grau_OK.svg\" class=\"attachment-full size-full\" alt=\"\" \/><\/a><\/div><div class=\"brand-slider__slider__item\"><a href=\"https:\/\/www.vangraaf.com\/lv\/zimoli\/alpha-industries\/\" title=\"Alpha Industries\"><img loading=\"lazy\" decoding=\"async\" width=\"1\" height=\"1\" src=\"https:\/\/www.vangraaf.com\/lv\/wp-content\/uploads\/sites\/5\/2020\/03\/Alpha_Industries_Logo_grau_OK.svg\" class=\"attachment-full size-full\" alt=\"\" \/><\/a><\/div><div class=\"brand-slider__slider__item\"><a href=\"https:\/\/www.vangraaf.com\/lv\/zimoli\/g-star\/\" title=\"G-Star RAW\"><img loading=\"lazy\" decoding=\"async\" width=\"1\" height=\"1\" src=\"https:\/\/www.vangraaf.com\/lv\/wp-content\/uploads\/sites\/5\/2020\/03\/G_Star_Logo_grau_OK.svg\" class=\"attachment-full size-full\" alt=\"\" \/><\/a><\/div><div class=\"brand-slider__slider__item\"><a href=\"https:\/\/www.vangraaf.com\/lv\/zimoli\/vila\/\" title=\"VILA\"><img loading=\"lazy\" decoding=\"async\" width=\"1\" height=\"1\" src=\"https:\/\/www.vangraaf.com\/lv\/wp-content\/uploads\/sites\/5\/2020\/03\/Vila_Logo_grau_OK.svg\" class=\"attachment-full size-full\" alt=\"\" \/><\/a><\/div><div class=\"brand-slider__slider__item\"><a href=\"https:\/\/www.vangraaf.com\/lv\/zimoli\/boss\/\" title=\"BOSS\"><img loading=\"lazy\" decoding=\"async\" width=\"1\" height=\"1\" src=\"https:\/\/www.vangraaf.com\/lv\/wp-content\/uploads\/sites\/5\/2020\/03\/Boss_Logo_grau_OK.svg\" class=\"attachment-full size-full\" alt=\"\" \/><\/a><\/div><div class=\"brand-slider__slider__item\"><a href=\"https:\/\/www.vangraaf.com\/lv\/zimoli\/armani-exchange\/\" title=\"Armani Exchange\"><img loading=\"lazy\" decoding=\"async\" width=\"1\" height=\"1\" src=\"https:\/\/www.vangraaf.com\/lv\/wp-content\/uploads\/sites\/5\/2020\/03\/Armani-Exchange-Logo-grau_OK.svg\" class=\"attachment-full size-full\" alt=\"\" \/><\/a><\/div><div class=\"brand-slider__slider__item\"><a href=\"https:\/\/www.vangraaf.com\/lv\/zimoli\/polo-ralph-lauren\/\" title=\"Polo Ralph Lauren\"><img loading=\"lazy\" decoding=\"async\" width=\"1\" height=\"1\" src=\"https:\/\/www.vangraaf.com\/lv\/wp-content\/uploads\/sites\/5\/2020\/03\/Ralph_Lauren_Logo_grau_OK.svg\" class=\"attachment-full size-full\" alt=\"\" \/><\/a><\/div><div class=\"brand-slider__slider__item\"><a href=\"https:\/\/www.vangraaf.com\/lv\/zimoli\/marie-lund\/\" title=\"Marie Lund\"><img loading=\"lazy\" decoding=\"async\" width=\"1\" height=\"1\" src=\"https:\/\/www.vangraaf.com\/lv\/wp-content\/uploads\/sites\/5\/2020\/03\/Marie_Lund_Logo_grau_OK.svg\" class=\"attachment-full size-full\" alt=\"\" \/><\/a><\/div><\/div><\/div><\/div>[\/vc_column][\/vc_row]<\/div>","protected":false},"excerpt":{"rendered":"[vc_row full_width=&#8221;stretch_row_content_no_spaces&#8221;][vc_column][vc_column_text] VILA ap\u0123\u0113rbi &#8211; jaunekl\u012bgs modes z\u012bmols, kas gadu gait\u0101 ir iemantojis uztic\u012bbu no daudz\u0101m sieviet\u0113m, kuras m\u012bl modi un priec\u0101jas par zem\u0101m cen\u0101m. Z\u012bmola izsmalcin\u0101t\u0101s kolekcijas iepriecina ar romantisku, rota\u013c\u012bgu skandin\u0101vu izskatu. Ieg\u0101d\u0101jieties sievie\u0161u modes preces no t\u0101lajiem zieme\u013ciem tepat Latvij\u0101 \u2013 veikal\u0101 VAN GRAAF R\u012bg\u0101! [\/vc_column_text][\/vc_column][\/vc_row][vc_row][vc_column][vc_column_text]VILA modes ap\u0123\u0113rbu z\u012bmols tika izveidots 1994. [&hellip;]","protected":false},"author":3,"featured_media":0,"parent":3938,"menu_order":0,"comment_status":"closed","ping_status":"closed","template":"","meta":{"_acf_changed":false,"inline_featured_image":false,"footnotes":""},"class_list":["post-4623","page","type-page","status-publish","hentry"],"acf":[],"yoast_head":"<!-- This site is optimized with the Yoast SEO plugin v27.2 - https:\/\/yoast.com\/product\/yoast-seo-wordpress\/ -->\n<title>Skandin\u0101vu modes preces sieviet\u0113m no VILA R\u012bg\u0101<\/title>\n<meta name=\"description\" content=\"Stil\u012bgi VILA ap\u0123\u0113rbi, modes preces sieviet\u0113m par sapr\u0101t\u012bgu cenu popul\u0101raj\u0101 &quot;skandin\u0101vu stil\u0101&quot;. Ieg\u0101d\u0101jieties VILA modes preces sieviet\u0113m veikal\u0101 VAN GRAAF R\u012bg\u0101!\" \/>\n<meta name=\"robots\" content=\"index, follow, max-snippet:-1, max-image-preview:large, max-video-preview:-1\" \/>\n<link rel=\"canonical\" href=\"https:\/\/www.vangraaf.com\/lv\/zimoli\/vila\/\" \/>\n<meta property=\"og:locale\" content=\"lv_LV\" \/>\n<meta property=\"og:type\" content=\"article\" \/>\n<meta property=\"og:title\" content=\"Skandin\u0101vu modes preces sieviet\u0113m no VILA R\u012bg\u0101\" \/>\n<meta property=\"og:description\" content=\"Stil\u012bgi VILA ap\u0123\u0113rbi, modes preces sieviet\u0113m par sapr\u0101t\u012bgu cenu popul\u0101raj\u0101 &quot;skandin\u0101vu stil\u0101&quot;. Ieg\u0101d\u0101jieties VILA modes preces sieviet\u0113m veikal\u0101 VAN GRAAF R\u012bg\u0101!\" \/>\n<meta property=\"og:url\" content=\"https:\/\/www.vangraaf.com\/lv\/zimoli\/vila\/\" \/>\n<meta property=\"og:site_name\" content=\"VAN GRAAF Latvija\" \/>\n<meta property=\"article:modified_time\" content=\"2020-09-15T10:55:25+00:00\" \/>\n<meta name=\"twitter:card\" content=\"summary_large_image\" \/>\n<meta name=\"twitter:label1\" content=\"Est. reading time\" \/>\n\t<meta name=\"twitter:data1\" content=\"3 min\u016btes\" \/>\n<script type=\"application\/ld+json\" class=\"yoast-schema-graph\">{\"@context\":\"https:\/\/schema.org\",\"@graph\":[{\"@type\":\"WebPage\",\"@id\":\"https:\/\/www.vangraaf.com\/lv\/zimoli\/vila\/\",\"url\":\"https:\/\/www.vangraaf.com\/lv\/zimoli\/vila\/\",\"name\":\"Skandin\u0101vu modes preces sieviet\u0113m no VILA R\u012bg\u0101\",\"isPartOf\":{\"@id\":\"https:\/\/www.vangraaf.com\/lv\/#website\"},\"datePublished\":\"2020-03-12T12:55:54+00:00\",\"dateModified\":\"2020-09-15T10:55:25+00:00\",\"description\":\"Stil\u012bgi VILA ap\u0123\u0113rbi, modes preces sieviet\u0113m par sapr\u0101t\u012bgu cenu popul\u0101raj\u0101 \\\"skandin\u0101vu stil\u0101\\\". Ieg\u0101d\u0101jieties VILA modes preces sieviet\u0113m veikal\u0101 VAN GRAAF R\u012bg\u0101!\",\"breadcrumb\":{\"@id\":\"https:\/\/www.vangraaf.com\/lv\/zimoli\/vila\/#breadcrumb\"},\"inLanguage\":\"lv-LV\",\"potentialAction\":[{\"@type\":\"ReadAction\",\"target\":[\"https:\/\/www.vangraaf.com\/lv\/zimoli\/vila\/\"]}]},{\"@type\":\"BreadcrumbList\",\"@id\":\"https:\/\/www.vangraaf.com\/lv\/zimoli\/vila\/#breadcrumb\",\"itemListElement\":[{\"@type\":\"ListItem\",\"position\":1,\"name\":\"Home\",\"item\":\"https:\/\/www.vangraaf.com\/lv\/\"},{\"@type\":\"ListItem\",\"position\":2,\"name\":\"Marken\",\"item\":\"https:\/\/www.vangraaf.com\/lv\/zimoli\/\"},{\"@type\":\"ListItem\",\"position\":3,\"name\":\"Vila\"}]},{\"@type\":\"WebSite\",\"@id\":\"https:\/\/www.vangraaf.com\/lv\/#website\",\"url\":\"https:\/\/www.vangraaf.com\/lv\/\",\"name\":\"VAN GRAAF\",\"description\":\"VAN GRAAF\",\"potentialAction\":[{\"@type\":\"SearchAction\",\"target\":{\"@type\":\"EntryPoint\",\"urlTemplate\":\"https:\/\/www.vangraaf.com\/lv\/?s={search_term_string}\"},\"query-input\":{\"@type\":\"PropertyValueSpecification\",\"valueRequired\":true,\"valueName\":\"search_term_string\"}}],\"inLanguage\":\"lv-LV\"}]}<\/script>\n<!-- \/ Yoast SEO plugin. -->","yoast_head_json":{"title":"Skandin\u0101vu modes preces sieviet\u0113m no VILA R\u012bg\u0101","description":"Stil\u012bgi VILA ap\u0123\u0113rbi, modes preces sieviet\u0113m par sapr\u0101t\u012bgu cenu popul\u0101raj\u0101 \"skandin\u0101vu stil\u0101\". Ieg\u0101d\u0101jieties VILA modes preces sieviet\u0113m veikal\u0101 VAN GRAAF R\u012bg\u0101!","robots":{"index":"index","follow":"follow","max-snippet":"max-snippet:-1","max-image-preview":"max-image-preview:large","max-video-preview":"max-video-preview:-1"},"canonical":"https:\/\/www.vangraaf.com\/lv\/zimoli\/vila\/","og_locale":"lv_LV","og_type":"article","og_title":"Skandin\u0101vu modes preces sieviet\u0113m no VILA R\u012bg\u0101","og_description":"Stil\u012bgi VILA ap\u0123\u0113rbi, modes preces sieviet\u0113m par sapr\u0101t\u012bgu cenu popul\u0101raj\u0101 \"skandin\u0101vu stil\u0101\". Ieg\u0101d\u0101jieties VILA modes preces sieviet\u0113m veikal\u0101 VAN GRAAF R\u012bg\u0101!","og_url":"https:\/\/www.vangraaf.com\/lv\/zimoli\/vila\/","og_site_name":"VAN GRAAF Latvija","article_modified_time":"2020-09-15T10:55:25+00:00","twitter_card":"summary_large_image","twitter_misc":{"Est. reading time":"3 min\u016btes"},"schema":{"@context":"https:\/\/schema.org","@graph":[{"@type":"WebPage","@id":"https:\/\/www.vangraaf.com\/lv\/zimoli\/vila\/","url":"https:\/\/www.vangraaf.com\/lv\/zimoli\/vila\/","name":"Skandin\u0101vu modes preces sieviet\u0113m no VILA R\u012bg\u0101","isPartOf":{"@id":"https:\/\/www.vangraaf.com\/lv\/#website"},"datePublished":"2020-03-12T12:55:54+00:00","dateModified":"2020-09-15T10:55:25+00:00","description":"Stil\u012bgi VILA ap\u0123\u0113rbi, modes preces sieviet\u0113m par sapr\u0101t\u012bgu cenu popul\u0101raj\u0101 \"skandin\u0101vu stil\u0101\". Ieg\u0101d\u0101jieties VILA modes preces sieviet\u0113m veikal\u0101 VAN GRAAF R\u012bg\u0101!","breadcrumb":{"@id":"https:\/\/www.vangraaf.com\/lv\/zimoli\/vila\/#breadcrumb"},"inLanguage":"lv-LV","potentialAction":[{"@type":"ReadAction","target":["https:\/\/www.vangraaf.com\/lv\/zimoli\/vila\/"]}]},{"@type":"BreadcrumbList","@id":"https:\/\/www.vangraaf.com\/lv\/zimoli\/vila\/#breadcrumb","itemListElement":[{"@type":"ListItem","position":1,"name":"Home","item":"https:\/\/www.vangraaf.com\/lv\/"},{"@type":"ListItem","position":2,"name":"Marken","item":"https:\/\/www.vangraaf.com\/lv\/zimoli\/"},{"@type":"ListItem","position":3,"name":"Vila"}]},{"@type":"WebSite","@id":"https:\/\/www.vangraaf.com\/lv\/#website","url":"https:\/\/www.vangraaf.com\/lv\/","name":"VAN GRAAF","description":"VAN GRAAF","potentialAction":[{"@type":"SearchAction","target":{"@type":"EntryPoint","urlTemplate":"https:\/\/www.vangraaf.com\/lv\/?s={search_term_string}"},"query-input":{"@type":"PropertyValueSpecification","valueRequired":true,"valueName":"search_term_string"}}],"inLanguage":"lv-LV"}]}},"_links":{"self":[{"href":"https:\/\/www.vangraaf.com\/lv\/wp-json\/wp\/v2\/pages\/4623","targetHints":{"allow":["GET"]}}],"collection":[{"href":"https:\/\/www.vangraaf.com\/lv\/wp-json\/wp\/v2\/pages"}],"about":[{"href":"https:\/\/www.vangraaf.com\/lv\/wp-json\/wp\/v2\/types\/page"}],"author":[{"embeddable":true,"href":"https:\/\/www.vangraaf.com\/lv\/wp-json\/wp\/v2\/users\/3"}],"replies":[{"embeddable":true,"href":"https:\/\/www.vangraaf.com\/lv\/wp-json\/wp\/v2\/comments?post=4623"}],"version-history":[{"count":5,"href":"https:\/\/www.vangraaf.com\/lv\/wp-json\/wp\/v2\/pages\/4623\/revisions"}],"predecessor-version":[{"id":5027,"href":"https:\/\/www.vangraaf.com\/lv\/wp-json\/wp\/v2\/pages\/4623\/revisions\/5027"}],"up":[{"embeddable":true,"href":"https:\/\/www.vangraaf.com\/lv\/wp-json\/wp\/v2\/pages\/3938"}],"wp:attachment":[{"href":"https:\/\/www.vangraaf.com\/lv\/wp-json\/wp\/v2\/media?parent=4623"}],"curies":[{"name":"wp","href":"https:\/\/api.w.org\/{rel}","templated":true}]}}