{"id":4622,"date":"2020-03-12T13:50:19","date_gmt":"2020-03-12T12:50:19","guid":{"rendered":"http:\/\/van-graaf.test\/ch\/?page_id=3639"},"modified":"2022-05-03T12:40:59","modified_gmt":"2022-05-03T10:40:59","slug":"tom-tailor","status":"publish","type":"page","link":"https:\/\/www.vangraaf.com\/lv\/zimoli\/tom-tailor\/","title":{"rendered":"Tom Tailor"},"content":{"rendered":"<div class=\"wpb-content-wrapper\">[vc_row full_width=&#8221;stretch_row_content_no_spaces&#8221;][vc_column]<div class=\"keyvisual\" data-aos=\"fade-up\" ><img loading=\"lazy\" decoding=\"async\" width=\"1440\" height=\"480\" src=\"https:\/\/www.vangraaf.com\/lv\/wp-content\/uploads\/sites\/5\/2020\/09\/Logo_TomTailorDenim.jpg\" class=\"vc_single_image-img\" alt=\"\" srcset=\"https:\/\/www.vangraaf.com\/lv\/wp-content\/uploads\/sites\/5\/2020\/09\/Logo_TomTailorDenim.jpg 1440w, https:\/\/www.vangraaf.com\/lv\/wp-content\/uploads\/sites\/5\/2020\/09\/Logo_TomTailorDenim-300x100.jpg 300w, https:\/\/www.vangraaf.com\/lv\/wp-content\/uploads\/sites\/5\/2020\/09\/Logo_TomTailorDenim-1024x341.jpg 1024w, https:\/\/www.vangraaf.com\/lv\/wp-content\/uploads\/sites\/5\/2020\/09\/Logo_TomTailorDenim-768x256.jpg 768w, https:\/\/www.vangraaf.com\/lv\/wp-content\/uploads\/sites\/5\/2020\/09\/Logo_TomTailorDenim-1200x400.jpg 1200w, https:\/\/www.vangraaf.com\/lv\/wp-content\/uploads\/sites\/5\/2020\/09\/Logo_TomTailorDenim-992x331.jpg 992w, https:\/\/www.vangraaf.com\/lv\/wp-content\/uploads\/sites\/5\/2020\/09\/Logo_TomTailorDenim-480x160.jpg 480w\" sizes=\"(max-width: 1440px) 100vw, 1440px\" \/><\/div>\n        <div class=\"headlines headlines--center\" data-aos=\"fade-up\">\n            <div class=\"vc_row\">\n                <div class=\"vc_col-md-10 vc_col-md-offset-1 vc_col-lg-10 vc_col-lg-offset-1\"><span class=\"h6\">TOM TAILOR<\/span><h1 class=\"h2\">TOM TAILOR modes preces sieviet\u0113m un v\u012brie\u0161iem veikal\u0101 VAN GRAAF R\u012bg\u0101<\/h1><\/div>\n            <\/div>\n        <\/div>[vc_column_text]\r\n<p style=\"text-align: center\">Mode sieviet\u0113m un v\u012brie\u0161iem R\u012bg\u0101 ar j\u016brnieku sveicienu no V\u0101cijas zieme\u013ciem: iepaz\u012bstiet TOM TAILOR Denim kl\u0101stu no TOM TAILOR z\u012bmola Hamburg\u0101-N\u012bndorf\u0101, ko raksturo <strong>dabisks Hanzas j\u016brnieku izskats<\/strong>. Jaunais z\u012bmols koncentr\u0113jas uz <strong>tendenc\u0113m d\u017einsu ap\u0123\u0113rba jom\u0101<\/strong>: daudz da\u017e\u0101du dizainu d\u017einsi apvienojum\u0101 ar viegliem kokvilnas topiem, sv\u012btrainiem krekliem ar j\u016bras mot\u012bvu, ikdienas ad\u012bjumiem vai ielas stila ap\u0123\u0113rbu. Veikal\u0101 VAN GRAAF tirdzniec\u012bbas centr\u0101 Akropole R\u012bg\u0101 pla\u0161\u0101 izv\u0113l\u0113 pieejams ikdienas ap\u0123\u0113rbs no TOM TAILOR Denim sieviet\u0113m un v\u012brie\u0161iem.<\/p>\r\n[\/vc_column_text][\/vc_column][\/vc_row][vc_row bwd_tbc4vd_show_weekday=&#8221;&#8221; full_width=&#8221;stretch_row_content_no_spaces&#8221;][vc_column]\n            <div class=\"vg-element topic-slider topic-slider--left topic-slider--dark\" style=\"--season-color-1: #ededed; --season-color-2: #002045\" data-aos=\"fade-up\">\n                <div class=\"topic-slider__inner\">\n                    <div class=\"content_wrap\">\n                        <div class=\"vc_row\">\n                            <div class=\"vc_col-md-12 vc_col-lg-10 vc_col-lg-offset-1\">\n                                <div class=\"vc_row\">\n                                    <div class=\"vc_col-sm-6\"><div class=\"topic-slider__image-wrap\"><div class=\"topic-slider__slider-wrap\"><div class=\"js-topic-slider\"><div class=\"topic-slider__slider__item\"><\/div><div class=\"topic-slider__slider__item\"><img loading=\"lazy\" decoding=\"async\" width=\"427\" height=\"639\" src=\"https:\/\/www.vangraaf.com\/lv\/wp-content\/uploads\/sites\/5\/2022\/05\/Denim-Tom-Ta_spring_summer_2022_original_TTD_A3_Portrait_mLogo_Digital_204_TOM_TAILOR_NOV_2021_LE_BERG_BERLIN_STUPID_STUDIOS_DARKROOM_PRINT_29_F39_v1.jpg\" class=\"vc_single_image-img attachment-full\" alt=\"\" title=\"Denim-Tom-Ta_spring_summer_2022_original_TTD_A3_Portrait_mLogo_Digital_204_TOM_TAILOR_NOV_2021_LE_BERG_BERLIN_STUPID_STUDIOS_DARKROOM_PRINT_29_F39_v1\" srcset=\"https:\/\/www.vangraaf.com\/lv\/wp-content\/uploads\/sites\/5\/2022\/05\/Denim-Tom-Ta_spring_summer_2022_original_TTD_A3_Portrait_mLogo_Digital_204_TOM_TAILOR_NOV_2021_LE_BERG_BERLIN_STUPID_STUDIOS_DARKROOM_PRINT_29_F39_v1.jpg 427w, https:\/\/www.vangraaf.com\/lv\/wp-content\/uploads\/sites\/5\/2022\/05\/Denim-Tom-Ta_spring_summer_2022_original_TTD_A3_Portrait_mLogo_Digital_204_TOM_TAILOR_NOV_2021_LE_BERG_BERLIN_STUPID_STUDIOS_DARKROOM_PRINT_29_F39_v1-200x300.jpg 200w\" sizes=\"(max-width: 427px) 100vw, 427px\" \/><\/div><div class=\"topic-slider__slider__item\"><img loading=\"lazy\" decoding=\"async\" width=\"427\" height=\"639\" src=\"https:\/\/www.vangraaf.com\/lv\/wp-content\/uploads\/sites\/5\/2022\/05\/Denim-Tom-Ta_spring_summer_2022_original_TTD_A3_Portrait_mLogo_Digital_204_TOM_TAILOR_NOV_2021_LE_BERG_BERLIN_STUPID_STUDIOS_DARKROOM_PRINT_38_F39_v2.jpg\" class=\"vc_single_image-img attachment-full\" alt=\"\" title=\"Denim-Tom-Ta_spring_summer_2022_original_TTD_A3_Portrait_mLogo_Digital_204_TOM_TAILOR_NOV_2021_LE_BERG_BERLIN_STUPID_STUDIOS_DARKROOM_PRINT_38_F39_v2\" srcset=\"https:\/\/www.vangraaf.com\/lv\/wp-content\/uploads\/sites\/5\/2022\/05\/Denim-Tom-Ta_spring_summer_2022_original_TTD_A3_Portrait_mLogo_Digital_204_TOM_TAILOR_NOV_2021_LE_BERG_BERLIN_STUPID_STUDIOS_DARKROOM_PRINT_38_F39_v2.jpg 427w, https:\/\/www.vangraaf.com\/lv\/wp-content\/uploads\/sites\/5\/2022\/05\/Denim-Tom-Ta_spring_summer_2022_original_TTD_A3_Portrait_mLogo_Digital_204_TOM_TAILOR_NOV_2021_LE_BERG_BERLIN_STUPID_STUDIOS_DARKROOM_PRINT_38_F39_v2-200x300.jpg 200w\" sizes=\"(max-width: 427px) 100vw, 427px\" \/><\/div><\/div><\/div><\/div><\/div><div class=\"vc_col-sm-6 vc_col-md-5 vc_col-md-offset-1\"><div class=\"topic-slider__content\"><span class=\"h4\">TOM TAILOR Denim R\u012bg\u0101 - sievie\u0161u un v\u012brie\u0161u ap\u0123\u0113rbi vis\u0101m sezon\u0101m<\/span><p>Veikal\u0101 TOM TAILOR Denim atrad\u012bsiet <strong>visu par un ap d\u017einsiem<\/strong>: daudzpus\u012bg\u0101 klasika ir z\u012bmola kolekciju pamat\u0101 un pied\u0101v\u0101 <strong>viegli kombin\u0113jamus ap\u0123\u0113rbus<\/strong>. Gais\u012bgi puloveri, vienk\u0101r\u0161i topi ar gar\u0101m piedurkn\u0113m, jakas vai kleitas ar iem\u012b\u013cot\u0101m uzdruk\u0101m veido nepiespiestu d\u017einsu stilu, ko var valk\u0101t daudz\u0101s kombin\u0101cij\u0101s visa gada garum\u0101. Ap\u0123\u0113rbs, kas atst\u0101j iespaidu, jaun\u0101ko tenden\u010du kr\u0101s\u0101s, rota\u013c\u012bgs vai klasisks stils un izsmalcin\u0101ti materi\u0101li &#8211; tas viss j\u016bsu iecien\u012btajos d\u017einsos no TOM TAILOR Denim. M\u016bsu modes ekspertu komanda R\u012bgas veikal\u0101 sniegs stila padomus, pal\u012bdzot jums nokomplekt\u0113t sap\u0146u ap\u0123\u0113rbu no TOM TAILOR Denim.<\/p>\n<\/div><\/div>\n                                <\/div>\n                            <\/div>\n                        <\/div>\n                    <\/div>\n                <\/div>\n            <\/div>[\/vc_column][\/vc_row][vc_row][vc_column]<div class=\"vg-element brand-slider brand-slider--light\" data-aos=\"fade-up\"><div class=\"brand-slider__inner\"><div class=\"brand-slider__slider js-brand-slider\"><div class=\"brand-slider__slider__item\"><a href=\"https:\/\/www.vangraaf.com\/lv\/zimoli\/adidas-originals\/\" title=\"adidas Originals\"><img loading=\"lazy\" decoding=\"async\" width=\"1\" height=\"1\" src=\"https:\/\/www.vangraaf.com\/lv\/wp-content\/uploads\/sites\/5\/2020\/03\/Adidas_Logo_grau_OK.svg\" class=\"attachment-full size-full\" alt=\"\" \/><\/a><\/div><div class=\"brand-slider__slider__item\"><a href=\"https:\/\/www.vangraaf.com\/lv\/zimoli\/tommy-hilfiger\/\" title=\"Tommy Hilfiger\"><img loading=\"lazy\" decoding=\"async\" width=\"1\" height=\"1\" src=\"https:\/\/www.vangraaf.com\/lv\/wp-content\/uploads\/sites\/5\/2020\/03\/Tommy_Hilfiger_4c_grau_OK.svg\" class=\"attachment-full size-full\" alt=\"\" \/><\/a><\/div><div class=\"brand-slider__slider__item\"><a href=\"https:\/\/www.vangraaf.com\/lv\/zimoli\/levis\/\" title=\"Levi&#039;s\"><img loading=\"lazy\" decoding=\"async\" width=\"1\" height=\"1\" src=\"https:\/\/www.vangraaf.com\/lv\/wp-content\/uploads\/sites\/5\/2020\/03\/Levis_Logo_grau_OK.svg\" class=\"attachment-full size-full\" alt=\"\" \/><\/a><\/div><div class=\"brand-slider__slider__item\"><a href=\"https:\/\/www.vangraaf.com\/lv\/zimoli\/calvin-klein\/\" title=\"Calvin Klein\"><img loading=\"lazy\" decoding=\"async\" width=\"1\" height=\"1\" src=\"https:\/\/www.vangraaf.com\/lv\/wp-content\/uploads\/sites\/5\/2020\/03\/Calvin-Klein-Logo-grau_OK.svg\" class=\"attachment-full size-full\" alt=\"\" \/><\/a><\/div><div class=\"brand-slider__slider__item\"><a href=\"https:\/\/www.vangraaf.com\/lv\/zimoli\/champion\/\" title=\"Champion\"><img loading=\"lazy\" decoding=\"async\" width=\"1\" height=\"1\" src=\"https:\/\/www.vangraaf.com\/lv\/wp-content\/uploads\/sites\/5\/2020\/03\/Champion_Logo_grau_OK.svg\" class=\"attachment-full size-full\" alt=\"\" \/><\/a><\/div><div class=\"brand-slider__slider__item\"><a href=\"https:\/\/www.vangraaf.com\/lv\/zimoli\/lacoste\/\" title=\"Lacoste\"><img loading=\"lazy\" decoding=\"async\" width=\"1\" height=\"1\" src=\"https:\/\/www.vangraaf.com\/lv\/wp-content\/uploads\/sites\/5\/2020\/03\/Lacoste_Logo_4c_grau_Ausnahme_OK.svg\" class=\"attachment-full size-full\" alt=\"\" \/><\/a><\/div><div class=\"brand-slider__slider__item\"><a href=\"https:\/\/www.vangraaf.com\/lv\/zimoli\/superdry\/\" title=\"Superdry\"><img loading=\"lazy\" decoding=\"async\" width=\"1\" height=\"1\" src=\"https:\/\/www.vangraaf.com\/lv\/wp-content\/uploads\/sites\/5\/2020\/03\/Superdry_Logo_grau_OK.svg\" class=\"attachment-full size-full\" alt=\"\" \/><\/a><\/div><div class=\"brand-slider__slider__item\"><a href=\"https:\/\/www.vangraaf.com\/lv\/zimoli\/fila\/\" title=\"FILA\"><img loading=\"lazy\" decoding=\"async\" width=\"1\" height=\"1\" src=\"https:\/\/www.vangraaf.com\/lv\/wp-content\/uploads\/sites\/5\/2020\/03\/Fila-Logo-grau_OK.svg\" class=\"attachment-full size-full\" alt=\"\" \/><\/a><\/div><div class=\"brand-slider__slider__item\"><a href=\"https:\/\/www.vangraaf.com\/lv\/zimoli\/tom-tailor\/\" title=\"TOM TAILOR\"><img loading=\"lazy\" decoding=\"async\" width=\"1\" height=\"1\" src=\"https:\/\/www.vangraaf.com\/lv\/wp-content\/uploads\/sites\/5\/2020\/03\/Tom_Tailor_Logo_grau_OK.svg\" class=\"attachment-full size-full\" alt=\"\" \/><\/a><\/div><div class=\"brand-slider__slider__item\"><a href=\"https:\/\/www.vangraaf.com\/lv\/zimoli\/alpha-industries\/\" title=\"Alpha Industries\"><img loading=\"lazy\" decoding=\"async\" width=\"1\" height=\"1\" src=\"https:\/\/www.vangraaf.com\/lv\/wp-content\/uploads\/sites\/5\/2020\/03\/Alpha_Industries_Logo_grau_OK.svg\" class=\"attachment-full size-full\" alt=\"\" \/><\/a><\/div><div class=\"brand-slider__slider__item\"><a href=\"https:\/\/www.vangraaf.com\/lv\/zimoli\/g-star\/\" title=\"G-Star RAW\"><img loading=\"lazy\" decoding=\"async\" width=\"1\" height=\"1\" src=\"https:\/\/www.vangraaf.com\/lv\/wp-content\/uploads\/sites\/5\/2020\/03\/G_Star_Logo_grau_OK.svg\" class=\"attachment-full size-full\" alt=\"\" \/><\/a><\/div><div class=\"brand-slider__slider__item\"><a href=\"https:\/\/www.vangraaf.com\/lv\/zimoli\/vila\/\" title=\"VILA\"><img loading=\"lazy\" decoding=\"async\" width=\"1\" height=\"1\" src=\"https:\/\/www.vangraaf.com\/lv\/wp-content\/uploads\/sites\/5\/2020\/03\/Vila_Logo_grau_OK.svg\" class=\"attachment-full size-full\" alt=\"\" \/><\/a><\/div><div class=\"brand-slider__slider__item\"><a href=\"https:\/\/www.vangraaf.com\/lv\/zimoli\/boss\/\" title=\"BOSS\"><img loading=\"lazy\" decoding=\"async\" width=\"1\" height=\"1\" src=\"https:\/\/www.vangraaf.com\/lv\/wp-content\/uploads\/sites\/5\/2020\/03\/Boss_Logo_grau_OK.svg\" class=\"attachment-full size-full\" alt=\"\" \/><\/a><\/div><div class=\"brand-slider__slider__item\"><a href=\"https:\/\/www.vangraaf.com\/lv\/zimoli\/armani-exchange\/\" title=\"Armani Exchange\"><img loading=\"lazy\" decoding=\"async\" width=\"1\" height=\"1\" src=\"https:\/\/www.vangraaf.com\/lv\/wp-content\/uploads\/sites\/5\/2020\/03\/Armani-Exchange-Logo-grau_OK.svg\" class=\"attachment-full size-full\" alt=\"\" \/><\/a><\/div><div class=\"brand-slider__slider__item\"><a href=\"https:\/\/www.vangraaf.com\/lv\/zimoli\/polo-ralph-lauren\/\" title=\"Polo Ralph Lauren\"><img loading=\"lazy\" decoding=\"async\" width=\"1\" height=\"1\" src=\"https:\/\/www.vangraaf.com\/lv\/wp-content\/uploads\/sites\/5\/2020\/03\/Ralph_Lauren_Logo_grau_OK.svg\" class=\"attachment-full size-full\" alt=\"\" \/><\/a><\/div><div class=\"brand-slider__slider__item\"><a href=\"https:\/\/www.vangraaf.com\/lv\/zimoli\/marie-lund\/\" title=\"Marie Lund\"><img loading=\"lazy\" decoding=\"async\" width=\"1\" height=\"1\" src=\"https:\/\/www.vangraaf.com\/lv\/wp-content\/uploads\/sites\/5\/2020\/03\/Marie_Lund_Logo_grau_OK.svg\" class=\"attachment-full size-full\" alt=\"\" \/><\/a><\/div><\/div><\/div><\/div>[\/vc_column][\/vc_row]<\/div>","protected":false},"excerpt":{"rendered":"[vc_row full_width=&#8221;stretch_row_content_no_spaces&#8221;][vc_column][vc_column_text] Mode sieviet\u0113m un v\u012brie\u0161iem R\u012bg\u0101 ar j\u016brnieku sveicienu no V\u0101cijas zieme\u013ciem: iepaz\u012bstiet TOM TAILOR Denim kl\u0101stu no TOM TAILOR z\u012bmola Hamburg\u0101-N\u012bndorf\u0101, ko raksturo dabisks Hanzas j\u016brnieku izskats. Jaunais z\u012bmols koncentr\u0113jas uz tendenc\u0113m d\u017einsu ap\u0123\u0113rba jom\u0101: daudz da\u017e\u0101du dizainu d\u017einsi apvienojum\u0101 ar viegliem kokvilnas topiem, sv\u012btrainiem krekliem ar j\u016bras mot\u012bvu, ikdienas ad\u012bjumiem vai ielas [&hellip;]","protected":false},"author":3,"featured_media":0,"parent":3938,"menu_order":0,"comment_status":"closed","ping_status":"closed","template":"","meta":{"_acf_changed":false,"inline_featured_image":false,"footnotes":""},"class_list":["post-4622","page","type-page","status-publish","hentry"],"acf":[],"yoast_head":"<!-- This site is optimized with the Yoast SEO plugin v27.2 - https:\/\/yoast.com\/product\/yoast-seo-wordpress\/ -->\n<title>TOM TAILOR Denim mode sieviet\u0113m un v\u012brie\u0161iem R\u012bg\u0101<\/title>\n<meta name=\"description\" content=\"Hanzas saj\u016bta j\u016bsu garderob\u0113: ieg\u0101d\u0101jieties pla\u0161a kl\u0101sta TOM TAILOR Denim modes preces sieviet\u0113m un v\u012brie\u0161iem veikal\u0101 VAN GRAAF R\u012bg\u0101.\" \/>\n<meta name=\"robots\" content=\"index, follow, max-snippet:-1, max-image-preview:large, max-video-preview:-1\" \/>\n<link rel=\"canonical\" href=\"https:\/\/www.vangraaf.com\/lv\/zimoli\/tom-tailor\/\" \/>\n<meta property=\"og:locale\" content=\"lv_LV\" \/>\n<meta property=\"og:type\" content=\"article\" \/>\n<meta property=\"og:title\" content=\"TOM TAILOR Denim mode sieviet\u0113m un v\u012brie\u0161iem R\u012bg\u0101\" \/>\n<meta property=\"og:description\" content=\"Hanzas saj\u016bta j\u016bsu garderob\u0113: ieg\u0101d\u0101jieties pla\u0161a kl\u0101sta TOM TAILOR Denim modes preces sieviet\u0113m un v\u012brie\u0161iem veikal\u0101 VAN GRAAF R\u012bg\u0101.\" \/>\n<meta property=\"og:url\" content=\"https:\/\/www.vangraaf.com\/lv\/zimoli\/tom-tailor\/\" \/>\n<meta property=\"og:site_name\" content=\"VAN GRAAF Latvija\" \/>\n<meta property=\"article:modified_time\" content=\"2022-05-03T10:40:59+00:00\" \/>\n<meta name=\"twitter:card\" content=\"summary_large_image\" \/>\n<meta name=\"twitter:label1\" content=\"Est. reading time\" \/>\n\t<meta name=\"twitter:data1\" content=\"2 min\u016btes\" \/>\n<script type=\"application\/ld+json\" class=\"yoast-schema-graph\">{\"@context\":\"https:\/\/schema.org\",\"@graph\":[{\"@type\":\"WebPage\",\"@id\":\"https:\/\/www.vangraaf.com\/lv\/zimoli\/tom-tailor\/\",\"url\":\"https:\/\/www.vangraaf.com\/lv\/zimoli\/tom-tailor\/\",\"name\":\"TOM TAILOR Denim mode sieviet\u0113m un v\u012brie\u0161iem R\u012bg\u0101\",\"isPartOf\":{\"@id\":\"https:\/\/www.vangraaf.com\/lv\/#website\"},\"datePublished\":\"2020-03-12T12:50:19+00:00\",\"dateModified\":\"2022-05-03T10:40:59+00:00\",\"description\":\"Hanzas saj\u016bta j\u016bsu garderob\u0113: ieg\u0101d\u0101jieties pla\u0161a kl\u0101sta TOM TAILOR Denim modes preces sieviet\u0113m un v\u012brie\u0161iem veikal\u0101 VAN GRAAF R\u012bg\u0101.\",\"breadcrumb\":{\"@id\":\"https:\/\/www.vangraaf.com\/lv\/zimoli\/tom-tailor\/#breadcrumb\"},\"inLanguage\":\"lv-LV\",\"potentialAction\":[{\"@type\":\"ReadAction\",\"target\":[\"https:\/\/www.vangraaf.com\/lv\/zimoli\/tom-tailor\/\"]}]},{\"@type\":\"BreadcrumbList\",\"@id\":\"https:\/\/www.vangraaf.com\/lv\/zimoli\/tom-tailor\/#breadcrumb\",\"itemListElement\":[{\"@type\":\"ListItem\",\"position\":1,\"name\":\"Home\",\"item\":\"https:\/\/www.vangraaf.com\/lv\/\"},{\"@type\":\"ListItem\",\"position\":2,\"name\":\"Marken\",\"item\":\"https:\/\/www.vangraaf.com\/lv\/zimoli\/\"},{\"@type\":\"ListItem\",\"position\":3,\"name\":\"Tom Tailor\"}]},{\"@type\":\"WebSite\",\"@id\":\"https:\/\/www.vangraaf.com\/lv\/#website\",\"url\":\"https:\/\/www.vangraaf.com\/lv\/\",\"name\":\"VAN GRAAF\",\"description\":\"VAN GRAAF\",\"potentialAction\":[{\"@type\":\"SearchAction\",\"target\":{\"@type\":\"EntryPoint\",\"urlTemplate\":\"https:\/\/www.vangraaf.com\/lv\/?s={search_term_string}\"},\"query-input\":{\"@type\":\"PropertyValueSpecification\",\"valueRequired\":true,\"valueName\":\"search_term_string\"}}],\"inLanguage\":\"lv-LV\"}]}<\/script>\n<!-- \/ Yoast SEO plugin. -->","yoast_head_json":{"title":"TOM TAILOR Denim mode sieviet\u0113m un v\u012brie\u0161iem R\u012bg\u0101","description":"Hanzas saj\u016bta j\u016bsu garderob\u0113: ieg\u0101d\u0101jieties pla\u0161a kl\u0101sta TOM TAILOR Denim modes preces sieviet\u0113m un v\u012brie\u0161iem veikal\u0101 VAN GRAAF R\u012bg\u0101.","robots":{"index":"index","follow":"follow","max-snippet":"max-snippet:-1","max-image-preview":"max-image-preview:large","max-video-preview":"max-video-preview:-1"},"canonical":"https:\/\/www.vangraaf.com\/lv\/zimoli\/tom-tailor\/","og_locale":"lv_LV","og_type":"article","og_title":"TOM TAILOR Denim mode sieviet\u0113m un v\u012brie\u0161iem R\u012bg\u0101","og_description":"Hanzas saj\u016bta j\u016bsu garderob\u0113: ieg\u0101d\u0101jieties pla\u0161a kl\u0101sta TOM TAILOR Denim modes preces sieviet\u0113m un v\u012brie\u0161iem veikal\u0101 VAN GRAAF R\u012bg\u0101.","og_url":"https:\/\/www.vangraaf.com\/lv\/zimoli\/tom-tailor\/","og_site_name":"VAN GRAAF Latvija","article_modified_time":"2022-05-03T10:40:59+00:00","twitter_card":"summary_large_image","twitter_misc":{"Est. reading time":"2 min\u016btes"},"schema":{"@context":"https:\/\/schema.org","@graph":[{"@type":"WebPage","@id":"https:\/\/www.vangraaf.com\/lv\/zimoli\/tom-tailor\/","url":"https:\/\/www.vangraaf.com\/lv\/zimoli\/tom-tailor\/","name":"TOM TAILOR Denim mode sieviet\u0113m un v\u012brie\u0161iem R\u012bg\u0101","isPartOf":{"@id":"https:\/\/www.vangraaf.com\/lv\/#website"},"datePublished":"2020-03-12T12:50:19+00:00","dateModified":"2022-05-03T10:40:59+00:00","description":"Hanzas saj\u016bta j\u016bsu garderob\u0113: ieg\u0101d\u0101jieties pla\u0161a kl\u0101sta TOM TAILOR Denim modes preces sieviet\u0113m un v\u012brie\u0161iem veikal\u0101 VAN GRAAF R\u012bg\u0101.","breadcrumb":{"@id":"https:\/\/www.vangraaf.com\/lv\/zimoli\/tom-tailor\/#breadcrumb"},"inLanguage":"lv-LV","potentialAction":[{"@type":"ReadAction","target":["https:\/\/www.vangraaf.com\/lv\/zimoli\/tom-tailor\/"]}]},{"@type":"BreadcrumbList","@id":"https:\/\/www.vangraaf.com\/lv\/zimoli\/tom-tailor\/#breadcrumb","itemListElement":[{"@type":"ListItem","position":1,"name":"Home","item":"https:\/\/www.vangraaf.com\/lv\/"},{"@type":"ListItem","position":2,"name":"Marken","item":"https:\/\/www.vangraaf.com\/lv\/zimoli\/"},{"@type":"ListItem","position":3,"name":"Tom Tailor"}]},{"@type":"WebSite","@id":"https:\/\/www.vangraaf.com\/lv\/#website","url":"https:\/\/www.vangraaf.com\/lv\/","name":"VAN GRAAF","description":"VAN GRAAF","potentialAction":[{"@type":"SearchAction","target":{"@type":"EntryPoint","urlTemplate":"https:\/\/www.vangraaf.com\/lv\/?s={search_term_string}"},"query-input":{"@type":"PropertyValueSpecification","valueRequired":true,"valueName":"search_term_string"}}],"inLanguage":"lv-LV"}]}},"_links":{"self":[{"href":"https:\/\/www.vangraaf.com\/lv\/wp-json\/wp\/v2\/pages\/4622","targetHints":{"allow":["GET"]}}],"collection":[{"href":"https:\/\/www.vangraaf.com\/lv\/wp-json\/wp\/v2\/pages"}],"about":[{"href":"https:\/\/www.vangraaf.com\/lv\/wp-json\/wp\/v2\/types\/page"}],"author":[{"embeddable":true,"href":"https:\/\/www.vangraaf.com\/lv\/wp-json\/wp\/v2\/users\/3"}],"replies":[{"embeddable":true,"href":"https:\/\/www.vangraaf.com\/lv\/wp-json\/wp\/v2\/comments?post=4622"}],"version-history":[{"count":9,"href":"https:\/\/www.vangraaf.com\/lv\/wp-json\/wp\/v2\/pages\/4622\/revisions"}],"predecessor-version":[{"id":5874,"href":"https:\/\/www.vangraaf.com\/lv\/wp-json\/wp\/v2\/pages\/4622\/revisions\/5874"}],"up":[{"embeddable":true,"href":"https:\/\/www.vangraaf.com\/lv\/wp-json\/wp\/v2\/pages\/3938"}],"wp:attachment":[{"href":"https:\/\/www.vangraaf.com\/lv\/wp-json\/wp\/v2\/media?parent=4622"}],"curies":[{"name":"wp","href":"https:\/\/api.w.org\/{rel}","templated":true}]}}