{"id":4620,"date":"2020-03-12T13:59:58","date_gmt":"2020-03-12T12:59:58","guid":{"rendered":"http:\/\/van-graaf.test\/ch\/?page_id=3658"},"modified":"2022-05-03T12:39:53","modified_gmt":"2022-05-03T10:39:53","slug":"polo-ralph-lauren","status":"publish","type":"page","link":"https:\/\/www.vangraaf.com\/lv\/zimoli\/polo-ralph-lauren\/","title":{"rendered":"Polo Ralph Lauren"},"content":{"rendered":"<div class=\"wpb-content-wrapper\">[vc_row full_width=&#8221;stretch_row_content_no_spaces&#8221;][vc_column]<div class=\"keyvisual\" data-aos=\"fade-up\" ><img loading=\"lazy\" decoding=\"async\" width=\"1440\" height=\"480\" src=\"https:\/\/www.vangraaf.com\/lv\/wp-content\/uploads\/sites\/5\/2020\/09\/Logo_PoloRalphLauren.jpg\" class=\"vc_single_image-img\" alt=\"\" srcset=\"https:\/\/www.vangraaf.com\/lv\/wp-content\/uploads\/sites\/5\/2020\/09\/Logo_PoloRalphLauren.jpg 1440w, https:\/\/www.vangraaf.com\/lv\/wp-content\/uploads\/sites\/5\/2020\/09\/Logo_PoloRalphLauren-300x100.jpg 300w, https:\/\/www.vangraaf.com\/lv\/wp-content\/uploads\/sites\/5\/2020\/09\/Logo_PoloRalphLauren-1024x341.jpg 1024w, https:\/\/www.vangraaf.com\/lv\/wp-content\/uploads\/sites\/5\/2020\/09\/Logo_PoloRalphLauren-768x256.jpg 768w, https:\/\/www.vangraaf.com\/lv\/wp-content\/uploads\/sites\/5\/2020\/09\/Logo_PoloRalphLauren-1200x400.jpg 1200w, https:\/\/www.vangraaf.com\/lv\/wp-content\/uploads\/sites\/5\/2020\/09\/Logo_PoloRalphLauren-992x331.jpg 992w, https:\/\/www.vangraaf.com\/lv\/wp-content\/uploads\/sites\/5\/2020\/09\/Logo_PoloRalphLauren-480x160.jpg 480w\" sizes=\"(max-width: 1440px) 100vw, 1440px\" \/><\/div>\n        <div class=\"headlines headlines--center\" data-aos=\"fade-up\">\n            <div class=\"vc_row\">\n                <div class=\"vc_col-md-10 vc_col-md-offset-1 vc_col-lg-10 vc_col-lg-offset-1\"><span class=\"h6\">Polo Ralph Lauren<\/span><h1 class=\"h2\">Ieg\u0101d\u0101jieties Polo Ralph Lauren modes preces veikal\u0101 VAN GRAAF R\u012bg\u0101<\/h1><\/div>\n            <\/div>\n        <\/div>[vc_column_text]\r\n<p style=\"text-align: center\">Ikdienas sporta ap\u0123\u0113rbs ar elegantu piesk\u0101rienu: vair\u0101k k\u0101 piecdesmit gadu ASV z\u012bmols Polo Ralph Lauren pied\u0101v\u0101 <strong>ikdienas stila un elegances sajaukumu<\/strong>. Kop\u0161 1960-tajiem gadiem, kad Ralfs Lor\u0113ns (Ralph Lauren) \u0145ujork\u0101 izveidoja z\u012bmolu ar polo sp\u0113l\u0113t\u0101ja logotipu, tas pau\u017e <em>amerik\u0101\u0146u dz\u012bvesveida <\/em>b\u016bt\u012bbu main\u012bgos izskatos, kas visi ir piem\u0113roti valk\u0101\u0161anai ikdien\u0101. Modernas deta\u013cas padara ikdienas un sporta pamata ap\u0123\u0113rbu par stil\u012bgu ap\u0123\u0113rbu, kas valk\u0101jams visos gad\u012bjumos &#8211; \u012bpa\u0161i tas attiecas uz polo kreklu. Ar\u012b sievietes un b\u0113rni ir iecien\u012bju\u0161i \u0161o klasisko kreklu, ko sen vairs nevalk\u0101 v\u012brie\u0161i vien. Polo Ralph Lauren mode <strong>apvieno ikdieni\u0161\u0137umu un nez\u016bdo\u0161u stila izj\u016btu<\/strong>. Tas izcili der gan lieti\u0161\u0137am, gan ikdienas ap\u0123\u0113rbam. Atkl\u0101jiet modes ap\u0123\u0113rbu v\u012brie\u0161iem un sieviet\u0113m no Polo Ralph Lauren m\u016bsu VAN GRAAF modes veikal\u0101 R\u012bg\u0101, Latvij\u0101, un papildiniet savu garderobi ar jauniem elementiem, ko raksturo nepiespiest\u012bba un dz\u012bvesprieks. Vienm\u0113r aktu\u0101ls, skaidrs, elegants &#8211; tipisks ASV Austrumu krasta izskats.<\/p>\r\n[\/vc_column_text][\/vc_column][\/vc_row][vc_row bwd_tbc4vd_show_weekday=&#8221;&#8221; full_width=&#8221;stretch_row_content_no_spaces&#8221;][vc_column]\n        <div class=\"headlines headlines--center\" data-aos=\"fade-up\">\n            <div class=\"vc_row\">\n                <div class=\"vc_col-md-10 vc_col-md-offset-1 vc_col-lg-10 vc_col-lg-offset-1\"><h2 class=\"h2\">Stil\u012bgi pamata ap\u0123\u0113rbi no Polo Ralph Lauren visiem gad\u012bjumiem<\/h2><\/div>\n            <\/div>\n        <\/div>[vc_column_text]Sporta jakas, v\u0113jjakas, d\u017einsi vai bermudu stila \u0161orti, bl\u016bzes, krekli, polo krekli vai puloveri: valk\u0101jiet Polo Ralph Lauren modes ap\u0123\u0113rbu, lai izceltu savu individu\u0101lo stilu ar <strong>vienk\u0101r\u0161iem, vienm\u0113r aktu\u0101liem pamata ap\u0123\u0113rbiem<\/strong>. <strong>Neform\u0101la koled\u017eas un sporta ap\u0123\u0113rba \u012bpa\u0161\u012bbas<\/strong> ir apvienotas ar klasiskiem siluetiem un \u012bpa\u0161i atlas\u012btiem materi\u0101liem. <span lang=\"EN-US\">Polo Ralph Lauren pied\u0101v\u0101 daudz dizainu, kas nodro\u0161ina pievilc\u012bgu, tradicion\u0101la stila izskatu.<\/span>\r\n<p class=\"Standard1\"><span lang=\"EN-US\">Vai j\u016bs mekl\u0113jat lieti\u0161\u0137u ap\u0123\u0113rbu izcilam izskatam darbaviet\u0101? Vai v\u0113laties ieg\u0101d\u0101ties \u0113rtu br\u012bv\u0101 laika ap\u0123\u0113rbu, kas ir viegli kombin\u0113jams un valk\u0101jams visos gad\u012bjumos? Ap\u0123\u0113rbi no Polo Ralph Lauren ir modes preces, kas var k\u013c\u016bt par favor\u012btiem gan valk\u0101\u0161anai ikdien\u0101, gan \u012bpa\u0161iem gad\u012bjumiem.<\/span><\/p>\r\n[\/vc_column_text][\/vc_column][\/vc_row][vc_row bwd_tbc4vd_show_weekday=&#8221;&#8221; full_width=&#8221;stretch_row_content_no_spaces&#8221;][vc_column]\n        <div class=\"headlines headlines--center\" data-aos=\"fade-up\">\n            <div class=\"vc_row\">\n                <div class=\"vc_col-md-10 vc_col-md-offset-1 vc_col-lg-10 vc_col-lg-offset-1\"><h2 class=\"h2\">Ieg\u0101d\u0101jieties Polo Ralph Lauren modes preces veikal\u0101 VAN GRAAF R\u012bg\u0101<\/h2><\/div>\n            <\/div>\n        <\/div>[vc_column_text]Z\u012bmols Polo Ralph Lauren zina, k\u0101 apvienot trad\u012bciju un inov\u0101ciju, izmantojot gadu desmitiem ilgu pieredzi modes un dz\u012bvesveida nozar\u0113s. Polo Ralph Lauren mode lieliski papildina VAN GRAAF produktu portfeli.\r\n\r\nM\u0113s esam j\u016bsu r\u012bc\u012bb\u0101 m\u016bsu Latvijas fili\u0101l\u0113 tirdzniec\u012bbas centr\u0101 Akropole R\u012bg\u0101\r\n<ul>\r\n \t<li>M\u016bsu <a href=\"https:\/\/www.vangraaf.com\/lv\/konsultacijas-un-stils\/specializetas-nodalas\/\">14 specializ\u0113t\u0101s noda\u013cas<\/a> pied\u0101v\u0101 pla\u0161u kl\u0101stu modes pre\u010du: ap\u0123\u0113rbs, apavi un aksesu\u0101ri visu veidu stilos.<\/li>\r\n \t<li>M\u0113s tirgojam modes preces no vair\u0101k k\u0101 <a href=\"https:\/\/www.vangraaf.com\/lv\/zimoli\/\">200 popul\u0101riem z\u012bmoliem<\/a>, tostarp Polo Ralph Lauren &amp; Co.<\/li>\r\n \t<li>Apmekl\u0113jiet m\u016bsu veikalu, lai ieg\u0101d\u0101tos ikdienas un sporta ap\u0123\u0113rbu no Polo Ralph Lauren un citiem slaveniem z\u012bmoliem; j\u016bs atrad\u012bsiet aktu\u0101las tendences, kombin\u0113jamus uzvalkus un daudz k\u0101 cita.<\/li>\r\n<\/ul>\r\nM\u016bsu pakalpojumu paket\u0113 ir iek\u013cautas personaliz\u0113tas iepirk\u0161an\u0101s konsult\u0101cijas, kas paredz\u0113tas, lai padar\u012btu j\u016bsu apmekl\u0113jumu VAN GRAAF R\u012bg\u0101 par izcilu iepirk\u0161an\u0101s pieredzi.[\/vc_column_text][\/vc_column][\/vc_row][vc_row][vc_column]<div class=\"vg-element brand-slider brand-slider--light\" data-aos=\"fade-up\"><div class=\"brand-slider__inner\"><div class=\"brand-slider__slider js-brand-slider\"><div class=\"brand-slider__slider__item\"><a href=\"https:\/\/www.vangraaf.com\/lv\/zimoli\/adidas-originals\/\" title=\"adidas Originals\"><img loading=\"lazy\" decoding=\"async\" width=\"1\" height=\"1\" src=\"https:\/\/www.vangraaf.com\/lv\/wp-content\/uploads\/sites\/5\/2020\/03\/Adidas_Logo_grau_OK.svg\" class=\"attachment-full size-full\" alt=\"\" \/><\/a><\/div><div class=\"brand-slider__slider__item\"><a href=\"https:\/\/www.vangraaf.com\/lv\/zimoli\/tommy-hilfiger\/\" title=\"Tommy Hilfiger\"><img loading=\"lazy\" decoding=\"async\" width=\"1\" height=\"1\" src=\"https:\/\/www.vangraaf.com\/lv\/wp-content\/uploads\/sites\/5\/2020\/03\/Tommy_Hilfiger_4c_grau_OK.svg\" class=\"attachment-full size-full\" alt=\"\" \/><\/a><\/div><div class=\"brand-slider__slider__item\"><a href=\"https:\/\/www.vangraaf.com\/lv\/zimoli\/levis\/\" title=\"Levi&#039;s\"><img loading=\"lazy\" decoding=\"async\" width=\"1\" height=\"1\" src=\"https:\/\/www.vangraaf.com\/lv\/wp-content\/uploads\/sites\/5\/2020\/03\/Levis_Logo_grau_OK.svg\" class=\"attachment-full size-full\" alt=\"\" \/><\/a><\/div><div class=\"brand-slider__slider__item\"><a href=\"https:\/\/www.vangraaf.com\/lv\/zimoli\/calvin-klein\/\" title=\"Calvin Klein\"><img loading=\"lazy\" decoding=\"async\" width=\"1\" height=\"1\" src=\"https:\/\/www.vangraaf.com\/lv\/wp-content\/uploads\/sites\/5\/2020\/03\/Calvin-Klein-Logo-grau_OK.svg\" class=\"attachment-full size-full\" alt=\"\" \/><\/a><\/div><div class=\"brand-slider__slider__item\"><a href=\"https:\/\/www.vangraaf.com\/lv\/zimoli\/champion\/\" title=\"Champion\"><img loading=\"lazy\" decoding=\"async\" width=\"1\" height=\"1\" src=\"https:\/\/www.vangraaf.com\/lv\/wp-content\/uploads\/sites\/5\/2020\/03\/Champion_Logo_grau_OK.svg\" class=\"attachment-full size-full\" alt=\"\" \/><\/a><\/div><div class=\"brand-slider__slider__item\"><a href=\"https:\/\/www.vangraaf.com\/lv\/zimoli\/lacoste\/\" title=\"Lacoste\"><img loading=\"lazy\" decoding=\"async\" width=\"1\" height=\"1\" src=\"https:\/\/www.vangraaf.com\/lv\/wp-content\/uploads\/sites\/5\/2020\/03\/Lacoste_Logo_4c_grau_Ausnahme_OK.svg\" class=\"attachment-full size-full\" alt=\"\" \/><\/a><\/div><div class=\"brand-slider__slider__item\"><a href=\"https:\/\/www.vangraaf.com\/lv\/zimoli\/superdry\/\" title=\"Superdry\"><img loading=\"lazy\" decoding=\"async\" width=\"1\" height=\"1\" src=\"https:\/\/www.vangraaf.com\/lv\/wp-content\/uploads\/sites\/5\/2020\/03\/Superdry_Logo_grau_OK.svg\" class=\"attachment-full size-full\" alt=\"\" \/><\/a><\/div><div class=\"brand-slider__slider__item\"><a href=\"https:\/\/www.vangraaf.com\/lv\/zimoli\/fila\/\" title=\"FILA\"><img loading=\"lazy\" decoding=\"async\" width=\"1\" height=\"1\" src=\"https:\/\/www.vangraaf.com\/lv\/wp-content\/uploads\/sites\/5\/2020\/03\/Fila-Logo-grau_OK.svg\" class=\"attachment-full size-full\" alt=\"\" \/><\/a><\/div><div class=\"brand-slider__slider__item\"><a href=\"https:\/\/www.vangraaf.com\/lv\/zimoli\/tom-tailor\/\" title=\"TOM TAILOR\"><img loading=\"lazy\" decoding=\"async\" width=\"1\" height=\"1\" src=\"https:\/\/www.vangraaf.com\/lv\/wp-content\/uploads\/sites\/5\/2020\/03\/Tom_Tailor_Logo_grau_OK.svg\" class=\"attachment-full size-full\" alt=\"\" \/><\/a><\/div><div class=\"brand-slider__slider__item\"><a href=\"https:\/\/www.vangraaf.com\/lv\/zimoli\/alpha-industries\/\" title=\"Alpha Industries\"><img loading=\"lazy\" decoding=\"async\" width=\"1\" height=\"1\" src=\"https:\/\/www.vangraaf.com\/lv\/wp-content\/uploads\/sites\/5\/2020\/03\/Alpha_Industries_Logo_grau_OK.svg\" class=\"attachment-full size-full\" alt=\"\" \/><\/a><\/div><div class=\"brand-slider__slider__item\"><a href=\"https:\/\/www.vangraaf.com\/lv\/zimoli\/g-star\/\" title=\"G-Star RAW\"><img loading=\"lazy\" decoding=\"async\" width=\"1\" height=\"1\" src=\"https:\/\/www.vangraaf.com\/lv\/wp-content\/uploads\/sites\/5\/2020\/03\/G_Star_Logo_grau_OK.svg\" class=\"attachment-full size-full\" alt=\"\" \/><\/a><\/div><div class=\"brand-slider__slider__item\"><a href=\"https:\/\/www.vangraaf.com\/lv\/zimoli\/vila\/\" title=\"VILA\"><img loading=\"lazy\" decoding=\"async\" width=\"1\" height=\"1\" src=\"https:\/\/www.vangraaf.com\/lv\/wp-content\/uploads\/sites\/5\/2020\/03\/Vila_Logo_grau_OK.svg\" class=\"attachment-full size-full\" alt=\"\" \/><\/a><\/div><div class=\"brand-slider__slider__item\"><a href=\"https:\/\/www.vangraaf.com\/lv\/zimoli\/boss\/\" title=\"BOSS\"><img loading=\"lazy\" decoding=\"async\" width=\"1\" height=\"1\" src=\"https:\/\/www.vangraaf.com\/lv\/wp-content\/uploads\/sites\/5\/2020\/03\/Boss_Logo_grau_OK.svg\" class=\"attachment-full size-full\" alt=\"\" \/><\/a><\/div><div class=\"brand-slider__slider__item\"><a href=\"https:\/\/www.vangraaf.com\/lv\/zimoli\/armani-exchange\/\" title=\"Armani Exchange\"><img loading=\"lazy\" decoding=\"async\" width=\"1\" height=\"1\" src=\"https:\/\/www.vangraaf.com\/lv\/wp-content\/uploads\/sites\/5\/2020\/03\/Armani-Exchange-Logo-grau_OK.svg\" class=\"attachment-full size-full\" alt=\"\" \/><\/a><\/div><div class=\"brand-slider__slider__item\"><a href=\"https:\/\/www.vangraaf.com\/lv\/zimoli\/polo-ralph-lauren\/\" title=\"Polo Ralph Lauren\"><img loading=\"lazy\" decoding=\"async\" width=\"1\" height=\"1\" src=\"https:\/\/www.vangraaf.com\/lv\/wp-content\/uploads\/sites\/5\/2020\/03\/Ralph_Lauren_Logo_grau_OK.svg\" class=\"attachment-full size-full\" alt=\"\" \/><\/a><\/div><div class=\"brand-slider__slider__item\"><a href=\"https:\/\/www.vangraaf.com\/lv\/zimoli\/marie-lund\/\" title=\"Marie Lund\"><img loading=\"lazy\" decoding=\"async\" width=\"1\" height=\"1\" src=\"https:\/\/www.vangraaf.com\/lv\/wp-content\/uploads\/sites\/5\/2020\/03\/Marie_Lund_Logo_grau_OK.svg\" class=\"attachment-full size-full\" alt=\"\" \/><\/a><\/div><\/div><\/div><\/div>[\/vc_column][\/vc_row]<\/div>","protected":false},"excerpt":{"rendered":"[vc_row full_width=&#8221;stretch_row_content_no_spaces&#8221;][vc_column][vc_column_text] Ikdienas sporta ap\u0123\u0113rbs ar elegantu piesk\u0101rienu: vair\u0101k k\u0101 piecdesmit gadu ASV z\u012bmols Polo Ralph Lauren pied\u0101v\u0101 ikdienas stila un elegances sajaukumu. Kop\u0161 1960-tajiem gadiem, kad Ralfs Lor\u0113ns (Ralph Lauren) \u0145ujork\u0101 izveidoja z\u012bmolu ar polo sp\u0113l\u0113t\u0101ja logotipu, tas pau\u017e amerik\u0101\u0146u dz\u012bvesveida b\u016bt\u012bbu main\u012bgos izskatos, kas visi ir piem\u0113roti valk\u0101\u0161anai ikdien\u0101. Modernas deta\u013cas padara ikdienas [&hellip;]","protected":false},"author":3,"featured_media":0,"parent":3938,"menu_order":0,"comment_status":"closed","ping_status":"closed","template":"","meta":{"_acf_changed":false,"inline_featured_image":false,"footnotes":""},"class_list":["post-4620","page","type-page","status-publish","hentry"],"acf":[],"yoast_head":"<!-- This site is optimized with the Yoast SEO plugin v27.2 - https:\/\/yoast.com\/product\/yoast-seo-wordpress\/ -->\n<title>Polo Ralph Lauren stils veikal\u0101 VAN GRAAF R\u012bg\u0101<\/title>\n<meta name=\"description\" content=\"Polo Ralph Lauren mode veikal\u0101 VAN GRAAF R\u012bg\u0101: jaun\u0101k\u0101s modes preces v\u012brie\u0161iem un sieviet\u0113m no \u0161\u012b un citiem z\u012bmoliem!\" \/>\n<meta name=\"robots\" content=\"index, follow, max-snippet:-1, max-image-preview:large, max-video-preview:-1\" \/>\n<link rel=\"canonical\" href=\"https:\/\/www.vangraaf.com\/lv\/zimoli\/polo-ralph-lauren\/\" \/>\n<meta property=\"og:locale\" content=\"lv_LV\" \/>\n<meta property=\"og:type\" content=\"article\" \/>\n<meta property=\"og:title\" content=\"Polo Ralph Lauren stils veikal\u0101 VAN GRAAF R\u012bg\u0101\" \/>\n<meta property=\"og:description\" content=\"Polo Ralph Lauren mode veikal\u0101 VAN GRAAF R\u012bg\u0101: jaun\u0101k\u0101s modes preces v\u012brie\u0161iem un sieviet\u0113m no \u0161\u012b un citiem z\u012bmoliem!\" \/>\n<meta property=\"og:url\" content=\"https:\/\/www.vangraaf.com\/lv\/zimoli\/polo-ralph-lauren\/\" \/>\n<meta property=\"og:site_name\" content=\"VAN GRAAF Latvija\" \/>\n<meta property=\"article:modified_time\" content=\"2022-05-03T10:39:53+00:00\" \/>\n<meta name=\"twitter:card\" content=\"summary_large_image\" \/>\n<meta name=\"twitter:label1\" content=\"Est. reading time\" \/>\n\t<meta name=\"twitter:data1\" content=\"3 min\u016btes\" \/>\n<script type=\"application\/ld+json\" class=\"yoast-schema-graph\">{\"@context\":\"https:\/\/schema.org\",\"@graph\":[{\"@type\":\"WebPage\",\"@id\":\"https:\/\/www.vangraaf.com\/lv\/zimoli\/polo-ralph-lauren\/\",\"url\":\"https:\/\/www.vangraaf.com\/lv\/zimoli\/polo-ralph-lauren\/\",\"name\":\"Polo Ralph Lauren stils veikal\u0101 VAN GRAAF R\u012bg\u0101\",\"isPartOf\":{\"@id\":\"https:\/\/www.vangraaf.com\/lv\/#website\"},\"datePublished\":\"2020-03-12T12:59:58+00:00\",\"dateModified\":\"2022-05-03T10:39:53+00:00\",\"description\":\"Polo Ralph Lauren mode veikal\u0101 VAN GRAAF R\u012bg\u0101: jaun\u0101k\u0101s modes preces v\u012brie\u0161iem un sieviet\u0113m no \u0161\u012b un citiem z\u012bmoliem!\",\"breadcrumb\":{\"@id\":\"https:\/\/www.vangraaf.com\/lv\/zimoli\/polo-ralph-lauren\/#breadcrumb\"},\"inLanguage\":\"lv-LV\",\"potentialAction\":[{\"@type\":\"ReadAction\",\"target\":[\"https:\/\/www.vangraaf.com\/lv\/zimoli\/polo-ralph-lauren\/\"]}]},{\"@type\":\"BreadcrumbList\",\"@id\":\"https:\/\/www.vangraaf.com\/lv\/zimoli\/polo-ralph-lauren\/#breadcrumb\",\"itemListElement\":[{\"@type\":\"ListItem\",\"position\":1,\"name\":\"Home\",\"item\":\"https:\/\/www.vangraaf.com\/lv\/\"},{\"@type\":\"ListItem\",\"position\":2,\"name\":\"Marken\",\"item\":\"https:\/\/www.vangraaf.com\/lv\/zimoli\/\"},{\"@type\":\"ListItem\",\"position\":3,\"name\":\"Polo Ralph Lauren\"}]},{\"@type\":\"WebSite\",\"@id\":\"https:\/\/www.vangraaf.com\/lv\/#website\",\"url\":\"https:\/\/www.vangraaf.com\/lv\/\",\"name\":\"VAN GRAAF\",\"description\":\"VAN GRAAF\",\"potentialAction\":[{\"@type\":\"SearchAction\",\"target\":{\"@type\":\"EntryPoint\",\"urlTemplate\":\"https:\/\/www.vangraaf.com\/lv\/?s={search_term_string}\"},\"query-input\":{\"@type\":\"PropertyValueSpecification\",\"valueRequired\":true,\"valueName\":\"search_term_string\"}}],\"inLanguage\":\"lv-LV\"}]}<\/script>\n<!-- \/ Yoast SEO plugin. -->","yoast_head_json":{"title":"Polo Ralph Lauren stils veikal\u0101 VAN GRAAF R\u012bg\u0101","description":"Polo Ralph Lauren mode veikal\u0101 VAN GRAAF R\u012bg\u0101: jaun\u0101k\u0101s modes preces v\u012brie\u0161iem un sieviet\u0113m no \u0161\u012b un citiem z\u012bmoliem!","robots":{"index":"index","follow":"follow","max-snippet":"max-snippet:-1","max-image-preview":"max-image-preview:large","max-video-preview":"max-video-preview:-1"},"canonical":"https:\/\/www.vangraaf.com\/lv\/zimoli\/polo-ralph-lauren\/","og_locale":"lv_LV","og_type":"article","og_title":"Polo Ralph Lauren stils veikal\u0101 VAN GRAAF R\u012bg\u0101","og_description":"Polo Ralph Lauren mode veikal\u0101 VAN GRAAF R\u012bg\u0101: jaun\u0101k\u0101s modes preces v\u012brie\u0161iem un sieviet\u0113m no \u0161\u012b un citiem z\u012bmoliem!","og_url":"https:\/\/www.vangraaf.com\/lv\/zimoli\/polo-ralph-lauren\/","og_site_name":"VAN GRAAF Latvija","article_modified_time":"2022-05-03T10:39:53+00:00","twitter_card":"summary_large_image","twitter_misc":{"Est. reading time":"3 min\u016btes"},"schema":{"@context":"https:\/\/schema.org","@graph":[{"@type":"WebPage","@id":"https:\/\/www.vangraaf.com\/lv\/zimoli\/polo-ralph-lauren\/","url":"https:\/\/www.vangraaf.com\/lv\/zimoli\/polo-ralph-lauren\/","name":"Polo Ralph Lauren stils veikal\u0101 VAN GRAAF R\u012bg\u0101","isPartOf":{"@id":"https:\/\/www.vangraaf.com\/lv\/#website"},"datePublished":"2020-03-12T12:59:58+00:00","dateModified":"2022-05-03T10:39:53+00:00","description":"Polo Ralph Lauren mode veikal\u0101 VAN GRAAF R\u012bg\u0101: jaun\u0101k\u0101s modes preces v\u012brie\u0161iem un sieviet\u0113m no \u0161\u012b un citiem z\u012bmoliem!","breadcrumb":{"@id":"https:\/\/www.vangraaf.com\/lv\/zimoli\/polo-ralph-lauren\/#breadcrumb"},"inLanguage":"lv-LV","potentialAction":[{"@type":"ReadAction","target":["https:\/\/www.vangraaf.com\/lv\/zimoli\/polo-ralph-lauren\/"]}]},{"@type":"BreadcrumbList","@id":"https:\/\/www.vangraaf.com\/lv\/zimoli\/polo-ralph-lauren\/#breadcrumb","itemListElement":[{"@type":"ListItem","position":1,"name":"Home","item":"https:\/\/www.vangraaf.com\/lv\/"},{"@type":"ListItem","position":2,"name":"Marken","item":"https:\/\/www.vangraaf.com\/lv\/zimoli\/"},{"@type":"ListItem","position":3,"name":"Polo Ralph Lauren"}]},{"@type":"WebSite","@id":"https:\/\/www.vangraaf.com\/lv\/#website","url":"https:\/\/www.vangraaf.com\/lv\/","name":"VAN GRAAF","description":"VAN GRAAF","potentialAction":[{"@type":"SearchAction","target":{"@type":"EntryPoint","urlTemplate":"https:\/\/www.vangraaf.com\/lv\/?s={search_term_string}"},"query-input":{"@type":"PropertyValueSpecification","valueRequired":true,"valueName":"search_term_string"}}],"inLanguage":"lv-LV"}]}},"_links":{"self":[{"href":"https:\/\/www.vangraaf.com\/lv\/wp-json\/wp\/v2\/pages\/4620","targetHints":{"allow":["GET"]}}],"collection":[{"href":"https:\/\/www.vangraaf.com\/lv\/wp-json\/wp\/v2\/pages"}],"about":[{"href":"https:\/\/www.vangraaf.com\/lv\/wp-json\/wp\/v2\/types\/page"}],"author":[{"embeddable":true,"href":"https:\/\/www.vangraaf.com\/lv\/wp-json\/wp\/v2\/users\/3"}],"replies":[{"embeddable":true,"href":"https:\/\/www.vangraaf.com\/lv\/wp-json\/wp\/v2\/comments?post=4620"}],"version-history":[{"count":8,"href":"https:\/\/www.vangraaf.com\/lv\/wp-json\/wp\/v2\/pages\/4620\/revisions"}],"predecessor-version":[{"id":5869,"href":"https:\/\/www.vangraaf.com\/lv\/wp-json\/wp\/v2\/pages\/4620\/revisions\/5869"}],"up":[{"embeddable":true,"href":"https:\/\/www.vangraaf.com\/lv\/wp-json\/wp\/v2\/pages\/3938"}],"wp:attachment":[{"href":"https:\/\/www.vangraaf.com\/lv\/wp-json\/wp\/v2\/media?parent=4620"}],"curies":[{"name":"wp","href":"https:\/\/api.w.org\/{rel}","templated":true}]}}