{"id":4618,"date":"2020-03-12T13:46:42","date_gmt":"2020-03-12T12:46:42","guid":{"rendered":"http:\/\/van-graaf.test\/ch\/?page_id=3630"},"modified":"2021-09-09T11:04:18","modified_gmt":"2021-09-09T09:04:18","slug":"lacoste","status":"publish","type":"page","link":"https:\/\/www.vangraaf.com\/lv\/zimoli\/lacoste\/","title":{"rendered":"Lacoste"},"content":{"rendered":"<div class=\"wpb-content-wrapper\">[vc_row full_width=&#8221;stretch_row_content_no_spaces&#8221;][vc_column]<div class=\"keyvisual\" data-aos=\"fade-up\" ><img loading=\"lazy\" decoding=\"async\" width=\"1440\" height=\"480\" src=\"https:\/\/www.vangraaf.com\/lv\/wp-content\/uploads\/sites\/5\/2020\/09\/Logo_Lacoste.jpg\" class=\"vc_single_image-img\" alt=\"\" srcset=\"https:\/\/www.vangraaf.com\/lv\/wp-content\/uploads\/sites\/5\/2020\/09\/Logo_Lacoste.jpg 1440w, https:\/\/www.vangraaf.com\/lv\/wp-content\/uploads\/sites\/5\/2020\/09\/Logo_Lacoste-300x100.jpg 300w, https:\/\/www.vangraaf.com\/lv\/wp-content\/uploads\/sites\/5\/2020\/09\/Logo_Lacoste-1024x341.jpg 1024w, https:\/\/www.vangraaf.com\/lv\/wp-content\/uploads\/sites\/5\/2020\/09\/Logo_Lacoste-768x256.jpg 768w, https:\/\/www.vangraaf.com\/lv\/wp-content\/uploads\/sites\/5\/2020\/09\/Logo_Lacoste-1200x400.jpg 1200w, https:\/\/www.vangraaf.com\/lv\/wp-content\/uploads\/sites\/5\/2020\/09\/Logo_Lacoste-992x331.jpg 992w, https:\/\/www.vangraaf.com\/lv\/wp-content\/uploads\/sites\/5\/2020\/09\/Logo_Lacoste-480x160.jpg 480w\" sizes=\"(max-width: 1440px) 100vw, 1440px\" \/><\/div>\n        <div class=\"headlines headlines--center\" data-aos=\"fade-up\">\n            <div class=\"vc_row\">\n                <div class=\"vc_col-md-10 vc_col-md-offset-1 vc_col-lg-10 vc_col-lg-offset-1\"><span class=\"h6\">Lacoste<\/span><h1 class=\"h2\">Lacoste modes preces sieviet\u0113m un v\u012brie\u0161iem veikal\u0101 VAN GRAAF R\u012bg\u0101<\/h1><\/div>\n            <\/div>\n        <\/div>[vc_column_text]\r\n<p style=\"text-align: center\">Viss s\u0101k\u0101s ar polo kreklu &#8211; vismaz Lacoste gad\u012bjum\u0101. 1930-tajos gados Francijas tenisa le\u0123enda un modes dizainers Ren\u0113 Lakoste (Ren\u00e9 Lacoste) ieviesa jaunu \u0123\u0113rb\u0161an\u0101s stilu. &#8220;Sportisks un ikdieni\u0161\u0137s&#8221; p\u0113k\u0161\u0146i apvienoj\u0101s ar &#8220;greznu un elegantu&#8221;. K\u0101 z\u012bmola at\u0161\u0137ir\u012bbas z\u012bmi vi\u0146\u0161 izmantoja mazu za\u013cu krokodilu. Lacoste z\u012bmols bija rad\u012bts, un l\u012bdz \u0161ai dienai <strong>krokodils \u013cauj to nekav\u0113joties atpaz\u012bt vis\u0101 pasaul\u0113<\/strong>. Veikal\u0101 <strong>VAN GRAAF R\u012bg\u0101<\/strong> j\u016bs varat ieg\u0101d\u0101ties daudz ap\u0123\u0113rbu, kas viegli atpaz\u012bstami p\u0113c Lacoste logotipa.<\/p>\r\n[\/vc_column_text][\/vc_column][\/vc_row][vc_row bwd_tbc4vd_show_weekday=&#8221;&#8221; full_width=&#8221;stretch_row_content_no_spaces&#8221; disable_element=&#8221;yes&#8221;][vc_column]\n            <div class=\"vg-element topic-slider topic-slider--left topic-slider--dark\" style=\"--season-color-1: #e0d5c6; --season-color-2: #27293d\" data-aos=\"fade-up\">\n                <div class=\"topic-slider__inner\">\n                    <div class=\"content_wrap\">\n                        <div class=\"vc_row\">\n                            <div class=\"vc_col-md-12 vc_col-lg-10 vc_col-lg-offset-1\">\n                                <div class=\"vc_row\">\n                                    <div class=\"vc_col-sm-6\"><div class=\"topic-slider__image-wrap\"><div class=\"topic-slider__slider-wrap\"><div class=\"js-topic-slider\"><div class=\"topic-slider__slider__item\"><\/div><div class=\"topic-slider__slider__item\"><\/div><div class=\"topic-slider__slider__item\"><\/div><\/div><\/div><\/div><\/div><div class=\"vc_col-sm-6 vc_col-md-5 vc_col-md-offset-1\"><div class=\"topic-slider__content\"><span class=\"h4\">Atkl\u0101jiet dz\u012bv\u012bgo Lacoste pasauli R\u012bg\u0101<\/span><p>Apl\u016bkojot Lacoste sievie\u0161u un v\u012brie\u0161u modes ap\u0123\u0113rbu, j\u016bs noteikti paman\u012bsiet, ka <strong>kolekcijas ir galvenok\u0101rt vienkr\u0101sainas<\/strong>. Z\u012bmols neizmanto daudz uzdruku un logotipu. T\u0101 viet\u0101 tiek izmantoti neuzkr\u012bto\u0161\u0101ki, nians\u0113t\u0101ki efekti. Klasisks balts polo krekls, sporta jaka pel\u0113k\u0101 kr\u0101s\u0101, tum\u0161zila sievie\u0161u bl\u016bze vai melnas treni\u0146bikses &#8211; Francijas dizainers specializ\u0113jas attur\u012bga, vienkr\u0101saina ap\u0123\u0113rba rad\u012b\u0161an\u0101. <strong>M\u016b\u017eza\u013c\u0101 to\u0146us<\/strong> reiz\u0113m papildina <strong>spilgtu kr\u0101su piejaukumi<\/strong>.<\/p>\n<\/div><\/div>\n                                <\/div>\n                            <\/div>\n                        <\/div>\n                    <\/div>\n                <\/div>\n            <\/div>[\/vc_column][\/vc_row][vc_row][vc_column]\n        <div class=\"headlines headlines--center\" data-aos=\"fade-up\">\n            <div class=\"vc_row\">\n                <div class=\"vc_col-md-10 vc_col-md-offset-1 vc_col-lg-10 vc_col-lg-offset-1\"><h2 class=\"h2\">Atkl\u0101jiet dz\u012bv\u012bgo Lacoste pasauli R\u012bg\u0101<\/h2><\/div>\n            <\/div>\n        <\/div>[vc_column_text]Apl\u016bkojot Lacoste sievie\u0161u un v\u012brie\u0161u modes ap\u0123\u0113rbu, j\u016bs noteikti paman\u012bsiet, ka <strong>kolekcijas ir galvenok\u0101rt vienkr\u0101sainas<\/strong>. Z\u012bmols neizmanto daudz uzdruku un logotipu. T\u0101 viet\u0101 tiek izmantoti neuzkr\u012bto\u0161\u0101ki, nians\u0113t\u0101ki efekti. Klasisks balts polo krekls, sporta jaka pel\u0113k\u0101 kr\u0101s\u0101, tum\u0161zila sievie\u0161u bl\u016bze vai melnas treni\u0146bikses &#8211; Francijas dizainers specializ\u0113jas attur\u012bga, vienkr\u0101saina ap\u0123\u0113rba rad\u012b\u0161an\u0101. <strong>M\u016b\u017eza\u013c\u0101 to\u0146us<\/strong> reiz\u0113m papildina <strong>spilgtu kr\u0101su piejaukumi<\/strong>.[\/vc_column_text][vc_column_text]Sarkan\u0101, za\u013c\u0101 un zil\u0101 nokr\u0101sas ir teicams s\u0101kums nesteidz\u012bgai vasaras dienai. Pavasaris ir ide\u0101li piem\u0113rots laiks smalkiem paste\u013cto\u0146iem. S\u0101rtais, piparm\u0113tras, debeszilais un laima dzeltenais rada noska\u0146u pavasara pastaigai dab\u0101. <strong>Neona to\u0146i<\/strong>, piem\u0113ram, kora\u013c\u013cu un citrona dzeltenais, ar\u012b par\u0101d\u0101s l\u012bdz\u0101s mazajam krokodilam.[\/vc_column_text][\/vc_column][\/vc_row][vc_row][vc_column][vc_row_inner][vc_column_inner]\n        <div class=\"headlines headlines--center\" data-aos=\"fade-up\">\n            <div class=\"vc_row\">\n                <div class=\"vc_col-md-10 vc_col-md-offset-1 vc_col-lg-10 vc_col-lg-offset-1\"><h2 class=\"h2\">Ikoniskais Lacoste krokodils - z\u012bmola logotipa st\u0101sts<\/h2><\/div>\n            <\/div>\n        <\/div>[\/vc_column_inner][\/vc_row_inner][vc_column_text]Vai esat k\u0101dreiz dom\u0101jis, k\u0101p\u0113c Lacoste izmanto <strong>krokodilu<\/strong> uz v\u012brie\u0161u un sievie\u0161u modes prec\u0113m? Lai atbild\u0113tu uz \u0161o jaut\u0101jumu, j\u0101atgrie\u017eas 1923. gad\u0101. Tenisa zvaigznei Ren\u0113 Lakostem \u017eurn\u0101listi bija iedevu\u0161i <strong>iesauku<\/strong> &#8220;Krokodils&#8221;. K\u0101ds reportieris uzzin\u0101ja par der\u012bb\u0101m, ko Francijas sportists bija nosl\u0113dzis. Der\u012bbu priek\u0161mets bija eleganta ce\u013casoma no krokodila \u0101das. Ren\u0113 Lakostem patika sava jaun\u0101 iesauka, t\u0101p\u0113c vi\u0146\u0161 l\u016bdza Robertam D\u017eord\u017eam izveidot logotipu ar krokodilu. Za\u013cais z\u012bmola talismans pirmo reizi par\u0101d\u012bj\u0101s uz <strong>v\u0113jjakas<\/strong> &#8211; t\u0101 bija piln\u012bgi jauna par\u0101d\u012bba modes sektor\u0101. Neviens z\u012bmols nebija izvietojis savu logotipu tik redzam\u0101 viet\u0101 uz ap\u0123\u0113rba.[\/vc_column_text][\/vc_column][\/vc_row][vc_row][vc_column]\n        <div class=\"headlines headlines--center\" data-aos=\"fade-up\">\n            <div class=\"vc_row\">\n                <div class=\"vc_col-md-10 vc_col-md-offset-1 vc_col-lg-10 vc_col-lg-offset-1\"><h2 class=\"h2\">Lielisks ap\u0123\u0113rbs no Lacoste un VAN GRAAF R\u012bg\u0101<\/h2><\/div>\n            <\/div>\n        <\/div>[vc_column_text]Lacoste pied\u0101v\u0101jums ir daudz pla\u0161\u0101ks par ap\u0123\u0113rbu, ar ko tas visvair\u0101k tiek saist\u012bts &#8211; polo kreklu. Tagad pirc\u0113ji var baud\u012bt vair\u0101k no gaum\u012bg\u0101 Lacoste z\u012bmola, kas pied\u0101v\u0101 <strong>ap\u0123\u0113rbu no galvas l\u012bdz k\u0101j\u0101m<\/strong> d\u0101m\u0101m un kungiem. M\u016bsu stila padoms: valk\u0101jiet ikdieni\u0161\u0137as melnas sporta bikses ar pel\u0113ku ad\u012btu puloveru. Pa virsu velciet vieglu tum\u0161zilu d\u016bnu virsjaku. Pabeidziet \u0161o 100% Lacoste komplektu ar baltiem \u0101das apaviem un stil\u012bgu cepuri ar nagu. Re\u0123istr\u0113jieties, lai sa\u0146emtu <a href=\"https:\/\/www.vangraaf.com\/lv\/informativais-biletens\/\">m\u016bsu jaunumu<\/a> v\u0113stuli ar stila veido\u0161anas padomiem tie\u0161i no VAN GRAAF modes redaktoriem.[\/vc_column_text][\/vc_column][\/vc_row][vc_row][vc_column]<div class=\"vg-element brand-slider brand-slider--light\" data-aos=\"fade-up\"><div class=\"brand-slider__inner\"><div class=\"brand-slider__slider js-brand-slider\"><div class=\"brand-slider__slider__item\"><a href=\"https:\/\/www.vangraaf.com\/lv\/zimoli\/adidas-originals\/\" title=\"adidas Originals\"><img loading=\"lazy\" decoding=\"async\" width=\"1\" height=\"1\" src=\"https:\/\/www.vangraaf.com\/lv\/wp-content\/uploads\/sites\/5\/2020\/03\/Adidas_Logo_grau_OK.svg\" class=\"attachment-full size-full\" alt=\"\" \/><\/a><\/div><div class=\"brand-slider__slider__item\"><a href=\"https:\/\/www.vangraaf.com\/lv\/zimoli\/tommy-hilfiger\/\" title=\"Tommy Hilfiger\"><img loading=\"lazy\" decoding=\"async\" width=\"1\" height=\"1\" src=\"https:\/\/www.vangraaf.com\/lv\/wp-content\/uploads\/sites\/5\/2020\/03\/Tommy_Hilfiger_4c_grau_OK.svg\" class=\"attachment-full size-full\" alt=\"\" \/><\/a><\/div><div class=\"brand-slider__slider__item\"><a href=\"https:\/\/www.vangraaf.com\/lv\/zimoli\/levis\/\" title=\"Levi&#039;s\"><img loading=\"lazy\" decoding=\"async\" width=\"1\" height=\"1\" src=\"https:\/\/www.vangraaf.com\/lv\/wp-content\/uploads\/sites\/5\/2020\/03\/Levis_Logo_grau_OK.svg\" class=\"attachment-full size-full\" alt=\"\" \/><\/a><\/div><div class=\"brand-slider__slider__item\"><a href=\"https:\/\/www.vangraaf.com\/lv\/zimoli\/calvin-klein\/\" title=\"Calvin Klein\"><img loading=\"lazy\" decoding=\"async\" width=\"1\" height=\"1\" src=\"https:\/\/www.vangraaf.com\/lv\/wp-content\/uploads\/sites\/5\/2020\/03\/Calvin-Klein-Logo-grau_OK.svg\" class=\"attachment-full size-full\" alt=\"\" \/><\/a><\/div><div class=\"brand-slider__slider__item\"><a href=\"https:\/\/www.vangraaf.com\/lv\/zimoli\/champion\/\" title=\"Champion\"><img loading=\"lazy\" decoding=\"async\" width=\"1\" height=\"1\" src=\"https:\/\/www.vangraaf.com\/lv\/wp-content\/uploads\/sites\/5\/2020\/03\/Champion_Logo_grau_OK.svg\" class=\"attachment-full size-full\" alt=\"\" \/><\/a><\/div><div class=\"brand-slider__slider__item\"><a href=\"https:\/\/www.vangraaf.com\/lv\/zimoli\/lacoste\/\" title=\"Lacoste\"><img loading=\"lazy\" decoding=\"async\" width=\"1\" height=\"1\" src=\"https:\/\/www.vangraaf.com\/lv\/wp-content\/uploads\/sites\/5\/2020\/03\/Lacoste_Logo_4c_grau_Ausnahme_OK.svg\" class=\"attachment-full size-full\" alt=\"\" \/><\/a><\/div><div class=\"brand-slider__slider__item\"><a href=\"https:\/\/www.vangraaf.com\/lv\/zimoli\/superdry\/\" title=\"Superdry\"><img loading=\"lazy\" decoding=\"async\" width=\"1\" height=\"1\" src=\"https:\/\/www.vangraaf.com\/lv\/wp-content\/uploads\/sites\/5\/2020\/03\/Superdry_Logo_grau_OK.svg\" class=\"attachment-full size-full\" alt=\"\" \/><\/a><\/div><div class=\"brand-slider__slider__item\"><a href=\"https:\/\/www.vangraaf.com\/lv\/zimoli\/fila\/\" title=\"FILA\"><img loading=\"lazy\" decoding=\"async\" width=\"1\" height=\"1\" src=\"https:\/\/www.vangraaf.com\/lv\/wp-content\/uploads\/sites\/5\/2020\/03\/Fila-Logo-grau_OK.svg\" class=\"attachment-full size-full\" alt=\"\" \/><\/a><\/div><div class=\"brand-slider__slider__item\"><a href=\"https:\/\/www.vangraaf.com\/lv\/zimoli\/tom-tailor\/\" title=\"TOM TAILOR\"><img loading=\"lazy\" decoding=\"async\" width=\"1\" height=\"1\" src=\"https:\/\/www.vangraaf.com\/lv\/wp-content\/uploads\/sites\/5\/2020\/03\/Tom_Tailor_Logo_grau_OK.svg\" class=\"attachment-full size-full\" alt=\"\" \/><\/a><\/div><div class=\"brand-slider__slider__item\"><a href=\"https:\/\/www.vangraaf.com\/lv\/zimoli\/alpha-industries\/\" title=\"Alpha Industries\"><img loading=\"lazy\" decoding=\"async\" width=\"1\" height=\"1\" src=\"https:\/\/www.vangraaf.com\/lv\/wp-content\/uploads\/sites\/5\/2020\/03\/Alpha_Industries_Logo_grau_OK.svg\" class=\"attachment-full size-full\" alt=\"\" \/><\/a><\/div><div class=\"brand-slider__slider__item\"><a href=\"https:\/\/www.vangraaf.com\/lv\/zimoli\/g-star\/\" title=\"G-Star RAW\"><img loading=\"lazy\" decoding=\"async\" width=\"1\" height=\"1\" src=\"https:\/\/www.vangraaf.com\/lv\/wp-content\/uploads\/sites\/5\/2020\/03\/G_Star_Logo_grau_OK.svg\" class=\"attachment-full size-full\" alt=\"\" \/><\/a><\/div><div class=\"brand-slider__slider__item\"><a href=\"https:\/\/www.vangraaf.com\/lv\/zimoli\/vila\/\" title=\"VILA\"><img loading=\"lazy\" decoding=\"async\" width=\"1\" height=\"1\" src=\"https:\/\/www.vangraaf.com\/lv\/wp-content\/uploads\/sites\/5\/2020\/03\/Vila_Logo_grau_OK.svg\" class=\"attachment-full size-full\" alt=\"\" \/><\/a><\/div><div class=\"brand-slider__slider__item\"><a href=\"https:\/\/www.vangraaf.com\/lv\/zimoli\/boss\/\" title=\"BOSS\"><img loading=\"lazy\" decoding=\"async\" width=\"1\" height=\"1\" src=\"https:\/\/www.vangraaf.com\/lv\/wp-content\/uploads\/sites\/5\/2020\/03\/Boss_Logo_grau_OK.svg\" class=\"attachment-full size-full\" alt=\"\" \/><\/a><\/div><div class=\"brand-slider__slider__item\"><a href=\"https:\/\/www.vangraaf.com\/lv\/zimoli\/armani-exchange\/\" title=\"Armani Exchange\"><img loading=\"lazy\" decoding=\"async\" width=\"1\" height=\"1\" src=\"https:\/\/www.vangraaf.com\/lv\/wp-content\/uploads\/sites\/5\/2020\/03\/Armani-Exchange-Logo-grau_OK.svg\" class=\"attachment-full size-full\" alt=\"\" \/><\/a><\/div><div class=\"brand-slider__slider__item\"><a href=\"https:\/\/www.vangraaf.com\/lv\/zimoli\/polo-ralph-lauren\/\" title=\"Polo Ralph Lauren\"><img loading=\"lazy\" decoding=\"async\" width=\"1\" height=\"1\" src=\"https:\/\/www.vangraaf.com\/lv\/wp-content\/uploads\/sites\/5\/2020\/03\/Ralph_Lauren_Logo_grau_OK.svg\" class=\"attachment-full size-full\" alt=\"\" \/><\/a><\/div><div class=\"brand-slider__slider__item\"><a href=\"https:\/\/www.vangraaf.com\/lv\/zimoli\/marie-lund\/\" title=\"Marie Lund\"><img loading=\"lazy\" decoding=\"async\" width=\"1\" height=\"1\" src=\"https:\/\/www.vangraaf.com\/lv\/wp-content\/uploads\/sites\/5\/2020\/03\/Marie_Lund_Logo_grau_OK.svg\" class=\"attachment-full size-full\" alt=\"\" \/><\/a><\/div><\/div><\/div><\/div>[\/vc_column][\/vc_row]<\/div>","protected":false},"excerpt":{"rendered":"[vc_row full_width=&#8221;stretch_row_content_no_spaces&#8221;][vc_column][vc_column_text] Viss s\u0101k\u0101s ar polo kreklu &#8211; vismaz Lacoste gad\u012bjum\u0101. 1930-tajos gados Francijas tenisa le\u0123enda un modes dizainers Ren\u0113 Lakoste (Ren\u00e9 Lacoste) ieviesa jaunu \u0123\u0113rb\u0161an\u0101s stilu. &#8220;Sportisks un ikdieni\u0161\u0137s&#8221; p\u0113k\u0161\u0146i apvienoj\u0101s ar &#8220;greznu un elegantu&#8221;. K\u0101 z\u012bmola at\u0161\u0137ir\u012bbas z\u012bmi vi\u0146\u0161 izmantoja mazu za\u013cu krokodilu. Lacoste z\u012bmols bija rad\u012bts, un l\u012bdz \u0161ai dienai krokodils \u013cauj [&hellip;]","protected":false},"author":3,"featured_media":0,"parent":3938,"menu_order":0,"comment_status":"closed","ping_status":"closed","template":"","meta":{"_acf_changed":false,"inline_featured_image":false,"footnotes":""},"class_list":["post-4618","page","type-page","status-publish","hentry"],"acf":[],"yoast_head":"<!-- This site is optimized with the Yoast SEO plugin v27.2 - https:\/\/yoast.com\/product\/yoast-seo-wordpress\/ -->\n<title>Lacoste mode sieviet\u0113m un v\u012brie\u0161iem R\u012bg\u0101<\/title>\n<meta name=\"description\" content=\"Lacoste apvieno sporta un ielas ap\u0123\u0113rbu. Ieg\u0101d\u0101jieties v\u012brie\u0161u un sievie\u0161u modes ap\u0123\u0113rbu no krokodila z\u012bmola veikal\u0101 VAN GRAAF R\u012bg\u0101.\" \/>\n<meta name=\"robots\" content=\"index, follow, max-snippet:-1, max-image-preview:large, max-video-preview:-1\" \/>\n<link rel=\"canonical\" href=\"https:\/\/www.vangraaf.com\/lv\/zimoli\/lacoste\/\" \/>\n<meta property=\"og:locale\" content=\"lv_LV\" \/>\n<meta property=\"og:type\" content=\"article\" \/>\n<meta property=\"og:title\" content=\"Lacoste mode sieviet\u0113m un v\u012brie\u0161iem R\u012bg\u0101\" \/>\n<meta property=\"og:description\" content=\"Lacoste apvieno sporta un ielas ap\u0123\u0113rbu. Ieg\u0101d\u0101jieties v\u012brie\u0161u un sievie\u0161u modes ap\u0123\u0113rbu no krokodila z\u012bmola veikal\u0101 VAN GRAAF R\u012bg\u0101.\" \/>\n<meta property=\"og:url\" content=\"https:\/\/www.vangraaf.com\/lv\/zimoli\/lacoste\/\" \/>\n<meta property=\"og:site_name\" content=\"VAN GRAAF Latvija\" \/>\n<meta property=\"article:modified_time\" content=\"2021-09-09T09:04:18+00:00\" \/>\n<meta name=\"twitter:card\" content=\"summary_large_image\" \/>\n<meta name=\"twitter:label1\" content=\"Est. reading time\" \/>\n\t<meta name=\"twitter:data1\" content=\"3 min\u016btes\" \/>\n<script type=\"application\/ld+json\" class=\"yoast-schema-graph\">{\"@context\":\"https:\/\/schema.org\",\"@graph\":[{\"@type\":\"WebPage\",\"@id\":\"https:\/\/www.vangraaf.com\/lv\/zimoli\/lacoste\/\",\"url\":\"https:\/\/www.vangraaf.com\/lv\/zimoli\/lacoste\/\",\"name\":\"Lacoste mode sieviet\u0113m un v\u012brie\u0161iem R\u012bg\u0101\",\"isPartOf\":{\"@id\":\"https:\/\/www.vangraaf.com\/lv\/#website\"},\"datePublished\":\"2020-03-12T12:46:42+00:00\",\"dateModified\":\"2021-09-09T09:04:18+00:00\",\"description\":\"Lacoste apvieno sporta un ielas ap\u0123\u0113rbu. Ieg\u0101d\u0101jieties v\u012brie\u0161u un sievie\u0161u modes ap\u0123\u0113rbu no krokodila z\u012bmola veikal\u0101 VAN GRAAF R\u012bg\u0101.\",\"breadcrumb\":{\"@id\":\"https:\/\/www.vangraaf.com\/lv\/zimoli\/lacoste\/#breadcrumb\"},\"inLanguage\":\"lv-LV\",\"potentialAction\":[{\"@type\":\"ReadAction\",\"target\":[\"https:\/\/www.vangraaf.com\/lv\/zimoli\/lacoste\/\"]}]},{\"@type\":\"BreadcrumbList\",\"@id\":\"https:\/\/www.vangraaf.com\/lv\/zimoli\/lacoste\/#breadcrumb\",\"itemListElement\":[{\"@type\":\"ListItem\",\"position\":1,\"name\":\"Home\",\"item\":\"https:\/\/www.vangraaf.com\/lv\/\"},{\"@type\":\"ListItem\",\"position\":2,\"name\":\"Marken\",\"item\":\"https:\/\/www.vangraaf.com\/lv\/zimoli\/\"},{\"@type\":\"ListItem\",\"position\":3,\"name\":\"Lacoste\"}]},{\"@type\":\"WebSite\",\"@id\":\"https:\/\/www.vangraaf.com\/lv\/#website\",\"url\":\"https:\/\/www.vangraaf.com\/lv\/\",\"name\":\"VAN GRAAF\",\"description\":\"VAN GRAAF\",\"potentialAction\":[{\"@type\":\"SearchAction\",\"target\":{\"@type\":\"EntryPoint\",\"urlTemplate\":\"https:\/\/www.vangraaf.com\/lv\/?s={search_term_string}\"},\"query-input\":{\"@type\":\"PropertyValueSpecification\",\"valueRequired\":true,\"valueName\":\"search_term_string\"}}],\"inLanguage\":\"lv-LV\"}]}<\/script>\n<!-- \/ Yoast SEO plugin. -->","yoast_head_json":{"title":"Lacoste mode sieviet\u0113m un v\u012brie\u0161iem R\u012bg\u0101","description":"Lacoste apvieno sporta un ielas ap\u0123\u0113rbu. Ieg\u0101d\u0101jieties v\u012brie\u0161u un sievie\u0161u modes ap\u0123\u0113rbu no krokodila z\u012bmola veikal\u0101 VAN GRAAF R\u012bg\u0101.","robots":{"index":"index","follow":"follow","max-snippet":"max-snippet:-1","max-image-preview":"max-image-preview:large","max-video-preview":"max-video-preview:-1"},"canonical":"https:\/\/www.vangraaf.com\/lv\/zimoli\/lacoste\/","og_locale":"lv_LV","og_type":"article","og_title":"Lacoste mode sieviet\u0113m un v\u012brie\u0161iem R\u012bg\u0101","og_description":"Lacoste apvieno sporta un ielas ap\u0123\u0113rbu. Ieg\u0101d\u0101jieties v\u012brie\u0161u un sievie\u0161u modes ap\u0123\u0113rbu no krokodila z\u012bmola veikal\u0101 VAN GRAAF R\u012bg\u0101.","og_url":"https:\/\/www.vangraaf.com\/lv\/zimoli\/lacoste\/","og_site_name":"VAN GRAAF Latvija","article_modified_time":"2021-09-09T09:04:18+00:00","twitter_card":"summary_large_image","twitter_misc":{"Est. reading time":"3 min\u016btes"},"schema":{"@context":"https:\/\/schema.org","@graph":[{"@type":"WebPage","@id":"https:\/\/www.vangraaf.com\/lv\/zimoli\/lacoste\/","url":"https:\/\/www.vangraaf.com\/lv\/zimoli\/lacoste\/","name":"Lacoste mode sieviet\u0113m un v\u012brie\u0161iem R\u012bg\u0101","isPartOf":{"@id":"https:\/\/www.vangraaf.com\/lv\/#website"},"datePublished":"2020-03-12T12:46:42+00:00","dateModified":"2021-09-09T09:04:18+00:00","description":"Lacoste apvieno sporta un ielas ap\u0123\u0113rbu. Ieg\u0101d\u0101jieties v\u012brie\u0161u un sievie\u0161u modes ap\u0123\u0113rbu no krokodila z\u012bmola veikal\u0101 VAN GRAAF R\u012bg\u0101.","breadcrumb":{"@id":"https:\/\/www.vangraaf.com\/lv\/zimoli\/lacoste\/#breadcrumb"},"inLanguage":"lv-LV","potentialAction":[{"@type":"ReadAction","target":["https:\/\/www.vangraaf.com\/lv\/zimoli\/lacoste\/"]}]},{"@type":"BreadcrumbList","@id":"https:\/\/www.vangraaf.com\/lv\/zimoli\/lacoste\/#breadcrumb","itemListElement":[{"@type":"ListItem","position":1,"name":"Home","item":"https:\/\/www.vangraaf.com\/lv\/"},{"@type":"ListItem","position":2,"name":"Marken","item":"https:\/\/www.vangraaf.com\/lv\/zimoli\/"},{"@type":"ListItem","position":3,"name":"Lacoste"}]},{"@type":"WebSite","@id":"https:\/\/www.vangraaf.com\/lv\/#website","url":"https:\/\/www.vangraaf.com\/lv\/","name":"VAN GRAAF","description":"VAN GRAAF","potentialAction":[{"@type":"SearchAction","target":{"@type":"EntryPoint","urlTemplate":"https:\/\/www.vangraaf.com\/lv\/?s={search_term_string}"},"query-input":{"@type":"PropertyValueSpecification","valueRequired":true,"valueName":"search_term_string"}}],"inLanguage":"lv-LV"}]}},"_links":{"self":[{"href":"https:\/\/www.vangraaf.com\/lv\/wp-json\/wp\/v2\/pages\/4618","targetHints":{"allow":["GET"]}}],"collection":[{"href":"https:\/\/www.vangraaf.com\/lv\/wp-json\/wp\/v2\/pages"}],"about":[{"href":"https:\/\/www.vangraaf.com\/lv\/wp-json\/wp\/v2\/types\/page"}],"author":[{"embeddable":true,"href":"https:\/\/www.vangraaf.com\/lv\/wp-json\/wp\/v2\/users\/3"}],"replies":[{"embeddable":true,"href":"https:\/\/www.vangraaf.com\/lv\/wp-json\/wp\/v2\/comments?post=4618"}],"version-history":[{"count":8,"href":"https:\/\/www.vangraaf.com\/lv\/wp-json\/wp\/v2\/pages\/4618\/revisions"}],"predecessor-version":[{"id":5598,"href":"https:\/\/www.vangraaf.com\/lv\/wp-json\/wp\/v2\/pages\/4618\/revisions\/5598"}],"up":[{"embeddable":true,"href":"https:\/\/www.vangraaf.com\/lv\/wp-json\/wp\/v2\/pages\/3938"}],"wp:attachment":[{"href":"https:\/\/www.vangraaf.com\/lv\/wp-json\/wp\/v2\/media?parent=4618"}],"curies":[{"name":"wp","href":"https:\/\/api.w.org\/{rel}","templated":true}]}}