{"id":4617,"date":"2020-03-12T12:07:04","date_gmt":"2020-03-12T11:07:04","guid":{"rendered":"http:\/\/van-graaf.test\/ch\/?page_id=3608"},"modified":"2022-05-03T12:38:36","modified_gmt":"2022-05-03T10:38:36","slug":"finshley-harding","status":"publish","type":"page","link":"https:\/\/www.vangraaf.com\/lv\/zimoli\/finshley-harding\/","title":{"rendered":"Finshley &amp; Harding"},"content":{"rendered":"<div class=\"wpb-content-wrapper\">[vc_row full_width=&#8221;stretch_row_content_no_spaces&#8221;][vc_column]<div class=\"keyvisual\" data-aos=\"fade-up\" ><img loading=\"lazy\" decoding=\"async\" width=\"1440\" height=\"480\" src=\"https:\/\/www.vangraaf.com\/lv\/wp-content\/uploads\/sites\/5\/2020\/09\/Logo_FinshleyHarding.jpg\" class=\"vc_single_image-img\" alt=\"\" srcset=\"https:\/\/www.vangraaf.com\/lv\/wp-content\/uploads\/sites\/5\/2020\/09\/Logo_FinshleyHarding.jpg 1440w, https:\/\/www.vangraaf.com\/lv\/wp-content\/uploads\/sites\/5\/2020\/09\/Logo_FinshleyHarding-300x100.jpg 300w, https:\/\/www.vangraaf.com\/lv\/wp-content\/uploads\/sites\/5\/2020\/09\/Logo_FinshleyHarding-1024x341.jpg 1024w, https:\/\/www.vangraaf.com\/lv\/wp-content\/uploads\/sites\/5\/2020\/09\/Logo_FinshleyHarding-768x256.jpg 768w, https:\/\/www.vangraaf.com\/lv\/wp-content\/uploads\/sites\/5\/2020\/09\/Logo_FinshleyHarding-1200x400.jpg 1200w, https:\/\/www.vangraaf.com\/lv\/wp-content\/uploads\/sites\/5\/2020\/09\/Logo_FinshleyHarding-992x331.jpg 992w, https:\/\/www.vangraaf.com\/lv\/wp-content\/uploads\/sites\/5\/2020\/09\/Logo_FinshleyHarding-480x160.jpg 480w\" sizes=\"(max-width: 1440px) 100vw, 1440px\" \/><\/div>\n        <div class=\"headlines headlines--center\" data-aos=\"fade-up\">\n            <div class=\"vc_row\">\n                <div class=\"vc_col-md-10 vc_col-md-offset-1 vc_col-lg-10 vc_col-lg-offset-1\"><span class=\"h6\">Finshley &amp; Harding<\/span><h1 class=\"h2\">Britu akcenti Finshley &amp; Harding pied\u0101v\u0101jum\u0101 VAN GRAAF sortiment\u0101<\/h1><\/div>\n            <\/div>\n        <\/div>[vc_column_text]\r\n<p style=\"text-align: center\">Britu v\u012brie\u0161u mode vienm\u0113r ir \u012bpatn\u0113ji neatk\u0101rtojama un sav\u0101 stil\u0101 unik\u0101la. Britu \u0161iks noz\u012bm\u0113 klasisku ietvaru, kuru pastiprina nians\u0113ts smalkums un tverama pa\u0161pietiekam\u012bba. Ja v\u012brietis izv\u0113las \u0161o stilu, tas apliecina vi\u0146a <strong>gaumi un est\u0113tisko izj\u016btu<\/strong>. Tas ir stila standarts, kuru izpilda Finshley &amp; Harding ap\u0123\u0113rbi. \u0160\u012b britu z\u012bmola v\u012brie\u0161u mode apliecina stilu un eleganci dizain\u0101 ar nep\u0101rprotami anglisku raksturu.<\/p>\r\n<p style=\"text-align: center\">No ikdienai piem\u0113rota l\u012bdz lieti\u0161\u0137ajam uzvalkam \u2013 viss Finshley &amp; Harding sortiments vienm\u0113r ir pieder\u012bgs <strong>augst\u0101k\u0101 l\u012bme\u0146a kungu modei<\/strong>. VAN GRAAF pied\u0101v\u0101jum\u0101 J\u016bs atrad\u012bsiet visu nepiecie\u0161amo Finshley &amp; Harding v\u012brie\u0161u garderobes pamatelementu kl\u0101stu, kas stilistiski bag\u0101tin\u0101s J\u016bsu t\u0113lu.<\/p>\r\n[\/vc_column_text][vc_row_inner][vc_column_inner]\n            <div class=\"vg-element topic-slider topic-slider--left topic-slider--dark\" style=\"--season-color-1: #ededed; --season-color-2: #002045\" data-aos=\"fade-up\">\n                <div class=\"topic-slider__inner\">\n                    <div class=\"content_wrap\">\n                        <div class=\"vc_row\">\n                            <div class=\"vc_col-md-12 vc_col-lg-10 vc_col-lg-offset-1\">\n                                <div class=\"vc_row\">\n                                    <div class=\"vc_col-sm-6\"><div class=\"topic-slider__image-wrap\"><div class=\"topic-slider__slider-wrap\"><div class=\"js-topic-slider\"><div class=\"topic-slider__slider__item\"><img loading=\"lazy\" decoding=\"async\" width=\"427\" height=\"639\" src=\"https:\/\/www.vangraaf.com\/lv\/wp-content\/uploads\/sites\/5\/2022\/05\/VKF_HAKA_FHL_A_0456.jpg\" class=\"vc_single_image-img attachment-full\" alt=\"\" title=\"VKF_HAKA_FHL_A_0456\" srcset=\"https:\/\/www.vangraaf.com\/lv\/wp-content\/uploads\/sites\/5\/2022\/05\/VKF_HAKA_FHL_A_0456.jpg 427w, https:\/\/www.vangraaf.com\/lv\/wp-content\/uploads\/sites\/5\/2022\/05\/VKF_HAKA_FHL_A_0456-200x300.jpg 200w\" sizes=\"(max-width: 427px) 100vw, 427px\" \/><\/div><div class=\"topic-slider__slider__item\"><img loading=\"lazy\" decoding=\"async\" width=\"427\" height=\"639\" src=\"https:\/\/www.vangraaf.com\/lv\/wp-content\/uploads\/sites\/5\/2022\/05\/VKF_HAKA_FHL_B_1346.jpg\" class=\"vc_single_image-img attachment-full\" alt=\"\" title=\"VKF_HAKA_FHL_B_1346\" srcset=\"https:\/\/www.vangraaf.com\/lv\/wp-content\/uploads\/sites\/5\/2022\/05\/VKF_HAKA_FHL_B_1346.jpg 427w, https:\/\/www.vangraaf.com\/lv\/wp-content\/uploads\/sites\/5\/2022\/05\/VKF_HAKA_FHL_B_1346-200x300.jpg 200w\" sizes=\"(max-width: 427px) 100vw, 427px\" \/><\/div><div class=\"topic-slider__slider__item\"><img loading=\"lazy\" decoding=\"async\" width=\"427\" height=\"639\" src=\"https:\/\/www.vangraaf.com\/lv\/wp-content\/uploads\/sites\/5\/2022\/05\/VKF_HAKA_FHL_H_3124.jpg\" class=\"vc_single_image-img attachment-full\" alt=\"\" title=\"VKF_HAKA_FHL_H_3124\" srcset=\"https:\/\/www.vangraaf.com\/lv\/wp-content\/uploads\/sites\/5\/2022\/05\/VKF_HAKA_FHL_H_3124.jpg 427w, https:\/\/www.vangraaf.com\/lv\/wp-content\/uploads\/sites\/5\/2022\/05\/VKF_HAKA_FHL_H_3124-200x300.jpg 200w\" sizes=\"(max-width: 427px) 100vw, 427px\" \/><\/div><\/div><\/div><\/div><\/div><div class=\"vc_col-sm-6 vc_col-md-5 vc_col-md-offset-1\"><div class=\"topic-slider__content\"><span class=\"h4\">Ekstravagance, bet bez p\u0101rsp\u012bl\u0113jumiem \u2013 Anglijas iedvesmotais Finshley &amp; Harding stils<\/span><p>Modes liet\u0101s ko britisk\u0101ku ir gr\u016bti iedom\u0101ties \u2013 pa\u0161apzin\u012bga attur\u012bba ar p\u0101rlaic\u012bgu eleganci, ko papildina nians\u0113tas deta\u013cas un sportiski elementi. Daudzos Finshley &amp; Harding ap\u0123\u0113rbos var atpaz\u012bt tik anglisko <strong>sp\u0113ju ironiz\u0113t, saglab\u0101jot uztic\u012bbu savai dendija p\u0101rliec\u012bbai<\/strong>. R\u016btots uzvalks, kuru pavada kr\u0101s\u0101s saskan\u012bgs krekls ar atbilsto\u0161u tauri\u0146u, Lielbrit\u0101nij\u0101 var tikt uzskat\u012bts par piln\u012bgi piem\u0113rotu ikdienas ap\u0123\u0113rbu.<\/p>\n<\/div><\/div>\n                                <\/div>\n                            <\/div>\n                        <\/div>\n                    <\/div>\n                <\/div>\n            <\/div>[\/vc_column_inner][\/vc_row_inner][\/vc_column][\/vc_row][vc_row][vc_column][vc_column_text]Jums ir iesp\u0113ja bag\u0101tin\u0101t savu garderobi ar britu noska\u0146u, izv\u0113loties savai gaumei piem\u0113rot\u0101kos pamatelementus k\u0101 velveta \u017eaketes, lidot\u0101ja \u0101das jakas vai koled\u017eas stila deta\u013cas, kas akcent\u0113s J\u016bsu t\u0113la kopiespaidu. Finshley &amp; Harding z\u012bmola kolekcijas b\u016bt\u012bba ir iesp\u0113jamo kombin\u0101ciju da\u017e\u0101d\u012bba, dodot iesp\u0113ju <strong>vienot pamat\u012bgo ar izsv\u0113rt\u012bbu un \u012bpatn\u0113jumu<\/strong>. Britu modes tipiskie pamatelementi vienm\u0113r ir dro\u0161i p\u0101rlaic\u012bgs papildin\u0101jums vis\u0101m v\u012brie\u0161u garderob\u0113m.[\/vc_column_text][\/vc_column][\/vc_row][vc_row][vc_column]\n        <div class=\"headlines headlines--center\" data-aos=\"fade-up\">\n            <div class=\"vc_row\">\n                <div class=\"vc_col-md-10 vc_col-md-offset-1 vc_col-lg-10 vc_col-lg-offset-1\"><h2 class=\"h2\">Finshley &amp; Harding z\u012bmola klasiskie un daudzpus\u012bgi kombin\u0113jamie pamatelementi VAN GRAAF sortiment\u0101<\/h2><\/div>\n            <\/div>\n        <\/div>[vc_column_text]Tipiskais britu t\u0113ls dzimst tradicion\u0101lo elementu, augstv\u0113rt\u012bgu materi\u0101lu un \u0161kipsnas ekstravagances sasp\u0113l\u0113. Finshley &amp; Harding\u00a0 z\u012bmols ar sportisk\u0101m deta\u013c\u0101m sp\u0113j klasisku ap\u0123\u0113rbu veikli iegriezt absol\u016bti laikmet\u012bg\u0101 rakurs\u0101.\r\n\r\nM\u016bsu VAN GRAAF veikalu pied\u0101v\u0101jum\u0101 atrad\u012bsiet ikdienai ide\u0101li piem\u0113rotu sportisk\u0101 stila ap\u0123\u0113rbu, k\u0101 ar\u012b prec\u012bzi akcent\u0113tus mode\u013cus, kas izcels J\u016bsu individualit\u0101ti. Tas dod Jums iesp\u0113ju eksperimentiem da\u017e\u0101d\u0101s ap\u0123\u0113rbu kombin\u0101cij\u0101s, k\u0101 ar\u012b rado\u0161i izveidot savu pavisam person\u012bgo t\u0113lu:\r\n<ul>\r\n \t<li>Finshley &amp; Harding \u017eaketes un vestes vienm\u0113r b\u016bs dro\u0161s elements kopt\u0113lam ar uzvalka biks\u0113m vai d\u017einsiem,<\/li>\r\n \t<li>\u017dakete jebkad izskat\u012bsies eleganta, velkot to ar kreklu, bet tikpat stila zi\u0146\u0101 dro\u0161i to var kombin\u0113t ar smalkas dzijas d\u017eemperi vai attur\u012bgu T-kreklu ar gar\u0101m piedurkn\u0113m,<\/li>\r\n \t<li>Bik\u0161turi, tauri\u0146i vai ze\u0137es, kuras dz\u012bvespriec\u012bg\u0101s kr\u0101s\u0101s apsedz k\u0101jas pot\u012bti? Ar J\u016bsu izv\u0113l\u0113tajai ap\u0123\u0113rbu kombin\u0101cijai perfekti piem\u0113rotiem aksesu\u0101riem J\u016bs izcelsiet savu neatvair\u0101mo individualit\u0101ti. To akcent\u0113s demonstr\u0113t\u0101 sp\u0113ja p\u0101rliecino\u0161i rota\u013c\u012bgi sekot modei un humora deva, kas vienm\u0113r liecina par stilu un l\u012bmeni. Britu modes trad\u012bcija tam ir p\u0101rliecino\u0161\u0101kais pier\u0101d\u012bjums.<\/li>\r\n<\/ul>\r\n[\/vc_column_text][\/vc_column][\/vc_row][vc_row][vc_column]\n        <div class=\"headlines headlines--center\" data-aos=\"fade-up\">\n            <div class=\"vc_row\">\n                <div class=\"vc_col-md-10 vc_col-md-offset-1 vc_col-lg-10 vc_col-lg-offset-1\"><h2 class=\"h2\">Finshley &amp; Harding pied\u0101v\u0101 iesp\u0113ju kombin\u0113t savu sap\u0146u uzvalku<\/h2><\/div>\n            <\/div>\n        <\/div>[vc_column_text]J\u016bs mekl\u0113jat t\u0101du lieti\u0161\u0137o stilu, kur\u0161 saglab\u0101 person\u012bgo harizmu? Finshley &amp; Harding uzvalki ir tie\u0161i t\u0101da izv\u0113le augst\u0101k\u0101 l\u012bme\u0146a modes pied\u0101v\u0101jum\u0101, no kura J\u016bs varat izv\u0113l\u0113ties savstarp\u0113ji saska\u0146otus elementus, lai izveidotu savu personisko sap\u0146u ansambli, kas perfekti atbilst tie\u0161i Jums k\u0101 griezum\u0101, t\u0101 p\u0113c kr\u0101sas un formas.\r\n\r\nEksperimentiem un p\u0101rmai\u0146\u0101m atv\u0113rtam v\u012brietim vispiem\u0113rot\u0101k\u0101s ir <a href=\"https:\/\/www.vangraaf.com\/lv\/konsultacijas-un-stils\/padomi\/individuali-pielagots-uzvalks\/\">uzvalku elementu kombin\u0101cijas<\/a>, kur J\u016bs varat izv\u0113l\u0113ties \u017eaketi un bikses, lai no t\u0101 izveidotu savu ide\u0101lo uzvalku. Sortimenta pla\u0161\u0101 izv\u0113le nodro\u0161ina optim\u0101lu rezult\u0101tu un atbilst\u012bbu vis\u0101m J\u016bsu vajadz\u012bb\u0101m.[\/vc_column_text][\/vc_column][\/vc_row][vc_row][vc_column]<div class=\"vg-element brand-slider brand-slider--light\" data-aos=\"fade-up\"><div class=\"brand-slider__inner\"><div class=\"brand-slider__slider js-brand-slider\"><div class=\"brand-slider__slider__item\"><a href=\"https:\/\/www.vangraaf.com\/lv\/zimoli\/adidas-originals\/\" title=\"adidas Originals\"><img loading=\"lazy\" decoding=\"async\" width=\"1\" height=\"1\" src=\"https:\/\/www.vangraaf.com\/lv\/wp-content\/uploads\/sites\/5\/2020\/03\/Adidas_Logo_grau_OK.svg\" class=\"attachment-full size-full\" alt=\"\" \/><\/a><\/div><div class=\"brand-slider__slider__item\"><a href=\"https:\/\/www.vangraaf.com\/lv\/zimoli\/tommy-hilfiger\/\" title=\"Tommy Hilfiger\"><img loading=\"lazy\" decoding=\"async\" width=\"1\" height=\"1\" src=\"https:\/\/www.vangraaf.com\/lv\/wp-content\/uploads\/sites\/5\/2020\/03\/Tommy_Hilfiger_4c_grau_OK.svg\" class=\"attachment-full size-full\" alt=\"\" \/><\/a><\/div><div class=\"brand-slider__slider__item\"><a href=\"https:\/\/www.vangraaf.com\/lv\/zimoli\/levis\/\" title=\"Levi&#039;s\"><img loading=\"lazy\" decoding=\"async\" width=\"1\" height=\"1\" src=\"https:\/\/www.vangraaf.com\/lv\/wp-content\/uploads\/sites\/5\/2020\/03\/Levis_Logo_grau_OK.svg\" class=\"attachment-full size-full\" alt=\"\" \/><\/a><\/div><div class=\"brand-slider__slider__item\"><a href=\"https:\/\/www.vangraaf.com\/lv\/zimoli\/calvin-klein\/\" title=\"Calvin Klein\"><img loading=\"lazy\" decoding=\"async\" width=\"1\" height=\"1\" src=\"https:\/\/www.vangraaf.com\/lv\/wp-content\/uploads\/sites\/5\/2020\/03\/Calvin-Klein-Logo-grau_OK.svg\" class=\"attachment-full size-full\" alt=\"\" \/><\/a><\/div><div class=\"brand-slider__slider__item\"><a href=\"https:\/\/www.vangraaf.com\/lv\/zimoli\/champion\/\" title=\"Champion\"><img loading=\"lazy\" decoding=\"async\" width=\"1\" height=\"1\" src=\"https:\/\/www.vangraaf.com\/lv\/wp-content\/uploads\/sites\/5\/2020\/03\/Champion_Logo_grau_OK.svg\" class=\"attachment-full size-full\" alt=\"\" \/><\/a><\/div><div class=\"brand-slider__slider__item\"><a href=\"https:\/\/www.vangraaf.com\/lv\/zimoli\/lacoste\/\" title=\"Lacoste\"><img loading=\"lazy\" decoding=\"async\" width=\"1\" height=\"1\" src=\"https:\/\/www.vangraaf.com\/lv\/wp-content\/uploads\/sites\/5\/2020\/03\/Lacoste_Logo_4c_grau_Ausnahme_OK.svg\" class=\"attachment-full size-full\" alt=\"\" \/><\/a><\/div><div class=\"brand-slider__slider__item\"><a href=\"https:\/\/www.vangraaf.com\/lv\/zimoli\/superdry\/\" title=\"Superdry\"><img loading=\"lazy\" decoding=\"async\" width=\"1\" height=\"1\" src=\"https:\/\/www.vangraaf.com\/lv\/wp-content\/uploads\/sites\/5\/2020\/03\/Superdry_Logo_grau_OK.svg\" class=\"attachment-full size-full\" alt=\"\" \/><\/a><\/div><div class=\"brand-slider__slider__item\"><a href=\"https:\/\/www.vangraaf.com\/lv\/zimoli\/fila\/\" title=\"FILA\"><img loading=\"lazy\" decoding=\"async\" width=\"1\" height=\"1\" src=\"https:\/\/www.vangraaf.com\/lv\/wp-content\/uploads\/sites\/5\/2020\/03\/Fila-Logo-grau_OK.svg\" class=\"attachment-full size-full\" alt=\"\" \/><\/a><\/div><div class=\"brand-slider__slider__item\"><a href=\"https:\/\/www.vangraaf.com\/lv\/zimoli\/tom-tailor\/\" title=\"TOM TAILOR\"><img loading=\"lazy\" decoding=\"async\" width=\"1\" height=\"1\" src=\"https:\/\/www.vangraaf.com\/lv\/wp-content\/uploads\/sites\/5\/2020\/03\/Tom_Tailor_Logo_grau_OK.svg\" class=\"attachment-full size-full\" alt=\"\" \/><\/a><\/div><div class=\"brand-slider__slider__item\"><a href=\"https:\/\/www.vangraaf.com\/lv\/zimoli\/alpha-industries\/\" title=\"Alpha Industries\"><img loading=\"lazy\" decoding=\"async\" width=\"1\" height=\"1\" src=\"https:\/\/www.vangraaf.com\/lv\/wp-content\/uploads\/sites\/5\/2020\/03\/Alpha_Industries_Logo_grau_OK.svg\" class=\"attachment-full size-full\" alt=\"\" \/><\/a><\/div><div class=\"brand-slider__slider__item\"><a href=\"https:\/\/www.vangraaf.com\/lv\/zimoli\/g-star\/\" title=\"G-Star RAW\"><img loading=\"lazy\" decoding=\"async\" width=\"1\" height=\"1\" src=\"https:\/\/www.vangraaf.com\/lv\/wp-content\/uploads\/sites\/5\/2020\/03\/G_Star_Logo_grau_OK.svg\" class=\"attachment-full size-full\" alt=\"\" \/><\/a><\/div><div class=\"brand-slider__slider__item\"><a href=\"https:\/\/www.vangraaf.com\/lv\/zimoli\/vila\/\" title=\"VILA\"><img loading=\"lazy\" decoding=\"async\" width=\"1\" height=\"1\" src=\"https:\/\/www.vangraaf.com\/lv\/wp-content\/uploads\/sites\/5\/2020\/03\/Vila_Logo_grau_OK.svg\" class=\"attachment-full size-full\" alt=\"\" \/><\/a><\/div><div class=\"brand-slider__slider__item\"><a href=\"https:\/\/www.vangraaf.com\/lv\/zimoli\/boss\/\" title=\"BOSS\"><img loading=\"lazy\" decoding=\"async\" width=\"1\" height=\"1\" src=\"https:\/\/www.vangraaf.com\/lv\/wp-content\/uploads\/sites\/5\/2020\/03\/Boss_Logo_grau_OK.svg\" class=\"attachment-full size-full\" alt=\"\" \/><\/a><\/div><div class=\"brand-slider__slider__item\"><a href=\"https:\/\/www.vangraaf.com\/lv\/zimoli\/armani-exchange\/\" title=\"Armani Exchange\"><img loading=\"lazy\" decoding=\"async\" width=\"1\" height=\"1\" src=\"https:\/\/www.vangraaf.com\/lv\/wp-content\/uploads\/sites\/5\/2020\/03\/Armani-Exchange-Logo-grau_OK.svg\" class=\"attachment-full size-full\" alt=\"\" \/><\/a><\/div><div class=\"brand-slider__slider__item\"><a href=\"https:\/\/www.vangraaf.com\/lv\/zimoli\/polo-ralph-lauren\/\" title=\"Polo Ralph Lauren\"><img loading=\"lazy\" decoding=\"async\" width=\"1\" height=\"1\" src=\"https:\/\/www.vangraaf.com\/lv\/wp-content\/uploads\/sites\/5\/2020\/03\/Ralph_Lauren_Logo_grau_OK.svg\" class=\"attachment-full size-full\" alt=\"\" \/><\/a><\/div><div class=\"brand-slider__slider__item\"><a href=\"https:\/\/www.vangraaf.com\/lv\/zimoli\/marie-lund\/\" title=\"Marie Lund\"><img loading=\"lazy\" decoding=\"async\" width=\"1\" height=\"1\" src=\"https:\/\/www.vangraaf.com\/lv\/wp-content\/uploads\/sites\/5\/2020\/03\/Marie_Lund_Logo_grau_OK.svg\" class=\"attachment-full size-full\" alt=\"\" \/><\/a><\/div><\/div><\/div><\/div>[\/vc_column][\/vc_row]<\/div>","protected":false},"excerpt":{"rendered":"[vc_row full_width=&#8221;stretch_row_content_no_spaces&#8221;][vc_column][vc_column_text] Britu v\u012brie\u0161u mode vienm\u0113r ir \u012bpatn\u0113ji neatk\u0101rtojama un sav\u0101 stil\u0101 unik\u0101la. Britu \u0161iks noz\u012bm\u0113 klasisku ietvaru, kuru pastiprina nians\u0113ts smalkums un tverama pa\u0161pietiekam\u012bba. Ja v\u012brietis izv\u0113las \u0161o stilu, tas apliecina vi\u0146a gaumi un est\u0113tisko izj\u016btu. Tas ir stila standarts, kuru izpilda Finshley &amp; Harding ap\u0123\u0113rbi. \u0160\u012b britu z\u012bmola v\u012brie\u0161u mode apliecina stilu un [&hellip;]","protected":false},"author":3,"featured_media":0,"parent":3938,"menu_order":0,"comment_status":"closed","ping_status":"closed","template":"","meta":{"_acf_changed":false,"inline_featured_image":false,"footnotes":""},"class_list":["post-4617","page","type-page","status-publish","hentry"],"acf":[],"yoast_head":"<!-- This site is optimized with the Yoast SEO plugin v27.2 - https:\/\/yoast.com\/product\/yoast-seo-wordpress\/ -->\n<title>P\u0113rciet VAN GRAAF britu modes preces v\u012brie\u0161iem no Finshley &amp; Harding<\/title>\n<meta name=\"description\" content=\"Britu klasika un no modes neizejo\u0161i v\u012brie\u0161u augsta l\u012bme\u0146a modes pamatelementi no Finshley &amp; Harding VAN GRAAF veikal\u0101!\" \/>\n<meta name=\"robots\" content=\"index, follow, max-snippet:-1, max-image-preview:large, max-video-preview:-1\" \/>\n<link rel=\"canonical\" href=\"https:\/\/www.vangraaf.com\/lv\/zimoli\/finshley-harding\/\" \/>\n<meta property=\"og:locale\" content=\"lv_LV\" \/>\n<meta property=\"og:type\" content=\"article\" \/>\n<meta property=\"og:title\" content=\"P\u0113rciet VAN GRAAF britu modes preces v\u012brie\u0161iem no Finshley &amp; Harding\" \/>\n<meta property=\"og:description\" content=\"Britu klasika un no modes neizejo\u0161i v\u012brie\u0161u augsta l\u012bme\u0146a modes pamatelementi no Finshley &amp; Harding VAN GRAAF veikal\u0101!\" \/>\n<meta property=\"og:url\" content=\"https:\/\/www.vangraaf.com\/lv\/zimoli\/finshley-harding\/\" \/>\n<meta property=\"og:site_name\" content=\"VAN GRAAF Latvija\" \/>\n<meta property=\"article:modified_time\" content=\"2022-05-03T10:38:36+00:00\" \/>\n<meta name=\"twitter:card\" content=\"summary_large_image\" \/>\n<meta name=\"twitter:label1\" content=\"Est. reading time\" \/>\n\t<meta name=\"twitter:data1\" content=\"4 min\u016btes\" \/>\n<script type=\"application\/ld+json\" class=\"yoast-schema-graph\">{\"@context\":\"https:\/\/schema.org\",\"@graph\":[{\"@type\":\"WebPage\",\"@id\":\"https:\/\/www.vangraaf.com\/lv\/zimoli\/finshley-harding\/\",\"url\":\"https:\/\/www.vangraaf.com\/lv\/zimoli\/finshley-harding\/\",\"name\":\"P\u0113rciet VAN GRAAF britu modes preces v\u012brie\u0161iem no Finshley & Harding\",\"isPartOf\":{\"@id\":\"https:\/\/www.vangraaf.com\/lv\/#website\"},\"datePublished\":\"2020-03-12T11:07:04+00:00\",\"dateModified\":\"2022-05-03T10:38:36+00:00\",\"description\":\"Britu klasika un no modes neizejo\u0161i v\u012brie\u0161u augsta l\u012bme\u0146a modes pamatelementi no Finshley & Harding VAN GRAAF veikal\u0101!\",\"breadcrumb\":{\"@id\":\"https:\/\/www.vangraaf.com\/lv\/zimoli\/finshley-harding\/#breadcrumb\"},\"inLanguage\":\"lv-LV\",\"potentialAction\":[{\"@type\":\"ReadAction\",\"target\":[\"https:\/\/www.vangraaf.com\/lv\/zimoli\/finshley-harding\/\"]}]},{\"@type\":\"BreadcrumbList\",\"@id\":\"https:\/\/www.vangraaf.com\/lv\/zimoli\/finshley-harding\/#breadcrumb\",\"itemListElement\":[{\"@type\":\"ListItem\",\"position\":1,\"name\":\"Home\",\"item\":\"https:\/\/www.vangraaf.com\/lv\/\"},{\"@type\":\"ListItem\",\"position\":2,\"name\":\"Marken\",\"item\":\"https:\/\/www.vangraaf.com\/lv\/zimoli\/\"},{\"@type\":\"ListItem\",\"position\":3,\"name\":\"Finshley &amp; Harding\"}]},{\"@type\":\"WebSite\",\"@id\":\"https:\/\/www.vangraaf.com\/lv\/#website\",\"url\":\"https:\/\/www.vangraaf.com\/lv\/\",\"name\":\"VAN GRAAF\",\"description\":\"VAN GRAAF\",\"potentialAction\":[{\"@type\":\"SearchAction\",\"target\":{\"@type\":\"EntryPoint\",\"urlTemplate\":\"https:\/\/www.vangraaf.com\/lv\/?s={search_term_string}\"},\"query-input\":{\"@type\":\"PropertyValueSpecification\",\"valueRequired\":true,\"valueName\":\"search_term_string\"}}],\"inLanguage\":\"lv-LV\"}]}<\/script>\n<!-- \/ Yoast SEO plugin. -->","yoast_head_json":{"title":"P\u0113rciet VAN GRAAF britu modes preces v\u012brie\u0161iem no Finshley & Harding","description":"Britu klasika un no modes neizejo\u0161i v\u012brie\u0161u augsta l\u012bme\u0146a modes pamatelementi no Finshley & Harding VAN GRAAF veikal\u0101!","robots":{"index":"index","follow":"follow","max-snippet":"max-snippet:-1","max-image-preview":"max-image-preview:large","max-video-preview":"max-video-preview:-1"},"canonical":"https:\/\/www.vangraaf.com\/lv\/zimoli\/finshley-harding\/","og_locale":"lv_LV","og_type":"article","og_title":"P\u0113rciet VAN GRAAF britu modes preces v\u012brie\u0161iem no Finshley & Harding","og_description":"Britu klasika un no modes neizejo\u0161i v\u012brie\u0161u augsta l\u012bme\u0146a modes pamatelementi no Finshley & Harding VAN GRAAF veikal\u0101!","og_url":"https:\/\/www.vangraaf.com\/lv\/zimoli\/finshley-harding\/","og_site_name":"VAN GRAAF Latvija","article_modified_time":"2022-05-03T10:38:36+00:00","twitter_card":"summary_large_image","twitter_misc":{"Est. reading time":"4 min\u016btes"},"schema":{"@context":"https:\/\/schema.org","@graph":[{"@type":"WebPage","@id":"https:\/\/www.vangraaf.com\/lv\/zimoli\/finshley-harding\/","url":"https:\/\/www.vangraaf.com\/lv\/zimoli\/finshley-harding\/","name":"P\u0113rciet VAN GRAAF britu modes preces v\u012brie\u0161iem no Finshley & Harding","isPartOf":{"@id":"https:\/\/www.vangraaf.com\/lv\/#website"},"datePublished":"2020-03-12T11:07:04+00:00","dateModified":"2022-05-03T10:38:36+00:00","description":"Britu klasika un no modes neizejo\u0161i v\u012brie\u0161u augsta l\u012bme\u0146a modes pamatelementi no Finshley & Harding VAN GRAAF veikal\u0101!","breadcrumb":{"@id":"https:\/\/www.vangraaf.com\/lv\/zimoli\/finshley-harding\/#breadcrumb"},"inLanguage":"lv-LV","potentialAction":[{"@type":"ReadAction","target":["https:\/\/www.vangraaf.com\/lv\/zimoli\/finshley-harding\/"]}]},{"@type":"BreadcrumbList","@id":"https:\/\/www.vangraaf.com\/lv\/zimoli\/finshley-harding\/#breadcrumb","itemListElement":[{"@type":"ListItem","position":1,"name":"Home","item":"https:\/\/www.vangraaf.com\/lv\/"},{"@type":"ListItem","position":2,"name":"Marken","item":"https:\/\/www.vangraaf.com\/lv\/zimoli\/"},{"@type":"ListItem","position":3,"name":"Finshley &amp; Harding"}]},{"@type":"WebSite","@id":"https:\/\/www.vangraaf.com\/lv\/#website","url":"https:\/\/www.vangraaf.com\/lv\/","name":"VAN GRAAF","description":"VAN GRAAF","potentialAction":[{"@type":"SearchAction","target":{"@type":"EntryPoint","urlTemplate":"https:\/\/www.vangraaf.com\/lv\/?s={search_term_string}"},"query-input":{"@type":"PropertyValueSpecification","valueRequired":true,"valueName":"search_term_string"}}],"inLanguage":"lv-LV"}]}},"_links":{"self":[{"href":"https:\/\/www.vangraaf.com\/lv\/wp-json\/wp\/v2\/pages\/4617","targetHints":{"allow":["GET"]}}],"collection":[{"href":"https:\/\/www.vangraaf.com\/lv\/wp-json\/wp\/v2\/pages"}],"about":[{"href":"https:\/\/www.vangraaf.com\/lv\/wp-json\/wp\/v2\/types\/page"}],"author":[{"embeddable":true,"href":"https:\/\/www.vangraaf.com\/lv\/wp-json\/wp\/v2\/users\/3"}],"replies":[{"embeddable":true,"href":"https:\/\/www.vangraaf.com\/lv\/wp-json\/wp\/v2\/comments?post=4617"}],"version-history":[{"count":12,"href":"https:\/\/www.vangraaf.com\/lv\/wp-json\/wp\/v2\/pages\/4617\/revisions"}],"predecessor-version":[{"id":5864,"href":"https:\/\/www.vangraaf.com\/lv\/wp-json\/wp\/v2\/pages\/4617\/revisions\/5864"}],"up":[{"embeddable":true,"href":"https:\/\/www.vangraaf.com\/lv\/wp-json\/wp\/v2\/pages\/3938"}],"wp:attachment":[{"href":"https:\/\/www.vangraaf.com\/lv\/wp-json\/wp\/v2\/media?parent=4617"}],"curies":[{"name":"wp","href":"https:\/\/api.w.org\/{rel}","templated":true}]}}