{"id":4616,"date":"2020-03-12T13:49:11","date_gmt":"2020-03-12T12:49:11","guid":{"rendered":"http:\/\/van-graaf.test\/ch\/?page_id=3636"},"modified":"2020-09-15T12:46:06","modified_gmt":"2020-09-15T10:46:06","slug":"fila","status":"publish","type":"page","link":"https:\/\/www.vangraaf.com\/lv\/zimoli\/fila\/","title":{"rendered":"FILA"},"content":{"rendered":"<div class=\"wpb-content-wrapper\">[vc_row full_width=&#8221;stretch_row_content_no_spaces&#8221;][vc_column]<div class=\"keyvisual\" data-aos=\"fade-up\" ><img loading=\"lazy\" decoding=\"async\" width=\"1440\" height=\"480\" src=\"https:\/\/www.vangraaf.com\/lv\/wp-content\/uploads\/sites\/5\/2020\/09\/Logo_Fila.jpg\" class=\"vc_single_image-img\" alt=\"\" srcset=\"https:\/\/www.vangraaf.com\/lv\/wp-content\/uploads\/sites\/5\/2020\/09\/Logo_Fila.jpg 1440w, https:\/\/www.vangraaf.com\/lv\/wp-content\/uploads\/sites\/5\/2020\/09\/Logo_Fila-300x100.jpg 300w, https:\/\/www.vangraaf.com\/lv\/wp-content\/uploads\/sites\/5\/2020\/09\/Logo_Fila-1024x341.jpg 1024w, https:\/\/www.vangraaf.com\/lv\/wp-content\/uploads\/sites\/5\/2020\/09\/Logo_Fila-768x256.jpg 768w, https:\/\/www.vangraaf.com\/lv\/wp-content\/uploads\/sites\/5\/2020\/09\/Logo_Fila-1200x400.jpg 1200w, https:\/\/www.vangraaf.com\/lv\/wp-content\/uploads\/sites\/5\/2020\/09\/Logo_Fila-992x331.jpg 992w, https:\/\/www.vangraaf.com\/lv\/wp-content\/uploads\/sites\/5\/2020\/09\/Logo_Fila-480x160.jpg 480w\" sizes=\"(max-width: 1440px) 100vw, 1440px\" \/><\/div>\n        <div class=\"headlines headlines--center\" data-aos=\"fade-up\">\n            <div class=\"vc_row\">\n                <div class=\"vc_col-md-10 vc_col-md-offset-1 vc_col-lg-10 vc_col-lg-offset-1\"><span class=\"h6\">FILA<\/span><h1 class=\"h2\">Ieg\u0101d\u0101jieties FILA br\u012bv\u0101 laika ap\u0123\u0113rbu veikal\u0101 VAN GRAAF R\u012bg\u0101<\/h1><\/div>\n            <\/div>\n        <\/div>[vc_column_text]\r\n<p style=\"text-align: center\">FILA svin modes atgrie\u0161anos. <strong>1990-to gadu ikoniskais It\u0101lijas z\u012bmols<\/strong> atgrie\u017eas garderob\u0113s vis\u0101 pasaul\u0113. Ap\u0123\u0113rbs ir tikpat vienk\u0101r\u0161s, komfortabls un piem\u0113rots valk\u0101\u0161anai ikdien\u0101 k\u0101 tas bija pag\u0101tn\u0113. No jauna interpret\u0113tie retro izskati ir atsvaidzino\u0161i at\u0161\u0137ir\u012bgi. Aktu\u0101las kr\u0101sas, uzdrukas, materi\u0101li un griezumi iecien\u012bt\u0101m vint\u0101\u017eas prec\u0113m pie\u0161\u0137ir m\u016bsdienu piesk\u0101rienu. K\u0101 jums pat\u012bk \u0161\u012b atdzim\u0161ana? Iegriezieties veikal\u0101 VAN GRAAF R\u012bg\u0101 un apskatiet atjaunot\u0101s v\u012brie\u0161u un sievie\u0161u modes preces no FILA!<\/p>\r\n[\/vc_column_text][\/vc_column][\/vc_row][vc_row][vc_column]\n        <div class=\"headlines headlines--center\" data-aos=\"fade-up\">\n            <div class=\"vc_row\">\n                <div class=\"vc_col-md-10 vc_col-md-offset-1 vc_col-lg-10 vc_col-lg-offset-1\"><h2 class=\"h2\">FILA - sporta z\u012bmols p\u0101rtop par dz\u012bvesveida z\u012bmolu<\/h2><\/div>\n            <\/div>\n        <\/div>[vc_column_text]FILA st\u0101sts s\u0101k\u0101s <strong>1911. gad\u0101<\/strong> It\u0101lij\u0101, Pjemontas re\u0123ion\u0101. <strong>Br\u0101\u013ci Filas<\/strong> izveidoja <strong>alp\u012bnisma z\u012bmolu<\/strong>, kas bija teicami piem\u0113rots bargajiem apst\u0101k\u013ciem It\u0101lijas Alpos. Kop\u0161 1970-tajiem gadiem arvien vair\u0101k v\u012brie\u0161u un sievie\u0161u vis\u0101s sporta discipl\u012bn\u0101s valk\u0101 funkcion\u0101lu sporta ap\u0123\u0113rbu no FILA, tostarp t\u0101di popul\u0101ri sportisti k\u0101 tenisa zvaigzne <strong>Bj\u0113rns Borgs<\/strong>. FILA ap\u0123\u0113rbu joproj\u0101m ir iecien\u012bju\u0161i alp\u012bnisti, piem\u0113ram, le\u0123end\u0101rais alp\u012bnists <strong>Reinholds Mesners<\/strong>. T\u0101di slaveni sl\u0113pot\u0101ji k\u0101 Alberto Tomba un Ingemars St\u0113nmarks ilgu laiku ir biju\u0161i augstas kvalit\u0101tes FILA sporta ap\u0123\u0113rbu fani.\r\n\r\nFILA ir iemantojis milz\u012bgu popularit\u0101ti gan sl\u0113po\u0161anas tras\u0113s, gan tenisa kortos. \u0160ie modernie ap\u0123\u0113rbi, kas \u013cauj justies labi, \u0101tri k\u013cuva par da\u013cu no v\u012brie\u0161u un sievie\u0161u ikdienas garderobes. Augst\u0101ko popularit\u0101tes virsotni, vismaz l\u012bdz \u0161im, FILA sasniedza 1990-tajos gados.[\/vc_column_text][\/vc_column][\/vc_row][vc_row][vc_column]\n        <div class=\"headlines headlines--center\" data-aos=\"fade-up\">\n            <div class=\"vc_row\">\n                <div class=\"vc_col-md-10 vc_col-md-offset-1 vc_col-lg-10 vc_col-lg-offset-1\"><h2 class=\"h2\">Sarkans, balts, zils - t\u0101s ir FILA modes pamata kr\u0101sas<\/h2><\/div>\n            <\/div>\n        <\/div>[vc_column_text]Citi z\u012bmoli izce\u013cas ar kr\u0101sain\u012bbu, bet FILA palete ir smalk\u0101ka. Kl\u0101st\u0101 ir da\u017eas neona kr\u0101sas, ar\u012b dz\u012bvnieku iedvesmotas sada\u013cas un visaptvero\u0161as uzdrukas. Ta\u010du \u0161\u012bs tr\u012bs kr\u0101sas ir modes z\u012bmola iecien\u012bt\u0101k\u0101s: <strong>sarkana, balta un zila<\/strong> ir vado\u0161\u0101s. \u0160\u012bs tr\u012bs kr\u0101sas ir da\u013ca no z\u012bmola logotipa, <strong>ikonisk\u0101 FILA-F<\/strong>. Baltas \u0101das teniskurpes, b\u0113\u0161as kapu\u010djakas, basketbola krekli vai peld\u0161orti &#8211; gandr\u012bz visu veidu ap\u0123\u0113rbus un aksesu\u0101rus stil\u012bgi rot\u0101 tr\u012bs z\u012bmola logotipa kr\u0101sas.[\/vc_column_text][\/vc_column][\/vc_row][vc_row][vc_column]\n        <div class=\"headlines headlines--center\" data-aos=\"fade-up\">\n            <div class=\"vc_row\">\n                <div class=\"vc_col-md-10 vc_col-md-offset-1 vc_col-lg-10 vc_col-lg-offset-1\"><h2 class=\"h2\">FILA modes preces sieviet\u0113m un v\u012brie\u0161iem: pirmaj\u0101 un galvenaj\u0101 viet\u0101 ir komforts<\/h2><\/div>\n            <\/div>\n        <\/div>[vc_column_text]Z\u012bmols ir uztic\u012bgs savam sportiskajam t\u0113lam. <strong>Komforts un funkcionalit\u0101te<\/strong> joproj\u0101m ir FILA filozofijas pamat\u0101. Br\u012bva stila krekli, kapu\u010djakas, sporta bikses un jakas ar r\u0101v\u0113jsl\u0113dz\u0113ju veido pamatu ar\u012b sievie\u0161u kolekcijai. FILA dizaineri maz\u0101k uzman\u012bbas piev\u0113r\u0161 sievi\u0161\u0137\u012bgumam, piegulo\u0161iem sv\u0101rkiem, kleit\u0101m un bl\u016bz\u0113m, t\u0101 viet\u0101 radot ikdienas <strong>virsizm\u0113ra mode\u013cus<\/strong>, kas \u013cauj justies br\u012bvi. &#8220;It&#8221; produktu m\u0113r\u0137auditorija ir galvenok\u0101rt jauni, urb\u0101ni tenden\u010du noteic\u0113ji, kuri priek\u0161roku dod ikdieni\u0161\u0137am ap\u0123\u0113rbam. Abon\u0113jiet <a href=\"https:\/\/www.vangraaf.com\/lv\/informativais-biletens\/\">VAN GRAAF jaunumus<\/a>, lai regul\u0101ri sa\u0146emtu modes padomus.[\/vc_column_text][\/vc_column][\/vc_row][vc_row][vc_column]<div class=\"vg-element brand-slider brand-slider--light\" data-aos=\"fade-up\"><div class=\"brand-slider__inner\"><div class=\"brand-slider__slider js-brand-slider\"><div class=\"brand-slider__slider__item\"><a href=\"https:\/\/www.vangraaf.com\/lv\/zimoli\/adidas-originals\/\" title=\"adidas Originals\"><img loading=\"lazy\" decoding=\"async\" width=\"1\" height=\"1\" src=\"https:\/\/www.vangraaf.com\/lv\/wp-content\/uploads\/sites\/5\/2020\/03\/Adidas_Logo_grau_OK.svg\" class=\"attachment-full size-full\" alt=\"\" \/><\/a><\/div><div class=\"brand-slider__slider__item\"><a href=\"https:\/\/www.vangraaf.com\/lv\/zimoli\/tommy-hilfiger\/\" title=\"Tommy Hilfiger\"><img loading=\"lazy\" decoding=\"async\" width=\"1\" height=\"1\" src=\"https:\/\/www.vangraaf.com\/lv\/wp-content\/uploads\/sites\/5\/2020\/03\/Tommy_Hilfiger_4c_grau_OK.svg\" class=\"attachment-full size-full\" alt=\"\" \/><\/a><\/div><div class=\"brand-slider__slider__item\"><a href=\"https:\/\/www.vangraaf.com\/lv\/zimoli\/levis\/\" title=\"Levi&#039;s\"><img loading=\"lazy\" decoding=\"async\" width=\"1\" height=\"1\" src=\"https:\/\/www.vangraaf.com\/lv\/wp-content\/uploads\/sites\/5\/2020\/03\/Levis_Logo_grau_OK.svg\" class=\"attachment-full size-full\" alt=\"\" \/><\/a><\/div><div class=\"brand-slider__slider__item\"><a href=\"https:\/\/www.vangraaf.com\/lv\/zimoli\/calvin-klein\/\" title=\"Calvin Klein\"><img loading=\"lazy\" decoding=\"async\" width=\"1\" height=\"1\" src=\"https:\/\/www.vangraaf.com\/lv\/wp-content\/uploads\/sites\/5\/2020\/03\/Calvin-Klein-Logo-grau_OK.svg\" class=\"attachment-full size-full\" alt=\"\" \/><\/a><\/div><div class=\"brand-slider__slider__item\"><a href=\"https:\/\/www.vangraaf.com\/lv\/zimoli\/champion\/\" title=\"Champion\"><img loading=\"lazy\" decoding=\"async\" width=\"1\" height=\"1\" src=\"https:\/\/www.vangraaf.com\/lv\/wp-content\/uploads\/sites\/5\/2020\/03\/Champion_Logo_grau_OK.svg\" class=\"attachment-full size-full\" alt=\"\" \/><\/a><\/div><div class=\"brand-slider__slider__item\"><a href=\"https:\/\/www.vangraaf.com\/lv\/zimoli\/lacoste\/\" title=\"Lacoste\"><img loading=\"lazy\" decoding=\"async\" width=\"1\" height=\"1\" src=\"https:\/\/www.vangraaf.com\/lv\/wp-content\/uploads\/sites\/5\/2020\/03\/Lacoste_Logo_4c_grau_Ausnahme_OK.svg\" class=\"attachment-full size-full\" alt=\"\" \/><\/a><\/div><div class=\"brand-slider__slider__item\"><a href=\"https:\/\/www.vangraaf.com\/lv\/zimoli\/superdry\/\" title=\"Superdry\"><img loading=\"lazy\" decoding=\"async\" width=\"1\" height=\"1\" src=\"https:\/\/www.vangraaf.com\/lv\/wp-content\/uploads\/sites\/5\/2020\/03\/Superdry_Logo_grau_OK.svg\" class=\"attachment-full size-full\" alt=\"\" \/><\/a><\/div><div class=\"brand-slider__slider__item\"><a href=\"https:\/\/www.vangraaf.com\/lv\/zimoli\/fila\/\" title=\"FILA\"><img loading=\"lazy\" decoding=\"async\" width=\"1\" height=\"1\" src=\"https:\/\/www.vangraaf.com\/lv\/wp-content\/uploads\/sites\/5\/2020\/03\/Fila-Logo-grau_OK.svg\" class=\"attachment-full size-full\" alt=\"\" \/><\/a><\/div><div class=\"brand-slider__slider__item\"><a href=\"https:\/\/www.vangraaf.com\/lv\/zimoli\/tom-tailor\/\" title=\"TOM TAILOR\"><img loading=\"lazy\" decoding=\"async\" width=\"1\" height=\"1\" src=\"https:\/\/www.vangraaf.com\/lv\/wp-content\/uploads\/sites\/5\/2020\/03\/Tom_Tailor_Logo_grau_OK.svg\" class=\"attachment-full size-full\" alt=\"\" \/><\/a><\/div><div class=\"brand-slider__slider__item\"><a href=\"https:\/\/www.vangraaf.com\/lv\/zimoli\/alpha-industries\/\" title=\"Alpha Industries\"><img loading=\"lazy\" decoding=\"async\" width=\"1\" height=\"1\" src=\"https:\/\/www.vangraaf.com\/lv\/wp-content\/uploads\/sites\/5\/2020\/03\/Alpha_Industries_Logo_grau_OK.svg\" class=\"attachment-full size-full\" alt=\"\" \/><\/a><\/div><div class=\"brand-slider__slider__item\"><a href=\"https:\/\/www.vangraaf.com\/lv\/zimoli\/g-star\/\" title=\"G-Star RAW\"><img loading=\"lazy\" decoding=\"async\" width=\"1\" height=\"1\" src=\"https:\/\/www.vangraaf.com\/lv\/wp-content\/uploads\/sites\/5\/2020\/03\/G_Star_Logo_grau_OK.svg\" class=\"attachment-full size-full\" alt=\"\" \/><\/a><\/div><div class=\"brand-slider__slider__item\"><a href=\"https:\/\/www.vangraaf.com\/lv\/zimoli\/vila\/\" title=\"VILA\"><img loading=\"lazy\" decoding=\"async\" width=\"1\" height=\"1\" src=\"https:\/\/www.vangraaf.com\/lv\/wp-content\/uploads\/sites\/5\/2020\/03\/Vila_Logo_grau_OK.svg\" class=\"attachment-full size-full\" alt=\"\" \/><\/a><\/div><div class=\"brand-slider__slider__item\"><a href=\"https:\/\/www.vangraaf.com\/lv\/zimoli\/boss\/\" title=\"BOSS\"><img loading=\"lazy\" decoding=\"async\" width=\"1\" height=\"1\" src=\"https:\/\/www.vangraaf.com\/lv\/wp-content\/uploads\/sites\/5\/2020\/03\/Boss_Logo_grau_OK.svg\" class=\"attachment-full size-full\" alt=\"\" \/><\/a><\/div><div class=\"brand-slider__slider__item\"><a href=\"https:\/\/www.vangraaf.com\/lv\/zimoli\/armani-exchange\/\" title=\"Armani Exchange\"><img loading=\"lazy\" decoding=\"async\" width=\"1\" height=\"1\" src=\"https:\/\/www.vangraaf.com\/lv\/wp-content\/uploads\/sites\/5\/2020\/03\/Armani-Exchange-Logo-grau_OK.svg\" class=\"attachment-full size-full\" alt=\"\" \/><\/a><\/div><div class=\"brand-slider__slider__item\"><a href=\"https:\/\/www.vangraaf.com\/lv\/zimoli\/polo-ralph-lauren\/\" title=\"Polo Ralph Lauren\"><img loading=\"lazy\" decoding=\"async\" width=\"1\" height=\"1\" src=\"https:\/\/www.vangraaf.com\/lv\/wp-content\/uploads\/sites\/5\/2020\/03\/Ralph_Lauren_Logo_grau_OK.svg\" class=\"attachment-full size-full\" alt=\"\" \/><\/a><\/div><div class=\"brand-slider__slider__item\"><a href=\"https:\/\/www.vangraaf.com\/lv\/zimoli\/marie-lund\/\" title=\"Marie Lund\"><img loading=\"lazy\" decoding=\"async\" width=\"1\" height=\"1\" src=\"https:\/\/www.vangraaf.com\/lv\/wp-content\/uploads\/sites\/5\/2020\/03\/Marie_Lund_Logo_grau_OK.svg\" class=\"attachment-full size-full\" alt=\"\" \/><\/a><\/div><\/div><\/div><\/div>[\/vc_column][\/vc_row]<\/div>","protected":false},"excerpt":{"rendered":"[vc_row full_width=&#8221;stretch_row_content_no_spaces&#8221;][vc_column][vc_column_text] FILA svin modes atgrie\u0161anos. 1990-to gadu ikoniskais It\u0101lijas z\u012bmols atgrie\u017eas garderob\u0113s vis\u0101 pasaul\u0113. Ap\u0123\u0113rbs ir tikpat vienk\u0101r\u0161s, komfortabls un piem\u0113rots valk\u0101\u0161anai ikdien\u0101 k\u0101 tas bija pag\u0101tn\u0113. No jauna interpret\u0113tie retro izskati ir atsvaidzino\u0161i at\u0161\u0137ir\u012bgi. Aktu\u0101las kr\u0101sas, uzdrukas, materi\u0101li un griezumi iecien\u012bt\u0101m vint\u0101\u017eas prec\u0113m pie\u0161\u0137ir m\u016bsdienu piesk\u0101rienu. K\u0101 jums pat\u012bk \u0161\u012b atdzim\u0161ana? Iegriezieties veikal\u0101 [&hellip;]","protected":false},"author":3,"featured_media":0,"parent":3938,"menu_order":0,"comment_status":"closed","ping_status":"closed","template":"","meta":{"_acf_changed":false,"inline_featured_image":false,"footnotes":""},"class_list":["post-4616","page","type-page","status-publish","hentry"],"acf":[],"yoast_head":"<!-- This site is optimized with the Yoast SEO plugin v27.2 - https:\/\/yoast.com\/product\/yoast-seo-wordpress\/ -->\n<title>Fila mode sieviet\u0113m un v\u012brie\u0161iem R\u012bg\u0101<\/title>\n<meta name=\"description\" content=\"FILA modes preces apvieno 90-to gadu stilu ar m\u016bsdienu izskatu. Atkl\u0101jiet jaun\u0101k\u0101s tendences sieviet\u0113m un v\u012brie\u0161iem veikal\u0101 VAN GRAAF R\u012bg\u0101!\" \/>\n<meta name=\"robots\" content=\"index, follow, max-snippet:-1, max-image-preview:large, max-video-preview:-1\" \/>\n<link rel=\"canonical\" href=\"https:\/\/www.vangraaf.com\/lv\/zimoli\/fila\/\" \/>\n<meta property=\"og:locale\" content=\"lv_LV\" \/>\n<meta property=\"og:type\" content=\"article\" \/>\n<meta property=\"og:title\" content=\"Fila mode sieviet\u0113m un v\u012brie\u0161iem R\u012bg\u0101\" \/>\n<meta property=\"og:description\" content=\"FILA modes preces apvieno 90-to gadu stilu ar m\u016bsdienu izskatu. Atkl\u0101jiet jaun\u0101k\u0101s tendences sieviet\u0113m un v\u012brie\u0161iem veikal\u0101 VAN GRAAF R\u012bg\u0101!\" \/>\n<meta property=\"og:url\" content=\"https:\/\/www.vangraaf.com\/lv\/zimoli\/fila\/\" \/>\n<meta property=\"og:site_name\" content=\"VAN GRAAF Latvija\" \/>\n<meta property=\"article:modified_time\" content=\"2020-09-15T10:46:06+00:00\" \/>\n<meta name=\"twitter:card\" content=\"summary_large_image\" \/>\n<meta name=\"twitter:label1\" content=\"Est. reading time\" \/>\n\t<meta name=\"twitter:data1\" content=\"3 min\u016btes\" \/>\n<script type=\"application\/ld+json\" class=\"yoast-schema-graph\">{\"@context\":\"https:\/\/schema.org\",\"@graph\":[{\"@type\":\"WebPage\",\"@id\":\"https:\/\/www.vangraaf.com\/lv\/zimoli\/fila\/\",\"url\":\"https:\/\/www.vangraaf.com\/lv\/zimoli\/fila\/\",\"name\":\"Fila mode sieviet\u0113m un v\u012brie\u0161iem R\u012bg\u0101\",\"isPartOf\":{\"@id\":\"https:\/\/www.vangraaf.com\/lv\/#website\"},\"datePublished\":\"2020-03-12T12:49:11+00:00\",\"dateModified\":\"2020-09-15T10:46:06+00:00\",\"description\":\"FILA modes preces apvieno 90-to gadu stilu ar m\u016bsdienu izskatu. Atkl\u0101jiet jaun\u0101k\u0101s tendences sieviet\u0113m un v\u012brie\u0161iem veikal\u0101 VAN GRAAF R\u012bg\u0101!\",\"breadcrumb\":{\"@id\":\"https:\/\/www.vangraaf.com\/lv\/zimoli\/fila\/#breadcrumb\"},\"inLanguage\":\"lv-LV\",\"potentialAction\":[{\"@type\":\"ReadAction\",\"target\":[\"https:\/\/www.vangraaf.com\/lv\/zimoli\/fila\/\"]}]},{\"@type\":\"BreadcrumbList\",\"@id\":\"https:\/\/www.vangraaf.com\/lv\/zimoli\/fila\/#breadcrumb\",\"itemListElement\":[{\"@type\":\"ListItem\",\"position\":1,\"name\":\"Home\",\"item\":\"https:\/\/www.vangraaf.com\/lv\/\"},{\"@type\":\"ListItem\",\"position\":2,\"name\":\"Marken\",\"item\":\"https:\/\/www.vangraaf.com\/lv\/zimoli\/\"},{\"@type\":\"ListItem\",\"position\":3,\"name\":\"FILA\"}]},{\"@type\":\"WebSite\",\"@id\":\"https:\/\/www.vangraaf.com\/lv\/#website\",\"url\":\"https:\/\/www.vangraaf.com\/lv\/\",\"name\":\"VAN GRAAF\",\"description\":\"VAN GRAAF\",\"potentialAction\":[{\"@type\":\"SearchAction\",\"target\":{\"@type\":\"EntryPoint\",\"urlTemplate\":\"https:\/\/www.vangraaf.com\/lv\/?s={search_term_string}\"},\"query-input\":{\"@type\":\"PropertyValueSpecification\",\"valueRequired\":true,\"valueName\":\"search_term_string\"}}],\"inLanguage\":\"lv-LV\"}]}<\/script>\n<!-- \/ Yoast SEO plugin. -->","yoast_head_json":{"title":"Fila mode sieviet\u0113m un v\u012brie\u0161iem R\u012bg\u0101","description":"FILA modes preces apvieno 90-to gadu stilu ar m\u016bsdienu izskatu. Atkl\u0101jiet jaun\u0101k\u0101s tendences sieviet\u0113m un v\u012brie\u0161iem veikal\u0101 VAN GRAAF R\u012bg\u0101!","robots":{"index":"index","follow":"follow","max-snippet":"max-snippet:-1","max-image-preview":"max-image-preview:large","max-video-preview":"max-video-preview:-1"},"canonical":"https:\/\/www.vangraaf.com\/lv\/zimoli\/fila\/","og_locale":"lv_LV","og_type":"article","og_title":"Fila mode sieviet\u0113m un v\u012brie\u0161iem R\u012bg\u0101","og_description":"FILA modes preces apvieno 90-to gadu stilu ar m\u016bsdienu izskatu. Atkl\u0101jiet jaun\u0101k\u0101s tendences sieviet\u0113m un v\u012brie\u0161iem veikal\u0101 VAN GRAAF R\u012bg\u0101!","og_url":"https:\/\/www.vangraaf.com\/lv\/zimoli\/fila\/","og_site_name":"VAN GRAAF Latvija","article_modified_time":"2020-09-15T10:46:06+00:00","twitter_card":"summary_large_image","twitter_misc":{"Est. reading time":"3 min\u016btes"},"schema":{"@context":"https:\/\/schema.org","@graph":[{"@type":"WebPage","@id":"https:\/\/www.vangraaf.com\/lv\/zimoli\/fila\/","url":"https:\/\/www.vangraaf.com\/lv\/zimoli\/fila\/","name":"Fila mode sieviet\u0113m un v\u012brie\u0161iem R\u012bg\u0101","isPartOf":{"@id":"https:\/\/www.vangraaf.com\/lv\/#website"},"datePublished":"2020-03-12T12:49:11+00:00","dateModified":"2020-09-15T10:46:06+00:00","description":"FILA modes preces apvieno 90-to gadu stilu ar m\u016bsdienu izskatu. Atkl\u0101jiet jaun\u0101k\u0101s tendences sieviet\u0113m un v\u012brie\u0161iem veikal\u0101 VAN GRAAF R\u012bg\u0101!","breadcrumb":{"@id":"https:\/\/www.vangraaf.com\/lv\/zimoli\/fila\/#breadcrumb"},"inLanguage":"lv-LV","potentialAction":[{"@type":"ReadAction","target":["https:\/\/www.vangraaf.com\/lv\/zimoli\/fila\/"]}]},{"@type":"BreadcrumbList","@id":"https:\/\/www.vangraaf.com\/lv\/zimoli\/fila\/#breadcrumb","itemListElement":[{"@type":"ListItem","position":1,"name":"Home","item":"https:\/\/www.vangraaf.com\/lv\/"},{"@type":"ListItem","position":2,"name":"Marken","item":"https:\/\/www.vangraaf.com\/lv\/zimoli\/"},{"@type":"ListItem","position":3,"name":"FILA"}]},{"@type":"WebSite","@id":"https:\/\/www.vangraaf.com\/lv\/#website","url":"https:\/\/www.vangraaf.com\/lv\/","name":"VAN GRAAF","description":"VAN GRAAF","potentialAction":[{"@type":"SearchAction","target":{"@type":"EntryPoint","urlTemplate":"https:\/\/www.vangraaf.com\/lv\/?s={search_term_string}"},"query-input":{"@type":"PropertyValueSpecification","valueRequired":true,"valueName":"search_term_string"}}],"inLanguage":"lv-LV"}]}},"_links":{"self":[{"href":"https:\/\/www.vangraaf.com\/lv\/wp-json\/wp\/v2\/pages\/4616","targetHints":{"allow":["GET"]}}],"collection":[{"href":"https:\/\/www.vangraaf.com\/lv\/wp-json\/wp\/v2\/pages"}],"about":[{"href":"https:\/\/www.vangraaf.com\/lv\/wp-json\/wp\/v2\/types\/page"}],"author":[{"embeddable":true,"href":"https:\/\/www.vangraaf.com\/lv\/wp-json\/wp\/v2\/users\/3"}],"replies":[{"embeddable":true,"href":"https:\/\/www.vangraaf.com\/lv\/wp-json\/wp\/v2\/comments?post=4616"}],"version-history":[{"count":5,"href":"https:\/\/www.vangraaf.com\/lv\/wp-json\/wp\/v2\/pages\/4616\/revisions"}],"predecessor-version":[{"id":5005,"href":"https:\/\/www.vangraaf.com\/lv\/wp-json\/wp\/v2\/pages\/4616\/revisions\/5005"}],"up":[{"embeddable":true,"href":"https:\/\/www.vangraaf.com\/lv\/wp-json\/wp\/v2\/pages\/3938"}],"wp:attachment":[{"href":"https:\/\/www.vangraaf.com\/lv\/wp-json\/wp\/v2\/media?parent=4616"}],"curies":[{"name":"wp","href":"https:\/\/api.w.org\/{rel}","templated":true}]}}