{"id":4615,"date":"2020-03-12T13:45:21","date_gmt":"2020-03-12T12:45:21","guid":{"rendered":"http:\/\/van-graaf.test\/ch\/?page_id=3627"},"modified":"2020-09-15T12:45:36","modified_gmt":"2020-09-15T10:45:36","slug":"champion","status":"publish","type":"page","link":"https:\/\/www.vangraaf.com\/lv\/zimoli\/champion\/","title":{"rendered":"Champion"},"content":{"rendered":"<div class=\"wpb-content-wrapper\">[vc_row full_width=&#8221;stretch_row_content_no_spaces&#8221;][vc_column]<div class=\"keyvisual\" data-aos=\"fade-up\" ><img loading=\"lazy\" decoding=\"async\" width=\"1440\" height=\"480\" src=\"https:\/\/www.vangraaf.com\/lv\/wp-content\/uploads\/sites\/5\/2020\/09\/Logo_Champion.jpg\" class=\"vc_single_image-img\" alt=\"\" srcset=\"https:\/\/www.vangraaf.com\/lv\/wp-content\/uploads\/sites\/5\/2020\/09\/Logo_Champion.jpg 1440w, https:\/\/www.vangraaf.com\/lv\/wp-content\/uploads\/sites\/5\/2020\/09\/Logo_Champion-300x100.jpg 300w, https:\/\/www.vangraaf.com\/lv\/wp-content\/uploads\/sites\/5\/2020\/09\/Logo_Champion-1024x341.jpg 1024w, https:\/\/www.vangraaf.com\/lv\/wp-content\/uploads\/sites\/5\/2020\/09\/Logo_Champion-768x256.jpg 768w, https:\/\/www.vangraaf.com\/lv\/wp-content\/uploads\/sites\/5\/2020\/09\/Logo_Champion-1200x400.jpg 1200w, https:\/\/www.vangraaf.com\/lv\/wp-content\/uploads\/sites\/5\/2020\/09\/Logo_Champion-992x331.jpg 992w, https:\/\/www.vangraaf.com\/lv\/wp-content\/uploads\/sites\/5\/2020\/09\/Logo_Champion-480x160.jpg 480w\" sizes=\"(max-width: 1440px) 100vw, 1440px\" \/><\/div>\n        <div class=\"headlines headlines--center\" data-aos=\"fade-up\">\n            <div class=\"vc_row\">\n                <div class=\"vc_col-md-10 vc_col-md-offset-1 vc_col-lg-10 vc_col-lg-offset-1\"><span class=\"h6\">Champion<\/span><h1 class=\"h2\">V\u012brie\u0161u mode no Champion veikal\u0101 VAN GRAAF R\u012bg\u0101<\/h1><\/div>\n            <\/div>\n        <\/div>[vc_column_text]\r\n<p style=\"text-align: center\">Jau vair\u0101k k\u0101 100 gadu ASV z\u012bmols Champion pied\u0101v\u0101 <strong>sportiska stila ap\u0123\u0113rbu br\u012bvajam laikam<\/strong>, apvienojot sportisku izskatu ar trad\u012bciju un autentiskuma izj\u016btu.<\/p>\r\n<p style=\"text-align: center\">Champion z\u012bmolu 1919. gad\u0101 Ro\u010dester\u0101, \u0145ujorkas \u0161tat\u0101, nodibin\u0101ja br\u0101\u013ci Fainbl\u016bmi.<\/p>\r\n<p style=\"text-align: center\">1920-tajos un 1930-tajos gados daudzsolo\u0161ais ap\u0123\u0113rbu z\u012bmols nodro\u0161in\u0101ja sporta ap\u0123\u0113rbu vair\u0101k\u0101m universit\u0101t\u0113m un koled\u017e\u0101m.<\/p>\r\n<p style=\"text-align: center\">1930-to gadu beig\u0101s Champion pieg\u0101d\u0101ja ap\u0123\u0113rbu ASV Milit\u0101rajai akad\u0113mijai milit\u0101ro manevru un sporta treni\u0146u nol\u016bkiem.<\/p>\r\n<p style=\"text-align: center\">Champion sporta krekli, T-krekli un sporta ze\u0137es k\u013cuva par \u0161im inovat\u012bvajam sporta ap\u0123\u0113rbu z\u012bmolam rakstur\u012bgo.<\/p>\r\n<p style=\"text-align: center\">Champion kl\u0101sts joproj\u0101m ir koncentr\u0113ts uz <strong>vienk\u0101r\u0161u sporta un br\u012bv\u0101 laika ap\u0123\u0113rbu<\/strong>. Ap\u0123\u0113rbu augstas kvalit\u0101tes apdare ir tikpat rakstur\u012bga \u0161im z\u012bmolam k\u0101 dizainu daudzveid\u012bba. M\u016bsu modes veikal\u0101 R\u012bg\u0101 var ieg\u0101d\u0101ties Champion v\u012brie\u0161u ap\u0123\u0113rbu, s\u0101kot no kapu\u010djak\u0101m, ikdienas topiem ar gar\u0101m piedurkn\u0113m, T-krekliem un sporta krekliem l\u012bdz t\u0101diem ikdienas pamata ap\u0123\u0113rbiem k\u0101 apak\u0161ve\u013ca un ze\u0137es, lai j\u016bs var\u0113tu tren\u0113ties vai veikt ikdienas rut\u012bnu, <strong>vienm\u0113r valk\u0101jot \u0113rtu un stil\u012bgu ap\u0123\u0113rbu<\/strong>.<\/p>\r\n[\/vc_column_text][\/vc_column][\/vc_row][vc_row][vc_column]\n        <div class=\"headlines headlines--center\" data-aos=\"fade-up\">\n            <div class=\"vc_row\">\n                <div class=\"vc_col-md-10 vc_col-md-offset-1 vc_col-lg-10 vc_col-lg-offset-1\"><h2 class=\"h2\">Vienk\u0101r\u0161\u012bba, \u0113rtums un da\u017e\u0101d\u012bba: Champion sporta mode v\u012brie\u0161iem<\/h2><\/div>\n            <\/div>\n        <\/div>[vc_column_text]Ja mekl\u0113jat ikdienas ap\u0123\u0113rbu, kas izcili apvieno komfortu un modi jebk\u0101diem gad\u012bjumiem, Champion z\u012bmols ir dom\u0101ts jums: v\u012brie\u0161u ap\u0123\u0113rbs no ASV sporta ap\u0123\u0113rbu z\u012bmola pied\u0101v\u0101 <strong>komfortu apvienojum\u0101 ar vienm\u0113r aktu\u0101lu un atrakt\u012bvu vienk\u0101r\u0161\u012bbu<\/strong>. Dizain\u0101 ir apvienots lab\u0101kais no div\u0101m &#8211; stila un inov\u0101cijas &#8211; pasaul\u0113m. Gadu desmitu laik\u0101 Champion ir k\u013cuvis par \u012bstu autentiskuma simbolu. K\u0101 z\u012bmolam tas izdodas? Vispirms ar viedumu un koncentr\u0113\u0161anos uz ori\u0123in\u0101lajiem dizainiem, kas nekad nenoveco.\r\n\r\nChampion k\u0101 <strong>pasaulslavens sporta un br\u012bv\u0101 laika ap\u0123\u0113rbu premium z\u012bmols<\/strong> ir \u0101rk\u0101rt\u012bgi prasm\u012bgs, kombin\u0113jot sporta un ikdienas ap\u0123\u0113rbu klasiskus elementus ar inovat\u012bviem elementiem. Lielais sarkani zilais &#8220;C&#8221; uz balta fona k\u013cuva par z\u012bmola nep\u0101rprotamu logotipu, kas lepni rot\u0101 kapu\u010djakas, kreklus un aksesu\u0101rus. Z\u012bmols ir iemantojis starptautisku reput\u0101ciju pateicoties nemain\u012bgi augstai kvalit\u0101tei, kuras pamat\u0101 ir \u012bpa\u0161i atlas\u012bti materi\u0101li, augstas klases apdare un izcils griezums.[\/vc_column_text][\/vc_column][\/vc_row][vc_row][vc_column]\n        <div class=\"headlines headlines--center\" data-aos=\"fade-up\">\n            <div class=\"vc_row\">\n                <div class=\"vc_col-md-10 vc_col-md-offset-1 vc_col-lg-10 vc_col-lg-offset-1\"><h2 class=\"h2\">Ieg\u0101d\u0101jieties sportisku ap\u0123\u0113rbu v\u012brie\u0161iem no Champion veikal\u0101 VAN GRAAF R\u012bg\u0101<\/h2><\/div>\n            <\/div>\n        <\/div>[vc_column_text]M\u016bsu modes veikal\u0101 R\u012bg\u0101 ir pieejama <strong>pla\u0161a ikdienas un sporta ap\u0123\u0113rbu izv\u0113le<\/strong> no t\u0101diem z\u012bmoliem k\u0101, piem\u0113ram, Champion. Valk\u0101jot gan ikdien\u0101, gan sporta aktivit\u0101t\u0113s, tas nodro\u0161ina izcilu komforta un stila kombin\u0101ciju. Lai atvieglotu izv\u0113li, l\u016bdziet pal\u012bdz\u012bbu m\u016bsu pieredz\u0113ju\u0161ajam p\u0101rdo\u0161anas person\u0101lam. VAN GRAAF modes nam\u0101 R\u012bg\u0101 ir pieejamas kop\u0101 <a href=\"https:\/\/www.vangraaf.com\/lv\/konsultacijas-un-stils\/specializetas-nodalas\/\">14 noda\u013cas<\/a> ar visu, ko var\u0113tu v\u0113l\u0113ties v\u012brie\u0161u ap\u0123\u0113rb\u0101: s\u0101kot no br\u012bv\u0101 laika ap\u0123\u0113rba l\u012bdz lieti\u0161\u0137am ap\u0123\u0113rbam &#8211; katram stilam un gad\u012bjumam.\r\n\r\n<a href=\"https:\/\/www.vangraaf.com\/lv\/konsultacijas-un-stils\/padomi\/individuali-pielagots-uzvalks\/\">Izveidojiet savu piel\u0101goto uzvalku<\/a>, izmantojot kombin\u0113jamus elementus, vai ien\u0101ciet un ieg\u0101d\u0101jieties \u0113rtu ikdienas ap\u0123\u0113rbu no Champion vai citiem popul\u0101riem sporta ap\u0123\u0113rbu z\u012bmoliem![\/vc_column_text][\/vc_column][\/vc_row][vc_row][vc_column]<div class=\"vg-element brand-slider brand-slider--light\" data-aos=\"fade-up\"><div class=\"brand-slider__inner\"><div class=\"brand-slider__slider js-brand-slider\"><div class=\"brand-slider__slider__item\"><a href=\"https:\/\/www.vangraaf.com\/lv\/zimoli\/adidas-originals\/\" title=\"adidas Originals\"><img loading=\"lazy\" decoding=\"async\" width=\"1\" height=\"1\" src=\"https:\/\/www.vangraaf.com\/lv\/wp-content\/uploads\/sites\/5\/2020\/03\/Adidas_Logo_grau_OK.svg\" class=\"attachment-full size-full\" alt=\"\" \/><\/a><\/div><div class=\"brand-slider__slider__item\"><a href=\"https:\/\/www.vangraaf.com\/lv\/zimoli\/tommy-hilfiger\/\" title=\"Tommy Hilfiger\"><img loading=\"lazy\" decoding=\"async\" width=\"1\" height=\"1\" src=\"https:\/\/www.vangraaf.com\/lv\/wp-content\/uploads\/sites\/5\/2020\/03\/Tommy_Hilfiger_4c_grau_OK.svg\" class=\"attachment-full size-full\" alt=\"\" \/><\/a><\/div><div class=\"brand-slider__slider__item\"><a href=\"https:\/\/www.vangraaf.com\/lv\/zimoli\/levis\/\" title=\"Levi&#039;s\"><img loading=\"lazy\" decoding=\"async\" width=\"1\" height=\"1\" src=\"https:\/\/www.vangraaf.com\/lv\/wp-content\/uploads\/sites\/5\/2020\/03\/Levis_Logo_grau_OK.svg\" class=\"attachment-full size-full\" alt=\"\" \/><\/a><\/div><div class=\"brand-slider__slider__item\"><a href=\"https:\/\/www.vangraaf.com\/lv\/zimoli\/calvin-klein\/\" title=\"Calvin Klein\"><img loading=\"lazy\" decoding=\"async\" width=\"1\" height=\"1\" src=\"https:\/\/www.vangraaf.com\/lv\/wp-content\/uploads\/sites\/5\/2020\/03\/Calvin-Klein-Logo-grau_OK.svg\" class=\"attachment-full size-full\" alt=\"\" \/><\/a><\/div><div class=\"brand-slider__slider__item\"><a href=\"https:\/\/www.vangraaf.com\/lv\/zimoli\/champion\/\" title=\"Champion\"><img loading=\"lazy\" decoding=\"async\" width=\"1\" height=\"1\" src=\"https:\/\/www.vangraaf.com\/lv\/wp-content\/uploads\/sites\/5\/2020\/03\/Champion_Logo_grau_OK.svg\" class=\"attachment-full size-full\" alt=\"\" \/><\/a><\/div><div class=\"brand-slider__slider__item\"><a href=\"https:\/\/www.vangraaf.com\/lv\/zimoli\/lacoste\/\" title=\"Lacoste\"><img loading=\"lazy\" decoding=\"async\" width=\"1\" height=\"1\" src=\"https:\/\/www.vangraaf.com\/lv\/wp-content\/uploads\/sites\/5\/2020\/03\/Lacoste_Logo_4c_grau_Ausnahme_OK.svg\" class=\"attachment-full size-full\" alt=\"\" \/><\/a><\/div><div class=\"brand-slider__slider__item\"><a href=\"https:\/\/www.vangraaf.com\/lv\/zimoli\/superdry\/\" title=\"Superdry\"><img loading=\"lazy\" decoding=\"async\" width=\"1\" height=\"1\" src=\"https:\/\/www.vangraaf.com\/lv\/wp-content\/uploads\/sites\/5\/2020\/03\/Superdry_Logo_grau_OK.svg\" class=\"attachment-full size-full\" alt=\"\" \/><\/a><\/div><div class=\"brand-slider__slider__item\"><a href=\"https:\/\/www.vangraaf.com\/lv\/zimoli\/fila\/\" title=\"FILA\"><img loading=\"lazy\" decoding=\"async\" width=\"1\" height=\"1\" src=\"https:\/\/www.vangraaf.com\/lv\/wp-content\/uploads\/sites\/5\/2020\/03\/Fila-Logo-grau_OK.svg\" class=\"attachment-full size-full\" alt=\"\" \/><\/a><\/div><div class=\"brand-slider__slider__item\"><a href=\"https:\/\/www.vangraaf.com\/lv\/zimoli\/tom-tailor\/\" title=\"TOM TAILOR\"><img loading=\"lazy\" decoding=\"async\" width=\"1\" height=\"1\" src=\"https:\/\/www.vangraaf.com\/lv\/wp-content\/uploads\/sites\/5\/2020\/03\/Tom_Tailor_Logo_grau_OK.svg\" class=\"attachment-full size-full\" alt=\"\" \/><\/a><\/div><div class=\"brand-slider__slider__item\"><a href=\"https:\/\/www.vangraaf.com\/lv\/zimoli\/alpha-industries\/\" title=\"Alpha Industries\"><img loading=\"lazy\" decoding=\"async\" width=\"1\" height=\"1\" src=\"https:\/\/www.vangraaf.com\/lv\/wp-content\/uploads\/sites\/5\/2020\/03\/Alpha_Industries_Logo_grau_OK.svg\" class=\"attachment-full size-full\" alt=\"\" \/><\/a><\/div><div class=\"brand-slider__slider__item\"><a href=\"https:\/\/www.vangraaf.com\/lv\/zimoli\/g-star\/\" title=\"G-Star RAW\"><img loading=\"lazy\" decoding=\"async\" width=\"1\" height=\"1\" src=\"https:\/\/www.vangraaf.com\/lv\/wp-content\/uploads\/sites\/5\/2020\/03\/G_Star_Logo_grau_OK.svg\" class=\"attachment-full size-full\" alt=\"\" \/><\/a><\/div><div class=\"brand-slider__slider__item\"><a href=\"https:\/\/www.vangraaf.com\/lv\/zimoli\/vila\/\" title=\"VILA\"><img loading=\"lazy\" decoding=\"async\" width=\"1\" height=\"1\" src=\"https:\/\/www.vangraaf.com\/lv\/wp-content\/uploads\/sites\/5\/2020\/03\/Vila_Logo_grau_OK.svg\" class=\"attachment-full size-full\" alt=\"\" \/><\/a><\/div><div class=\"brand-slider__slider__item\"><a href=\"https:\/\/www.vangraaf.com\/lv\/zimoli\/boss\/\" title=\"BOSS\"><img loading=\"lazy\" decoding=\"async\" width=\"1\" height=\"1\" src=\"https:\/\/www.vangraaf.com\/lv\/wp-content\/uploads\/sites\/5\/2020\/03\/Boss_Logo_grau_OK.svg\" class=\"attachment-full size-full\" alt=\"\" \/><\/a><\/div><div class=\"brand-slider__slider__item\"><a href=\"https:\/\/www.vangraaf.com\/lv\/zimoli\/armani-exchange\/\" title=\"Armani Exchange\"><img loading=\"lazy\" decoding=\"async\" width=\"1\" height=\"1\" src=\"https:\/\/www.vangraaf.com\/lv\/wp-content\/uploads\/sites\/5\/2020\/03\/Armani-Exchange-Logo-grau_OK.svg\" class=\"attachment-full size-full\" alt=\"\" \/><\/a><\/div><div class=\"brand-slider__slider__item\"><a href=\"https:\/\/www.vangraaf.com\/lv\/zimoli\/polo-ralph-lauren\/\" title=\"Polo Ralph Lauren\"><img loading=\"lazy\" decoding=\"async\" width=\"1\" height=\"1\" src=\"https:\/\/www.vangraaf.com\/lv\/wp-content\/uploads\/sites\/5\/2020\/03\/Ralph_Lauren_Logo_grau_OK.svg\" class=\"attachment-full size-full\" alt=\"\" \/><\/a><\/div><div class=\"brand-slider__slider__item\"><a href=\"https:\/\/www.vangraaf.com\/lv\/zimoli\/marie-lund\/\" title=\"Marie Lund\"><img loading=\"lazy\" decoding=\"async\" width=\"1\" height=\"1\" src=\"https:\/\/www.vangraaf.com\/lv\/wp-content\/uploads\/sites\/5\/2020\/03\/Marie_Lund_Logo_grau_OK.svg\" class=\"attachment-full size-full\" alt=\"\" \/><\/a><\/div><\/div><\/div><\/div>[\/vc_column][\/vc_row]<\/div>","protected":false},"excerpt":{"rendered":"[vc_row full_width=&#8221;stretch_row_content_no_spaces&#8221;][vc_column][vc_column_text] Jau vair\u0101k k\u0101 100 gadu ASV z\u012bmols Champion pied\u0101v\u0101 sportiska stila ap\u0123\u0113rbu br\u012bvajam laikam, apvienojot sportisku izskatu ar trad\u012bciju un autentiskuma izj\u016btu. Champion z\u012bmolu 1919. gad\u0101 Ro\u010dester\u0101, \u0145ujorkas \u0161tat\u0101, nodibin\u0101ja br\u0101\u013ci Fainbl\u016bmi. 1920-tajos un 1930-tajos gados daudzsolo\u0161ais ap\u0123\u0113rbu z\u012bmols nodro\u0161in\u0101ja sporta ap\u0123\u0113rbu vair\u0101k\u0101m universit\u0101t\u0113m un koled\u017e\u0101m. 1930-to gadu beig\u0101s Champion pieg\u0101d\u0101ja ap\u0123\u0113rbu ASV [&hellip;]","protected":false},"author":3,"featured_media":0,"parent":3938,"menu_order":0,"comment_status":"closed","ping_status":"closed","template":"","meta":{"_acf_changed":false,"inline_featured_image":false,"footnotes":""},"class_list":["post-4615","page","type-page","status-publish","hentry"],"acf":[],"yoast_head":"<!-- This site is optimized with the Yoast SEO plugin v27.2 - https:\/\/yoast.com\/product\/yoast-seo-wordpress\/ -->\n<title>Champion v\u012brie\u0161u modes preces veikal\u0101 VAN GRAAF R\u012bg\u0101<\/title>\n<meta name=\"description\" content=\"Champion v\u012brie\u0161u ap\u0123\u0113rbi - sportisks ikdienas stils un augsta kvalit\u0101te. Ieg\u0101d\u0101jieties modernu ap\u0123\u0113rbu veikal\u0101 VAN GRAAF R\u012bg\u0101!\" \/>\n<meta name=\"robots\" content=\"index, follow, max-snippet:-1, max-image-preview:large, max-video-preview:-1\" \/>\n<link rel=\"canonical\" href=\"https:\/\/www.vangraaf.com\/lv\/zimoli\/champion\/\" \/>\n<meta property=\"og:locale\" content=\"lv_LV\" \/>\n<meta property=\"og:type\" content=\"article\" \/>\n<meta property=\"og:title\" content=\"Champion v\u012brie\u0161u modes preces veikal\u0101 VAN GRAAF R\u012bg\u0101\" \/>\n<meta property=\"og:description\" content=\"Champion v\u012brie\u0161u ap\u0123\u0113rbi - sportisks ikdienas stils un augsta kvalit\u0101te. Ieg\u0101d\u0101jieties modernu ap\u0123\u0113rbu veikal\u0101 VAN GRAAF R\u012bg\u0101!\" \/>\n<meta property=\"og:url\" content=\"https:\/\/www.vangraaf.com\/lv\/zimoli\/champion\/\" \/>\n<meta property=\"og:site_name\" content=\"VAN GRAAF Latvija\" \/>\n<meta property=\"article:modified_time\" content=\"2020-09-15T10:45:36+00:00\" \/>\n<meta name=\"twitter:card\" content=\"summary_large_image\" \/>\n<meta name=\"twitter:label1\" content=\"Est. reading time\" \/>\n\t<meta name=\"twitter:data1\" content=\"3 min\u016btes\" \/>\n<script type=\"application\/ld+json\" class=\"yoast-schema-graph\">{\"@context\":\"https:\/\/schema.org\",\"@graph\":[{\"@type\":\"WebPage\",\"@id\":\"https:\/\/www.vangraaf.com\/lv\/zimoli\/champion\/\",\"url\":\"https:\/\/www.vangraaf.com\/lv\/zimoli\/champion\/\",\"name\":\"Champion v\u012brie\u0161u modes preces veikal\u0101 VAN GRAAF R\u012bg\u0101\",\"isPartOf\":{\"@id\":\"https:\/\/www.vangraaf.com\/lv\/#website\"},\"datePublished\":\"2020-03-12T12:45:21+00:00\",\"dateModified\":\"2020-09-15T10:45:36+00:00\",\"description\":\"Champion v\u012brie\u0161u ap\u0123\u0113rbi - sportisks ikdienas stils un augsta kvalit\u0101te. Ieg\u0101d\u0101jieties modernu ap\u0123\u0113rbu veikal\u0101 VAN GRAAF R\u012bg\u0101!\",\"breadcrumb\":{\"@id\":\"https:\/\/www.vangraaf.com\/lv\/zimoli\/champion\/#breadcrumb\"},\"inLanguage\":\"lv-LV\",\"potentialAction\":[{\"@type\":\"ReadAction\",\"target\":[\"https:\/\/www.vangraaf.com\/lv\/zimoli\/champion\/\"]}]},{\"@type\":\"BreadcrumbList\",\"@id\":\"https:\/\/www.vangraaf.com\/lv\/zimoli\/champion\/#breadcrumb\",\"itemListElement\":[{\"@type\":\"ListItem\",\"position\":1,\"name\":\"Home\",\"item\":\"https:\/\/www.vangraaf.com\/lv\/\"},{\"@type\":\"ListItem\",\"position\":2,\"name\":\"Marken\",\"item\":\"https:\/\/www.vangraaf.com\/lv\/zimoli\/\"},{\"@type\":\"ListItem\",\"position\":3,\"name\":\"Champion\"}]},{\"@type\":\"WebSite\",\"@id\":\"https:\/\/www.vangraaf.com\/lv\/#website\",\"url\":\"https:\/\/www.vangraaf.com\/lv\/\",\"name\":\"VAN GRAAF\",\"description\":\"VAN GRAAF\",\"potentialAction\":[{\"@type\":\"SearchAction\",\"target\":{\"@type\":\"EntryPoint\",\"urlTemplate\":\"https:\/\/www.vangraaf.com\/lv\/?s={search_term_string}\"},\"query-input\":{\"@type\":\"PropertyValueSpecification\",\"valueRequired\":true,\"valueName\":\"search_term_string\"}}],\"inLanguage\":\"lv-LV\"}]}<\/script>\n<!-- \/ Yoast SEO plugin. -->","yoast_head_json":{"title":"Champion v\u012brie\u0161u modes preces veikal\u0101 VAN GRAAF R\u012bg\u0101","description":"Champion v\u012brie\u0161u ap\u0123\u0113rbi - sportisks ikdienas stils un augsta kvalit\u0101te. Ieg\u0101d\u0101jieties modernu ap\u0123\u0113rbu veikal\u0101 VAN GRAAF R\u012bg\u0101!","robots":{"index":"index","follow":"follow","max-snippet":"max-snippet:-1","max-image-preview":"max-image-preview:large","max-video-preview":"max-video-preview:-1"},"canonical":"https:\/\/www.vangraaf.com\/lv\/zimoli\/champion\/","og_locale":"lv_LV","og_type":"article","og_title":"Champion v\u012brie\u0161u modes preces veikal\u0101 VAN GRAAF R\u012bg\u0101","og_description":"Champion v\u012brie\u0161u ap\u0123\u0113rbi - sportisks ikdienas stils un augsta kvalit\u0101te. Ieg\u0101d\u0101jieties modernu ap\u0123\u0113rbu veikal\u0101 VAN GRAAF R\u012bg\u0101!","og_url":"https:\/\/www.vangraaf.com\/lv\/zimoli\/champion\/","og_site_name":"VAN GRAAF Latvija","article_modified_time":"2020-09-15T10:45:36+00:00","twitter_card":"summary_large_image","twitter_misc":{"Est. reading time":"3 min\u016btes"},"schema":{"@context":"https:\/\/schema.org","@graph":[{"@type":"WebPage","@id":"https:\/\/www.vangraaf.com\/lv\/zimoli\/champion\/","url":"https:\/\/www.vangraaf.com\/lv\/zimoli\/champion\/","name":"Champion v\u012brie\u0161u modes preces veikal\u0101 VAN GRAAF R\u012bg\u0101","isPartOf":{"@id":"https:\/\/www.vangraaf.com\/lv\/#website"},"datePublished":"2020-03-12T12:45:21+00:00","dateModified":"2020-09-15T10:45:36+00:00","description":"Champion v\u012brie\u0161u ap\u0123\u0113rbi - sportisks ikdienas stils un augsta kvalit\u0101te. Ieg\u0101d\u0101jieties modernu ap\u0123\u0113rbu veikal\u0101 VAN GRAAF R\u012bg\u0101!","breadcrumb":{"@id":"https:\/\/www.vangraaf.com\/lv\/zimoli\/champion\/#breadcrumb"},"inLanguage":"lv-LV","potentialAction":[{"@type":"ReadAction","target":["https:\/\/www.vangraaf.com\/lv\/zimoli\/champion\/"]}]},{"@type":"BreadcrumbList","@id":"https:\/\/www.vangraaf.com\/lv\/zimoli\/champion\/#breadcrumb","itemListElement":[{"@type":"ListItem","position":1,"name":"Home","item":"https:\/\/www.vangraaf.com\/lv\/"},{"@type":"ListItem","position":2,"name":"Marken","item":"https:\/\/www.vangraaf.com\/lv\/zimoli\/"},{"@type":"ListItem","position":3,"name":"Champion"}]},{"@type":"WebSite","@id":"https:\/\/www.vangraaf.com\/lv\/#website","url":"https:\/\/www.vangraaf.com\/lv\/","name":"VAN GRAAF","description":"VAN GRAAF","potentialAction":[{"@type":"SearchAction","target":{"@type":"EntryPoint","urlTemplate":"https:\/\/www.vangraaf.com\/lv\/?s={search_term_string}"},"query-input":{"@type":"PropertyValueSpecification","valueRequired":true,"valueName":"search_term_string"}}],"inLanguage":"lv-LV"}]}},"_links":{"self":[{"href":"https:\/\/www.vangraaf.com\/lv\/wp-json\/wp\/v2\/pages\/4615","targetHints":{"allow":["GET"]}}],"collection":[{"href":"https:\/\/www.vangraaf.com\/lv\/wp-json\/wp\/v2\/pages"}],"about":[{"href":"https:\/\/www.vangraaf.com\/lv\/wp-json\/wp\/v2\/types\/page"}],"author":[{"embeddable":true,"href":"https:\/\/www.vangraaf.com\/lv\/wp-json\/wp\/v2\/users\/3"}],"replies":[{"embeddable":true,"href":"https:\/\/www.vangraaf.com\/lv\/wp-json\/wp\/v2\/comments?post=4615"}],"version-history":[{"count":6,"href":"https:\/\/www.vangraaf.com\/lv\/wp-json\/wp\/v2\/pages\/4615\/revisions"}],"predecessor-version":[{"id":5003,"href":"https:\/\/www.vangraaf.com\/lv\/wp-json\/wp\/v2\/pages\/4615\/revisions\/5003"}],"up":[{"embeddable":true,"href":"https:\/\/www.vangraaf.com\/lv\/wp-json\/wp\/v2\/pages\/3938"}],"wp:attachment":[{"href":"https:\/\/www.vangraaf.com\/lv\/wp-json\/wp\/v2\/media?parent=4615"}],"curies":[{"name":"wp","href":"https:\/\/api.w.org\/{rel}","templated":true}]}}