{"id":4614,"date":"2020-03-12T13:43:41","date_gmt":"2020-03-12T12:43:41","guid":{"rendered":"http:\/\/van-graaf.test\/ch\/?page_id=3624"},"modified":"2021-09-09T12:01:48","modified_gmt":"2021-09-09T10:01:48","slug":"calvin-klein","status":"publish","type":"page","link":"https:\/\/www.vangraaf.com\/lv\/zimoli\/calvin-klein\/","title":{"rendered":"Calvin Klein"},"content":{"rendered":"<div class=\"wpb-content-wrapper\">[vc_row full_width=&#8221;stretch_row_content_no_spaces&#8221;][vc_column]<div class=\"keyvisual\" data-aos=\"fade-up\" ><img loading=\"lazy\" decoding=\"async\" width=\"1440\" height=\"480\" src=\"https:\/\/www.vangraaf.com\/lv\/wp-content\/uploads\/sites\/5\/2020\/09\/Logo_CalvinKlein.jpg\" class=\"vc_single_image-img\" alt=\"\" srcset=\"https:\/\/www.vangraaf.com\/lv\/wp-content\/uploads\/sites\/5\/2020\/09\/Logo_CalvinKlein.jpg 1440w, https:\/\/www.vangraaf.com\/lv\/wp-content\/uploads\/sites\/5\/2020\/09\/Logo_CalvinKlein-300x100.jpg 300w, https:\/\/www.vangraaf.com\/lv\/wp-content\/uploads\/sites\/5\/2020\/09\/Logo_CalvinKlein-1024x341.jpg 1024w, https:\/\/www.vangraaf.com\/lv\/wp-content\/uploads\/sites\/5\/2020\/09\/Logo_CalvinKlein-768x256.jpg 768w, https:\/\/www.vangraaf.com\/lv\/wp-content\/uploads\/sites\/5\/2020\/09\/Logo_CalvinKlein-1200x400.jpg 1200w, https:\/\/www.vangraaf.com\/lv\/wp-content\/uploads\/sites\/5\/2020\/09\/Logo_CalvinKlein-992x331.jpg 992w, https:\/\/www.vangraaf.com\/lv\/wp-content\/uploads\/sites\/5\/2020\/09\/Logo_CalvinKlein-480x160.jpg 480w\" sizes=\"(max-width: 1440px) 100vw, 1440px\" \/><\/div>\n        <div class=\"headlines headlines--center\" data-aos=\"fade-up\">\n            <div class=\"vc_row\">\n                <div class=\"vc_col-md-10 vc_col-md-offset-1 vc_col-lg-10 vc_col-lg-offset-1\"><span class=\"h6\">Calvin Klein<\/span><h1 class=\"h2\">Popul\u0101ras modes preces no Calvin Klein veikal\u0101 VAN GRAAF R\u012bg\u0101<\/h1><\/div>\n            <\/div>\n        <\/div>[vc_column_text]\r\n<p style=\"text-align: center\">Minim\u0101listisks, nep\u0101rejo\u0161s, elegants: nosaukums &#8220;Calvin Klein&#8221; noz\u012bm\u0113 klasisku, sportisku izskatu, kas p\u0101rdz\u012bvo \u012bslaic\u012bgas tendences un uz dzimumu balst\u012btas para\u017eas. 1990-to gadu s\u0101kum\u0101 Calvin Klein bija viens no z\u012bmoliem, kas populariz\u0113ja <strong>ikonisko unisex izskatu<\/strong>. Rekl\u0101mas kampa\u0146as d\u017einsiem un apak\u0161ve\u013cai no Calvin Klein ir k\u013cuvu\u0161as patiesi ikoniskas, piedaloties t\u0101diem modes elkiem k\u0101 Kristija T\u0113rlingtone, Keita Mosa un Marks Volbergs attur\u012bgos, est\u0113tiskos melnbaltos uz\u0146\u0113mumos. Atbr\u012bvojoties no &#8220;tipiski sievi\u0161\u0137\u012bg\u0101m&#8221; vai &#8220;tipiski v\u012bri\u0161\u0137\u012bg\u0101m&#8221; paz\u012bm\u0113m, Calvin Klein jau sen izaicin\u0101ja tradicion\u0101l\u0101s dzimumu lomas. Unisex smar\u017eas CK One bija lielisks piem\u0113rs, k\u0101 virz\u012bt produktu tirg\u016b, neizmantojot dzimumu kategorijas.<\/p>\r\n<p style=\"text-align: center\">Ap\u0123\u0113rbam, ko rad\u012bjis Kalvins Kleins (Calvin Klein), kur\u0161 izveidoja \u0161o ASV z\u012bmolu 1968. gad\u0101, vienm\u0113r bijis rakstur\u012bgs <strong>unik\u0101ls minim\u0101lisma, elegances un inov\u0101cijas sajaukums<\/strong>. Atkl\u0101jiet v\u012brie\u0161u un sievie\u0161u modes preces no Calvin Klein un t\u0101 apak\u0161z\u012bmoliem Calvin Klein Jeans un Calvin Klein Underwear m\u016bsu modes nam\u0101 R\u012bg\u0101! Mekl\u0113jiet viegli kombin\u0113jamus pamata ap\u0123\u0113rbus visiem gad\u012bjumiem, k\u0101 ar\u012b potenci\u0101lus iem\u012b\u013cot\u0101kos ap\u0123\u0113rbus no ikonisk\u0101 ASV z\u012bmola, ko glab\u0101siet sav\u0101 garderob\u0113 ilgu laiku.<\/p>\r\n[\/vc_column_text][\/vc_column][\/vc_row][vc_row bwd_tbc4vd_show_weekday=&#8221;&#8221; full_width=&#8221;stretch_row_content_no_spaces&#8221; disable_element=&#8221;yes&#8221;][vc_column]\n            <div class=\"vg-element topic-slider topic-slider--left topic-slider--dark\" style=\"--season-color-1: #ededed; --season-color-2: #002045\" data-aos=\"fade-up\">\n                <div class=\"topic-slider__inner\">\n                    <div class=\"content_wrap\">\n                        <div class=\"vc_row\">\n                            <div class=\"vc_col-md-12 vc_col-lg-10 vc_col-lg-offset-1\">\n                                <div class=\"vc_row\">\n                                    <div class=\"vc_col-sm-6\"><div class=\"topic-slider__image-wrap\"><div class=\"topic-slider__slider-wrap\"><div class=\"js-topic-slider\"><div class=\"topic-slider__slider__item\"><\/div><div class=\"topic-slider__slider__item\"><\/div><\/div><\/div><\/div><\/div><div class=\"vc_col-sm-6 vc_col-md-5 vc_col-md-offset-1\"><div class=\"topic-slider__content\"><span class=\"h4\">Calvin Klein rada ``t\u012bru un elegantu`` modi sieviet\u0113m un v\u012brie\u0161iem<\/span><p>Tikai da\u017ei modes z\u012bmoli 1980-tajos un 1990-tajos gados bija tik veiksm\u012bgi k\u0101 Calvin Klein. \u0160\u012b z\u012bmola ap\u0123\u0113rbs sieviet\u0113m un v\u012brie\u0161iem vienm\u0113r bijis slavens ar savu &#8220;t\u012bro&#8221; dizainu un \u013coti augstiem apdares standartiem. <strong>Atlas\u012bti materi\u0101li, ide\u0101ls griezums<\/strong>, milz\u012bgs skaits iesp\u0113jamu kombin\u0101ciju un klasiska elegance raksturo \u0161\u012b z\u012bmola dizainus.<\/p>\n<\/div><\/div>\n                                <\/div>\n                            <\/div>\n                        <\/div>\n                    <\/div>\n                <\/div>\n            <\/div>[\/vc_column][\/vc_row][vc_row][vc_column]\n        <div class=\"headlines headlines--center\" data-aos=\"fade-up\">\n            <div class=\"vc_row\">\n                <div class=\"vc_col-md-10 vc_col-md-offset-1 vc_col-lg-10 vc_col-lg-offset-1\"><h2 class=\"h2\">Calvin Klein rada ``t\u012bru un elegantu`` modi sieviet\u0113m un v\u012brie\u0161iem<\/h2><\/div>\n            <\/div>\n        <\/div>[vc_column_text]Tikai da\u017ei modes z\u012bmoli 1980-tajos un 1990-tajos gados bija tik veiksm\u012bgi k\u0101 Calvin Klein. \u0160\u012b z\u012bmola ap\u0123\u0113rbs sieviet\u0113m un v\u012brie\u0161iem vienm\u0113r bijis slavens ar savu &#8220;t\u012bro&#8221; dizainu un \u013coti augstiem apdares standartiem. <strong>Atlas\u012bti materi\u0101li, ide\u0101ls griezums<\/strong>, milz\u012bgs skaits iesp\u0113jamu kombin\u0101ciju un klasiska elegance raksturo \u0161\u012b z\u012bmola dizainus. Veikal\u0101 VAN GRAAF R\u012bg\u0101 atsevi\u0161\u0137\u0101s noda\u013c\u0101s ir <strong>pla\u0161s kl\u0101sts Calvin Klein ap\u0123\u0113rbu sieviet\u0113m un v\u012brie\u0161iem:<\/strong> tostarp d\u017einsi, pamata ap\u0123\u0113rbs ikdienai un darbam, piem\u0113ram, krekli, bl\u016bzes, puloveri un topi, apak\u0161ve\u013ca, ze\u0137es un aksesu\u0101ri. M\u016bsu Calvin Klein kl\u0101st\u0101 ir vispievilc\u012bg\u0101k\u0101s un aktu\u0101l\u0101k\u0101s preces.[\/vc_column_text][\/vc_column][\/vc_row][vc_row][vc_column]\n        <div class=\"headlines headlines--center\" data-aos=\"fade-up\">\n            <div class=\"vc_row\">\n                <div class=\"vc_col-md-10 vc_col-md-offset-1 vc_col-lg-10 vc_col-lg-offset-1\"><h2 class=\"h2\">Ieg\u0101d\u0101jieties ekskluz\u012bvu Calvin Klein ap\u0123\u0113rbu veikal\u0101 VAN GRAAF R\u012bg\u0101.<\/h2><\/div>\n            <\/div>\n        <\/div>[vc_column_text]\r\n<p class=\"Standard1\" style=\"margin-bottom: 8.0pt\"><span lang=\"EN-US\">Vai v\u0113laties p\u0101rliecin\u0101ties, ka j\u016bsu izv\u0113l\u0113tie Calvin Klein d\u017einsi ir tie\u0161\u0101m piem\u0113roti jums, vai v\u0113laties pal\u012bdz\u012bbu, izv\u0113loties preces attur\u012bgi lieti\u0161\u0137am izskatam? Eksperti m\u016bsu \u012bpa\u0161aj\u0101 modes veikal\u0101 R\u012bg\u0101 sniegs jums individu\u0101lus padomus par atbilsto\u0161iem mode\u013ciem, stilu un elementu kombin\u0113\u0161anu.<\/span><\/p>\r\n<p class=\"Standard1\" style=\"margin-bottom: 8.0pt\"><span lang=\"EN-US\">Veltiet laiku, lai apskat\u012btu m\u016bsu<a href=\"https:\/\/www.vangraaf.com\/lv\/konsultacijas-un-stils\/specializetas-nodalas\/\"> 14 specializ\u0113t\u0101s noda\u013cas<\/a>. Bez Calvin Klein modes prec\u0113m sieviet\u0113m un v\u012brie\u0161iem m\u0113s pied\u0101v\u0101jam ar\u012b daudzu citu popul\u0101ru ekskluz\u012bvu z\u012bmolu preces. Gaid\u012bsim j\u016bs m\u016bsu modes pasaul\u0113 tirdzniec\u012bbas centr\u0101 Akropole R\u012bg\u0101!<\/span><\/p>\r\n[\/vc_column_text][\/vc_column][\/vc_row][vc_row][vc_column]<div class=\"vg-element brand-slider brand-slider--light\" data-aos=\"fade-up\"><div class=\"brand-slider__inner\"><div class=\"brand-slider__slider js-brand-slider\"><div class=\"brand-slider__slider__item\"><a href=\"https:\/\/www.vangraaf.com\/lv\/zimoli\/adidas-originals\/\" title=\"adidas Originals\"><img loading=\"lazy\" decoding=\"async\" width=\"1\" height=\"1\" src=\"https:\/\/www.vangraaf.com\/lv\/wp-content\/uploads\/sites\/5\/2020\/03\/Adidas_Logo_grau_OK.svg\" class=\"attachment-full size-full\" alt=\"\" \/><\/a><\/div><div class=\"brand-slider__slider__item\"><a href=\"https:\/\/www.vangraaf.com\/lv\/zimoli\/tommy-hilfiger\/\" title=\"Tommy Hilfiger\"><img loading=\"lazy\" decoding=\"async\" width=\"1\" height=\"1\" src=\"https:\/\/www.vangraaf.com\/lv\/wp-content\/uploads\/sites\/5\/2020\/03\/Tommy_Hilfiger_4c_grau_OK.svg\" class=\"attachment-full size-full\" alt=\"\" \/><\/a><\/div><div class=\"brand-slider__slider__item\"><a href=\"https:\/\/www.vangraaf.com\/lv\/zimoli\/levis\/\" title=\"Levi&#039;s\"><img loading=\"lazy\" decoding=\"async\" width=\"1\" height=\"1\" src=\"https:\/\/www.vangraaf.com\/lv\/wp-content\/uploads\/sites\/5\/2020\/03\/Levis_Logo_grau_OK.svg\" class=\"attachment-full size-full\" alt=\"\" \/><\/a><\/div><div class=\"brand-slider__slider__item\"><a href=\"https:\/\/www.vangraaf.com\/lv\/zimoli\/calvin-klein\/\" title=\"Calvin Klein\"><img loading=\"lazy\" decoding=\"async\" width=\"1\" height=\"1\" src=\"https:\/\/www.vangraaf.com\/lv\/wp-content\/uploads\/sites\/5\/2020\/03\/Calvin-Klein-Logo-grau_OK.svg\" class=\"attachment-full size-full\" alt=\"\" \/><\/a><\/div><div class=\"brand-slider__slider__item\"><a href=\"https:\/\/www.vangraaf.com\/lv\/zimoli\/champion\/\" title=\"Champion\"><img loading=\"lazy\" decoding=\"async\" width=\"1\" height=\"1\" src=\"https:\/\/www.vangraaf.com\/lv\/wp-content\/uploads\/sites\/5\/2020\/03\/Champion_Logo_grau_OK.svg\" class=\"attachment-full size-full\" alt=\"\" \/><\/a><\/div><div class=\"brand-slider__slider__item\"><a href=\"https:\/\/www.vangraaf.com\/lv\/zimoli\/lacoste\/\" title=\"Lacoste\"><img loading=\"lazy\" decoding=\"async\" width=\"1\" height=\"1\" src=\"https:\/\/www.vangraaf.com\/lv\/wp-content\/uploads\/sites\/5\/2020\/03\/Lacoste_Logo_4c_grau_Ausnahme_OK.svg\" class=\"attachment-full size-full\" alt=\"\" \/><\/a><\/div><div class=\"brand-slider__slider__item\"><a href=\"https:\/\/www.vangraaf.com\/lv\/zimoli\/superdry\/\" title=\"Superdry\"><img loading=\"lazy\" decoding=\"async\" width=\"1\" height=\"1\" src=\"https:\/\/www.vangraaf.com\/lv\/wp-content\/uploads\/sites\/5\/2020\/03\/Superdry_Logo_grau_OK.svg\" class=\"attachment-full size-full\" alt=\"\" \/><\/a><\/div><div class=\"brand-slider__slider__item\"><a href=\"https:\/\/www.vangraaf.com\/lv\/zimoli\/fila\/\" title=\"FILA\"><img loading=\"lazy\" decoding=\"async\" width=\"1\" height=\"1\" src=\"https:\/\/www.vangraaf.com\/lv\/wp-content\/uploads\/sites\/5\/2020\/03\/Fila-Logo-grau_OK.svg\" class=\"attachment-full size-full\" alt=\"\" \/><\/a><\/div><div class=\"brand-slider__slider__item\"><a href=\"https:\/\/www.vangraaf.com\/lv\/zimoli\/tom-tailor\/\" title=\"TOM TAILOR\"><img loading=\"lazy\" decoding=\"async\" width=\"1\" height=\"1\" src=\"https:\/\/www.vangraaf.com\/lv\/wp-content\/uploads\/sites\/5\/2020\/03\/Tom_Tailor_Logo_grau_OK.svg\" class=\"attachment-full size-full\" alt=\"\" \/><\/a><\/div><div class=\"brand-slider__slider__item\"><a href=\"https:\/\/www.vangraaf.com\/lv\/zimoli\/alpha-industries\/\" title=\"Alpha Industries\"><img loading=\"lazy\" decoding=\"async\" width=\"1\" height=\"1\" src=\"https:\/\/www.vangraaf.com\/lv\/wp-content\/uploads\/sites\/5\/2020\/03\/Alpha_Industries_Logo_grau_OK.svg\" class=\"attachment-full size-full\" alt=\"\" \/><\/a><\/div><div class=\"brand-slider__slider__item\"><a href=\"https:\/\/www.vangraaf.com\/lv\/zimoli\/g-star\/\" title=\"G-Star RAW\"><img loading=\"lazy\" decoding=\"async\" width=\"1\" height=\"1\" src=\"https:\/\/www.vangraaf.com\/lv\/wp-content\/uploads\/sites\/5\/2020\/03\/G_Star_Logo_grau_OK.svg\" class=\"attachment-full size-full\" alt=\"\" \/><\/a><\/div><div class=\"brand-slider__slider__item\"><a href=\"https:\/\/www.vangraaf.com\/lv\/zimoli\/vila\/\" title=\"VILA\"><img loading=\"lazy\" decoding=\"async\" width=\"1\" height=\"1\" src=\"https:\/\/www.vangraaf.com\/lv\/wp-content\/uploads\/sites\/5\/2020\/03\/Vila_Logo_grau_OK.svg\" class=\"attachment-full size-full\" alt=\"\" \/><\/a><\/div><div class=\"brand-slider__slider__item\"><a href=\"https:\/\/www.vangraaf.com\/lv\/zimoli\/boss\/\" title=\"BOSS\"><img loading=\"lazy\" decoding=\"async\" width=\"1\" height=\"1\" src=\"https:\/\/www.vangraaf.com\/lv\/wp-content\/uploads\/sites\/5\/2020\/03\/Boss_Logo_grau_OK.svg\" class=\"attachment-full size-full\" alt=\"\" \/><\/a><\/div><div class=\"brand-slider__slider__item\"><a href=\"https:\/\/www.vangraaf.com\/lv\/zimoli\/armani-exchange\/\" title=\"Armani Exchange\"><img loading=\"lazy\" decoding=\"async\" width=\"1\" height=\"1\" src=\"https:\/\/www.vangraaf.com\/lv\/wp-content\/uploads\/sites\/5\/2020\/03\/Armani-Exchange-Logo-grau_OK.svg\" class=\"attachment-full size-full\" alt=\"\" \/><\/a><\/div><div class=\"brand-slider__slider__item\"><a href=\"https:\/\/www.vangraaf.com\/lv\/zimoli\/polo-ralph-lauren\/\" title=\"Polo Ralph Lauren\"><img loading=\"lazy\" decoding=\"async\" width=\"1\" height=\"1\" src=\"https:\/\/www.vangraaf.com\/lv\/wp-content\/uploads\/sites\/5\/2020\/03\/Ralph_Lauren_Logo_grau_OK.svg\" class=\"attachment-full size-full\" alt=\"\" \/><\/a><\/div><div class=\"brand-slider__slider__item\"><a href=\"https:\/\/www.vangraaf.com\/lv\/zimoli\/marie-lund\/\" title=\"Marie Lund\"><img loading=\"lazy\" decoding=\"async\" width=\"1\" height=\"1\" src=\"https:\/\/www.vangraaf.com\/lv\/wp-content\/uploads\/sites\/5\/2020\/03\/Marie_Lund_Logo_grau_OK.svg\" class=\"attachment-full size-full\" alt=\"\" \/><\/a><\/div><\/div><\/div><\/div>[\/vc_column][\/vc_row]<\/div>","protected":false},"excerpt":{"rendered":"[vc_row full_width=&#8221;stretch_row_content_no_spaces&#8221;][vc_column][vc_column_text] Minim\u0101listisks, nep\u0101rejo\u0161s, elegants: nosaukums &#8220;Calvin Klein&#8221; noz\u012bm\u0113 klasisku, sportisku izskatu, kas p\u0101rdz\u012bvo \u012bslaic\u012bgas tendences un uz dzimumu balst\u012btas para\u017eas. 1990-to gadu s\u0101kum\u0101 Calvin Klein bija viens no z\u012bmoliem, kas populariz\u0113ja ikonisko unisex izskatu. Rekl\u0101mas kampa\u0146as d\u017einsiem un apak\u0161ve\u013cai no Calvin Klein ir k\u013cuvu\u0161as patiesi ikoniskas, piedaloties t\u0101diem modes elkiem k\u0101 Kristija T\u0113rlingtone, Keita [&hellip;]","protected":false},"author":3,"featured_media":0,"parent":3938,"menu_order":0,"comment_status":"closed","ping_status":"closed","template":"","meta":{"_acf_changed":false,"inline_featured_image":false,"footnotes":""},"class_list":["post-4614","page","type-page","status-publish","hentry"],"acf":[],"yoast_head":"<!-- This site is optimized with the Yoast SEO plugin v27.2 - https:\/\/yoast.com\/product\/yoast-seo-wordpress\/ -->\n<title>Calvin Klein modes preces v\u012brie\u0161iem un sieviet\u0113m R\u012bg\u0101<\/title>\n<meta name=\"description\" content=\"T\u012brs, nep\u0101rejo\u0161s, elegants: Calvin Klein. Mekl\u0113jiet sievie\u0161u un v\u012brie\u0161u modes preces veikal\u0101 VAN GRAAF R\u012bg\u0101 - attur\u012bgas vienk\u0101r\u0161\u012bbas pievilc\u012bba!\" \/>\n<meta name=\"robots\" content=\"index, follow, max-snippet:-1, max-image-preview:large, max-video-preview:-1\" \/>\n<link rel=\"canonical\" href=\"https:\/\/www.vangraaf.com\/lv\/zimoli\/calvin-klein\/\" \/>\n<meta property=\"og:locale\" content=\"lv_LV\" \/>\n<meta property=\"og:type\" content=\"article\" \/>\n<meta property=\"og:title\" content=\"Calvin Klein modes preces v\u012brie\u0161iem un sieviet\u0113m R\u012bg\u0101\" \/>\n<meta property=\"og:description\" content=\"T\u012brs, nep\u0101rejo\u0161s, elegants: Calvin Klein. Mekl\u0113jiet sievie\u0161u un v\u012brie\u0161u modes preces veikal\u0101 VAN GRAAF R\u012bg\u0101 - attur\u012bgas vienk\u0101r\u0161\u012bbas pievilc\u012bba!\" \/>\n<meta property=\"og:url\" content=\"https:\/\/www.vangraaf.com\/lv\/zimoli\/calvin-klein\/\" \/>\n<meta property=\"og:site_name\" content=\"VAN GRAAF Latvija\" \/>\n<meta property=\"article:modified_time\" content=\"2021-09-09T10:01:48+00:00\" \/>\n<meta name=\"twitter:card\" content=\"summary_large_image\" \/>\n<meta name=\"twitter:label1\" content=\"Est. reading time\" \/>\n\t<meta name=\"twitter:data1\" content=\"3 min\u016btes\" \/>\n<script type=\"application\/ld+json\" class=\"yoast-schema-graph\">{\"@context\":\"https:\/\/schema.org\",\"@graph\":[{\"@type\":\"WebPage\",\"@id\":\"https:\/\/www.vangraaf.com\/lv\/zimoli\/calvin-klein\/\",\"url\":\"https:\/\/www.vangraaf.com\/lv\/zimoli\/calvin-klein\/\",\"name\":\"Calvin Klein modes preces v\u012brie\u0161iem un sieviet\u0113m R\u012bg\u0101\",\"isPartOf\":{\"@id\":\"https:\/\/www.vangraaf.com\/lv\/#website\"},\"datePublished\":\"2020-03-12T12:43:41+00:00\",\"dateModified\":\"2021-09-09T10:01:48+00:00\",\"description\":\"T\u012brs, nep\u0101rejo\u0161s, elegants: Calvin Klein. Mekl\u0113jiet sievie\u0161u un v\u012brie\u0161u modes preces veikal\u0101 VAN GRAAF R\u012bg\u0101 - attur\u012bgas vienk\u0101r\u0161\u012bbas pievilc\u012bba!\",\"breadcrumb\":{\"@id\":\"https:\/\/www.vangraaf.com\/lv\/zimoli\/calvin-klein\/#breadcrumb\"},\"inLanguage\":\"lv-LV\",\"potentialAction\":[{\"@type\":\"ReadAction\",\"target\":[\"https:\/\/www.vangraaf.com\/lv\/zimoli\/calvin-klein\/\"]}]},{\"@type\":\"BreadcrumbList\",\"@id\":\"https:\/\/www.vangraaf.com\/lv\/zimoli\/calvin-klein\/#breadcrumb\",\"itemListElement\":[{\"@type\":\"ListItem\",\"position\":1,\"name\":\"Home\",\"item\":\"https:\/\/www.vangraaf.com\/lv\/\"},{\"@type\":\"ListItem\",\"position\":2,\"name\":\"Marken\",\"item\":\"https:\/\/www.vangraaf.com\/lv\/zimoli\/\"},{\"@type\":\"ListItem\",\"position\":3,\"name\":\"Calvin Klein\"}]},{\"@type\":\"WebSite\",\"@id\":\"https:\/\/www.vangraaf.com\/lv\/#website\",\"url\":\"https:\/\/www.vangraaf.com\/lv\/\",\"name\":\"VAN GRAAF\",\"description\":\"VAN GRAAF\",\"potentialAction\":[{\"@type\":\"SearchAction\",\"target\":{\"@type\":\"EntryPoint\",\"urlTemplate\":\"https:\/\/www.vangraaf.com\/lv\/?s={search_term_string}\"},\"query-input\":{\"@type\":\"PropertyValueSpecification\",\"valueRequired\":true,\"valueName\":\"search_term_string\"}}],\"inLanguage\":\"lv-LV\"}]}<\/script>\n<!-- \/ Yoast SEO plugin. -->","yoast_head_json":{"title":"Calvin Klein modes preces v\u012brie\u0161iem un sieviet\u0113m R\u012bg\u0101","description":"T\u012brs, nep\u0101rejo\u0161s, elegants: Calvin Klein. Mekl\u0113jiet sievie\u0161u un v\u012brie\u0161u modes preces veikal\u0101 VAN GRAAF R\u012bg\u0101 - attur\u012bgas vienk\u0101r\u0161\u012bbas pievilc\u012bba!","robots":{"index":"index","follow":"follow","max-snippet":"max-snippet:-1","max-image-preview":"max-image-preview:large","max-video-preview":"max-video-preview:-1"},"canonical":"https:\/\/www.vangraaf.com\/lv\/zimoli\/calvin-klein\/","og_locale":"lv_LV","og_type":"article","og_title":"Calvin Klein modes preces v\u012brie\u0161iem un sieviet\u0113m R\u012bg\u0101","og_description":"T\u012brs, nep\u0101rejo\u0161s, elegants: Calvin Klein. Mekl\u0113jiet sievie\u0161u un v\u012brie\u0161u modes preces veikal\u0101 VAN GRAAF R\u012bg\u0101 - attur\u012bgas vienk\u0101r\u0161\u012bbas pievilc\u012bba!","og_url":"https:\/\/www.vangraaf.com\/lv\/zimoli\/calvin-klein\/","og_site_name":"VAN GRAAF Latvija","article_modified_time":"2021-09-09T10:01:48+00:00","twitter_card":"summary_large_image","twitter_misc":{"Est. reading time":"3 min\u016btes"},"schema":{"@context":"https:\/\/schema.org","@graph":[{"@type":"WebPage","@id":"https:\/\/www.vangraaf.com\/lv\/zimoli\/calvin-klein\/","url":"https:\/\/www.vangraaf.com\/lv\/zimoli\/calvin-klein\/","name":"Calvin Klein modes preces v\u012brie\u0161iem un sieviet\u0113m R\u012bg\u0101","isPartOf":{"@id":"https:\/\/www.vangraaf.com\/lv\/#website"},"datePublished":"2020-03-12T12:43:41+00:00","dateModified":"2021-09-09T10:01:48+00:00","description":"T\u012brs, nep\u0101rejo\u0161s, elegants: Calvin Klein. Mekl\u0113jiet sievie\u0161u un v\u012brie\u0161u modes preces veikal\u0101 VAN GRAAF R\u012bg\u0101 - attur\u012bgas vienk\u0101r\u0161\u012bbas pievilc\u012bba!","breadcrumb":{"@id":"https:\/\/www.vangraaf.com\/lv\/zimoli\/calvin-klein\/#breadcrumb"},"inLanguage":"lv-LV","potentialAction":[{"@type":"ReadAction","target":["https:\/\/www.vangraaf.com\/lv\/zimoli\/calvin-klein\/"]}]},{"@type":"BreadcrumbList","@id":"https:\/\/www.vangraaf.com\/lv\/zimoli\/calvin-klein\/#breadcrumb","itemListElement":[{"@type":"ListItem","position":1,"name":"Home","item":"https:\/\/www.vangraaf.com\/lv\/"},{"@type":"ListItem","position":2,"name":"Marken","item":"https:\/\/www.vangraaf.com\/lv\/zimoli\/"},{"@type":"ListItem","position":3,"name":"Calvin Klein"}]},{"@type":"WebSite","@id":"https:\/\/www.vangraaf.com\/lv\/#website","url":"https:\/\/www.vangraaf.com\/lv\/","name":"VAN GRAAF","description":"VAN GRAAF","potentialAction":[{"@type":"SearchAction","target":{"@type":"EntryPoint","urlTemplate":"https:\/\/www.vangraaf.com\/lv\/?s={search_term_string}"},"query-input":{"@type":"PropertyValueSpecification","valueRequired":true,"valueName":"search_term_string"}}],"inLanguage":"lv-LV"}]}},"_links":{"self":[{"href":"https:\/\/www.vangraaf.com\/lv\/wp-json\/wp\/v2\/pages\/4614","targetHints":{"allow":["GET"]}}],"collection":[{"href":"https:\/\/www.vangraaf.com\/lv\/wp-json\/wp\/v2\/pages"}],"about":[{"href":"https:\/\/www.vangraaf.com\/lv\/wp-json\/wp\/v2\/types\/page"}],"author":[{"embeddable":true,"href":"https:\/\/www.vangraaf.com\/lv\/wp-json\/wp\/v2\/users\/3"}],"replies":[{"embeddable":true,"href":"https:\/\/www.vangraaf.com\/lv\/wp-json\/wp\/v2\/comments?post=4614"}],"version-history":[{"count":9,"href":"https:\/\/www.vangraaf.com\/lv\/wp-json\/wp\/v2\/pages\/4614\/revisions"}],"predecessor-version":[{"id":5600,"href":"https:\/\/www.vangraaf.com\/lv\/wp-json\/wp\/v2\/pages\/4614\/revisions\/5600"}],"up":[{"embeddable":true,"href":"https:\/\/www.vangraaf.com\/lv\/wp-json\/wp\/v2\/pages\/3938"}],"wp:attachment":[{"href":"https:\/\/www.vangraaf.com\/lv\/wp-json\/wp\/v2\/media?parent=4614"}],"curies":[{"name":"wp","href":"https:\/\/api.w.org\/{rel}","templated":true}]}}