{"id":4613,"date":"2020-03-12T13:57:30","date_gmt":"2020-03-12T12:57:30","guid":{"rendered":"http:\/\/van-graaf.test\/ch\/?page_id=3651"},"modified":"2020-09-15T12:44:27","modified_gmt":"2020-09-15T10:44:27","slug":"boss","status":"publish","type":"page","link":"https:\/\/www.vangraaf.com\/lv\/zimoli\/boss\/","title":{"rendered":"BOSS"},"content":{"rendered":"<div class=\"wpb-content-wrapper\">[vc_row full_width=&#8221;stretch_row_content_no_spaces&#8221;][vc_column]<div class=\"keyvisual\" data-aos=\"fade-up\" ><img loading=\"lazy\" decoding=\"async\" width=\"1440\" height=\"480\" src=\"https:\/\/www.vangraaf.com\/lv\/wp-content\/uploads\/sites\/5\/2020\/09\/Logo_Boss.jpg\" class=\"vc_single_image-img\" alt=\"\" srcset=\"https:\/\/www.vangraaf.com\/lv\/wp-content\/uploads\/sites\/5\/2020\/09\/Logo_Boss.jpg 1440w, https:\/\/www.vangraaf.com\/lv\/wp-content\/uploads\/sites\/5\/2020\/09\/Logo_Boss-300x100.jpg 300w, https:\/\/www.vangraaf.com\/lv\/wp-content\/uploads\/sites\/5\/2020\/09\/Logo_Boss-1024x341.jpg 1024w, https:\/\/www.vangraaf.com\/lv\/wp-content\/uploads\/sites\/5\/2020\/09\/Logo_Boss-768x256.jpg 768w, https:\/\/www.vangraaf.com\/lv\/wp-content\/uploads\/sites\/5\/2020\/09\/Logo_Boss-1200x400.jpg 1200w, https:\/\/www.vangraaf.com\/lv\/wp-content\/uploads\/sites\/5\/2020\/09\/Logo_Boss-992x331.jpg 992w, https:\/\/www.vangraaf.com\/lv\/wp-content\/uploads\/sites\/5\/2020\/09\/Logo_Boss-480x160.jpg 480w\" sizes=\"(max-width: 1440px) 100vw, 1440px\" \/><\/div>\n        <div class=\"headlines headlines--center\" data-aos=\"fade-up\">\n            <div class=\"vc_row\">\n                <div class=\"vc_col-md-10 vc_col-md-offset-1 vc_col-lg-10 vc_col-lg-offset-1\"><span class=\"h6\">BOSS<\/span><h1 class=\"h2\">Augstas kvalit\u0101tes modes preces no BOSS: veikal\u0101 VAN GRAAF R\u012bg\u0101<\/h1><\/div>\n            <\/div>\n        <\/div>[vc_column_text]\r\n<p style=\"text-align: center\">Modes sekot\u0101ji vis\u0101 pasaul\u0113 ir iecien\u012bju\u0161i <strong>premium z\u012bmolu BOSS<\/strong>. BOSS mode v\u012brie\u0161iem un sieviet\u0113m tiek apbr\u012bnota \u012bpa\u0161i d\u0113\u013c senaj\u0101m trad\u012bcij\u0101m eleganti lieti\u0161\u0137o un vakara ap\u0123\u0113rbu jom\u0101. Laika gait\u0101 \u0161is z\u012bmols arvien cie\u0161\u0101k tiek saist\u012bts ar\u012b ar ikdienas ap\u0123\u0113rbu. \u0160v\u0101bijas modes dizaineri ir papla\u0161in\u0101ju\u0161i savu darb\u012bbu vis\u0101 pasaul\u0113. Iep\u0113rkoties Latvij\u0101, vislab\u0101k\u0101 vieta, kur mekl\u0113t BOSS, ir <strong>VAN GRAAF fili\u0101le R\u012bg\u0101<\/strong>.<\/p>\r\n[\/vc_column_text][\/vc_column][\/vc_row][vc_row][vc_column]\n        <div class=\"headlines headlines--center\" data-aos=\"fade-up\">\n            <div class=\"vc_row\">\n                <div class=\"vc_col-md-10 vc_col-md-offset-1 vc_col-lg-10 vc_col-lg-offset-1\"><h2 class=\"h2\">BOSS: slavens ar lieti\u0161\u0137\u0101 stila ap\u0123\u0113rbu v\u012brie\u0161iem un sieviet\u0113m<\/h2><\/div>\n            <\/div>\n        <\/div>[vc_column_text]Hugo Boss AG, kas tika dibin\u0101ts 1924. gad\u0101 \u0160v\u0101bijas pils\u0113t\u0101 Mecingen\u0101, var lepoties ar senu v\u0113sturi. \u0160obr\u012bd uz\u0146\u0113mums ir viens no <strong>pasaules vado\u0161ajiem modes z\u012bmoliem <\/strong>augst\u0101k\u0101s klases ap\u0123\u0113rbu sektor\u0101. S\u0101kotn\u0113ji uz\u0146\u0113mums ra\u017eoja tikai v\u012brie\u0161u ap\u0123\u0113rbu, kam sievie\u0161u kl\u0101stu pievienoja 1997. gad\u0101. Pa\u0161p\u0101rliecin\u0101tas sievietes un v\u012brie\u0161i ar izteiktu stila izj\u016btu ir saj\u016bsm\u0101 par augstas kvalit\u0101tes produktiem no <strong>BOSS sievie\u0161u ap\u0123\u0113rba<\/strong> un <strong>BOSS v\u012brie\u0161u ap\u0123\u0113rba<\/strong>. Ieg\u0101d\u0101jieties <strong>ekskluz\u012bvas BOSS modes preces d\u0101m\u0101m un kungiem <\/strong>veikal\u0101 <strong>VAN GRAAF Latvij\u0101<\/strong>.\r\n\r\nV\u0101cijas z\u012bmolam BOSS ir senas trad\u012bcijas, veidojot dizainu un <strong>ra\u017eojot v\u012brie\u0161u uzvalkus<\/strong>. BOSS vienm\u0113r ir bijis veiksm\u012bgs v\u012brie\u0161u lieti\u0161\u0137\u0101s modes z\u012bmols, bet p\u0113d\u0113j\u0101 laik\u0101 <strong>BOSS vakara ap\u0123\u0113rbi<\/strong> ir k\u013cuvu\u0161i \u0101rk\u0101rt\u012bgi popul\u0101ri m\u016bsu sievie\u0161u un v\u012brie\u0161u klientu vid\u016b. <strong>Augstas kvalit\u0101tes materi\u0101li<\/strong> un <strong>izcils griezums<\/strong>, ko nodro\u0161ina <strong>lieliskas \u0161\u016b\u0161anas trad\u012bcijas<\/strong>, \u0161im sen dibin\u0101tajam uz\u0146\u0113mumam ir nesu\u0161i veiksmi vis\u0101 pasaul\u0113. BOSS modes ap\u0123\u0113rbi sieviet\u0113m un v\u012brie\u0161iem ir smalki, eleganti un galvenok\u0101rt klasiski.[\/vc_column_text][\/vc_column][\/vc_row][vc_row][vc_column]\n        <div class=\"headlines headlines--center\" data-aos=\"fade-up\">\n            <div class=\"vc_row\">\n                <div class=\"vc_col-md-10 vc_col-md-offset-1 vc_col-lg-10 vc_col-lg-offset-1\"><h2 class=\"h2\">BOSS sievie\u0161u un v\u012brie\u0161u ap\u0123\u0113rbu kl\u0101sts ietver visu no ``sportiska`` l\u012bdz ``elegantam``.<\/h2><\/div>\n            <\/div>\n        <\/div>[vc_column_text]BOSS kolekcijas ple\u0161as no &#8220;ikdieni\u0161\u0137a&#8221; l\u012bdz &#8220;luksusa&#8221; ap\u0123\u0113rbam, ietverot pla\u0161a kl\u0101sta ap\u0123\u0113rbu da\u017e\u0101dos stilos, piem\u0113ram:\r\n<ul>\r\n \t<li>Eleganti, \u0113rti <strong>v\u012brie\u0161u divda\u013c\u012bgi uzvalki<\/strong> no m\u012bkstas, elpojo\u0161as jaunvilnas<\/li>\r\n \t<li>Moderni <strong>lieti\u0161\u0137ie ap\u0123\u0113rbi<\/strong> sieviet\u0113m, piem., kokvilnas kreklkleitas, tren\u010da m\u0113te\u013cu stil\u0101<\/li>\r\n \t<li><strong>Elegantas vakarkleitas<\/strong>, piem\u0113ram, plis\u0113tas maksim\u0101la garuma kleitas no viegliem, elast\u012bgiem materi\u0101liem<\/li>\r\n<\/ul>\r\nPamata ap\u0123\u0113rbs, piem\u0113ram, virsjakas, d\u017eemperi un bikses plus <strong>aksesu\u0101ri<\/strong>, piem\u0113ram, apavi, cepures un somas. Dodieties uz <strong>R\u012bgu<\/strong>, mekl\u0113jiet <strong>BOSS modi v\u012brie\u0161iem un sieviet\u0113m<\/strong> un ieg\u0101d\u0101jieties savas iecien\u012bt\u0101s preces![\/vc_column_text][\/vc_column][\/vc_row][vc_row][vc_column]\n        <div class=\"headlines headlines--center\" data-aos=\"fade-up\">\n            <div class=\"vc_row\">\n                <div class=\"vc_col-md-10 vc_col-md-offset-1 vc_col-lg-10 vc_col-lg-offset-1\"><h2 class=\"h2\">BOSS Casual R\u012bg\u0101<\/h2><\/div>\n            <\/div>\n        <\/div>[vc_column_text]VAN GRAAF R\u012bg\u0101 ir pieejams ar\u012b ap\u0123\u0113rbs no <strong>BOSS Casual kolekcijas<\/strong>. \u0160is kl\u0101sts nav tradicion\u0101ls un pied\u0101v\u0101 vair\u0101k eksperimentu k\u0101 klasisk\u0101s kolekcijas. BOSS Casual ir vado\u0161s <strong>br\u012bv\u0101 laika ap\u0123\u0113rba<\/strong> z\u012bmols, kas pied\u0101v\u0101 izteiksm\u012bgus,<strong> aktu\u0101lus stilus<\/strong>, <strong>kr\u0101sainus dizainus<\/strong>, <strong>izsmalcin\u0101tu izskatu un ekstravagantus akcentus<\/strong>. &#8220;Motociklistu&#8221; \u0101das jakas jaunie\u0161iem, stil\u012bgas \u010dino bikses spilgti oran\u017e\u0101 kr\u0101s\u0101 vai elast\u012bgi d\u017einsi &#8211; par sp\u012bti \u0161ai neformalit\u0101tei <strong>BOSS ikdienas ap\u0123\u0113rbs apstiprina stilistisko integrit\u0101ti<\/strong>, ko pau\u017e HUGO BOSS z\u012bmols.[\/vc_column_text][\/vc_column][\/vc_row][vc_row][vc_column]\n        <div class=\"headlines headlines--center\" data-aos=\"fade-up\">\n            <div class=\"vc_row\">\n                <div class=\"vc_col-md-10 vc_col-md-offset-1 vc_col-lg-10 vc_col-lg-offset-1\"><h2 class=\"h2\">Ieg\u0101d\u0101jieties VILA modes ap\u0123\u0113rbu veikal\u0101 VAN GRAAF R\u012bg\u0101<\/h2><\/div>\n            <\/div>\n        <\/div>[vc_column_text]Vai esat augstas klases modes z\u012bmolu piekrit\u0113js, kur\u0161 mekl\u0113 jaunu elegantu lieti\u0161\u0137o ap\u0123\u0113rbu vai stil\u012bgu br\u012bv\u0101 laika ap\u0123\u0113rbu? Apmekl\u0113jiet Latvijas VAN GRAAF veikalu R\u012bg\u0101 un apskatiet <strong>BOSS kolekcijas sieviet\u0113m un v\u012brie\u0161iem<\/strong>! Vai mekl\u0113jat kaut ko, kas at\u0161\u0137iras no gataviem uzvalkiem? Izveidojiet <a href=\"https:\/\/www.vangraaf.com\/lv\/konsultacijas-un-stils\/padomi\/individuali-pielagots-uzvalks\/\"><strong>uzvalku no kombin\u0113jamiem elementiem<\/strong><\/a>, piel\u0101gojot to savam individu\u0101lajam stilam. Izmantojiet <strong>priv\u0101t\u0101s iepirk\u0161an\u0101s<\/strong> pied\u0101v\u0101jumu m\u016bsu <strong><a href=\"https:\/\/www.vangraaf.com\/lv\/konsultacijas-un-stils\/specializetas-nodalas\/\">specializ\u0113taj\u0101s noda\u013c\u0101s<\/a>.<\/strong>[\/vc_column_text][\/vc_column][\/vc_row][vc_row][vc_column]<div class=\"vg-element brand-slider brand-slider--light\" data-aos=\"fade-up\"><div class=\"brand-slider__inner\"><div class=\"brand-slider__slider js-brand-slider\"><div class=\"brand-slider__slider__item\"><a href=\"https:\/\/www.vangraaf.com\/lv\/zimoli\/adidas-originals\/\" title=\"adidas Originals\"><img loading=\"lazy\" decoding=\"async\" width=\"1\" height=\"1\" src=\"https:\/\/www.vangraaf.com\/lv\/wp-content\/uploads\/sites\/5\/2020\/03\/Adidas_Logo_grau_OK.svg\" class=\"attachment-full size-full\" alt=\"\" \/><\/a><\/div><div class=\"brand-slider__slider__item\"><a href=\"https:\/\/www.vangraaf.com\/lv\/zimoli\/tommy-hilfiger\/\" title=\"Tommy Hilfiger\"><img loading=\"lazy\" decoding=\"async\" width=\"1\" height=\"1\" src=\"https:\/\/www.vangraaf.com\/lv\/wp-content\/uploads\/sites\/5\/2020\/03\/Tommy_Hilfiger_4c_grau_OK.svg\" class=\"attachment-full size-full\" alt=\"\" \/><\/a><\/div><div class=\"brand-slider__slider__item\"><a href=\"https:\/\/www.vangraaf.com\/lv\/zimoli\/levis\/\" title=\"Levi&#039;s\"><img loading=\"lazy\" decoding=\"async\" width=\"1\" height=\"1\" src=\"https:\/\/www.vangraaf.com\/lv\/wp-content\/uploads\/sites\/5\/2020\/03\/Levis_Logo_grau_OK.svg\" class=\"attachment-full size-full\" alt=\"\" \/><\/a><\/div><div class=\"brand-slider__slider__item\"><a href=\"https:\/\/www.vangraaf.com\/lv\/zimoli\/calvin-klein\/\" title=\"Calvin Klein\"><img loading=\"lazy\" decoding=\"async\" width=\"1\" height=\"1\" src=\"https:\/\/www.vangraaf.com\/lv\/wp-content\/uploads\/sites\/5\/2020\/03\/Calvin-Klein-Logo-grau_OK.svg\" class=\"attachment-full size-full\" alt=\"\" \/><\/a><\/div><div class=\"brand-slider__slider__item\"><a href=\"https:\/\/www.vangraaf.com\/lv\/zimoli\/champion\/\" title=\"Champion\"><img loading=\"lazy\" decoding=\"async\" width=\"1\" height=\"1\" src=\"https:\/\/www.vangraaf.com\/lv\/wp-content\/uploads\/sites\/5\/2020\/03\/Champion_Logo_grau_OK.svg\" class=\"attachment-full size-full\" alt=\"\" \/><\/a><\/div><div class=\"brand-slider__slider__item\"><a href=\"https:\/\/www.vangraaf.com\/lv\/zimoli\/lacoste\/\" title=\"Lacoste\"><img loading=\"lazy\" decoding=\"async\" width=\"1\" height=\"1\" src=\"https:\/\/www.vangraaf.com\/lv\/wp-content\/uploads\/sites\/5\/2020\/03\/Lacoste_Logo_4c_grau_Ausnahme_OK.svg\" class=\"attachment-full size-full\" alt=\"\" \/><\/a><\/div><div class=\"brand-slider__slider__item\"><a href=\"https:\/\/www.vangraaf.com\/lv\/zimoli\/superdry\/\" title=\"Superdry\"><img loading=\"lazy\" decoding=\"async\" width=\"1\" height=\"1\" src=\"https:\/\/www.vangraaf.com\/lv\/wp-content\/uploads\/sites\/5\/2020\/03\/Superdry_Logo_grau_OK.svg\" class=\"attachment-full size-full\" alt=\"\" \/><\/a><\/div><div class=\"brand-slider__slider__item\"><a href=\"https:\/\/www.vangraaf.com\/lv\/zimoli\/fila\/\" title=\"FILA\"><img loading=\"lazy\" decoding=\"async\" width=\"1\" height=\"1\" src=\"https:\/\/www.vangraaf.com\/lv\/wp-content\/uploads\/sites\/5\/2020\/03\/Fila-Logo-grau_OK.svg\" class=\"attachment-full size-full\" alt=\"\" \/><\/a><\/div><div class=\"brand-slider__slider__item\"><a href=\"https:\/\/www.vangraaf.com\/lv\/zimoli\/tom-tailor\/\" title=\"TOM TAILOR\"><img loading=\"lazy\" decoding=\"async\" width=\"1\" height=\"1\" src=\"https:\/\/www.vangraaf.com\/lv\/wp-content\/uploads\/sites\/5\/2020\/03\/Tom_Tailor_Logo_grau_OK.svg\" class=\"attachment-full size-full\" alt=\"\" \/><\/a><\/div><div class=\"brand-slider__slider__item\"><a href=\"https:\/\/www.vangraaf.com\/lv\/zimoli\/alpha-industries\/\" title=\"Alpha Industries\"><img loading=\"lazy\" decoding=\"async\" width=\"1\" height=\"1\" src=\"https:\/\/www.vangraaf.com\/lv\/wp-content\/uploads\/sites\/5\/2020\/03\/Alpha_Industries_Logo_grau_OK.svg\" class=\"attachment-full size-full\" alt=\"\" \/><\/a><\/div><div class=\"brand-slider__slider__item\"><a href=\"https:\/\/www.vangraaf.com\/lv\/zimoli\/g-star\/\" title=\"G-Star RAW\"><img loading=\"lazy\" decoding=\"async\" width=\"1\" height=\"1\" src=\"https:\/\/www.vangraaf.com\/lv\/wp-content\/uploads\/sites\/5\/2020\/03\/G_Star_Logo_grau_OK.svg\" class=\"attachment-full size-full\" alt=\"\" \/><\/a><\/div><div class=\"brand-slider__slider__item\"><a href=\"https:\/\/www.vangraaf.com\/lv\/zimoli\/vila\/\" title=\"VILA\"><img loading=\"lazy\" decoding=\"async\" width=\"1\" height=\"1\" src=\"https:\/\/www.vangraaf.com\/lv\/wp-content\/uploads\/sites\/5\/2020\/03\/Vila_Logo_grau_OK.svg\" class=\"attachment-full size-full\" alt=\"\" \/><\/a><\/div><div class=\"brand-slider__slider__item\"><a href=\"https:\/\/www.vangraaf.com\/lv\/zimoli\/boss\/\" title=\"BOSS\"><img loading=\"lazy\" decoding=\"async\" width=\"1\" height=\"1\" src=\"https:\/\/www.vangraaf.com\/lv\/wp-content\/uploads\/sites\/5\/2020\/03\/Boss_Logo_grau_OK.svg\" class=\"attachment-full size-full\" alt=\"\" \/><\/a><\/div><div class=\"brand-slider__slider__item\"><a href=\"https:\/\/www.vangraaf.com\/lv\/zimoli\/armani-exchange\/\" title=\"Armani Exchange\"><img loading=\"lazy\" decoding=\"async\" width=\"1\" height=\"1\" src=\"https:\/\/www.vangraaf.com\/lv\/wp-content\/uploads\/sites\/5\/2020\/03\/Armani-Exchange-Logo-grau_OK.svg\" class=\"attachment-full size-full\" alt=\"\" \/><\/a><\/div><div class=\"brand-slider__slider__item\"><a href=\"https:\/\/www.vangraaf.com\/lv\/zimoli\/polo-ralph-lauren\/\" title=\"Polo Ralph Lauren\"><img loading=\"lazy\" decoding=\"async\" width=\"1\" height=\"1\" src=\"https:\/\/www.vangraaf.com\/lv\/wp-content\/uploads\/sites\/5\/2020\/03\/Ralph_Lauren_Logo_grau_OK.svg\" class=\"attachment-full size-full\" alt=\"\" \/><\/a><\/div><div class=\"brand-slider__slider__item\"><a href=\"https:\/\/www.vangraaf.com\/lv\/zimoli\/marie-lund\/\" title=\"Marie Lund\"><img loading=\"lazy\" decoding=\"async\" width=\"1\" height=\"1\" src=\"https:\/\/www.vangraaf.com\/lv\/wp-content\/uploads\/sites\/5\/2020\/03\/Marie_Lund_Logo_grau_OK.svg\" class=\"attachment-full size-full\" alt=\"\" \/><\/a><\/div><\/div><\/div><\/div>[\/vc_column][\/vc_row]<\/div>","protected":false},"excerpt":{"rendered":"[vc_row full_width=&#8221;stretch_row_content_no_spaces&#8221;][vc_column][vc_column_text] Modes sekot\u0101ji vis\u0101 pasaul\u0113 ir iecien\u012bju\u0161i premium z\u012bmolu BOSS. BOSS mode v\u012brie\u0161iem un sieviet\u0113m tiek apbr\u012bnota \u012bpa\u0161i d\u0113\u013c senaj\u0101m trad\u012bcij\u0101m eleganti lieti\u0161\u0137o un vakara ap\u0123\u0113rbu jom\u0101. Laika gait\u0101 \u0161is z\u012bmols arvien cie\u0161\u0101k tiek saist\u012bts ar\u012b ar ikdienas ap\u0123\u0113rbu. \u0160v\u0101bijas modes dizaineri ir papla\u0161in\u0101ju\u0161i savu darb\u012bbu vis\u0101 pasaul\u0113. Iep\u0113rkoties Latvij\u0101, vislab\u0101k\u0101 vieta, kur mekl\u0113t [&hellip;]","protected":false},"author":3,"featured_media":0,"parent":3938,"menu_order":0,"comment_status":"closed","ping_status":"closed","template":"","meta":{"_acf_changed":false,"inline_featured_image":false,"footnotes":""},"class_list":["post-4613","page","type-page","status-publish","hentry"],"acf":[],"yoast_head":"<!-- This site is optimized with the Yoast SEO plugin v27.2 - https:\/\/yoast.com\/product\/yoast-seo-wordpress\/ -->\n<title>Augstas kvalit\u0101tes BOSS modes preces sieviet\u0113m un v\u012brie\u0161iem R\u012bg\u0101<\/title>\n<meta name=\"description\" content=\"BOSS ir paz\u012bstams ar eleganti lieti\u0161\u0137u un form\u0101lu vakara ap\u0123\u0113rbu, k\u0101 ar\u012b aktu\u0101lu ikdienas modi. Mekl\u0113jiet BOSS sievie\u0161u un v\u012brie\u0161u modi veikal\u0101 VAN GRAAF R\u012bg\u0101!\u2028\" \/>\n<meta name=\"robots\" content=\"index, follow, max-snippet:-1, max-image-preview:large, max-video-preview:-1\" \/>\n<link rel=\"canonical\" href=\"https:\/\/www.vangraaf.com\/lv\/zimoli\/boss\/\" \/>\n<meta property=\"og:locale\" content=\"lv_LV\" \/>\n<meta property=\"og:type\" content=\"article\" \/>\n<meta property=\"og:title\" content=\"Augstas kvalit\u0101tes BOSS modes preces sieviet\u0113m un v\u012brie\u0161iem R\u012bg\u0101\" \/>\n<meta property=\"og:description\" content=\"BOSS ir paz\u012bstams ar eleganti lieti\u0161\u0137u un form\u0101lu vakara ap\u0123\u0113rbu, k\u0101 ar\u012b aktu\u0101lu ikdienas modi. Mekl\u0113jiet BOSS sievie\u0161u un v\u012brie\u0161u modi veikal\u0101 VAN GRAAF R\u012bg\u0101!\u2028\" \/>\n<meta property=\"og:url\" content=\"https:\/\/www.vangraaf.com\/lv\/zimoli\/boss\/\" \/>\n<meta property=\"og:site_name\" content=\"VAN GRAAF Latvija\" \/>\n<meta property=\"article:modified_time\" content=\"2020-09-15T10:44:27+00:00\" \/>\n<meta name=\"twitter:card\" content=\"summary_large_image\" \/>\n<meta name=\"twitter:label1\" content=\"Est. reading time\" \/>\n\t<meta name=\"twitter:data1\" content=\"4 min\u016btes\" \/>\n<script type=\"application\/ld+json\" class=\"yoast-schema-graph\">{\"@context\":\"https:\/\/schema.org\",\"@graph\":[{\"@type\":\"WebPage\",\"@id\":\"https:\/\/www.vangraaf.com\/lv\/zimoli\/boss\/\",\"url\":\"https:\/\/www.vangraaf.com\/lv\/zimoli\/boss\/\",\"name\":\"Augstas kvalit\u0101tes BOSS modes preces sieviet\u0113m un v\u012brie\u0161iem R\u012bg\u0101\",\"isPartOf\":{\"@id\":\"https:\/\/www.vangraaf.com\/lv\/#website\"},\"datePublished\":\"2020-03-12T12:57:30+00:00\",\"dateModified\":\"2020-09-15T10:44:27+00:00\",\"description\":\"BOSS ir paz\u012bstams ar eleganti lieti\u0161\u0137u un form\u0101lu vakara ap\u0123\u0113rbu, k\u0101 ar\u012b aktu\u0101lu ikdienas modi. Mekl\u0113jiet BOSS sievie\u0161u un v\u012brie\u0161u modi veikal\u0101 VAN GRAAF R\u012bg\u0101!\\u2028\",\"breadcrumb\":{\"@id\":\"https:\/\/www.vangraaf.com\/lv\/zimoli\/boss\/#breadcrumb\"},\"inLanguage\":\"lv-LV\",\"potentialAction\":[{\"@type\":\"ReadAction\",\"target\":[\"https:\/\/www.vangraaf.com\/lv\/zimoli\/boss\/\"]}]},{\"@type\":\"BreadcrumbList\",\"@id\":\"https:\/\/www.vangraaf.com\/lv\/zimoli\/boss\/#breadcrumb\",\"itemListElement\":[{\"@type\":\"ListItem\",\"position\":1,\"name\":\"Home\",\"item\":\"https:\/\/www.vangraaf.com\/lv\/\"},{\"@type\":\"ListItem\",\"position\":2,\"name\":\"Marken\",\"item\":\"https:\/\/www.vangraaf.com\/lv\/zimoli\/\"},{\"@type\":\"ListItem\",\"position\":3,\"name\":\"BOSS\"}]},{\"@type\":\"WebSite\",\"@id\":\"https:\/\/www.vangraaf.com\/lv\/#website\",\"url\":\"https:\/\/www.vangraaf.com\/lv\/\",\"name\":\"VAN GRAAF\",\"description\":\"VAN GRAAF\",\"potentialAction\":[{\"@type\":\"SearchAction\",\"target\":{\"@type\":\"EntryPoint\",\"urlTemplate\":\"https:\/\/www.vangraaf.com\/lv\/?s={search_term_string}\"},\"query-input\":{\"@type\":\"PropertyValueSpecification\",\"valueRequired\":true,\"valueName\":\"search_term_string\"}}],\"inLanguage\":\"lv-LV\"}]}<\/script>\n<!-- \/ Yoast SEO plugin. -->","yoast_head_json":{"title":"Augstas kvalit\u0101tes BOSS modes preces sieviet\u0113m un v\u012brie\u0161iem R\u012bg\u0101","description":"BOSS ir paz\u012bstams ar eleganti lieti\u0161\u0137u un form\u0101lu vakara ap\u0123\u0113rbu, k\u0101 ar\u012b aktu\u0101lu ikdienas modi. Mekl\u0113jiet BOSS sievie\u0161u un v\u012brie\u0161u modi veikal\u0101 VAN GRAAF R\u012bg\u0101!\u2028","robots":{"index":"index","follow":"follow","max-snippet":"max-snippet:-1","max-image-preview":"max-image-preview:large","max-video-preview":"max-video-preview:-1"},"canonical":"https:\/\/www.vangraaf.com\/lv\/zimoli\/boss\/","og_locale":"lv_LV","og_type":"article","og_title":"Augstas kvalit\u0101tes BOSS modes preces sieviet\u0113m un v\u012brie\u0161iem R\u012bg\u0101","og_description":"BOSS ir paz\u012bstams ar eleganti lieti\u0161\u0137u un form\u0101lu vakara ap\u0123\u0113rbu, k\u0101 ar\u012b aktu\u0101lu ikdienas modi. Mekl\u0113jiet BOSS sievie\u0161u un v\u012brie\u0161u modi veikal\u0101 VAN GRAAF R\u012bg\u0101!\u2028","og_url":"https:\/\/www.vangraaf.com\/lv\/zimoli\/boss\/","og_site_name":"VAN GRAAF Latvija","article_modified_time":"2020-09-15T10:44:27+00:00","twitter_card":"summary_large_image","twitter_misc":{"Est. reading time":"4 min\u016btes"},"schema":{"@context":"https:\/\/schema.org","@graph":[{"@type":"WebPage","@id":"https:\/\/www.vangraaf.com\/lv\/zimoli\/boss\/","url":"https:\/\/www.vangraaf.com\/lv\/zimoli\/boss\/","name":"Augstas kvalit\u0101tes BOSS modes preces sieviet\u0113m un v\u012brie\u0161iem R\u012bg\u0101","isPartOf":{"@id":"https:\/\/www.vangraaf.com\/lv\/#website"},"datePublished":"2020-03-12T12:57:30+00:00","dateModified":"2020-09-15T10:44:27+00:00","description":"BOSS ir paz\u012bstams ar eleganti lieti\u0161\u0137u un form\u0101lu vakara ap\u0123\u0113rbu, k\u0101 ar\u012b aktu\u0101lu ikdienas modi. Mekl\u0113jiet BOSS sievie\u0161u un v\u012brie\u0161u modi veikal\u0101 VAN GRAAF R\u012bg\u0101!\u2028","breadcrumb":{"@id":"https:\/\/www.vangraaf.com\/lv\/zimoli\/boss\/#breadcrumb"},"inLanguage":"lv-LV","potentialAction":[{"@type":"ReadAction","target":["https:\/\/www.vangraaf.com\/lv\/zimoli\/boss\/"]}]},{"@type":"BreadcrumbList","@id":"https:\/\/www.vangraaf.com\/lv\/zimoli\/boss\/#breadcrumb","itemListElement":[{"@type":"ListItem","position":1,"name":"Home","item":"https:\/\/www.vangraaf.com\/lv\/"},{"@type":"ListItem","position":2,"name":"Marken","item":"https:\/\/www.vangraaf.com\/lv\/zimoli\/"},{"@type":"ListItem","position":3,"name":"BOSS"}]},{"@type":"WebSite","@id":"https:\/\/www.vangraaf.com\/lv\/#website","url":"https:\/\/www.vangraaf.com\/lv\/","name":"VAN GRAAF","description":"VAN GRAAF","potentialAction":[{"@type":"SearchAction","target":{"@type":"EntryPoint","urlTemplate":"https:\/\/www.vangraaf.com\/lv\/?s={search_term_string}"},"query-input":{"@type":"PropertyValueSpecification","valueRequired":true,"valueName":"search_term_string"}}],"inLanguage":"lv-LV"}]}},"_links":{"self":[{"href":"https:\/\/www.vangraaf.com\/lv\/wp-json\/wp\/v2\/pages\/4613","targetHints":{"allow":["GET"]}}],"collection":[{"href":"https:\/\/www.vangraaf.com\/lv\/wp-json\/wp\/v2\/pages"}],"about":[{"href":"https:\/\/www.vangraaf.com\/lv\/wp-json\/wp\/v2\/types\/page"}],"author":[{"embeddable":true,"href":"https:\/\/www.vangraaf.com\/lv\/wp-json\/wp\/v2\/users\/3"}],"replies":[{"embeddable":true,"href":"https:\/\/www.vangraaf.com\/lv\/wp-json\/wp\/v2\/comments?post=4613"}],"version-history":[{"count":7,"href":"https:\/\/www.vangraaf.com\/lv\/wp-json\/wp\/v2\/pages\/4613\/revisions"}],"predecessor-version":[{"id":4999,"href":"https:\/\/www.vangraaf.com\/lv\/wp-json\/wp\/v2\/pages\/4613\/revisions\/4999"}],"up":[{"embeddable":true,"href":"https:\/\/www.vangraaf.com\/lv\/wp-json\/wp\/v2\/pages\/3938"}],"wp:attachment":[{"href":"https:\/\/www.vangraaf.com\/lv\/wp-json\/wp\/v2\/media?parent=4613"}],"curies":[{"name":"wp","href":"https:\/\/api.w.org\/{rel}","templated":true}]}}