{"id":4612,"date":"2020-03-12T13:58:44","date_gmt":"2020-03-12T12:58:44","guid":{"rendered":"http:\/\/van-graaf.test\/ch\/?page_id=3655"},"modified":"2020-09-15T12:43:47","modified_gmt":"2020-09-15T10:43:47","slug":"armani-exchange","status":"publish","type":"page","link":"https:\/\/www.vangraaf.com\/lv\/zimoli\/armani-exchange\/","title":{"rendered":"Armani Exchange"},"content":{"rendered":"<div class=\"wpb-content-wrapper\">[vc_row full_width=&#8221;stretch_row_content_no_spaces&#8221;][vc_column]<div class=\"keyvisual\" data-aos=\"fade-up\" ><img loading=\"lazy\" decoding=\"async\" width=\"1440\" height=\"480\" src=\"https:\/\/www.vangraaf.com\/lv\/wp-content\/uploads\/sites\/5\/2020\/09\/Logo_ArmaniExchange.jpg\" class=\"vc_single_image-img\" alt=\"\" srcset=\"https:\/\/www.vangraaf.com\/lv\/wp-content\/uploads\/sites\/5\/2020\/09\/Logo_ArmaniExchange.jpg 1440w, https:\/\/www.vangraaf.com\/lv\/wp-content\/uploads\/sites\/5\/2020\/09\/Logo_ArmaniExchange-300x100.jpg 300w, https:\/\/www.vangraaf.com\/lv\/wp-content\/uploads\/sites\/5\/2020\/09\/Logo_ArmaniExchange-1024x341.jpg 1024w, https:\/\/www.vangraaf.com\/lv\/wp-content\/uploads\/sites\/5\/2020\/09\/Logo_ArmaniExchange-768x256.jpg 768w, https:\/\/www.vangraaf.com\/lv\/wp-content\/uploads\/sites\/5\/2020\/09\/Logo_ArmaniExchange-1200x400.jpg 1200w, https:\/\/www.vangraaf.com\/lv\/wp-content\/uploads\/sites\/5\/2020\/09\/Logo_ArmaniExchange-992x331.jpg 992w, https:\/\/www.vangraaf.com\/lv\/wp-content\/uploads\/sites\/5\/2020\/09\/Logo_ArmaniExchange-480x160.jpg 480w\" sizes=\"(max-width: 1440px) 100vw, 1440px\" \/><\/div>\n        <div class=\"headlines headlines--center\" data-aos=\"fade-up\">\n            <div class=\"vc_row\">\n                <div class=\"vc_col-md-10 vc_col-md-offset-1 vc_col-lg-10 vc_col-lg-offset-1\"><span class=\"h6\">Armani Exchange<\/span><h1 class=\"h2\">Dizaineru rad\u012btas modes preces v\u012brie\u0161iem no Armani Exchange R\u012bg\u0101<\/h1><\/div>\n            <\/div>\n        <\/div>[vc_column_text]\r\n<p style=\"text-align: center\">Armani ir greznuma un luksusa simbols &#8211; viens no paz\u012bstam\u0101kajiem dizaineru z\u012bmoliem pasaul\u0113. Klasiskas l\u012bnijas un br\u012bvi kr\u012bto\u0161i materi\u0101li domin\u0113 kolekcij\u0101s, ko rad\u012bjis Armani m\u0101tesuz\u0146\u0113mums, kontrast\u0101 ar <strong>aizraujo\u0161o ikdienas stila modi<\/strong>, ko tirgo z\u012bmola jaun\u0101k\u0101 fili\u0101le Armani Exchange, pied\u0101v\u0101jot inovat\u012bvi interpret\u0113tus aktu\u0101lus ielas ap\u0123\u0113rbus. Ja jums pat\u012bk jaunekl\u012bgs, ikdieni\u0161\u0137s ap\u0123\u0113rbs v\u012brie\u0161iem ar izcila stila piesk\u0101rienu, Armani Exchange l\u012bnijas pied\u0101v\u0101jums R\u012bg\u0101 ir paredz\u0113ts tie\u0161i jums.<\/p>\r\n[\/vc_column_text][\/vc_column][\/vc_row][vc_row][vc_column]\n        <div class=\"headlines headlines--center\" data-aos=\"fade-up\">\n            <div class=\"vc_row\">\n                <div class=\"vc_col-md-10 vc_col-md-offset-1 vc_col-lg-10 vc_col-lg-offset-1\"><h2 class=\"h2\">No sarkan\u0101 pakl\u0101ja uz R\u012bgu - Armani Exchange Latvij\u0101<\/h2><\/div>\n            <\/div>\n        <\/div>[vc_column_text]Le\u0123end\u0101rais modes dizainers D\u017eord\u017eio Armani (Giorgio Armani) ir Oskara &#8220;zvaig\u017e\u0146u dr\u0113bnieks&#8221;. Uzvalki, ko Ri\u010dards G\u012brs valk\u0101 film\u0101 &#8220;Amerik\u0101\u0146i \u017eigolo&#8221;, padar\u012bja Armani par pasaulslavenu un <strong>daudzu zvaig\u017e\u0146u iecien\u012btu dizaineru<\/strong>, tostarp Umai T\u016brmanei, Leonardo Dikaprio, Deividam Bovijam un T\u012bnai T\u0113rnerei. It\u0101\u013cu dizainers s\u0101ka karjeru k\u0101 skatlogu noform\u0113t\u0101js un iepirc\u0113js v\u012brie\u0161u modes pre\u010du veikal\u0101, un 1974. gad\u0101 izveidoja savu pirmo v\u012brie\u0161u uzvalku kolekciju. Vi\u0146\u0161 nodibin\u0101ja savu Giorgio Armani modes z\u012bmolu 1975. gad\u0101 Mil\u0101n\u0101, un kop\u0161 t\u0101 laika z\u012bmols ir paz\u012bstams ne tikai ar elegantiem v\u012brie\u0161u uzvalkiem, bet ar\u012b atlas\u012btiem aksesu\u0101riem un smar\u017e\u0101m.\r\n\r\nArmani Exchange z\u012bmols tika izveidots 1991. gad\u0101 modes pazin\u0113jiem, kuri iecien\u012bju\u0161i Armani z\u012bmolu un dod priek\u0161roku br\u012bv\u0101kam stilam. Tas pied\u0101v\u0101 augstas kvalit\u0101tes ielas ap\u0123\u0113rbu, kas piesaista jaunus cilv\u0113kus.[\/vc_column_text][\/vc_column][\/vc_row][vc_row][vc_column]\n        <div class=\"headlines headlines--center\" data-aos=\"fade-up\">\n            <div class=\"vc_row\">\n                <div class=\"vc_col-md-10 vc_col-md-offset-1 vc_col-lg-10 vc_col-lg-offset-1\"><span class=\"h6\">Kollektion<\/span><h2 class=\"h2\">Modes preces v\u012brie\u0161iem no Armani Exchange tirdzniec\u012bbas centr\u0101 Akropole R\u012bg\u0101<\/h2><\/div>\n            <\/div>\n        <\/div>[vc_column_text]Nevainojams, ikdieni\u0161\u0137s, elegants: Armani dizainam rakstur\u012bgais piem\u012bt ar\u012b Armani Exchange modes prec\u0113m (A|X). Popul\u0101r\u0101 un ielas kult\u016bra sp\u0113c\u012bgi ietekm\u0113 v\u012brie\u0161u ikdienas virsap\u0123\u0113rba un apak\u0161ve\u013cas stilu. Armani Exchange modes preces v\u012brie\u0161iem ir koncentr\u0113tas uz <strong>sporta un br\u012bv\u0101 laika ap\u0123\u0113rbu, apak\u0161ve\u013cu un iztur\u012bg\u0101m virsdr\u0113b\u0113m <\/strong>ar logotipa uzdruk\u0101m vai bez t\u0101m. Izv\u0113lieties treni\u0146t\u0113rpus, ikdienas bluzonus, kreklus vai polo kreklus: visu kl\u0101stu raksturo elegants un tom\u0113r ikdieni\u0161\u0137s izskats, kas atspogu\u013cots klasiskaj\u0101s Armani kr\u0101s\u0101s &#8211; pel\u0113k\u0101, tum\u0161zil\u0101, meln\u0101 un balt\u0101.\r\n\r\nK\u0101p\u0113c neierasties R\u012bg\u0101 un neapskat\u012bt m\u016bsu Armani Exchange eleganto v\u012brie\u0161u ap\u0123\u0113rbu kl\u0101stu? Apmekl\u0113jiet VAN GRAAF veikalu tirdzniec\u012bbas centr\u0101 Akropole un atrodiet sev jaunu iem\u012b\u013coto ap\u0123\u0113rbu.[\/vc_column_text][\/vc_column][\/vc_row][vc_row][vc_column]<div class=\"vg-element brand-slider brand-slider--light\" data-aos=\"fade-up\"><div class=\"brand-slider__inner\"><div class=\"brand-slider__slider js-brand-slider\"><div class=\"brand-slider__slider__item\"><a href=\"https:\/\/www.vangraaf.com\/lv\/zimoli\/adidas-originals\/\" title=\"adidas Originals\"><img loading=\"lazy\" decoding=\"async\" width=\"1\" height=\"1\" src=\"https:\/\/www.vangraaf.com\/lv\/wp-content\/uploads\/sites\/5\/2020\/03\/Adidas_Logo_grau_OK.svg\" class=\"attachment-full size-full\" alt=\"\" \/><\/a><\/div><div class=\"brand-slider__slider__item\"><a href=\"https:\/\/www.vangraaf.com\/lv\/zimoli\/tommy-hilfiger\/\" title=\"Tommy Hilfiger\"><img loading=\"lazy\" decoding=\"async\" width=\"1\" height=\"1\" src=\"https:\/\/www.vangraaf.com\/lv\/wp-content\/uploads\/sites\/5\/2020\/03\/Tommy_Hilfiger_4c_grau_OK.svg\" class=\"attachment-full size-full\" alt=\"\" \/><\/a><\/div><div class=\"brand-slider__slider__item\"><a href=\"https:\/\/www.vangraaf.com\/lv\/zimoli\/levis\/\" title=\"Levi&#039;s\"><img loading=\"lazy\" decoding=\"async\" width=\"1\" height=\"1\" src=\"https:\/\/www.vangraaf.com\/lv\/wp-content\/uploads\/sites\/5\/2020\/03\/Levis_Logo_grau_OK.svg\" class=\"attachment-full size-full\" alt=\"\" \/><\/a><\/div><div class=\"brand-slider__slider__item\"><a href=\"https:\/\/www.vangraaf.com\/lv\/zimoli\/calvin-klein\/\" title=\"Calvin Klein\"><img loading=\"lazy\" decoding=\"async\" width=\"1\" height=\"1\" src=\"https:\/\/www.vangraaf.com\/lv\/wp-content\/uploads\/sites\/5\/2020\/03\/Calvin-Klein-Logo-grau_OK.svg\" class=\"attachment-full size-full\" alt=\"\" \/><\/a><\/div><div class=\"brand-slider__slider__item\"><a href=\"https:\/\/www.vangraaf.com\/lv\/zimoli\/champion\/\" title=\"Champion\"><img loading=\"lazy\" decoding=\"async\" width=\"1\" height=\"1\" src=\"https:\/\/www.vangraaf.com\/lv\/wp-content\/uploads\/sites\/5\/2020\/03\/Champion_Logo_grau_OK.svg\" class=\"attachment-full size-full\" alt=\"\" \/><\/a><\/div><div class=\"brand-slider__slider__item\"><a href=\"https:\/\/www.vangraaf.com\/lv\/zimoli\/lacoste\/\" title=\"Lacoste\"><img loading=\"lazy\" decoding=\"async\" width=\"1\" height=\"1\" src=\"https:\/\/www.vangraaf.com\/lv\/wp-content\/uploads\/sites\/5\/2020\/03\/Lacoste_Logo_4c_grau_Ausnahme_OK.svg\" class=\"attachment-full size-full\" alt=\"\" \/><\/a><\/div><div class=\"brand-slider__slider__item\"><a href=\"https:\/\/www.vangraaf.com\/lv\/zimoli\/superdry\/\" title=\"Superdry\"><img loading=\"lazy\" decoding=\"async\" width=\"1\" height=\"1\" src=\"https:\/\/www.vangraaf.com\/lv\/wp-content\/uploads\/sites\/5\/2020\/03\/Superdry_Logo_grau_OK.svg\" class=\"attachment-full size-full\" alt=\"\" \/><\/a><\/div><div class=\"brand-slider__slider__item\"><a href=\"https:\/\/www.vangraaf.com\/lv\/zimoli\/fila\/\" title=\"FILA\"><img loading=\"lazy\" decoding=\"async\" width=\"1\" height=\"1\" src=\"https:\/\/www.vangraaf.com\/lv\/wp-content\/uploads\/sites\/5\/2020\/03\/Fila-Logo-grau_OK.svg\" class=\"attachment-full size-full\" alt=\"\" \/><\/a><\/div><div class=\"brand-slider__slider__item\"><a href=\"https:\/\/www.vangraaf.com\/lv\/zimoli\/tom-tailor\/\" title=\"TOM TAILOR\"><img loading=\"lazy\" decoding=\"async\" width=\"1\" height=\"1\" src=\"https:\/\/www.vangraaf.com\/lv\/wp-content\/uploads\/sites\/5\/2020\/03\/Tom_Tailor_Logo_grau_OK.svg\" class=\"attachment-full size-full\" alt=\"\" \/><\/a><\/div><div class=\"brand-slider__slider__item\"><a href=\"https:\/\/www.vangraaf.com\/lv\/zimoli\/alpha-industries\/\" title=\"Alpha Industries\"><img loading=\"lazy\" decoding=\"async\" width=\"1\" height=\"1\" src=\"https:\/\/www.vangraaf.com\/lv\/wp-content\/uploads\/sites\/5\/2020\/03\/Alpha_Industries_Logo_grau_OK.svg\" class=\"attachment-full size-full\" alt=\"\" \/><\/a><\/div><div class=\"brand-slider__slider__item\"><a href=\"https:\/\/www.vangraaf.com\/lv\/zimoli\/g-star\/\" title=\"G-Star RAW\"><img loading=\"lazy\" decoding=\"async\" width=\"1\" height=\"1\" src=\"https:\/\/www.vangraaf.com\/lv\/wp-content\/uploads\/sites\/5\/2020\/03\/G_Star_Logo_grau_OK.svg\" class=\"attachment-full size-full\" alt=\"\" \/><\/a><\/div><div class=\"brand-slider__slider__item\"><a href=\"https:\/\/www.vangraaf.com\/lv\/zimoli\/vila\/\" title=\"VILA\"><img loading=\"lazy\" decoding=\"async\" width=\"1\" height=\"1\" src=\"https:\/\/www.vangraaf.com\/lv\/wp-content\/uploads\/sites\/5\/2020\/03\/Vila_Logo_grau_OK.svg\" class=\"attachment-full size-full\" alt=\"\" \/><\/a><\/div><div class=\"brand-slider__slider__item\"><a href=\"https:\/\/www.vangraaf.com\/lv\/zimoli\/boss\/\" title=\"BOSS\"><img loading=\"lazy\" decoding=\"async\" width=\"1\" height=\"1\" src=\"https:\/\/www.vangraaf.com\/lv\/wp-content\/uploads\/sites\/5\/2020\/03\/Boss_Logo_grau_OK.svg\" class=\"attachment-full size-full\" alt=\"\" \/><\/a><\/div><div class=\"brand-slider__slider__item\"><a href=\"https:\/\/www.vangraaf.com\/lv\/zimoli\/armani-exchange\/\" title=\"Armani Exchange\"><img loading=\"lazy\" decoding=\"async\" width=\"1\" height=\"1\" src=\"https:\/\/www.vangraaf.com\/lv\/wp-content\/uploads\/sites\/5\/2020\/03\/Armani-Exchange-Logo-grau_OK.svg\" class=\"attachment-full size-full\" alt=\"\" \/><\/a><\/div><div class=\"brand-slider__slider__item\"><a href=\"https:\/\/www.vangraaf.com\/lv\/zimoli\/polo-ralph-lauren\/\" title=\"Polo Ralph Lauren\"><img loading=\"lazy\" decoding=\"async\" width=\"1\" height=\"1\" src=\"https:\/\/www.vangraaf.com\/lv\/wp-content\/uploads\/sites\/5\/2020\/03\/Ralph_Lauren_Logo_grau_OK.svg\" class=\"attachment-full size-full\" alt=\"\" \/><\/a><\/div><div class=\"brand-slider__slider__item\"><a href=\"https:\/\/www.vangraaf.com\/lv\/zimoli\/marie-lund\/\" title=\"Marie Lund\"><img loading=\"lazy\" decoding=\"async\" width=\"1\" height=\"1\" src=\"https:\/\/www.vangraaf.com\/lv\/wp-content\/uploads\/sites\/5\/2020\/03\/Marie_Lund_Logo_grau_OK.svg\" class=\"attachment-full size-full\" alt=\"\" \/><\/a><\/div><\/div><\/div><\/div>[\/vc_column][\/vc_row]<\/div>","protected":false},"excerpt":{"rendered":"[vc_row full_width=&#8221;stretch_row_content_no_spaces&#8221;][vc_column][vc_column_text] Armani ir greznuma un luksusa simbols &#8211; viens no paz\u012bstam\u0101kajiem dizaineru z\u012bmoliem pasaul\u0113. Klasiskas l\u012bnijas un br\u012bvi kr\u012bto\u0161i materi\u0101li domin\u0113 kolekcij\u0101s, ko rad\u012bjis Armani m\u0101tesuz\u0146\u0113mums, kontrast\u0101 ar aizraujo\u0161o ikdienas stila modi, ko tirgo z\u012bmola jaun\u0101k\u0101 fili\u0101le Armani Exchange, pied\u0101v\u0101jot inovat\u012bvi interpret\u0113tus aktu\u0101lus ielas ap\u0123\u0113rbus. Ja jums pat\u012bk jaunekl\u012bgs, ikdieni\u0161\u0137s ap\u0123\u0113rbs v\u012brie\u0161iem ar izcila [&hellip;]","protected":false},"author":3,"featured_media":0,"parent":3938,"menu_order":0,"comment_status":"closed","ping_status":"closed","template":"","meta":{"_acf_changed":false,"inline_featured_image":false,"footnotes":""},"class_list":["post-4612","page","type-page","status-publish","hentry"],"acf":[],"yoast_head":"<!-- This site is optimized with the Yoast SEO plugin v27.2 - https:\/\/yoast.com\/product\/yoast-seo-wordpress\/ -->\n<title>Dizaineru modes preces v\u012brie\u0161iem no Armani Exchange R\u012bg\u0101\u2028\u2028<\/title>\n<meta name=\"description\" content=\"Armani Exchange izce\u013cas ar ikdienas modes prec\u0113m, ko raksturo Armani augstas kvalit\u0101tes standarti. Ieg\u0101d\u0101jieties v\u012brie\u0161u modes preces no \u0161\u012b dizaineru z\u012bmola veikal\u0101 VAN GRAAF tirdzniec\u012bbas centr\u0101 Akropole R\u012bg\u0101.\" \/>\n<meta name=\"robots\" content=\"index, follow, max-snippet:-1, max-image-preview:large, max-video-preview:-1\" \/>\n<link rel=\"canonical\" href=\"https:\/\/www.vangraaf.com\/lv\/zimoli\/armani-exchange\/\" \/>\n<meta property=\"og:locale\" content=\"lv_LV\" \/>\n<meta property=\"og:type\" content=\"article\" \/>\n<meta property=\"og:title\" content=\"Dizaineru modes preces v\u012brie\u0161iem no Armani Exchange R\u012bg\u0101\u2028\u2028\" \/>\n<meta property=\"og:description\" content=\"Armani Exchange izce\u013cas ar ikdienas modes prec\u0113m, ko raksturo Armani augstas kvalit\u0101tes standarti. Ieg\u0101d\u0101jieties v\u012brie\u0161u modes preces no \u0161\u012b dizaineru z\u012bmola veikal\u0101 VAN GRAAF tirdzniec\u012bbas centr\u0101 Akropole R\u012bg\u0101.\" \/>\n<meta property=\"og:url\" content=\"https:\/\/www.vangraaf.com\/lv\/zimoli\/armani-exchange\/\" \/>\n<meta property=\"og:site_name\" content=\"VAN GRAAF Latvija\" \/>\n<meta property=\"article:modified_time\" content=\"2020-09-15T10:43:47+00:00\" \/>\n<meta name=\"twitter:card\" content=\"summary_large_image\" \/>\n<meta name=\"twitter:label1\" content=\"Est. reading time\" \/>\n\t<meta name=\"twitter:data1\" content=\"3 min\u016btes\" \/>\n<script type=\"application\/ld+json\" class=\"yoast-schema-graph\">{\"@context\":\"https:\/\/schema.org\",\"@graph\":[{\"@type\":\"WebPage\",\"@id\":\"https:\/\/www.vangraaf.com\/lv\/zimoli\/armani-exchange\/\",\"url\":\"https:\/\/www.vangraaf.com\/lv\/zimoli\/armani-exchange\/\",\"name\":\"Dizaineru modes preces v\u012brie\u0161iem no Armani Exchange R\u012bg\u0101\\u2028\\u2028\",\"isPartOf\":{\"@id\":\"https:\/\/www.vangraaf.com\/lv\/#website\"},\"datePublished\":\"2020-03-12T12:58:44+00:00\",\"dateModified\":\"2020-09-15T10:43:47+00:00\",\"description\":\"Armani Exchange izce\u013cas ar ikdienas modes prec\u0113m, ko raksturo Armani augstas kvalit\u0101tes standarti. Ieg\u0101d\u0101jieties v\u012brie\u0161u modes preces no \u0161\u012b dizaineru z\u012bmola veikal\u0101 VAN GRAAF tirdzniec\u012bbas centr\u0101 Akropole R\u012bg\u0101.\",\"breadcrumb\":{\"@id\":\"https:\/\/www.vangraaf.com\/lv\/zimoli\/armani-exchange\/#breadcrumb\"},\"inLanguage\":\"lv-LV\",\"potentialAction\":[{\"@type\":\"ReadAction\",\"target\":[\"https:\/\/www.vangraaf.com\/lv\/zimoli\/armani-exchange\/\"]}]},{\"@type\":\"BreadcrumbList\",\"@id\":\"https:\/\/www.vangraaf.com\/lv\/zimoli\/armani-exchange\/#breadcrumb\",\"itemListElement\":[{\"@type\":\"ListItem\",\"position\":1,\"name\":\"Home\",\"item\":\"https:\/\/www.vangraaf.com\/lv\/\"},{\"@type\":\"ListItem\",\"position\":2,\"name\":\"Marken\",\"item\":\"https:\/\/www.vangraaf.com\/lv\/zimoli\/\"},{\"@type\":\"ListItem\",\"position\":3,\"name\":\"Armani Exchange\"}]},{\"@type\":\"WebSite\",\"@id\":\"https:\/\/www.vangraaf.com\/lv\/#website\",\"url\":\"https:\/\/www.vangraaf.com\/lv\/\",\"name\":\"VAN GRAAF\",\"description\":\"VAN GRAAF\",\"potentialAction\":[{\"@type\":\"SearchAction\",\"target\":{\"@type\":\"EntryPoint\",\"urlTemplate\":\"https:\/\/www.vangraaf.com\/lv\/?s={search_term_string}\"},\"query-input\":{\"@type\":\"PropertyValueSpecification\",\"valueRequired\":true,\"valueName\":\"search_term_string\"}}],\"inLanguage\":\"lv-LV\"}]}<\/script>\n<!-- \/ Yoast SEO plugin. -->","yoast_head_json":{"title":"Dizaineru modes preces v\u012brie\u0161iem no Armani Exchange R\u012bg\u0101\u2028\u2028","description":"Armani Exchange izce\u013cas ar ikdienas modes prec\u0113m, ko raksturo Armani augstas kvalit\u0101tes standarti. Ieg\u0101d\u0101jieties v\u012brie\u0161u modes preces no \u0161\u012b dizaineru z\u012bmola veikal\u0101 VAN GRAAF tirdzniec\u012bbas centr\u0101 Akropole R\u012bg\u0101.","robots":{"index":"index","follow":"follow","max-snippet":"max-snippet:-1","max-image-preview":"max-image-preview:large","max-video-preview":"max-video-preview:-1"},"canonical":"https:\/\/www.vangraaf.com\/lv\/zimoli\/armani-exchange\/","og_locale":"lv_LV","og_type":"article","og_title":"Dizaineru modes preces v\u012brie\u0161iem no Armani Exchange R\u012bg\u0101\u2028\u2028","og_description":"Armani Exchange izce\u013cas ar ikdienas modes prec\u0113m, ko raksturo Armani augstas kvalit\u0101tes standarti. Ieg\u0101d\u0101jieties v\u012brie\u0161u modes preces no \u0161\u012b dizaineru z\u012bmola veikal\u0101 VAN GRAAF tirdzniec\u012bbas centr\u0101 Akropole R\u012bg\u0101.","og_url":"https:\/\/www.vangraaf.com\/lv\/zimoli\/armani-exchange\/","og_site_name":"VAN GRAAF Latvija","article_modified_time":"2020-09-15T10:43:47+00:00","twitter_card":"summary_large_image","twitter_misc":{"Est. reading time":"3 min\u016btes"},"schema":{"@context":"https:\/\/schema.org","@graph":[{"@type":"WebPage","@id":"https:\/\/www.vangraaf.com\/lv\/zimoli\/armani-exchange\/","url":"https:\/\/www.vangraaf.com\/lv\/zimoli\/armani-exchange\/","name":"Dizaineru modes preces v\u012brie\u0161iem no Armani Exchange R\u012bg\u0101\u2028\u2028","isPartOf":{"@id":"https:\/\/www.vangraaf.com\/lv\/#website"},"datePublished":"2020-03-12T12:58:44+00:00","dateModified":"2020-09-15T10:43:47+00:00","description":"Armani Exchange izce\u013cas ar ikdienas modes prec\u0113m, ko raksturo Armani augstas kvalit\u0101tes standarti. Ieg\u0101d\u0101jieties v\u012brie\u0161u modes preces no \u0161\u012b dizaineru z\u012bmola veikal\u0101 VAN GRAAF tirdzniec\u012bbas centr\u0101 Akropole R\u012bg\u0101.","breadcrumb":{"@id":"https:\/\/www.vangraaf.com\/lv\/zimoli\/armani-exchange\/#breadcrumb"},"inLanguage":"lv-LV","potentialAction":[{"@type":"ReadAction","target":["https:\/\/www.vangraaf.com\/lv\/zimoli\/armani-exchange\/"]}]},{"@type":"BreadcrumbList","@id":"https:\/\/www.vangraaf.com\/lv\/zimoli\/armani-exchange\/#breadcrumb","itemListElement":[{"@type":"ListItem","position":1,"name":"Home","item":"https:\/\/www.vangraaf.com\/lv\/"},{"@type":"ListItem","position":2,"name":"Marken","item":"https:\/\/www.vangraaf.com\/lv\/zimoli\/"},{"@type":"ListItem","position":3,"name":"Armani Exchange"}]},{"@type":"WebSite","@id":"https:\/\/www.vangraaf.com\/lv\/#website","url":"https:\/\/www.vangraaf.com\/lv\/","name":"VAN GRAAF","description":"VAN GRAAF","potentialAction":[{"@type":"SearchAction","target":{"@type":"EntryPoint","urlTemplate":"https:\/\/www.vangraaf.com\/lv\/?s={search_term_string}"},"query-input":{"@type":"PropertyValueSpecification","valueRequired":true,"valueName":"search_term_string"}}],"inLanguage":"lv-LV"}]}},"_links":{"self":[{"href":"https:\/\/www.vangraaf.com\/lv\/wp-json\/wp\/v2\/pages\/4612","targetHints":{"allow":["GET"]}}],"collection":[{"href":"https:\/\/www.vangraaf.com\/lv\/wp-json\/wp\/v2\/pages"}],"about":[{"href":"https:\/\/www.vangraaf.com\/lv\/wp-json\/wp\/v2\/types\/page"}],"author":[{"embeddable":true,"href":"https:\/\/www.vangraaf.com\/lv\/wp-json\/wp\/v2\/users\/3"}],"replies":[{"embeddable":true,"href":"https:\/\/www.vangraaf.com\/lv\/wp-json\/wp\/v2\/comments?post=4612"}],"version-history":[{"count":6,"href":"https:\/\/www.vangraaf.com\/lv\/wp-json\/wp\/v2\/pages\/4612\/revisions"}],"predecessor-version":[{"id":4997,"href":"https:\/\/www.vangraaf.com\/lv\/wp-json\/wp\/v2\/pages\/4612\/revisions\/4997"}],"up":[{"embeddable":true,"href":"https:\/\/www.vangraaf.com\/lv\/wp-json\/wp\/v2\/pages\/3938"}],"wp:attachment":[{"href":"https:\/\/www.vangraaf.com\/lv\/wp-json\/wp\/v2\/media?parent=4612"}],"curies":[{"name":"wp","href":"https:\/\/api.w.org\/{rel}","templated":true}]}}