{"id":4611,"date":"2020-03-12T13:52:02","date_gmt":"2020-03-12T12:52:02","guid":{"rendered":"http:\/\/van-graaf.test\/ch\/?page_id=3642"},"modified":"2022-05-03T12:38:08","modified_gmt":"2022-05-03T10:38:08","slug":"alpha-industries","status":"publish","type":"page","link":"https:\/\/www.vangraaf.com\/lv\/zimoli\/alpha-industries\/","title":{"rendered":"Alpha Industries"},"content":{"rendered":"<div class=\"wpb-content-wrapper\">[vc_row full_width=&#8221;stretch_row_content_no_spaces&#8221;][vc_column]<div class=\"keyvisual\" data-aos=\"fade-up\" ><img loading=\"lazy\" decoding=\"async\" width=\"1440\" height=\"480\" src=\"https:\/\/www.vangraaf.com\/lv\/wp-content\/uploads\/sites\/5\/2020\/09\/Logo_AlphaIndustries.jpg\" class=\"vc_single_image-img\" alt=\"\" srcset=\"https:\/\/www.vangraaf.com\/lv\/wp-content\/uploads\/sites\/5\/2020\/09\/Logo_AlphaIndustries.jpg 1440w, https:\/\/www.vangraaf.com\/lv\/wp-content\/uploads\/sites\/5\/2020\/09\/Logo_AlphaIndustries-300x100.jpg 300w, https:\/\/www.vangraaf.com\/lv\/wp-content\/uploads\/sites\/5\/2020\/09\/Logo_AlphaIndustries-1024x341.jpg 1024w, https:\/\/www.vangraaf.com\/lv\/wp-content\/uploads\/sites\/5\/2020\/09\/Logo_AlphaIndustries-768x256.jpg 768w, https:\/\/www.vangraaf.com\/lv\/wp-content\/uploads\/sites\/5\/2020\/09\/Logo_AlphaIndustries-1200x400.jpg 1200w, https:\/\/www.vangraaf.com\/lv\/wp-content\/uploads\/sites\/5\/2020\/09\/Logo_AlphaIndustries-992x331.jpg 992w, https:\/\/www.vangraaf.com\/lv\/wp-content\/uploads\/sites\/5\/2020\/09\/Logo_AlphaIndustries-480x160.jpg 480w\" sizes=\"(max-width: 1440px) 100vw, 1440px\" \/><\/div>\n        <div class=\"headlines headlines--center\" data-aos=\"fade-up\">\n            <div class=\"vc_row\">\n                <div class=\"vc_col-md-10 vc_col-md-offset-1 vc_col-lg-10 vc_col-lg-offset-1\"><span class=\"h6\">Alpha Industries<\/span><h1 class=\"h2\">Alpha Industries R\u012bg\u0101 \u2013 modes preces sieviet\u0113m un v\u012brie\u0161iem milit\u0101r\u0101 stil\u0101<\/h1><\/div>\n            <\/div>\n        <\/div>[vc_column_text]\r\n<p style=\"text-align: center\">No pilotu ap\u0123\u0113rba ra\u017eot\u0101ja l\u012bdz drosm\u012bgam jaunam z\u012bmolam: Alpha Industries ir ien\u0101cis modes pasaul\u0113. \u0160\u012b z\u012bmola virsap\u0123\u0113rbs s\u0101kotn\u0113ji bija paredz\u0113ts pilotiem ASV gaisa sp\u0113kos. Ap\u0123\u0113rbu nenovecojo\u0161ais stils ar raupjo milit\u0101ro izskatu bija iecien\u012bts gan pilotu, gan ar\u012b modes m\u012b\u013cot\u0101ju vid\u016b. Bumbved\u0113ju stila jakas, kas ieguva l\u012bdzv\u0113rt\u012bgu popularit\u0101ti sievie\u0161u un v\u012brie\u0161u vid\u016b, k\u013cuva par z\u012bmola \u012bpa\u0161o produktu, un to \u013coti bie\u017ei kombin\u0113 ar <strong>aktu\u0101liem ielas stiliem<\/strong>. Iedvesmojieties no inov\u0101cij\u0101m un ieg\u0101d\u0101jieties aktu\u0101l\u0101k\u0101s modes preces no Alpha Industries veikal\u0101 VAN GRAAF R\u012bg\u0101.<\/p>\r\n[\/vc_column_text][\/vc_column][\/vc_row][vc_row bwd_tbc4vd_show_weekday=&#8221;&#8221; full_width=&#8221;stretch_row_content_no_spaces&#8221;][vc_column]\n            <div class=\"vg-element topic-slider topic-slider--left topic-slider--dark\" style=\"--season-color-1: #ededed; --season-color-2: #002045\" data-aos=\"fade-up\">\n                <div class=\"topic-slider__inner\">\n                    <div class=\"content_wrap\">\n                        <div class=\"vc_row\">\n                            <div class=\"vc_col-md-12 vc_col-lg-10 vc_col-lg-offset-1\">\n                                <div class=\"vc_row\">\n                                    <div class=\"vc_col-sm-6\"><div class=\"topic-slider__image-wrap\"><div class=\"topic-slider__slider-wrap\"><div class=\"js-topic-slider\"><div class=\"topic-slider__slider__item\"><\/div><div class=\"topic-slider__slider__item\"><\/div><\/div><\/div><\/div><\/div><div class=\"vc_col-sm-6 vc_col-md-5 vc_col-md-offset-1\"><div class=\"topic-slider__content\"><span class=\"h4\">Drosm\u012bgiem klientiem - sievie\u0161u un v\u012brie\u0161u modes preces no Alpha Industries<\/span><p>1959 gad\u0101, kad Alpha Industries tika dibin\u0101ts, z\u012bmolam bija tikai viens m\u0113r\u0137is: sniegt optim\u0101lu atbalstu ASV milit\u0101rperson\u0101m to izvieto\u0161anas laik\u0101. T\u0101p\u0113c galven\u0101 priorit\u0101te bija rad\u012bt <strong>iztur\u012bgu, funkcion\u0101lu ap\u0123\u0113rbu<\/strong> atbilsto\u0161i valk\u0101t\u0101ju pras\u012bb\u0101m. \u0160os kvalit\u0101tes standartus z\u012bmols ir saglab\u0101jis l\u012bdz \u0161ai dienai. \u0100ra ap\u0123\u0113rbs, piem\u0113ram, jakas un parkas, tiek gatavots, izmantojot \u016bdensiztur\u012bgus materi\u0101lus, augstas kvalit\u0101tes r\u0101v\u0113jsl\u0113dz\u0113jus un rievotas, piegulo\u0161as piedurknes.<\/p>\n<\/div><\/div>\n                                <\/div>\n                            <\/div>\n                        <\/div>\n                    <\/div>\n                <\/div>\n            <\/div>[\/vc_column][\/vc_row][vc_row][vc_column][vc_column_text]Alpha Industries ap\u0123\u0113rba kr\u0101su sh\u0113mas atg\u0101dina z\u012bmola pirms\u0101kumus ASV milit\u0101raj\u0101 jom\u0101: uzsvars ir likts uz <strong>klusin\u0101t\u0101m kr\u0101s\u0101m<\/strong>, piem\u0113ram, br\u016bnu, b\u0113\u0161u, melnu un tum\u0161zilu. Noksvilas uz\u0146\u0113mums ir iecien\u012bjis haki kr\u0101su, kas visvair\u0101k raksturo milit\u0101ro jomu. Kapu\u010djakas, T-krekli, bumbved\u0113ju stila jakas vai ziemas parkas: vienk\u0101r\u0161\u0101 za\u013cgan\u0101 nokr\u0101sa z\u012bmola kolekcij\u0101 ir domin\u0113jo\u0161\u0101. Milit\u0101r\u0101 izskata virsap\u0123\u0113rbs un apak\u0161ve\u013ca sieviet\u0113m un v\u012brie\u0161iem ir uzlabots ar br\u012bvu piegriezumu un piesaisto\u0161\u0101m deta\u013c\u0101m, piem\u0113ram, logotipa uz\u0161uvumiem un r\u0101v\u0113jsl\u0113dz\u0113jiem kontrast\u0113jo\u0161\u0101s kr\u0101s\u0101s.[\/vc_column_text][\/vc_column][\/vc_row][vc_row][vc_column]\n        <div class=\"headlines headlines--center\" data-aos=\"fade-up\">\n            <div class=\"vc_row\">\n                <div class=\"vc_col-md-10 vc_col-md-offset-1 vc_col-lg-10 vc_col-lg-offset-1\"><h2 class=\"h2\">Apskatiet modes preces no Alpha Industries tirdzniec\u012bbas centr\u0101 Akropole R\u012bg\u0101<\/h2><\/div>\n            <\/div>\n        <\/div>[vc_column_text]\r\n<p class=\"Standard1\"><span lang=\"EN-US\"><a href=\"https:\/\/www.vangraaf.com\/lv\/par-mums\/riga\/\">M\u016bsu R\u012bgas veikal\u0101<\/a> pla\u0161\u0101 izv\u0113l\u0113 ir pieejami sievie\u0161u un v\u012brie\u0161u ap\u0123\u0113rbi no Alpha Industries un citiem ikdienas ap\u0123\u0113rba z\u012bmoliem. M\u016bsu draudz\u012bgais p\u0101rdo\u0161anas person\u0101ls ar prieku pal\u012bdz\u0113s jums apvienot stil\u012bgu ap\u0123\u0113rbu ar milit\u0101ru izskatu. Sekojiet l\u012bdzi jaun\u0101kaj\u0101m tendenc\u0113m! <a href=\"https:\/\/www.vangraaf.com\/lv\/informativais-biletens\/\">M\u016bsu jaunumu v\u0113stule<\/a> sniedz inform\u0101ciju par jauniem produktiem un lieliskiem ieguvumiem m\u016bsu R\u012bgas veikal\u0101.<\/span><\/p>\r\n[\/vc_column_text][\/vc_column][\/vc_row][vc_row][vc_column]<div class=\"vg-element brand-slider brand-slider--light\" data-aos=\"fade-up\"><div class=\"brand-slider__inner\"><div class=\"brand-slider__slider js-brand-slider\"><div class=\"brand-slider__slider__item\"><a href=\"https:\/\/www.vangraaf.com\/lv\/zimoli\/adidas-originals\/\" title=\"adidas Originals\"><img loading=\"lazy\" decoding=\"async\" width=\"1\" height=\"1\" src=\"https:\/\/www.vangraaf.com\/lv\/wp-content\/uploads\/sites\/5\/2020\/03\/Adidas_Logo_grau_OK.svg\" class=\"attachment-full size-full\" alt=\"\" \/><\/a><\/div><div class=\"brand-slider__slider__item\"><a href=\"https:\/\/www.vangraaf.com\/lv\/zimoli\/tommy-hilfiger\/\" title=\"Tommy Hilfiger\"><img loading=\"lazy\" decoding=\"async\" width=\"1\" height=\"1\" src=\"https:\/\/www.vangraaf.com\/lv\/wp-content\/uploads\/sites\/5\/2020\/03\/Tommy_Hilfiger_4c_grau_OK.svg\" class=\"attachment-full size-full\" alt=\"\" \/><\/a><\/div><div class=\"brand-slider__slider__item\"><a href=\"https:\/\/www.vangraaf.com\/lv\/zimoli\/levis\/\" title=\"Levi&#039;s\"><img loading=\"lazy\" decoding=\"async\" width=\"1\" height=\"1\" src=\"https:\/\/www.vangraaf.com\/lv\/wp-content\/uploads\/sites\/5\/2020\/03\/Levis_Logo_grau_OK.svg\" class=\"attachment-full size-full\" alt=\"\" \/><\/a><\/div><div class=\"brand-slider__slider__item\"><a href=\"https:\/\/www.vangraaf.com\/lv\/zimoli\/calvin-klein\/\" title=\"Calvin Klein\"><img loading=\"lazy\" decoding=\"async\" width=\"1\" height=\"1\" src=\"https:\/\/www.vangraaf.com\/lv\/wp-content\/uploads\/sites\/5\/2020\/03\/Calvin-Klein-Logo-grau_OK.svg\" class=\"attachment-full size-full\" alt=\"\" \/><\/a><\/div><div class=\"brand-slider__slider__item\"><a href=\"https:\/\/www.vangraaf.com\/lv\/zimoli\/champion\/\" title=\"Champion\"><img loading=\"lazy\" decoding=\"async\" width=\"1\" height=\"1\" src=\"https:\/\/www.vangraaf.com\/lv\/wp-content\/uploads\/sites\/5\/2020\/03\/Champion_Logo_grau_OK.svg\" class=\"attachment-full size-full\" alt=\"\" \/><\/a><\/div><div class=\"brand-slider__slider__item\"><a href=\"https:\/\/www.vangraaf.com\/lv\/zimoli\/lacoste\/\" title=\"Lacoste\"><img loading=\"lazy\" decoding=\"async\" width=\"1\" height=\"1\" src=\"https:\/\/www.vangraaf.com\/lv\/wp-content\/uploads\/sites\/5\/2020\/03\/Lacoste_Logo_4c_grau_Ausnahme_OK.svg\" class=\"attachment-full size-full\" alt=\"\" \/><\/a><\/div><div class=\"brand-slider__slider__item\"><a href=\"https:\/\/www.vangraaf.com\/lv\/zimoli\/superdry\/\" title=\"Superdry\"><img loading=\"lazy\" decoding=\"async\" width=\"1\" height=\"1\" src=\"https:\/\/www.vangraaf.com\/lv\/wp-content\/uploads\/sites\/5\/2020\/03\/Superdry_Logo_grau_OK.svg\" class=\"attachment-full size-full\" alt=\"\" \/><\/a><\/div><div class=\"brand-slider__slider__item\"><a href=\"https:\/\/www.vangraaf.com\/lv\/zimoli\/fila\/\" title=\"FILA\"><img loading=\"lazy\" decoding=\"async\" width=\"1\" height=\"1\" src=\"https:\/\/www.vangraaf.com\/lv\/wp-content\/uploads\/sites\/5\/2020\/03\/Fila-Logo-grau_OK.svg\" class=\"attachment-full size-full\" alt=\"\" \/><\/a><\/div><div class=\"brand-slider__slider__item\"><a href=\"https:\/\/www.vangraaf.com\/lv\/zimoli\/tom-tailor\/\" title=\"TOM TAILOR\"><img loading=\"lazy\" decoding=\"async\" width=\"1\" height=\"1\" src=\"https:\/\/www.vangraaf.com\/lv\/wp-content\/uploads\/sites\/5\/2020\/03\/Tom_Tailor_Logo_grau_OK.svg\" class=\"attachment-full size-full\" alt=\"\" \/><\/a><\/div><div class=\"brand-slider__slider__item\"><a href=\"https:\/\/www.vangraaf.com\/lv\/zimoli\/alpha-industries\/\" title=\"Alpha Industries\"><img loading=\"lazy\" decoding=\"async\" width=\"1\" height=\"1\" src=\"https:\/\/www.vangraaf.com\/lv\/wp-content\/uploads\/sites\/5\/2020\/03\/Alpha_Industries_Logo_grau_OK.svg\" class=\"attachment-full size-full\" alt=\"\" \/><\/a><\/div><div class=\"brand-slider__slider__item\"><a href=\"https:\/\/www.vangraaf.com\/lv\/zimoli\/g-star\/\" title=\"G-Star RAW\"><img loading=\"lazy\" decoding=\"async\" width=\"1\" height=\"1\" src=\"https:\/\/www.vangraaf.com\/lv\/wp-content\/uploads\/sites\/5\/2020\/03\/G_Star_Logo_grau_OK.svg\" class=\"attachment-full size-full\" alt=\"\" \/><\/a><\/div><div class=\"brand-slider__slider__item\"><a href=\"https:\/\/www.vangraaf.com\/lv\/zimoli\/vila\/\" title=\"VILA\"><img loading=\"lazy\" decoding=\"async\" width=\"1\" height=\"1\" src=\"https:\/\/www.vangraaf.com\/lv\/wp-content\/uploads\/sites\/5\/2020\/03\/Vila_Logo_grau_OK.svg\" class=\"attachment-full size-full\" alt=\"\" \/><\/a><\/div><div class=\"brand-slider__slider__item\"><a href=\"https:\/\/www.vangraaf.com\/lv\/zimoli\/boss\/\" title=\"BOSS\"><img loading=\"lazy\" decoding=\"async\" width=\"1\" height=\"1\" src=\"https:\/\/www.vangraaf.com\/lv\/wp-content\/uploads\/sites\/5\/2020\/03\/Boss_Logo_grau_OK.svg\" class=\"attachment-full size-full\" alt=\"\" \/><\/a><\/div><div class=\"brand-slider__slider__item\"><a href=\"https:\/\/www.vangraaf.com\/lv\/zimoli\/armani-exchange\/\" title=\"Armani Exchange\"><img loading=\"lazy\" decoding=\"async\" width=\"1\" height=\"1\" src=\"https:\/\/www.vangraaf.com\/lv\/wp-content\/uploads\/sites\/5\/2020\/03\/Armani-Exchange-Logo-grau_OK.svg\" class=\"attachment-full size-full\" alt=\"\" \/><\/a><\/div><div class=\"brand-slider__slider__item\"><a href=\"https:\/\/www.vangraaf.com\/lv\/zimoli\/polo-ralph-lauren\/\" title=\"Polo Ralph Lauren\"><img loading=\"lazy\" decoding=\"async\" width=\"1\" height=\"1\" src=\"https:\/\/www.vangraaf.com\/lv\/wp-content\/uploads\/sites\/5\/2020\/03\/Ralph_Lauren_Logo_grau_OK.svg\" class=\"attachment-full size-full\" alt=\"\" \/><\/a><\/div><div class=\"brand-slider__slider__item\"><a href=\"https:\/\/www.vangraaf.com\/lv\/zimoli\/marie-lund\/\" title=\"Marie Lund\"><img loading=\"lazy\" decoding=\"async\" width=\"1\" height=\"1\" src=\"https:\/\/www.vangraaf.com\/lv\/wp-content\/uploads\/sites\/5\/2020\/03\/Marie_Lund_Logo_grau_OK.svg\" class=\"attachment-full size-full\" alt=\"\" \/><\/a><\/div><div class=\"brand-slider__slider__item\"><a href=\"https:\/\/www.vangraaf.com\/lv\/zimoli\/finshley-harding\/\" title=\"Finshley &amp; Harding\"><img loading=\"lazy\" decoding=\"async\" width=\"1\" height=\"1\" src=\"https:\/\/www.vangraaf.com\/lv\/wp-content\/uploads\/sites\/5\/2020\/03\/Finsley_Harding_Logo_grau_OK.svg\" class=\"attachment-full size-full\" alt=\"\" \/><\/a><\/div><\/div><\/div><\/div>[\/vc_column][\/vc_row]<\/div>","protected":false},"excerpt":{"rendered":"[vc_row full_width=&#8221;stretch_row_content_no_spaces&#8221;][vc_column][vc_column_text] No pilotu ap\u0123\u0113rba ra\u017eot\u0101ja l\u012bdz drosm\u012bgam jaunam z\u012bmolam: Alpha Industries ir ien\u0101cis modes pasaul\u0113. \u0160\u012b z\u012bmola virsap\u0123\u0113rbs s\u0101kotn\u0113ji bija paredz\u0113ts pilotiem ASV gaisa sp\u0113kos. Ap\u0123\u0113rbu nenovecojo\u0161ais stils ar raupjo milit\u0101ro izskatu bija iecien\u012bts gan pilotu, gan ar\u012b modes m\u012b\u013cot\u0101ju vid\u016b. Bumbved\u0113ju stila jakas, kas ieguva l\u012bdzv\u0113rt\u012bgu popularit\u0101ti sievie\u0161u un v\u012brie\u0161u vid\u016b, k\u013cuva par [&hellip;]","protected":false},"author":3,"featured_media":0,"parent":3938,"menu_order":0,"comment_status":"closed","ping_status":"closed","template":"","meta":{"_acf_changed":false,"inline_featured_image":false,"footnotes":""},"class_list":["post-4611","page","type-page","status-publish","hentry"],"acf":[],"yoast_head":"<!-- This site is optimized with the Yoast SEO plugin v27.2 - https:\/\/yoast.com\/product\/yoast-seo-wordpress\/ -->\n<title>Alpha Industries sieviet\u0113m un v\u012brie\u0161iem R\u012bg\u0101<\/title>\n<meta name=\"description\" content=\"Ikdienas mode aktu\u0101l\u0101 milit\u0101r\u0101 stil\u0101: mekl\u0113jiet modernu sievie\u0161u un v\u012brie\u0161u ap\u0123\u0113rbu no Alpha Industries veikal\u0101 VAN GRAAF tirdzniec\u012bbas centr\u0101 Akropole R\u012bg\u0101.\" \/>\n<meta name=\"robots\" content=\"index, follow, max-snippet:-1, max-image-preview:large, max-video-preview:-1\" \/>\n<link rel=\"canonical\" href=\"https:\/\/www.vangraaf.com\/lv\/zimoli\/alpha-industries\/\" \/>\n<meta property=\"og:locale\" content=\"lv_LV\" \/>\n<meta property=\"og:type\" content=\"article\" \/>\n<meta property=\"og:title\" content=\"Alpha Industries sieviet\u0113m un v\u012brie\u0161iem R\u012bg\u0101\" \/>\n<meta property=\"og:description\" content=\"Ikdienas mode aktu\u0101l\u0101 milit\u0101r\u0101 stil\u0101: mekl\u0113jiet modernu sievie\u0161u un v\u012brie\u0161u ap\u0123\u0113rbu no Alpha Industries veikal\u0101 VAN GRAAF tirdzniec\u012bbas centr\u0101 Akropole R\u012bg\u0101.\" \/>\n<meta property=\"og:url\" content=\"https:\/\/www.vangraaf.com\/lv\/zimoli\/alpha-industries\/\" \/>\n<meta property=\"og:site_name\" content=\"VAN GRAAF Latvija\" \/>\n<meta property=\"article:modified_time\" content=\"2022-05-03T10:38:08+00:00\" \/>\n<meta name=\"twitter:card\" content=\"summary_large_image\" \/>\n<meta name=\"twitter:label1\" content=\"Est. reading time\" \/>\n\t<meta name=\"twitter:data1\" content=\"3 min\u016btes\" \/>\n<script type=\"application\/ld+json\" class=\"yoast-schema-graph\">{\"@context\":\"https:\/\/schema.org\",\"@graph\":[{\"@type\":\"WebPage\",\"@id\":\"https:\/\/www.vangraaf.com\/lv\/zimoli\/alpha-industries\/\",\"url\":\"https:\/\/www.vangraaf.com\/lv\/zimoli\/alpha-industries\/\",\"name\":\"Alpha Industries sieviet\u0113m un v\u012brie\u0161iem R\u012bg\u0101\",\"isPartOf\":{\"@id\":\"https:\/\/www.vangraaf.com\/lv\/#website\"},\"datePublished\":\"2020-03-12T12:52:02+00:00\",\"dateModified\":\"2022-05-03T10:38:08+00:00\",\"description\":\"Ikdienas mode aktu\u0101l\u0101 milit\u0101r\u0101 stil\u0101: mekl\u0113jiet modernu sievie\u0161u un v\u012brie\u0161u ap\u0123\u0113rbu no Alpha Industries veikal\u0101 VAN GRAAF tirdzniec\u012bbas centr\u0101 Akropole R\u012bg\u0101.\",\"breadcrumb\":{\"@id\":\"https:\/\/www.vangraaf.com\/lv\/zimoli\/alpha-industries\/#breadcrumb\"},\"inLanguage\":\"lv-LV\",\"potentialAction\":[{\"@type\":\"ReadAction\",\"target\":[\"https:\/\/www.vangraaf.com\/lv\/zimoli\/alpha-industries\/\"]}]},{\"@type\":\"BreadcrumbList\",\"@id\":\"https:\/\/www.vangraaf.com\/lv\/zimoli\/alpha-industries\/#breadcrumb\",\"itemListElement\":[{\"@type\":\"ListItem\",\"position\":1,\"name\":\"Home\",\"item\":\"https:\/\/www.vangraaf.com\/lv\/\"},{\"@type\":\"ListItem\",\"position\":2,\"name\":\"Marken\",\"item\":\"https:\/\/www.vangraaf.com\/lv\/zimoli\/\"},{\"@type\":\"ListItem\",\"position\":3,\"name\":\"Alpha Industries\"}]},{\"@type\":\"WebSite\",\"@id\":\"https:\/\/www.vangraaf.com\/lv\/#website\",\"url\":\"https:\/\/www.vangraaf.com\/lv\/\",\"name\":\"VAN GRAAF\",\"description\":\"VAN GRAAF\",\"potentialAction\":[{\"@type\":\"SearchAction\",\"target\":{\"@type\":\"EntryPoint\",\"urlTemplate\":\"https:\/\/www.vangraaf.com\/lv\/?s={search_term_string}\"},\"query-input\":{\"@type\":\"PropertyValueSpecification\",\"valueRequired\":true,\"valueName\":\"search_term_string\"}}],\"inLanguage\":\"lv-LV\"}]}<\/script>\n<!-- \/ Yoast SEO plugin. -->","yoast_head_json":{"title":"Alpha Industries sieviet\u0113m un v\u012brie\u0161iem R\u012bg\u0101","description":"Ikdienas mode aktu\u0101l\u0101 milit\u0101r\u0101 stil\u0101: mekl\u0113jiet modernu sievie\u0161u un v\u012brie\u0161u ap\u0123\u0113rbu no Alpha Industries veikal\u0101 VAN GRAAF tirdzniec\u012bbas centr\u0101 Akropole R\u012bg\u0101.","robots":{"index":"index","follow":"follow","max-snippet":"max-snippet:-1","max-image-preview":"max-image-preview:large","max-video-preview":"max-video-preview:-1"},"canonical":"https:\/\/www.vangraaf.com\/lv\/zimoli\/alpha-industries\/","og_locale":"lv_LV","og_type":"article","og_title":"Alpha Industries sieviet\u0113m un v\u012brie\u0161iem R\u012bg\u0101","og_description":"Ikdienas mode aktu\u0101l\u0101 milit\u0101r\u0101 stil\u0101: mekl\u0113jiet modernu sievie\u0161u un v\u012brie\u0161u ap\u0123\u0113rbu no Alpha Industries veikal\u0101 VAN GRAAF tirdzniec\u012bbas centr\u0101 Akropole R\u012bg\u0101.","og_url":"https:\/\/www.vangraaf.com\/lv\/zimoli\/alpha-industries\/","og_site_name":"VAN GRAAF Latvija","article_modified_time":"2022-05-03T10:38:08+00:00","twitter_card":"summary_large_image","twitter_misc":{"Est. reading time":"3 min\u016btes"},"schema":{"@context":"https:\/\/schema.org","@graph":[{"@type":"WebPage","@id":"https:\/\/www.vangraaf.com\/lv\/zimoli\/alpha-industries\/","url":"https:\/\/www.vangraaf.com\/lv\/zimoli\/alpha-industries\/","name":"Alpha Industries sieviet\u0113m un v\u012brie\u0161iem R\u012bg\u0101","isPartOf":{"@id":"https:\/\/www.vangraaf.com\/lv\/#website"},"datePublished":"2020-03-12T12:52:02+00:00","dateModified":"2022-05-03T10:38:08+00:00","description":"Ikdienas mode aktu\u0101l\u0101 milit\u0101r\u0101 stil\u0101: mekl\u0113jiet modernu sievie\u0161u un v\u012brie\u0161u ap\u0123\u0113rbu no Alpha Industries veikal\u0101 VAN GRAAF tirdzniec\u012bbas centr\u0101 Akropole R\u012bg\u0101.","breadcrumb":{"@id":"https:\/\/www.vangraaf.com\/lv\/zimoli\/alpha-industries\/#breadcrumb"},"inLanguage":"lv-LV","potentialAction":[{"@type":"ReadAction","target":["https:\/\/www.vangraaf.com\/lv\/zimoli\/alpha-industries\/"]}]},{"@type":"BreadcrumbList","@id":"https:\/\/www.vangraaf.com\/lv\/zimoli\/alpha-industries\/#breadcrumb","itemListElement":[{"@type":"ListItem","position":1,"name":"Home","item":"https:\/\/www.vangraaf.com\/lv\/"},{"@type":"ListItem","position":2,"name":"Marken","item":"https:\/\/www.vangraaf.com\/lv\/zimoli\/"},{"@type":"ListItem","position":3,"name":"Alpha Industries"}]},{"@type":"WebSite","@id":"https:\/\/www.vangraaf.com\/lv\/#website","url":"https:\/\/www.vangraaf.com\/lv\/","name":"VAN GRAAF","description":"VAN GRAAF","potentialAction":[{"@type":"SearchAction","target":{"@type":"EntryPoint","urlTemplate":"https:\/\/www.vangraaf.com\/lv\/?s={search_term_string}"},"query-input":{"@type":"PropertyValueSpecification","valueRequired":true,"valueName":"search_term_string"}}],"inLanguage":"lv-LV"}]}},"_links":{"self":[{"href":"https:\/\/www.vangraaf.com\/lv\/wp-json\/wp\/v2\/pages\/4611","targetHints":{"allow":["GET"]}}],"collection":[{"href":"https:\/\/www.vangraaf.com\/lv\/wp-json\/wp\/v2\/pages"}],"about":[{"href":"https:\/\/www.vangraaf.com\/lv\/wp-json\/wp\/v2\/types\/page"}],"author":[{"embeddable":true,"href":"https:\/\/www.vangraaf.com\/lv\/wp-json\/wp\/v2\/users\/3"}],"replies":[{"embeddable":true,"href":"https:\/\/www.vangraaf.com\/lv\/wp-json\/wp\/v2\/comments?post=4611"}],"version-history":[{"count":10,"href":"https:\/\/www.vangraaf.com\/lv\/wp-json\/wp\/v2\/pages\/4611\/revisions"}],"predecessor-version":[{"id":5860,"href":"https:\/\/www.vangraaf.com\/lv\/wp-json\/wp\/v2\/pages\/4611\/revisions\/5860"}],"up":[{"embeddable":true,"href":"https:\/\/www.vangraaf.com\/lv\/wp-json\/wp\/v2\/pages\/3938"}],"wp:attachment":[{"href":"https:\/\/www.vangraaf.com\/lv\/wp-json\/wp\/v2\/media?parent=4611"}],"curies":[{"name":"wp","href":"https:\/\/api.w.org\/{rel}","templated":true}]}}