{"id":4610,"date":"2020-03-12T13:37:26","date_gmt":"2020-03-12T12:37:26","guid":{"rendered":"http:\/\/van-graaf.test\/ch\/?page_id=3614"},"modified":"2020-09-15T12:41:55","modified_gmt":"2020-09-15T10:41:55","slug":"adidas-originals","status":"publish","type":"page","link":"https:\/\/www.vangraaf.com\/lv\/zimoli\/adidas-originals\/","title":{"rendered":"Adidas Originals"},"content":{"rendered":"<div class=\"wpb-content-wrapper\">[vc_row full_width=&#8221;stretch_row_content_no_spaces&#8221;][vc_column]<div class=\"keyvisual\" data-aos=\"fade-up\" ><img loading=\"lazy\" decoding=\"async\" width=\"1440\" height=\"480\" src=\"https:\/\/www.vangraaf.com\/lv\/wp-content\/uploads\/sites\/5\/2020\/09\/Logo_Adidas.jpg\" class=\"vc_single_image-img\" alt=\"\" srcset=\"https:\/\/www.vangraaf.com\/lv\/wp-content\/uploads\/sites\/5\/2020\/09\/Logo_Adidas.jpg 1440w, https:\/\/www.vangraaf.com\/lv\/wp-content\/uploads\/sites\/5\/2020\/09\/Logo_Adidas-300x100.jpg 300w, https:\/\/www.vangraaf.com\/lv\/wp-content\/uploads\/sites\/5\/2020\/09\/Logo_Adidas-1024x341.jpg 1024w, https:\/\/www.vangraaf.com\/lv\/wp-content\/uploads\/sites\/5\/2020\/09\/Logo_Adidas-768x256.jpg 768w, https:\/\/www.vangraaf.com\/lv\/wp-content\/uploads\/sites\/5\/2020\/09\/Logo_Adidas-1200x400.jpg 1200w, https:\/\/www.vangraaf.com\/lv\/wp-content\/uploads\/sites\/5\/2020\/09\/Logo_Adidas-992x331.jpg 992w, https:\/\/www.vangraaf.com\/lv\/wp-content\/uploads\/sites\/5\/2020\/09\/Logo_Adidas-480x160.jpg 480w\" sizes=\"(max-width: 1440px) 100vw, 1440px\" \/><\/div>\n        <div class=\"headlines headlines--center\" data-aos=\"fade-up\">\n            <div class=\"vc_row\">\n                <div class=\"vc_col-md-10 vc_col-md-offset-1 vc_col-lg-10 vc_col-lg-offset-1\"><span class=\"h6\">adidas Originals<\/span><h1 class=\"h2\">Mekl\u0113jiet modes preces no adidas Originals veikal\u0101 VAN GRAAF R\u012bg\u0101<\/h1><\/div>\n            <\/div>\n        <\/div>[vc_column_text]\r\n<p style=\"text-align: center\">adidas ir izaudzis neticamos apm\u0113ros &#8211; no \u0123imenes uz\u0146\u0113muma l\u012bdz kulta z\u012bmolam. Sporta z\u012bmols nek\u0101d\u0101 zi\u0146\u0101 nav paredz\u0113ts tikai atl\u0113tiem un sporta amatieriem &#8211; to ir iecien\u012bju\u0161i ar\u012b modes sekot\u0101ji, kam pat\u012bk <strong>br\u012bv\u0101 laika ielas ap\u0123\u0113rbs<\/strong>. adidas Originals &#8211; nosaukums, ko izcilais uz\u0146\u0113mums ir pie\u0161\u0137\u012bris savam <strong>urb\u0101najam produktu kl\u0101stam<\/strong>. Pat popzvaigznes, Holivudas ikonas, top mode\u013ci un biju\u0161ie profesion\u0101lie sportisti ir iecien\u012bju\u0161i adidas: Rianna, D\u017eastins B\u012bbers, Emma Stouna, D\u017eid\u017e\u012b Hadida, Kristena Stjuarte un Ketija Holmsa \u2013 slaven\u012bb\u0101m pat\u012bk \u0161is \u0113rtais ielas ap\u0123\u0113rbs. Dodieties uz veikalu VAN GRAAF R\u012bg\u0101, lai ieg\u0101d\u0101tos stil\u012bgu ielas ap\u0123\u0113rbu v\u012brie\u0161iem un sieviet\u0113m ar z\u012bmola vint\u0101\u017eas piesk\u0101rienu.<\/p>\r\n[\/vc_column_text][\/vc_column][\/vc_row][vc_row bwd_tbc4vd_show_weekday=&#8221;&#8221; full_width=&#8221;stretch_row_content_no_spaces&#8221;][vc_column]\n            <div class=\"vg-element topic-slider topic-slider--left topic-slider--light\" style=\"--season-color-1: #5b78a9; --season-color-2: #fcd844\" data-aos=\"fade-up\">\n                <div class=\"topic-slider__inner\">\n                    <div class=\"content_wrap\">\n                        <div class=\"vc_row\">\n                            <div class=\"vc_col-md-12 vc_col-lg-10 vc_col-lg-offset-1\">\n                                <div class=\"vc_row\">\n                                    <div class=\"vc_col-sm-6\"><div class=\"topic-slider__image-wrap\"><div class=\"topic-slider__slider-wrap\"><div class=\"js-topic-slider\"><div class=\"topic-slider__slider__item\"><img loading=\"lazy\" decoding=\"async\" width=\"427\" height=\"639\" src=\"https:\/\/www.vangraaf.com\/lv\/wp-content\/uploads\/sites\/5\/2020\/02\/Adidas_2.jpg\" class=\"vc_single_image-img attachment-full\" alt=\"\" title=\"Adidas_2\" srcset=\"https:\/\/www.vangraaf.com\/lv\/wp-content\/uploads\/sites\/5\/2020\/02\/Adidas_2.jpg 427w, https:\/\/www.vangraaf.com\/lv\/wp-content\/uploads\/sites\/5\/2020\/02\/Adidas_2-200x300.jpg 200w\" sizes=\"(max-width: 427px) 100vw, 427px\" \/><\/div><\/div><\/div><\/div><\/div><div class=\"vc_col-sm-6 vc_col-md-5 vc_col-md-offset-1\"><div class=\"topic-slider__content\"><span class=\"h4\">adidas Originals \u2013 m\u016bsu izv\u0113le veikal\u0101 VAN GRAAF R\u012bg\u0101<\/span><p>Treni\u0146jakas, skrie\u0161anas apavi vai tenisa ze\u0137es: adidas Originals modes z\u012bmols ir slavens ar tr\u012bssv\u012btru logotipu un sporta z\u012bmola tr\u012bslapu logotipu. \u0160is logotips pasv\u012btro retro \u0161armu, kas rakstur\u012bgs adidas Originals v\u012brie\u0161u un sievie\u0161u modes prec\u0113m. Klasiskie stili retro dizain\u0101 atg\u0101dina <strong>70-tos un 80-tos gadus<\/strong>, kad adidas bija milz\u012bgi popul\u0101rs hip-hop un ielas m\u0101kslinieku vid\u016b, ne tikai sportistu aprind\u0101s.<\/p>\n<\/div><\/div>\n                                <\/div>\n                            <\/div>\n                        <\/div>\n                    <\/div>\n                <\/div>\n            <\/div>[\/vc_column][\/vc_row][vc_row][vc_column][vc_column_text]adidas Originals z\u012bmola kl\u0101sts atgrie\u017eas pie iecien\u012bt\u0101s klasikas:\r\n<ul>\r\n \t<li><strong>Retro teniskurpes<\/strong>: Gazelle, Samba, Stan Smith, adidas Superstar<\/li>\r\n \t<li><strong>Adilettes<\/strong>: pasaul\u0113 popul\u0101r\u0101k\u0101s ie\u0161\u013c\u016bcenes<\/li>\r\n \t<li><strong>Treni\u0146jaka:<\/strong> Superstar<\/li>\r\n \t<li><strong>Treni\u0146bikses:<\/strong> SST v\u012brie\u0161iem un sieviet\u0113m<\/li>\r\n<\/ul>\r\n[\/vc_column_text][\/vc_column][\/vc_row][vc_row][vc_column]\n        <div class=\"headlines headlines--center\" data-aos=\"fade-up\">\n            <div class=\"vc_row\">\n                <div class=\"vc_col-md-10 vc_col-md-offset-1 vc_col-lg-10 vc_col-lg-offset-1\"><h2 class=\"h2\">adidas Originals - sievie\u0161u un v\u012brie\u0161u modes preces R\u012bg\u0101<\/h2><\/div>\n            <\/div>\n        <\/div>[vc_column_text]Ja esat Latvij\u0101 un mekl\u0113jat adidas Originals sievie\u0161u un v\u012brie\u0161u sporta un br\u012bv\u0101 laika modes preces, <a href=\"https:\/\/www.vangraaf.com\/lv\/par-mums\/riga\/\">VAN GRAAF R\u012bg\u0101<\/a> ir \u012bst\u0101 vieta, kurp doties. M\u016bsu kl\u0101st\u0101 ir <strong>virsap\u0123\u0113rbs un apak\u0161ve\u013ca v\u012brie\u0161iem un sieviet\u0113m<\/strong> pla\u0161\u0101 izv\u0113l\u0113: m\u016bsu veikal\u0101 ir legingi un sporta bikses ar sv\u012btru logotipu klasiskos stilos, k\u0101 ar\u012b saska\u0146otas virsizm\u0113ra kapu\u010djakas un treni\u0146jakas ar retro tr\u012bslapu z\u012bmola logotipu. Piesaisto\u0161as kr\u0101sas, piem\u0113ram, sul\u012bgi sarkana, skaidru debesu vai zilputni\u0146a kr\u0101sas, kr\u0101sainu dz\u012bvnieku vai ziedu apdrukas nostal\u0123iskam ce\u013cojumam atpaka\u013c 80-tajos gados. Piln\u012bgs retro! Papildiniet adidas Originals autentiskas modes komplektus ar saska\u0146ot\u0101m cepur\u0113m, \u0161all\u0113m un cimdiem.\r\n\r\nAtkl\u0101jiet veikalu VAN GRAAF R\u012bg\u0101 un ieg\u0101d\u0101jieties iecien\u012btus ap\u0123\u0113rbus no adidas Originals un citiem popul\u0101riem z\u012bmoliem. M\u016bsu p\u0101rdo\u0161anas speci\u0101listi j\u016bs gaida![\/vc_column_text][\/vc_column][\/vc_row][vc_row][vc_column]<div class=\"vg-element brand-slider brand-slider--light\" data-aos=\"fade-up\"><div class=\"brand-slider__inner\"><div class=\"brand-slider__slider js-brand-slider\"><div class=\"brand-slider__slider__item\"><a href=\"https:\/\/www.vangraaf.com\/lv\/zimoli\/adidas-originals\/\" title=\"adidas Originals\"><img loading=\"lazy\" decoding=\"async\" width=\"1\" height=\"1\" src=\"https:\/\/www.vangraaf.com\/lv\/wp-content\/uploads\/sites\/5\/2020\/03\/Adidas_Logo_grau_OK.svg\" class=\"attachment-full size-full\" alt=\"\" \/><\/a><\/div><div class=\"brand-slider__slider__item\"><a href=\"https:\/\/www.vangraaf.com\/lv\/zimoli\/tommy-hilfiger\/\" title=\"Tommy Hilfiger\"><img loading=\"lazy\" decoding=\"async\" width=\"1\" height=\"1\" src=\"https:\/\/www.vangraaf.com\/lv\/wp-content\/uploads\/sites\/5\/2020\/03\/Tommy_Hilfiger_4c_grau_OK.svg\" class=\"attachment-full size-full\" alt=\"\" \/><\/a><\/div><div class=\"brand-slider__slider__item\"><a href=\"https:\/\/www.vangraaf.com\/lv\/zimoli\/levis\/\" title=\"Levi&#039;s\"><img loading=\"lazy\" decoding=\"async\" width=\"1\" height=\"1\" src=\"https:\/\/www.vangraaf.com\/lv\/wp-content\/uploads\/sites\/5\/2020\/03\/Levis_Logo_grau_OK.svg\" class=\"attachment-full size-full\" alt=\"\" \/><\/a><\/div><div class=\"brand-slider__slider__item\"><a href=\"https:\/\/www.vangraaf.com\/lv\/zimoli\/calvin-klein\/\" title=\"Calvin Klein\"><img loading=\"lazy\" decoding=\"async\" width=\"1\" height=\"1\" src=\"https:\/\/www.vangraaf.com\/lv\/wp-content\/uploads\/sites\/5\/2020\/03\/Calvin-Klein-Logo-grau_OK.svg\" class=\"attachment-full size-full\" alt=\"\" \/><\/a><\/div><div class=\"brand-slider__slider__item\"><a href=\"https:\/\/www.vangraaf.com\/lv\/zimoli\/champion\/\" title=\"Champion\"><img loading=\"lazy\" decoding=\"async\" width=\"1\" height=\"1\" src=\"https:\/\/www.vangraaf.com\/lv\/wp-content\/uploads\/sites\/5\/2020\/03\/Champion_Logo_grau_OK.svg\" class=\"attachment-full size-full\" alt=\"\" \/><\/a><\/div><div class=\"brand-slider__slider__item\"><a href=\"https:\/\/www.vangraaf.com\/lv\/zimoli\/lacoste\/\" title=\"Lacoste\"><img loading=\"lazy\" decoding=\"async\" width=\"1\" height=\"1\" src=\"https:\/\/www.vangraaf.com\/lv\/wp-content\/uploads\/sites\/5\/2020\/03\/Lacoste_Logo_4c_grau_Ausnahme_OK.svg\" class=\"attachment-full size-full\" alt=\"\" \/><\/a><\/div><div class=\"brand-slider__slider__item\"><a href=\"https:\/\/www.vangraaf.com\/lv\/zimoli\/superdry\/\" title=\"Superdry\"><img loading=\"lazy\" decoding=\"async\" width=\"1\" height=\"1\" src=\"https:\/\/www.vangraaf.com\/lv\/wp-content\/uploads\/sites\/5\/2020\/03\/Superdry_Logo_grau_OK.svg\" class=\"attachment-full size-full\" alt=\"\" \/><\/a><\/div><div class=\"brand-slider__slider__item\"><a href=\"https:\/\/www.vangraaf.com\/lv\/zimoli\/fila\/\" title=\"FILA\"><img loading=\"lazy\" decoding=\"async\" width=\"1\" height=\"1\" src=\"https:\/\/www.vangraaf.com\/lv\/wp-content\/uploads\/sites\/5\/2020\/03\/Fila-Logo-grau_OK.svg\" class=\"attachment-full size-full\" alt=\"\" \/><\/a><\/div><div class=\"brand-slider__slider__item\"><a href=\"https:\/\/www.vangraaf.com\/lv\/zimoli\/tom-tailor\/\" title=\"TOM TAILOR\"><img loading=\"lazy\" decoding=\"async\" width=\"1\" height=\"1\" src=\"https:\/\/www.vangraaf.com\/lv\/wp-content\/uploads\/sites\/5\/2020\/03\/Tom_Tailor_Logo_grau_OK.svg\" class=\"attachment-full size-full\" alt=\"\" \/><\/a><\/div><div class=\"brand-slider__slider__item\"><a href=\"https:\/\/www.vangraaf.com\/lv\/zimoli\/alpha-industries\/\" title=\"Alpha Industries\"><img loading=\"lazy\" decoding=\"async\" width=\"1\" height=\"1\" src=\"https:\/\/www.vangraaf.com\/lv\/wp-content\/uploads\/sites\/5\/2020\/03\/Alpha_Industries_Logo_grau_OK.svg\" class=\"attachment-full size-full\" alt=\"\" \/><\/a><\/div><div class=\"brand-slider__slider__item\"><a href=\"https:\/\/www.vangraaf.com\/lv\/zimoli\/g-star\/\" title=\"G-Star RAW\"><img loading=\"lazy\" decoding=\"async\" width=\"1\" height=\"1\" src=\"https:\/\/www.vangraaf.com\/lv\/wp-content\/uploads\/sites\/5\/2020\/03\/G_Star_Logo_grau_OK.svg\" class=\"attachment-full size-full\" alt=\"\" \/><\/a><\/div><div class=\"brand-slider__slider__item\"><a href=\"https:\/\/www.vangraaf.com\/lv\/zimoli\/vila\/\" title=\"VILA\"><img loading=\"lazy\" decoding=\"async\" width=\"1\" height=\"1\" src=\"https:\/\/www.vangraaf.com\/lv\/wp-content\/uploads\/sites\/5\/2020\/03\/Vila_Logo_grau_OK.svg\" class=\"attachment-full size-full\" alt=\"\" \/><\/a><\/div><div class=\"brand-slider__slider__item\"><a href=\"https:\/\/www.vangraaf.com\/lv\/zimoli\/boss\/\" title=\"BOSS\"><img loading=\"lazy\" decoding=\"async\" width=\"1\" height=\"1\" src=\"https:\/\/www.vangraaf.com\/lv\/wp-content\/uploads\/sites\/5\/2020\/03\/Boss_Logo_grau_OK.svg\" class=\"attachment-full size-full\" alt=\"\" \/><\/a><\/div><div class=\"brand-slider__slider__item\"><a href=\"https:\/\/www.vangraaf.com\/lv\/zimoli\/armani-exchange\/\" title=\"Armani Exchange\"><img loading=\"lazy\" decoding=\"async\" width=\"1\" height=\"1\" src=\"https:\/\/www.vangraaf.com\/lv\/wp-content\/uploads\/sites\/5\/2020\/03\/Armani-Exchange-Logo-grau_OK.svg\" class=\"attachment-full size-full\" alt=\"\" \/><\/a><\/div><div class=\"brand-slider__slider__item\"><a href=\"https:\/\/www.vangraaf.com\/lv\/zimoli\/polo-ralph-lauren\/\" title=\"Polo Ralph Lauren\"><img loading=\"lazy\" decoding=\"async\" width=\"1\" height=\"1\" src=\"https:\/\/www.vangraaf.com\/lv\/wp-content\/uploads\/sites\/5\/2020\/03\/Ralph_Lauren_Logo_grau_OK.svg\" class=\"attachment-full size-full\" alt=\"\" \/><\/a><\/div><div class=\"brand-slider__slider__item\"><a href=\"https:\/\/www.vangraaf.com\/lv\/zimoli\/marie-lund\/\" title=\"Marie Lund\"><img loading=\"lazy\" decoding=\"async\" width=\"1\" height=\"1\" src=\"https:\/\/www.vangraaf.com\/lv\/wp-content\/uploads\/sites\/5\/2020\/03\/Marie_Lund_Logo_grau_OK.svg\" class=\"attachment-full size-full\" alt=\"\" \/><\/a><\/div><\/div><\/div><\/div>[\/vc_column][\/vc_row]<\/div>","protected":false},"excerpt":{"rendered":"[vc_row full_width=&#8221;stretch_row_content_no_spaces&#8221;][vc_column][vc_column_text] adidas ir izaudzis neticamos apm\u0113ros &#8211; no \u0123imenes uz\u0146\u0113muma l\u012bdz kulta z\u012bmolam. Sporta z\u012bmols nek\u0101d\u0101 zi\u0146\u0101 nav paredz\u0113ts tikai atl\u0113tiem un sporta amatieriem &#8211; to ir iecien\u012bju\u0161i ar\u012b modes sekot\u0101ji, kam pat\u012bk br\u012bv\u0101 laika ielas ap\u0123\u0113rbs. adidas Originals &#8211; nosaukums, ko izcilais uz\u0146\u0113mums ir pie\u0161\u0137\u012bris savam urb\u0101najam produktu kl\u0101stam. Pat popzvaigznes, Holivudas ikonas, [&hellip;]","protected":false},"author":3,"featured_media":0,"parent":3938,"menu_order":0,"comment_status":"closed","ping_status":"closed","template":"","meta":{"_acf_changed":false,"inline_featured_image":false,"footnotes":""},"class_list":["post-4610","page","type-page","status-publish","hentry"],"acf":[],"yoast_head":"<!-- This site is optimized with the Yoast SEO plugin v27.2 - https:\/\/yoast.com\/product\/yoast-seo-wordpress\/ -->\n<title>adidas Originals: mode veikal\u0101 VAN GRAAF R\u012bg\u0101<\/title>\n<meta name=\"description\" content=\"Apmekl\u0113jiet m\u016bsu modes veikalu R\u012bg\u0101, lai ieg\u0101d\u0101tos ap\u0123\u0113rbu v\u012brie\u0161iem un sieviet\u0113m no vado\u0161\u0101 z\u012bmola ar tr\u012bslapu logotipu. Apmekl\u0113jiet m\u016bs!\" \/>\n<meta name=\"robots\" content=\"index, follow, max-snippet:-1, max-image-preview:large, max-video-preview:-1\" \/>\n<link rel=\"canonical\" href=\"https:\/\/www.vangraaf.com\/lv\/zimoli\/adidas-originals\/\" \/>\n<meta property=\"og:locale\" content=\"lv_LV\" \/>\n<meta property=\"og:type\" content=\"article\" \/>\n<meta property=\"og:title\" content=\"adidas Originals: mode veikal\u0101 VAN GRAAF R\u012bg\u0101\" \/>\n<meta property=\"og:description\" content=\"Apmekl\u0113jiet m\u016bsu modes veikalu R\u012bg\u0101, lai ieg\u0101d\u0101tos ap\u0123\u0113rbu v\u012brie\u0161iem un sieviet\u0113m no vado\u0161\u0101 z\u012bmola ar tr\u012bslapu logotipu. Apmekl\u0113jiet m\u016bs!\" \/>\n<meta property=\"og:url\" content=\"https:\/\/www.vangraaf.com\/lv\/zimoli\/adidas-originals\/\" \/>\n<meta property=\"og:site_name\" content=\"VAN GRAAF Latvija\" \/>\n<meta property=\"article:modified_time\" content=\"2020-09-15T10:41:55+00:00\" \/>\n<meta name=\"twitter:card\" content=\"summary_large_image\" \/>\n<meta name=\"twitter:label1\" content=\"Est. reading time\" \/>\n\t<meta name=\"twitter:data1\" content=\"3 min\u016btes\" \/>\n<script type=\"application\/ld+json\" class=\"yoast-schema-graph\">{\"@context\":\"https:\/\/schema.org\",\"@graph\":[{\"@type\":\"WebPage\",\"@id\":\"https:\/\/www.vangraaf.com\/lv\/zimoli\/adidas-originals\/\",\"url\":\"https:\/\/www.vangraaf.com\/lv\/zimoli\/adidas-originals\/\",\"name\":\"adidas Originals: mode veikal\u0101 VAN GRAAF R\u012bg\u0101\",\"isPartOf\":{\"@id\":\"https:\/\/www.vangraaf.com\/lv\/#website\"},\"datePublished\":\"2020-03-12T12:37:26+00:00\",\"dateModified\":\"2020-09-15T10:41:55+00:00\",\"description\":\"Apmekl\u0113jiet m\u016bsu modes veikalu R\u012bg\u0101, lai ieg\u0101d\u0101tos ap\u0123\u0113rbu v\u012brie\u0161iem un sieviet\u0113m no vado\u0161\u0101 z\u012bmola ar tr\u012bslapu logotipu. Apmekl\u0113jiet m\u016bs!\",\"breadcrumb\":{\"@id\":\"https:\/\/www.vangraaf.com\/lv\/zimoli\/adidas-originals\/#breadcrumb\"},\"inLanguage\":\"lv-LV\",\"potentialAction\":[{\"@type\":\"ReadAction\",\"target\":[\"https:\/\/www.vangraaf.com\/lv\/zimoli\/adidas-originals\/\"]}]},{\"@type\":\"BreadcrumbList\",\"@id\":\"https:\/\/www.vangraaf.com\/lv\/zimoli\/adidas-originals\/#breadcrumb\",\"itemListElement\":[{\"@type\":\"ListItem\",\"position\":1,\"name\":\"Home\",\"item\":\"https:\/\/www.vangraaf.com\/lv\/\"},{\"@type\":\"ListItem\",\"position\":2,\"name\":\"Marken\",\"item\":\"https:\/\/www.vangraaf.com\/lv\/zimoli\/\"},{\"@type\":\"ListItem\",\"position\":3,\"name\":\"Adidas Originals\"}]},{\"@type\":\"WebSite\",\"@id\":\"https:\/\/www.vangraaf.com\/lv\/#website\",\"url\":\"https:\/\/www.vangraaf.com\/lv\/\",\"name\":\"VAN GRAAF\",\"description\":\"VAN GRAAF\",\"potentialAction\":[{\"@type\":\"SearchAction\",\"target\":{\"@type\":\"EntryPoint\",\"urlTemplate\":\"https:\/\/www.vangraaf.com\/lv\/?s={search_term_string}\"},\"query-input\":{\"@type\":\"PropertyValueSpecification\",\"valueRequired\":true,\"valueName\":\"search_term_string\"}}],\"inLanguage\":\"lv-LV\"}]}<\/script>\n<!-- \/ Yoast SEO plugin. -->","yoast_head_json":{"title":"adidas Originals: mode veikal\u0101 VAN GRAAF R\u012bg\u0101","description":"Apmekl\u0113jiet m\u016bsu modes veikalu R\u012bg\u0101, lai ieg\u0101d\u0101tos ap\u0123\u0113rbu v\u012brie\u0161iem un sieviet\u0113m no vado\u0161\u0101 z\u012bmola ar tr\u012bslapu logotipu. Apmekl\u0113jiet m\u016bs!","robots":{"index":"index","follow":"follow","max-snippet":"max-snippet:-1","max-image-preview":"max-image-preview:large","max-video-preview":"max-video-preview:-1"},"canonical":"https:\/\/www.vangraaf.com\/lv\/zimoli\/adidas-originals\/","og_locale":"lv_LV","og_type":"article","og_title":"adidas Originals: mode veikal\u0101 VAN GRAAF R\u012bg\u0101","og_description":"Apmekl\u0113jiet m\u016bsu modes veikalu R\u012bg\u0101, lai ieg\u0101d\u0101tos ap\u0123\u0113rbu v\u012brie\u0161iem un sieviet\u0113m no vado\u0161\u0101 z\u012bmola ar tr\u012bslapu logotipu. Apmekl\u0113jiet m\u016bs!","og_url":"https:\/\/www.vangraaf.com\/lv\/zimoli\/adidas-originals\/","og_site_name":"VAN GRAAF Latvija","article_modified_time":"2020-09-15T10:41:55+00:00","twitter_card":"summary_large_image","twitter_misc":{"Est. reading time":"3 min\u016btes"},"schema":{"@context":"https:\/\/schema.org","@graph":[{"@type":"WebPage","@id":"https:\/\/www.vangraaf.com\/lv\/zimoli\/adidas-originals\/","url":"https:\/\/www.vangraaf.com\/lv\/zimoli\/adidas-originals\/","name":"adidas Originals: mode veikal\u0101 VAN GRAAF R\u012bg\u0101","isPartOf":{"@id":"https:\/\/www.vangraaf.com\/lv\/#website"},"datePublished":"2020-03-12T12:37:26+00:00","dateModified":"2020-09-15T10:41:55+00:00","description":"Apmekl\u0113jiet m\u016bsu modes veikalu R\u012bg\u0101, lai ieg\u0101d\u0101tos ap\u0123\u0113rbu v\u012brie\u0161iem un sieviet\u0113m no vado\u0161\u0101 z\u012bmola ar tr\u012bslapu logotipu. Apmekl\u0113jiet m\u016bs!","breadcrumb":{"@id":"https:\/\/www.vangraaf.com\/lv\/zimoli\/adidas-originals\/#breadcrumb"},"inLanguage":"lv-LV","potentialAction":[{"@type":"ReadAction","target":["https:\/\/www.vangraaf.com\/lv\/zimoli\/adidas-originals\/"]}]},{"@type":"BreadcrumbList","@id":"https:\/\/www.vangraaf.com\/lv\/zimoli\/adidas-originals\/#breadcrumb","itemListElement":[{"@type":"ListItem","position":1,"name":"Home","item":"https:\/\/www.vangraaf.com\/lv\/"},{"@type":"ListItem","position":2,"name":"Marken","item":"https:\/\/www.vangraaf.com\/lv\/zimoli\/"},{"@type":"ListItem","position":3,"name":"Adidas Originals"}]},{"@type":"WebSite","@id":"https:\/\/www.vangraaf.com\/lv\/#website","url":"https:\/\/www.vangraaf.com\/lv\/","name":"VAN GRAAF","description":"VAN GRAAF","potentialAction":[{"@type":"SearchAction","target":{"@type":"EntryPoint","urlTemplate":"https:\/\/www.vangraaf.com\/lv\/?s={search_term_string}"},"query-input":{"@type":"PropertyValueSpecification","valueRequired":true,"valueName":"search_term_string"}}],"inLanguage":"lv-LV"}]}},"_links":{"self":[{"href":"https:\/\/www.vangraaf.com\/lv\/wp-json\/wp\/v2\/pages\/4610","targetHints":{"allow":["GET"]}}],"collection":[{"href":"https:\/\/www.vangraaf.com\/lv\/wp-json\/wp\/v2\/pages"}],"about":[{"href":"https:\/\/www.vangraaf.com\/lv\/wp-json\/wp\/v2\/types\/page"}],"author":[{"embeddable":true,"href":"https:\/\/www.vangraaf.com\/lv\/wp-json\/wp\/v2\/users\/3"}],"replies":[{"embeddable":true,"href":"https:\/\/www.vangraaf.com\/lv\/wp-json\/wp\/v2\/comments?post=4610"}],"version-history":[{"count":5,"href":"https:\/\/www.vangraaf.com\/lv\/wp-json\/wp\/v2\/pages\/4610\/revisions"}],"predecessor-version":[{"id":4993,"href":"https:\/\/www.vangraaf.com\/lv\/wp-json\/wp\/v2\/pages\/4610\/revisions\/4993"}],"up":[{"embeddable":true,"href":"https:\/\/www.vangraaf.com\/lv\/wp-json\/wp\/v2\/pages\/3938"}],"wp:attachment":[{"href":"https:\/\/www.vangraaf.com\/lv\/wp-json\/wp\/v2\/media?parent=4610"}],"curies":[{"name":"wp","href":"https:\/\/api.w.org\/{rel}","templated":true}]}}