{"id":4428,"date":"2020-03-12T13:53:23","date_gmt":"2020-03-12T12:53:23","guid":{"rendered":"http:\/\/van-graaf.test\/ch\/?page_id=3645"},"modified":"2022-04-28T18:12:10","modified_gmt":"2022-04-28T16:12:10","slug":"g-star","status":"publish","type":"page","link":"https:\/\/www.vangraaf.com\/lv\/zimoli\/g-star\/","title":{"rendered":"G-Star"},"content":{"rendered":"<div class=\"wpb-content-wrapper\">[vc_row full_width=&#8221;stretch_row_content_no_spaces&#8221;][vc_column]<div class=\"keyvisual\" data-aos=\"fade-up\" ><img loading=\"lazy\" decoding=\"async\" width=\"1440\" height=\"480\" src=\"https:\/\/www.vangraaf.com\/lv\/wp-content\/uploads\/sites\/5\/2020\/09\/Logo_GStar.jpg\" class=\"vc_single_image-img\" alt=\"\" srcset=\"https:\/\/www.vangraaf.com\/lv\/wp-content\/uploads\/sites\/5\/2020\/09\/Logo_GStar.jpg 1440w, https:\/\/www.vangraaf.com\/lv\/wp-content\/uploads\/sites\/5\/2020\/09\/Logo_GStar-300x100.jpg 300w, https:\/\/www.vangraaf.com\/lv\/wp-content\/uploads\/sites\/5\/2020\/09\/Logo_GStar-1024x341.jpg 1024w, https:\/\/www.vangraaf.com\/lv\/wp-content\/uploads\/sites\/5\/2020\/09\/Logo_GStar-768x256.jpg 768w, https:\/\/www.vangraaf.com\/lv\/wp-content\/uploads\/sites\/5\/2020\/09\/Logo_GStar-1200x400.jpg 1200w, https:\/\/www.vangraaf.com\/lv\/wp-content\/uploads\/sites\/5\/2020\/09\/Logo_GStar-992x331.jpg 992w, https:\/\/www.vangraaf.com\/lv\/wp-content\/uploads\/sites\/5\/2020\/09\/Logo_GStar-480x160.jpg 480w\" sizes=\"(max-width: 1440px) 100vw, 1440px\" \/><\/div>\n        <div class=\"headlines headlines--center\" data-aos=\"fade-up\">\n            <div class=\"vc_row\">\n                <div class=\"vc_col-md-10 vc_col-md-offset-1 vc_col-lg-10 vc_col-lg-offset-1\"><span class=\"h6\">G-Star RAW<\/span><h1 class=\"h2\">Ieg\u0101d\u0101jieties sievie\u0161u un v\u012brie\u0161u modes preces no G-Star R\u012bg\u0101<\/h1><\/div>\n            <\/div>\n        <\/div>[vc_column_text]\r\n<p style=\"text-align: center\">Ja jums pat\u012bk <strong>d\u017einsa<\/strong> un citu tradicion\u0101lu audumu ap\u0123\u0113rbi, noteikti apmekl\u0113jiet Holandes <strong>G-Star z\u012bmola<\/strong> veikalu. \u0160is z\u012bmols faktiski no jauna izgudroja d\u017einsus, turkl\u0101t tas praktiz\u0113 ilgtsp\u0113j\u012bgu ra\u017eo\u0161anu. D\u017einsi, kleitas, apavi \u2013 <strong>G-Star modes preces meiten\u0113m un pui\u0161iem<\/strong> ir stil\u012bgas, ar ikdieni\u0161\u0137u eleganci.<\/p>\r\n[\/vc_column_text][vc_column_text]<strong>Ieg\u0101d\u0101jieties G-Star d\u017einsa ap\u0123\u0113rbus un ne tikai tos veikal\u0101 VAN GRAAF<\/strong>\r\n\r\n<strong>&#8220;Vienk\u0101r\u0161i produkts&#8221;<\/strong> \u2013 G-Star, kas tika izveidots 1989. gad\u0101, koncentr\u0113jas uz produktu, tie\u0161i k\u0101 izteikts apgalvojum\u0101: ikdieni\u0161\u0137as un urb\u0101nas modes preces aktu\u0101l\u0101kajos stilos sieviet\u0113m un v\u012brie\u0161iem. T\u0101s ir \u0101rk\u0101rt\u012bgi \u0113rtas, izskat\u0101s labi uz ielas un lieliski der ar\u012b k\u0101 ap\u0123\u0113rbs birojam un ofici\u0101liem pas\u0101kumiem. Izmantotie materi\u0101li atst\u0101j iespaidu ar <strong>\u0101rk\u0101rt\u012bgi augstu kvalit\u0101ti, iztur\u012bgumu un<\/strong> <strong>draudz\u012bgumu dabai<\/strong>. Atkl\u0101jiet sievie\u0161u un v\u012brie\u0161u modes preces no G-Star VAN-GRAAF fili\u0101l\u0113 R\u012bg\u0101![\/vc_column_text][vc_column_text]\r\n<p style=\"text-align: left\">G-Star ra\u017eo jakas, T-kreklus, puloverus, virsjakas, cepures un apavus, bet centr\u0101l\u0101 loma ir <strong>d\u017einsa ap\u0123\u0113rbiem!<\/strong> Jau kop\u0161 pa\u0161a s\u0101kuma \u0161is robustais zilais materi\u0101ls ir ie\u0146\u0113mis centr\u0101lo vietu z\u012bmola kl\u0101st\u0101. Vislab\u0101k zin\u0101mais d\u017einsu modelis at\u0161\u0137ir\u012bgaj\u0101 G-Star kl\u0101st\u0101 ir <strong>&#8220;Elwood&#8221;<\/strong> v\u012brie\u0161iem, kas rad\u012bts, iedvesmojoties no motociklistu biks\u0113m. Ar uzman\u012bbu piesaisto\u0161iem apa\u013ciem uz\u0161uvumiem un nek\u013c\u016bd\u012bgi izliektu siluetu \u0161o luksusa d\u017einsu bik\u0161u z\u012bmolu var redz\u0113t uz iel\u0101m vis\u0101 pasaul\u0113.<\/p>\r\n<p style=\"text-align: left\">Ilgtsp\u0113j\u012bga mode R\u012bg\u0101: G-Star RAW<\/p>\r\n<p style=\"text-align: left\">1996 gad\u0101 G-Star sav\u0101 logotip\u0101 iek\u013c\u0101va ar\u012b v\u0101rdu ang\u013cu valod\u0101 &#8220;Raw&#8221;, kas tiek rakst\u012bts lieliem burtiem. \u0160aj\u0101 kontekst\u0101 tas noz\u012bm\u0113 &#8220;pamata&#8221;, &#8220;s\u0101kotn\u0113js&#8221; jeb &#8220;dabisks&#8221;. G-Star RAW kl\u0101sta d\u017einsi ir izgatavoti no <strong>neapstr\u0101d\u0101ta d\u017einsu materi\u0101la<\/strong>. Tas noz\u012bm\u0113, ka produkti atst\u0101j minim\u0101lu ietekmi uz vidi. RAW d\u017einsi no G-Star tiek maigi mazg\u0101ti atbilsto\u0161i vides aizsardz\u012bbas m\u0113r\u0137iem. G-Star izmanto <strong>pasaul\u0113 t\u012br\u0101kos indigo kr\u0101so\u0161anas procesus <\/strong>organiskajai kokvilnai. \u0160\u012b proced\u016bra pie\u0161\u0137ir G-Star RAW d\u017einsiem dzi\u013co, vienm\u0113r\u012bgo pamata nokr\u0101su.<\/p>\r\n<p style=\"text-align: left\">Sievie\u0161u kleitas no organiskas kokvilnas, krekli no p\u0101rstr\u0101d\u0101ta poliestera, kas izgatavots no PET pudel\u0113m, vai v\u012brie\u0161u \u0161orti no ilgtsp\u0113j\u012bg\u0101m elast\u012bg\u0101m \u0161\u0137iedr\u0101m &#8211; visi <strong>RAW ap\u0123\u0113rbi ir &#8220;ilgtsp\u0113j\u012bgi&#8221;, izgatavoti no ilgtsp\u0113j\u012bgiem materi\u0101liem<\/strong>. G-Star modes preces v\u012brie\u0161iem un sieviet\u0113m ir ne tikai stil\u012bgas un ikdieni\u0161\u0137as, bet ar\u012b videi draudz\u012bgas.<\/p>\r\n<p style=\"text-align: left\">RAW for the Oceans: G-Star sievie\u0161u un v\u012brie\u0161u ap\u0123\u0113rbs no oke\u0101na atkritumiem<\/p>\r\n<p style=\"text-align: left\">K\u0101 att\u012br\u012bt oke\u0101nus, ieg\u0101d\u0101joties d\u017einsus? J\u016bs to varat dar\u012bt, ieg\u0101d\u0101joties ASV m\u016bzi\u0137a <strong>Pharrell Williams<\/strong> kolekcijas ar rado\u0161o nosaukumu <strong>RAW for the Oceans<\/strong>. Repa superzvaigzni tik \u013coti aizr\u0101va \u0161\u012b koncepcija, ka vi\u0146\u0161 k\u013cuva par G-Star l\u012bdz\u012bpa\u0161nieku. Ap\u0123\u0113rba ra\u017eo\u0161an\u0101 tiek izmantota t\u0101 saukt\u0101 bionisk\u0101 dzija &#8211; diegi, kas izgatavoti no plastmasas atkritumiem p\u0113c izvilk\u0161anas no oke\u0101na.<\/p>\r\n[\/vc_column_text][\/vc_column][\/vc_row][vc_row bwd_tbc4vd_show_weekday=&#8221;&#8221; disable_element=&#8221;yes&#8221;][vc_column]\n        <div class=\"headlines headlines--center\" data-aos=\"fade-up\">\n            <div class=\"vc_row\">\n                <div class=\"vc_col-md-10 vc_col-md-offset-1 vc_col-lg-10 vc_col-lg-offset-1\"><span class=\"h6\">G-Star RAW Sustainable<\/span><h2 class=\"h2\">Nachhaltige Fashion in Spreitenbach<\/h2><\/div>\n            <\/div>\n        <\/div>[vc_column_text]Nachhaltigkeit ist bei G-Star eine Voraussetzung f\u00fcr Zusammenarbeit und ein Prozess stetiger Verbesserung. Das hei\u00dft, die Produktion erfolgt besonders umweltfreundlich und gleichzeitig mit viel Respekt f\u00fcr alle Menschen, die in der Wertsch\u00f6pfungskette involviert sind. F\u00fcr das Einf\u00e4rben der Bio-Baumwolle setzt G-Star beispielsweise das <strong>weltweit sauberste Indigo-F\u00e4rbeverfahren <\/strong>ein, bei dem kein Wasser verschwendet und mit ausschliesslich erneuerbarer Energie gearbeitet wird.\r\n\r\nOb Damenkleider aus Bio-Baumwolle, Shirts aus recyceltem Polyester, das beispielsweise aus PET-Flaschen gewonnen wird, oder kurze M\u00e4nnerhosen aus nachhaltiger Stretch-Faser \u2013 die G-Star Kollektionen werden aus fast 100% nachhaltigen Materialien und auf transparente Art und Weise gefertigt. G-Star-Mode f\u00fcr Damen und Herren ist nicht nur stylish, casual und cool, sondern eben auch umweltfreundlich.[\/vc_column_text][\/vc_column][\/vc_row][vc_row][vc_column]\n        <div class=\"headlines headlines--center\" data-aos=\"fade-up\">\n            <div class=\"vc_row\">\n                <div class=\"vc_col-md-10 vc_col-md-offset-1 vc_col-lg-10 vc_col-lg-offset-1\"><h2 class=\"h2\">Ieg\u0101d\u0101jieties modes preces no G-Star veikal\u0101 VAN GRAAF R\u012bg\u0101<\/h2><\/div>\n            <\/div>\n        <\/div>[vc_column_text]Veikal\u0101 <strong>VAN GRAAF iepirk\u0161an\u0101s <a href=\"https:\/\/www.vangraaf.com\/lv\/par-mums\/riga\/\">centr\u0101 Akropole R\u012bg\u0101<\/a><\/strong> j\u016bs varat atrast pla\u0161u kl\u0101stu sievie\u0161u un v\u012brie\u0161u ap\u0123\u0113rba no G-Star un citiem <a href=\"https:\/\/www.vangraaf.com\/lv\/zimoli\/\">200 popul\u0101riem z\u012bmoliem<\/a>. Pla\u0161as uzlaiko\u0161anas kab\u012bnes un \u0113rtas atp\u016btas zonas padar\u012bs j\u016bsu iepirk\u0161anos neaizmirstamu: \u013caujiet m\u016bsu <strong>VAN GRAAF modes ekspertiem<\/strong> pal\u012bdz\u0113t jums, sniedzot individu\u0101las konsult\u0101cijas.[\/vc_column_text][\/vc_column][\/vc_row][vc_row][vc_column]<div class=\"vg-element brand-slider brand-slider--light\" data-aos=\"fade-up\"><div class=\"brand-slider__inner\"><div class=\"brand-slider__slider js-brand-slider\"><div class=\"brand-slider__slider__item\"><a href=\"https:\/\/www.vangraaf.com\/lv\/zimoli\/adidas-originals\/\" title=\"adidas Originals\"><img loading=\"lazy\" decoding=\"async\" width=\"1\" height=\"1\" src=\"https:\/\/www.vangraaf.com\/lv\/wp-content\/uploads\/sites\/5\/2020\/03\/Adidas_Logo_grau_OK.svg\" class=\"attachment-full size-full\" alt=\"\" \/><\/a><\/div><div class=\"brand-slider__slider__item\"><a href=\"https:\/\/www.vangraaf.com\/lv\/zimoli\/tommy-hilfiger\/\" title=\"Tommy Hilfiger\"><img loading=\"lazy\" decoding=\"async\" width=\"1\" height=\"1\" src=\"https:\/\/www.vangraaf.com\/lv\/wp-content\/uploads\/sites\/5\/2020\/03\/Tommy_Hilfiger_4c_grau_OK.svg\" class=\"attachment-full size-full\" alt=\"\" \/><\/a><\/div><div class=\"brand-slider__slider__item\"><a href=\"https:\/\/www.vangraaf.com\/lv\/zimoli\/levis\/\" title=\"Levi&#039;s\"><img loading=\"lazy\" decoding=\"async\" width=\"1\" height=\"1\" src=\"https:\/\/www.vangraaf.com\/lv\/wp-content\/uploads\/sites\/5\/2020\/03\/Levis_Logo_grau_OK.svg\" class=\"attachment-full size-full\" alt=\"\" \/><\/a><\/div><div class=\"brand-slider__slider__item\"><a href=\"https:\/\/www.vangraaf.com\/lv\/zimoli\/calvin-klein\/\" title=\"Calvin Klein\"><img loading=\"lazy\" decoding=\"async\" width=\"1\" height=\"1\" src=\"https:\/\/www.vangraaf.com\/lv\/wp-content\/uploads\/sites\/5\/2020\/03\/Calvin-Klein-Logo-grau_OK.svg\" class=\"attachment-full size-full\" alt=\"\" \/><\/a><\/div><div class=\"brand-slider__slider__item\"><a href=\"https:\/\/www.vangraaf.com\/lv\/zimoli\/champion\/\" title=\"Champion\"><img loading=\"lazy\" decoding=\"async\" width=\"1\" height=\"1\" src=\"https:\/\/www.vangraaf.com\/lv\/wp-content\/uploads\/sites\/5\/2020\/03\/Champion_Logo_grau_OK.svg\" class=\"attachment-full size-full\" alt=\"\" \/><\/a><\/div><div class=\"brand-slider__slider__item\"><a href=\"https:\/\/www.vangraaf.com\/lv\/zimoli\/lacoste\/\" title=\"Lacoste\"><img loading=\"lazy\" decoding=\"async\" width=\"1\" height=\"1\" src=\"https:\/\/www.vangraaf.com\/lv\/wp-content\/uploads\/sites\/5\/2020\/03\/Lacoste_Logo_4c_grau_Ausnahme_OK.svg\" class=\"attachment-full size-full\" alt=\"\" \/><\/a><\/div><div class=\"brand-slider__slider__item\"><a href=\"https:\/\/www.vangraaf.com\/lv\/zimoli\/superdry\/\" title=\"Superdry\"><img loading=\"lazy\" decoding=\"async\" width=\"1\" height=\"1\" src=\"https:\/\/www.vangraaf.com\/lv\/wp-content\/uploads\/sites\/5\/2020\/03\/Superdry_Logo_grau_OK.svg\" class=\"attachment-full size-full\" alt=\"\" \/><\/a><\/div><div class=\"brand-slider__slider__item\"><a href=\"https:\/\/www.vangraaf.com\/lv\/zimoli\/fila\/\" title=\"FILA\"><img loading=\"lazy\" decoding=\"async\" width=\"1\" height=\"1\" src=\"https:\/\/www.vangraaf.com\/lv\/wp-content\/uploads\/sites\/5\/2020\/03\/Fila-Logo-grau_OK.svg\" class=\"attachment-full size-full\" alt=\"\" \/><\/a><\/div><div class=\"brand-slider__slider__item\"><a href=\"https:\/\/www.vangraaf.com\/lv\/zimoli\/tom-tailor\/\" title=\"TOM TAILOR\"><img loading=\"lazy\" decoding=\"async\" width=\"1\" height=\"1\" src=\"https:\/\/www.vangraaf.com\/lv\/wp-content\/uploads\/sites\/5\/2020\/03\/Tom_Tailor_Logo_grau_OK.svg\" class=\"attachment-full size-full\" alt=\"\" \/><\/a><\/div><div class=\"brand-slider__slider__item\"><a href=\"https:\/\/www.vangraaf.com\/lv\/zimoli\/alpha-industries\/\" title=\"Alpha Industries\"><img loading=\"lazy\" decoding=\"async\" width=\"1\" height=\"1\" src=\"https:\/\/www.vangraaf.com\/lv\/wp-content\/uploads\/sites\/5\/2020\/03\/Alpha_Industries_Logo_grau_OK.svg\" class=\"attachment-full size-full\" alt=\"\" \/><\/a><\/div><div class=\"brand-slider__slider__item\"><a href=\"https:\/\/www.vangraaf.com\/lv\/zimoli\/vila\/\" title=\"VILA\"><img loading=\"lazy\" decoding=\"async\" width=\"1\" height=\"1\" src=\"https:\/\/www.vangraaf.com\/lv\/wp-content\/uploads\/sites\/5\/2020\/03\/Vila_Logo_grau_OK.svg\" class=\"attachment-full size-full\" alt=\"\" \/><\/a><\/div><div class=\"brand-slider__slider__item\"><a href=\"https:\/\/www.vangraaf.com\/lv\/zimoli\/boss\/\" title=\"BOSS\"><img loading=\"lazy\" decoding=\"async\" width=\"1\" height=\"1\" src=\"https:\/\/www.vangraaf.com\/lv\/wp-content\/uploads\/sites\/5\/2020\/03\/Boss_Logo_grau_OK.svg\" class=\"attachment-full size-full\" alt=\"\" \/><\/a><\/div><div class=\"brand-slider__slider__item\"><a href=\"https:\/\/www.vangraaf.com\/lv\/zimoli\/armani-exchange\/\" title=\"Armani Exchange\"><img loading=\"lazy\" decoding=\"async\" width=\"1\" height=\"1\" src=\"https:\/\/www.vangraaf.com\/lv\/wp-content\/uploads\/sites\/5\/2020\/03\/Armani-Exchange-Logo-grau_OK.svg\" class=\"attachment-full size-full\" alt=\"\" \/><\/a><\/div><div class=\"brand-slider__slider__item\"><a href=\"https:\/\/www.vangraaf.com\/lv\/zimoli\/polo-ralph-lauren\/\" title=\"Polo Ralph Lauren\"><img loading=\"lazy\" decoding=\"async\" width=\"1\" height=\"1\" src=\"https:\/\/www.vangraaf.com\/lv\/wp-content\/uploads\/sites\/5\/2020\/03\/Ralph_Lauren_Logo_grau_OK.svg\" class=\"attachment-full size-full\" alt=\"\" \/><\/a><\/div><div class=\"brand-slider__slider__item\"><a href=\"https:\/\/www.vangraaf.com\/lv\/zimoli\/marie-lund\/\" title=\"Marie Lund\"><img loading=\"lazy\" decoding=\"async\" width=\"1\" height=\"1\" src=\"https:\/\/www.vangraaf.com\/lv\/wp-content\/uploads\/sites\/5\/2020\/03\/Marie_Lund_Logo_grau_OK.svg\" class=\"attachment-full size-full\" alt=\"\" \/><\/a><\/div><\/div><\/div><\/div>[\/vc_column][\/vc_row]<\/div>","protected":false},"excerpt":{"rendered":"[vc_row full_width=&#8221;stretch_row_content_no_spaces&#8221;][vc_column][vc_column_text] Ja jums pat\u012bk d\u017einsa un citu tradicion\u0101lu audumu ap\u0123\u0113rbi, noteikti apmekl\u0113jiet Holandes G-Star z\u012bmola veikalu. \u0160is z\u012bmols faktiski no jauna izgudroja d\u017einsus, turkl\u0101t tas praktiz\u0113 ilgtsp\u0113j\u012bgu ra\u017eo\u0161anu. D\u017einsi, kleitas, apavi \u2013 G-Star modes preces meiten\u0113m un pui\u0161iem ir stil\u012bgas, ar ikdieni\u0161\u0137u eleganci. [\/vc_column_text][vc_column_text]Ieg\u0101d\u0101jieties G-Star d\u017einsa ap\u0123\u0113rbus un ne tikai tos veikal\u0101 VAN GRAAF [&hellip;]","protected":false},"author":3,"featured_media":0,"parent":3938,"menu_order":0,"comment_status":"closed","ping_status":"closed","template":"","meta":{"_acf_changed":false,"inline_featured_image":false,"footnotes":""},"class_list":["post-4428","page","type-page","status-publish","hentry"],"acf":[],"yoast_head":"<!-- This site is optimized with the Yoast SEO plugin v27.2 - https:\/\/yoast.com\/product\/yoast-seo-wordpress\/ -->\n<title>G-Star: modes preces sieviet\u0113m un v\u012brie\u0161iem R\u012bg\u0101<\/title>\n<meta name=\"description\" content=\"G-Star mode ir sinon\u012bms urb\u0101nam, ilgtsp\u0113j\u012bgam ikdienas stilam un d\u017einsu daudzveid\u012bbai. Ieg\u0101d\u0101jieties G-Star modes preces veikal\u0101 VAN GRAAF R\u012bg\u0101!\" \/>\n<meta name=\"robots\" content=\"index, follow, max-snippet:-1, max-image-preview:large, max-video-preview:-1\" \/>\n<link rel=\"canonical\" href=\"https:\/\/www.vangraaf.com\/lv\/zimoli\/g-star\/\" \/>\n<meta property=\"og:locale\" content=\"lv_LV\" \/>\n<meta property=\"og:type\" content=\"article\" \/>\n<meta property=\"og:title\" content=\"G-Star: modes preces sieviet\u0113m un v\u012brie\u0161iem R\u012bg\u0101\" \/>\n<meta property=\"og:description\" content=\"G-Star mode ir sinon\u012bms urb\u0101nam, ilgtsp\u0113j\u012bgam ikdienas stilam un d\u017einsu daudzveid\u012bbai. Ieg\u0101d\u0101jieties G-Star modes preces veikal\u0101 VAN GRAAF R\u012bg\u0101!\" \/>\n<meta property=\"og:url\" content=\"https:\/\/www.vangraaf.com\/lv\/zimoli\/g-star\/\" \/>\n<meta property=\"og:site_name\" content=\"VAN GRAAF Latvija\" \/>\n<meta property=\"article:modified_time\" content=\"2022-04-28T16:12:10+00:00\" \/>\n<meta name=\"twitter:card\" content=\"summary_large_image\" \/>\n<meta name=\"twitter:label1\" content=\"Est. reading time\" \/>\n\t<meta name=\"twitter:data1\" content=\"3 min\u016btes\" \/>\n<script type=\"application\/ld+json\" class=\"yoast-schema-graph\">{\"@context\":\"https:\/\/schema.org\",\"@graph\":[{\"@type\":\"WebPage\",\"@id\":\"https:\/\/www.vangraaf.com\/lv\/zimoli\/g-star\/\",\"url\":\"https:\/\/www.vangraaf.com\/lv\/zimoli\/g-star\/\",\"name\":\"G-Star: modes preces sieviet\u0113m un v\u012brie\u0161iem R\u012bg\u0101\",\"isPartOf\":{\"@id\":\"https:\/\/www.vangraaf.com\/lv\/#website\"},\"datePublished\":\"2020-03-12T12:53:23+00:00\",\"dateModified\":\"2022-04-28T16:12:10+00:00\",\"description\":\"G-Star mode ir sinon\u012bms urb\u0101nam, ilgtsp\u0113j\u012bgam ikdienas stilam un d\u017einsu daudzveid\u012bbai. Ieg\u0101d\u0101jieties G-Star modes preces veikal\u0101 VAN GRAAF R\u012bg\u0101!\",\"breadcrumb\":{\"@id\":\"https:\/\/www.vangraaf.com\/lv\/zimoli\/g-star\/#breadcrumb\"},\"inLanguage\":\"lv-LV\",\"potentialAction\":[{\"@type\":\"ReadAction\",\"target\":[\"https:\/\/www.vangraaf.com\/lv\/zimoli\/g-star\/\"]}]},{\"@type\":\"BreadcrumbList\",\"@id\":\"https:\/\/www.vangraaf.com\/lv\/zimoli\/g-star\/#breadcrumb\",\"itemListElement\":[{\"@type\":\"ListItem\",\"position\":1,\"name\":\"Home\",\"item\":\"https:\/\/www.vangraaf.com\/lv\/\"},{\"@type\":\"ListItem\",\"position\":2,\"name\":\"Marken\",\"item\":\"https:\/\/www.vangraaf.com\/lv\/zimoli\/\"},{\"@type\":\"ListItem\",\"position\":3,\"name\":\"G-Star\"}]},{\"@type\":\"WebSite\",\"@id\":\"https:\/\/www.vangraaf.com\/lv\/#website\",\"url\":\"https:\/\/www.vangraaf.com\/lv\/\",\"name\":\"VAN GRAAF\",\"description\":\"VAN GRAAF\",\"potentialAction\":[{\"@type\":\"SearchAction\",\"target\":{\"@type\":\"EntryPoint\",\"urlTemplate\":\"https:\/\/www.vangraaf.com\/lv\/?s={search_term_string}\"},\"query-input\":{\"@type\":\"PropertyValueSpecification\",\"valueRequired\":true,\"valueName\":\"search_term_string\"}}],\"inLanguage\":\"lv-LV\"}]}<\/script>\n<!-- \/ Yoast SEO plugin. -->","yoast_head_json":{"title":"G-Star: modes preces sieviet\u0113m un v\u012brie\u0161iem R\u012bg\u0101","description":"G-Star mode ir sinon\u012bms urb\u0101nam, ilgtsp\u0113j\u012bgam ikdienas stilam un d\u017einsu daudzveid\u012bbai. Ieg\u0101d\u0101jieties G-Star modes preces veikal\u0101 VAN GRAAF R\u012bg\u0101!","robots":{"index":"index","follow":"follow","max-snippet":"max-snippet:-1","max-image-preview":"max-image-preview:large","max-video-preview":"max-video-preview:-1"},"canonical":"https:\/\/www.vangraaf.com\/lv\/zimoli\/g-star\/","og_locale":"lv_LV","og_type":"article","og_title":"G-Star: modes preces sieviet\u0113m un v\u012brie\u0161iem R\u012bg\u0101","og_description":"G-Star mode ir sinon\u012bms urb\u0101nam, ilgtsp\u0113j\u012bgam ikdienas stilam un d\u017einsu daudzveid\u012bbai. Ieg\u0101d\u0101jieties G-Star modes preces veikal\u0101 VAN GRAAF R\u012bg\u0101!","og_url":"https:\/\/www.vangraaf.com\/lv\/zimoli\/g-star\/","og_site_name":"VAN GRAAF Latvija","article_modified_time":"2022-04-28T16:12:10+00:00","twitter_card":"summary_large_image","twitter_misc":{"Est. reading time":"3 min\u016btes"},"schema":{"@context":"https:\/\/schema.org","@graph":[{"@type":"WebPage","@id":"https:\/\/www.vangraaf.com\/lv\/zimoli\/g-star\/","url":"https:\/\/www.vangraaf.com\/lv\/zimoli\/g-star\/","name":"G-Star: modes preces sieviet\u0113m un v\u012brie\u0161iem R\u012bg\u0101","isPartOf":{"@id":"https:\/\/www.vangraaf.com\/lv\/#website"},"datePublished":"2020-03-12T12:53:23+00:00","dateModified":"2022-04-28T16:12:10+00:00","description":"G-Star mode ir sinon\u012bms urb\u0101nam, ilgtsp\u0113j\u012bgam ikdienas stilam un d\u017einsu daudzveid\u012bbai. Ieg\u0101d\u0101jieties G-Star modes preces veikal\u0101 VAN GRAAF R\u012bg\u0101!","breadcrumb":{"@id":"https:\/\/www.vangraaf.com\/lv\/zimoli\/g-star\/#breadcrumb"},"inLanguage":"lv-LV","potentialAction":[{"@type":"ReadAction","target":["https:\/\/www.vangraaf.com\/lv\/zimoli\/g-star\/"]}]},{"@type":"BreadcrumbList","@id":"https:\/\/www.vangraaf.com\/lv\/zimoli\/g-star\/#breadcrumb","itemListElement":[{"@type":"ListItem","position":1,"name":"Home","item":"https:\/\/www.vangraaf.com\/lv\/"},{"@type":"ListItem","position":2,"name":"Marken","item":"https:\/\/www.vangraaf.com\/lv\/zimoli\/"},{"@type":"ListItem","position":3,"name":"G-Star"}]},{"@type":"WebSite","@id":"https:\/\/www.vangraaf.com\/lv\/#website","url":"https:\/\/www.vangraaf.com\/lv\/","name":"VAN GRAAF","description":"VAN GRAAF","potentialAction":[{"@type":"SearchAction","target":{"@type":"EntryPoint","urlTemplate":"https:\/\/www.vangraaf.com\/lv\/?s={search_term_string}"},"query-input":{"@type":"PropertyValueSpecification","valueRequired":true,"valueName":"search_term_string"}}],"inLanguage":"lv-LV"}]}},"_links":{"self":[{"href":"https:\/\/www.vangraaf.com\/lv\/wp-json\/wp\/v2\/pages\/4428","targetHints":{"allow":["GET"]}}],"collection":[{"href":"https:\/\/www.vangraaf.com\/lv\/wp-json\/wp\/v2\/pages"}],"about":[{"href":"https:\/\/www.vangraaf.com\/lv\/wp-json\/wp\/v2\/types\/page"}],"author":[{"embeddable":true,"href":"https:\/\/www.vangraaf.com\/lv\/wp-json\/wp\/v2\/users\/3"}],"replies":[{"embeddable":true,"href":"https:\/\/www.vangraaf.com\/lv\/wp-json\/wp\/v2\/comments?post=4428"}],"version-history":[{"count":19,"href":"https:\/\/www.vangraaf.com\/lv\/wp-json\/wp\/v2\/pages\/4428\/revisions"}],"predecessor-version":[{"id":5849,"href":"https:\/\/www.vangraaf.com\/lv\/wp-json\/wp\/v2\/pages\/4428\/revisions\/5849"}],"up":[{"embeddable":true,"href":"https:\/\/www.vangraaf.com\/lv\/wp-json\/wp\/v2\/pages\/3938"}],"wp:attachment":[{"href":"https:\/\/www.vangraaf.com\/lv\/wp-json\/wp\/v2\/media?parent=4428"}],"curies":[{"name":"wp","href":"https:\/\/api.w.org\/{rel}","templated":true}]}}