{"id":4178,"date":"2020-02-11T13:25:41","date_gmt":"2020-02-11T12:25:41","guid":{"rendered":"http:\/\/van-graaf.test\/ch\/?page_id=2218"},"modified":"2022-03-10T17:42:31","modified_gmt":"2022-03-10T16:42:31","slug":"padomi","status":"publish","type":"page","link":"https:\/\/www.vangraaf.com\/lv\/konsultacijas-un-stils\/padomi\/","title":{"rendered":"Tipps"},"content":{"rendered":"<div class=\"wpb-content-wrapper\">[vc_row bwd_tbc4vd_show_weekday=&#8221;&#8221; full_width=&#8221;stretch_row_content_no_spaces&#8221;][vc_column]<div class=\"keyvisual\" data-aos=\"fade-up\" ><img loading=\"lazy\" decoding=\"async\" width=\"1440\" height=\"480\" src=\"https:\/\/www.vangraaf.com\/lv\/wp-content\/uploads\/sites\/5\/2020\/02\/Tipps_Banner_WP.jpg\" class=\"vc_single_image-img\" alt=\"Jauna sieviete ar tum\u0161iem matiem, \u0123\u0113rbusies gai\u0161as kr\u0101sas kleit\u0101 ar ziedu rakstu, smaida un izstiepj rokas dejojot, st\u0101vot uz balta fona.\" srcset=\"https:\/\/www.vangraaf.com\/lv\/wp-content\/uploads\/sites\/5\/2020\/02\/Tipps_Banner_WP.jpg 1440w, https:\/\/www.vangraaf.com\/lv\/wp-content\/uploads\/sites\/5\/2020\/02\/Tipps_Banner_WP-300x100.jpg 300w, https:\/\/www.vangraaf.com\/lv\/wp-content\/uploads\/sites\/5\/2020\/02\/Tipps_Banner_WP-1024x341.jpg 1024w, https:\/\/www.vangraaf.com\/lv\/wp-content\/uploads\/sites\/5\/2020\/02\/Tipps_Banner_WP-768x256.jpg 768w, https:\/\/www.vangraaf.com\/lv\/wp-content\/uploads\/sites\/5\/2020\/02\/Tipps_Banner_WP-1200x400.jpg 1200w, https:\/\/www.vangraaf.com\/lv\/wp-content\/uploads\/sites\/5\/2020\/02\/Tipps_Banner_WP-992x331.jpg 992w, https:\/\/www.vangraaf.com\/lv\/wp-content\/uploads\/sites\/5\/2020\/02\/Tipps_Banner_WP-480x160.jpg 480w, https:\/\/www.vangraaf.com\/lv\/wp-content\/uploads\/sites\/5\/2020\/02\/Tipps_Banner_WP-690x230.jpg 690w\" sizes=\"(max-width: 1440px) 100vw, 1440px\" \/><\/div>\n        <div class=\"headlines headlines--center\" data-aos=\"fade-up\">\n            <div class=\"vc_row\">\n                <div class=\"vc_col-md-10 vc_col-md-offset-1 vc_col-lg-10 vc_col-lg-offset-1\"><h1 class=\"h2\">Padomi<\/h1><\/div>\n            <\/div>\n        <\/div>[\/vc_column][\/vc_row][vc_row bwd_show_when_type=&#8221;before&#8221; bwd_show_when_date=&#8221;03\/15\/2021 00:00&#8243; bwd_tbc4vd_show_weekday=&#8221;&#8221; full_width=&#8221;stretch_row_content_no_spaces&#8221;][vc_column]<div class=\"vice-versa-teaser vice-versa-teaser--dark\" style=\"--season-color: #ededed\" data-aos=\"fade-up\"><div class=\"vice-versa-teaser__inner\">\n                        <div class=\"content_wrap\"><div class=\"vg-element vice-versa-teaser__item vice-versa-teaser__item--left\"><div class=\"vc_row vc_row-flex\"><div class=\"vc_col-xs-12 vc_col-sm-6\"><div class=\"vice-versa-teaser__item__image-wrap\"><a class=\"\" href=\"http:\/\/vangraaf.com\/lv\/individuali-pielagots-uzvalks\/\" target=\"_self\" rel=\"\" style=\"\">Piem\u0113rots tie\u0161i jums<\/a><\/div><\/div><div class=\"vice-versa-teaser__item__content-wrap vc_col-xs-12 vc_col-sm-6 vc_col-md-4 vc_col-md-offset-1\"><div class=\"vice-versa-teaser__item__content\"><h3>Piem\u0113rots tie\u0161i jums<\/h3><p>Ne visiem der\u0113s klasiskie uzvalku izm\u0113ri. Da\u017ereiz uzvalka \u017eakete ir p\u0101r\u0101k maza, citreiz bikses \u2013 p\u0101r\u0101k lielas vai ar\u012b otr\u0101di. T\u0101d\u0113\u013c m\u0113s pied\u0101v\u0101jam individu\u0101lu risin\u0101jumu: VAN GRAAF individu\u0101li piel\u0101gotu uzvalku.<\/p><a class=\"button button--dark\" href=\"http:\/\/vangraaf.com\/lv\/individuali-pielagots-uzvalks\/\" target=\"_self\" rel=\"\" style=\"\">Piem\u0113rots tie\u0161i jums<\/a><\/div><\/div><\/div><\/div><div class=\"vg-element vice-versa-teaser__item vice-versa-teaser__item--right\"><div class=\"vc_row vc_row-flex\"><div class=\"vc_col-xs-12 vc_col-sm-6 vc_col-sm-push-6\"><div class=\"vice-versa-teaser__item__image-wrap\"><a class=\"\" href=\"http:\/\/vangraaf.com\/lv\/konsultacijas-un-stils\/padomi\/audumu-kopsanas-padomi\/\" target=\"_self\" rel=\"\" style=\"\">Audumu kop\u0161anas padomi<\/a><\/div><\/div><div class=\"vice-versa-teaser__item__content-wrap vc_col-xs-12 vc_col-sm-6 vc_col-md-4 vc_col-md-offset-1 vc_col-sm-pull-6\"><div class=\"vice-versa-teaser__item__content\"><h3>Audumu kop\u0161anas padomi<\/h3><p>\u0160eit j\u016bs iepaz\u012bsiet ne tikai da\u017e\u0101dus audumus un to priek\u0161roc\u012bbas, bet ar\u012b uzzin\u0101siet, k\u0101 tie j\u0101kopj. Turkl\u0101t m\u0113s \u012bsum\u0101 izskaidrosim audumu kop\u0161anas simbolus, kurus j\u016bs paz\u012bstat no savu ap\u0123\u0113rbu eti\u0137et\u0113m.<\/p><a class=\"button button--dark\" href=\"http:\/\/vangraaf.com\/lv\/konsultacijas-un-stils\/padomi\/audumu-kopsanas-padomi\/\" target=\"_self\" rel=\"\" style=\"\">Audumu kop\u0161anas padomi<\/a><\/div><\/div><\/div><\/div><\/div><\/div><\/div>[\/vc_column][\/vc_row][vc_row bwd_show_when_type=&#8221;after&#8221; bwd_show_when_date=&#8221;03\/15\/2021 00:00&#8243; bwd_tbc4vd_show_weekday=&#8221;&#8221; full_width=&#8221;stretch_row_content_no_spaces&#8221;][vc_column]<div class=\"vice-versa-teaser vice-versa-teaser--dark\" style=\"--season-color: #ededed\" data-aos=\"fade-up\"><div class=\"vice-versa-teaser__inner\">\n                        <div class=\"content_wrap\"><div class=\"vg-element vice-versa-teaser__item vice-versa-teaser__item--left\"><div class=\"vc_row vc_row-flex\"><div class=\"vc_col-xs-12 vc_col-sm-6\"><div class=\"vice-versa-teaser__item__image-wrap\"><a class=\"\" href=\"http:\/\/vangraaf.com\/lv\/individuali-pielagots-uzvalks\/\" target=\"_self\" rel=\"\" style=\"\"><img loading=\"lazy\" decoding=\"async\" width=\"544\" height=\"711\" src=\"https:\/\/www.vangraaf.com\/lv\/wp-content\/uploads\/sites\/5\/2020\/02\/Baukastenanzug_ViceVersa_WP.jpg\" class=\"attachment-van-graaf-vice-versa-teaser size-van-graaf-vice-versa-teaser\" alt=\"V\u012brietis gai\u0161i pel\u0113k\u0101 uzvalk\u0101 st\u0101v telp\u0101 ar balt\u0101m aizkaru drap\u0113rij\u0101m un valk\u0101 br\u016bnas kurpes.\" srcset=\"https:\/\/www.vangraaf.com\/lv\/wp-content\/uploads\/sites\/5\/2020\/02\/Baukastenanzug_ViceVersa_WP.jpg 544w, https:\/\/www.vangraaf.com\/lv\/wp-content\/uploads\/sites\/5\/2020\/02\/Baukastenanzug_ViceVersa_WP-230x300.jpg 230w, https:\/\/www.vangraaf.com\/lv\/wp-content\/uploads\/sites\/5\/2020\/02\/Baukastenanzug_ViceVersa_WP-480x627.jpg 480w\" sizes=\"(max-width: 544px) 100vw, 544px\" \/><\/a><\/div><\/div><div class=\"vice-versa-teaser__item__content-wrap vc_col-xs-12 vc_col-sm-6 vc_col-md-4 vc_col-md-offset-1\"><div class=\"vice-versa-teaser__item__content\"><h3>Piem\u0113rots tie\u0161i jums<\/h3><p>Ne visiem der\u0113s klasiskie uzvalku izm\u0113ri. Da\u017ereiz uzvalka \u017eakete ir p\u0101r\u0101k maza, citreiz bikses \u2013 p\u0101r\u0101k lielas vai ar\u012b otr\u0101di. T\u0101d\u0113\u013c m\u0113s pied\u0101v\u0101jam individu\u0101lu risin\u0101jumu: VAN GRAAF individu\u0101li piel\u0101gotu uzvalku.<\/p><a class=\"button button--dark\" href=\"http:\/\/vangraaf.com\/lv\/individuali-pielagots-uzvalks\/\" target=\"_self\" rel=\"\" style=\"\">Piem\u0113rots tie\u0161i jums<\/a><\/div><\/div><\/div><\/div><div class=\"vg-element vice-versa-teaser__item vice-versa-teaser__item--right\"><div class=\"vc_row vc_row-flex\"><div class=\"vc_col-xs-12 vc_col-sm-6 vc_col-sm-push-6\"><div class=\"vice-versa-teaser__item__image-wrap\"><a class=\"\" href=\"http:\/\/vangraaf.com\/lv\/konsultacijas-un-stils\/padomi\/audumu-kopsanas-padomi\/\" target=\"_self\" rel=\"\" style=\"\"><img loading=\"lazy\" decoding=\"async\" width=\"544\" height=\"711\" src=\"https:\/\/www.vangraaf.com\/lv\/wp-content\/uploads\/sites\/5\/2020\/02\/Pflegetipps_ViceVersa_WP.jpg\" class=\"attachment-van-graaf-vice-versa-teaser size-van-graaf-vice-versa-teaser\" alt=\"Sieviete balt\u0101 plat\u0101s biks\u0113s un sudrabain\u0101, sp\u012bd\u012bg\u0101 aug\u0161\u0113j\u0101 da\u013c\u0101 s\u0113\u017e uz augsta kr\u0113sla balt\u0101 fon\u0101.\" srcset=\"https:\/\/www.vangraaf.com\/lv\/wp-content\/uploads\/sites\/5\/2020\/02\/Pflegetipps_ViceVersa_WP.jpg 544w, https:\/\/www.vangraaf.com\/lv\/wp-content\/uploads\/sites\/5\/2020\/02\/Pflegetipps_ViceVersa_WP-230x300.jpg 230w, https:\/\/www.vangraaf.com\/lv\/wp-content\/uploads\/sites\/5\/2020\/02\/Pflegetipps_ViceVersa_WP-480x627.jpg 480w\" sizes=\"(max-width: 544px) 100vw, 544px\" \/><\/a><\/div><\/div><div class=\"vice-versa-teaser__item__content-wrap vc_col-xs-12 vc_col-sm-6 vc_col-md-4 vc_col-md-offset-1 vc_col-sm-pull-6\"><div class=\"vice-versa-teaser__item__content\"><h3>Audumu kop\u0161anas padomi<\/h3><p>\u0160eit j\u016bs iepaz\u012bsiet ne tikai da\u017e\u0101dus audumus un to priek\u0161roc\u012bbas, bet ar\u012b uzzin\u0101siet, k\u0101 tie j\u0101kopj. Turkl\u0101t m\u0113s \u012bsum\u0101 izskaidrosim audumu kop\u0161anas simbolus, kurus j\u016bs paz\u012bstat no savu ap\u0123\u0113rbu eti\u0137et\u0113m.<\/p><a class=\"button button--dark\" href=\"http:\/\/vangraaf.com\/lv\/konsultacijas-un-stils\/padomi\/audumu-kopsanas-padomi\/\" target=\"_self\" rel=\"\" style=\"\">Audumu kop\u0161anas padomi<\/a><\/div><\/div><\/div><\/div><\/div><\/div><\/div>[\/vc_column][\/vc_row]<\/div>","protected":false},"excerpt":{"rendered":"[vc_row bwd_tbc4vd_show_weekday=&#8221;&#8221; full_width=&#8221;stretch_row_content_no_spaces&#8221;][vc_column][\/vc_column][\/vc_row][vc_row bwd_show_when_type=&#8221;before&#8221; bwd_show_when_date=&#8221;03\/15\/2021 00:00&#8243; bwd_tbc4vd_show_weekday=&#8221;&#8221; full_width=&#8221;stretch_row_content_no_spaces&#8221;][vc_column][\/vc_column][\/vc_row][vc_row bwd_show_when_type=&#8221;after&#8221; bwd_show_when_date=&#8221;03\/15\/2021 00:00&#8243; bwd_tbc4vd_show_weekday=&#8221;&#8221; full_width=&#8221;stretch_row_content_no_spaces&#8221;][vc_column][\/vc_column][\/vc_row]","protected":false},"author":3,"featured_media":0,"parent":3920,"menu_order":0,"comment_status":"closed","ping_status":"closed","template":"","meta":{"_acf_changed":false,"inline_featured_image":false,"footnotes":""},"class_list":["post-4178","page","type-page","status-publish","hentry"],"acf":[],"yoast_head":"<!-- This site is optimized with the Yoast SEO plugin v27.2 - https:\/\/yoast.com\/product\/yoast-seo-wordpress\/ -->\n<title>VAN GRAAF ieteikumi par modi un ap\u0123\u0113rba kop\u0161anu<\/title>\n<meta name=\"description\" content=\"Izveidojiet indivudu\u0101lu uzvalku ar VAN GRAAF modul\u0101ro uzvalvu un g\u016bstiet iedvesmu no m\u016bsu padomiem par modi un ap\u0123\u0113rba kop\u0161anu.\" \/>\n<meta name=\"robots\" content=\"index, follow, max-snippet:-1, max-image-preview:large, max-video-preview:-1\" \/>\n<link rel=\"canonical\" href=\"https:\/\/www.vangraaf.com\/lv\/konsultacijas-un-stils\/padomi\/\" \/>\n<meta property=\"og:locale\" content=\"lv_LV\" \/>\n<meta property=\"og:type\" content=\"article\" \/>\n<meta property=\"og:title\" content=\"VAN GRAAF ieteikumi par modi un ap\u0123\u0113rba kop\u0161anu\" \/>\n<meta property=\"og:description\" content=\"Izveidojiet indivudu\u0101lu uzvalku ar VAN GRAAF modul\u0101ro uzvalvu un g\u016bstiet iedvesmu no m\u016bsu padomiem par modi un ap\u0123\u0113rba kop\u0161anu.\" \/>\n<meta property=\"og:url\" content=\"https:\/\/www.vangraaf.com\/lv\/konsultacijas-un-stils\/padomi\/\" \/>\n<meta property=\"og:site_name\" content=\"VAN GRAAF Latvija\" \/>\n<meta property=\"article:modified_time\" content=\"2022-03-10T16:42:31+00:00\" \/>\n<meta name=\"twitter:card\" content=\"summary_large_image\" \/>\n<meta name=\"twitter:label1\" content=\"Est. reading time\" \/>\n\t<meta name=\"twitter:data1\" content=\"1 min\u016bte\" \/>\n<script type=\"application\/ld+json\" class=\"yoast-schema-graph\">{\"@context\":\"https:\/\/schema.org\",\"@graph\":[{\"@type\":\"WebPage\",\"@id\":\"https:\/\/www.vangraaf.com\/lv\/konsultacijas-un-stils\/padomi\/\",\"url\":\"https:\/\/www.vangraaf.com\/lv\/konsultacijas-un-stils\/padomi\/\",\"name\":\"VAN GRAAF ieteikumi par modi un ap\u0123\u0113rba kop\u0161anu\",\"isPartOf\":{\"@id\":\"https:\/\/www.vangraaf.com\/lv\/#website\"},\"datePublished\":\"2020-02-11T12:25:41+00:00\",\"dateModified\":\"2022-03-10T16:42:31+00:00\",\"description\":\"Izveidojiet indivudu\u0101lu uzvalku ar VAN GRAAF modul\u0101ro uzvalvu un g\u016bstiet iedvesmu no m\u016bsu padomiem par modi un ap\u0123\u0113rba kop\u0161anu.\",\"breadcrumb\":{\"@id\":\"https:\/\/www.vangraaf.com\/lv\/konsultacijas-un-stils\/padomi\/#breadcrumb\"},\"inLanguage\":\"lv-LV\",\"potentialAction\":[{\"@type\":\"ReadAction\",\"target\":[\"https:\/\/www.vangraaf.com\/lv\/konsultacijas-un-stils\/padomi\/\"]}]},{\"@type\":\"BreadcrumbList\",\"@id\":\"https:\/\/www.vangraaf.com\/lv\/konsultacijas-un-stils\/padomi\/#breadcrumb\",\"itemListElement\":[{\"@type\":\"ListItem\",\"position\":1,\"name\":\"Home\",\"item\":\"https:\/\/www.vangraaf.com\/lv\/\"},{\"@type\":\"ListItem\",\"position\":2,\"name\":\"Beratung und Style\",\"item\":\"https:\/\/www.vangraaf.com\/lv\/konsultacijas-un-stils\/\"},{\"@type\":\"ListItem\",\"position\":3,\"name\":\"Tipps\"}]},{\"@type\":\"WebSite\",\"@id\":\"https:\/\/www.vangraaf.com\/lv\/#website\",\"url\":\"https:\/\/www.vangraaf.com\/lv\/\",\"name\":\"VAN GRAAF\",\"description\":\"VAN GRAAF\",\"potentialAction\":[{\"@type\":\"SearchAction\",\"target\":{\"@type\":\"EntryPoint\",\"urlTemplate\":\"https:\/\/www.vangraaf.com\/lv\/?s={search_term_string}\"},\"query-input\":{\"@type\":\"PropertyValueSpecification\",\"valueRequired\":true,\"valueName\":\"search_term_string\"}}],\"inLanguage\":\"lv-LV\"}]}<\/script>\n<!-- \/ Yoast SEO plugin. -->","yoast_head_json":{"title":"VAN GRAAF ieteikumi par modi un ap\u0123\u0113rba kop\u0161anu","description":"Izveidojiet indivudu\u0101lu uzvalku ar VAN GRAAF modul\u0101ro uzvalvu un g\u016bstiet iedvesmu no m\u016bsu padomiem par modi un ap\u0123\u0113rba kop\u0161anu.","robots":{"index":"index","follow":"follow","max-snippet":"max-snippet:-1","max-image-preview":"max-image-preview:large","max-video-preview":"max-video-preview:-1"},"canonical":"https:\/\/www.vangraaf.com\/lv\/konsultacijas-un-stils\/padomi\/","og_locale":"lv_LV","og_type":"article","og_title":"VAN GRAAF ieteikumi par modi un ap\u0123\u0113rba kop\u0161anu","og_description":"Izveidojiet indivudu\u0101lu uzvalku ar VAN GRAAF modul\u0101ro uzvalvu un g\u016bstiet iedvesmu no m\u016bsu padomiem par modi un ap\u0123\u0113rba kop\u0161anu.","og_url":"https:\/\/www.vangraaf.com\/lv\/konsultacijas-un-stils\/padomi\/","og_site_name":"VAN GRAAF Latvija","article_modified_time":"2022-03-10T16:42:31+00:00","twitter_card":"summary_large_image","twitter_misc":{"Est. reading time":"1 min\u016bte"},"schema":{"@context":"https:\/\/schema.org","@graph":[{"@type":"WebPage","@id":"https:\/\/www.vangraaf.com\/lv\/konsultacijas-un-stils\/padomi\/","url":"https:\/\/www.vangraaf.com\/lv\/konsultacijas-un-stils\/padomi\/","name":"VAN GRAAF ieteikumi par modi un ap\u0123\u0113rba kop\u0161anu","isPartOf":{"@id":"https:\/\/www.vangraaf.com\/lv\/#website"},"datePublished":"2020-02-11T12:25:41+00:00","dateModified":"2022-03-10T16:42:31+00:00","description":"Izveidojiet indivudu\u0101lu uzvalku ar VAN GRAAF modul\u0101ro uzvalvu un g\u016bstiet iedvesmu no m\u016bsu padomiem par modi un ap\u0123\u0113rba kop\u0161anu.","breadcrumb":{"@id":"https:\/\/www.vangraaf.com\/lv\/konsultacijas-un-stils\/padomi\/#breadcrumb"},"inLanguage":"lv-LV","potentialAction":[{"@type":"ReadAction","target":["https:\/\/www.vangraaf.com\/lv\/konsultacijas-un-stils\/padomi\/"]}]},{"@type":"BreadcrumbList","@id":"https:\/\/www.vangraaf.com\/lv\/konsultacijas-un-stils\/padomi\/#breadcrumb","itemListElement":[{"@type":"ListItem","position":1,"name":"Home","item":"https:\/\/www.vangraaf.com\/lv\/"},{"@type":"ListItem","position":2,"name":"Beratung und Style","item":"https:\/\/www.vangraaf.com\/lv\/konsultacijas-un-stils\/"},{"@type":"ListItem","position":3,"name":"Tipps"}]},{"@type":"WebSite","@id":"https:\/\/www.vangraaf.com\/lv\/#website","url":"https:\/\/www.vangraaf.com\/lv\/","name":"VAN GRAAF","description":"VAN GRAAF","potentialAction":[{"@type":"SearchAction","target":{"@type":"EntryPoint","urlTemplate":"https:\/\/www.vangraaf.com\/lv\/?s={search_term_string}"},"query-input":{"@type":"PropertyValueSpecification","valueRequired":true,"valueName":"search_term_string"}}],"inLanguage":"lv-LV"}]}},"_links":{"self":[{"href":"https:\/\/www.vangraaf.com\/lv\/wp-json\/wp\/v2\/pages\/4178","targetHints":{"allow":["GET"]}}],"collection":[{"href":"https:\/\/www.vangraaf.com\/lv\/wp-json\/wp\/v2\/pages"}],"about":[{"href":"https:\/\/www.vangraaf.com\/lv\/wp-json\/wp\/v2\/types\/page"}],"author":[{"embeddable":true,"href":"https:\/\/www.vangraaf.com\/lv\/wp-json\/wp\/v2\/users\/3"}],"replies":[{"embeddable":true,"href":"https:\/\/www.vangraaf.com\/lv\/wp-json\/wp\/v2\/comments?post=4178"}],"version-history":[{"count":12,"href":"https:\/\/www.vangraaf.com\/lv\/wp-json\/wp\/v2\/pages\/4178\/revisions"}],"predecessor-version":[{"id":5748,"href":"https:\/\/www.vangraaf.com\/lv\/wp-json\/wp\/v2\/pages\/4178\/revisions\/5748"}],"up":[{"embeddable":true,"href":"https:\/\/www.vangraaf.com\/lv\/wp-json\/wp\/v2\/pages\/3920"}],"wp:attachment":[{"href":"https:\/\/www.vangraaf.com\/lv\/wp-json\/wp\/v2\/media?parent=4178"}],"curies":[{"name":"wp","href":"https:\/\/api.w.org\/{rel}","templated":true}]}}