{"id":3970,"date":"2020-04-01T11:10:51","date_gmt":"2020-04-01T09:10:51","guid":{"rendered":"http:\/\/van-graaf-staging.pluspol-networks.de\/lv\/?page_id=3970"},"modified":"2021-04-21T08:41:54","modified_gmt":"2021-04-21T06:41:54","slug":"informativais-biletens","status":"publish","type":"page","link":"https:\/\/www.vangraaf.com\/lv\/informativais-biletens\/","title":{"rendered":"Newsletter"},"content":{"rendered":"<div class=\"wpb-content-wrapper\">[vc_row bwd_tbc4vd_show_weekday=&#8221;&#8221; full_width=&#8221;stretch_row_content_no_spaces&#8221;][vc_column]<div class=\"keyvisual\" data-aos=\"fade-up\" ><img loading=\"lazy\" decoding=\"async\" width=\"1440\" height=\"480\" src=\"https:\/\/www.vangraaf.com\/lv\/wp-content\/uploads\/sites\/5\/2020\/02\/keyvisual-vgcard.jpg\" class=\"vc_single_image-img\" alt=\"\" srcset=\"https:\/\/www.vangraaf.com\/lv\/wp-content\/uploads\/sites\/5\/2020\/02\/keyvisual-vgcard.jpg 1440w, https:\/\/www.vangraaf.com\/lv\/wp-content\/uploads\/sites\/5\/2020\/02\/keyvisual-vgcard-300x100.jpg 300w, https:\/\/www.vangraaf.com\/lv\/wp-content\/uploads\/sites\/5\/2020\/02\/keyvisual-vgcard-1024x341.jpg 1024w, https:\/\/www.vangraaf.com\/lv\/wp-content\/uploads\/sites\/5\/2020\/02\/keyvisual-vgcard-768x256.jpg 768w, https:\/\/www.vangraaf.com\/lv\/wp-content\/uploads\/sites\/5\/2020\/02\/keyvisual-vgcard-1200x400.jpg 1200w, https:\/\/www.vangraaf.com\/lv\/wp-content\/uploads\/sites\/5\/2020\/02\/keyvisual-vgcard-992x331.jpg 992w, https:\/\/www.vangraaf.com\/lv\/wp-content\/uploads\/sites\/5\/2020\/02\/keyvisual-vgcard-480x160.jpg 480w\" sizes=\"(max-width: 1440px) 100vw, 1440px\" \/><\/div>\n        <div class=\"headlines headlines--center\" data-aos=\"fade-up\">\n            <div class=\"vc_row\">\n                <div class=\"vc_col-md-10 vc_col-md-offset-1 vc_col-lg-10 vc_col-lg-offset-1\"><h1 class=\"h2\">VAN GRAAF jaunumi<\/h1><\/div>\n            <\/div>\n        <\/div>[vc_column_text]\r\n<p style=\"text-align: center\">M\u016bsu jaunumi regul\u0101ri j\u016bs inform\u0113s par aktu\u0101lajiem pied\u0101v\u0101jumiem, akcij\u0101m, sezonas izp\u0101rdo\u0161an\u0101m un VAN GRAAF pas\u0101kumiem. Turkl\u0101t j\u016bs varat uzzin\u0101t ar\u012b daudzus citus jaunumus. M\u016bsu informat\u012bvais buklets pied\u0101v\u0101 daudz interesantu modes pasaules zi\u0146u.<\/p>\r\n<p style=\"text-align: center\">M\u0113s pied\u0101v\u0101jam daudz interesantas inform\u0101cijas par jaun\u0101kaj\u0101m tendenc\u0113m, lab\u0101kajiem z\u012bmoliem un m\u016bsu VAN\u00a0GRAAF veikalu modes jaunumiem.<\/p>\r\n<p style=\"text-align: center\">Piesakieties VAN\u00a0GRAAF ikm\u0113ne\u0161a jaunumiem. L\u016bdzu, ierakstiet savu v\u0101rdu, uzv\u0101rdu un e-pasta adresi attiec\u012bgaj\u0101 veidlap\u0101, atz\u012bm\u0113jot lauci\u0146u tirgus izp\u0113tei un rekl\u0101mai, ja v\u0113laties m\u016bsu jaunumus sa\u0146emt regul\u0101ri.<\/p>\r\n<p style=\"text-align: center\">Protams, jebkur\u0101 br\u012bd\u012b var\u0113siet no jaunumu sa\u0146em\u0161anas <a href=\"https:\/\/www.vangraaf.com\/lv\/informativais-biletens\/atteikties\/\">atteikties<\/a> \u0161eit.<\/p>\r\n[\/vc_column_text]\n    <form action=\"#message\" method=\"post\" class=\"form form--full form--newsletter js-validate-form\"\n          novalidate=\"novalidate\" data-aos=\"fade-up\">\n        <div class=\"vc_row\">\n            <div class=\"vc_col-sm-6\">\n                <div class=\"form-element form-element--select\">\n                    <span class=\"form-control-wrap salutation\">\n                                                    <select name=\"salutation\">\n                                <option value=\"\">Uzruna<\/option>\n                                <option value=\"m\" >Kungs<\/option>\n                                <option value=\"f\" >Kundze<\/option>\n                                <option value=\"o\" >Cits<\/option>\n                            <\/select>\n                                            <\/span>\n                <\/div>\n            <\/div>\n        <\/div>\n\n        <div class=\"vc_row\">\n            <div class=\"vc_col-sm-6\">\n                <div class=\"form-element form-element--input\">\n                    <span class=\"form-control-wrap firstname\">\n                        <input type=\"text\" id=\"firstname\" name=\"firstname\" minlength=\"2\"\n                               aria-required=\"true\" aria-invalid=\"false\" value=\"\" required>\n                        <label for=\"firstname\">V\u0101rds*<\/label>\n                    <\/span>\n                <\/div>\n            <\/div>\n            <div class=\"vc_col-sm-6\">\n                <div class=\"form-element form-element--input\">\n                    <span class=\"form-control-wrap lastname\">\n                        <input type=\"text\" id=\"lastname\" name=\"lastname\" minlength=\"2\"\n                               aria-required=\"true\" aria-invalid=\"false\" value=\"\" required>\n                        <label for=\"lastname\">Uzv\u0101rds*<\/label>\n                    <\/span>\n                <\/div>\n            <\/div>\n        <\/div>\n\n        <div class=\"vc_row\">\n            <div class=\"vc_col-sm-12\">\n                <div class=\"form-element form-element--input\">\n                    <span class=\"form-control-wrap email\">\n                        <input type=\"email\" id=\"email\" name=\"email\"\n                               aria-required=\"true\" aria-invalid=\"false\" value=\"\" required>\n                        <label for=\"email\">E-pasts*<\/label>\n                    <\/span>\n                <\/div>\n            <\/div>\n        <\/div>\n\n        \n        <div class=\"vc_row\">\n            <div class=\"vc_col-sm-12\">\n                <div class=\"form-element form-element--checkbox\">\n                   <span class=\"form-control-wrap privacy\">\n                        <span class=\"form-control\">\n                           <input type=\"checkbox\" name=\"privacy\" aria-required=\"true\" aria-invalid=\"false\" id=\"privacy\">\n                       <\/span>\n                       <label\n                           for=\"privacy\">Es piekr\u012btu <a href=\"https:\/\/www.vangraaf.com\/lv\/informativais-biletens\/piekrisana-dalibai-jaunumu-programma\/\" target=\"_blank\" rel=\"noopener\">personaliz\u0113tai rekl\u0101mai<\/a>.*<\/label>\n                   <\/span>\n                <\/div>\n            <\/div>\n        <\/div>\n\n        <div class=\"vc_row\">\n            <div class=\"vc_col-sm-12\">\n                <small>L\u016bdzu, aizpildiet visus ar * atz\u012bm\u0113tos laukus.<\/small>\n            <\/div>\n        <\/div>\n\n        <div class=\"vc_row\">\n            <div class=\"vc_col-sm-12\">\n                <div class=\"form__message form__message--hide\" role=\"status\" aria-live=\"polite\" aria-atomic=\"true\"><\/div>\n            <\/div>\n        <\/div>\n\n        \n        <div class=\"vc_row\">\n            <div class=\"vc_col-sm-12 form__buttons\">\n                <button id=\"submit\" type=\"submit\" class=\"button\">Iesniegt<\/button>\n            <\/div>\n        <\/div>\n\n        <input type=\"hidden\" name=\"action\" value=\"newsletter_form_subscribe\" tabindex=\"-1\" autocomplete=\"nope\">\n    <\/form>\n[\/vc_column][\/vc_row]<\/div>","protected":false},"excerpt":{"rendered":"[vc_row bwd_tbc4vd_show_weekday=&#8221;&#8221; full_width=&#8221;stretch_row_content_no_spaces&#8221;][vc_column][vc_column_text] M\u016bsu jaunumi regul\u0101ri j\u016bs inform\u0113s par aktu\u0101lajiem pied\u0101v\u0101jumiem, akcij\u0101m, sezonas izp\u0101rdo\u0161an\u0101m un VAN GRAAF pas\u0101kumiem. Turkl\u0101t j\u016bs varat uzzin\u0101t ar\u012b daudzus citus jaunumus. M\u016bsu informat\u012bvais buklets pied\u0101v\u0101 daudz interesantu modes pasaules zi\u0146u. M\u0113s pied\u0101v\u0101jam daudz interesantas inform\u0101cijas par jaun\u0101kaj\u0101m tendenc\u0113m, lab\u0101kajiem z\u012bmoliem un m\u016bsu VAN\u00a0GRAAF veikalu modes jaunumiem. Piesakieties VAN\u00a0GRAAF ikm\u0113ne\u0161a jaunumiem. [&hellip;]","protected":false},"author":3,"featured_media":0,"parent":0,"menu_order":0,"comment_status":"closed","ping_status":"closed","template":"","meta":{"_acf_changed":false,"inline_featured_image":false,"footnotes":""},"class_list":["post-3970","page","type-page","status-publish","hentry"],"acf":[],"yoast_head":"<!-- This site is optimized with the Yoast SEO plugin v27.2 - https:\/\/yoast.com\/product\/yoast-seo-wordpress\/ -->\n<title>Ekskluz\u012bvs informat\u012bvais bi\u013cetens no j\u016bsu VAN GRAAF R\u012bg\u0101<\/title>\n<meta name=\"description\" content=\"Vai v\u0113laties b\u016bt inform\u0113ti par stila aktualit\u0101t\u0113m? Tad re\u0123istr\u0113jieties VAN GRAAF informat\u012bv\u0101 bi\u013cetena sa\u0146em\u0161anai!\" \/>\n<meta name=\"robots\" content=\"index, follow, max-snippet:-1, max-image-preview:large, max-video-preview:-1\" \/>\n<link rel=\"canonical\" href=\"https:\/\/www.vangraaf.com\/lv\/informativais-biletens\/\" \/>\n<meta property=\"og:locale\" content=\"lv_LV\" \/>\n<meta property=\"og:type\" content=\"article\" \/>\n<meta property=\"og:title\" content=\"Ekskluz\u012bvs informat\u012bvais bi\u013cetens no j\u016bsu VAN GRAAF R\u012bg\u0101\" \/>\n<meta property=\"og:description\" content=\"Vai v\u0113laties b\u016bt inform\u0113ti par stila aktualit\u0101t\u0113m? Tad re\u0123istr\u0113jieties VAN GRAAF informat\u012bv\u0101 bi\u013cetena sa\u0146em\u0161anai!\" \/>\n<meta property=\"og:url\" content=\"https:\/\/www.vangraaf.com\/lv\/informativais-biletens\/\" \/>\n<meta property=\"og:site_name\" content=\"VAN GRAAF Latvija\" \/>\n<meta property=\"article:modified_time\" content=\"2021-04-21T06:41:54+00:00\" \/>\n<meta name=\"twitter:card\" content=\"summary_large_image\" \/>\n<meta name=\"twitter:label1\" content=\"Est. reading time\" \/>\n\t<meta name=\"twitter:data1\" content=\"1 min\u016bte\" \/>\n<script type=\"application\/ld+json\" class=\"yoast-schema-graph\">{\"@context\":\"https:\/\/schema.org\",\"@graph\":[{\"@type\":\"WebPage\",\"@id\":\"https:\/\/www.vangraaf.com\/lv\/informativais-biletens\/\",\"url\":\"https:\/\/www.vangraaf.com\/lv\/informativais-biletens\/\",\"name\":\"Ekskluz\u012bvs informat\u012bvais bi\u013cetens no j\u016bsu VAN GRAAF R\u012bg\u0101\",\"isPartOf\":{\"@id\":\"https:\/\/www.vangraaf.com\/lv\/#website\"},\"datePublished\":\"2020-04-01T09:10:51+00:00\",\"dateModified\":\"2021-04-21T06:41:54+00:00\",\"description\":\"Vai v\u0113laties b\u016bt inform\u0113ti par stila aktualit\u0101t\u0113m? Tad re\u0123istr\u0113jieties VAN GRAAF informat\u012bv\u0101 bi\u013cetena sa\u0146em\u0161anai!\",\"breadcrumb\":{\"@id\":\"https:\/\/www.vangraaf.com\/lv\/informativais-biletens\/#breadcrumb\"},\"inLanguage\":\"lv-LV\",\"potentialAction\":[{\"@type\":\"ReadAction\",\"target\":[\"https:\/\/www.vangraaf.com\/lv\/informativais-biletens\/\"]}]},{\"@type\":\"BreadcrumbList\",\"@id\":\"https:\/\/www.vangraaf.com\/lv\/informativais-biletens\/#breadcrumb\",\"itemListElement\":[{\"@type\":\"ListItem\",\"position\":1,\"name\":\"Home\",\"item\":\"https:\/\/www.vangraaf.com\/lv\/\"},{\"@type\":\"ListItem\",\"position\":2,\"name\":\"Newsletter\"}]},{\"@type\":\"WebSite\",\"@id\":\"https:\/\/www.vangraaf.com\/lv\/#website\",\"url\":\"https:\/\/www.vangraaf.com\/lv\/\",\"name\":\"VAN GRAAF\",\"description\":\"VAN GRAAF\",\"potentialAction\":[{\"@type\":\"SearchAction\",\"target\":{\"@type\":\"EntryPoint\",\"urlTemplate\":\"https:\/\/www.vangraaf.com\/lv\/?s={search_term_string}\"},\"query-input\":{\"@type\":\"PropertyValueSpecification\",\"valueRequired\":true,\"valueName\":\"search_term_string\"}}],\"inLanguage\":\"lv-LV\"}]}<\/script>\n<!-- \/ Yoast SEO plugin. -->","yoast_head_json":{"title":"Ekskluz\u012bvs informat\u012bvais bi\u013cetens no j\u016bsu VAN GRAAF R\u012bg\u0101","description":"Vai v\u0113laties b\u016bt inform\u0113ti par stila aktualit\u0101t\u0113m? Tad re\u0123istr\u0113jieties VAN GRAAF informat\u012bv\u0101 bi\u013cetena sa\u0146em\u0161anai!","robots":{"index":"index","follow":"follow","max-snippet":"max-snippet:-1","max-image-preview":"max-image-preview:large","max-video-preview":"max-video-preview:-1"},"canonical":"https:\/\/www.vangraaf.com\/lv\/informativais-biletens\/","og_locale":"lv_LV","og_type":"article","og_title":"Ekskluz\u012bvs informat\u012bvais bi\u013cetens no j\u016bsu VAN GRAAF R\u012bg\u0101","og_description":"Vai v\u0113laties b\u016bt inform\u0113ti par stila aktualit\u0101t\u0113m? Tad re\u0123istr\u0113jieties VAN GRAAF informat\u012bv\u0101 bi\u013cetena sa\u0146em\u0161anai!","og_url":"https:\/\/www.vangraaf.com\/lv\/informativais-biletens\/","og_site_name":"VAN GRAAF Latvija","article_modified_time":"2021-04-21T06:41:54+00:00","twitter_card":"summary_large_image","twitter_misc":{"Est. reading time":"1 min\u016bte"},"schema":{"@context":"https:\/\/schema.org","@graph":[{"@type":"WebPage","@id":"https:\/\/www.vangraaf.com\/lv\/informativais-biletens\/","url":"https:\/\/www.vangraaf.com\/lv\/informativais-biletens\/","name":"Ekskluz\u012bvs informat\u012bvais bi\u013cetens no j\u016bsu VAN GRAAF R\u012bg\u0101","isPartOf":{"@id":"https:\/\/www.vangraaf.com\/lv\/#website"},"datePublished":"2020-04-01T09:10:51+00:00","dateModified":"2021-04-21T06:41:54+00:00","description":"Vai v\u0113laties b\u016bt inform\u0113ti par stila aktualit\u0101t\u0113m? Tad re\u0123istr\u0113jieties VAN GRAAF informat\u012bv\u0101 bi\u013cetena sa\u0146em\u0161anai!","breadcrumb":{"@id":"https:\/\/www.vangraaf.com\/lv\/informativais-biletens\/#breadcrumb"},"inLanguage":"lv-LV","potentialAction":[{"@type":"ReadAction","target":["https:\/\/www.vangraaf.com\/lv\/informativais-biletens\/"]}]},{"@type":"BreadcrumbList","@id":"https:\/\/www.vangraaf.com\/lv\/informativais-biletens\/#breadcrumb","itemListElement":[{"@type":"ListItem","position":1,"name":"Home","item":"https:\/\/www.vangraaf.com\/lv\/"},{"@type":"ListItem","position":2,"name":"Newsletter"}]},{"@type":"WebSite","@id":"https:\/\/www.vangraaf.com\/lv\/#website","url":"https:\/\/www.vangraaf.com\/lv\/","name":"VAN GRAAF","description":"VAN GRAAF","potentialAction":[{"@type":"SearchAction","target":{"@type":"EntryPoint","urlTemplate":"https:\/\/www.vangraaf.com\/lv\/?s={search_term_string}"},"query-input":{"@type":"PropertyValueSpecification","valueRequired":true,"valueName":"search_term_string"}}],"inLanguage":"lv-LV"}]}},"_links":{"self":[{"href":"https:\/\/www.vangraaf.com\/lv\/wp-json\/wp\/v2\/pages\/3970","targetHints":{"allow":["GET"]}}],"collection":[{"href":"https:\/\/www.vangraaf.com\/lv\/wp-json\/wp\/v2\/pages"}],"about":[{"href":"https:\/\/www.vangraaf.com\/lv\/wp-json\/wp\/v2\/types\/page"}],"author":[{"embeddable":true,"href":"https:\/\/www.vangraaf.com\/lv\/wp-json\/wp\/v2\/users\/3"}],"replies":[{"embeddable":true,"href":"https:\/\/www.vangraaf.com\/lv\/wp-json\/wp\/v2\/comments?post=3970"}],"version-history":[{"count":17,"href":"https:\/\/www.vangraaf.com\/lv\/wp-json\/wp\/v2\/pages\/3970\/revisions"}],"predecessor-version":[{"id":5280,"href":"https:\/\/www.vangraaf.com\/lv\/wp-json\/wp\/v2\/pages\/3970\/revisions\/5280"}],"wp:attachment":[{"href":"https:\/\/www.vangraaf.com\/lv\/wp-json\/wp\/v2\/media?parent=3970"}],"curies":[{"name":"wp","href":"https:\/\/api.w.org\/{rel}","templated":true}]}}