{"id":3962,"date":"2020-02-10T14:19:59","date_gmt":"2020-02-10T13:19:59","guid":{"rendered":"http:\/\/van-graaf.test\/ch\/?page_id=2181"},"modified":"2026-02-25T18:47:52","modified_gmt":"2026-02-25T17:47:52","slug":"riga","status":"publish","type":"page","link":"https:\/\/www.vangraaf.com\/lv\/par-mums\/riga\/","title":{"rendered":"R\u012bg\u0101"},"content":{"rendered":"<div class=\"wpb-content-wrapper\">[vc_row bwd_show_when_type=&#8221;after&#8221; bwd_show_when_date=&#8221;11\/15\/2021 00:00&#8243; bwd_tbc4vd_show_weekday=&#8221;&#8221; full_width=&#8221;stretch_row_content_no_spaces&#8221;][vc_column]<div class=\"visual-slider js-visual-slider\" data-aos=\"fade-up\"><div class=\"visual-slider__item\" ><div ><div class=\"visual-slider__item__visual\"><img loading=\"lazy\" decoding=\"async\" width=\"1440\" height=\"480\" src=\"https:\/\/www.vangraaf.com\/lv\/wp-content\/uploads\/sites\/5\/2026\/02\/TTC_Website_Banner_1440x480_LV.jpg\" class=\"attachment-van-graaf-visual size-van-graaf-visual\" alt=\"Jauns v\u012brietis balt\u0101 uzvalk\u0101 un sieviete pu\u0137ain\u0101 kleit\u0101 smaida un poz\u0113 kop\u0101 uz gai\u0161a fona ar uzrakstu &quot;Laiks svin\u0113t&quot;.\" srcset=\"https:\/\/www.vangraaf.com\/lv\/wp-content\/uploads\/sites\/5\/2026\/02\/TTC_Website_Banner_1440x480_LV.jpg 1440w, https:\/\/www.vangraaf.com\/lv\/wp-content\/uploads\/sites\/5\/2026\/02\/TTC_Website_Banner_1440x480_LV-300x100.jpg 300w, https:\/\/www.vangraaf.com\/lv\/wp-content\/uploads\/sites\/5\/2026\/02\/TTC_Website_Banner_1440x480_LV-1024x341.jpg 1024w, https:\/\/www.vangraaf.com\/lv\/wp-content\/uploads\/sites\/5\/2026\/02\/TTC_Website_Banner_1440x480_LV-768x256.jpg 768w, https:\/\/www.vangraaf.com\/lv\/wp-content\/uploads\/sites\/5\/2026\/02\/TTC_Website_Banner_1440x480_LV-1200x400.jpg 1200w, https:\/\/www.vangraaf.com\/lv\/wp-content\/uploads\/sites\/5\/2026\/02\/TTC_Website_Banner_1440x480_LV-992x331.jpg 992w, https:\/\/www.vangraaf.com\/lv\/wp-content\/uploads\/sites\/5\/2026\/02\/TTC_Website_Banner_1440x480_LV-480x160.jpg 480w, https:\/\/www.vangraaf.com\/lv\/wp-content\/uploads\/sites\/5\/2026\/02\/TTC_Website_Banner_1440x480_LV-690x230.jpg 690w\" sizes=\"(max-width: 1440px) 100vw, 1440px\" \/><\/div><\/div><\/div><div class=\"visual-slider__item\" ><div ><div class=\"visual-slider__item__visual\"><img loading=\"lazy\" decoding=\"async\" width=\"1440\" height=\"480\" src=\"https:\/\/www.vangraaf.com\/lv\/wp-content\/uploads\/sites\/5\/2020\/04\/Haus_LV_Riga_2.jpg\" class=\"attachment-van-graaf-visual size-van-graaf-visual\" alt=\"\" srcset=\"https:\/\/www.vangraaf.com\/lv\/wp-content\/uploads\/sites\/5\/2020\/04\/Haus_LV_Riga_2.jpg 1440w, https:\/\/www.vangraaf.com\/lv\/wp-content\/uploads\/sites\/5\/2020\/04\/Haus_LV_Riga_2-300x100.jpg 300w, https:\/\/www.vangraaf.com\/lv\/wp-content\/uploads\/sites\/5\/2020\/04\/Haus_LV_Riga_2-1024x341.jpg 1024w, https:\/\/www.vangraaf.com\/lv\/wp-content\/uploads\/sites\/5\/2020\/04\/Haus_LV_Riga_2-768x256.jpg 768w, https:\/\/www.vangraaf.com\/lv\/wp-content\/uploads\/sites\/5\/2020\/04\/Haus_LV_Riga_2-1200x400.jpg 1200w, https:\/\/www.vangraaf.com\/lv\/wp-content\/uploads\/sites\/5\/2020\/04\/Haus_LV_Riga_2-992x331.jpg 992w, https:\/\/www.vangraaf.com\/lv\/wp-content\/uploads\/sites\/5\/2020\/04\/Haus_LV_Riga_2-480x160.jpg 480w\" sizes=\"(max-width: 1440px) 100vw, 1440px\" \/><\/div><\/div><\/div><\/div>[\/vc_column][\/vc_row][vc_row full_width=&#8221;stretch_row_content_no_spaces&#8221;][vc_column]\n        <div class=\"headlines headlines--center\" data-aos=\"fade-up\">\n            <div class=\"vc_row\">\n                <div class=\"vc_col-md-10 vc_col-md-offset-1 vc_col-lg-10 vc_col-lg-offset-1\"><h1 class=\"h2\">VAN GRAAF R\u012bg\u0101 \u2013 m\u016bsu modes pre\u010du veikals \u201cAkropol\u0113 R\u012bga\u201d<\/h1><\/div>\n            <\/div>\n        <\/div>\n            <div class=\"vg-element topic-slider topic-slider--left topic-slider--dark\" style=\"--season-color-1: #ededed; --season-color-2: #002045\" data-aos=\"fade-up\">\n                <div class=\"topic-slider__inner\">\n                    <div class=\"content_wrap\">\n                        <div class=\"vc_row\">\n                            <div class=\"vc_col-md-12 vc_col-lg-10 vc_col-lg-offset-1\">\n                                <div class=\"vc_row\">\n                                    <div class=\"vc_col-sm-6\"><div class=\"topic-slider__image-wrap\"><div class=\"topic-slider__slider-wrap\"><div class=\"js-topic-slider\"><div class=\"topic-slider__slider__item\"><img loading=\"lazy\" decoding=\"async\" width=\"427\" height=\"639\" src=\"https:\/\/www.vangraaf.com\/lv\/wp-content\/uploads\/sites\/5\/2020\/04\/Haus_LV_Riga.jpg\" class=\"vc_single_image-img attachment-full\" alt=\"\" title=\"Haus_LV_Riga\" srcset=\"https:\/\/www.vangraaf.com\/lv\/wp-content\/uploads\/sites\/5\/2020\/04\/Haus_LV_Riga.jpg 427w, https:\/\/www.vangraaf.com\/lv\/wp-content\/uploads\/sites\/5\/2020\/04\/Haus_LV_Riga-200x300.jpg 200w\" sizes=\"(max-width: 427px) 100vw, 427px\" \/><\/div><\/div><\/div><\/div><\/div><div class=\"vc_col-sm-6 vc_col-md-5 vc_col-md-offset-1\"><div class=\"topic-slider__content\"><span class=\"h4\">Aktu\u0101l\u0101s modes tendences un pla\u0161a z\u012bmolu izv\u0113le veikal\u0101 VAN GRAAF R\u012bg\u0101.<\/span><p>Modes precu veikal\u0101 pieejamas klasisk\u0101 stila dr\u0113bes lieti\u0161\u0137iem gad\u012bjumiem, stil\u012bgi br\u012bv\u0101 laika ap\u0123\u0113rbi, kr\u0101\u0161\u0146i vakara t\u0113rpi, k\u0101 ar\u012b aktu\u0101l\u0101s modes preces. VAN GRAAFJ\u016bs sagaida pla\u0161a sievie\u0161u un v\u012brie\u0161u modes izv\u0113le katrai gaumei. Apmekl\u0113jiet m\u016bs modern\u0101kaj\u0101 iepirk\u0161an\u0101s centr\u0101 Baltij\u0101 \u201cAkropole R\u012bga\u201d pirmaj\u0101 st\u0101v\u0101 un izv\u0113laties starp vair\u0101k nek\u0101 200 starptautiskiem modes <a href=\"https:\/\/www.vangraaf.com\/lv\/zimoli\/\">z\u012bmoliem<\/a>\u00a0zemu l\u012bdz vid\u0113ju cenu kategorij\u0101. M\u016bsu kvalific\u0113tais person\u0101ls ar prieku pal\u012bdz\u0113s jums atrast savam stilam piem\u0113rotu ap\u0123\u0113rbu.<\/p>\n<\/div><\/div>\n                                <\/div>\n                            <\/div>\n                        <\/div>\n                    <\/div>\n                <\/div>\n            <\/div>[\/vc_column][\/vc_row][vc_row][vc_column][vc_column_text]Lai padar\u012btu j\u016bsu iepirk\u0161anos iesp\u0113jami \u0113rt\u0101ku, VAN\u00a0GRAAF veikal\u0101 R\u012bg\u0101 m\u0113s pied\u0101v\u0101jam vair\u0101kus noder\u012bgus <a href=\"https:\/\/www.vangraaf.com\/lv\/par-mums\/riga\/pakalpojums\/\">pakalpojumus<\/a> k\u0101, piem\u0113ram, d\u0101vanu sai\u0146o\u0161anu. Gad\u0101s, ka aiz\u0146emt\u0101 ikdienas ritma d\u0113\u013c mums da\u017ereiz nepietiek laika noform\u0113t pirkumu pa\u0161iem, ta\u010du izmantojot VAN GRAAF sai\u0146o\u0161anas pakalpojumu, j\u016bs var\u0113siet doties uz svin\u012bb\u0101m un pat\u012bkami p\u0101rsteigt j\u016bsu \u0123imenes locek\u013cus vai draugus uzreiz p\u0113c iepirk\u0161an\u0101s. Bez tam m\u0113s pied\u0101v\u0101jam tax-free iepirk\u0161anos, sniedzot jums v\u0113l vair\u0101k ietaup\u012bjumu un izdev\u012bgu dar\u012bjumu. Par papildus iedvesmas avotu m\u016bsu klientiem kalpo informat\u012bvais bi\u013cetens, kas inform\u0113 las\u012bt\u0101jus par jaun\u0101k\u0101s modes tendenc\u0113m. Turkl\u0101t j\u016bs atrad\u012bsiet bi\u013ceten\u0101 jaunumus par dekorat\u012bvo kosm\u0113tiku un ieteikumus skaistumkop\u0161anas jom\u0101.\r\n\r\nKad dizainieru kolekcijas ir apskat\u012btas un piem\u0113rot\u0101kais ap\u0123\u0113rbs ir izv\u0113l\u0113ts, pirkumu ir iep\u0113jams apmaks\u0101t gan skaidr\u0101 naud\u0101, gan ar\u012b ar popul\u0101r\u0101kaj\u0101m maks\u0101juma kart\u0113m. Bez tam j\u016bs varat nor\u0113\u0137in\u0101ties ar tirdzniec\u012bbas centra \u201cAkropole R\u012bga\u201d d\u0101vanu karti. Ja pielaikojot modi m\u0101j\u0101s redzat, ka jaun\u0101s dr\u0113bes neder vai ar\u012b nepat\u012bk, m\u0113s pied\u0101v\u0101jam iesp\u0113ju vienk\u0101r\u0161i apmain\u012bt un atgriezt jau ieg\u0101d\u0101t\u0101s preces.[\/vc_column_text][\/vc_column][\/vc_row][vc_row][vc_column]<div class=\"contact-teaser\" data-aos=\"fade-up\"><div class=\"vc_row\"><div class=\"vc_col-md-10 vc_col-md-offset-1\"><div class=\"vc_row vc_row-flex\"><div class=\"vc_col-xs-12 vc_col-sm-4 contact-teaser__item\"><div class=\"contact-teaser__item__icon contact-teaser__item__icon--address\"><\/div><h3>Adrese<\/h3><p>VAN GRAAF<br\/>Latgales iela 257<br\/>LV-1019 R\u00eega<\/p><\/div><div class=\"vc_col-xs-12 vc_col-sm-4 contact-teaser__item\"><div class=\"contact-teaser__item__icon contact-teaser__item__icon--shop-hours\"><\/div><h3>Darba laiks<\/h3><p><strong>No pirmdienas l\u012bdz sv\u0113tdienai<\/strong><br> 10:00 - 21:00<\/p><\/div><div class=\"vc_col-xs-12 vc_col-sm-4 contact-teaser__item\"><div class=\"contact-teaser__item__icon contact-teaser__item__icon--contact\"><\/div><h3>Kontaktinform\u0101cija<\/h3><p><strong>T\u0101lrunis<\/strong><br><a href=\"tel:+37166257101\">+371 662571 01<\/a><br><a href=\"https:\/\/www.vangraaf.com\/lv\/kontaktpersona\/\">Uz sazi\u0146as veidlapu<\/a><\/p><\/div><\/div><\/div><\/div><\/div><script type=\"application\/ld+json\">\n            {\n                \"@context\": \"https:\/\/schema.org\",\n                \"@type\": \"LocalBusiness\",\n                \"name\": \"VAN GRAAF\",\n                \"address\": {\n                    \"@type\": \"PostalAddress\",\n                    \"streetAddress\": \"Latgales iela 257\",\n                    \"postalCode\": \"LV-1019\",\n                    \"addressLocality\": \"R\u00eega\",\n                    \"addressCountry\": \"lv\"\n                },\n                \"openingHours\": [\n                    \"No pirmdienas l\u012bdz sv\u0113tdienai 10:00 - 21:00\"\n                ],\n                \"telephone\": \"+371 662571 01\",\n                \"email\": \"service.riga@vangraaf.com\",\n                \"url\": \"https:\/\/www.vangraaf.com\/lv\",\n                \"logo\": \"https:\/\/www.vangraaf.com\/lv\/wp-content\/themes\/van-graaf\/img\/logo_vg.png\",\n                \"image\": \"https:\/\/www.vangraaf.com\/lv\/wp-content\/themes\/van-graaf\/img\/logo_vg.png\"\n            }\n        <\/script>[\/vc_column][\/vc_row][vc_row bwd_tbc4vd_show_weekday=&#8221;&#8221; disable_element=&#8221;yes&#8221;][vc_column]\n        <div class=\"headlines headlines--center\" data-aos=\"fade-up\">\n            <div class=\"vc_row\">\n                <div class=\"vc_col-md-10 vc_col-md-offset-1 vc_col-lg-10 vc_col-lg-offset-1\"><h2 class=\"h2\">Personal Shopping bei VAN GRAAF im Shoppi Tivoli Spreitenbach<\/h2><\/div>\n            <\/div>\n        <\/div>[vc_column_text]Sie suchen ein neues Outfit, wissen aber nicht so recht, was Ihnen steht? Oder Sie m\u00f6chten sich und Ihrer Freundin ein sch\u00f6nes Shopping-Erlebnis mit individueller Beratung g\u00f6nnen? <strong>Wir nehmen uns Zeit f\u00fcr Sie!<\/strong> In unserem Gesch\u00e4ft in Spreitenbach haben Sie die M\u00f6glichkeit, einen <a href=\"https:\/\/www.vangraaf.com\/ch\/haus\/spreitenbach\/personal-shopping\/\">pers\u00f6nlichen Beratungstermin<\/a> mit einem unserer VAN-GRAAF-Modeexperten zu vereinbaren. Kommen Sie gern auch mit der ganzen Familie: Unsere Mode-Profis zeigen Ihnen ohne Stress und Zeitdruck, welche Styles Ihnen stehen, beraten Sie pers\u00f6nlich zu aktuellen Trends und helfen Ihnen auch gern bei der Auswahl passender Accessoires.[\/vc_column_text][\/vc_column][\/vc_row][vc_row bwd_tbc4vd_show_weekday=&#8221;&#8221; el_class=&#8221;vg-padding&#8221; el_id=&#8221;News&#8221;][vc_column]\n        <div class=\"headlines headlines--center\" data-aos=\"fade-up\">\n            <div class=\"vc_row\">\n                <div class=\"vc_col-md-10 vc_col-md-offset-1 vc_col-lg-10 vc_col-lg-offset-1\"><span class=\"h6\">Jaunumi un notikumi<\/span><h2 class=\"h2\">Ekskluz\u012bvi pied\u0101v\u0101jumi Tev<\/h2><\/div>\n            <\/div>\n        <\/div>[vc_row_inner bwd_show_when_date=&#8221;02\/07\/2022 00:00&#8243; bwd_tbc4vd_show_weekday=&#8221;&#8221;][vc_column_inner][\/vc_column_inner][\/vc_row_inner][vc_row_inner bwd_show_when_date=&#8221;02\/07\/2022 00:00&#8243; bwd_tbc4vd_show_weekday=&#8221;&#8221;][vc_column_inner][\/vc_column_inner][\/vc_row_inner][vc_row_inner bwd_show_when_date=&#8221;02\/07\/2022 00:00&#8243; bwd_tbc4vd_show_weekday=&#8221;&#8221;][vc_column_inner][\/vc_column_inner][\/vc_row_inner][vc_row_inner bwd_show_when_date=&#8221;02\/07\/2022 00:00&#8243; bwd_tbc4vd_show_weekday=&#8221;&#8221;][vc_column_inner][\/vc_column_inner][\/vc_row_inner][vc_row_inner bwd_tbc4vd_show_weekday=&#8221;&#8221; el_id=&#8221;Wieder\u00f6ffnung Corona&#8221;][vc_column_inner][\/vc_column_inner][\/vc_row_inner][vc_row_inner bwd_tbc4vd_show_weekday=&#8221;&#8221; el_id=&#8221;Lockdown&#8221;][vc_column_inner][\/vc_column_inner][\/vc_row_inner][\/vc_column][\/vc_row][vc_row][vc_column]\n        <div class=\"headlines headlines--center\" data-aos=\"fade-up\">\n            <div class=\"vc_row\">\n                <div class=\"vc_col-md-10 vc_col-md-offset-1 vc_col-lg-10 vc_col-lg-offset-1\"><h2 class=\"h2\">K\u0101 atrast z\u012bmolu modes veikalu VAN GRAAF R\u012bg\u0101<\/h2><\/div>\n            <\/div>\n        <\/div>[vc_column_text]VAN GRAAF veikals atrodas iepirk\u0161an\u0101s un izklaides centrs \u201cAkropole R\u012bga\u201d, kas pirmaj\u0101 st\u0101v\u0101 ir laipni l\u016bgti VAN GRAAF veikala klienti, atrodas tikai 10 min\u016b\u0161u braucien\u0101 no R\u012bgas centra \u2013 Maskavas iel\u0101 257, \u0136engaraga apkaim\u0113 blakus Dienvidu tiltam. Centra apmekl\u0113t\u0101jiem ir pieejama pla\u0161a autost\u0101vvieta. Tikpat \u0113rti \u201cAkropole R\u012bga\u201d ir sasniedzama ar sabiedrisk\u0101 transporta l\u012bdzek\u013ciem: autobusu, trolejbusu un tramvaju. Katru dienu no plkst. 10:00 l\u012bdz 22:00 modes entuziastiem \u0161eit ir iesp\u0113ja izbaud\u012bt aizraujo\u0161u z\u012bmolu izv\u0113li un atkl\u0101t aizvien jaunus modes trendus.\r\n\r\nVai jums ir radu\u0161ies jaut\u0101jumi, ierosin\u0101jumi vai kritika? Piezvaniet mums, sazinieties izmantojot <a href=\"https:\/\/www.vangraaf.com\/lv\/kontaktpersona\/\">kontaktinform\u0101cijas veidlapu<\/a> vai ar\u012b apmekl\u0113jiet m\u016bs soci\u0101lajos t\u012bklos. M\u016bsu darbinieki atbild\u0113s jums p\u0113c iesp\u0113jas \u0101tr\u0101k, \u0146emot v\u0113r\u0101 m\u016bsu darba laiku. M\u0113s priec\u0101jamies par j\u016bsu interesi un gaid\u0101m j\u016bs Maskavas iel\u0101 257![\/vc_column_text]<div data-leaflet-options=\"{&quot;marker&quot;:{&quot;3717&quot;:{&quot;title&quot;:&quot;R\\u012bga&quot;,&quot;lat&quot;:&quot;56.9244304&quot;,&quot;long&quot;:&quot;24.1721953&quot;,&quot;category&quot;:&quot;vg&quot;,&quot;tooltip&quot;:&quot;&lt;strong&gt;R\\u012bga&lt;\\\/strong&gt;&lt;p&gt;Maskavas iela 257&lt;br \\\/&gt;\\r\\nLV-1019 R\\u00eega&lt;\\\/p&gt;&quot;}},&quot;zoom&quot;:&quot;11&quot;}\" data-uc-options=\"{&quot;serviceName&quot;:&quot;OpenStreetMap&quot;,&quot;serviceID&quot;:&quot;j7Igy6o8D&quot;,&quot;description&quot;:&quot;Kartes satura iegul\\u0161anai m\\u0113s izmantojam tre\\u0161\\u0101s personas pakalpojumu. \\u0160is pakalpojums var apkopot datus par j\\u016bsu aktivit\\u0101t\\u0113m. Lai apskat\\u012btu \\u0161o karti, l\\u016bdzu, izlasiet inform\\u0101ciju un piekr\\u012btiet pakalpojuma izmanto\\u0161anai.&quot;}\"><div id=\"leaflet\"><\/div><\/div>[\/vc_column][\/vc_row]<\/div>","protected":false},"excerpt":{"rendered":"[vc_row bwd_show_when_type=&#8221;after&#8221; bwd_show_when_date=&#8221;11\/15\/2021 00:00&#8243; bwd_tbc4vd_show_weekday=&#8221;&#8221; full_width=&#8221;stretch_row_content_no_spaces&#8221;][vc_column][\/vc_column][\/vc_row][vc_row full_width=&#8221;stretch_row_content_no_spaces&#8221;][vc_column][\/vc_column][\/vc_row][vc_row][vc_column][vc_column_text]Lai padar\u012btu j\u016bsu iepirk\u0161anos iesp\u0113jami \u0113rt\u0101ku, VAN\u00a0GRAAF veikal\u0101 R\u012bg\u0101 m\u0113s pied\u0101v\u0101jam vair\u0101kus noder\u012bgus pakalpojumus k\u0101, piem\u0113ram, d\u0101vanu sai\u0146o\u0161anu. Gad\u0101s, ka aiz\u0146emt\u0101 ikdienas ritma d\u0113\u013c mums da\u017ereiz nepietiek laika noform\u0113t pirkumu pa\u0161iem, ta\u010du izmantojot VAN GRAAF sai\u0146o\u0161anas pakalpojumu, j\u016bs var\u0113siet doties uz svin\u012bb\u0101m un pat\u012bkami p\u0101rsteigt j\u016bsu \u0123imenes locek\u013cus vai [&hellip;]","protected":false},"author":5,"featured_media":0,"parent":3933,"menu_order":0,"comment_status":"closed","ping_status":"closed","template":"","meta":{"_acf_changed":false,"inline_featured_image":false,"footnotes":""},"class_list":["post-3962","page","type-page","status-publish","hentry"],"acf":[],"yoast_head":"<!-- This site is optimized with the Yoast SEO plugin v27.2 - https:\/\/yoast.com\/product\/yoast-seo-wordpress\/ -->\n<title>VAN GRAAF R\u012bg\u0101: apmekl\u0113jiet m\u016bs \u201cAkropol\u0113 R\u012bga\u201d<\/title>\n<meta name=\"description\" content=\"Starptautiski modes z\u012bmoli pla\u0161\u0101 sortiment\u0101, gandr\u012bz 2500 m2 plat\u012bb\u0101. \u0160eit modes entuziasti ikreiz atrad\u012bs katram notikumam piem\u0113rot\u0101ko ap\u0123\u0113rbu!\" \/>\n<meta name=\"robots\" content=\"index, follow, max-snippet:-1, max-image-preview:large, max-video-preview:-1\" \/>\n<link rel=\"canonical\" href=\"https:\/\/www.vangraaf.com\/lv\/par-mums\/riga\/\" \/>\n<meta property=\"og:locale\" content=\"lv_LV\" \/>\n<meta property=\"og:type\" content=\"article\" \/>\n<meta property=\"og:title\" content=\"VAN GRAAF R\u012bg\u0101: apmekl\u0113jiet m\u016bs \u201cAkropol\u0113 R\u012bga\u201d\" \/>\n<meta property=\"og:description\" content=\"Starptautiski modes z\u012bmoli pla\u0161\u0101 sortiment\u0101, gandr\u012bz 2500 m2 plat\u012bb\u0101. \u0160eit modes entuziasti ikreiz atrad\u012bs katram notikumam piem\u0113rot\u0101ko ap\u0123\u0113rbu!\" \/>\n<meta property=\"og:url\" content=\"https:\/\/www.vangraaf.com\/lv\/par-mums\/riga\/\" \/>\n<meta property=\"og:site_name\" content=\"VAN GRAAF Latvija\" \/>\n<meta property=\"article:modified_time\" content=\"2026-02-25T17:47:52+00:00\" \/>\n<meta name=\"twitter:card\" content=\"summary_large_image\" \/>\n<meta name=\"twitter:label1\" content=\"Est. reading time\" \/>\n\t<meta name=\"twitter:data1\" content=\"6 min\u016btes\" \/>\n<script type=\"application\/ld+json\" class=\"yoast-schema-graph\">{\"@context\":\"https:\/\/schema.org\",\"@graph\":[{\"@type\":\"WebPage\",\"@id\":\"https:\/\/www.vangraaf.com\/lv\/par-mums\/riga\/\",\"url\":\"https:\/\/www.vangraaf.com\/lv\/par-mums\/riga\/\",\"name\":\"VAN GRAAF R\u012bg\u0101: apmekl\u0113jiet m\u016bs \u201cAkropol\u0113 R\u012bga\u201d\",\"isPartOf\":{\"@id\":\"https:\/\/www.vangraaf.com\/lv\/#website\"},\"datePublished\":\"2020-02-10T13:19:59+00:00\",\"dateModified\":\"2026-02-25T17:47:52+00:00\",\"description\":\"Starptautiski modes z\u012bmoli pla\u0161\u0101 sortiment\u0101, gandr\u012bz 2500 m2 plat\u012bb\u0101. \u0160eit modes entuziasti ikreiz atrad\u012bs katram notikumam piem\u0113rot\u0101ko ap\u0123\u0113rbu!\",\"breadcrumb\":{\"@id\":\"https:\/\/www.vangraaf.com\/lv\/par-mums\/riga\/#breadcrumb\"},\"inLanguage\":\"lv-LV\",\"potentialAction\":[{\"@type\":\"ReadAction\",\"target\":[\"https:\/\/www.vangraaf.com\/lv\/par-mums\/riga\/\"]}]},{\"@type\":\"BreadcrumbList\",\"@id\":\"https:\/\/www.vangraaf.com\/lv\/par-mums\/riga\/#breadcrumb\",\"itemListElement\":[{\"@type\":\"ListItem\",\"position\":1,\"name\":\"Home\",\"item\":\"https:\/\/www.vangraaf.com\/lv\/\"},{\"@type\":\"ListItem\",\"position\":2,\"name\":\"Haus\",\"item\":\"https:\/\/www.vangraaf.com\/lv\/par-mums\/\"},{\"@type\":\"ListItem\",\"position\":3,\"name\":\"R\u012bg\u0101\"}]},{\"@type\":\"WebSite\",\"@id\":\"https:\/\/www.vangraaf.com\/lv\/#website\",\"url\":\"https:\/\/www.vangraaf.com\/lv\/\",\"name\":\"VAN GRAAF\",\"description\":\"VAN GRAAF\",\"potentialAction\":[{\"@type\":\"SearchAction\",\"target\":{\"@type\":\"EntryPoint\",\"urlTemplate\":\"https:\/\/www.vangraaf.com\/lv\/?s={search_term_string}\"},\"query-input\":{\"@type\":\"PropertyValueSpecification\",\"valueRequired\":true,\"valueName\":\"search_term_string\"}}],\"inLanguage\":\"lv-LV\"}]}<\/script>\n<!-- \/ Yoast SEO plugin. -->","yoast_head_json":{"title":"VAN GRAAF R\u012bg\u0101: apmekl\u0113jiet m\u016bs \u201cAkropol\u0113 R\u012bga\u201d","description":"Starptautiski modes z\u012bmoli pla\u0161\u0101 sortiment\u0101, gandr\u012bz 2500 m2 plat\u012bb\u0101. \u0160eit modes entuziasti ikreiz atrad\u012bs katram notikumam piem\u0113rot\u0101ko ap\u0123\u0113rbu!","robots":{"index":"index","follow":"follow","max-snippet":"max-snippet:-1","max-image-preview":"max-image-preview:large","max-video-preview":"max-video-preview:-1"},"canonical":"https:\/\/www.vangraaf.com\/lv\/par-mums\/riga\/","og_locale":"lv_LV","og_type":"article","og_title":"VAN GRAAF R\u012bg\u0101: apmekl\u0113jiet m\u016bs \u201cAkropol\u0113 R\u012bga\u201d","og_description":"Starptautiski modes z\u012bmoli pla\u0161\u0101 sortiment\u0101, gandr\u012bz 2500 m2 plat\u012bb\u0101. \u0160eit modes entuziasti ikreiz atrad\u012bs katram notikumam piem\u0113rot\u0101ko ap\u0123\u0113rbu!","og_url":"https:\/\/www.vangraaf.com\/lv\/par-mums\/riga\/","og_site_name":"VAN GRAAF Latvija","article_modified_time":"2026-02-25T17:47:52+00:00","twitter_card":"summary_large_image","twitter_misc":{"Est. reading time":"6 min\u016btes"},"schema":{"@context":"https:\/\/schema.org","@graph":[{"@type":"WebPage","@id":"https:\/\/www.vangraaf.com\/lv\/par-mums\/riga\/","url":"https:\/\/www.vangraaf.com\/lv\/par-mums\/riga\/","name":"VAN GRAAF R\u012bg\u0101: apmekl\u0113jiet m\u016bs \u201cAkropol\u0113 R\u012bga\u201d","isPartOf":{"@id":"https:\/\/www.vangraaf.com\/lv\/#website"},"datePublished":"2020-02-10T13:19:59+00:00","dateModified":"2026-02-25T17:47:52+00:00","description":"Starptautiski modes z\u012bmoli pla\u0161\u0101 sortiment\u0101, gandr\u012bz 2500 m2 plat\u012bb\u0101. \u0160eit modes entuziasti ikreiz atrad\u012bs katram notikumam piem\u0113rot\u0101ko ap\u0123\u0113rbu!","breadcrumb":{"@id":"https:\/\/www.vangraaf.com\/lv\/par-mums\/riga\/#breadcrumb"},"inLanguage":"lv-LV","potentialAction":[{"@type":"ReadAction","target":["https:\/\/www.vangraaf.com\/lv\/par-mums\/riga\/"]}]},{"@type":"BreadcrumbList","@id":"https:\/\/www.vangraaf.com\/lv\/par-mums\/riga\/#breadcrumb","itemListElement":[{"@type":"ListItem","position":1,"name":"Home","item":"https:\/\/www.vangraaf.com\/lv\/"},{"@type":"ListItem","position":2,"name":"Haus","item":"https:\/\/www.vangraaf.com\/lv\/par-mums\/"},{"@type":"ListItem","position":3,"name":"R\u012bg\u0101"}]},{"@type":"WebSite","@id":"https:\/\/www.vangraaf.com\/lv\/#website","url":"https:\/\/www.vangraaf.com\/lv\/","name":"VAN GRAAF","description":"VAN GRAAF","potentialAction":[{"@type":"SearchAction","target":{"@type":"EntryPoint","urlTemplate":"https:\/\/www.vangraaf.com\/lv\/?s={search_term_string}"},"query-input":{"@type":"PropertyValueSpecification","valueRequired":true,"valueName":"search_term_string"}}],"inLanguage":"lv-LV"}]}},"_links":{"self":[{"href":"https:\/\/www.vangraaf.com\/lv\/wp-json\/wp\/v2\/pages\/3962","targetHints":{"allow":["GET"]}}],"collection":[{"href":"https:\/\/www.vangraaf.com\/lv\/wp-json\/wp\/v2\/pages"}],"about":[{"href":"https:\/\/www.vangraaf.com\/lv\/wp-json\/wp\/v2\/types\/page"}],"author":[{"embeddable":true,"href":"https:\/\/www.vangraaf.com\/lv\/wp-json\/wp\/v2\/users\/5"}],"replies":[{"embeddable":true,"href":"https:\/\/www.vangraaf.com\/lv\/wp-json\/wp\/v2\/comments?post=3962"}],"version-history":[{"count":148,"href":"https:\/\/www.vangraaf.com\/lv\/wp-json\/wp\/v2\/pages\/3962\/revisions"}],"predecessor-version":[{"id":6866,"href":"https:\/\/www.vangraaf.com\/lv\/wp-json\/wp\/v2\/pages\/3962\/revisions\/6866"}],"up":[{"embeddable":true,"href":"https:\/\/www.vangraaf.com\/lv\/wp-json\/wp\/v2\/pages\/3933"}],"wp:attachment":[{"href":"https:\/\/www.vangraaf.com\/lv\/wp-json\/wp\/v2\/media?parent=3962"}],"curies":[{"name":"wp","href":"https:\/\/api.w.org\/{rel}","templated":true}]}}