{"id":3961,"date":"2020-02-24T10:52:45","date_gmt":"2020-02-24T09:52:45","guid":{"rendered":"http:\/\/van-graaf.test\/ch\/?page_id=2515"},"modified":"2021-03-01T14:34:50","modified_gmt":"2021-03-01T13:34:50","slug":"lietosanas-noteikumi","status":"publish","type":"page","link":"https:\/\/www.vangraaf.com\/lv\/lietosanas-noteikumi\/","title":{"rendered":"Nutzungsbedingungen"},"content":{"rendered":"<div class=\"wpb-content-wrapper\">[vc_row full_width=&#8221;stretch_row_content_no_spaces&#8221;][vc_column]<div class=\"keyvisual\" data-aos=\"fade-up\" ><img loading=\"lazy\" decoding=\"async\" width=\"1440\" height=\"480\" src=\"https:\/\/www.vangraaf.com\/lv\/wp-content\/uploads\/sites\/5\/2020\/02\/Impressum_Banner_WP.jpg\" class=\"vc_single_image-img\" alt=\"P\u0101ris siltos d\u017eemperos un cepur\u0113, apskaujas un smaida, s\u0113\u017eot br\u016bnas kr\u0101sas d\u012bv\u0101n\u0101.\" srcset=\"https:\/\/www.vangraaf.com\/lv\/wp-content\/uploads\/sites\/5\/2020\/02\/Impressum_Banner_WP.jpg 1440w, https:\/\/www.vangraaf.com\/lv\/wp-content\/uploads\/sites\/5\/2020\/02\/Impressum_Banner_WP-300x100.jpg 300w, https:\/\/www.vangraaf.com\/lv\/wp-content\/uploads\/sites\/5\/2020\/02\/Impressum_Banner_WP-1024x341.jpg 1024w, https:\/\/www.vangraaf.com\/lv\/wp-content\/uploads\/sites\/5\/2020\/02\/Impressum_Banner_WP-768x256.jpg 768w, https:\/\/www.vangraaf.com\/lv\/wp-content\/uploads\/sites\/5\/2020\/02\/Impressum_Banner_WP-1200x400.jpg 1200w, https:\/\/www.vangraaf.com\/lv\/wp-content\/uploads\/sites\/5\/2020\/02\/Impressum_Banner_WP-992x331.jpg 992w, https:\/\/www.vangraaf.com\/lv\/wp-content\/uploads\/sites\/5\/2020\/02\/Impressum_Banner_WP-480x160.jpg 480w, https:\/\/www.vangraaf.com\/lv\/wp-content\/uploads\/sites\/5\/2020\/02\/Impressum_Banner_WP-690x230.jpg 690w\" sizes=\"(max-width: 1440px) 100vw, 1440px\" \/><\/div>\n        <div class=\"headlines headlines--center\" data-aos=\"fade-up\">\n            <div class=\"vc_row\">\n                <div class=\"vc_col-md-10 vc_col-md-offset-1 vc_col-lg-10 vc_col-lg-offset-1\"><h1 class=\"h2\">Lieto\u0161anas noteikumi<\/h1><\/div>\n            <\/div>\n        <\/div>[vc_column_text]<em>VAN\u00a0GRAAF<\/em> m\u0101jaslapa var iek\u013caut saites uz tre\u0161o personu m\u0101jaslap\u0101m (&#8220;saist\u012bt\u0101s \u0101r\u0113j\u0101s t\u012bmek\u013ca vietnes&#8221;). <em>VAN\u00a0GRAAF<\/em> skaidri no\u0161\u0137ir saist\u012bto \u0101r\u0113jo t\u012bmek\u013ca viet\u0146u saturu un neidentific\u0113 to k\u0101 savu. VAN\u00a0GRAAF neuz\u0146emas nek\u0101du atbild\u012bbu par saist\u012bto t\u012bmek\u013ca viet\u0146u saturu. Atbild\u012bba iest\u0101jas tikai tad, ja VAN\u00a0GRAAF ir zin\u0101ms attiec\u012bgo \u0101r\u0113jo t\u012bmek\u013ca viet\u0146u saturs, VAN\u00a0GRAAF apzin\u0101s \u0161o t\u012bmek\u013ca viet\u0146u satura nelikum\u012bbu un b\u016btu tehniski iesp\u0113jams un pie\u013caujams satura nelikum\u012bbas d\u0113\u013c \u0101r\u0113jo t\u012bmek\u013ca viet\u0146u lieto\u0161anu nov\u0113rst. VAN\u00a0GRAAF pazi\u0146o, ka br\u012bd\u012b, kad tika ieviestas saites uz \u0101r\u0113j\u0101m t\u012bmek\u013ca vietn\u0113m, saska\u0146\u0101 ar uz\u0146\u0113muma r\u012bc\u012bb\u0101 eso\u0161o inform\u0101ciju attiec\u012bg\u0101s t\u012bmek\u013ca vietnes nesatur\u0113ja nelikum\u012bgu saturu, un skaidri nor\u0101da, ka VAN\u00a0GRAAF nek\u0101d\u0101 zi\u0146\u0101 neietekm\u0113 saist\u012bto \u0101r\u0113jo t\u012bmek\u013ca viet\u0146u turpm\u0101ko dizainu un saturu.\r\n\r\n<em>VAN\u00a0GRAAF<\/em> neuz\u0146emas nek\u0101du atbild\u012bbu par zaud\u0113jumiem, kas rodas \u0161\u0101du saist\u012bto t\u012bmek\u013ca viet\u0146u lieto\u0161anas vai nepietiekamu lieto\u0161anas iesp\u0113ju d\u0113\u013c. <em>VAN\u00a0GRAAF<\/em> neuz\u0146emas ar\u012b nek\u0101du atbild\u012bbu par citu pied\u0101v\u0101t\u0101ju t\u012bmek\u013ca viet\u0146u saturu, kuru sait\u0113s ir nor\u0101de uz <em>VAN\u00a0GRAAF<\/em> m\u0101jaslapu vai \u0161\u012bs m\u0101jaslapas atsevi\u0161\u0137\u0101m sada\u013c\u0101m.\r\n\r\n<em>VAN\u00a0GRAAF<\/em> t\u012bmek\u013ca vietne ir paredz\u0113ta j\u016bsu personiskai un nekomerci\u0101lai lieto\u0161anai. Jums nav at\u013cauts m\u016bsu pied\u0101v\u0101jum\u0101 iek\u013cauto inform\u0101ciju, tekstus, att\u0113lus vai grafikas apstr\u0101d\u0101t, groz\u012bt, kop\u0113t, izplat\u012bt, p\u0101rs\u016bt\u012bt, public\u0113t, licenc\u0113t, nodot tre\u0161\u0101m person\u0101m, izlikt publiskai apskatei, k\u0101 ar\u012b rad\u012bt, nodot tre\u0161\u0101m person\u0101m vai p\u0101rdot atvasin\u0101tus darbus. <em>VAN\u00a0GRAAF<\/em> at\u013cauj datub\u0101zes tekstu izmanto\u0161anu, kas ir paredz\u0113ti tikai j\u016bsu priv\u0101tajai lieto\u0161anai. Datu izmanto\u0161anai un lieto\u0161anai citiem m\u0113r\u0137iem ir nepiecie\u0161ama rakstveida at\u013cauja.\r\n\r\nSaites uz <em>VAN\u00a0GRAAF<\/em> m\u0101jaslapu \u0101r\u0113j\u0101s tre\u0161o personu t\u012bmek\u013ca vietn\u0113s dr\u012bkst izvietot tikai ar <em>VAN\u00a0GRAAF<\/em> iepriek\u0161\u0113ju rakstveida piekri\u0161anu.\r\n\r\nJa jums rodas v\u0113l jaut\u0101jumi, labpr\u0101t atbild\u0113sim uz tiem, ja izmantosiet m\u016bsu <a href=\"https:\/\/www.vangraaf.com\/lv\/kontaktpersona\/\">kontaktinform\u0101cijas veidlapu<\/a>.[\/vc_column_text][\/vc_column][\/vc_row]<\/div>","protected":false},"excerpt":{"rendered":"[vc_row full_width=&#8221;stretch_row_content_no_spaces&#8221;][vc_column][vc_column_text]VAN\u00a0GRAAF m\u0101jaslapa var iek\u013caut saites uz tre\u0161o personu m\u0101jaslap\u0101m (&#8220;saist\u012bt\u0101s \u0101r\u0113j\u0101s t\u012bmek\u013ca vietnes&#8221;). VAN\u00a0GRAAF skaidri no\u0161\u0137ir saist\u012bto \u0101r\u0113jo t\u012bmek\u013ca viet\u0146u saturu un neidentific\u0113 to k\u0101 savu. VAN\u00a0GRAAF neuz\u0146emas nek\u0101du atbild\u012bbu par saist\u012bto t\u012bmek\u013ca viet\u0146u saturu. Atbild\u012bba iest\u0101jas tikai tad, ja VAN\u00a0GRAAF ir zin\u0101ms attiec\u012bgo \u0101r\u0113jo t\u012bmek\u013ca viet\u0146u saturs, VAN\u00a0GRAAF apzin\u0101s \u0161o t\u012bmek\u013ca viet\u0146u satura [&hellip;]","protected":false},"author":3,"featured_media":0,"parent":0,"menu_order":0,"comment_status":"closed","ping_status":"closed","template":"","meta":{"_acf_changed":false,"inline_featured_image":false,"footnotes":""},"class_list":["post-3961","page","type-page","status-publish","hentry"],"acf":[],"yoast_head":"<!-- This site is optimized with the Yoast SEO plugin v27.2 - https:\/\/yoast.com\/product\/yoast-seo-wordpress\/ -->\n<title>VAN GRAAF GmbH &amp; Co. KG lieto\u0161anas noteikumi<\/title>\n<meta name=\"description\" content=\"VAN GRAAF GmbH &amp; Co. KG lieto\u0161anas noteikumi\" \/>\n<meta name=\"robots\" content=\"index, follow, max-snippet:-1, max-image-preview:large, max-video-preview:-1\" \/>\n<link rel=\"canonical\" href=\"https:\/\/www.vangraaf.com\/lv\/lietosanas-noteikumi\/\" \/>\n<meta property=\"og:locale\" content=\"lv_LV\" \/>\n<meta property=\"og:type\" content=\"article\" \/>\n<meta property=\"og:title\" content=\"VAN GRAAF GmbH &amp; Co. KG lieto\u0161anas noteikumi\" \/>\n<meta property=\"og:description\" content=\"VAN GRAAF GmbH &amp; Co. KG lieto\u0161anas noteikumi\" \/>\n<meta property=\"og:url\" content=\"https:\/\/www.vangraaf.com\/lv\/lietosanas-noteikumi\/\" \/>\n<meta property=\"og:site_name\" content=\"VAN GRAAF Latvija\" \/>\n<meta property=\"article:modified_time\" content=\"2021-03-01T13:34:50+00:00\" \/>\n<meta name=\"twitter:card\" content=\"summary_large_image\" \/>\n<meta name=\"twitter:label1\" content=\"Est. reading time\" \/>\n\t<meta name=\"twitter:data1\" content=\"2 min\u016btes\" \/>\n<script type=\"application\/ld+json\" class=\"yoast-schema-graph\">{\"@context\":\"https:\/\/schema.org\",\"@graph\":[{\"@type\":\"WebPage\",\"@id\":\"https:\/\/www.vangraaf.com\/lv\/lietosanas-noteikumi\/\",\"url\":\"https:\/\/www.vangraaf.com\/lv\/lietosanas-noteikumi\/\",\"name\":\"VAN GRAAF GmbH & Co. KG lieto\u0161anas noteikumi\",\"isPartOf\":{\"@id\":\"https:\/\/www.vangraaf.com\/lv\/#website\"},\"datePublished\":\"2020-02-24T09:52:45+00:00\",\"dateModified\":\"2021-03-01T13:34:50+00:00\",\"description\":\"VAN GRAAF GmbH & Co. KG lieto\u0161anas noteikumi\",\"breadcrumb\":{\"@id\":\"https:\/\/www.vangraaf.com\/lv\/lietosanas-noteikumi\/#breadcrumb\"},\"inLanguage\":\"lv-LV\",\"potentialAction\":[{\"@type\":\"ReadAction\",\"target\":[\"https:\/\/www.vangraaf.com\/lv\/lietosanas-noteikumi\/\"]}]},{\"@type\":\"BreadcrumbList\",\"@id\":\"https:\/\/www.vangraaf.com\/lv\/lietosanas-noteikumi\/#breadcrumb\",\"itemListElement\":[{\"@type\":\"ListItem\",\"position\":1,\"name\":\"Home\",\"item\":\"https:\/\/www.vangraaf.com\/lv\/\"},{\"@type\":\"ListItem\",\"position\":2,\"name\":\"Nutzungsbedingungen\"}]},{\"@type\":\"WebSite\",\"@id\":\"https:\/\/www.vangraaf.com\/lv\/#website\",\"url\":\"https:\/\/www.vangraaf.com\/lv\/\",\"name\":\"VAN GRAAF\",\"description\":\"VAN GRAAF\",\"potentialAction\":[{\"@type\":\"SearchAction\",\"target\":{\"@type\":\"EntryPoint\",\"urlTemplate\":\"https:\/\/www.vangraaf.com\/lv\/?s={search_term_string}\"},\"query-input\":{\"@type\":\"PropertyValueSpecification\",\"valueRequired\":true,\"valueName\":\"search_term_string\"}}],\"inLanguage\":\"lv-LV\"}]}<\/script>\n<!-- \/ Yoast SEO plugin. -->","yoast_head_json":{"title":"VAN GRAAF GmbH & Co. KG lieto\u0161anas noteikumi","description":"VAN GRAAF GmbH & Co. KG lieto\u0161anas noteikumi","robots":{"index":"index","follow":"follow","max-snippet":"max-snippet:-1","max-image-preview":"max-image-preview:large","max-video-preview":"max-video-preview:-1"},"canonical":"https:\/\/www.vangraaf.com\/lv\/lietosanas-noteikumi\/","og_locale":"lv_LV","og_type":"article","og_title":"VAN GRAAF GmbH & Co. KG lieto\u0161anas noteikumi","og_description":"VAN GRAAF GmbH & Co. KG lieto\u0161anas noteikumi","og_url":"https:\/\/www.vangraaf.com\/lv\/lietosanas-noteikumi\/","og_site_name":"VAN GRAAF Latvija","article_modified_time":"2021-03-01T13:34:50+00:00","twitter_card":"summary_large_image","twitter_misc":{"Est. reading time":"2 min\u016btes"},"schema":{"@context":"https:\/\/schema.org","@graph":[{"@type":"WebPage","@id":"https:\/\/www.vangraaf.com\/lv\/lietosanas-noteikumi\/","url":"https:\/\/www.vangraaf.com\/lv\/lietosanas-noteikumi\/","name":"VAN GRAAF GmbH & Co. KG lieto\u0161anas noteikumi","isPartOf":{"@id":"https:\/\/www.vangraaf.com\/lv\/#website"},"datePublished":"2020-02-24T09:52:45+00:00","dateModified":"2021-03-01T13:34:50+00:00","description":"VAN GRAAF GmbH & Co. KG lieto\u0161anas noteikumi","breadcrumb":{"@id":"https:\/\/www.vangraaf.com\/lv\/lietosanas-noteikumi\/#breadcrumb"},"inLanguage":"lv-LV","potentialAction":[{"@type":"ReadAction","target":["https:\/\/www.vangraaf.com\/lv\/lietosanas-noteikumi\/"]}]},{"@type":"BreadcrumbList","@id":"https:\/\/www.vangraaf.com\/lv\/lietosanas-noteikumi\/#breadcrumb","itemListElement":[{"@type":"ListItem","position":1,"name":"Home","item":"https:\/\/www.vangraaf.com\/lv\/"},{"@type":"ListItem","position":2,"name":"Nutzungsbedingungen"}]},{"@type":"WebSite","@id":"https:\/\/www.vangraaf.com\/lv\/#website","url":"https:\/\/www.vangraaf.com\/lv\/","name":"VAN GRAAF","description":"VAN GRAAF","potentialAction":[{"@type":"SearchAction","target":{"@type":"EntryPoint","urlTemplate":"https:\/\/www.vangraaf.com\/lv\/?s={search_term_string}"},"query-input":{"@type":"PropertyValueSpecification","valueRequired":true,"valueName":"search_term_string"}}],"inLanguage":"lv-LV"}]}},"_links":{"self":[{"href":"https:\/\/www.vangraaf.com\/lv\/wp-json\/wp\/v2\/pages\/3961","targetHints":{"allow":["GET"]}}],"collection":[{"href":"https:\/\/www.vangraaf.com\/lv\/wp-json\/wp\/v2\/pages"}],"about":[{"href":"https:\/\/www.vangraaf.com\/lv\/wp-json\/wp\/v2\/types\/page"}],"author":[{"embeddable":true,"href":"https:\/\/www.vangraaf.com\/lv\/wp-json\/wp\/v2\/users\/3"}],"replies":[{"embeddable":true,"href":"https:\/\/www.vangraaf.com\/lv\/wp-json\/wp\/v2\/comments?post=3961"}],"version-history":[{"count":6,"href":"https:\/\/www.vangraaf.com\/lv\/wp-json\/wp\/v2\/pages\/3961\/revisions"}],"predecessor-version":[{"id":5214,"href":"https:\/\/www.vangraaf.com\/lv\/wp-json\/wp\/v2\/pages\/3961\/revisions\/5214"}],"wp:attachment":[{"href":"https:\/\/www.vangraaf.com\/lv\/wp-json\/wp\/v2\/media?parent=3961"}],"curies":[{"name":"wp","href":"https:\/\/api.w.org\/{rel}","templated":true}]}}