{"id":3959,"date":"2020-03-12T13:40:01","date_gmt":"2020-03-12T12:40:01","guid":{"rendered":"http:\/\/van-graaf.test\/ch\/?page_id=3618"},"modified":"2022-05-03T12:40:26","modified_gmt":"2022-05-03T10:40:26","slug":"tommy-hilfiger","status":"publish","type":"page","link":"https:\/\/www.vangraaf.com\/lv\/zimoli\/tommy-hilfiger\/","title":{"rendered":"Tommy Hilfiger"},"content":{"rendered":"<div class=\"wpb-content-wrapper\">[vc_row full_width=&#8221;stretch_row_content_no_spaces&#8221;][vc_column]<div class=\"keyvisual\" data-aos=\"fade-up\" ><img loading=\"lazy\" decoding=\"async\" width=\"1440\" height=\"480\" src=\"https:\/\/www.vangraaf.com\/lv\/wp-content\/uploads\/sites\/5\/2020\/09\/Logo_TommyHilfiger.jpg\" class=\"vc_single_image-img\" alt=\"\" srcset=\"https:\/\/www.vangraaf.com\/lv\/wp-content\/uploads\/sites\/5\/2020\/09\/Logo_TommyHilfiger.jpg 1440w, https:\/\/www.vangraaf.com\/lv\/wp-content\/uploads\/sites\/5\/2020\/09\/Logo_TommyHilfiger-300x100.jpg 300w, https:\/\/www.vangraaf.com\/lv\/wp-content\/uploads\/sites\/5\/2020\/09\/Logo_TommyHilfiger-1024x341.jpg 1024w, https:\/\/www.vangraaf.com\/lv\/wp-content\/uploads\/sites\/5\/2020\/09\/Logo_TommyHilfiger-768x256.jpg 768w, https:\/\/www.vangraaf.com\/lv\/wp-content\/uploads\/sites\/5\/2020\/09\/Logo_TommyHilfiger-1200x400.jpg 1200w, https:\/\/www.vangraaf.com\/lv\/wp-content\/uploads\/sites\/5\/2020\/09\/Logo_TommyHilfiger-992x331.jpg 992w, https:\/\/www.vangraaf.com\/lv\/wp-content\/uploads\/sites\/5\/2020\/09\/Logo_TommyHilfiger-480x160.jpg 480w\" sizes=\"(max-width: 1440px) 100vw, 1440px\" \/><\/div>\n        <div class=\"headlines headlines--center\" data-aos=\"fade-up\">\n            <div class=\"vc_row\">\n                <div class=\"vc_col-md-10 vc_col-md-offset-1 vc_col-lg-10 vc_col-lg-offset-1\"><span class=\"h6\">Tommy Hilfiger<\/span><h1 class=\"h2\">P\u0113rciet Tommy Hilfiger modes ap\u0123\u0113rbu veikal\u0101 VAN GRAAF R\u012bg\u0101<\/h1><\/div>\n            <\/div>\n        <\/div>[vc_column_text]\r\n<p style=\"text-align: center\">Tikai nedaudziem izdodas rad\u012bt tik sportisku un elegantu izskatu k\u0101 Tommy Hilfiger, apvienojot tradicion\u0101lus ASV koled\u017eas stila elementus ar klasisku griezumu un visjaun\u0101kaj\u0101m tendenc\u0113m. Tommy Hilfiger z\u012bmola pied\u0101v\u0101jums balst\u0101s uz viegli kombin\u0113jamiem pamata ap\u0123\u0113rbiem sieviet\u0113m un v\u012brie\u0161iem. Kombin\u0113jot pievilc\u012bgus ap\u0123\u0113rbus, tiek pan\u0101kts izskats starp ikdieni\u0161\u0137u un elegantu, kas ir piem\u0113rots da\u017e\u0101diem notikumiem. Tommy Hilfiger mode atst\u0101j iespaidu ar <strong>gaum\u012bgu attur\u012bbu un klasisk\u0101m, t\u012br\u0101m l\u012bnij\u0101m<\/strong>. Atkl\u0101jiet Tommy Hilfiger ap\u0123\u0113rbu da\u017e\u0101d\u012bbu m\u016bsu VAN-GRAAF modes pasaul\u0113 R\u012bg\u0101 un \u013caujieties tipiskai ASV elegancei. Austrumu krasts!<\/p>\r\n[\/vc_column_text][\/vc_column][\/vc_row][vc_row][vc_column]\n        <div class=\"headlines headlines--center\" data-aos=\"fade-up\">\n            <div class=\"vc_row\">\n                <div class=\"vc_col-md-10 vc_col-md-offset-1 vc_col-lg-10 vc_col-lg-offset-1\"><h2 class=\"h2\">Tommy Hilfiger: ikdieni\u0161\u0137a elegance ar sportiskiem koled\u017eas elementiem<\/h2><\/div>\n            <\/div>\n        <\/div>[vc_column_text]Ikdienas mode var b\u016bt \u013coti eleganta, k\u0101 to pier\u0101da Tommy Hilfiger kolekcijas daudzu gadu garum\u0101. \u0160is premium z\u012bmols no ASV, ko 1980-tajos gados \u0145ujork\u0101 izveidojis Tomijs Hilfigers, <strong>apvieno<\/strong> <strong>nep\u0101rejo\u0161u eleganci un neform\u0101li sportisku izskatu<\/strong>. Tradicion\u0101l\u0101 un netradicion\u0101l\u0101 apvienojums &#8211; 1985. gad\u0101 izveidotais Tommy Hilfiger z\u012bmols izce\u013cas ar nep\u0101rsp\u0113jamu stilu sajaukumu. Kolekcijas ietver viegli kombin\u0113jamus ikdienas pamata ap\u0123\u0113rbus, k\u0101 ar\u012b \u0101rk\u0101rt\u012bgi elegantus ap\u0123\u0113rbus \u012bpa\u0161iem gad\u012bjumiem.\r\n\r\nVisiem Tommy Hilfiger produktiem ir augsta atpaz\u012bstam\u012bba. Bie\u017ei tiek izmantotas balt\u0101, zil\u0101 un sarkan\u0101 kr\u0101sas. Kr\u0101sas rada \u012bpa\u0161as asoci\u0101cijas ar j\u016bru, un k\u0101 da\u013ca no ASV karoga t\u0101s veido \u012bpa\u0161u z\u012bmola logotipu. Krekli, d\u017eemperi, jakas un m\u0113te\u013ci: veikal\u0101 VAN GRAAF R\u012bg\u0101 m\u0113s varam pied\u0101v\u0101t <strong>modernu t\u0113rpu da\u017e\u0101d\u012bbu<\/strong>, k\u0101 ar\u012b <strong>ap\u0123\u0113rbu komplekt\u0113\u0161anas idejas no<\/strong> <strong>Tommy Hilfiger Fashion sieviet\u0113m un v\u012brie\u0161iem<\/strong>. Modes produktus var valk\u0101t k\u0101 da\u013cu no ikdienas garderobes un stil\u012bgu papildin\u0101jumu lieti\u0161\u0137am izskatam.[\/vc_column_text][\/vc_column][\/vc_row][vc_row][vc_column]\n        <div class=\"headlines headlines--center\" data-aos=\"fade-up\">\n            <div class=\"vc_row\">\n                <div class=\"vc_col-md-10 vc_col-md-offset-1 vc_col-lg-10 vc_col-lg-offset-1\"><h2 class=\"h2\">Mekl\u0113jiet aktualit\u0101tes no Tommy Hilfiger veikal\u0101 VAN GRAAF R\u012bg\u0101<\/h2><\/div>\n            <\/div>\n        <\/div>[vc_column_text]\r\n<p class=\"Standard1\"><span lang=\"EN-US\">M\u016bsu modes veikal\u0101 R\u012bg\u0101 ir apskat\u0101ma pla\u0161a izv\u0113le augstas kvalit\u0101tes ap\u0123\u0113rbu no \u0161\u012b popul\u0101r\u0101 ASV z\u012bmola. M\u0113s b\u016bsim vair\u0101k nek\u0101 priec\u012bgi pal\u012bdz\u0113t jums izdar\u012bt izv\u0113li: m\u016bsu stila konsultanti pied\u0101v\u0101 profesion\u0101lus padomus, atlasot atbilsto\u0161us ap\u0123\u0113rba elementus vai veidojot da\u017e\u0101dus ap\u0123\u0113rbu komplektus.<\/span><\/p>\r\n<p class=\"Standard1\"><span lang=\"EN-US\">Apmekl\u0113jiet <a href=\"https:\/\/www.vangraaf.com\/lv\/par-mums\/riga\/\">m\u016bs R\u012bg\u0101<\/a> un atkl\u0101jiet jaun\u0101kos Tommy Hilfiger modes pied\u0101v\u0101jumus un daudz citu popul\u0101ru z\u012bmolu pat\u012bkam\u0101 atmosf\u0113r\u0101. Uz tik\u0161anos!<\/span><\/p>\r\n[\/vc_column_text][\/vc_column][\/vc_row][vc_row][vc_column]<div class=\"vg-element brand-slider brand-slider--light\" data-aos=\"fade-up\"><div class=\"brand-slider__inner\"><div class=\"brand-slider__slider js-brand-slider\"><div class=\"brand-slider__slider__item\"><a href=\"https:\/\/www.vangraaf.com\/lv\/zimoli\/adidas-originals\/\" title=\"adidas Originals\"><img loading=\"lazy\" decoding=\"async\" width=\"1\" height=\"1\" src=\"https:\/\/www.vangraaf.com\/lv\/wp-content\/uploads\/sites\/5\/2020\/03\/Adidas_Logo_grau_OK.svg\" class=\"attachment-full size-full\" alt=\"\" \/><\/a><\/div><div class=\"brand-slider__slider__item\"><a href=\"https:\/\/www.vangraaf.com\/lv\/zimoli\/tommy-hilfiger\/\" title=\"Tommy Hilfiger\"><img loading=\"lazy\" decoding=\"async\" width=\"1\" height=\"1\" src=\"https:\/\/www.vangraaf.com\/lv\/wp-content\/uploads\/sites\/5\/2020\/03\/Tommy_Hilfiger_4c_grau_OK.svg\" class=\"attachment-full size-full\" alt=\"\" \/><\/a><\/div><div class=\"brand-slider__slider__item\"><a href=\"https:\/\/www.vangraaf.com\/lv\/zimoli\/levis\/\" title=\"Levi&#039;s\"><img loading=\"lazy\" decoding=\"async\" width=\"1\" height=\"1\" src=\"https:\/\/www.vangraaf.com\/lv\/wp-content\/uploads\/sites\/5\/2020\/03\/Levis_Logo_grau_OK.svg\" class=\"attachment-full size-full\" alt=\"\" \/><\/a><\/div><div class=\"brand-slider__slider__item\"><a href=\"https:\/\/www.vangraaf.com\/lv\/zimoli\/calvin-klein\/\" title=\"Calvin Klein\"><img loading=\"lazy\" decoding=\"async\" width=\"1\" height=\"1\" src=\"https:\/\/www.vangraaf.com\/lv\/wp-content\/uploads\/sites\/5\/2020\/03\/Calvin-Klein-Logo-grau_OK.svg\" class=\"attachment-full size-full\" alt=\"\" \/><\/a><\/div><div class=\"brand-slider__slider__item\"><a href=\"https:\/\/www.vangraaf.com\/lv\/zimoli\/champion\/\" title=\"Champion\"><img loading=\"lazy\" decoding=\"async\" width=\"1\" height=\"1\" src=\"https:\/\/www.vangraaf.com\/lv\/wp-content\/uploads\/sites\/5\/2020\/03\/Champion_Logo_grau_OK.svg\" class=\"attachment-full size-full\" alt=\"\" \/><\/a><\/div><div class=\"brand-slider__slider__item\"><a href=\"https:\/\/www.vangraaf.com\/lv\/zimoli\/lacoste\/\" title=\"Lacoste\"><img loading=\"lazy\" decoding=\"async\" width=\"1\" height=\"1\" src=\"https:\/\/www.vangraaf.com\/lv\/wp-content\/uploads\/sites\/5\/2020\/03\/Lacoste_Logo_4c_grau_Ausnahme_OK.svg\" class=\"attachment-full size-full\" alt=\"\" \/><\/a><\/div><div class=\"brand-slider__slider__item\"><a href=\"https:\/\/www.vangraaf.com\/lv\/zimoli\/superdry\/\" title=\"Superdry\"><img loading=\"lazy\" decoding=\"async\" width=\"1\" height=\"1\" src=\"https:\/\/www.vangraaf.com\/lv\/wp-content\/uploads\/sites\/5\/2020\/03\/Superdry_Logo_grau_OK.svg\" class=\"attachment-full size-full\" alt=\"\" \/><\/a><\/div><div class=\"brand-slider__slider__item\"><a href=\"https:\/\/www.vangraaf.com\/lv\/zimoli\/fila\/\" title=\"FILA\"><img loading=\"lazy\" decoding=\"async\" width=\"1\" height=\"1\" src=\"https:\/\/www.vangraaf.com\/lv\/wp-content\/uploads\/sites\/5\/2020\/03\/Fila-Logo-grau_OK.svg\" class=\"attachment-full size-full\" alt=\"\" \/><\/a><\/div><div class=\"brand-slider__slider__item\"><a href=\"https:\/\/www.vangraaf.com\/lv\/zimoli\/tom-tailor\/\" title=\"TOM TAILOR\"><img loading=\"lazy\" decoding=\"async\" width=\"1\" height=\"1\" src=\"https:\/\/www.vangraaf.com\/lv\/wp-content\/uploads\/sites\/5\/2020\/03\/Tom_Tailor_Logo_grau_OK.svg\" class=\"attachment-full size-full\" alt=\"\" \/><\/a><\/div><div class=\"brand-slider__slider__item\"><a href=\"https:\/\/www.vangraaf.com\/lv\/zimoli\/alpha-industries\/\" title=\"Alpha Industries\"><img loading=\"lazy\" decoding=\"async\" width=\"1\" height=\"1\" src=\"https:\/\/www.vangraaf.com\/lv\/wp-content\/uploads\/sites\/5\/2020\/03\/Alpha_Industries_Logo_grau_OK.svg\" class=\"attachment-full size-full\" alt=\"\" \/><\/a><\/div><div class=\"brand-slider__slider__item\"><a href=\"https:\/\/www.vangraaf.com\/lv\/zimoli\/g-star\/\" title=\"G-Star RAW\"><img loading=\"lazy\" decoding=\"async\" width=\"1\" height=\"1\" src=\"https:\/\/www.vangraaf.com\/lv\/wp-content\/uploads\/sites\/5\/2020\/03\/G_Star_Logo_grau_OK.svg\" class=\"attachment-full size-full\" alt=\"\" \/><\/a><\/div><div class=\"brand-slider__slider__item\"><a href=\"https:\/\/www.vangraaf.com\/lv\/zimoli\/vila\/\" title=\"VILA\"><img loading=\"lazy\" decoding=\"async\" width=\"1\" height=\"1\" src=\"https:\/\/www.vangraaf.com\/lv\/wp-content\/uploads\/sites\/5\/2020\/03\/Vila_Logo_grau_OK.svg\" class=\"attachment-full size-full\" alt=\"\" \/><\/a><\/div><div class=\"brand-slider__slider__item\"><a href=\"https:\/\/www.vangraaf.com\/lv\/zimoli\/boss\/\" title=\"BOSS\"><img loading=\"lazy\" decoding=\"async\" width=\"1\" height=\"1\" src=\"https:\/\/www.vangraaf.com\/lv\/wp-content\/uploads\/sites\/5\/2020\/03\/Boss_Logo_grau_OK.svg\" class=\"attachment-full size-full\" alt=\"\" \/><\/a><\/div><div class=\"brand-slider__slider__item\"><a href=\"https:\/\/www.vangraaf.com\/lv\/zimoli\/armani-exchange\/\" title=\"Armani Exchange\"><img loading=\"lazy\" decoding=\"async\" width=\"1\" height=\"1\" src=\"https:\/\/www.vangraaf.com\/lv\/wp-content\/uploads\/sites\/5\/2020\/03\/Armani-Exchange-Logo-grau_OK.svg\" class=\"attachment-full size-full\" alt=\"\" \/><\/a><\/div><div class=\"brand-slider__slider__item\"><a href=\"https:\/\/www.vangraaf.com\/lv\/zimoli\/polo-ralph-lauren\/\" title=\"Polo Ralph Lauren\"><img loading=\"lazy\" decoding=\"async\" width=\"1\" height=\"1\" src=\"https:\/\/www.vangraaf.com\/lv\/wp-content\/uploads\/sites\/5\/2020\/03\/Ralph_Lauren_Logo_grau_OK.svg\" class=\"attachment-full size-full\" alt=\"\" \/><\/a><\/div><div class=\"brand-slider__slider__item\"><a href=\"https:\/\/www.vangraaf.com\/lv\/zimoli\/marie-lund\/\" title=\"Marie Lund\"><img loading=\"lazy\" decoding=\"async\" width=\"1\" height=\"1\" src=\"https:\/\/www.vangraaf.com\/lv\/wp-content\/uploads\/sites\/5\/2020\/03\/Marie_Lund_Logo_grau_OK.svg\" class=\"attachment-full size-full\" alt=\"\" \/><\/a><\/div><\/div><\/div><\/div>[\/vc_column][\/vc_row]<\/div>","protected":false},"excerpt":{"rendered":"[vc_row full_width=&#8221;stretch_row_content_no_spaces&#8221;][vc_column][vc_column_text] Tikai nedaudziem izdodas rad\u012bt tik sportisku un elegantu izskatu k\u0101 Tommy Hilfiger, apvienojot tradicion\u0101lus ASV koled\u017eas stila elementus ar klasisku griezumu un visjaun\u0101kaj\u0101m tendenc\u0113m. Tommy Hilfiger z\u012bmola pied\u0101v\u0101jums balst\u0101s uz viegli kombin\u0113jamiem pamata ap\u0123\u0113rbiem sieviet\u0113m un v\u012brie\u0161iem. Kombin\u0113jot pievilc\u012bgus ap\u0123\u0113rbus, tiek pan\u0101kts izskats starp ikdieni\u0161\u0137u un elegantu, kas ir piem\u0113rots da\u017e\u0101diem notikumiem. Tommy [&hellip;]","protected":false},"author":3,"featured_media":0,"parent":3938,"menu_order":0,"comment_status":"closed","ping_status":"closed","template":"","meta":{"_acf_changed":false,"inline_featured_image":false,"footnotes":""},"class_list":["post-3959","page","type-page","status-publish","hentry"],"acf":[],"yoast_head":"<!-- This site is optimized with the Yoast SEO plugin v27.2 - https:\/\/yoast.com\/product\/yoast-seo-wordpress\/ -->\n<title>Tommy Hilfiger mode sieviet\u0113m un v\u012brie\u0161iem R\u012bg\u0101<\/title>\n<meta name=\"description\" content=\"Sportisks un gaum\u012bgs izskats: atkl\u0101jiet pla\u0161a kl\u0101sta Tommy Hilfiger modes ap\u0123\u0113rbus sieviet\u0113m, v\u012brie\u0161iem un b\u0113rniem veikal\u0101 VAN GRAAF R\u012bg\u0101!\" \/>\n<meta name=\"robots\" content=\"index, follow, max-snippet:-1, max-image-preview:large, max-video-preview:-1\" \/>\n<link rel=\"canonical\" href=\"https:\/\/www.vangraaf.com\/lv\/zimoli\/tommy-hilfiger\/\" \/>\n<meta property=\"og:locale\" content=\"lv_LV\" \/>\n<meta property=\"og:type\" content=\"article\" \/>\n<meta property=\"og:title\" content=\"Tommy Hilfiger mode sieviet\u0113m un v\u012brie\u0161iem R\u012bg\u0101\" \/>\n<meta property=\"og:description\" content=\"Sportisks un gaum\u012bgs izskats: atkl\u0101jiet pla\u0161a kl\u0101sta Tommy Hilfiger modes ap\u0123\u0113rbus sieviet\u0113m, v\u012brie\u0161iem un b\u0113rniem veikal\u0101 VAN GRAAF R\u012bg\u0101!\" \/>\n<meta property=\"og:url\" content=\"https:\/\/www.vangraaf.com\/lv\/zimoli\/tommy-hilfiger\/\" \/>\n<meta property=\"og:site_name\" content=\"VAN GRAAF Latvija\" \/>\n<meta property=\"article:modified_time\" content=\"2022-05-03T10:40:26+00:00\" \/>\n<meta name=\"twitter:card\" content=\"summary_large_image\" \/>\n<meta name=\"twitter:label1\" content=\"Est. reading time\" \/>\n\t<meta name=\"twitter:data1\" content=\"2 min\u016btes\" \/>\n<script type=\"application\/ld+json\" class=\"yoast-schema-graph\">{\"@context\":\"https:\/\/schema.org\",\"@graph\":[{\"@type\":\"WebPage\",\"@id\":\"https:\/\/www.vangraaf.com\/lv\/zimoli\/tommy-hilfiger\/\",\"url\":\"https:\/\/www.vangraaf.com\/lv\/zimoli\/tommy-hilfiger\/\",\"name\":\"Tommy Hilfiger mode sieviet\u0113m un v\u012brie\u0161iem R\u012bg\u0101\",\"isPartOf\":{\"@id\":\"https:\/\/www.vangraaf.com\/lv\/#website\"},\"datePublished\":\"2020-03-12T12:40:01+00:00\",\"dateModified\":\"2022-05-03T10:40:26+00:00\",\"description\":\"Sportisks un gaum\u012bgs izskats: atkl\u0101jiet pla\u0161a kl\u0101sta Tommy Hilfiger modes ap\u0123\u0113rbus sieviet\u0113m, v\u012brie\u0161iem un b\u0113rniem veikal\u0101 VAN GRAAF R\u012bg\u0101!\",\"breadcrumb\":{\"@id\":\"https:\/\/www.vangraaf.com\/lv\/zimoli\/tommy-hilfiger\/#breadcrumb\"},\"inLanguage\":\"lv-LV\",\"potentialAction\":[{\"@type\":\"ReadAction\",\"target\":[\"https:\/\/www.vangraaf.com\/lv\/zimoli\/tommy-hilfiger\/\"]}]},{\"@type\":\"BreadcrumbList\",\"@id\":\"https:\/\/www.vangraaf.com\/lv\/zimoli\/tommy-hilfiger\/#breadcrumb\",\"itemListElement\":[{\"@type\":\"ListItem\",\"position\":1,\"name\":\"Home\",\"item\":\"https:\/\/www.vangraaf.com\/lv\/\"},{\"@type\":\"ListItem\",\"position\":2,\"name\":\"Marken\",\"item\":\"https:\/\/www.vangraaf.com\/lv\/zimoli\/\"},{\"@type\":\"ListItem\",\"position\":3,\"name\":\"Tommy Hilfiger\"}]},{\"@type\":\"WebSite\",\"@id\":\"https:\/\/www.vangraaf.com\/lv\/#website\",\"url\":\"https:\/\/www.vangraaf.com\/lv\/\",\"name\":\"VAN GRAAF\",\"description\":\"VAN GRAAF\",\"potentialAction\":[{\"@type\":\"SearchAction\",\"target\":{\"@type\":\"EntryPoint\",\"urlTemplate\":\"https:\/\/www.vangraaf.com\/lv\/?s={search_term_string}\"},\"query-input\":{\"@type\":\"PropertyValueSpecification\",\"valueRequired\":true,\"valueName\":\"search_term_string\"}}],\"inLanguage\":\"lv-LV\"}]}<\/script>\n<!-- \/ Yoast SEO plugin. -->","yoast_head_json":{"title":"Tommy Hilfiger mode sieviet\u0113m un v\u012brie\u0161iem R\u012bg\u0101","description":"Sportisks un gaum\u012bgs izskats: atkl\u0101jiet pla\u0161a kl\u0101sta Tommy Hilfiger modes ap\u0123\u0113rbus sieviet\u0113m, v\u012brie\u0161iem un b\u0113rniem veikal\u0101 VAN GRAAF R\u012bg\u0101!","robots":{"index":"index","follow":"follow","max-snippet":"max-snippet:-1","max-image-preview":"max-image-preview:large","max-video-preview":"max-video-preview:-1"},"canonical":"https:\/\/www.vangraaf.com\/lv\/zimoli\/tommy-hilfiger\/","og_locale":"lv_LV","og_type":"article","og_title":"Tommy Hilfiger mode sieviet\u0113m un v\u012brie\u0161iem R\u012bg\u0101","og_description":"Sportisks un gaum\u012bgs izskats: atkl\u0101jiet pla\u0161a kl\u0101sta Tommy Hilfiger modes ap\u0123\u0113rbus sieviet\u0113m, v\u012brie\u0161iem un b\u0113rniem veikal\u0101 VAN GRAAF R\u012bg\u0101!","og_url":"https:\/\/www.vangraaf.com\/lv\/zimoli\/tommy-hilfiger\/","og_site_name":"VAN GRAAF Latvija","article_modified_time":"2022-05-03T10:40:26+00:00","twitter_card":"summary_large_image","twitter_misc":{"Est. reading time":"2 min\u016btes"},"schema":{"@context":"https:\/\/schema.org","@graph":[{"@type":"WebPage","@id":"https:\/\/www.vangraaf.com\/lv\/zimoli\/tommy-hilfiger\/","url":"https:\/\/www.vangraaf.com\/lv\/zimoli\/tommy-hilfiger\/","name":"Tommy Hilfiger mode sieviet\u0113m un v\u012brie\u0161iem R\u012bg\u0101","isPartOf":{"@id":"https:\/\/www.vangraaf.com\/lv\/#website"},"datePublished":"2020-03-12T12:40:01+00:00","dateModified":"2022-05-03T10:40:26+00:00","description":"Sportisks un gaum\u012bgs izskats: atkl\u0101jiet pla\u0161a kl\u0101sta Tommy Hilfiger modes ap\u0123\u0113rbus sieviet\u0113m, v\u012brie\u0161iem un b\u0113rniem veikal\u0101 VAN GRAAF R\u012bg\u0101!","breadcrumb":{"@id":"https:\/\/www.vangraaf.com\/lv\/zimoli\/tommy-hilfiger\/#breadcrumb"},"inLanguage":"lv-LV","potentialAction":[{"@type":"ReadAction","target":["https:\/\/www.vangraaf.com\/lv\/zimoli\/tommy-hilfiger\/"]}]},{"@type":"BreadcrumbList","@id":"https:\/\/www.vangraaf.com\/lv\/zimoli\/tommy-hilfiger\/#breadcrumb","itemListElement":[{"@type":"ListItem","position":1,"name":"Home","item":"https:\/\/www.vangraaf.com\/lv\/"},{"@type":"ListItem","position":2,"name":"Marken","item":"https:\/\/www.vangraaf.com\/lv\/zimoli\/"},{"@type":"ListItem","position":3,"name":"Tommy Hilfiger"}]},{"@type":"WebSite","@id":"https:\/\/www.vangraaf.com\/lv\/#website","url":"https:\/\/www.vangraaf.com\/lv\/","name":"VAN GRAAF","description":"VAN GRAAF","potentialAction":[{"@type":"SearchAction","target":{"@type":"EntryPoint","urlTemplate":"https:\/\/www.vangraaf.com\/lv\/?s={search_term_string}"},"query-input":{"@type":"PropertyValueSpecification","valueRequired":true,"valueName":"search_term_string"}}],"inLanguage":"lv-LV"}]}},"_links":{"self":[{"href":"https:\/\/www.vangraaf.com\/lv\/wp-json\/wp\/v2\/pages\/3959","targetHints":{"allow":["GET"]}}],"collection":[{"href":"https:\/\/www.vangraaf.com\/lv\/wp-json\/wp\/v2\/pages"}],"about":[{"href":"https:\/\/www.vangraaf.com\/lv\/wp-json\/wp\/v2\/types\/page"}],"author":[{"embeddable":true,"href":"https:\/\/www.vangraaf.com\/lv\/wp-json\/wp\/v2\/users\/3"}],"replies":[{"embeddable":true,"href":"https:\/\/www.vangraaf.com\/lv\/wp-json\/wp\/v2\/comments?post=3959"}],"version-history":[{"count":12,"href":"https:\/\/www.vangraaf.com\/lv\/wp-json\/wp\/v2\/pages\/3959\/revisions"}],"predecessor-version":[{"id":5870,"href":"https:\/\/www.vangraaf.com\/lv\/wp-json\/wp\/v2\/pages\/3959\/revisions\/5870"}],"up":[{"embeddable":true,"href":"https:\/\/www.vangraaf.com\/lv\/wp-json\/wp\/v2\/pages\/3938"}],"wp:attachment":[{"href":"https:\/\/www.vangraaf.com\/lv\/wp-json\/wp\/v2\/media?parent=3959"}],"curies":[{"name":"wp","href":"https:\/\/api.w.org\/{rel}","templated":true}]}}