{"id":3953,"date":"2020-02-18T11:21:05","date_gmt":"2020-02-18T10:21:05","guid":{"rendered":"http:\/\/van-graaf.test\/ch\/?page_id=2344"},"modified":"2022-03-10T17:40:34","modified_gmt":"2022-03-10T16:40:34","slug":"zimoli-sievietem","status":"publish","type":"page","link":"https:\/\/www.vangraaf.com\/lv\/zimoli\/zimoli-sievietem\/","title":{"rendered":"Marken Damen"},"content":{"rendered":"<div class=\"wpb-content-wrapper\">[vc_row full_width=&#8221;stretch_row_content_no_spaces&#8221;][vc_column]<div class=\"keyvisual\" data-aos=\"fade-up\" ><img loading=\"lazy\" decoding=\"async\" width=\"1440\" height=\"480\" src=\"https:\/\/www.vangraaf.com\/lv\/wp-content\/uploads\/sites\/5\/2020\/02\/Marken_DOB_Banner_WP.jpg\" class=\"vc_single_image-img\" alt=\"Sieviete s\u0113\u017e, smaidot un valk\u0101jot baltu kleitu ar s\u0101rtu ziedu rakstu, tum\u0161iem matiem izlaistiem p\u0101r pleciem, fon\u0101 gai\u0161a aizkare.\" srcset=\"https:\/\/www.vangraaf.com\/lv\/wp-content\/uploads\/sites\/5\/2020\/02\/Marken_DOB_Banner_WP.jpg 1440w, https:\/\/www.vangraaf.com\/lv\/wp-content\/uploads\/sites\/5\/2020\/02\/Marken_DOB_Banner_WP-300x100.jpg 300w, https:\/\/www.vangraaf.com\/lv\/wp-content\/uploads\/sites\/5\/2020\/02\/Marken_DOB_Banner_WP-1024x341.jpg 1024w, https:\/\/www.vangraaf.com\/lv\/wp-content\/uploads\/sites\/5\/2020\/02\/Marken_DOB_Banner_WP-768x256.jpg 768w, https:\/\/www.vangraaf.com\/lv\/wp-content\/uploads\/sites\/5\/2020\/02\/Marken_DOB_Banner_WP-1200x400.jpg 1200w, https:\/\/www.vangraaf.com\/lv\/wp-content\/uploads\/sites\/5\/2020\/02\/Marken_DOB_Banner_WP-992x331.jpg 992w, https:\/\/www.vangraaf.com\/lv\/wp-content\/uploads\/sites\/5\/2020\/02\/Marken_DOB_Banner_WP-480x160.jpg 480w, https:\/\/www.vangraaf.com\/lv\/wp-content\/uploads\/sites\/5\/2020\/02\/Marken_DOB_Banner_WP-690x230.jpg 690w\" sizes=\"(max-width: 1440px) 100vw, 1440px\" \/><\/div>\n        <div class=\"headlines headlines--center\" data-aos=\"fade-up\">\n            <div class=\"vc_row\">\n                <div class=\"vc_col-md-10 vc_col-md-offset-1 vc_col-lg-10 vc_col-lg-offset-1\"><h1 class=\"h2\">Z\u012bmoli sieviet\u0113m<\/h1><\/div>\n            <\/div>\n        <\/div>[vc_column_text]\r\n<p style=\"text-align: center\">Veikal\u0101 pieejami daudzi paz\u012bstami augst\u0101k\u0101s klases z\u012bmoli. Turpin\u0101jum\u0101 varat izlas\u012bt, k\u0101dus z\u012bmolus m\u0113s pied\u0101v\u0101jam, \u2013 no A l\u012bdz Z!<\/p>\r\n[\/vc_column_text][\/vc_column][\/vc_row][vc_row][vc_column]<div class=\"brand-register\" data-aos=\"fade-up\"><div class=\"brand-register__item\"><div class=\"vc_row\"><div class=\"vc_col-xs-3 vc_col-md-2 brand-register__item__capital\"><span>A<\/span><\/div><div class=\"vc_col-xs-9 vc_col-md-9 vc_col-md-offset-1 brand-register__item__brands\"><div class=\"vc_row\"><div class=\"vc_col-sm-6 vc_col-md-4 brand-register__item__brand\"><a href=\"https:\/\/www.vangraaf.com\/lv\/zimoli\/adidas-originals\/\" title=\"adidas Originals\">adidas Originals<\/a><\/div><div class=\"vc_col-sm-6 vc_col-md-4 brand-register__item__brand\"><span>Ambiance<\/span><\/div><div class=\"vc_col-sm-6 vc_col-md-4 brand-register__item__brand\"><span>Anna Montana<\/span><\/div><\/div><\/div><\/div><\/div><div class=\"brand-register__item\"><div class=\"vc_row\"><div class=\"vc_col-xs-3 vc_col-md-2 brand-register__item__capital\"><span>B<\/span><\/div><div class=\"vc_col-xs-9 vc_col-md-9 vc_col-md-offset-1 brand-register__item__brands\"><div class=\"vc_row\"><div class=\"vc_col-sm-6 vc_col-md-4 brand-register__item__brand\"><span>Bluebella<\/span><\/div><div class=\"vc_col-sm-6 vc_col-md-4 brand-register__item__brand\"><a href=\"https:\/\/www.vangraaf.com\/lv\/zimoli\/boss\/\" title=\"BOSS\">BOSS<\/a><\/div><div class=\"vc_col-sm-6 vc_col-md-4 brand-register__item__brand\"><span>BOSS Orange<\/span><\/div><div class=\"vc_col-sm-6 vc_col-md-4 brand-register__item__brand\"><span>BRAX<\/span><\/div><div class=\"vc_col-sm-6 vc_col-md-4 brand-register__item__brand\"><span>brookshire<\/span><\/div><\/div><\/div><\/div><\/div><div class=\"brand-register__item\"><div class=\"vc_row\"><div class=\"vc_col-xs-3 vc_col-md-2 brand-register__item__capital\"><span>C<\/span><\/div><div class=\"vc_col-xs-9 vc_col-md-9 vc_col-md-offset-1 brand-register__item__brands\"><div class=\"vc_row\"><div class=\"vc_col-sm-6 vc_col-md-4 brand-register__item__brand\"><a href=\"https:\/\/www.vangraaf.com\/lv\/zimoli\/calvin-klein\/\" title=\"Calvin Klein\">Calvin Klein<\/a><\/div><div class=\"vc_col-sm-6 vc_col-md-4 brand-register__item__brand\"><span>Calvin Klein Jeans<\/span><\/div><div class=\"vc_col-sm-6 vc_col-md-4 brand-register__item__brand\"><span>Camel Active<\/span><\/div><div class=\"vc_col-sm-6 vc_col-md-4 brand-register__item__brand\"><span>Comma<\/span><\/div><\/div><\/div><\/div><\/div><div class=\"brand-register__item\"><div class=\"vc_row\"><div class=\"vc_col-xs-3 vc_col-md-2 brand-register__item__capital\"><span>D<\/span><\/div><div class=\"vc_col-xs-9 vc_col-md-9 vc_col-md-offset-1 brand-register__item__brands\"><div class=\"vc_row\"><div class=\"vc_col-sm-6 vc_col-md-4 brand-register__item__brand\"><span>DKNY Sport<\/span><\/div><\/div><\/div><\/div><\/div><div class=\"brand-register__item\"><div class=\"vc_row\"><div class=\"vc_col-xs-3 vc_col-md-2 brand-register__item__capital\"><span>F<\/span><\/div><div class=\"vc_col-xs-9 vc_col-md-9 vc_col-md-offset-1 brand-register__item__brands\"><div class=\"vc_row\"><div class=\"vc_col-sm-6 vc_col-md-4 brand-register__item__brand\"><span>Franco Callegari<\/span><\/div><\/div><\/div><\/div><\/div><div class=\"brand-register__item\"><div class=\"vc_row\"><div class=\"vc_col-xs-3 vc_col-md-2 brand-register__item__capital\"><span>G<\/span><\/div><div class=\"vc_col-xs-9 vc_col-md-9 vc_col-md-offset-1 brand-register__item__brands\"><div class=\"vc_row\"><div class=\"vc_col-sm-6 vc_col-md-4 brand-register__item__brand\"><span>Guess<\/span><\/div><\/div><\/div><\/div><\/div><div class=\"brand-register__item\"><div class=\"vc_row\"><div class=\"vc_col-xs-3 vc_col-md-2 brand-register__item__capital\"><span>H<\/span><\/div><div class=\"vc_col-xs-9 vc_col-md-9 vc_col-md-offset-1 brand-register__item__brands\"><div class=\"vc_row\"><div class=\"vc_col-sm-6 vc_col-md-4 brand-register__item__brand\"><span>Hey Kyla<\/span><\/div><div class=\"vc_col-sm-6 vc_col-md-4 brand-register__item__brand\"><span>HUGO<\/span><\/div><\/div><\/div><\/div><\/div><div class=\"brand-register__item\"><div class=\"vc_row\"><div class=\"vc_col-xs-3 vc_col-md-2 brand-register__item__capital\"><span>I<\/span><\/div><div class=\"vc_col-xs-9 vc_col-md-9 vc_col-md-offset-1 brand-register__item__brands\"><div class=\"vc_row\"><div class=\"vc_col-sm-6 vc_col-md-4 brand-register__item__brand\"><span>IPURI Essentials<\/span><\/div><\/div><\/div><\/div><\/div><div class=\"brand-register__item\"><div class=\"vc_row\"><div class=\"vc_col-xs-3 vc_col-md-2 brand-register__item__capital\"><span>J<\/span><\/div><div class=\"vc_col-xs-9 vc_col-md-9 vc_col-md-offset-1 brand-register__item__brands\"><div class=\"vc_row\"><div class=\"vc_col-sm-6 vc_col-md-4 brand-register__item__brand\"><span>JOOP!<\/span><\/div><div class=\"vc_col-sm-6 vc_col-md-4 brand-register__item__brand\"><span>Juicy by Juicy Couture<\/span><\/div><\/div><\/div><\/div><\/div><div class=\"brand-register__item\"><div class=\"vc_row\"><div class=\"vc_col-xs-3 vc_col-md-2 brand-register__item__capital\"><span>K<\/span><\/div><div class=\"vc_col-xs-9 vc_col-md-9 vc_col-md-offset-1 brand-register__item__brands\"><div class=\"vc_row\"><div class=\"vc_col-sm-6 vc_col-md-4 brand-register__item__brand\"><span>KARL LAGERFELD<\/span><\/div><\/div><\/div><\/div><\/div><div class=\"brand-register__item\"><div class=\"vc_row\"><div class=\"vc_col-xs-3 vc_col-md-2 brand-register__item__capital\"><span>L<\/span><\/div><div class=\"vc_col-xs-9 vc_col-md-9 vc_col-md-offset-1 brand-register__item__brands\"><div class=\"vc_row\"><div class=\"vc_col-sm-6 vc_col-md-4 brand-register__item__brand\"><span>L.Credi<\/span><\/div><div class=\"vc_col-sm-6 vc_col-md-4 brand-register__item__brand\"><span>Lauren<\/span><\/div><div class=\"vc_col-sm-6 vc_col-md-4 brand-register__item__brand\"><span>Lebek<\/span><\/div><div class=\"vc_col-sm-6 vc_col-md-4 brand-register__item__brand\"><a href=\"https:\/\/www.vangraaf.com\/lv\/zimoli\/levis\/\" title=\"Levi&#039;s\">Levi&#039;s<\/a><\/div><div class=\"vc_col-sm-6 vc_col-md-4 brand-register__item__brand\"><span>Lipsy<\/span><\/div><div class=\"vc_col-sm-6 vc_col-md-4 brand-register__item__brand\"><span>Liu Jo Collection<\/span><\/div><div class=\"vc_col-sm-6 vc_col-md-4 brand-register__item__brand\"><span>Loevenich<\/span><\/div><\/div><\/div><\/div><\/div><div class=\"brand-register__item\"><div class=\"vc_row\"><div class=\"vc_col-xs-3 vc_col-md-2 brand-register__item__capital\"><span>M<\/span><\/div><div class=\"vc_col-xs-9 vc_col-md-9 vc_col-md-offset-1 brand-register__item__brands\"><div class=\"vc_row\"><div class=\"vc_col-sm-6 vc_col-md-4 brand-register__item__brand\"><a href=\"https:\/\/www.vangraaf.com\/lv\/zimoli\/marie-lund\/\" title=\"Marie Lund\">Marie Lund<\/a><\/div><div class=\"vc_col-sm-6 vc_col-md-4 brand-register__item__brand\"><span>Marie Lund Collection<\/span><\/div><div class=\"vc_col-sm-6 vc_col-md-4 brand-register__item__brand\"><span>MSCH Copenhagen<\/span><\/div><\/div><\/div><\/div><\/div><div class=\"brand-register__item\"><div class=\"vc_row\"><div class=\"vc_col-xs-3 vc_col-md-2 brand-register__item__capital\"><span>N<\/span><\/div><div class=\"vc_col-xs-9 vc_col-md-9 vc_col-md-offset-1 brand-register__item__brands\"><div class=\"vc_row\"><div class=\"vc_col-sm-6 vc_col-md-4 brand-register__item__brand\"><span>Noisy May<\/span><\/div><\/div><\/div><\/div><\/div><div class=\"brand-register__item\"><div class=\"vc_row\"><div class=\"vc_col-xs-3 vc_col-md-2 brand-register__item__capital\"><span>O<\/span><\/div><div class=\"vc_col-xs-9 vc_col-md-9 vc_col-md-offset-1 brand-register__item__brands\"><div class=\"vc_row\"><div class=\"vc_col-sm-6 vc_col-md-4 brand-register__item__brand\"><span>Opus<\/span><\/div><\/div><\/div><\/div><\/div><div class=\"brand-register__item\"><div class=\"vc_row\"><div class=\"vc_col-xs-3 vc_col-md-2 brand-register__item__capital\"><span>P<\/span><\/div><div class=\"vc_col-xs-9 vc_col-md-9 vc_col-md-offset-1 brand-register__item__brands\"><div class=\"vc_row\"><div class=\"vc_col-sm-6 vc_col-md-4 brand-register__item__brand\"><a href=\"https:\/\/www.vangraaf.com\/lv\/zimoli\/polo-ralph-lauren\/\" title=\"Polo Ralph Lauren\">Polo Ralph Lauren<\/a><\/div><div class=\"vc_col-sm-6 vc_col-md-4 brand-register__item__brand\"><span>Puma<\/span><\/div><\/div><\/div><\/div><\/div><div class=\"brand-register__item\"><div class=\"vc_row\"><div class=\"vc_col-xs-3 vc_col-md-2 brand-register__item__capital\"><span>R<\/span><\/div><div class=\"vc_col-xs-9 vc_col-md-9 vc_col-md-offset-1 brand-register__item__brands\"><div class=\"vc_row\"><div class=\"vc_col-sm-6 vc_col-md-4 brand-register__item__brand\"><span>Rino &amp; Pelle<\/span><\/div><\/div><\/div><\/div><\/div><div class=\"brand-register__item\"><div class=\"vc_row\"><div class=\"vc_col-xs-3 vc_col-md-2 brand-register__item__capital\"><span>S<\/span><\/div><div class=\"vc_col-xs-9 vc_col-md-9 vc_col-md-offset-1 brand-register__item__brands\"><div class=\"vc_row\"><div class=\"vc_col-sm-6 vc_col-md-4 brand-register__item__brand\"><span>s.Oliver<\/span><\/div><div class=\"vc_col-sm-6 vc_col-md-4 brand-register__item__brand\"><span>soyaconcept<\/span><\/div><div class=\"vc_col-sm-6 vc_col-md-4 brand-register__item__brand\"><span>street one<\/span><\/div><div class=\"vc_col-sm-6 vc_col-md-4 brand-register__item__brand\"><span>Swing<\/span><\/div><\/div><\/div><\/div><\/div><div class=\"brand-register__item\"><div class=\"vc_row\"><div class=\"vc_col-xs-3 vc_col-md-2 brand-register__item__capital\"><span>T<\/span><\/div><div class=\"vc_col-xs-9 vc_col-md-9 vc_col-md-offset-1 brand-register__item__brands\"><div class=\"vc_row\"><div class=\"vc_col-sm-6 vc_col-md-4 brand-register__item__brand\"><span>The North Face<\/span><\/div><div class=\"vc_col-sm-6 vc_col-md-4 brand-register__item__brand\"><a href=\"https:\/\/www.vangraaf.com\/lv\/zimoli\/tommy-hilfiger\/\" title=\"Tommy Hilfiger\">Tommy Hilfiger<\/a><\/div><div class=\"vc_col-sm-6 vc_col-md-4 brand-register__item__brand\"><span>Tommy Jeans<\/span><\/div><\/div><\/div><\/div><\/div><div class=\"brand-register__item\"><div class=\"vc_row\"><div class=\"vc_col-xs-3 vc_col-md-2 brand-register__item__capital\"><span>U<\/span><\/div><div class=\"vc_col-xs-9 vc_col-md-9 vc_col-md-offset-1 brand-register__item__brands\"><div class=\"vc_row\"><div class=\"vc_col-sm-6 vc_col-md-4 brand-register__item__brand\"><span>Unabux<\/span><\/div><\/div><\/div><\/div><\/div><div class=\"brand-register__item\"><div class=\"vc_row\"><div class=\"vc_col-xs-3 vc_col-md-2 brand-register__item__capital\"><span>V<\/span><\/div><div class=\"vc_col-xs-9 vc_col-md-9 vc_col-md-offset-1 brand-register__item__brands\"><div class=\"vc_row\"><div class=\"vc_col-sm-6 vc_col-md-4 brand-register__item__brand\"><span>Valentino<\/span><\/div><div class=\"vc_col-sm-6 vc_col-md-4 brand-register__item__brand\"><span>Vanzetti<\/span><\/div><div class=\"vc_col-sm-6 vc_col-md-4 brand-register__item__brand\"><span>Venice Beach<\/span><\/div><div class=\"vc_col-sm-6 vc_col-md-4 brand-register__item__brand\"><span>VG<\/span><\/div><div class=\"vc_col-sm-6 vc_col-md-4 brand-register__item__brand\"><a href=\"https:\/\/www.vangraaf.com\/lv\/zimoli\/vila\/\" title=\"VILA\">VILA<\/a><\/div><\/div><\/div><\/div><\/div><div class=\"brand-register__item\"><div class=\"vc_row\"><div class=\"vc_col-xs-3 vc_col-md-2 brand-register__item__capital\"><span>Z<\/span><\/div><div class=\"vc_col-xs-9 vc_col-md-9 vc_col-md-offset-1 brand-register__item__brands\"><div class=\"vc_row\"><div class=\"vc_col-sm-6 vc_col-md-4 brand-register__item__brand\"><span>zero<\/span><\/div><\/div><\/div><\/div><\/div><\/div>[\/vc_column][\/vc_row]<\/div>","protected":false},"excerpt":{"rendered":"[vc_row full_width=&#8221;stretch_row_content_no_spaces&#8221;][vc_column][vc_column_text] Veikal\u0101 pieejami daudzi paz\u012bstami augst\u0101k\u0101s klases z\u012bmoli. Turpin\u0101jum\u0101 varat izlas\u012bt, k\u0101dus z\u012bmolus m\u0113s pied\u0101v\u0101jam, \u2013 no A l\u012bdz Z! [\/vc_column_text][\/vc_column][\/vc_row][vc_row][vc_column][\/vc_column][\/vc_row]","protected":false},"author":3,"featured_media":0,"parent":3938,"menu_order":0,"comment_status":"closed","ping_status":"closed","template":"","meta":{"_acf_changed":false,"inline_featured_image":false,"footnotes":""},"class_list":["post-3953","page","type-page","status-publish","hentry"],"acf":[],"yoast_head":"<!-- This site is optimized with the Yoast SEO plugin v27.2 - https:\/\/yoast.com\/product\/yoast-seo-wordpress\/ -->\n<title>Modes z\u012bmoli sieviet\u0113m VAN GRAAF R\u012bga veikal\u0101<\/title>\n<meta name=\"description\" content=\"Modes z\u012bmoli sieviet\u0113m: no Marc O&#039;Polo l\u012bdz Maison Scotch un l\u012bdz Marie Lund. Izbaudiet z\u012bmolu pasauli sav\u0101s m\u0101j\u0101s ar VAN GRAAF!\" \/>\n<meta name=\"robots\" content=\"index, follow, max-snippet:-1, max-image-preview:large, max-video-preview:-1\" \/>\n<link rel=\"canonical\" href=\"https:\/\/www.vangraaf.com\/lv\/zimoli\/zimoli-sievietem\/\" \/>\n<meta property=\"og:locale\" content=\"lv_LV\" \/>\n<meta property=\"og:type\" content=\"article\" \/>\n<meta property=\"og:title\" content=\"Modes z\u012bmoli sieviet\u0113m VAN GRAAF R\u012bga veikal\u0101\" \/>\n<meta property=\"og:description\" content=\"Modes z\u012bmoli sieviet\u0113m: no Marc O&#039;Polo l\u012bdz Maison Scotch un l\u012bdz Marie Lund. Izbaudiet z\u012bmolu pasauli sav\u0101s m\u0101j\u0101s ar VAN GRAAF!\" \/>\n<meta property=\"og:url\" content=\"https:\/\/www.vangraaf.com\/lv\/zimoli\/zimoli-sievietem\/\" \/>\n<meta property=\"og:site_name\" content=\"VAN GRAAF Latvija\" \/>\n<meta property=\"article:modified_time\" content=\"2022-03-10T16:40:34+00:00\" \/>\n<meta name=\"twitter:card\" content=\"summary_large_image\" \/>\n<meta name=\"twitter:label1\" content=\"Est. reading time\" \/>\n\t<meta name=\"twitter:data1\" content=\"1 min\u016bte\" \/>\n<script type=\"application\/ld+json\" class=\"yoast-schema-graph\">{\"@context\":\"https:\/\/schema.org\",\"@graph\":[{\"@type\":\"WebPage\",\"@id\":\"https:\/\/www.vangraaf.com\/lv\/zimoli\/zimoli-sievietem\/\",\"url\":\"https:\/\/www.vangraaf.com\/lv\/zimoli\/zimoli-sievietem\/\",\"name\":\"Modes z\u012bmoli sieviet\u0113m VAN GRAAF R\u012bga veikal\u0101\",\"isPartOf\":{\"@id\":\"https:\/\/www.vangraaf.com\/lv\/#website\"},\"datePublished\":\"2020-02-18T10:21:05+00:00\",\"dateModified\":\"2022-03-10T16:40:34+00:00\",\"description\":\"Modes z\u012bmoli sieviet\u0113m: no Marc O'Polo l\u012bdz Maison Scotch un l\u012bdz Marie Lund. Izbaudiet z\u012bmolu pasauli sav\u0101s m\u0101j\u0101s ar VAN GRAAF!\",\"breadcrumb\":{\"@id\":\"https:\/\/www.vangraaf.com\/lv\/zimoli\/zimoli-sievietem\/#breadcrumb\"},\"inLanguage\":\"lv-LV\",\"potentialAction\":[{\"@type\":\"ReadAction\",\"target\":[\"https:\/\/www.vangraaf.com\/lv\/zimoli\/zimoli-sievietem\/\"]}]},{\"@type\":\"BreadcrumbList\",\"@id\":\"https:\/\/www.vangraaf.com\/lv\/zimoli\/zimoli-sievietem\/#breadcrumb\",\"itemListElement\":[{\"@type\":\"ListItem\",\"position\":1,\"name\":\"Home\",\"item\":\"https:\/\/www.vangraaf.com\/lv\/\"},{\"@type\":\"ListItem\",\"position\":2,\"name\":\"Marken\",\"item\":\"https:\/\/www.vangraaf.com\/lv\/zimoli\/\"},{\"@type\":\"ListItem\",\"position\":3,\"name\":\"Marken Damen\"}]},{\"@type\":\"WebSite\",\"@id\":\"https:\/\/www.vangraaf.com\/lv\/#website\",\"url\":\"https:\/\/www.vangraaf.com\/lv\/\",\"name\":\"VAN GRAAF\",\"description\":\"VAN GRAAF\",\"potentialAction\":[{\"@type\":\"SearchAction\",\"target\":{\"@type\":\"EntryPoint\",\"urlTemplate\":\"https:\/\/www.vangraaf.com\/lv\/?s={search_term_string}\"},\"query-input\":{\"@type\":\"PropertyValueSpecification\",\"valueRequired\":true,\"valueName\":\"search_term_string\"}}],\"inLanguage\":\"lv-LV\"}]}<\/script>\n<!-- \/ Yoast SEO plugin. -->","yoast_head_json":{"title":"Modes z\u012bmoli sieviet\u0113m VAN GRAAF R\u012bga veikal\u0101","description":"Modes z\u012bmoli sieviet\u0113m: no Marc O'Polo l\u012bdz Maison Scotch un l\u012bdz Marie Lund. Izbaudiet z\u012bmolu pasauli sav\u0101s m\u0101j\u0101s ar VAN GRAAF!","robots":{"index":"index","follow":"follow","max-snippet":"max-snippet:-1","max-image-preview":"max-image-preview:large","max-video-preview":"max-video-preview:-1"},"canonical":"https:\/\/www.vangraaf.com\/lv\/zimoli\/zimoli-sievietem\/","og_locale":"lv_LV","og_type":"article","og_title":"Modes z\u012bmoli sieviet\u0113m VAN GRAAF R\u012bga veikal\u0101","og_description":"Modes z\u012bmoli sieviet\u0113m: no Marc O'Polo l\u012bdz Maison Scotch un l\u012bdz Marie Lund. Izbaudiet z\u012bmolu pasauli sav\u0101s m\u0101j\u0101s ar VAN GRAAF!","og_url":"https:\/\/www.vangraaf.com\/lv\/zimoli\/zimoli-sievietem\/","og_site_name":"VAN GRAAF Latvija","article_modified_time":"2022-03-10T16:40:34+00:00","twitter_card":"summary_large_image","twitter_misc":{"Est. reading time":"1 min\u016bte"},"schema":{"@context":"https:\/\/schema.org","@graph":[{"@type":"WebPage","@id":"https:\/\/www.vangraaf.com\/lv\/zimoli\/zimoli-sievietem\/","url":"https:\/\/www.vangraaf.com\/lv\/zimoli\/zimoli-sievietem\/","name":"Modes z\u012bmoli sieviet\u0113m VAN GRAAF R\u012bga veikal\u0101","isPartOf":{"@id":"https:\/\/www.vangraaf.com\/lv\/#website"},"datePublished":"2020-02-18T10:21:05+00:00","dateModified":"2022-03-10T16:40:34+00:00","description":"Modes z\u012bmoli sieviet\u0113m: no Marc O'Polo l\u012bdz Maison Scotch un l\u012bdz Marie Lund. Izbaudiet z\u012bmolu pasauli sav\u0101s m\u0101j\u0101s ar VAN GRAAF!","breadcrumb":{"@id":"https:\/\/www.vangraaf.com\/lv\/zimoli\/zimoli-sievietem\/#breadcrumb"},"inLanguage":"lv-LV","potentialAction":[{"@type":"ReadAction","target":["https:\/\/www.vangraaf.com\/lv\/zimoli\/zimoli-sievietem\/"]}]},{"@type":"BreadcrumbList","@id":"https:\/\/www.vangraaf.com\/lv\/zimoli\/zimoli-sievietem\/#breadcrumb","itemListElement":[{"@type":"ListItem","position":1,"name":"Home","item":"https:\/\/www.vangraaf.com\/lv\/"},{"@type":"ListItem","position":2,"name":"Marken","item":"https:\/\/www.vangraaf.com\/lv\/zimoli\/"},{"@type":"ListItem","position":3,"name":"Marken Damen"}]},{"@type":"WebSite","@id":"https:\/\/www.vangraaf.com\/lv\/#website","url":"https:\/\/www.vangraaf.com\/lv\/","name":"VAN GRAAF","description":"VAN GRAAF","potentialAction":[{"@type":"SearchAction","target":{"@type":"EntryPoint","urlTemplate":"https:\/\/www.vangraaf.com\/lv\/?s={search_term_string}"},"query-input":{"@type":"PropertyValueSpecification","valueRequired":true,"valueName":"search_term_string"}}],"inLanguage":"lv-LV"}]}},"_links":{"self":[{"href":"https:\/\/www.vangraaf.com\/lv\/wp-json\/wp\/v2\/pages\/3953","targetHints":{"allow":["GET"]}}],"collection":[{"href":"https:\/\/www.vangraaf.com\/lv\/wp-json\/wp\/v2\/pages"}],"about":[{"href":"https:\/\/www.vangraaf.com\/lv\/wp-json\/wp\/v2\/types\/page"}],"author":[{"embeddable":true,"href":"https:\/\/www.vangraaf.com\/lv\/wp-json\/wp\/v2\/users\/3"}],"replies":[{"embeddable":true,"href":"https:\/\/www.vangraaf.com\/lv\/wp-json\/wp\/v2\/comments?post=3953"}],"version-history":[{"count":13,"href":"https:\/\/www.vangraaf.com\/lv\/wp-json\/wp\/v2\/pages\/3953\/revisions"}],"predecessor-version":[{"id":5742,"href":"https:\/\/www.vangraaf.com\/lv\/wp-json\/wp\/v2\/pages\/3953\/revisions\/5742"}],"up":[{"embeddable":true,"href":"https:\/\/www.vangraaf.com\/lv\/wp-json\/wp\/v2\/pages\/3938"}],"wp:attachment":[{"href":"https:\/\/www.vangraaf.com\/lv\/wp-json\/wp\/v2\/media?parent=3953"}],"curies":[{"name":"wp","href":"https:\/\/api.w.org\/{rel}","templated":true}]}}