{"id":3951,"date":"2020-03-12T13:41:36","date_gmt":"2020-03-12T12:41:36","guid":{"rendered":"http:\/\/van-graaf.test\/ch\/?page_id=3621"},"modified":"2020-09-15T12:50:52","modified_gmt":"2020-09-15T10:50:52","slug":"levis","status":"publish","type":"page","link":"https:\/\/www.vangraaf.com\/lv\/zimoli\/levis\/","title":{"rendered":"Levi&#8217;s"},"content":{"rendered":"<div class=\"wpb-content-wrapper\">[vc_row full_width=&#8221;stretch_row_content_no_spaces&#8221;][vc_column]<div class=\"keyvisual\" data-aos=\"fade-up\" ><img loading=\"lazy\" decoding=\"async\" width=\"1440\" height=\"480\" src=\"https:\/\/www.vangraaf.com\/lv\/wp-content\/uploads\/sites\/5\/2020\/09\/Logo_Levis.jpg\" class=\"vc_single_image-img\" alt=\"\" srcset=\"https:\/\/www.vangraaf.com\/lv\/wp-content\/uploads\/sites\/5\/2020\/09\/Logo_Levis.jpg 1440w, https:\/\/www.vangraaf.com\/lv\/wp-content\/uploads\/sites\/5\/2020\/09\/Logo_Levis-300x100.jpg 300w, https:\/\/www.vangraaf.com\/lv\/wp-content\/uploads\/sites\/5\/2020\/09\/Logo_Levis-1024x341.jpg 1024w, https:\/\/www.vangraaf.com\/lv\/wp-content\/uploads\/sites\/5\/2020\/09\/Logo_Levis-768x256.jpg 768w, https:\/\/www.vangraaf.com\/lv\/wp-content\/uploads\/sites\/5\/2020\/09\/Logo_Levis-1200x400.jpg 1200w, https:\/\/www.vangraaf.com\/lv\/wp-content\/uploads\/sites\/5\/2020\/09\/Logo_Levis-992x331.jpg 992w, https:\/\/www.vangraaf.com\/lv\/wp-content\/uploads\/sites\/5\/2020\/09\/Logo_Levis-480x160.jpg 480w\" sizes=\"(max-width: 1440px) 100vw, 1440px\" \/><\/div>\n        <div class=\"headlines headlines--center\" data-aos=\"fade-up\">\n            <div class=\"vc_row\">\n                <div class=\"vc_col-md-10 vc_col-md-offset-1 vc_col-lg-10 vc_col-lg-offset-1\"><span class=\"h6\">Levi's<\/span><h1 class=\"h2\">Lielisk\u0101kie Levi's d\u017einsu ap\u0123\u0113rbi veikal\u0101 VAN GRAAF R\u012bg\u0101<\/h1><\/div>\n            <\/div>\n        <\/div>[vc_column_text]\r\n<p style=\"text-align: center\">Pavisam nelielam skaitam modes z\u012bmolu ir tik senas trad\u012bcijas k\u0101 Levi&#8217;s d\u017einsiem. \u0160is amerik\u0101\u0146u kulta z\u012bmols tika rad\u012bts pirms vair\u0101k k\u0101 150 gadiem. No s\u0101kotn\u0113j\u0101 iztur\u012bgu darba ap\u0123\u0113rbu ra\u017eot\u0101ja tas ir k\u013cuvis par vienu no <strong>slaven\u0101kajiem un daudzveid\u012bg\u0101kajiem d\u017einsu modes ap\u0123\u0113rbu z\u012bmoliem<\/strong>. Ilgu laiku z\u012bmola kl\u0101stu veido ar\u012b ap\u0123\u0113rbi, kas nav d\u017einsi. Veikal\u0101 VAN GRAAF Fashion World R\u012bg\u0101 m\u0113s jums par\u0101d\u012bsim aktu\u0101lo Levi&#8217;s stilu da\u017e\u0101d\u012bbu sieviet\u0113m un v\u012brie\u0161iem, kuri v\u0113las papildin\u0101t ikdienas garderobi ar z\u012bmolam rakstur\u012bgo <strong>augstas kvalit\u0101tes apdari un \u0113rto stilu<\/strong>. Apmekl\u0113jiet m\u016bsu veikalu R\u012bg\u0101, kur atrad\u012bsiet ap\u0123\u0113rbu katrai gaumei un ikvienam gad\u012bjumam &#8211; jaun\u0101kie Levi&#8217;s d\u017einsu stili, k\u0101 ar\u012b daudz citu z\u012bmolu m\u016bsu 14 modes noda\u013c\u0101s!<\/p>\r\n[\/vc_column_text][\/vc_column][\/vc_row][vc_row][vc_column]\n        <div class=\"headlines headlines--center\" data-aos=\"fade-up\">\n            <div class=\"vc_row\">\n                <div class=\"vc_col-md-10 vc_col-md-offset-1 vc_col-lg-10 vc_col-lg-offset-1\"><h2 class=\"h2\">K\u0101 Levi's d\u017einsu z\u012bmols k\u013cuva par ikonu<\/h2><\/div>\n            <\/div>\n        <\/div>[vc_column_text]Levi&#8217;s d\u017einsu veiksmes st\u0101sts s\u0101k\u0101s l\u012bdz ar Levi Strauss, <strong>z\u012bmola izveidot\u0101ju<\/strong>. Z\u012bmola izveidot\u0101js pameta Butenhaimu pie Bambergas Aug\u0161frankonij\u0101, Bav\u0101rij\u0101, Amerikas zelta drud\u017ea laik\u0101. 1853. gad\u0101 Strauss nodibin\u0101ja tekstila tirdzniec\u012bbas uz\u0146\u0113mumu Sanfrancisko, kas p\u0101rdeva darba ap\u0123\u0113rbu, apavus un citas preces mazumtirgot\u0101jiem Zieme\u013camerikas rietumos. 1873. gad\u0101 Strauss, kur\u0161 str\u0101d\u0101ja kop\u0101 ar R\u012bgas dr\u0113bnieku J\u0113kabu D\u0101vi (D\u017eeikobu Deivisu), patent\u0113ja proced\u016bru, kas nostiprin\u0101ja darba bik\u0161u kabatas ar knied\u0113m no zirgu iej\u016bgiem. \u0160\u0101da apstr\u0101de padar\u012bja bikses daudz iztur\u012bg\u0101kas un stipr\u0101kas par iepriek\u0161 izmantoto ap\u0123\u0113rbu.\r\n\r\nKniedes joproj\u0101m ir Levi&#8217;s un daudzu citu z\u012bmolu d\u017einsu bik\u0161u simbols, kas saglab\u0101jies \u0161im noteiktajam d\u017einsu stilam l\u012bdz m\u016bsdien\u0101m. Gadu desmitu laik\u0101 da\u017e\u0101di d\u017einsu stili un dizaini ir main\u012bju\u0161ies, piel\u0101gojoties m\u016bsdienu gaum\u0113m un vajadz\u012bb\u0101m. Veikal\u0101 VAN GRAAF R\u012bg\u0101 ir pla\u0161a Levi&#8217;s modes pre\u010du izv\u0113le. M\u016bsu veikalos, kas pied\u0101v\u0101 modes preces sieviet\u0113m un v\u012brie\u0161iem, ir daudz ap\u0123\u0113rbu no Levi&#8217;s jaun\u0101kaj\u0101m kolekcij\u0101m un, protams, nemain\u012bg\u0101 klasika. D\u017einsi joproj\u0101m ir z\u012bmola kl\u0101sta pamat\u0101, bet <strong>d\u017einsu jakas, topi un aksesu\u0101ri<\/strong> jau ir neat\u0146emama Levi&#8217;s modes pasaules da\u013ca. Atkl\u0101jiet jaunas iecien\u012bt\u0101s Levi&#8217;s preces un iedvesmojieties no citiem popul\u0101riem z\u012bmoliem m\u016bsu<a href=\"https:\/\/www.vangraaf.com\/lv\/konsultacijas-un-stils\/specializetas-nodalas\/\"> 14 modes pasaules noda\u013c\u0101s<\/a>! Esat laipni aicin\u0101ti apmekl\u0113t m\u016bs no pirmdienas l\u012bdz sestdienai, no plkst. 10:00 l\u012bdz 22:00 veikal\u0101 Shoppi Tivoli R\u012bgas centr\u0101.[\/vc_column_text][\/vc_column][\/vc_row][vc_row][vc_column]\n        <div class=\"headlines headlines--center\" data-aos=\"fade-up\">\n            <div class=\"vc_row\">\n                <div class=\"vc_col-md-10 vc_col-md-offset-1 vc_col-lg-10 vc_col-lg-offset-1\"><h2 class=\"h2\">Izmekl\u0113tas d\u017einsu modes preces un pirm\u0161\u0137ir\u012bga apkalpo\u0161ana veikal\u0101 VAN GRAAF R\u012bg\u0101<\/h2><\/div>\n            <\/div>\n        <\/div>[vc_column_text]\r\n<p class=\"Standard1\"><span lang=\"EN-US\">Vai neesat p\u0101rliecin\u0101ts par to, k\u0101di Levi&#8217;s d\u017einsi jums vislab\u0101k piest\u0101v vai kam piev\u0113rst uzman\u012bbu, veicot pirkumu? <a href=\"https:\/\/www.vangraaf.com\/lv\/konsultacijas-un-stils\/\">M\u016bsu person\u0101ls<\/a> ar prieku sniegs jums eksperta padomu, izv\u0113loties modes preces lieliskam izskatam.<\/span><\/p>\r\n[\/vc_column_text][\/vc_column][\/vc_row][vc_row][vc_column]<div class=\"vg-element brand-slider brand-slider--light\" data-aos=\"fade-up\"><div class=\"brand-slider__inner\"><div class=\"brand-slider__slider js-brand-slider\"><div class=\"brand-slider__slider__item\"><a href=\"https:\/\/www.vangraaf.com\/lv\/zimoli\/adidas-originals\/\" title=\"adidas Originals\"><img loading=\"lazy\" decoding=\"async\" width=\"1\" height=\"1\" src=\"https:\/\/www.vangraaf.com\/lv\/wp-content\/uploads\/sites\/5\/2020\/03\/Adidas_Logo_grau_OK.svg\" class=\"attachment-full size-full\" alt=\"\" \/><\/a><\/div><div class=\"brand-slider__slider__item\"><a href=\"https:\/\/www.vangraaf.com\/lv\/zimoli\/tommy-hilfiger\/\" title=\"Tommy Hilfiger\"><img loading=\"lazy\" decoding=\"async\" width=\"1\" height=\"1\" src=\"https:\/\/www.vangraaf.com\/lv\/wp-content\/uploads\/sites\/5\/2020\/03\/Tommy_Hilfiger_4c_grau_OK.svg\" class=\"attachment-full size-full\" alt=\"\" \/><\/a><\/div><div class=\"brand-slider__slider__item\"><a href=\"https:\/\/www.vangraaf.com\/lv\/zimoli\/levis\/\" title=\"Levi&#039;s\"><img loading=\"lazy\" decoding=\"async\" width=\"1\" height=\"1\" src=\"https:\/\/www.vangraaf.com\/lv\/wp-content\/uploads\/sites\/5\/2020\/03\/Levis_Logo_grau_OK.svg\" class=\"attachment-full size-full\" alt=\"\" \/><\/a><\/div><div class=\"brand-slider__slider__item\"><a href=\"https:\/\/www.vangraaf.com\/lv\/zimoli\/calvin-klein\/\" title=\"Calvin Klein\"><img loading=\"lazy\" decoding=\"async\" width=\"1\" height=\"1\" src=\"https:\/\/www.vangraaf.com\/lv\/wp-content\/uploads\/sites\/5\/2020\/03\/Calvin-Klein-Logo-grau_OK.svg\" class=\"attachment-full size-full\" alt=\"\" \/><\/a><\/div><div class=\"brand-slider__slider__item\"><a href=\"https:\/\/www.vangraaf.com\/lv\/zimoli\/champion\/\" title=\"Champion\"><img loading=\"lazy\" decoding=\"async\" width=\"1\" height=\"1\" src=\"https:\/\/www.vangraaf.com\/lv\/wp-content\/uploads\/sites\/5\/2020\/03\/Champion_Logo_grau_OK.svg\" class=\"attachment-full size-full\" alt=\"\" \/><\/a><\/div><div class=\"brand-slider__slider__item\"><a href=\"https:\/\/www.vangraaf.com\/lv\/zimoli\/lacoste\/\" title=\"Lacoste\"><img loading=\"lazy\" decoding=\"async\" width=\"1\" height=\"1\" src=\"https:\/\/www.vangraaf.com\/lv\/wp-content\/uploads\/sites\/5\/2020\/03\/Lacoste_Logo_4c_grau_Ausnahme_OK.svg\" class=\"attachment-full size-full\" alt=\"\" \/><\/a><\/div><div class=\"brand-slider__slider__item\"><a href=\"https:\/\/www.vangraaf.com\/lv\/zimoli\/superdry\/\" title=\"Superdry\"><img loading=\"lazy\" decoding=\"async\" width=\"1\" height=\"1\" src=\"https:\/\/www.vangraaf.com\/lv\/wp-content\/uploads\/sites\/5\/2020\/03\/Superdry_Logo_grau_OK.svg\" class=\"attachment-full size-full\" alt=\"\" \/><\/a><\/div><div class=\"brand-slider__slider__item\"><a href=\"https:\/\/www.vangraaf.com\/lv\/zimoli\/fila\/\" title=\"FILA\"><img loading=\"lazy\" decoding=\"async\" width=\"1\" height=\"1\" src=\"https:\/\/www.vangraaf.com\/lv\/wp-content\/uploads\/sites\/5\/2020\/03\/Fila-Logo-grau_OK.svg\" class=\"attachment-full size-full\" alt=\"\" \/><\/a><\/div><div class=\"brand-slider__slider__item\"><a href=\"https:\/\/www.vangraaf.com\/lv\/zimoli\/tom-tailor\/\" title=\"TOM TAILOR\"><img loading=\"lazy\" decoding=\"async\" width=\"1\" height=\"1\" src=\"https:\/\/www.vangraaf.com\/lv\/wp-content\/uploads\/sites\/5\/2020\/03\/Tom_Tailor_Logo_grau_OK.svg\" class=\"attachment-full size-full\" alt=\"\" \/><\/a><\/div><div class=\"brand-slider__slider__item\"><a href=\"https:\/\/www.vangraaf.com\/lv\/zimoli\/alpha-industries\/\" title=\"Alpha Industries\"><img loading=\"lazy\" decoding=\"async\" width=\"1\" height=\"1\" src=\"https:\/\/www.vangraaf.com\/lv\/wp-content\/uploads\/sites\/5\/2020\/03\/Alpha_Industries_Logo_grau_OK.svg\" class=\"attachment-full size-full\" alt=\"\" \/><\/a><\/div><div class=\"brand-slider__slider__item\"><a href=\"https:\/\/www.vangraaf.com\/lv\/zimoli\/g-star\/\" title=\"G-Star RAW\"><img loading=\"lazy\" decoding=\"async\" width=\"1\" height=\"1\" src=\"https:\/\/www.vangraaf.com\/lv\/wp-content\/uploads\/sites\/5\/2020\/03\/G_Star_Logo_grau_OK.svg\" class=\"attachment-full size-full\" alt=\"\" \/><\/a><\/div><div class=\"brand-slider__slider__item\"><a href=\"https:\/\/www.vangraaf.com\/lv\/zimoli\/vila\/\" title=\"VILA\"><img loading=\"lazy\" decoding=\"async\" width=\"1\" height=\"1\" src=\"https:\/\/www.vangraaf.com\/lv\/wp-content\/uploads\/sites\/5\/2020\/03\/Vila_Logo_grau_OK.svg\" class=\"attachment-full size-full\" alt=\"\" \/><\/a><\/div><div class=\"brand-slider__slider__item\"><a href=\"https:\/\/www.vangraaf.com\/lv\/zimoli\/boss\/\" title=\"BOSS\"><img loading=\"lazy\" decoding=\"async\" width=\"1\" height=\"1\" src=\"https:\/\/www.vangraaf.com\/lv\/wp-content\/uploads\/sites\/5\/2020\/03\/Boss_Logo_grau_OK.svg\" class=\"attachment-full size-full\" alt=\"\" \/><\/a><\/div><div class=\"brand-slider__slider__item\"><a href=\"https:\/\/www.vangraaf.com\/lv\/zimoli\/armani-exchange\/\" title=\"Armani Exchange\"><img loading=\"lazy\" decoding=\"async\" width=\"1\" height=\"1\" src=\"https:\/\/www.vangraaf.com\/lv\/wp-content\/uploads\/sites\/5\/2020\/03\/Armani-Exchange-Logo-grau_OK.svg\" class=\"attachment-full size-full\" alt=\"\" \/><\/a><\/div><div class=\"brand-slider__slider__item\"><a href=\"https:\/\/www.vangraaf.com\/lv\/zimoli\/polo-ralph-lauren\/\" title=\"Polo Ralph Lauren\"><img loading=\"lazy\" decoding=\"async\" width=\"1\" height=\"1\" src=\"https:\/\/www.vangraaf.com\/lv\/wp-content\/uploads\/sites\/5\/2020\/03\/Ralph_Lauren_Logo_grau_OK.svg\" class=\"attachment-full size-full\" alt=\"\" \/><\/a><\/div><div class=\"brand-slider__slider__item\"><a href=\"https:\/\/www.vangraaf.com\/lv\/zimoli\/marie-lund\/\" title=\"Marie Lund\"><img loading=\"lazy\" decoding=\"async\" width=\"1\" height=\"1\" src=\"https:\/\/www.vangraaf.com\/lv\/wp-content\/uploads\/sites\/5\/2020\/03\/Marie_Lund_Logo_grau_OK.svg\" class=\"attachment-full size-full\" alt=\"\" \/><\/a><\/div><\/div><\/div><\/div>[\/vc_column][\/vc_row]<\/div>","protected":false},"excerpt":{"rendered":"[vc_row full_width=&#8221;stretch_row_content_no_spaces&#8221;][vc_column][vc_column_text] Pavisam nelielam skaitam modes z\u012bmolu ir tik senas trad\u012bcijas k\u0101 Levi&#8217;s d\u017einsiem. \u0160is amerik\u0101\u0146u kulta z\u012bmols tika rad\u012bts pirms vair\u0101k k\u0101 150 gadiem. No s\u0101kotn\u0113j\u0101 iztur\u012bgu darba ap\u0123\u0113rbu ra\u017eot\u0101ja tas ir k\u013cuvis par vienu no slaven\u0101kajiem un daudzveid\u012bg\u0101kajiem d\u017einsu modes ap\u0123\u0113rbu z\u012bmoliem. Ilgu laiku z\u012bmola kl\u0101stu veido ar\u012b ap\u0123\u0113rbi, kas nav d\u017einsi. Veikal\u0101 [&hellip;]","protected":false},"author":3,"featured_media":0,"parent":3938,"menu_order":0,"comment_status":"closed","ping_status":"closed","template":"","meta":{"_acf_changed":false,"inline_featured_image":false,"footnotes":""},"class_list":["post-3951","page","type-page","status-publish","hentry"],"acf":[],"yoast_head":"<!-- This site is optimized with the Yoast SEO plugin v27.2 - https:\/\/yoast.com\/product\/yoast-seo-wordpress\/ -->\n<title>Levi&#039;s sieviet\u0113m un v\u012brie\u0161iem R\u012bg\u0101<\/title>\n<meta name=\"description\" content=\"M\u016bsdien\u012bgi Levi&#039;s d\u017einsu mode\u013ci un ikdienas ap\u0123\u0113rbs sieviet\u0113m un v\u012brie\u0161iem: tagad mekl\u0113jiet Levi&#039;s d\u017einsus veikal\u0101 VAN GRAAF R\u012bg\u0101!\" \/>\n<meta name=\"robots\" content=\"index, follow, max-snippet:-1, max-image-preview:large, max-video-preview:-1\" \/>\n<link rel=\"canonical\" href=\"https:\/\/www.vangraaf.com\/lv\/zimoli\/levis\/\" \/>\n<meta property=\"og:locale\" content=\"lv_LV\" \/>\n<meta property=\"og:type\" content=\"article\" \/>\n<meta property=\"og:title\" content=\"Levi&#039;s sieviet\u0113m un v\u012brie\u0161iem R\u012bg\u0101\" \/>\n<meta property=\"og:description\" content=\"M\u016bsdien\u012bgi Levi&#039;s d\u017einsu mode\u013ci un ikdienas ap\u0123\u0113rbs sieviet\u0113m un v\u012brie\u0161iem: tagad mekl\u0113jiet Levi&#039;s d\u017einsus veikal\u0101 VAN GRAAF R\u012bg\u0101!\" \/>\n<meta property=\"og:url\" content=\"https:\/\/www.vangraaf.com\/lv\/zimoli\/levis\/\" \/>\n<meta property=\"og:site_name\" content=\"VAN GRAAF Latvija\" \/>\n<meta property=\"article:modified_time\" content=\"2020-09-15T10:50:52+00:00\" \/>\n<meta name=\"twitter:card\" content=\"summary_large_image\" \/>\n<meta name=\"twitter:label1\" content=\"Est. reading time\" \/>\n\t<meta name=\"twitter:data1\" content=\"3 min\u016btes\" \/>\n<script type=\"application\/ld+json\" class=\"yoast-schema-graph\">{\"@context\":\"https:\/\/schema.org\",\"@graph\":[{\"@type\":\"WebPage\",\"@id\":\"https:\/\/www.vangraaf.com\/lv\/zimoli\/levis\/\",\"url\":\"https:\/\/www.vangraaf.com\/lv\/zimoli\/levis\/\",\"name\":\"Levi's sieviet\u0113m un v\u012brie\u0161iem R\u012bg\u0101\",\"isPartOf\":{\"@id\":\"https:\/\/www.vangraaf.com\/lv\/#website\"},\"datePublished\":\"2020-03-12T12:41:36+00:00\",\"dateModified\":\"2020-09-15T10:50:52+00:00\",\"description\":\"M\u016bsdien\u012bgi Levi's d\u017einsu mode\u013ci un ikdienas ap\u0123\u0113rbs sieviet\u0113m un v\u012brie\u0161iem: tagad mekl\u0113jiet Levi's d\u017einsus veikal\u0101 VAN GRAAF R\u012bg\u0101!\",\"breadcrumb\":{\"@id\":\"https:\/\/www.vangraaf.com\/lv\/zimoli\/levis\/#breadcrumb\"},\"inLanguage\":\"lv-LV\",\"potentialAction\":[{\"@type\":\"ReadAction\",\"target\":[\"https:\/\/www.vangraaf.com\/lv\/zimoli\/levis\/\"]}]},{\"@type\":\"BreadcrumbList\",\"@id\":\"https:\/\/www.vangraaf.com\/lv\/zimoli\/levis\/#breadcrumb\",\"itemListElement\":[{\"@type\":\"ListItem\",\"position\":1,\"name\":\"Home\",\"item\":\"https:\/\/www.vangraaf.com\/lv\/\"},{\"@type\":\"ListItem\",\"position\":2,\"name\":\"Marken\",\"item\":\"https:\/\/www.vangraaf.com\/lv\/zimoli\/\"},{\"@type\":\"ListItem\",\"position\":3,\"name\":\"Levi&#8217;s\"}]},{\"@type\":\"WebSite\",\"@id\":\"https:\/\/www.vangraaf.com\/lv\/#website\",\"url\":\"https:\/\/www.vangraaf.com\/lv\/\",\"name\":\"VAN GRAAF\",\"description\":\"VAN GRAAF\",\"potentialAction\":[{\"@type\":\"SearchAction\",\"target\":{\"@type\":\"EntryPoint\",\"urlTemplate\":\"https:\/\/www.vangraaf.com\/lv\/?s={search_term_string}\"},\"query-input\":{\"@type\":\"PropertyValueSpecification\",\"valueRequired\":true,\"valueName\":\"search_term_string\"}}],\"inLanguage\":\"lv-LV\"}]}<\/script>\n<!-- \/ Yoast SEO plugin. -->","yoast_head_json":{"title":"Levi's sieviet\u0113m un v\u012brie\u0161iem R\u012bg\u0101","description":"M\u016bsdien\u012bgi Levi's d\u017einsu mode\u013ci un ikdienas ap\u0123\u0113rbs sieviet\u0113m un v\u012brie\u0161iem: tagad mekl\u0113jiet Levi's d\u017einsus veikal\u0101 VAN GRAAF R\u012bg\u0101!","robots":{"index":"index","follow":"follow","max-snippet":"max-snippet:-1","max-image-preview":"max-image-preview:large","max-video-preview":"max-video-preview:-1"},"canonical":"https:\/\/www.vangraaf.com\/lv\/zimoli\/levis\/","og_locale":"lv_LV","og_type":"article","og_title":"Levi's sieviet\u0113m un v\u012brie\u0161iem R\u012bg\u0101","og_description":"M\u016bsdien\u012bgi Levi's d\u017einsu mode\u013ci un ikdienas ap\u0123\u0113rbs sieviet\u0113m un v\u012brie\u0161iem: tagad mekl\u0113jiet Levi's d\u017einsus veikal\u0101 VAN GRAAF R\u012bg\u0101!","og_url":"https:\/\/www.vangraaf.com\/lv\/zimoli\/levis\/","og_site_name":"VAN GRAAF Latvija","article_modified_time":"2020-09-15T10:50:52+00:00","twitter_card":"summary_large_image","twitter_misc":{"Est. reading time":"3 min\u016btes"},"schema":{"@context":"https:\/\/schema.org","@graph":[{"@type":"WebPage","@id":"https:\/\/www.vangraaf.com\/lv\/zimoli\/levis\/","url":"https:\/\/www.vangraaf.com\/lv\/zimoli\/levis\/","name":"Levi's sieviet\u0113m un v\u012brie\u0161iem R\u012bg\u0101","isPartOf":{"@id":"https:\/\/www.vangraaf.com\/lv\/#website"},"datePublished":"2020-03-12T12:41:36+00:00","dateModified":"2020-09-15T10:50:52+00:00","description":"M\u016bsdien\u012bgi Levi's d\u017einsu mode\u013ci un ikdienas ap\u0123\u0113rbs sieviet\u0113m un v\u012brie\u0161iem: tagad mekl\u0113jiet Levi's d\u017einsus veikal\u0101 VAN GRAAF R\u012bg\u0101!","breadcrumb":{"@id":"https:\/\/www.vangraaf.com\/lv\/zimoli\/levis\/#breadcrumb"},"inLanguage":"lv-LV","potentialAction":[{"@type":"ReadAction","target":["https:\/\/www.vangraaf.com\/lv\/zimoli\/levis\/"]}]},{"@type":"BreadcrumbList","@id":"https:\/\/www.vangraaf.com\/lv\/zimoli\/levis\/#breadcrumb","itemListElement":[{"@type":"ListItem","position":1,"name":"Home","item":"https:\/\/www.vangraaf.com\/lv\/"},{"@type":"ListItem","position":2,"name":"Marken","item":"https:\/\/www.vangraaf.com\/lv\/zimoli\/"},{"@type":"ListItem","position":3,"name":"Levi&#8217;s"}]},{"@type":"WebSite","@id":"https:\/\/www.vangraaf.com\/lv\/#website","url":"https:\/\/www.vangraaf.com\/lv\/","name":"VAN GRAAF","description":"VAN GRAAF","potentialAction":[{"@type":"SearchAction","target":{"@type":"EntryPoint","urlTemplate":"https:\/\/www.vangraaf.com\/lv\/?s={search_term_string}"},"query-input":{"@type":"PropertyValueSpecification","valueRequired":true,"valueName":"search_term_string"}}],"inLanguage":"lv-LV"}]}},"_links":{"self":[{"href":"https:\/\/www.vangraaf.com\/lv\/wp-json\/wp\/v2\/pages\/3951","targetHints":{"allow":["GET"]}}],"collection":[{"href":"https:\/\/www.vangraaf.com\/lv\/wp-json\/wp\/v2\/pages"}],"about":[{"href":"https:\/\/www.vangraaf.com\/lv\/wp-json\/wp\/v2\/types\/page"}],"author":[{"embeddable":true,"href":"https:\/\/www.vangraaf.com\/lv\/wp-json\/wp\/v2\/users\/3"}],"replies":[{"embeddable":true,"href":"https:\/\/www.vangraaf.com\/lv\/wp-json\/wp\/v2\/comments?post=3951"}],"version-history":[{"count":8,"href":"https:\/\/www.vangraaf.com\/lv\/wp-json\/wp\/v2\/pages\/3951\/revisions"}],"predecessor-version":[{"id":5015,"href":"https:\/\/www.vangraaf.com\/lv\/wp-json\/wp\/v2\/pages\/3951\/revisions\/5015"}],"up":[{"embeddable":true,"href":"https:\/\/www.vangraaf.com\/lv\/wp-json\/wp\/v2\/pages\/3938"}],"wp:attachment":[{"href":"https:\/\/www.vangraaf.com\/lv\/wp-json\/wp\/v2\/media?parent=3951"}],"curies":[{"name":"wp","href":"https:\/\/api.w.org\/{rel}","templated":true}]}}