{"id":3937,"date":"2020-01-20T14:51:40","date_gmt":"2020-01-20T13:51:40","guid":{"rendered":"http:\/\/van-graaf.test\/ch\/?page_id=2035"},"modified":"2021-03-01T14:34:13","modified_gmt":"2021-03-01T13:34:13","slug":"kontaktpersona","status":"publish","type":"page","link":"https:\/\/www.vangraaf.com\/lv\/kontaktpersona\/","title":{"rendered":"Kontakt"},"content":{"rendered":"<div class=\"wpb-content-wrapper\">[vc_row full_width=&#8221;stretch_row_content_no_spaces&#8221;][vc_column]<div class=\"keyvisual\" data-aos=\"fade-up\" ><img loading=\"lazy\" decoding=\"async\" width=\"1440\" height=\"480\" src=\"https:\/\/www.vangraaf.com\/lv\/wp-content\/uploads\/sites\/5\/2020\/02\/Impressum_Banner_WP.jpg\" class=\"vc_single_image-img\" alt=\"P\u0101ris siltos d\u017eemperos un cepur\u0113, apskaujas un smaida, s\u0113\u017eot br\u016bnas kr\u0101sas d\u012bv\u0101n\u0101.\" srcset=\"https:\/\/www.vangraaf.com\/lv\/wp-content\/uploads\/sites\/5\/2020\/02\/Impressum_Banner_WP.jpg 1440w, https:\/\/www.vangraaf.com\/lv\/wp-content\/uploads\/sites\/5\/2020\/02\/Impressum_Banner_WP-300x100.jpg 300w, https:\/\/www.vangraaf.com\/lv\/wp-content\/uploads\/sites\/5\/2020\/02\/Impressum_Banner_WP-1024x341.jpg 1024w, https:\/\/www.vangraaf.com\/lv\/wp-content\/uploads\/sites\/5\/2020\/02\/Impressum_Banner_WP-768x256.jpg 768w, https:\/\/www.vangraaf.com\/lv\/wp-content\/uploads\/sites\/5\/2020\/02\/Impressum_Banner_WP-1200x400.jpg 1200w, https:\/\/www.vangraaf.com\/lv\/wp-content\/uploads\/sites\/5\/2020\/02\/Impressum_Banner_WP-992x331.jpg 992w, https:\/\/www.vangraaf.com\/lv\/wp-content\/uploads\/sites\/5\/2020\/02\/Impressum_Banner_WP-480x160.jpg 480w, https:\/\/www.vangraaf.com\/lv\/wp-content\/uploads\/sites\/5\/2020\/02\/Impressum_Banner_WP-690x230.jpg 690w\" sizes=\"(max-width: 1440px) 100vw, 1440px\" \/><\/div>\n        <div class=\"headlines headlines--center\" data-aos=\"fade-up\">\n            <div class=\"vc_row\">\n                <div class=\"vc_col-md-10 vc_col-md-offset-1 vc_col-lg-10 vc_col-lg-offset-1\"><h1 class=\"h2\">Kontaktinform\u0101cija<\/h1><\/div>\n            <\/div>\n        <\/div>[vc_column_text]\r\n<p style=\"text-align: center\">J\u016bsu tie\u0161ais kontakts ar VAN\u00a0GRAAF: nos\u016btiet mums savu piepras\u012bjumu, ierosin\u0101jumu vai kritiku, vienk\u0101r\u0161i izmantojot m\u016bsu kontaktinform\u0101cijas veidlapu.<\/p>\r\n[\/vc_column_text][\/vc_column][\/vc_row][vc_row][vc_column]\n<div class=\"wpcf7 no-js\" id=\"wpcf7-f52-o1\" lang=\"de-DE\" dir=\"ltr\" data-wpcf7-id=\"52\">\n<div class=\"screen-reader-response\"><p role=\"status\" aria-live=\"polite\" aria-atomic=\"true\"><\/p> <ul><\/ul><\/div>\n<form action=\"\/lv\/wp-json\/wp\/v2\/pages\/3937#wpcf7-f52-o1\" method=\"post\" class=\"wpcf7-form init wpcf7-acceptance-as-validation\" aria-label=\"Kontaktformular\" novalidate=\"novalidate\" data-status=\"init\">\n<fieldset class=\"hidden-fields-container\"><input type=\"hidden\" name=\"_wpcf7\" value=\"52\" \/><input type=\"hidden\" name=\"_wpcf7_version\" value=\"6.1.5\" \/><input type=\"hidden\" name=\"_wpcf7_locale\" value=\"de_DE_formal\" \/><input type=\"hidden\" name=\"_wpcf7_unit_tag\" value=\"wpcf7-f52-o1\" \/><input type=\"hidden\" name=\"_wpcf7_container_post\" value=\"0\" \/><input type=\"hidden\" name=\"_wpcf7_posted_data_hash\" value=\"\" \/><input type=\"hidden\" name=\"_cf7a__timestamp\" value=\"CbrB\/Yemhi3E3eXSQjW5bQ==\" \/><input type=\"hidden\" name=\"_cf7a_version\" value=\"1.0\" \/><input type=\"hidden\" name=\"_cf7a_address\" value=\"\" \/><input type=\"hidden\" name=\"_cf7a_referer\" value=\"\" \/><input type=\"hidden\" name=\"_cf7a_protocol\" value=\"\" \/><input type=\"hidden\" name=\"_cf7a_bot_fingerprint\" value=\"CbrB\/Yemhi3E3eXSQjW5bQ==\" \/><input type=\"hidden\" name=\"_cf7a_bot_fingerprint_extras\" \/><input type=\"hidden\" name=\"_cf7a_append_on_submit\" \/>\n<\/fieldset>\n<div class=\"vc_row\">\n<div class=\"vc_col-sm-6\">\n<div class=\"form-element form-element--select\">\n<span class=\"wpcf7-form-control-wrap\" data-name=\"subject\"><select class=\"wpcf7-form-control wpcf7-select wpcf7-validates-as-required\" aria-required=\"true\" aria-invalid=\"false\" name=\"subject\"><option value=\"\">Temats*<\/option><option value=\"Uzslava un kritika\">Uzslava un kritika<\/option><option value=\"V\u0113lmes un ierosin\u0101jumi\">V\u0113lmes un ierosin\u0101jumi<\/option><option value=\"Jaut\u0101jumi par m\u016bsu sortimentu\">Jaut\u0101jumi par m\u016bsu sortimentu<\/option><option value=\"Jaut\u0101jumi par m\u016bsu pakalpojumiem\">Jaut\u0101jumi par m\u016bsu pakalpojumiem<\/option><option value=\"Jaut\u0101jumi par m\u016bsu uz\u0146\u0113mumu\">Jaut\u0101jumi par m\u016bsu uz\u0146\u0113mumu<\/option><option value=\"Jaut\u0101jumi par m\u016bsu t\u012bmek\u013ca vietni\">Jaut\u0101jumi par m\u016bsu t\u012bmek\u013ca vietni<\/option><option value=\"Citi jaut\u0101jumi\">Citi jaut\u0101jumi<\/option><\/select><\/span>\n<\/div>\n<\/div>\n<\/div>\n\n<div class=\"vc_row\">\n<div class=\"vc_col-sm-6\">\n<div class=\"form-element form-element--select\">\n<span class=\"wpcf7-form-control-wrap\" data-name=\"salutation\"><select class=\"wpcf7-form-control wpcf7-select wpcf7-validates-as-required\" aria-required=\"true\" aria-invalid=\"false\" name=\"salutation\"><option value=\"\">Uzruna*<\/option><option value=\"Kungs\">Kungs<\/option><option value=\"Kundze\">Kundze<\/option><\/select><\/span>\n<\/div>\n<\/div>\n<\/div>\n\n<div class=\"vc_row\">\n<div class=\"vc_col-sm-6\">\n<div class=\"form-element form-element--input\">\n<span class=\"wpcf7-form-control-wrap\" data-name=\"firstname\"><input size=\"40\" maxlength=\"400\" class=\"wpcf7-form-control wpcf7-text wpcf7-validates-as-required\" id=\"firstname\" aria-required=\"true\" aria-invalid=\"false\" value=\"\" type=\"text\" name=\"firstname\" \/><\/span> <label for=\"firstname\">V\u0101rds*<\/label>\n<\/div>\n<\/div>\n<div class=\"vc_col-sm-6\">\n<div class=\"form-element form-element--input\">\n<span class=\"wpcf7-form-control-wrap\" data-name=\"lastname\"><input size=\"40\" maxlength=\"400\" class=\"wpcf7-form-control wpcf7-text wpcf7-validates-as-required\" id=\"lastname\" aria-required=\"true\" aria-invalid=\"false\" value=\"\" type=\"text\" name=\"lastname\" \/><\/span> <label for=\"lastname\">Uzv\u0101rds*<\/label>\n<\/div>\n<\/div>\n<\/div>\n\n<div class=\"vc_row\">\n<div class=\"vc_col-sm-6\">\n<div class=\"form-element form-element--input\">\n<span class=\"wpcf7-form-control-wrap\" data-name=\"street\"><input size=\"40\" maxlength=\"400\" class=\"wpcf7-form-control wpcf7-text\" id=\"street\" aria-invalid=\"false\" value=\"\" type=\"text\" name=\"street\" \/><\/span> <label for=\"street\">Iela<\/label>\n<\/div>\n<\/div>\n<div class=\"vc_col-sm-6\">\n<div class=\"form-element form-element--input\">\n<span class=\"wpcf7-form-control-wrap\" data-name=\"number\"><input size=\"40\" maxlength=\"400\" class=\"wpcf7-form-control wpcf7-text\" id=\"number\" aria-invalid=\"false\" value=\"\" type=\"text\" name=\"number\" \/><\/span> <label for=\"number\">M\u0101jas numurs<\/label>\n<\/div>\n<\/div>\n<\/div>\n\n<div class=\"vc_row\">\n<div class=\"vc_col-sm-6\">\n<div class=\"form-element form-element--input\">\n<span class=\"wpcf7-form-control-wrap\" data-name=\"zip\"><input size=\"40\" maxlength=\"400\" class=\"wpcf7-form-control wpcf7-text\" id=\"zip\" aria-invalid=\"false\" value=\"\" type=\"text\" name=\"zip\" \/><\/span> <label for=\"zip\">Pasta indekss<\/label>\n<\/div>\n<\/div>\n<div class=\"vc_col-sm-6\">\n<div class=\"form-element form-element--input\">\n<span class=\"wpcf7-form-control-wrap\" data-name=\"city\"><input size=\"40\" maxlength=\"400\" class=\"wpcf7-form-control wpcf7-text\" id=\"city\" aria-invalid=\"false\" value=\"\" type=\"text\" name=\"city\" \/><\/span> <label for=\"city\">Vieta<\/label>\n<\/div>\n<\/div>\n<\/div>\n\n<div class=\"vc_row\">\n<div class=\"vc_col-sm-6\">\n<div class=\"form-element form-element--input\">\n<span class=\"wpcf7-form-control-wrap\" data-name=\"phone\"><input size=\"40\" maxlength=\"400\" class=\"wpcf7-form-control wpcf7-tel wpcf7-text wpcf7-validates-as-tel\" id=\"phone\" aria-invalid=\"false\" value=\"\" type=\"tel\" name=\"phone\" \/><\/span> <label for=\"phone\">T\u0101lrunis<\/label>\n<\/div>\n<\/div>\n<div class=\"vc_col-sm-6\">\n<div class=\"form-element form-element--input\">\n<span class=\"wpcf7-form-control-wrap\" data-name=\"email\"><input size=\"40\" maxlength=\"400\" class=\"wpcf7-form-control wpcf7-email wpcf7-validates-as-required wpcf7-text wpcf7-validates-as-email\" id=\"email\" aria-required=\"true\" aria-invalid=\"false\" value=\"\" type=\"email\" name=\"email\" \/><\/span> <label for=\"email\">E-pasta adrese*<\/label>\n<\/div>\n<\/div>\n<\/div>\n\n<div class=\"vc_row\">\n<div class=\"vc_col-sm-12\">\n<div class=\"form-element form-element--textarea\">\n<span class=\"wpcf7-form-control-wrap\" data-name=\"message\"><textarea cols=\"40\" rows=\"10\" maxlength=\"2000\" class=\"wpcf7-form-control wpcf7-textarea wpcf7-validates-as-required\" id=\"message\" aria-required=\"true\" aria-invalid=\"false\" name=\"message\"><\/textarea><\/span> <label for=\"message\">J\u016bsu zi\u0146ojums*<\/label>\n<\/div>\n<\/div>\n<\/div>\n\n<div class=\"vc_row\">\n<div class=\"vc_col-sm-12\">\n<div class=\"form-element form-element--checkbox\">\n<span class=\"wpcf7-form-control-wrap\" data-name=\"privacy\"><span class=\"wpcf7-form-control wpcf7-acceptance\"><span class=\"wpcf7-list-item\"><input type=\"checkbox\" name=\"privacy\" value=\"1\" id=\"privacy\" aria-invalid=\"false\" \/><\/span><\/span><\/span> <label for=\"privacy\">Piekr\u012btu, ka manus iepriek\u0161 ievad\u012btos datus VAN&nbsp;GRAAF apstr\u0101d\u0101, lai atbild\u0113tu uz manu piepras\u012bjumu pa e-pastu, t\u0101lruni un\/vai pa pastu. <a href=\"\/lv\/datu-aizsardziba\/\" target=\"_blank\">Datu aizsardz\u012bbas noteikumi<\/a> esmu izlas\u012bjis un piekr\u012btu tiem.*<\/label>\n<\/div>\n<\/div>\n<\/div>\n\n<div class=\"vc_row\">\n<div class=\"vc_col-sm-12\">\n<small>L\u016bdzu, aizpildiet visus ar * atz\u012bm\u0113tos laukus.<\/small>\n<\/div>\n<\/div>\n\n<div class=\"wpcf7-response-output\" aria-hidden=\"true\"><\/div>\n\n<div class=\"vc_row\">\n<div class=\"vc_col-sm-12 form__buttons\">\n<button id=\"submit\" type=\"submit\" class=\"wpcf7-form-control wpcf7-submit button\">Nos\u016bt\u012bt<\/button>\n<\/div>\n<\/div>\n\n<span id=\"wpcf7-69fcac95d9745-wrapper\" class=\"wpcf7-form-control-wrap credit-card-wrap\" ><input type=\"hidden\" name=\"credit-card-time-start\" value=\"1778166933\"><input type=\"hidden\" name=\"credit-card-time-check\" value=\"4\"><input id=\"wpcf7-69fcac95d9745-field\"  class=\"wpcf7-form-control wpcf7-text\" type=\"text\" name=\"credit-card\" value=\"\" size=\"40\" tabindex=\"-1\" autocomplete=\"new-password\" \/><\/span>\n<\/form>\n<\/div>\n[\/vc_column][\/vc_row]<\/div>","protected":false},"excerpt":{"rendered":"[vc_row full_width=&#8221;stretch_row_content_no_spaces&#8221;][vc_column][vc_column_text] J\u016bsu tie\u0161ais kontakts ar VAN\u00a0GRAAF: nos\u016btiet mums savu piepras\u012bjumu, ierosin\u0101jumu vai kritiku, vienk\u0101r\u0161i izmantojot m\u016bsu kontaktinform\u0101cijas veidlapu. [\/vc_column_text][\/vc_column][\/vc_row][vc_row][vc_column][\/vc_column][\/vc_row]","protected":false},"author":3,"featured_media":0,"parent":0,"menu_order":0,"comment_status":"closed","ping_status":"closed","template":"","meta":{"_acf_changed":false,"inline_featured_image":false,"footnotes":""},"class_list":["post-3937","page","type-page","status-publish","hentry"],"acf":[],"yoast_head":"<!-- This site is optimized with the Yoast SEO plugin v27.2 - https:\/\/yoast.com\/product\/yoast-seo-wordpress\/ -->\n<title>Sazi\u0146a ar VAN GRAAF<\/title>\n<meta name=\"description\" content=\"VAN GRAAF adres\u0113ti piepras\u012bjumi, ierosin\u0101jumi vai kritika.\" \/>\n<meta name=\"robots\" content=\"index, follow, max-snippet:-1, max-image-preview:large, max-video-preview:-1\" \/>\n<link rel=\"canonical\" href=\"https:\/\/www.vangraaf.com\/lv\/kontaktpersona\/\" \/>\n<meta property=\"og:locale\" content=\"lv_LV\" \/>\n<meta property=\"og:type\" content=\"article\" \/>\n<meta property=\"og:title\" content=\"Sazi\u0146a ar VAN GRAAF\" \/>\n<meta property=\"og:description\" content=\"VAN GRAAF adres\u0113ti piepras\u012bjumi, ierosin\u0101jumi vai kritika.\" \/>\n<meta property=\"og:url\" content=\"https:\/\/www.vangraaf.com\/lv\/kontaktpersona\/\" \/>\n<meta property=\"og:site_name\" content=\"VAN GRAAF Latvija\" \/>\n<meta property=\"article:modified_time\" content=\"2021-03-01T13:34:13+00:00\" \/>\n<meta name=\"twitter:card\" content=\"summary_large_image\" \/>\n<script type=\"application\/ld+json\" class=\"yoast-schema-graph\">{\"@context\":\"https:\/\/schema.org\",\"@graph\":[{\"@type\":\"WebPage\",\"@id\":\"https:\/\/www.vangraaf.com\/lv\/kontaktpersona\/\",\"url\":\"https:\/\/www.vangraaf.com\/lv\/kontaktpersona\/\",\"name\":\"Sazi\u0146a ar VAN GRAAF\",\"isPartOf\":{\"@id\":\"https:\/\/www.vangraaf.com\/lv\/#website\"},\"datePublished\":\"2020-01-20T13:51:40+00:00\",\"dateModified\":\"2021-03-01T13:34:13+00:00\",\"description\":\"VAN GRAAF adres\u0113ti piepras\u012bjumi, ierosin\u0101jumi vai kritika.\",\"breadcrumb\":{\"@id\":\"https:\/\/www.vangraaf.com\/lv\/kontaktpersona\/#breadcrumb\"},\"inLanguage\":\"lv-LV\",\"potentialAction\":[{\"@type\":\"ReadAction\",\"target\":[\"https:\/\/www.vangraaf.com\/lv\/kontaktpersona\/\"]}]},{\"@type\":\"BreadcrumbList\",\"@id\":\"https:\/\/www.vangraaf.com\/lv\/kontaktpersona\/#breadcrumb\",\"itemListElement\":[{\"@type\":\"ListItem\",\"position\":1,\"name\":\"Home\",\"item\":\"https:\/\/www.vangraaf.com\/lv\/\"},{\"@type\":\"ListItem\",\"position\":2,\"name\":\"Kontakt\"}]},{\"@type\":\"WebSite\",\"@id\":\"https:\/\/www.vangraaf.com\/lv\/#website\",\"url\":\"https:\/\/www.vangraaf.com\/lv\/\",\"name\":\"VAN GRAAF\",\"description\":\"VAN GRAAF\",\"potentialAction\":[{\"@type\":\"SearchAction\",\"target\":{\"@type\":\"EntryPoint\",\"urlTemplate\":\"https:\/\/www.vangraaf.com\/lv\/?s={search_term_string}\"},\"query-input\":{\"@type\":\"PropertyValueSpecification\",\"valueRequired\":true,\"valueName\":\"search_term_string\"}}],\"inLanguage\":\"lv-LV\"}]}<\/script>\n<!-- \/ Yoast SEO plugin. -->","yoast_head_json":{"title":"Sazi\u0146a ar VAN GRAAF","description":"VAN GRAAF adres\u0113ti piepras\u012bjumi, ierosin\u0101jumi vai kritika.","robots":{"index":"index","follow":"follow","max-snippet":"max-snippet:-1","max-image-preview":"max-image-preview:large","max-video-preview":"max-video-preview:-1"},"canonical":"https:\/\/www.vangraaf.com\/lv\/kontaktpersona\/","og_locale":"lv_LV","og_type":"article","og_title":"Sazi\u0146a ar VAN GRAAF","og_description":"VAN GRAAF adres\u0113ti piepras\u012bjumi, ierosin\u0101jumi vai kritika.","og_url":"https:\/\/www.vangraaf.com\/lv\/kontaktpersona\/","og_site_name":"VAN GRAAF Latvija","article_modified_time":"2021-03-01T13:34:13+00:00","twitter_card":"summary_large_image","schema":{"@context":"https:\/\/schema.org","@graph":[{"@type":"WebPage","@id":"https:\/\/www.vangraaf.com\/lv\/kontaktpersona\/","url":"https:\/\/www.vangraaf.com\/lv\/kontaktpersona\/","name":"Sazi\u0146a ar VAN GRAAF","isPartOf":{"@id":"https:\/\/www.vangraaf.com\/lv\/#website"},"datePublished":"2020-01-20T13:51:40+00:00","dateModified":"2021-03-01T13:34:13+00:00","description":"VAN GRAAF adres\u0113ti piepras\u012bjumi, ierosin\u0101jumi vai kritika.","breadcrumb":{"@id":"https:\/\/www.vangraaf.com\/lv\/kontaktpersona\/#breadcrumb"},"inLanguage":"lv-LV","potentialAction":[{"@type":"ReadAction","target":["https:\/\/www.vangraaf.com\/lv\/kontaktpersona\/"]}]},{"@type":"BreadcrumbList","@id":"https:\/\/www.vangraaf.com\/lv\/kontaktpersona\/#breadcrumb","itemListElement":[{"@type":"ListItem","position":1,"name":"Home","item":"https:\/\/www.vangraaf.com\/lv\/"},{"@type":"ListItem","position":2,"name":"Kontakt"}]},{"@type":"WebSite","@id":"https:\/\/www.vangraaf.com\/lv\/#website","url":"https:\/\/www.vangraaf.com\/lv\/","name":"VAN GRAAF","description":"VAN GRAAF","potentialAction":[{"@type":"SearchAction","target":{"@type":"EntryPoint","urlTemplate":"https:\/\/www.vangraaf.com\/lv\/?s={search_term_string}"},"query-input":{"@type":"PropertyValueSpecification","valueRequired":true,"valueName":"search_term_string"}}],"inLanguage":"lv-LV"}]}},"_links":{"self":[{"href":"https:\/\/www.vangraaf.com\/lv\/wp-json\/wp\/v2\/pages\/3937","targetHints":{"allow":["GET"]}}],"collection":[{"href":"https:\/\/www.vangraaf.com\/lv\/wp-json\/wp\/v2\/pages"}],"about":[{"href":"https:\/\/www.vangraaf.com\/lv\/wp-json\/wp\/v2\/types\/page"}],"author":[{"embeddable":true,"href":"https:\/\/www.vangraaf.com\/lv\/wp-json\/wp\/v2\/users\/3"}],"replies":[{"embeddable":true,"href":"https:\/\/www.vangraaf.com\/lv\/wp-json\/wp\/v2\/comments?post=3937"}],"version-history":[{"count":7,"href":"https:\/\/www.vangraaf.com\/lv\/wp-json\/wp\/v2\/pages\/3937\/revisions"}],"predecessor-version":[{"id":5210,"href":"https:\/\/www.vangraaf.com\/lv\/wp-json\/wp\/v2\/pages\/3937\/revisions\/5210"}],"wp:attachment":[{"href":"https:\/\/www.vangraaf.com\/lv\/wp-json\/wp\/v2\/media?parent=3937"}],"curies":[{"name":"wp","href":"https:\/\/api.w.org\/{rel}","templated":true}]}}