{"id":3936,"date":"2020-02-24T10:49:49","date_gmt":"2020-02-24T09:49:49","guid":{"rendered":"http:\/\/van-graaf.test\/ch\/?page_id=2509"},"modified":"2025-07-04T15:50:11","modified_gmt":"2025-07-04T13:50:11","slug":"izlaides-zinas","status":"publish","type":"page","link":"https:\/\/www.vangraaf.com\/lv\/izlaides-zinas\/","title":{"rendered":"Impressum"},"content":{"rendered":"<div class=\"wpb-content-wrapper\">[vc_row full_width=&#8221;stretch_row_content_no_spaces&#8221;][vc_column]<div class=\"keyvisual\" data-aos=\"fade-up\" ><img loading=\"lazy\" decoding=\"async\" width=\"1440\" height=\"480\" src=\"https:\/\/www.vangraaf.com\/lv\/wp-content\/uploads\/sites\/5\/2020\/02\/Impressum_Banner_WP.jpg\" class=\"vc_single_image-img\" alt=\"P\u0101ris siltos d\u017eemperos un cepur\u0113, apskaujas un smaida, s\u0113\u017eot br\u016bnas kr\u0101sas d\u012bv\u0101n\u0101.\" srcset=\"https:\/\/www.vangraaf.com\/lv\/wp-content\/uploads\/sites\/5\/2020\/02\/Impressum_Banner_WP.jpg 1440w, https:\/\/www.vangraaf.com\/lv\/wp-content\/uploads\/sites\/5\/2020\/02\/Impressum_Banner_WP-300x100.jpg 300w, https:\/\/www.vangraaf.com\/lv\/wp-content\/uploads\/sites\/5\/2020\/02\/Impressum_Banner_WP-1024x341.jpg 1024w, https:\/\/www.vangraaf.com\/lv\/wp-content\/uploads\/sites\/5\/2020\/02\/Impressum_Banner_WP-768x256.jpg 768w, https:\/\/www.vangraaf.com\/lv\/wp-content\/uploads\/sites\/5\/2020\/02\/Impressum_Banner_WP-1200x400.jpg 1200w, https:\/\/www.vangraaf.com\/lv\/wp-content\/uploads\/sites\/5\/2020\/02\/Impressum_Banner_WP-992x331.jpg 992w, https:\/\/www.vangraaf.com\/lv\/wp-content\/uploads\/sites\/5\/2020\/02\/Impressum_Banner_WP-480x160.jpg 480w, https:\/\/www.vangraaf.com\/lv\/wp-content\/uploads\/sites\/5\/2020\/02\/Impressum_Banner_WP-690x230.jpg 690w\" sizes=\"(max-width: 1440px) 100vw, 1440px\" \/><\/div>\n        <div class=\"headlines headlines--center\" data-aos=\"fade-up\">\n            <div class=\"vc_row\">\n                <div class=\"vc_col-md-10 vc_col-md-offset-1 vc_col-lg-10 vc_col-lg-offset-1\"><h1 class=\"h2\">Izlaides zi\u0146as<\/h1><\/div>\n            <\/div>\n        <\/div>[vc_column_text]\r\n<p class=\"headline headline--level-2\"><strong>Adrese<\/strong><\/p>\r\n<strong>VAN\u00a0GRAAF Latvia SIA<\/strong>\r\nKronvalda bulv\u0101ris 3-1,\r\nR\u012bga,\r\nLV-1010\r\n\r\nRe\u0123istr\u0101cijas numurs: 50203148451\r\n\r\nE-pasts: <a href=\"mailto:service.riga@vangraaf.com\">service.riga@vangraaf.com<\/a>\r\n\r\nIzpilddirektori: Ver\u0113na \u010caja (Verena Czaja), Ludgers Vonnemanis (Ludger Wonnemann)\r\n\r\nVisi dati, teksti un att\u0113li ir VAN\u00a0GRAAF \u012bpa\u0161ums. To izmanto\u0161ana komerci\u0101liem nol\u016bkiem ir aizliegta.\r\n\r\n\u0160\u012bs izlaides zi\u0146as attiecas ar\u012b uz m\u016bsu Facebook fanu lapu <a href=\"https:\/\/www.facebook.com\/VANGRAAF\" target=\"_blank\" rel=\"noopener noreferrer\">www.facebook.com\/VANGRAAF<\/a>.[\/vc_column_text][\/vc_column][\/vc_row]<\/div>","protected":false},"excerpt":{"rendered":"[vc_row full_width=&#8221;stretch_row_content_no_spaces&#8221;][vc_column][vc_column_text] Adrese VAN\u00a0GRAAF Latvia SIA Kronvalda bulv\u0101ris 3-1, R\u012bga, LV-1010 Re\u0123istr\u0101cijas numurs: 50203148451 E-pasts: service.riga@vangraaf.com Izpilddirektori: Ver\u0113na \u010caja (Verena Czaja), Ludgers Vonnemanis (Ludger Wonnemann) Visi dati, teksti un att\u0113li ir VAN\u00a0GRAAF \u012bpa\u0161ums. To izmanto\u0161ana komerci\u0101liem nol\u016bkiem ir aizliegta. \u0160\u012bs izlaides zi\u0146as attiecas ar\u012b uz m\u016bsu Facebook fanu lapu www.facebook.com\/VANGRAAF.[\/vc_column_text][\/vc_column][\/vc_row]","protected":false},"author":5,"featured_media":0,"parent":0,"menu_order":0,"comment_status":"closed","ping_status":"closed","template":"","meta":{"_acf_changed":false,"inline_featured_image":false,"footnotes":""},"class_list":["post-3936","page","type-page","status-publish","hentry"],"acf":[],"yoast_head":"<!-- This site is optimized with the Yoast SEO plugin v27.2 - https:\/\/yoast.com\/product\/yoast-seo-wordpress\/ -->\n<title>VAN GRAAF GmbH &amp; Co. KG uzdruka<\/title>\n<meta name=\"description\" content=\"VAN GRAAF GmbH &amp; Co. KG adresi, inform\u0101ciju sazi\u0146ai un papildinform\u0101ciju skat\u012bt \u0161eit.\" \/>\n<meta name=\"robots\" content=\"index, follow, max-snippet:-1, max-image-preview:large, max-video-preview:-1\" \/>\n<link rel=\"canonical\" href=\"https:\/\/www.vangraaf.com\/lv\/izlaides-zinas\/\" \/>\n<meta property=\"og:locale\" content=\"lv_LV\" \/>\n<meta property=\"og:type\" content=\"article\" \/>\n<meta property=\"og:title\" content=\"VAN GRAAF GmbH &amp; Co. KG uzdruka\" \/>\n<meta property=\"og:description\" content=\"VAN GRAAF GmbH &amp; Co. KG adresi, inform\u0101ciju sazi\u0146ai un papildinform\u0101ciju skat\u012bt \u0161eit.\" \/>\n<meta property=\"og:url\" content=\"https:\/\/www.vangraaf.com\/lv\/izlaides-zinas\/\" \/>\n<meta property=\"og:site_name\" content=\"VAN GRAAF Latvija\" \/>\n<meta property=\"article:modified_time\" content=\"2025-07-04T13:50:11+00:00\" \/>\n<meta name=\"twitter:card\" content=\"summary_large_image\" \/>\n<meta name=\"twitter:label1\" content=\"Est. reading time\" \/>\n\t<meta name=\"twitter:data1\" content=\"1 min\u016bte\" \/>\n<script type=\"application\/ld+json\" class=\"yoast-schema-graph\">{\"@context\":\"https:\/\/schema.org\",\"@graph\":[{\"@type\":\"WebPage\",\"@id\":\"https:\/\/www.vangraaf.com\/lv\/izlaides-zinas\/\",\"url\":\"https:\/\/www.vangraaf.com\/lv\/izlaides-zinas\/\",\"name\":\"VAN GRAAF GmbH & Co. KG uzdruka\",\"isPartOf\":{\"@id\":\"https:\/\/www.vangraaf.com\/lv\/#website\"},\"datePublished\":\"2020-02-24T09:49:49+00:00\",\"dateModified\":\"2025-07-04T13:50:11+00:00\",\"description\":\"VAN GRAAF GmbH & Co. KG adresi, inform\u0101ciju sazi\u0146ai un papildinform\u0101ciju skat\u012bt \u0161eit.\",\"breadcrumb\":{\"@id\":\"https:\/\/www.vangraaf.com\/lv\/izlaides-zinas\/#breadcrumb\"},\"inLanguage\":\"lv-LV\",\"potentialAction\":[{\"@type\":\"ReadAction\",\"target\":[\"https:\/\/www.vangraaf.com\/lv\/izlaides-zinas\/\"]}]},{\"@type\":\"BreadcrumbList\",\"@id\":\"https:\/\/www.vangraaf.com\/lv\/izlaides-zinas\/#breadcrumb\",\"itemListElement\":[{\"@type\":\"ListItem\",\"position\":1,\"name\":\"Home\",\"item\":\"https:\/\/www.vangraaf.com\/lv\/\"},{\"@type\":\"ListItem\",\"position\":2,\"name\":\"Impressum\"}]},{\"@type\":\"WebSite\",\"@id\":\"https:\/\/www.vangraaf.com\/lv\/#website\",\"url\":\"https:\/\/www.vangraaf.com\/lv\/\",\"name\":\"VAN GRAAF\",\"description\":\"VAN GRAAF\",\"potentialAction\":[{\"@type\":\"SearchAction\",\"target\":{\"@type\":\"EntryPoint\",\"urlTemplate\":\"https:\/\/www.vangraaf.com\/lv\/?s={search_term_string}\"},\"query-input\":{\"@type\":\"PropertyValueSpecification\",\"valueRequired\":true,\"valueName\":\"search_term_string\"}}],\"inLanguage\":\"lv-LV\"}]}<\/script>\n<!-- \/ Yoast SEO plugin. -->","yoast_head_json":{"title":"VAN GRAAF GmbH & Co. KG uzdruka","description":"VAN GRAAF GmbH & Co. KG adresi, inform\u0101ciju sazi\u0146ai un papildinform\u0101ciju skat\u012bt \u0161eit.","robots":{"index":"index","follow":"follow","max-snippet":"max-snippet:-1","max-image-preview":"max-image-preview:large","max-video-preview":"max-video-preview:-1"},"canonical":"https:\/\/www.vangraaf.com\/lv\/izlaides-zinas\/","og_locale":"lv_LV","og_type":"article","og_title":"VAN GRAAF GmbH & Co. KG uzdruka","og_description":"VAN GRAAF GmbH & Co. KG adresi, inform\u0101ciju sazi\u0146ai un papildinform\u0101ciju skat\u012bt \u0161eit.","og_url":"https:\/\/www.vangraaf.com\/lv\/izlaides-zinas\/","og_site_name":"VAN GRAAF Latvija","article_modified_time":"2025-07-04T13:50:11+00:00","twitter_card":"summary_large_image","twitter_misc":{"Est. reading time":"1 min\u016bte"},"schema":{"@context":"https:\/\/schema.org","@graph":[{"@type":"WebPage","@id":"https:\/\/www.vangraaf.com\/lv\/izlaides-zinas\/","url":"https:\/\/www.vangraaf.com\/lv\/izlaides-zinas\/","name":"VAN GRAAF GmbH & Co. KG uzdruka","isPartOf":{"@id":"https:\/\/www.vangraaf.com\/lv\/#website"},"datePublished":"2020-02-24T09:49:49+00:00","dateModified":"2025-07-04T13:50:11+00:00","description":"VAN GRAAF GmbH & Co. KG adresi, inform\u0101ciju sazi\u0146ai un papildinform\u0101ciju skat\u012bt \u0161eit.","breadcrumb":{"@id":"https:\/\/www.vangraaf.com\/lv\/izlaides-zinas\/#breadcrumb"},"inLanguage":"lv-LV","potentialAction":[{"@type":"ReadAction","target":["https:\/\/www.vangraaf.com\/lv\/izlaides-zinas\/"]}]},{"@type":"BreadcrumbList","@id":"https:\/\/www.vangraaf.com\/lv\/izlaides-zinas\/#breadcrumb","itemListElement":[{"@type":"ListItem","position":1,"name":"Home","item":"https:\/\/www.vangraaf.com\/lv\/"},{"@type":"ListItem","position":2,"name":"Impressum"}]},{"@type":"WebSite","@id":"https:\/\/www.vangraaf.com\/lv\/#website","url":"https:\/\/www.vangraaf.com\/lv\/","name":"VAN GRAAF","description":"VAN GRAAF","potentialAction":[{"@type":"SearchAction","target":{"@type":"EntryPoint","urlTemplate":"https:\/\/www.vangraaf.com\/lv\/?s={search_term_string}"},"query-input":{"@type":"PropertyValueSpecification","valueRequired":true,"valueName":"search_term_string"}}],"inLanguage":"lv-LV"}]}},"_links":{"self":[{"href":"https:\/\/www.vangraaf.com\/lv\/wp-json\/wp\/v2\/pages\/3936","targetHints":{"allow":["GET"]}}],"collection":[{"href":"https:\/\/www.vangraaf.com\/lv\/wp-json\/wp\/v2\/pages"}],"about":[{"href":"https:\/\/www.vangraaf.com\/lv\/wp-json\/wp\/v2\/types\/page"}],"author":[{"embeddable":true,"href":"https:\/\/www.vangraaf.com\/lv\/wp-json\/wp\/v2\/users\/5"}],"replies":[{"embeddable":true,"href":"https:\/\/www.vangraaf.com\/lv\/wp-json\/wp\/v2\/comments?post=3936"}],"version-history":[{"count":8,"href":"https:\/\/www.vangraaf.com\/lv\/wp-json\/wp\/v2\/pages\/3936\/revisions"}],"predecessor-version":[{"id":6782,"href":"https:\/\/www.vangraaf.com\/lv\/wp-json\/wp\/v2\/pages\/3936\/revisions\/6782"}],"wp:attachment":[{"href":"https:\/\/www.vangraaf.com\/lv\/wp-json\/wp\/v2\/media?parent=3936"}],"curies":[{"name":"wp","href":"https:\/\/api.w.org\/{rel}","templated":true}]}}