{"id":3921,"date":"2020-02-20T15:55:23","date_gmt":"2020-02-20T14:55:23","guid":{"rendered":"http:\/\/van-graaf.test\/ch\/?page_id=2396"},"modified":"2022-03-10T17:41:14","modified_gmt":"2022-03-10T16:41:14","slug":"tendences","status":"publish","type":"page","link":"https:\/\/www.vangraaf.com\/lv\/konsultacijas-un-stils\/tendences\/","title":{"rendered":"Trends"},"content":{"rendered":"<div class=\"wpb-content-wrapper\">[vc_row full_width=&#8221;stretch_row_content_no_spaces&#8221;][vc_column]<div class=\"keyvisual\" data-aos=\"fade-up\" ><img loading=\"lazy\" decoding=\"async\" width=\"1440\" height=\"480\" src=\"https:\/\/www.vangraaf.com\/lv\/wp-content\/uploads\/sites\/5\/2020\/02\/AktuelleTrends_Banner_WP.jpg\" class=\"vc_single_image-img\" alt=\"V\u012brietis un sieviete st\u0101v kop\u0101, smaidot, fon\u0101 ir za\u013cas fl\u012bzes.\" srcset=\"https:\/\/www.vangraaf.com\/lv\/wp-content\/uploads\/sites\/5\/2020\/02\/AktuelleTrends_Banner_WP.jpg 1440w, https:\/\/www.vangraaf.com\/lv\/wp-content\/uploads\/sites\/5\/2020\/02\/AktuelleTrends_Banner_WP-300x100.jpg 300w, https:\/\/www.vangraaf.com\/lv\/wp-content\/uploads\/sites\/5\/2020\/02\/AktuelleTrends_Banner_WP-1024x341.jpg 1024w, https:\/\/www.vangraaf.com\/lv\/wp-content\/uploads\/sites\/5\/2020\/02\/AktuelleTrends_Banner_WP-768x256.jpg 768w, https:\/\/www.vangraaf.com\/lv\/wp-content\/uploads\/sites\/5\/2020\/02\/AktuelleTrends_Banner_WP-1200x400.jpg 1200w, https:\/\/www.vangraaf.com\/lv\/wp-content\/uploads\/sites\/5\/2020\/02\/AktuelleTrends_Banner_WP-992x331.jpg 992w, https:\/\/www.vangraaf.com\/lv\/wp-content\/uploads\/sites\/5\/2020\/02\/AktuelleTrends_Banner_WP-480x160.jpg 480w, https:\/\/www.vangraaf.com\/lv\/wp-content\/uploads\/sites\/5\/2020\/02\/AktuelleTrends_Banner_WP-690x230.jpg 690w\" sizes=\"(max-width: 1440px) 100vw, 1440px\" \/><\/div>\n        <div class=\"headlines headlines--center\" data-aos=\"fade-up\">\n            <div class=\"vc_row\">\n                <div class=\"vc_col-md-10 vc_col-md-offset-1 vc_col-lg-10 vc_col-lg-offset-1\"><span class=\"h6\">Tendences<\/span><h1 class=\"h2\">Jaun\u0101 modes sezona ir kl\u0101t<\/h1><\/div>\n            <\/div>\n        <\/div>[vc_column_text]\r\n<p style=\"text-align: center\">Atkl\u0101jiet vado\u0161o modes z\u012bmolu tendences un kolekcijas, k\u0101 ar\u012b savas sezonas must have preces!<\/p>\r\n[\/vc_column_text][\/vc_column][\/vc_row][vc_row bwd_tbc4vd_show_weekday=&#8221;&#8221; disable_element=&#8221;yes&#8221; el_class=&#8221;vg-padding&#8221;][vc_column]\n        <div class=\"vg-element promo-teaser promo-teaser--  promo-teaser--\" style=\"--season-color: #ffffff;\" data-aos=\"fade-up\">\n            <div class=\"vc_row vc_row-flex\">\n                <div class=\"vc_col-sm-6 promo-teaser__image\">\n                    <a class=\"\" href=\"http:\/\/vangraaf.com\/lv\/konsultacijas-un-stils\/tendences\/jaunas-tendences\/\" target=\"_self\" rel=\"\" style=\"\">Jaunas tendences<\/a>\n                <\/div>\n                <div class=\"vc_col-sm-6\">\n                    <div class=\"promo-teaser__content-wrapper\">\n                        <div class=\"promo-teaser__content promo-teaser__content--center\"><h3>Iepaz\u012bstin\u0101m ar jaunaj\u0101m tendenc\u0113m<\/h3><p>Vai ar\u012b j\u016bs ar nepaciet\u012bbu gaid\u0101t vasaras modi? Ar\u012b m\u0113s nevaram sagaid\u012bt jums par\u0101d\u012btu jaun\u0101s sezonas modes tendences.<\/p>\n<a class=\"button button--\" href=\"http:\/\/vangraaf.com\/lv\/konsultacijas-un-stils\/tendences\/jaunas-tendences\/\" target=\"_self\" rel=\"\" style=\"\">Jaunas tendences<\/a><\/div>\n                    <\/div>\n                <\/div>\n            <\/div>\n        <\/div>[\/vc_column][\/vc_row]<\/div>","protected":false},"excerpt":{"rendered":"[vc_row full_width=&#8221;stretch_row_content_no_spaces&#8221;][vc_column][vc_column_text] Atkl\u0101jiet vado\u0161o modes z\u012bmolu tendences un kolekcijas, k\u0101 ar\u012b savas sezonas must have preces! [\/vc_column_text][\/vc_column][\/vc_row][vc_row bwd_tbc4vd_show_weekday=&#8221;&#8221; disable_element=&#8221;yes&#8221; el_class=&#8221;vg-padding&#8221;][vc_column][\/vc_column][\/vc_row]","protected":false},"author":3,"featured_media":0,"parent":3920,"menu_order":0,"comment_status":"closed","ping_status":"closed","template":"","meta":{"_acf_changed":false,"inline_featured_image":false,"footnotes":""},"class_list":["post-3921","page","type-page","status-publish","hentry"],"acf":[],"yoast_head":"<!-- This site is optimized with the Yoast SEO plugin v27.2 - https:\/\/yoast.com\/product\/yoast-seo-wordpress\/ -->\n<title>Jaun\u0101k\u0101s tendences VAN GRAAF R\u012bga<\/title>\n<meta name=\"description\" content=\"VAN GRAAF tendences un t\u0113mas jaun\u0101kajai modes sezonai.\" \/>\n<meta name=\"robots\" content=\"index, follow, max-snippet:-1, max-image-preview:large, max-video-preview:-1\" \/>\n<link rel=\"canonical\" href=\"https:\/\/www.vangraaf.com\/lv\/konsultacijas-un-stils\/tendences\/\" \/>\n<meta property=\"og:locale\" content=\"lv_LV\" \/>\n<meta property=\"og:type\" content=\"article\" \/>\n<meta property=\"og:title\" content=\"Jaun\u0101k\u0101s tendences VAN GRAAF R\u012bga\" \/>\n<meta property=\"og:description\" content=\"VAN GRAAF tendences un t\u0113mas jaun\u0101kajai modes sezonai.\" \/>\n<meta property=\"og:url\" content=\"https:\/\/www.vangraaf.com\/lv\/konsultacijas-un-stils\/tendences\/\" \/>\n<meta property=\"og:site_name\" content=\"VAN GRAAF Latvija\" \/>\n<meta property=\"article:modified_time\" content=\"2022-03-10T16:41:14+00:00\" \/>\n<meta name=\"twitter:card\" content=\"summary_large_image\" \/>\n<meta name=\"twitter:label1\" content=\"Est. reading time\" \/>\n\t<meta name=\"twitter:data1\" content=\"1 min\u016bte\" \/>\n<script type=\"application\/ld+json\" class=\"yoast-schema-graph\">{\"@context\":\"https:\/\/schema.org\",\"@graph\":[{\"@type\":\"WebPage\",\"@id\":\"https:\/\/www.vangraaf.com\/lv\/konsultacijas-un-stils\/tendences\/\",\"url\":\"https:\/\/www.vangraaf.com\/lv\/konsultacijas-un-stils\/tendences\/\",\"name\":\"Jaun\u0101k\u0101s tendences VAN GRAAF R\u012bga\",\"isPartOf\":{\"@id\":\"https:\/\/www.vangraaf.com\/lv\/#website\"},\"datePublished\":\"2020-02-20T14:55:23+00:00\",\"dateModified\":\"2022-03-10T16:41:14+00:00\",\"description\":\"VAN GRAAF tendences un t\u0113mas jaun\u0101kajai modes sezonai.\",\"breadcrumb\":{\"@id\":\"https:\/\/www.vangraaf.com\/lv\/konsultacijas-un-stils\/tendences\/#breadcrumb\"},\"inLanguage\":\"lv-LV\",\"potentialAction\":[{\"@type\":\"ReadAction\",\"target\":[\"https:\/\/www.vangraaf.com\/lv\/konsultacijas-un-stils\/tendences\/\"]}]},{\"@type\":\"BreadcrumbList\",\"@id\":\"https:\/\/www.vangraaf.com\/lv\/konsultacijas-un-stils\/tendences\/#breadcrumb\",\"itemListElement\":[{\"@type\":\"ListItem\",\"position\":1,\"name\":\"Home\",\"item\":\"https:\/\/www.vangraaf.com\/lv\/\"},{\"@type\":\"ListItem\",\"position\":2,\"name\":\"Beratung und Style\",\"item\":\"https:\/\/www.vangraaf.com\/lv\/konsultacijas-un-stils\/\"},{\"@type\":\"ListItem\",\"position\":3,\"name\":\"Trends\"}]},{\"@type\":\"WebSite\",\"@id\":\"https:\/\/www.vangraaf.com\/lv\/#website\",\"url\":\"https:\/\/www.vangraaf.com\/lv\/\",\"name\":\"VAN GRAAF\",\"description\":\"VAN GRAAF\",\"potentialAction\":[{\"@type\":\"SearchAction\",\"target\":{\"@type\":\"EntryPoint\",\"urlTemplate\":\"https:\/\/www.vangraaf.com\/lv\/?s={search_term_string}\"},\"query-input\":{\"@type\":\"PropertyValueSpecification\",\"valueRequired\":true,\"valueName\":\"search_term_string\"}}],\"inLanguage\":\"lv-LV\"}]}<\/script>\n<!-- \/ Yoast SEO plugin. -->","yoast_head_json":{"title":"Jaun\u0101k\u0101s tendences VAN GRAAF R\u012bga","description":"VAN GRAAF tendences un t\u0113mas jaun\u0101kajai modes sezonai.","robots":{"index":"index","follow":"follow","max-snippet":"max-snippet:-1","max-image-preview":"max-image-preview:large","max-video-preview":"max-video-preview:-1"},"canonical":"https:\/\/www.vangraaf.com\/lv\/konsultacijas-un-stils\/tendences\/","og_locale":"lv_LV","og_type":"article","og_title":"Jaun\u0101k\u0101s tendences VAN GRAAF R\u012bga","og_description":"VAN GRAAF tendences un t\u0113mas jaun\u0101kajai modes sezonai.","og_url":"https:\/\/www.vangraaf.com\/lv\/konsultacijas-un-stils\/tendences\/","og_site_name":"VAN GRAAF Latvija","article_modified_time":"2022-03-10T16:41:14+00:00","twitter_card":"summary_large_image","twitter_misc":{"Est. reading time":"1 min\u016bte"},"schema":{"@context":"https:\/\/schema.org","@graph":[{"@type":"WebPage","@id":"https:\/\/www.vangraaf.com\/lv\/konsultacijas-un-stils\/tendences\/","url":"https:\/\/www.vangraaf.com\/lv\/konsultacijas-un-stils\/tendences\/","name":"Jaun\u0101k\u0101s tendences VAN GRAAF R\u012bga","isPartOf":{"@id":"https:\/\/www.vangraaf.com\/lv\/#website"},"datePublished":"2020-02-20T14:55:23+00:00","dateModified":"2022-03-10T16:41:14+00:00","description":"VAN GRAAF tendences un t\u0113mas jaun\u0101kajai modes sezonai.","breadcrumb":{"@id":"https:\/\/www.vangraaf.com\/lv\/konsultacijas-un-stils\/tendences\/#breadcrumb"},"inLanguage":"lv-LV","potentialAction":[{"@type":"ReadAction","target":["https:\/\/www.vangraaf.com\/lv\/konsultacijas-un-stils\/tendences\/"]}]},{"@type":"BreadcrumbList","@id":"https:\/\/www.vangraaf.com\/lv\/konsultacijas-un-stils\/tendences\/#breadcrumb","itemListElement":[{"@type":"ListItem","position":1,"name":"Home","item":"https:\/\/www.vangraaf.com\/lv\/"},{"@type":"ListItem","position":2,"name":"Beratung und Style","item":"https:\/\/www.vangraaf.com\/lv\/konsultacijas-un-stils\/"},{"@type":"ListItem","position":3,"name":"Trends"}]},{"@type":"WebSite","@id":"https:\/\/www.vangraaf.com\/lv\/#website","url":"https:\/\/www.vangraaf.com\/lv\/","name":"VAN GRAAF","description":"VAN GRAAF","potentialAction":[{"@type":"SearchAction","target":{"@type":"EntryPoint","urlTemplate":"https:\/\/www.vangraaf.com\/lv\/?s={search_term_string}"},"query-input":{"@type":"PropertyValueSpecification","valueRequired":true,"valueName":"search_term_string"}}],"inLanguage":"lv-LV"}]}},"_links":{"self":[{"href":"https:\/\/www.vangraaf.com\/lv\/wp-json\/wp\/v2\/pages\/3921","targetHints":{"allow":["GET"]}}],"collection":[{"href":"https:\/\/www.vangraaf.com\/lv\/wp-json\/wp\/v2\/pages"}],"about":[{"href":"https:\/\/www.vangraaf.com\/lv\/wp-json\/wp\/v2\/types\/page"}],"author":[{"embeddable":true,"href":"https:\/\/www.vangraaf.com\/lv\/wp-json\/wp\/v2\/users\/3"}],"replies":[{"embeddable":true,"href":"https:\/\/www.vangraaf.com\/lv\/wp-json\/wp\/v2\/comments?post=3921"}],"version-history":[{"count":12,"href":"https:\/\/www.vangraaf.com\/lv\/wp-json\/wp\/v2\/pages\/3921\/revisions"}],"predecessor-version":[{"id":5744,"href":"https:\/\/www.vangraaf.com\/lv\/wp-json\/wp\/v2\/pages\/3921\/revisions\/5744"}],"up":[{"embeddable":true,"href":"https:\/\/www.vangraaf.com\/lv\/wp-json\/wp\/v2\/pages\/3920"}],"wp:attachment":[{"href":"https:\/\/www.vangraaf.com\/lv\/wp-json\/wp\/v2\/media?parent=3921"}],"curies":[{"name":"wp","href":"https:\/\/api.w.org\/{rel}","templated":true}]}}