{"id":3920,"date":"2020-02-11T13:25:12","date_gmt":"2020-02-11T12:25:12","guid":{"rendered":"http:\/\/van-graaf.test\/ch\/?page_id=2216"},"modified":"2024-09-12T15:34:55","modified_gmt":"2024-09-12T13:34:55","slug":"konsultacijas-un-stils","status":"publish","type":"page","link":"https:\/\/www.vangraaf.com\/lv\/konsultacijas-un-stils\/","title":{"rendered":"Beratung und Style"},"content":{"rendered":"<div class=\"wpb-content-wrapper\">[vc_row full_width=&#8221;stretch_row_content_no_spaces&#8221;][vc_column]<div class=\"keyvisual\" data-aos=\"fade-up\" ><img loading=\"lazy\" decoding=\"async\" width=\"1440\" height=\"480\" src=\"https:\/\/www.vangraaf.com\/lv\/wp-content\/uploads\/sites\/5\/2020\/02\/Beratung_Style_Banner_WP.jpg\" class=\"vc_single_image-img keyvisual__image--big\" alt=\"Sieviete ar rudiem matiem, \u0123\u0113rbusies gai\u0161\u0101 polo krekl\u0101 un pel\u0113k\u0101 jak\u0101, smaidot un tur\u0113t \u0161alli ar rakstu, kas pl\u012bvo uz v\u0113ja fona.\" srcset=\"https:\/\/www.vangraaf.com\/lv\/wp-content\/uploads\/sites\/5\/2020\/02\/Beratung_Style_Banner_WP.jpg 1440w, https:\/\/www.vangraaf.com\/lv\/wp-content\/uploads\/sites\/5\/2020\/02\/Beratung_Style_Banner_WP-300x100.jpg 300w, https:\/\/www.vangraaf.com\/lv\/wp-content\/uploads\/sites\/5\/2020\/02\/Beratung_Style_Banner_WP-1024x341.jpg 1024w, https:\/\/www.vangraaf.com\/lv\/wp-content\/uploads\/sites\/5\/2020\/02\/Beratung_Style_Banner_WP-768x256.jpg 768w, https:\/\/www.vangraaf.com\/lv\/wp-content\/uploads\/sites\/5\/2020\/02\/Beratung_Style_Banner_WP-1200x400.jpg 1200w, https:\/\/www.vangraaf.com\/lv\/wp-content\/uploads\/sites\/5\/2020\/02\/Beratung_Style_Banner_WP-992x331.jpg 992w, https:\/\/www.vangraaf.com\/lv\/wp-content\/uploads\/sites\/5\/2020\/02\/Beratung_Style_Banner_WP-480x160.jpg 480w, https:\/\/www.vangraaf.com\/lv\/wp-content\/uploads\/sites\/5\/2020\/02\/Beratung_Style_Banner_WP-690x230.jpg 690w\" sizes=\"(max-width: 1440px) 100vw, 1440px\" \/><img loading=\"lazy\" decoding=\"async\" width=\"768\" height=\"250\" src=\"https:\/\/www.vangraaf.com\/lv\/wp-content\/uploads\/sites\/5\/2021\/05\/Beratung_Style_Banner_WP.jpg\" class=\"vc_single_image-img keyvisual__image--small\" alt=\"Sieviete ar sarkaniem matiem smaida, n\u0113s\u0101jot gai\u0161u jaku virs gai\u0161as kreklu, un ap kaklu apliek silk\u0101ju.\" srcset=\"https:\/\/www.vangraaf.com\/lv\/wp-content\/uploads\/sites\/5\/2021\/05\/Beratung_Style_Banner_WP.jpg 768w, https:\/\/www.vangraaf.com\/lv\/wp-content\/uploads\/sites\/5\/2021\/05\/Beratung_Style_Banner_WP-300x98.jpg 300w, https:\/\/www.vangraaf.com\/lv\/wp-content\/uploads\/sites\/5\/2021\/05\/Beratung_Style_Banner_WP-480x156.jpg 480w, https:\/\/www.vangraaf.com\/lv\/wp-content\/uploads\/sites\/5\/2021\/05\/Beratung_Style_Banner_WP-690x225.jpg 690w\" sizes=\"(max-width: 768px) 100vw, 768px\" \/><\/div>\n        <div class=\"headlines headlines--center\" data-aos=\"fade-up\">\n            <div class=\"vc_row\">\n                <div class=\"vc_col-md-10 vc_col-md-offset-1 vc_col-lg-10 vc_col-lg-offset-1\"><h1 class=\"h2\">Konsult\u0101cijas &amp; stila padomi VAN GRAAF modes ce\u013cved\u012b<\/h1><\/div>\n            <\/div>\n        <\/div>[vc_column_text]Priek\u0161 tiem, kas nev\u0113las palaist gar\u0101m modes jaunumus un labpr\u0101t izmanto stila konsult\u0101cijas, R\u012bgas VAN GRAAF pied\u0101v\u0101 modes padomdev\u0113ju ar stila idej\u0101m, aktu\u0101lu inform\u0101ciju par karst\u0101kajiem trendiem un ieteikumiem j\u016bsu ap\u0123\u0113rba kop\u0161anai. Iepaz\u012bstaties ar vado\u0161o z\u012bmolu svaig\u0101kaj\u0101m kolekcij\u0101m un izv\u0113laties aksesu\u0101rus vai t\u0113rpus, bez kuriem j\u016bs nevarat iedom\u0101ties savu jauno sezonu!\r\n\r\nP\u0101rejot uz modes <a href=\"https:\/\/www.vangraaf.com\/lv\/konsultacijas-un-stils\/padomi\/\">padomu<\/a> noda\u013cu, uzzin\u0101siet k\u0101 vislab\u0101k r\u016bp\u0113ties par da\u017e\u0101diem audumiem jeb m\u012b\u013c\u0101kaj\u0101m dr\u0113b\u0113m un kur atrast individu\u0101li pielaikotu ap\u0123\u0113rbu. Iel\u016bkojaties m\u016bsu <a href=\"https:\/\/www.vangraaf.com\/lv\/konsultacijas-un-stils\/specializetas-nodalas\/\">specializ\u0113taj\u0101s noda\u013c\u0101s<\/a>, lai iepaz\u012btos ar m\u016bsu pla\u0161o modes pied\u0101v\u0101jumu.\r\n\r\nVai v\u0113laties sa\u0146emt ikned\u0113\u013cas modes jaunumus un inform\u0101ciju par akcij\u0101m, k\u0101 ar\u012b VAN GRAAF pas\u0101kumiem \u0113rti pa e-pastu? Piesakieties m\u016bsu <a href=\"https:\/\/www.vangraaf.com\/lv\/informativais-biletens\/\">informat\u012bvajam bi\u013cetenim<\/a> v\u0113l \u0161odien![\/vc_column_text][\/vc_column][\/vc_row][vc_row bwd_show_when_type=&#8221;between&#8221; bwd_show_when_date_end=&#8221;01\/03\/2024 23:00&#8243; bwd_tbc4vd_show_weekday=&#8221;&#8221; disable_element=&#8221;yes&#8221;][vc_column]\n        <div class=\"headlines headlines--center\" data-aos=\"fade-up\">\n            <div class=\"vc_row\">\n                <div class=\"vc_col-md-10 vc_col-md-offset-1 vc_col-lg-10 vc_col-lg-offset-1\"><span class=\"h6\">Ziemassv\u0113tkos un Jaunaj\u0101 gad\u0101<\/span><h1 class=\"h2\">Ap\u0123\u0113rba eti\u0137ete<\/h1><\/div>\n            <\/div>\n        <\/div>[vc_column_text]Katrs garderobes elements un aksesu\u0101rs ne vien veido m\u016bsu person\u012bbu, bet ar\u012b pie\u0161\u0137ir individualit\u0101ti. P\u0101rdom\u0101tas ap\u0123\u0113rbu kombin\u0101cijas ir neat\u0146emama sv\u0113tku sast\u0101vda\u013ca, kas papildina svin\u012bgo noska\u0146u. Lai Ziemassv\u0113tkus un Jauno gadu baud\u012btu atbilsto\u0161i sv\u0113tku gaisotnei un eti\u0137etei, multiz\u012bmolu veikala \u201cVAN GRAAF\u201d t\u012bkls ar gr\u0101matas \u201cSTILS\u201d l\u012bdzautori Gunu Lei\u0161kalni-Roku rad\u012bju\u0161i dreskoda jeb ap\u0123\u0113rba eti\u0137etes ce\u013cvedi.[\/vc_column_text][\/vc_column][\/vc_row][vc_row bwd_tbc4vd_show_weekday=&#8221;&#8221; disable_element=&#8221;yes&#8221;][vc_column width=&#8221;1\/2&#8243;]<div class=\"keyvisual\" data-aos=\"fade-up\" ><\/div>[\/vc_column][vc_column width=&#8221;1\/2&#8243;]<div class=\"keyvisual\" data-aos=\"fade-up\" ><\/div>[\/vc_column][\/vc_row][vc_row bwd_tbc4vd_show_weekday=&#8221;&#8221; disable_element=&#8221;yes&#8221;][vc_column][vc_column_text]<strong>Ziemassv\u0113tku klasika<\/strong>\r\n\r\nZiemassv\u0113tku svin\u012bb\u0101s ieteicams liel\u0101koties pietur\u0113ties pie nep\u0101rsp\u012bl\u0113ta un attur\u012bga \u0123\u0113rb\u0161an\u0101s stila. Viens no retiem garderobes iz\u0146\u0113mumiem b\u016bs tematiskais ad\u012bjums. Ja v\u0113lamies rad\u012bt \u012bpa\u0161u atmosf\u0113ru, tad nevajag izvair\u012bties no izmekl\u0113ta vai smiekl\u012bga Ziemassv\u0113tku d\u017eempera. Galvenais ir uzburt noska\u0146u, kas b\u016bs pan\u0101kama ar p\u0101rdom\u0101t\u0101m ap\u0123\u0113rbu kombin\u0101cij\u0101m. Kungiem d\u017eemperi ieteicams apvienot ar izejam\u0101m biks\u0113m, bet d\u0101m\u0101m \u2013 ar sv\u0101rkiem.\r\nTom\u0113r vakara gait\u0101 tematisko ad\u012bjumu v\u0113lams nomain\u012bt pret klasisk\u0101kiem elementiem ar\u012b tad, ja svin\u012bbas notiek \u0123imenes lok\u0101 \u2013 laukos vai m\u0101j\u0101s. Tad v\u012brie\u0161iem izejam\u0101s bikses v\u0113lams komplekt\u0113t ar sol\u012bdu kreklu, iesp\u0113jams, ar\u012b \u017eaketi. Sieviet\u0113m d\u017eempera un sv\u0101rku viet\u0101 izv\u0113l\u0113ties skaistu kleitu, ko var apvienot ar augstpap\u0113\u017eu kurp\u0113m. Tikm\u0113r v\u012brie\u0161iem ieteicamas izejam\u0101s kurpes ar pl\u0101nu zoli. Katr\u0101 zi\u0146\u0101 ne \u010d\u012bbas, ne ze\u0137es. Svar\u012bgi izcelt, ka sieviet\u0113m v\u0113lams dot priek\u0161roku pl\u0101n\u0101m, nevis bieza materi\u0101la ze\u0137biks\u0113m. Sievietes vizu\u0101lo t\u0113lu, bez \u0161aub\u0101m, paspilgtin\u0101s rokassomi\u0146a, kas gan nedr\u012bkst b\u016bt liela.\r\nApsverot piem\u0113rot\u0101ko to\u0146u izv\u0113li, Ziemassv\u0113tku gaisotn\u0113 sarkanais visdr\u012bz\u0101k b\u016bs vispiem\u0113rot\u0101kais. Ta\u010du aicin\u0101m b\u016bt piesardz\u012bgiem attiec\u012bb\u0101 uz kr\u0101su paleti. Tematiskus pas\u0101kumus nevajadz\u0113tu uztvert ar p\u0101r\u0101k lielu fan\u0101tismu. Piem\u0113ram, sarkanas un za\u013cas kr\u0101sas apvieno\u0161ana var rad\u012bt p\u0101rprotamu vizu\u0101lo t\u0113lu, atg\u0101dinot t\u0101dus Ziemassv\u0113tku simbolus k\u0101 egle vai r\u016b\u0137is. Piem\u0113ram, v\u012brie\u0161iem ieteicams attur\u0113ties no k\u0101rdin\u0101juma kombin\u0113t za\u013cas bikses un sarkanu \u017eaketi, jo tas b\u016bs p\u0101rsp\u012bl\u0113ti. T\u0101 viet\u0101 rekomend\u0113jams izv\u0113l\u0113ties vienu no ap\u0123\u0113rba elementiem \u2013 bikses vai \u017eaketi \u2013 min\u0113taj\u0101 ton\u012b, ja ir t\u0101da v\u0113lme. Priek\u0161roku dodiet klasisk\u0101ku kr\u0101s\u0101m \u2013 zilai, b\u0113\u0161ai. Iesp\u0113jams, melna b\u016bs p\u0101r\u0101k dr\u016bma, bet balta vienm\u0113r ieder\u0113sies svin\u012bgos pas\u0101kumos.[\/vc_column_text][vc_column_text]<strong>Jaun\u0101 gada eksperiments<\/strong>\r\n\r\nJaunais gads nereti ir sv\u0113tki \u0101rpus \u0123imenes loka. Tad aicin\u0101m uzdro\u0161in\u0101ties un eksperiment\u0113t ar sp\u012bdo\u0161u vai mirdzo\u0161u ap\u0123\u0113rbu akcentiem, lai pien\u0101c\u012bgi sagaid\u012btu 2024. gadu. D\u0101m\u0101m nav oblig\u0101ti j\u0101izv\u0113las gara kleita. T\u0101 liel\u0101koties ir ieteicama, apmekl\u0113jot greznu sar\u012bkojumu ar \u201cblack tie\u201d dreskodu. Pie\u013caujama alternat\u012bva \u2013 koktei\u013ckleita kombin\u0101cij\u0101 ar ko\u0161iem akcentiem. Jaunais gads ir mirklis, kad aicin\u0101m spozmi savienot ar eleganci. Piem\u0113ram, spo\u017eu topu pieska\u0146ot izsmalcin\u0101tai vakara somai. Uzsvars uz \u201cvakara\u201d, nevis \u201cbirkin\u201d vai \u201ckelly\u201d. Ne maz\u0101k noz\u012bm\u012bga ir ieveidota friz\u016bra un spilgt\u0101ks meikaps, piem\u0113ram, ko\u0161i sarkanas l\u016bpas un unik\u0101li dekora elementi. T\u0101pat \u012bpa\u0161i spo\u017ei akcenti no bi\u017eut\u0113rijas pasaules.\r\nV\u012brie\u0161iem ieteicams izv\u0113l\u0113ties \u201ccreative black tie\u201d. Piem\u0113ram, smokingu ar samta \u017eaketi vai tum\u0161i za\u013cu kr\u0101su melnas viet\u0101. Ja svin\u012bbas notiek neform\u0101l\u0101k\u0101 gaisotn\u0113, past\u0101v iesp\u0113ja uzvilkt kreklu bez \u017eaketes. Ta\u010du \u0161\u0101d\u0101 situ\u0101cij\u0101 aicin\u0101m apsv\u0113rt jautr\u0101ku un rota\u013c\u012bg\u0101ku rakstu vai kr\u0101su, ko ierasti ikdien\u0101 neat\u013cautos. Apavu izv\u0113l\u0113 pietur\u0113ties pie kurp\u0113m ar pl\u0101nu zoli. T\u0101s var\u0113tu b\u016bt lak\u0101das kurpes vai mokas\u012bni. Ide\u0101l\u0101 gad\u012bjum\u0101 \u201cloaferi\u201d. Jaunajam gadam nepiest\u0101v\u0113tu zam\u0161\u0101da, samta vai lak\u0101das b\u016bs izcils papildin\u0101jums. J\u0101piebilst, ka \u0101ra apavi vai kurpes ar biezu zoli ir pieskait\u0101mi pie dienas garderobes, kas neatbilst sv\u0113tkiem.\r\nKr\u0101su izv\u0113le nav iz\u0146\u0113mums, t\u0101p\u0113c aicin\u0101m izv\u0113l\u0113ties ac\u012bs kr\u012bto\u0161us ap\u0123\u0113rbu elementus. Tos var papildin\u0101t ar spo\u017eiem aksesu\u0101riem. Lai gan atbilsto\u0161\u0101ko toni nereti prognoz\u0113 ar\u012b horoskopu v\u0113stis, tom\u0113r aicin\u0101m atcer\u0113ties zelta standarta to\u0146us: zelta, sudraba, melnu vai baltu. Attiec\u012bg\u0101s kr\u0101sas rada unik\u0101lu pas\u0101kuma gaisotni. V\u0113l tonis, kas kompliment\u0113s Jaun\u0101 gada svin\u012bbas, ir tum\u0161i zils, bet ne oblig\u0101ti ar sp\u012bdumiem. Ja ir sp\u012bdumi, neno\u0161ausiet greizi jebkur\u0101 norises viet\u0101 un kontekst\u0101.\r\nSvar\u012bgi uzsv\u0113rt, ka Ziemassv\u0113tkos un Jaunaj\u0101 gad\u0101 nek\u0101d\u0101 gad\u012bjum\u0101 neiesak\u0101m kokvilnas kleitu. Tas ir materi\u0101s, kas raksturo dienas garderobi. Iz\u0146\u0113mums \u2013 v\u012brie\u0161u kokvilnas krekls. Savuk\u0101rt bikses v\u012brie\u0161iem ieteicamas no moh\u0113ras vai vilnas. Bet kokvilnas kleita un sv\u0101rki atbilst vasaras vai pavasara br\u012bvdien\u0101m, nevis sv\u0113tkiem. T\u0101 viet\u0101 v\u0113lams z\u012bds vai z\u012bda aizvietot\u0101ji.[\/vc_column_text][\/vc_column][\/vc_row][vc_row][vc_column][vc_column_text]\r\n<p style=\"text-align: center\"><strong><span class=\"h3\">T\u011b\u0161\u00edme se na va\u0161i n\u00e1v\u0161t\u011bvu!<\/span><\/strong><\/p>\r\n<p style=\"text-align: center\">Aktu\u0101l\u0101s modes tendences un pla\u0161a z\u012bmolu izv\u0113le veikal\u0101\u00a0<span class=\"nobr\">VAN GRAAF<\/span>\u00a0R\u012bg\u0101.<\/p>\r\n<p style=\"text-align: center\"><a class=\"button button--primary\" href=\"https:\/\/www.vangraaf.com\/lv\/par-mums\/riga\/\">Uz veikalu<\/a><\/p>\r\n[\/vc_column_text][\/vc_column][\/vc_row]<\/div>","protected":false},"excerpt":{"rendered":"[vc_row full_width=&#8221;stretch_row_content_no_spaces&#8221;][vc_column][vc_column_text]Priek\u0161 tiem, kas nev\u0113las palaist gar\u0101m modes jaunumus un labpr\u0101t izmanto stila konsult\u0101cijas, R\u012bgas VAN GRAAF pied\u0101v\u0101 modes padomdev\u0113ju ar stila idej\u0101m, aktu\u0101lu inform\u0101ciju par karst\u0101kajiem trendiem un ieteikumiem j\u016bsu ap\u0123\u0113rba kop\u0161anai. Iepaz\u012bstaties ar vado\u0161o z\u012bmolu svaig\u0101kaj\u0101m kolekcij\u0101m un izv\u0113laties aksesu\u0101rus vai t\u0113rpus, bez kuriem j\u016bs nevarat iedom\u0101ties savu jauno sezonu! P\u0101rejot uz modes [&hellip;]","protected":false},"author":5,"featured_media":0,"parent":0,"menu_order":0,"comment_status":"closed","ping_status":"closed","template":"","meta":{"_acf_changed":false,"inline_featured_image":false,"footnotes":""},"class_list":["post-3920","page","type-page","status-publish","hentry"],"acf":[],"yoast_head":"<!-- This site is optimized with the Yoast SEO plugin v27.2 - https:\/\/yoast.com\/product\/yoast-seo-wordpress\/ -->\n<title>Stila idejas: j\u016bsu VAN GRAAF e-\u017eurn\u0101ls par modi<\/title>\n<meta name=\"description\" content=\"VAN GRAAF modes ce\u013cved\u012b j\u016bs atrad\u012bsiet noder\u012bgus modes padomus un stila konsult\u0101cijas, k\u0101 ar\u012b inform\u0101ciju par sezonas tendenc\u0113m un jaunaj\u0101m z\u012bmolu kolekcij\u0101m.\" \/>\n<meta name=\"robots\" content=\"index, follow, max-snippet:-1, max-image-preview:large, max-video-preview:-1\" \/>\n<link rel=\"canonical\" href=\"https:\/\/www.vangraaf.com\/lv\/konsultacijas-un-stils\/\" \/>\n<meta property=\"og:locale\" content=\"lv_LV\" \/>\n<meta property=\"og:type\" content=\"article\" \/>\n<meta property=\"og:title\" content=\"Stila idejas: j\u016bsu VAN GRAAF e-\u017eurn\u0101ls par modi\" \/>\n<meta property=\"og:description\" content=\"VAN GRAAF modes ce\u013cved\u012b j\u016bs atrad\u012bsiet noder\u012bgus modes padomus un stila konsult\u0101cijas, k\u0101 ar\u012b inform\u0101ciju par sezonas tendenc\u0113m un jaunaj\u0101m z\u012bmolu kolekcij\u0101m.\" \/>\n<meta property=\"og:url\" content=\"https:\/\/www.vangraaf.com\/lv\/konsultacijas-un-stils\/\" \/>\n<meta property=\"og:site_name\" content=\"VAN GRAAF Latvija\" \/>\n<meta property=\"article:modified_time\" content=\"2024-09-12T13:34:55+00:00\" \/>\n<meta name=\"twitter:card\" content=\"summary_large_image\" \/>\n<meta name=\"twitter:label1\" content=\"Est. reading time\" \/>\n\t<meta name=\"twitter:data1\" content=\"5 min\u016btes\" \/>\n<script type=\"application\/ld+json\" class=\"yoast-schema-graph\">{\"@context\":\"https:\/\/schema.org\",\"@graph\":[{\"@type\":\"WebPage\",\"@id\":\"https:\/\/www.vangraaf.com\/lv\/konsultacijas-un-stils\/\",\"url\":\"https:\/\/www.vangraaf.com\/lv\/konsultacijas-un-stils\/\",\"name\":\"Stila idejas: j\u016bsu VAN GRAAF e-\u017eurn\u0101ls par modi\",\"isPartOf\":{\"@id\":\"https:\/\/www.vangraaf.com\/lv\/#website\"},\"datePublished\":\"2020-02-11T12:25:12+00:00\",\"dateModified\":\"2024-09-12T13:34:55+00:00\",\"description\":\"VAN GRAAF modes ce\u013cved\u012b j\u016bs atrad\u012bsiet noder\u012bgus modes padomus un stila konsult\u0101cijas, k\u0101 ar\u012b inform\u0101ciju par sezonas tendenc\u0113m un jaunaj\u0101m z\u012bmolu kolekcij\u0101m.\",\"breadcrumb\":{\"@id\":\"https:\/\/www.vangraaf.com\/lv\/konsultacijas-un-stils\/#breadcrumb\"},\"inLanguage\":\"lv-LV\",\"potentialAction\":[{\"@type\":\"ReadAction\",\"target\":[\"https:\/\/www.vangraaf.com\/lv\/konsultacijas-un-stils\/\"]}]},{\"@type\":\"BreadcrumbList\",\"@id\":\"https:\/\/www.vangraaf.com\/lv\/konsultacijas-un-stils\/#breadcrumb\",\"itemListElement\":[{\"@type\":\"ListItem\",\"position\":1,\"name\":\"Home\",\"item\":\"https:\/\/www.vangraaf.com\/lv\/\"},{\"@type\":\"ListItem\",\"position\":2,\"name\":\"Beratung und Style\"}]},{\"@type\":\"WebSite\",\"@id\":\"https:\/\/www.vangraaf.com\/lv\/#website\",\"url\":\"https:\/\/www.vangraaf.com\/lv\/\",\"name\":\"VAN GRAAF\",\"description\":\"VAN GRAAF\",\"potentialAction\":[{\"@type\":\"SearchAction\",\"target\":{\"@type\":\"EntryPoint\",\"urlTemplate\":\"https:\/\/www.vangraaf.com\/lv\/?s={search_term_string}\"},\"query-input\":{\"@type\":\"PropertyValueSpecification\",\"valueRequired\":true,\"valueName\":\"search_term_string\"}}],\"inLanguage\":\"lv-LV\"}]}<\/script>\n<!-- \/ Yoast SEO plugin. -->","yoast_head_json":{"title":"Stila idejas: j\u016bsu VAN GRAAF e-\u017eurn\u0101ls par modi","description":"VAN GRAAF modes ce\u013cved\u012b j\u016bs atrad\u012bsiet noder\u012bgus modes padomus un stila konsult\u0101cijas, k\u0101 ar\u012b inform\u0101ciju par sezonas tendenc\u0113m un jaunaj\u0101m z\u012bmolu kolekcij\u0101m.","robots":{"index":"index","follow":"follow","max-snippet":"max-snippet:-1","max-image-preview":"max-image-preview:large","max-video-preview":"max-video-preview:-1"},"canonical":"https:\/\/www.vangraaf.com\/lv\/konsultacijas-un-stils\/","og_locale":"lv_LV","og_type":"article","og_title":"Stila idejas: j\u016bsu VAN GRAAF e-\u017eurn\u0101ls par modi","og_description":"VAN GRAAF modes ce\u013cved\u012b j\u016bs atrad\u012bsiet noder\u012bgus modes padomus un stila konsult\u0101cijas, k\u0101 ar\u012b inform\u0101ciju par sezonas tendenc\u0113m un jaunaj\u0101m z\u012bmolu kolekcij\u0101m.","og_url":"https:\/\/www.vangraaf.com\/lv\/konsultacijas-un-stils\/","og_site_name":"VAN GRAAF Latvija","article_modified_time":"2024-09-12T13:34:55+00:00","twitter_card":"summary_large_image","twitter_misc":{"Est. reading time":"5 min\u016btes"},"schema":{"@context":"https:\/\/schema.org","@graph":[{"@type":"WebPage","@id":"https:\/\/www.vangraaf.com\/lv\/konsultacijas-un-stils\/","url":"https:\/\/www.vangraaf.com\/lv\/konsultacijas-un-stils\/","name":"Stila idejas: j\u016bsu VAN GRAAF e-\u017eurn\u0101ls par modi","isPartOf":{"@id":"https:\/\/www.vangraaf.com\/lv\/#website"},"datePublished":"2020-02-11T12:25:12+00:00","dateModified":"2024-09-12T13:34:55+00:00","description":"VAN GRAAF modes ce\u013cved\u012b j\u016bs atrad\u012bsiet noder\u012bgus modes padomus un stila konsult\u0101cijas, k\u0101 ar\u012b inform\u0101ciju par sezonas tendenc\u0113m un jaunaj\u0101m z\u012bmolu kolekcij\u0101m.","breadcrumb":{"@id":"https:\/\/www.vangraaf.com\/lv\/konsultacijas-un-stils\/#breadcrumb"},"inLanguage":"lv-LV","potentialAction":[{"@type":"ReadAction","target":["https:\/\/www.vangraaf.com\/lv\/konsultacijas-un-stils\/"]}]},{"@type":"BreadcrumbList","@id":"https:\/\/www.vangraaf.com\/lv\/konsultacijas-un-stils\/#breadcrumb","itemListElement":[{"@type":"ListItem","position":1,"name":"Home","item":"https:\/\/www.vangraaf.com\/lv\/"},{"@type":"ListItem","position":2,"name":"Beratung und Style"}]},{"@type":"WebSite","@id":"https:\/\/www.vangraaf.com\/lv\/#website","url":"https:\/\/www.vangraaf.com\/lv\/","name":"VAN GRAAF","description":"VAN GRAAF","potentialAction":[{"@type":"SearchAction","target":{"@type":"EntryPoint","urlTemplate":"https:\/\/www.vangraaf.com\/lv\/?s={search_term_string}"},"query-input":{"@type":"PropertyValueSpecification","valueRequired":true,"valueName":"search_term_string"}}],"inLanguage":"lv-LV"}]}},"_links":{"self":[{"href":"https:\/\/www.vangraaf.com\/lv\/wp-json\/wp\/v2\/pages\/3920","targetHints":{"allow":["GET"]}}],"collection":[{"href":"https:\/\/www.vangraaf.com\/lv\/wp-json\/wp\/v2\/pages"}],"about":[{"href":"https:\/\/www.vangraaf.com\/lv\/wp-json\/wp\/v2\/types\/page"}],"author":[{"embeddable":true,"href":"https:\/\/www.vangraaf.com\/lv\/wp-json\/wp\/v2\/users\/5"}],"replies":[{"embeddable":true,"href":"https:\/\/www.vangraaf.com\/lv\/wp-json\/wp\/v2\/comments?post=3920"}],"version-history":[{"count":19,"href":"https:\/\/www.vangraaf.com\/lv\/wp-json\/wp\/v2\/pages\/3920\/revisions"}],"predecessor-version":[{"id":6679,"href":"https:\/\/www.vangraaf.com\/lv\/wp-json\/wp\/v2\/pages\/3920\/revisions\/6679"}],"wp:attachment":[{"href":"https:\/\/www.vangraaf.com\/lv\/wp-json\/wp\/v2\/media?parent=3920"}],"curies":[{"name":"wp","href":"https:\/\/api.w.org\/{rel}","templated":true}]}}