{"id":3919,"date":"2020-02-20T14:13:27","date_gmt":"2020-02-20T13:13:27","guid":{"rendered":"http:\/\/van-graaf.test\/ch\/404-2\/"},"modified":"2021-03-15T09:52:36","modified_gmt":"2021-03-15T08:52:36","slug":"404-not-found","status":"publish","type":"page","link":"https:\/\/www.vangraaf.com\/lv\/404-not-found\/","title":{"rendered":"404"},"content":{"rendered":"<div class=\"wpb-content-wrapper\">[vc_row full_width=&#8221;stretch_row_content_no_spaces&#8221;][vc_column]<div class=\"keyvisual\" data-aos=\"fade-up\" ><img loading=\"lazy\" decoding=\"async\" width=\"1440\" height=\"480\" src=\"https:\/\/www.vangraaf.com\/lv\/wp-content\/uploads\/sites\/5\/2020\/02\/Impressum_Banner_WP.jpg\" class=\"vc_single_image-img\" alt=\"P\u0101ris siltos d\u017eemperos un cepur\u0113, apskaujas un smaida, s\u0113\u017eot br\u016bnas kr\u0101sas d\u012bv\u0101n\u0101.\" srcset=\"https:\/\/www.vangraaf.com\/lv\/wp-content\/uploads\/sites\/5\/2020\/02\/Impressum_Banner_WP.jpg 1440w, https:\/\/www.vangraaf.com\/lv\/wp-content\/uploads\/sites\/5\/2020\/02\/Impressum_Banner_WP-300x100.jpg 300w, https:\/\/www.vangraaf.com\/lv\/wp-content\/uploads\/sites\/5\/2020\/02\/Impressum_Banner_WP-1024x341.jpg 1024w, https:\/\/www.vangraaf.com\/lv\/wp-content\/uploads\/sites\/5\/2020\/02\/Impressum_Banner_WP-768x256.jpg 768w, https:\/\/www.vangraaf.com\/lv\/wp-content\/uploads\/sites\/5\/2020\/02\/Impressum_Banner_WP-1200x400.jpg 1200w, https:\/\/www.vangraaf.com\/lv\/wp-content\/uploads\/sites\/5\/2020\/02\/Impressum_Banner_WP-992x331.jpg 992w, https:\/\/www.vangraaf.com\/lv\/wp-content\/uploads\/sites\/5\/2020\/02\/Impressum_Banner_WP-480x160.jpg 480w, https:\/\/www.vangraaf.com\/lv\/wp-content\/uploads\/sites\/5\/2020\/02\/Impressum_Banner_WP-690x230.jpg 690w\" sizes=\"(max-width: 1440px) 100vw, 1440px\" \/><\/div>\n        <div class=\"headlines headlines--center\" data-aos=\"fade-up\">\n            <div class=\"vc_row\">\n                <div class=\"vc_col-md-10 vc_col-md-offset-1 vc_col-lg-10 vc_col-lg-offset-1\"><span class=\"h6\">Error 404<\/span><h1 class=\"h2\">Page not found<\/h1><\/div>\n            <\/div>\n        <\/div>[vc_column_text]\r\n<p style=\"text-align: center\"><span class=\"exampleContent\">This page has either been moved and is now available in an other area or it does not exist anymore.<\/span><\/p>\r\n<p style=\"text-align: center\"><a class=\"button\" href=\"https:\/\/www.vangraaf.com\/lv\/\">Homepage<\/a><\/p>\r\n[\/vc_column_text][\/vc_column][\/vc_row][vc_row bwd_show_when_type=&#8221;before&#8221; bwd_show_when_date=&#8221;03\/15\/2021 00:00&#8243; bwd_tbc4vd_show_weekday=&#8221;&#8221;][vc_column width=&#8221;1\/2&#8243; offset=&#8221;vc_col-lg-4 vc_col-md-4 vc_col-xs-12&#8243;]<div class=\"vg-element cta-teaser cta-teaser--center\" data-aos=\"fade-up\"><div class=\"cta-teaser__image\"><a class=\"\" href=\"http:\/\/vangraaf.com\/lv\/haus\/riga\/\" target=\"_self\" rel=\"\" style=\"\"><img loading=\"lazy\" decoding=\"async\" width=\"378\" height=\"346\" src=\"https:\/\/www.vangraaf.com\/lv\/wp-content\/uploads\/sites\/5\/2020\/04\/LV_Haus_Error_03.jpg\" class=\"vc_single_image-img attachment-full\" alt=\"\" title=\"LV_Haus_Error_03\" srcset=\"https:\/\/www.vangraaf.com\/lv\/wp-content\/uploads\/sites\/5\/2020\/04\/LV_Haus_Error_03.jpg 378w, https:\/\/www.vangraaf.com\/lv\/wp-content\/uploads\/sites\/5\/2020\/04\/LV_Haus_Error_03-300x275.jpg 300w\" sizes=\"(max-width: 378px) 100vw, 378px\" \/><\/a><\/div><div class=\"cta-teaser__text\"><h3>VAN GRAAF R\u012bg\u0101<\/h3><p>Klasisk\u0101 stila dr\u0113bes lieti\u0161\u0137iem gad\u012bjumiem, stil\u012bgs br\u012bv\u0101 laika ap\u0123\u0113rbs, kr\u0101\u0161\u0146i vakara t\u0113rpi, k\u0101 ar\u012b aktu\u0101l\u0101s tendences \u2013 modes pre\u010du veikal\u0101 VAN GRAAF J\u016bs sagaida pla\u0161a sievie\u0161u un v\u012brie\u0161u modes izv\u0113le katrai gaumei.<\/p><a class=\"button\" href=\"http:\/\/vangraaf.com\/lv\/haus\/riga\/\" target=\"_self\" rel=\"\" style=\"\">VAN GRAAF R\u012bg\u0101<\/a><\/div><\/div>[\/vc_column][vc_column width=&#8221;1\/2&#8243; offset=&#8221;vc_col-lg-4 vc_col-md-4 vc_col-xs-12&#8243;]<div class=\"vg-element cta-teaser cta-teaser--center\" data-aos=\"fade-up\"><div class=\"cta-teaser__image\"><a class=\"\" href=\"http:\/\/vangraaf.com\/lv\/zimoli\/zimoli-sievietem\/\" target=\"_self\" rel=\"\" style=\"\">Z\u012bmoli sieviet\u0113m<\/a><\/div><div class=\"cta-teaser__text\"><h3>Z\u012bmoli sieviet\u0113m<\/h3><p>Veikal\u0101 pieejami daudzi paz\u012bstami augst\u0101k\u0101s klases z\u012bmoli. Turpin\u0101jum\u0101 varat izlas\u012bt, k\u0101dus z\u012bmolus m\u0113s pied\u0101v\u0101jam, \u2013 no A l\u012bdz Z!<\/p><a class=\"button\" href=\"http:\/\/vangraaf.com\/lv\/zimoli\/zimoli-sievietem\/\" target=\"_self\" rel=\"\" style=\"\">Z\u012bmoli sieviet\u0113m<\/a><\/div><\/div>[\/vc_column][vc_column width=&#8221;1\/2&#8243; offset=&#8221;vc_col-lg-4 vc_col-md-4&#8243;]<div class=\"vg-element cta-teaser cta-teaser--center\" data-aos=\"fade-up\"><div class=\"cta-teaser__image\"><a class=\"\" href=\"http:\/\/vangraaf.com\/lv\/zimoli\/zimoli-viriesiem\/\" target=\"_self\" rel=\"\" style=\"\">Z\u012bmoli v\u012brie\u0161iem<\/a><\/div><div class=\"cta-teaser__text\"><h3>Z\u012bmoli v\u012brie\u0161iem<\/h3><p>M\u016bsu veikal\u0101 m\u0113s pied\u0101v\u0101jam daudzus paz\u012bstamus un augstv\u0113rt\u012bgus z\u012bmolus. Z\u012bmoli, kurus pied\u0101v\u0101jam, ir nor\u0101d\u012bti m\u016bsu p\u0101rskat\u0101 \u2013 no A l\u012bdz Z!<\/p><a class=\"button\" href=\"http:\/\/vangraaf.com\/lv\/zimoli\/zimoli-viriesiem\/\" target=\"_self\" rel=\"\" style=\"\">Z\u012bmoli v\u012brie\u0161iem<\/a><\/div><\/div>[\/vc_column][\/vc_row][vc_row bwd_show_when_type=&#8221;after&#8221; bwd_show_when_date=&#8221;03\/15\/2021 00:00&#8243; bwd_tbc4vd_show_weekday=&#8221;&#8221;][vc_column width=&#8221;1\/2&#8243; offset=&#8221;vc_col-lg-4 vc_col-md-4 vc_col-xs-12&#8243;]<div class=\"vg-element cta-teaser cta-teaser--center\" data-aos=\"fade-up\"><div class=\"cta-teaser__image\"><a class=\"\" href=\"http:\/\/vangraaf.com\/lv\/haus\/riga\/\" target=\"_self\" rel=\"\" style=\"\"><img loading=\"lazy\" decoding=\"async\" width=\"378\" height=\"346\" src=\"https:\/\/www.vangraaf.com\/lv\/wp-content\/uploads\/sites\/5\/2020\/04\/LV_Haus_Error_03.jpg\" class=\"vc_single_image-img attachment-full\" alt=\"\" title=\"LV_Haus_Error_03\" srcset=\"https:\/\/www.vangraaf.com\/lv\/wp-content\/uploads\/sites\/5\/2020\/04\/LV_Haus_Error_03.jpg 378w, https:\/\/www.vangraaf.com\/lv\/wp-content\/uploads\/sites\/5\/2020\/04\/LV_Haus_Error_03-300x275.jpg 300w\" sizes=\"(max-width: 378px) 100vw, 378px\" \/><\/a><\/div><div class=\"cta-teaser__text\"><h3>VAN GRAAF R\u012bg\u0101<\/h3><p>Klasisk\u0101 stila dr\u0113bes lieti\u0161\u0137iem gad\u012bjumiem, stil\u012bgs br\u012bv\u0101 laika ap\u0123\u0113rbs, kr\u0101\u0161\u0146i vakara t\u0113rpi, k\u0101 ar\u012b aktu\u0101l\u0101s tendences \u2013 modes pre\u010du veikal\u0101 VAN GRAAF J\u016bs sagaida pla\u0161a sievie\u0161u un v\u012brie\u0161u modes izv\u0113le katrai gaumei.<\/p><a class=\"button\" href=\"http:\/\/vangraaf.com\/lv\/haus\/riga\/\" target=\"_self\" rel=\"\" style=\"\">VAN GRAAF R\u012bg\u0101<\/a><\/div><\/div>[\/vc_column][vc_column width=&#8221;1\/2&#8243; offset=&#8221;vc_col-lg-4 vc_col-md-4 vc_col-xs-12&#8243;]<div class=\"vg-element cta-teaser cta-teaser--center\" data-aos=\"fade-up\"><div class=\"cta-teaser__image\"><a class=\"\" href=\"http:\/\/vangraaf.com\/lv\/zimoli\/zimoli-sievietem\/\" target=\"_self\" rel=\"\" style=\"\"><img loading=\"lazy\" decoding=\"async\" width=\"378\" height=\"346\" src=\"https:\/\/www.vangraaf.com\/lv\/wp-content\/uploads\/sites\/5\/2021\/03\/Marken_DOB_PromoTeaser_WP.jpg\" class=\"vc_single_image-img attachment-full\" alt=\"Sieviete ar garu, tum\u0161u matu smaida, valk\u0101jot baltu kleitu ar roz\u0101 un oran\u017eu ziedu rakstu.\" title=\"Marken_DOB_PromoTeaser_WP\" srcset=\"https:\/\/www.vangraaf.com\/lv\/wp-content\/uploads\/sites\/5\/2021\/03\/Marken_DOB_PromoTeaser_WP.jpg 378w, https:\/\/www.vangraaf.com\/lv\/wp-content\/uploads\/sites\/5\/2021\/03\/Marken_DOB_PromoTeaser_WP-300x275.jpg 300w\" sizes=\"(max-width: 378px) 100vw, 378px\" \/><\/a><\/div><div class=\"cta-teaser__text\"><h3>Z\u012bmoli sieviet\u0113m<\/h3><p>Veikal\u0101 pieejami daudzi paz\u012bstami augst\u0101k\u0101s klases z\u012bmoli. Turpin\u0101jum\u0101 varat izlas\u012bt, k\u0101dus z\u012bmolus m\u0113s pied\u0101v\u0101jam, \u2013 no A l\u012bdz Z!<\/p><a class=\"button\" href=\"http:\/\/vangraaf.com\/lv\/zimoli\/zimoli-sievietem\/\" target=\"_self\" rel=\"\" style=\"\">Z\u012bmoli sieviet\u0113m<\/a><\/div><\/div>[\/vc_column][vc_column width=&#8221;1\/2&#8243; offset=&#8221;vc_col-lg-4 vc_col-md-4&#8243;]<div class=\"vg-element cta-teaser cta-teaser--center\" data-aos=\"fade-up\"><div class=\"cta-teaser__image\"><a class=\"\" href=\"http:\/\/vangraaf.com\/lv\/zimoli\/zimoli-viriesiem\/\" target=\"_self\" rel=\"\" style=\"\"><img loading=\"lazy\" decoding=\"async\" width=\"378\" height=\"346\" src=\"https:\/\/www.vangraaf.com\/lv\/wp-content\/uploads\/sites\/5\/2021\/03\/Marken_HAKA_PromoTeaser_WP.jpg\" class=\"vc_single_image-img attachment-full\" alt=\"Jauns v\u012brietis ar cirtainiem matiem un pel\u0113ku kreklu skat\u0101s uz s\u0101niem.\" title=\"Marken_HAKA_PromoTeaser_WP\" srcset=\"https:\/\/www.vangraaf.com\/lv\/wp-content\/uploads\/sites\/5\/2021\/03\/Marken_HAKA_PromoTeaser_WP.jpg 378w, https:\/\/www.vangraaf.com\/lv\/wp-content\/uploads\/sites\/5\/2021\/03\/Marken_HAKA_PromoTeaser_WP-300x275.jpg 300w\" sizes=\"(max-width: 378px) 100vw, 378px\" \/><\/a><\/div><div class=\"cta-teaser__text\"><h3>Z\u012bmoli v\u012brie\u0161iem<\/h3><p>M\u016bsu veikal\u0101 m\u0113s pied\u0101v\u0101jam daudzus paz\u012bstamus un augstv\u0113rt\u012bgus z\u012bmolus. Z\u012bmoli, kurus pied\u0101v\u0101jam, ir nor\u0101d\u012bti m\u016bsu p\u0101rskat\u0101 \u2013 no A l\u012bdz Z!<\/p><a class=\"button\" href=\"http:\/\/vangraaf.com\/lv\/zimoli\/zimoli-viriesiem\/\" target=\"_self\" rel=\"\" style=\"\">Z\u012bmoli v\u012brie\u0161iem<\/a><\/div><\/div>[\/vc_column][\/vc_row]<\/div>","protected":false},"excerpt":{"rendered":"[vc_row full_width=&#8221;stretch_row_content_no_spaces&#8221;][vc_column][vc_column_text] This page has either been moved and is now available in an other area or it does not exist anymore. Homepage [\/vc_column_text][\/vc_column][\/vc_row][vc_row bwd_show_when_type=&#8221;before&#8221; bwd_show_when_date=&#8221;03\/15\/2021 00:00&#8243; bwd_tbc4vd_show_weekday=&#8221;&#8221;][vc_column width=&#8221;1\/2&#8243; offset=&#8221;vc_col-lg-4 vc_col-md-4 vc_col-xs-12&#8243;][\/vc_column][vc_column width=&#8221;1\/2&#8243; offset=&#8221;vc_col-lg-4 vc_col-md-4 vc_col-xs-12&#8243;][\/vc_column][vc_column width=&#8221;1\/2&#8243; offset=&#8221;vc_col-lg-4 vc_col-md-4&#8243;][\/vc_column][\/vc_row][vc_row bwd_show_when_type=&#8221;after&#8221; bwd_show_when_date=&#8221;03\/15\/2021 00:00&#8243; bwd_tbc4vd_show_weekday=&#8221;&#8221;][vc_column width=&#8221;1\/2&#8243; offset=&#8221;vc_col-lg-4 vc_col-md-4 vc_col-xs-12&#8243;][\/vc_column][vc_column width=&#8221;1\/2&#8243; offset=&#8221;vc_col-lg-4 vc_col-md-4 vc_col-xs-12&#8243;][\/vc_column][vc_column width=&#8221;1\/2&#8243; offset=&#8221;vc_col-lg-4 vc_col-md-4&#8243;][\/vc_column][\/vc_row]","protected":false},"author":3,"featured_media":0,"parent":0,"menu_order":0,"comment_status":"closed","ping_status":"closed","template":"page-404.php","meta":{"_acf_changed":false,"inline_featured_image":false,"footnotes":""},"class_list":["post-3919","page","type-page","status-publish","hentry"],"acf":[],"yoast_head":"<!-- This site is optimized with the Yoast SEO plugin v27.2 - https:\/\/yoast.com\/product\/yoast-seo-wordpress\/ -->\n<title>404 - Error<\/title>\n<meta name=\"description\" content=\"This page has either been moved and is now available in an other area or it does not exist anymore.\" \/>\n<meta name=\"robots\" content=\"index, follow, max-snippet:-1, max-image-preview:large, max-video-preview:-1\" \/>\n<link rel=\"canonical\" href=\"https:\/\/www.vangraaf.com\/lv\/404-not-found\/\" \/>\n<meta property=\"og:locale\" content=\"lv_LV\" \/>\n<meta property=\"og:type\" content=\"article\" \/>\n<meta property=\"og:title\" content=\"404 - Error\" \/>\n<meta property=\"og:description\" content=\"This page has either been moved and is now available in an other area or it does not exist anymore.\" \/>\n<meta property=\"og:url\" content=\"https:\/\/www.vangraaf.com\/lv\/404-not-found\/\" \/>\n<meta property=\"og:site_name\" content=\"VAN GRAAF Latvija\" \/>\n<meta property=\"article:modified_time\" content=\"2021-03-15T08:52:36+00:00\" \/>\n<meta name=\"twitter:card\" content=\"summary_large_image\" \/>\n<meta name=\"twitter:label1\" content=\"Est. reading time\" \/>\n\t<meta name=\"twitter:data1\" content=\"3 min\u016btes\" \/>\n<script type=\"application\/ld+json\" class=\"yoast-schema-graph\">{\"@context\":\"https:\/\/schema.org\",\"@graph\":[{\"@type\":\"WebPage\",\"@id\":\"https:\/\/www.vangraaf.com\/lv\/404-not-found\/\",\"url\":\"https:\/\/www.vangraaf.com\/lv\/404-not-found\/\",\"name\":\"404 - Error\",\"isPartOf\":{\"@id\":\"https:\/\/www.vangraaf.com\/lv\/#website\"},\"datePublished\":\"2020-02-20T13:13:27+00:00\",\"dateModified\":\"2021-03-15T08:52:36+00:00\",\"description\":\"This page has either been moved and is now available in an other area or it does not exist anymore.\",\"breadcrumb\":{\"@id\":\"https:\/\/www.vangraaf.com\/lv\/404-not-found\/#breadcrumb\"},\"inLanguage\":\"lv-LV\",\"potentialAction\":[{\"@type\":\"ReadAction\",\"target\":[\"https:\/\/www.vangraaf.com\/lv\/404-not-found\/\"]}]},{\"@type\":\"BreadcrumbList\",\"@id\":\"https:\/\/www.vangraaf.com\/lv\/404-not-found\/#breadcrumb\",\"itemListElement\":[{\"@type\":\"ListItem\",\"position\":1,\"name\":\"Home\",\"item\":\"https:\/\/www.vangraaf.com\/lv\/\"},{\"@type\":\"ListItem\",\"position\":2,\"name\":\"404\"}]},{\"@type\":\"WebSite\",\"@id\":\"https:\/\/www.vangraaf.com\/lv\/#website\",\"url\":\"https:\/\/www.vangraaf.com\/lv\/\",\"name\":\"VAN GRAAF\",\"description\":\"VAN GRAAF\",\"potentialAction\":[{\"@type\":\"SearchAction\",\"target\":{\"@type\":\"EntryPoint\",\"urlTemplate\":\"https:\/\/www.vangraaf.com\/lv\/?s={search_term_string}\"},\"query-input\":{\"@type\":\"PropertyValueSpecification\",\"valueRequired\":true,\"valueName\":\"search_term_string\"}}],\"inLanguage\":\"lv-LV\"}]}<\/script>\n<!-- \/ Yoast SEO plugin. -->","yoast_head_json":{"title":"404 - Error","description":"This page has either been moved and is now available in an other area or it does not exist anymore.","robots":{"index":"index","follow":"follow","max-snippet":"max-snippet:-1","max-image-preview":"max-image-preview:large","max-video-preview":"max-video-preview:-1"},"canonical":"https:\/\/www.vangraaf.com\/lv\/404-not-found\/","og_locale":"lv_LV","og_type":"article","og_title":"404 - Error","og_description":"This page has either been moved and is now available in an other area or it does not exist anymore.","og_url":"https:\/\/www.vangraaf.com\/lv\/404-not-found\/","og_site_name":"VAN GRAAF Latvija","article_modified_time":"2021-03-15T08:52:36+00:00","twitter_card":"summary_large_image","twitter_misc":{"Est. reading time":"3 min\u016btes"},"schema":{"@context":"https:\/\/schema.org","@graph":[{"@type":"WebPage","@id":"https:\/\/www.vangraaf.com\/lv\/404-not-found\/","url":"https:\/\/www.vangraaf.com\/lv\/404-not-found\/","name":"404 - Error","isPartOf":{"@id":"https:\/\/www.vangraaf.com\/lv\/#website"},"datePublished":"2020-02-20T13:13:27+00:00","dateModified":"2021-03-15T08:52:36+00:00","description":"This page has either been moved and is now available in an other area or it does not exist anymore.","breadcrumb":{"@id":"https:\/\/www.vangraaf.com\/lv\/404-not-found\/#breadcrumb"},"inLanguage":"lv-LV","potentialAction":[{"@type":"ReadAction","target":["https:\/\/www.vangraaf.com\/lv\/404-not-found\/"]}]},{"@type":"BreadcrumbList","@id":"https:\/\/www.vangraaf.com\/lv\/404-not-found\/#breadcrumb","itemListElement":[{"@type":"ListItem","position":1,"name":"Home","item":"https:\/\/www.vangraaf.com\/lv\/"},{"@type":"ListItem","position":2,"name":"404"}]},{"@type":"WebSite","@id":"https:\/\/www.vangraaf.com\/lv\/#website","url":"https:\/\/www.vangraaf.com\/lv\/","name":"VAN GRAAF","description":"VAN GRAAF","potentialAction":[{"@type":"SearchAction","target":{"@type":"EntryPoint","urlTemplate":"https:\/\/www.vangraaf.com\/lv\/?s={search_term_string}"},"query-input":{"@type":"PropertyValueSpecification","valueRequired":true,"valueName":"search_term_string"}}],"inLanguage":"lv-LV"}]}},"_links":{"self":[{"href":"https:\/\/www.vangraaf.com\/lv\/wp-json\/wp\/v2\/pages\/3919","targetHints":{"allow":["GET"]}}],"collection":[{"href":"https:\/\/www.vangraaf.com\/lv\/wp-json\/wp\/v2\/pages"}],"about":[{"href":"https:\/\/www.vangraaf.com\/lv\/wp-json\/wp\/v2\/types\/page"}],"author":[{"embeddable":true,"href":"https:\/\/www.vangraaf.com\/lv\/wp-json\/wp\/v2\/users\/3"}],"replies":[{"embeddable":true,"href":"https:\/\/www.vangraaf.com\/lv\/wp-json\/wp\/v2\/comments?post=3919"}],"version-history":[{"count":13,"href":"https:\/\/www.vangraaf.com\/lv\/wp-json\/wp\/v2\/pages\/3919\/revisions"}],"predecessor-version":[{"id":5260,"href":"https:\/\/www.vangraaf.com\/lv\/wp-json\/wp\/v2\/pages\/3919\/revisions\/5260"}],"wp:attachment":[{"href":"https:\/\/www.vangraaf.com\/lv\/wp-json\/wp\/v2\/media?parent=3919"}],"curies":[{"name":"wp","href":"https:\/\/api.w.org\/{rel}","templated":true}]}}