{"id":7042,"date":"2022-05-02T18:31:21","date_gmt":"2022-05-02T16:31:21","guid":{"rendered":"https:\/\/www.vangraaf.com\/hu\/?page_id=7042"},"modified":"2024-04-23T14:30:50","modified_gmt":"2024-04-23T12:30:50","slug":"energia-hatekonysag","status":"publish","type":"page","link":"https:\/\/www.vangraaf.com\/hu\/energia-hatekonysag\/","title":{"rendered":"Energia hat\u00e9konys\u00e1g"},"content":{"rendered":"<div class=\"wpb-content-wrapper\">[vc_row bwd_tbc4vd_show_weekday=&#8221;&#8221; full_width=&#8221;stretch_row_content_no_spaces&#8221;][vc_column]<div class=\"keyvisual\" data-aos=\"fade-up\" ><img loading=\"lazy\" decoding=\"async\" width=\"1440\" height=\"480\" src=\"https:\/\/www.vangraaf.com\/hu\/wp-content\/uploads\/sites\/3\/2020\/02\/Impressum_Banner_WP.jpg\" class=\"vc_single_image-img\" alt=\"Egy f\u00e9rfi \u00e9s egy n\u0151 \u00e1llnak egym\u00e1s mellett, modern ruh\u00e1kban, egy minimalista, vil\u00e1gos h\u00e1tt\u00e9r el\u0151tt.\" srcset=\"https:\/\/www.vangraaf.com\/hu\/wp-content\/uploads\/sites\/3\/2020\/02\/Impressum_Banner_WP.jpg 1440w, https:\/\/www.vangraaf.com\/hu\/wp-content\/uploads\/sites\/3\/2020\/02\/Impressum_Banner_WP-300x100.jpg 300w, https:\/\/www.vangraaf.com\/hu\/wp-content\/uploads\/sites\/3\/2020\/02\/Impressum_Banner_WP-1024x341.jpg 1024w, https:\/\/www.vangraaf.com\/hu\/wp-content\/uploads\/sites\/3\/2020\/02\/Impressum_Banner_WP-768x256.jpg 768w, https:\/\/www.vangraaf.com\/hu\/wp-content\/uploads\/sites\/3\/2020\/02\/Impressum_Banner_WP-1200x400.jpg 1200w, https:\/\/www.vangraaf.com\/hu\/wp-content\/uploads\/sites\/3\/2020\/02\/Impressum_Banner_WP-992x331.jpg 992w, https:\/\/www.vangraaf.com\/hu\/wp-content\/uploads\/sites\/3\/2020\/02\/Impressum_Banner_WP-480x160.jpg 480w, https:\/\/www.vangraaf.com\/hu\/wp-content\/uploads\/sites\/3\/2020\/02\/Impressum_Banner_WP-690x230.jpg 690w\" sizes=\"(max-width: 1440px) 100vw, 1440px\" \/><\/div>\n        <div class=\"headlines headlines--center\" data-aos=\"fade-up\">\n            <div class=\"vc_row\">\n                <div class=\"vc_col-md-10 vc_col-md-offset-1 vc_col-lg-10 vc_col-lg-offset-1\"><h1 class=\"h2\">Energia hat\u00e9konys\u00e1g<\/h1><\/div>\n            <\/div>\n        <\/div>[vc_row_inner][vc_column_inner][vc_column_text css=&#8221;&#8221;]<a href=\"https:\/\/www.vangraaf.com\/hu\/wp-content\/uploads\/sites\/3\/2021\/05\/0755_2022_eves_eszr_20230511134921_hu.pdf\" target=\"_blank\" rel=\"noopener\">2022 ves energetikai szakreferensi riport<\/a>[\/vc_column_text][vc_column_text]<a href=\"https:\/\/www.vangraaf.com\/hu\/wp-content\/uploads\/sites\/3\/2022\/06\/eves_szakreferensi_riport_2021_hu_eredeti.pdf\" target=\"_blank\" rel=\"noopener\">2021 ves energetikai szakreferensi riport<\/a>[\/vc_column_text][vc_column_text]<a href=\"https:\/\/www.vangraaf.com\/hu\/wp-content\/uploads\/sites\/3\/2022\/05\/HU_VG_2020.pdf\" target=\"_blank\" rel=\"noopener\">2020 ves energetikai szakreferensi riport<\/a>[\/vc_column_text][vc_column_text]<a href=\"https:\/\/www.vangraaf.com\/hu\/wp-content\/uploads\/sites\/3\/2022\/05\/HU_VG_2019.pdf\" target=\"_blank\" rel=\"noopener\">2019 ves energetikai szakreferensi riport<\/a>[\/vc_column_text][vc_column_text]<a href=\"https:\/\/www.vangraaf.com\/hu\/wp-content\/uploads\/sites\/3\/2022\/05\/HU_VG_2018.pdf\" target=\"_blank\" rel=\"noopener\">2018 ves energetikai szakreferensi riport<\/a>[\/vc_column_text][\/vc_column_inner][\/vc_row_inner][\/vc_column][\/vc_row]<\/div>","protected":false},"excerpt":{"rendered":"[vc_row bwd_tbc4vd_show_weekday=&#8221;&#8221; full_width=&#8221;stretch_row_content_no_spaces&#8221;][vc_column][vc_row_inner][vc_column_inner][vc_column_text css=&#8221;&#8221;]2022 ves energetikai szakreferensi riport[\/vc_column_text][vc_column_text]2021 ves energetikai szakreferensi riport[\/vc_column_text][vc_column_text]2020 ves energetikai szakreferensi riport[\/vc_column_text][vc_column_text]2019 ves energetikai szakreferensi riport[\/vc_column_text][vc_column_text]2018 ves energetikai szakreferensi riport[\/vc_column_text][\/vc_column_inner][\/vc_row_inner][\/vc_column][\/vc_row]","protected":false},"author":5,"featured_media":0,"parent":0,"menu_order":0,"comment_status":"closed","ping_status":"closed","template":"","meta":{"_acf_changed":false,"inline_featured_image":false,"footnotes":""},"class_list":["post-7042","page","type-page","status-publish","hentry"],"acf":[],"yoast_head":"<!-- This site is optimized with the Yoast SEO plugin v27.2 - https:\/\/yoast.com\/product\/yoast-seo-wordpress\/ -->\n<title>Energia hat\u00e9konys\u00e1g VAN GRAAF<\/title>\n<meta name=\"robots\" content=\"index, follow, max-snippet:-1, max-image-preview:large, max-video-preview:-1\" \/>\n<link rel=\"canonical\" href=\"https:\/\/www.vangraaf.com\/hu\/energia-hatekonysag\/\" \/>\n<meta property=\"og:locale\" content=\"hu_HU\" \/>\n<meta property=\"og:type\" content=\"article\" \/>\n<meta property=\"og:title\" content=\"Energia hat\u00e9konys\u00e1g VAN GRAAF\" \/>\n<meta property=\"og:description\" content=\"[vc_row bwd_tbc4vd_show_weekday=&#8221;&#8221; full_width=&#8221;stretch_row_content_no_spaces&#8221;][vc_column][vc_row_inner][vc_column_inner][vc_column_text css=&#8221;&#8221;]2022 ves energetikai szakreferensi riport[\/vc_column_text][vc_column_text]2021 ves energetikai szakreferensi riport[\/vc_column_text][vc_column_text]2020 ves energetikai szakreferensi riport[\/vc_column_text][vc_column_text]2019 ves energetikai szakreferensi riport[\/vc_column_text][vc_column_text]2018 ves energetikai szakreferensi riport[\/vc_column_text][\/vc_column_inner][\/vc_row_inner][\/vc_column][\/vc_row]\" \/>\n<meta property=\"og:url\" content=\"https:\/\/www.vangraaf.com\/hu\/energia-hatekonysag\/\" \/>\n<meta property=\"og:site_name\" content=\"VAN GRAAF Magyarorsz\u00e1g\" \/>\n<meta property=\"article:modified_time\" content=\"2024-04-23T12:30:50+00:00\" \/>\n<meta name=\"twitter:card\" content=\"summary_large_image\" \/>\n<meta name=\"twitter:label1\" content=\"Becs\u00fclt olvas\u00e1si id\u0151\" \/>\n\t<meta name=\"twitter:data1\" content=\"1 perc\" \/>\n<script type=\"application\/ld+json\" class=\"yoast-schema-graph\">{\"@context\":\"https:\/\/schema.org\",\"@graph\":[{\"@type\":\"WebPage\",\"@id\":\"https:\/\/www.vangraaf.com\/hu\/energia-hatekonysag\/\",\"url\":\"https:\/\/www.vangraaf.com\/hu\/energia-hatekonysag\/\",\"name\":\"Energia hat\u00e9konys\u00e1g VAN GRAAF\",\"isPartOf\":{\"@id\":\"https:\/\/www.vangraaf.com\/hu\/#website\"},\"datePublished\":\"2022-05-02T16:31:21+00:00\",\"dateModified\":\"2024-04-23T12:30:50+00:00\",\"breadcrumb\":{\"@id\":\"https:\/\/www.vangraaf.com\/hu\/energia-hatekonysag\/#breadcrumb\"},\"inLanguage\":\"hu\",\"potentialAction\":[{\"@type\":\"ReadAction\",\"target\":[\"https:\/\/www.vangraaf.com\/hu\/energia-hatekonysag\/\"]}]},{\"@type\":\"BreadcrumbList\",\"@id\":\"https:\/\/www.vangraaf.com\/hu\/energia-hatekonysag\/#breadcrumb\",\"itemListElement\":[{\"@type\":\"ListItem\",\"position\":1,\"name\":\"Home\",\"item\":\"https:\/\/www.vangraaf.com\/hu\/\"},{\"@type\":\"ListItem\",\"position\":2,\"name\":\"Energia hat\u00e9konys\u00e1g\"}]},{\"@type\":\"WebSite\",\"@id\":\"https:\/\/www.vangraaf.com\/hu\/#website\",\"url\":\"https:\/\/www.vangraaf.com\/hu\/\",\"name\":\"VAN GRAAF\",\"description\":\"VAN GRAAF\",\"potentialAction\":[{\"@type\":\"SearchAction\",\"target\":{\"@type\":\"EntryPoint\",\"urlTemplate\":\"https:\/\/www.vangraaf.com\/hu\/?s={search_term_string}\"},\"query-input\":{\"@type\":\"PropertyValueSpecification\",\"valueRequired\":true,\"valueName\":\"search_term_string\"}}],\"inLanguage\":\"hu\"}]}<\/script>\n<!-- \/ Yoast SEO plugin. -->","yoast_head_json":{"title":"Energia hat\u00e9konys\u00e1g VAN GRAAF","robots":{"index":"index","follow":"follow","max-snippet":"max-snippet:-1","max-image-preview":"max-image-preview:large","max-video-preview":"max-video-preview:-1"},"canonical":"https:\/\/www.vangraaf.com\/hu\/energia-hatekonysag\/","og_locale":"hu_HU","og_type":"article","og_title":"Energia hat\u00e9konys\u00e1g VAN GRAAF","og_description":"[vc_row bwd_tbc4vd_show_weekday=&#8221;&#8221; full_width=&#8221;stretch_row_content_no_spaces&#8221;][vc_column][vc_row_inner][vc_column_inner][vc_column_text css=&#8221;&#8221;]2022 ves energetikai szakreferensi riport[\/vc_column_text][vc_column_text]2021 ves energetikai szakreferensi riport[\/vc_column_text][vc_column_text]2020 ves energetikai szakreferensi riport[\/vc_column_text][vc_column_text]2019 ves energetikai szakreferensi riport[\/vc_column_text][vc_column_text]2018 ves energetikai szakreferensi riport[\/vc_column_text][\/vc_column_inner][\/vc_row_inner][\/vc_column][\/vc_row]","og_url":"https:\/\/www.vangraaf.com\/hu\/energia-hatekonysag\/","og_site_name":"VAN GRAAF Magyarorsz\u00e1g","article_modified_time":"2024-04-23T12:30:50+00:00","twitter_card":"summary_large_image","twitter_misc":{"Becs\u00fclt olvas\u00e1si id\u0151":"1 perc"},"schema":{"@context":"https:\/\/schema.org","@graph":[{"@type":"WebPage","@id":"https:\/\/www.vangraaf.com\/hu\/energia-hatekonysag\/","url":"https:\/\/www.vangraaf.com\/hu\/energia-hatekonysag\/","name":"Energia hat\u00e9konys\u00e1g VAN GRAAF","isPartOf":{"@id":"https:\/\/www.vangraaf.com\/hu\/#website"},"datePublished":"2022-05-02T16:31:21+00:00","dateModified":"2024-04-23T12:30:50+00:00","breadcrumb":{"@id":"https:\/\/www.vangraaf.com\/hu\/energia-hatekonysag\/#breadcrumb"},"inLanguage":"hu","potentialAction":[{"@type":"ReadAction","target":["https:\/\/www.vangraaf.com\/hu\/energia-hatekonysag\/"]}]},{"@type":"BreadcrumbList","@id":"https:\/\/www.vangraaf.com\/hu\/energia-hatekonysag\/#breadcrumb","itemListElement":[{"@type":"ListItem","position":1,"name":"Home","item":"https:\/\/www.vangraaf.com\/hu\/"},{"@type":"ListItem","position":2,"name":"Energia hat\u00e9konys\u00e1g"}]},{"@type":"WebSite","@id":"https:\/\/www.vangraaf.com\/hu\/#website","url":"https:\/\/www.vangraaf.com\/hu\/","name":"VAN GRAAF","description":"VAN GRAAF","potentialAction":[{"@type":"SearchAction","target":{"@type":"EntryPoint","urlTemplate":"https:\/\/www.vangraaf.com\/hu\/?s={search_term_string}"},"query-input":{"@type":"PropertyValueSpecification","valueRequired":true,"valueName":"search_term_string"}}],"inLanguage":"hu"}]}},"_links":{"self":[{"href":"https:\/\/www.vangraaf.com\/hu\/wp-json\/wp\/v2\/pages\/7042","targetHints":{"allow":["GET"]}}],"collection":[{"href":"https:\/\/www.vangraaf.com\/hu\/wp-json\/wp\/v2\/pages"}],"about":[{"href":"https:\/\/www.vangraaf.com\/hu\/wp-json\/wp\/v2\/types\/page"}],"author":[{"embeddable":true,"href":"https:\/\/www.vangraaf.com\/hu\/wp-json\/wp\/v2\/users\/5"}],"replies":[{"embeddable":true,"href":"https:\/\/www.vangraaf.com\/hu\/wp-json\/wp\/v2\/comments?post=7042"}],"version-history":[{"count":10,"href":"https:\/\/www.vangraaf.com\/hu\/wp-json\/wp\/v2\/pages\/7042\/revisions"}],"predecessor-version":[{"id":8469,"href":"https:\/\/www.vangraaf.com\/hu\/wp-json\/wp\/v2\/pages\/7042\/revisions\/8469"}],"wp:attachment":[{"href":"https:\/\/www.vangraaf.com\/hu\/wp-json\/wp\/v2\/media?parent=7042"}],"curies":[{"name":"wp","href":"https:\/\/api.w.org\/{rel}","templated":true}]}}