{"id":6400,"date":"2022-02-15T11:28:48","date_gmt":"2022-02-15T10:28:48","guid":{"rendered":"https:\/\/www.vangraaf.com\/hu\/?page_id=6400"},"modified":"2023-04-11T14:59:02","modified_gmt":"2023-04-11T12:59:02","slug":"a-vallalat","status":"publish","type":"page","link":"https:\/\/www.vangraaf.com\/hu\/karrier\/rolunk\/a-vallalat\/","title":{"rendered":"A v\u00e1llalat"},"content":{"rendered":"<div class=\"wpb-content-wrapper\">[vc_row bwd_tbc4vd_show_weekday=&#8221;&#8221; full_width=&#8221;stretch_row_content_no_spaces&#8221;][vc_column]<div class=\"keyvisual\" data-aos=\"fade-up\" ><img loading=\"lazy\" decoding=\"async\" width=\"1440\" height=\"480\" src=\"https:\/\/www.vangraaf.com\/hu\/wp-content\/uploads\/sites\/3\/2022\/03\/DasUnternehmen_VG.jpg\" class=\"vc_single_image-img\" alt=\"\" srcset=\"https:\/\/www.vangraaf.com\/hu\/wp-content\/uploads\/sites\/3\/2022\/03\/DasUnternehmen_VG.jpg 1440w, https:\/\/www.vangraaf.com\/hu\/wp-content\/uploads\/sites\/3\/2022\/03\/DasUnternehmen_VG-300x100.jpg 300w, https:\/\/www.vangraaf.com\/hu\/wp-content\/uploads\/sites\/3\/2022\/03\/DasUnternehmen_VG-1024x341.jpg 1024w, https:\/\/www.vangraaf.com\/hu\/wp-content\/uploads\/sites\/3\/2022\/03\/DasUnternehmen_VG-768x256.jpg 768w, https:\/\/www.vangraaf.com\/hu\/wp-content\/uploads\/sites\/3\/2022\/03\/DasUnternehmen_VG-1200x400.jpg 1200w, https:\/\/www.vangraaf.com\/hu\/wp-content\/uploads\/sites\/3\/2022\/03\/DasUnternehmen_VG-992x331.jpg 992w, https:\/\/www.vangraaf.com\/hu\/wp-content\/uploads\/sites\/3\/2022\/03\/DasUnternehmen_VG-480x160.jpg 480w, https:\/\/www.vangraaf.com\/hu\/wp-content\/uploads\/sites\/3\/2022\/03\/DasUnternehmen_VG-690x230.jpg 690w\" sizes=\"(max-width: 1440px) 100vw, 1440px\" \/><\/div>\n        <div class=\"headlines headlines--center\" data-aos=\"fade-up\">\n            <div class=\"vc_row\">\n                <div class=\"vc_col-md-10 vc_col-md-offset-1 vc_col-lg-10 vc_col-lg-offset-1\"><span class=\"h6\">Mi vagyunk a VAN GRAAF<\/span><h1 class=\"h2\">Bemutatkoz\u00e1s<\/h1><\/div>\n            <\/div>\n        <\/div>[vc_column_text]A VAN GRAAF \u00fczleteiben a divat leny\u0171g\u00f6z\u0151 \u00e9lm\u00e9ny. A Peek&amp;Cloppenburg KG Hamburg \u00e9gisze alatt alap\u00edtott v\u00e1llalat, ma m\u00e1r t\u00f6bb mint 17 \u00fczletet foglal mag\u00e1ba Lengyelorsz\u00e1gban, Csehorsz\u00e1gban, Magyarorsz\u00e1gon, Lettorsz\u00e1gban \u00e9s Sv\u00e1jcban.\r\n\r\nOmnichannel kiskeresked\u0151k\u00e9nt a VANGRAAF.COM web\u00e1ruh\u00e1zunkkal N\u00e9metorsz\u00e1gban \u00e9s Lengyelorsz\u00e1gban is jelen vagyunk. A VANGRAAF.COM v\u00e1ltozatos szolg\u00e1ltat\u00e1sokkal \u00e9s izgalmas m\u00e1rkak\u00edn\u00e1lattal a nap 24 \u00f3r\u00e1j\u00e1ban v\u00e1rja a v\u00e1s\u00e1rl\u00f3kat.\r\n\r\nAzzal a c\u00e9llal, hogy Eur\u00f3pa-szerte tov\u00e1bbi helyeken is el\u00e9rhet\u0151v\u00e9 tegy\u00fck az omnichannel v\u00e1s\u00e1rl\u00e1si \u00e9lm\u00e9nyt, veled egy\u00fctt form\u00e1ljuk az eredm\u00e9nyes j\u00f6v\u0151t.\r\n\r\nSzeretn\u00e9l t\u00f6bbet megtudni arr\u00f3l, hogy kik vagyunk \u00e9s mi\u00e9rt sikeres a c\u00e9gcsoportunk? A t\u00f6rt\u00e9net\u00fcnkt\u0151l kezdve a divatszakmai hozz\u00e1\u00e9rt\u00e9s\u00fcnkig mindent megtudhatsz r\u00f3lunk a <a href=\"https:\/\/www.vangraaf.com\/hu\/vallalat\/\" target=\"_blank\" rel=\"noopener\">VAN GRAAF v\u00e1llalati weboldal\u00e1n<\/a>![\/vc_column_text][\/vc_column][\/vc_row][vc_row][vc_column]<div data-leaflet-options=\"{&quot;marker&quot;:{&quot;3703&quot;:{&quot;title&quot;:&quot;Budapest, Allee&quot;,&quot;lat&quot;:&quot;47.47537715&quot;,&quot;long&quot;:&quot;19.04934103&quot;,&quot;category&quot;:&quot;vg&quot;,&quot;tooltip&quot;:&quot;&lt;strong&gt;Budapest, Allee&lt;\\\/strong&gt;&lt;p&gt;Allee&lt;br \\\/&gt;\\r\\nV\\u00e1li u. 3&lt;br \\\/&gt;\\r\\nHU-1117 Budapest&lt;\\\/p&gt;&quot;},&quot;3704&quot;:{&quot;title&quot;:&quot;Budapest, \\u00c1rk\\u00e1d&quot;,&quot;lat&quot;:&quot;47.5030067&quot;,&quot;long&quot;:&quot;19.14136971&quot;,&quot;category&quot;:&quot;vg&quot;,&quot;tooltip&quot;:&quot;&lt;strong&gt;Budapest, \\u00c1rk\\u00e1d&lt;\\\/strong&gt;&lt;p&gt;\\u00c1rk\\u00e1d2&lt;br \\\/&gt;\\r\\nKerepesi \\u00fat 61&lt;br \\\/&gt;\\r\\nHU-1106 Budapest&lt;\\\/p&gt;&quot;},&quot;3705&quot;:{&quot;title&quot;:&quot;Gdansk&quot;,&quot;lat&quot;:&quot;54.3493276&quot;,&quot;long&quot;:&quot;18.6442557&quot;,&quot;category&quot;:&quot;vg&quot;,&quot;tooltip&quot;:&quot;&lt;strong&gt;Gdansk&lt;\\\/strong&gt;&lt;p&gt;Ul. Targ Sienny 7&lt;br \\\/&gt;\\r\\n80-806 Gda\\u0144sk&lt;\\\/p&gt;&quot;},&quot;3706&quot;:{&quot;title&quot;:&quot;Gdynia&quot;,&quot;lat&quot;:&quot;54.5050165&quot;,&quot;long&quot;:&quot;18.5319454&quot;,&quot;category&quot;:&quot;vg&quot;,&quot;tooltip&quot;:&quot;&lt;strong&gt;Gdynia&lt;\\\/strong&gt;&lt;p&gt;Ul. Kazimierza G\\u00f3rskiego 2&lt;br \\\/&gt;\\r\\n81-304 Gdynia&lt;\\\/p&gt;&quot;},&quot;3708&quot;:{&quot;title&quot;:&quot;Katowice Silesia City Center&quot;,&quot;lat&quot;:&quot;50.270513&quot;,&quot;long&quot;:&quot;19.0047342&quot;,&quot;category&quot;:&quot;vg&quot;,&quot;tooltip&quot;:&quot;&lt;strong&gt;Katowice Silesia City Center&lt;\\\/strong&gt;&lt;p&gt;Ul. Chorzowska 107&lt;br \\\/&gt;\\r\\n40-101 Katowice&lt;\\\/p&gt;&quot;},&quot;3707&quot;:{&quot;title&quot;:&quot;Krakk\\u00f3&quot;,&quot;lat&quot;:&quot;50.087115&quot;,&quot;long&quot;:&quot;19.977557&quot;,&quot;category&quot;:&quot;vg&quot;,&quot;tooltip&quot;:&quot;&lt;strong&gt;Krakk\\u00f3&lt;\\\/strong&gt;&lt;p&gt;al. Gen. T. Bora-Komorowskiego 41&lt;br \\\/&gt;\\r\\n31-876 Krak\\u00f3w&lt;\\\/p&gt;&quot;},&quot;3709&quot;:{&quot;title&quot;:&quot;Lodz&quot;,&quot;lat&quot;:&quot;51.7792577&quot;,&quot;long&quot;:&quot;19.4447859&quot;,&quot;category&quot;:&quot;vg&quot;,&quot;tooltip&quot;:&quot;&lt;strong&gt;Lodz&lt;\\\/strong&gt;&lt;p&gt;Ul. Karskiego 5&lt;br \\\/&gt;\\r\\n91-071 \\u0141\\u00f3d\\u017a&lt;\\\/p&gt;&quot;},&quot;3710&quot;:{&quot;title&quot;:&quot;Poznan, Posnania&quot;,&quot;lat&quot;:&quot;52.39808223632361&quot;,&quot;long&quot;:&quot;16.94810108747227&quot;,&quot;category&quot;:&quot;vg&quot;,&quot;tooltip&quot;:&quot;&lt;strong&gt;Poznan, Posnania&lt;\\\/strong&gt;&lt;p&gt;Ul. Pleszewska 1&lt;br \\\/&gt;\\r\\n61-136 Pozna\\u0144&lt;\\\/p&gt;&quot;},&quot;3711&quot;:{&quot;title&quot;:&quot;Poznan, Stary Browar&quot;,&quot;lat&quot;:&quot;52.4012985&quot;,&quot;long&quot;:&quot;16.9277759&quot;,&quot;category&quot;:&quot;vg&quot;,&quot;tooltip&quot;:&quot;&lt;strong&gt;Poznan, Stary Browar&lt;\\\/strong&gt;&lt;p&gt;Ul. P\\u00f3\\u0142wiejska 42&lt;br \\\/&gt;\\r\\n61-888 Pozna\\u0144&lt;\\\/p&gt;&quot;},&quot;3717&quot;:{&quot;title&quot;:&quot;Riga&quot;,&quot;lat&quot;:&quot;56.9244304&quot;,&quot;long&quot;:&quot;24.1721953&quot;,&quot;category&quot;:&quot;vg&quot;,&quot;tooltip&quot;:&quot;&lt;strong&gt;Riga&lt;\\\/strong&gt;&lt;p&gt;Maskavas iela 257&lt;br \\\/&gt;\\r\\nLV-1019 R\\u00eega&lt;\\\/p&gt;&quot;},&quot;3722&quot;:{&quot;title&quot;:&quot;Sopot&quot;,&quot;lat&quot;:&quot;54.44455297892016&quot;,&quot;long&quot;:&quot;18.567380152994758&quot;,&quot;category&quot;:&quot;vg&quot;,&quot;tooltip&quot;:&quot;&lt;strong&gt;Sopot&lt;\\\/strong&gt;&lt;p&gt;ul. Bohater\\u00f3w Monte Cassino 61&lt;br \\\/&gt;\\r\\nSopot 81-767&lt;\\\/p&gt;&quot;},&quot;3713&quot;:{&quot;title&quot;:&quot;Spreitenbach Z\\u00fcrich k\\u00f6zel\\u00e9ben&quot;,&quot;lat&quot;:&quot;47.42360321&quot;,&quot;long&quot;:&quot;8.37162911&quot;,&quot;category&quot;:&quot;vg&quot;,&quot;tooltip&quot;:&quot;&lt;strong&gt;Spreitenbach Z\\u00fcrich k\\u00f6zel\\u00e9ben&lt;\\\/strong&gt;&lt;p&gt;Industriestrasse&lt;br \\\/&gt;\\r\\nCH-8957 Spreitenbach&lt;\\\/p&gt;&quot;},&quot;3714&quot;:{&quot;title&quot;:&quot;Szczecin&quot;,&quot;lat&quot;:&quot;53.4277687&quot;,&quot;long&quot;:&quot;14.5511149&quot;,&quot;category&quot;:&quot;vg&quot;,&quot;tooltip&quot;:&quot;&lt;strong&gt;Szczecin&lt;\\\/strong&gt;&lt;p&gt;Al. Niepodleg\\u0142o\\u015bci 36&lt;br \\\/&gt;\\r\\n70-404 Szczecin&lt;\\\/p&gt;&quot;},&quot;3721&quot;:{&quot;title&quot;:&quot;Vars\\u00f3, Galeria M\\u0142ociny&quot;,&quot;lat&quot;:&quot;52.288160&quot;,&quot;long&quot;:&quot;20.928220&quot;,&quot;category&quot;:&quot;vg&quot;,&quot;tooltip&quot;:&quot;&lt;strong&gt;Vars\\u00f3, Galeria M\\u0142ociny&lt;\\\/strong&gt;&lt;p&gt;Galerii M\\u0142ociny&lt;br \\\/&gt;\\r\\nZgrupowania AK \\&quot;Kampinos\\&quot; 15&lt;br \\\/&gt;\\r\\n01-943 Warszawa&lt;\\\/p&gt;&quot;},&quot;3715&quot;:{&quot;title&quot;:&quot;Vars\\u00f3, Z\\u0142ote Tarasy&quot;,&quot;lat&quot;:&quot;52.2307089&quot;,&quot;long&quot;:&quot;21.0021248&quot;,&quot;category&quot;:&quot;vg&quot;,&quot;tooltip&quot;:&quot;&lt;strong&gt;Vars\\u00f3, Z\\u0142ote Tarasy&lt;\\\/strong&gt;&lt;p&gt;Ul. Z\\u0142ota 59&lt;br \\\/&gt;\\r\\n00-120 Warszawa &lt;\\\/p&gt;&quot;},&quot;3716&quot;:{&quot;title&quot;:&quot;Wroc\\u0142aw&quot;,&quot;lat&quot;:&quot;51.1083488&quot;,&quot;long&quot;:&quot;17.0404282&quot;,&quot;category&quot;:&quot;vg&quot;,&quot;tooltip&quot;:&quot;&lt;strong&gt;Wroc\\u0142aw&lt;\\\/strong&gt;&lt;p&gt;Plac Dominika\\u0144ski 3&lt;br \\\/&gt;\\r\\n50-159 Wroc\\u0142aw&lt;\\\/p&gt;&quot;}},&quot;zoom&quot;:&quot;4&quot;}\" data-uc-options=\"{&quot;serviceName&quot;:&quot;OpenStreetMap&quot;,&quot;serviceID&quot;:&quot;j7Igy6o8D&quot;,&quot;description&quot;:&quot;A t\\u00e9rk\\u00e9ptartalmak be\\u00e1gyaz\\u00e1s\\u00e1hoz harmadik f\\u00e9l szolg\\u00e1ltat\\u00e1s\\u00e1t haszn\\u00e1ljuk. Ez a szolg\\u00e1ltat\\u00e1s adatokat gy\\u0171jthet az \\u00d6n tev\\u00e9kenys\\u00e9geir\\u0151l. K\\u00e9rj\\u00fck, olvassa el a r\\u00e9szleteket, \\u00e9s j\\u00e1ruljon hozz\\u00e1 a szolg\\u00e1ltat\\u00e1s haszn\\u00e1lat\\u00e1hoz a t\\u00e9rk\\u00e9p megtekint\\u00e9s\\u00e9hez.&quot;}\"><div id=\"leaflet\"><\/div><\/div>[\/vc_column][\/vc_row][vc_row bwd_tbc4vd_show_weekday=&#8221;&#8221; full_width=&#8221;stretch_row_content_no_spaces&#8221;][vc_column]\n        <div class=\"headlines headlines--center\" data-aos=\"fade-up\">\n            <div class=\"vc_row\">\n                <div class=\"vc_col-md-10 vc_col-md-offset-1 vc_col-lg-10 vc_col-lg-offset-1\"><h2 class=\"h2\">Tov\u00e1bbi inform\u00e1ci\u00f3k a VAN GRAAF-r\u00f3l<\/h2><\/div>\n            <\/div>\n        <\/div>[vc_row_inner bwd_tbc4vd_show_weekday=&#8221;&#8221; row_design=&#8221;row_square_background&#8221;][vc_column_inner width=&#8221;1\/3&#8243;]<div class=\"vg-element cta-teaser cta-teaser--center\" data-aos=\"fade-up\"><div class=\"cta-teaser__image\"><a class=\"\" href=\"https:\/\/www.vangraaf.com\/hu\/karrier\/rolunk\/egyutt\/\" target=\"_self\" rel=\"\" style=\"\"><img loading=\"lazy\" decoding=\"async\" width=\"380\" height=\"254\" src=\"https:\/\/www.vangraaf.com\/hu\/wp-content\/uploads\/sites\/3\/2022\/03\/M7_D_Wir_Headerbild_Gruppe_030-2.jpg\" class=\"vc_single_image-img attachment-full\" alt=\"\" title=\"R\u00f3lunk_ser\" srcset=\"https:\/\/www.vangraaf.com\/hu\/wp-content\/uploads\/sites\/3\/2022\/03\/M7_D_Wir_Headerbild_Gruppe_030-2.jpg 380w, https:\/\/www.vangraaf.com\/hu\/wp-content\/uploads\/sites\/3\/2022\/03\/M7_D_Wir_Headerbild_Gruppe_030-2-300x201.jpg 300w\" sizes=\"(max-width: 380px) 100vw, 380px\" \/><\/a><\/div><div class=\"cta-teaser__text\"><h3>Egy\u00fctt egym\u00e1ssal<\/h3><p>K\u00f6z\u00f6s benn\u00fcnk a divat \u00e9s az emberek ir\u00e1nti szenved\u00e9ly. Tudj meg t\u00f6bbet a VAN GRAAF v\u00e1llalati kult\u00far\u00e1j\u00e1r\u00f3l!<\/p><a class=\"button\" href=\"https:\/\/www.vangraaf.com\/hu\/karrier\/rolunk\/egyutt\/\" target=\"_self\" rel=\"\" style=\"\">Tudj meg t\u00f6bbet<\/a><\/div><\/div>[\/vc_column_inner][vc_column_inner width=&#8221;1\/3&#8243;]<div class=\"vg-element cta-teaser cta-teaser--center\" data-aos=\"fade-up\"><div class=\"cta-teaser__image\"><a class=\"\" href=\"https:\/\/www.vangraaf.com\/hu\/karrier\/kapcsolat\/\" target=\"_self\" rel=\"\" style=\"\"><img loading=\"lazy\" decoding=\"async\" width=\"380\" height=\"254\" src=\"https:\/\/www.vangraaf.com\/hu\/wp-content\/uploads\/sites\/3\/2022\/03\/Nagy.jpg\" class=\"vc_single_image-img attachment-full\" alt=\"\" title=\"Nagy_Ser\" srcset=\"https:\/\/www.vangraaf.com\/hu\/wp-content\/uploads\/sites\/3\/2022\/03\/Nagy.jpg 380w, https:\/\/www.vangraaf.com\/hu\/wp-content\/uploads\/sites\/3\/2022\/03\/Nagy-300x201.jpg 300w\" sizes=\"(max-width: 380px) 100vw, 380px\" \/><\/a><\/div><div class=\"cta-teaser__text\"><h3>Kapcsolat<\/h3><p>K\u00e9rd\u00e9sed van a VAN GRAAF egyik poz\u00edci\u00f3j\u00e1val kapcsolatban? Akkor fordulj k\u00f6zvetlen\u00fcl Kir\u00e1hoz. +36 883 4106<\/p><a class=\"button\" href=\"https:\/\/www.vangraaf.com\/hu\/karrier\/kapcsolat\/\" target=\"_self\" rel=\"\" style=\"\">K\u00fcldj e-mailt<\/a><\/div><\/div>[\/vc_column_inner][vc_column_inner width=&#8221;1\/3&#8243;]<div class=\"vg-element cta-teaser cta-teaser--center\" data-aos=\"fade-up\"><div class=\"cta-teaser__image\"><a class=\"\" href=\"https:\/\/www.vangraaf.com\/hu\/karrier\/allas-karrier\/allasajanlatok\/\" target=\"_self\" rel=\"\" style=\"\"><img loading=\"lazy\" decoding=\"async\" width=\"380\" height=\"254\" src=\"https:\/\/www.vangraaf.com\/hu\/wp-content\/uploads\/sites\/3\/2022\/03\/M10_M_Portraits_Buero_026-1.jpg\" class=\"vc_single_image-img attachment-full\" alt=\"\" title=\"Karrier_ser\" srcset=\"https:\/\/www.vangraaf.com\/hu\/wp-content\/uploads\/sites\/3\/2022\/03\/M10_M_Portraits_Buero_026-1.jpg 380w, https:\/\/www.vangraaf.com\/hu\/wp-content\/uploads\/sites\/3\/2022\/03\/M10_M_Portraits_Buero_026-1-300x201.jpg 300w\" sizes=\"(max-width: 380px) 100vw, 380px\" \/><\/a><\/div><div class=\"cta-teaser__text\"><h3>\u00c1ll\u00e1saj\u00e1nlatok<\/h3><p>K\u00e9szen \u00e1llsz a k\u00f6vetkez\u0151 l\u00e9p\u00e9sre? A VAN GRAAF-n\u00e1l sz\u00e1mos lehet\u0151s\u00e9g v\u00e1r r\u00e1d, ahol megtal\u00e1lhatod \u00e1lmaid \u00e1ll\u00e1s\u00e1t.<\/p><a class=\"button button--primary\" href=\"https:\/\/www.vangraaf.com\/hu\/karrier\/allas-karrier\/allasajanlatok\/\" target=\"_self\" rel=\"\" style=\"\">Tov\u00e1bb az \u00e1ll\u00e1skeres\u00e9shez<\/a><\/div><\/div>[\/vc_column_inner][\/vc_row_inner][\/vc_column][\/vc_row]<\/div>","protected":false},"excerpt":{"rendered":"[vc_row bwd_tbc4vd_show_weekday=&#8221;&#8221; full_width=&#8221;stretch_row_content_no_spaces&#8221;][vc_column][vc_column_text]A VAN GRAAF \u00fczleteiben a divat leny\u0171g\u00f6z\u0151 \u00e9lm\u00e9ny. A Peek&amp;Cloppenburg KG Hamburg \u00e9gisze alatt alap\u00edtott v\u00e1llalat, ma m\u00e1r t\u00f6bb mint 17 \u00fczletet foglal mag\u00e1ba Lengyelorsz\u00e1gban, Csehorsz\u00e1gban, Magyarorsz\u00e1gon, Lettorsz\u00e1gban \u00e9s Sv\u00e1jcban. Omnichannel kiskeresked\u0151k\u00e9nt a VANGRAAF.COM web\u00e1ruh\u00e1zunkkal N\u00e9metorsz\u00e1gban \u00e9s Lengyelorsz\u00e1gban is jelen vagyunk. A VANGRAAF.COM v\u00e1ltozatos szolg\u00e1ltat\u00e1sokkal \u00e9s izgalmas m\u00e1rkak\u00edn\u00e1lattal a nap 24 \u00f3r\u00e1j\u00e1ban v\u00e1rja [&hellip;]","protected":false},"author":6,"featured_media":0,"parent":6376,"menu_order":0,"comment_status":"closed","ping_status":"closed","template":"","meta":{"_acf_changed":false,"inline_featured_image":false,"footnotes":""},"class_list":["post-6400","page","type-page","status-publish","hentry"],"acf":[],"yoast_head":"<!-- This site is optimized with the Yoast SEO plugin v27.2 - https:\/\/yoast.com\/product\/yoast-seo-wordpress\/ -->\n<title>Bemutatkoz\u00e1s I VAN GRAAF<\/title>\n<meta name=\"description\" content=\"Eur\u00f3p\u00e1ban van az otthonunk: Lengyelorsz\u00e1gban, Csehorsz\u00e1gban, Magyarorsz\u00e1gon, Lettorsz\u00e1gban \u00e9s Sv\u00e1jcban t\u00f6bb mint 16 VAN GRAAF \u00fczletben v\u00e1rjuk a v\u00e1s\u00e1rl\u00f3kat.\" \/>\n<meta name=\"robots\" content=\"index, follow, max-snippet:-1, max-image-preview:large, max-video-preview:-1\" \/>\n<link rel=\"canonical\" href=\"https:\/\/www.vangraaf.com\/hu\/karrier\/rolunk\/a-vallalat\/\" \/>\n<meta property=\"og:locale\" content=\"hu_HU\" \/>\n<meta property=\"og:type\" content=\"article\" \/>\n<meta property=\"og:title\" content=\"Bemutatkoz\u00e1s I VAN GRAAF\" \/>\n<meta property=\"og:description\" content=\"Eur\u00f3p\u00e1ban van az otthonunk: Lengyelorsz\u00e1gban, Csehorsz\u00e1gban, Magyarorsz\u00e1gon, Lettorsz\u00e1gban \u00e9s Sv\u00e1jcban t\u00f6bb mint 16 VAN GRAAF \u00fczletben v\u00e1rjuk a v\u00e1s\u00e1rl\u00f3kat.\" \/>\n<meta property=\"og:url\" content=\"https:\/\/www.vangraaf.com\/hu\/karrier\/rolunk\/a-vallalat\/\" \/>\n<meta property=\"og:site_name\" content=\"VAN GRAAF Magyarorsz\u00e1g\" \/>\n<meta property=\"article:modified_time\" content=\"2023-04-11T12:59:02+00:00\" \/>\n<meta name=\"twitter:card\" content=\"summary_large_image\" \/>\n<meta name=\"twitter:label1\" content=\"Becs\u00fclt olvas\u00e1si id\u0151\" \/>\n\t<meta name=\"twitter:data1\" content=\"2 perc\" \/>\n<script type=\"application\/ld+json\" class=\"yoast-schema-graph\">{\"@context\":\"https:\/\/schema.org\",\"@graph\":[{\"@type\":\"WebPage\",\"@id\":\"https:\/\/www.vangraaf.com\/hu\/karrier\/rolunk\/a-vallalat\/\",\"url\":\"https:\/\/www.vangraaf.com\/hu\/karrier\/rolunk\/a-vallalat\/\",\"name\":\"Bemutatkoz\u00e1s I VAN GRAAF\",\"isPartOf\":{\"@id\":\"https:\/\/www.vangraaf.com\/hu\/#website\"},\"datePublished\":\"2022-02-15T10:28:48+00:00\",\"dateModified\":\"2023-04-11T12:59:02+00:00\",\"description\":\"Eur\u00f3p\u00e1ban van az otthonunk: Lengyelorsz\u00e1gban, Csehorsz\u00e1gban, Magyarorsz\u00e1gon, Lettorsz\u00e1gban \u00e9s Sv\u00e1jcban t\u00f6bb mint 16 VAN GRAAF \u00fczletben v\u00e1rjuk a v\u00e1s\u00e1rl\u00f3kat.\",\"breadcrumb\":{\"@id\":\"https:\/\/www.vangraaf.com\/hu\/karrier\/rolunk\/a-vallalat\/#breadcrumb\"},\"inLanguage\":\"hu\",\"potentialAction\":[{\"@type\":\"ReadAction\",\"target\":[\"https:\/\/www.vangraaf.com\/hu\/karrier\/rolunk\/a-vallalat\/\"]}]},{\"@type\":\"BreadcrumbList\",\"@id\":\"https:\/\/www.vangraaf.com\/hu\/karrier\/rolunk\/a-vallalat\/#breadcrumb\",\"itemListElement\":[{\"@type\":\"ListItem\",\"position\":1,\"name\":\"Home\",\"item\":\"https:\/\/www.vangraaf.com\/hu\/\"},{\"@type\":\"ListItem\",\"position\":2,\"name\":\"Karrier\",\"item\":\"https:\/\/www.vangraaf.com\/hu\/karrier\/\"},{\"@type\":\"ListItem\",\"position\":3,\"name\":\"R\u00f3lunk\",\"item\":\"https:\/\/www.vangraaf.com\/hu\/karrier\/rolunk\/\"},{\"@type\":\"ListItem\",\"position\":4,\"name\":\"A v\u00e1llalat\"}]},{\"@type\":\"WebSite\",\"@id\":\"https:\/\/www.vangraaf.com\/hu\/#website\",\"url\":\"https:\/\/www.vangraaf.com\/hu\/\",\"name\":\"VAN GRAAF\",\"description\":\"VAN GRAAF\",\"potentialAction\":[{\"@type\":\"SearchAction\",\"target\":{\"@type\":\"EntryPoint\",\"urlTemplate\":\"https:\/\/www.vangraaf.com\/hu\/?s={search_term_string}\"},\"query-input\":{\"@type\":\"PropertyValueSpecification\",\"valueRequired\":true,\"valueName\":\"search_term_string\"}}],\"inLanguage\":\"hu\"}]}<\/script>\n<!-- \/ Yoast SEO plugin. -->","yoast_head_json":{"title":"Bemutatkoz\u00e1s I VAN GRAAF","description":"Eur\u00f3p\u00e1ban van az otthonunk: Lengyelorsz\u00e1gban, Csehorsz\u00e1gban, Magyarorsz\u00e1gon, Lettorsz\u00e1gban \u00e9s Sv\u00e1jcban t\u00f6bb mint 16 VAN GRAAF \u00fczletben v\u00e1rjuk a v\u00e1s\u00e1rl\u00f3kat.","robots":{"index":"index","follow":"follow","max-snippet":"max-snippet:-1","max-image-preview":"max-image-preview:large","max-video-preview":"max-video-preview:-1"},"canonical":"https:\/\/www.vangraaf.com\/hu\/karrier\/rolunk\/a-vallalat\/","og_locale":"hu_HU","og_type":"article","og_title":"Bemutatkoz\u00e1s I VAN GRAAF","og_description":"Eur\u00f3p\u00e1ban van az otthonunk: Lengyelorsz\u00e1gban, Csehorsz\u00e1gban, Magyarorsz\u00e1gon, Lettorsz\u00e1gban \u00e9s Sv\u00e1jcban t\u00f6bb mint 16 VAN GRAAF \u00fczletben v\u00e1rjuk a v\u00e1s\u00e1rl\u00f3kat.","og_url":"https:\/\/www.vangraaf.com\/hu\/karrier\/rolunk\/a-vallalat\/","og_site_name":"VAN GRAAF Magyarorsz\u00e1g","article_modified_time":"2023-04-11T12:59:02+00:00","twitter_card":"summary_large_image","twitter_misc":{"Becs\u00fclt olvas\u00e1si id\u0151":"2 perc"},"schema":{"@context":"https:\/\/schema.org","@graph":[{"@type":"WebPage","@id":"https:\/\/www.vangraaf.com\/hu\/karrier\/rolunk\/a-vallalat\/","url":"https:\/\/www.vangraaf.com\/hu\/karrier\/rolunk\/a-vallalat\/","name":"Bemutatkoz\u00e1s I VAN GRAAF","isPartOf":{"@id":"https:\/\/www.vangraaf.com\/hu\/#website"},"datePublished":"2022-02-15T10:28:48+00:00","dateModified":"2023-04-11T12:59:02+00:00","description":"Eur\u00f3p\u00e1ban van az otthonunk: Lengyelorsz\u00e1gban, Csehorsz\u00e1gban, Magyarorsz\u00e1gon, Lettorsz\u00e1gban \u00e9s Sv\u00e1jcban t\u00f6bb mint 16 VAN GRAAF \u00fczletben v\u00e1rjuk a v\u00e1s\u00e1rl\u00f3kat.","breadcrumb":{"@id":"https:\/\/www.vangraaf.com\/hu\/karrier\/rolunk\/a-vallalat\/#breadcrumb"},"inLanguage":"hu","potentialAction":[{"@type":"ReadAction","target":["https:\/\/www.vangraaf.com\/hu\/karrier\/rolunk\/a-vallalat\/"]}]},{"@type":"BreadcrumbList","@id":"https:\/\/www.vangraaf.com\/hu\/karrier\/rolunk\/a-vallalat\/#breadcrumb","itemListElement":[{"@type":"ListItem","position":1,"name":"Home","item":"https:\/\/www.vangraaf.com\/hu\/"},{"@type":"ListItem","position":2,"name":"Karrier","item":"https:\/\/www.vangraaf.com\/hu\/karrier\/"},{"@type":"ListItem","position":3,"name":"R\u00f3lunk","item":"https:\/\/www.vangraaf.com\/hu\/karrier\/rolunk\/"},{"@type":"ListItem","position":4,"name":"A v\u00e1llalat"}]},{"@type":"WebSite","@id":"https:\/\/www.vangraaf.com\/hu\/#website","url":"https:\/\/www.vangraaf.com\/hu\/","name":"VAN GRAAF","description":"VAN GRAAF","potentialAction":[{"@type":"SearchAction","target":{"@type":"EntryPoint","urlTemplate":"https:\/\/www.vangraaf.com\/hu\/?s={search_term_string}"},"query-input":{"@type":"PropertyValueSpecification","valueRequired":true,"valueName":"search_term_string"}}],"inLanguage":"hu"}]}},"_links":{"self":[{"href":"https:\/\/www.vangraaf.com\/hu\/wp-json\/wp\/v2\/pages\/6400","targetHints":{"allow":["GET"]}}],"collection":[{"href":"https:\/\/www.vangraaf.com\/hu\/wp-json\/wp\/v2\/pages"}],"about":[{"href":"https:\/\/www.vangraaf.com\/hu\/wp-json\/wp\/v2\/types\/page"}],"author":[{"embeddable":true,"href":"https:\/\/www.vangraaf.com\/hu\/wp-json\/wp\/v2\/users\/6"}],"replies":[{"embeddable":true,"href":"https:\/\/www.vangraaf.com\/hu\/wp-json\/wp\/v2\/comments?post=6400"}],"version-history":[{"count":10,"href":"https:\/\/www.vangraaf.com\/hu\/wp-json\/wp\/v2\/pages\/6400\/revisions"}],"predecessor-version":[{"id":7499,"href":"https:\/\/www.vangraaf.com\/hu\/wp-json\/wp\/v2\/pages\/6400\/revisions\/7499"}],"up":[{"embeddable":true,"href":"https:\/\/www.vangraaf.com\/hu\/wp-json\/wp\/v2\/pages\/6376"}],"wp:attachment":[{"href":"https:\/\/www.vangraaf.com\/hu\/wp-json\/wp\/v2\/media?parent=6400"}],"curies":[{"name":"wp","href":"https:\/\/api.w.org\/{rel}","templated":true}]}}