{"id":6396,"date":"2022-02-15T11:28:04","date_gmt":"2022-02-15T10:28:04","guid":{"rendered":"https:\/\/www.vangraaf.com\/hu\/?page_id=6396"},"modified":"2022-07-29T13:06:53","modified_gmt":"2022-07-29T11:06:53","slug":"felelosseg","status":"publish","type":"page","link":"https:\/\/www.vangraaf.com\/hu\/karrier\/rolunk\/felelosseg\/","title":{"rendered":"Felel\u0151ss\u00e9g"},"content":{"rendered":"<div class=\"wpb-content-wrapper\">[vc_row bwd_tbc4vd_show_weekday=&#8221;&#8221; full_width=&#8221;stretch_row_content_no_spaces&#8221;][vc_column]<div class=\"keyvisual\" data-aos=\"fade-up\" ><img loading=\"lazy\" decoding=\"async\" width=\"1440\" height=\"480\" src=\"https:\/\/www.vangraaf.com\/hu\/wp-content\/uploads\/sites\/3\/2022\/03\/M7_D_Wir_Headerbild_Gruppe_030.jpg\" class=\"vc_single_image-img\" alt=\"\" srcset=\"https:\/\/www.vangraaf.com\/hu\/wp-content\/uploads\/sites\/3\/2022\/03\/M7_D_Wir_Headerbild_Gruppe_030.jpg 1440w, https:\/\/www.vangraaf.com\/hu\/wp-content\/uploads\/sites\/3\/2022\/03\/M7_D_Wir_Headerbild_Gruppe_030-300x100.jpg 300w, https:\/\/www.vangraaf.com\/hu\/wp-content\/uploads\/sites\/3\/2022\/03\/M7_D_Wir_Headerbild_Gruppe_030-1024x341.jpg 1024w, https:\/\/www.vangraaf.com\/hu\/wp-content\/uploads\/sites\/3\/2022\/03\/M7_D_Wir_Headerbild_Gruppe_030-768x256.jpg 768w, https:\/\/www.vangraaf.com\/hu\/wp-content\/uploads\/sites\/3\/2022\/03\/M7_D_Wir_Headerbild_Gruppe_030-1200x400.jpg 1200w, https:\/\/www.vangraaf.com\/hu\/wp-content\/uploads\/sites\/3\/2022\/03\/M7_D_Wir_Headerbild_Gruppe_030-992x331.jpg 992w, https:\/\/www.vangraaf.com\/hu\/wp-content\/uploads\/sites\/3\/2022\/03\/M7_D_Wir_Headerbild_Gruppe_030-480x160.jpg 480w, https:\/\/www.vangraaf.com\/hu\/wp-content\/uploads\/sites\/3\/2022\/03\/M7_D_Wir_Headerbild_Gruppe_030-690x230.jpg 690w\" sizes=\"(max-width: 1440px) 100vw, 1440px\" \/><\/div>\n        <div class=\"headlines headlines--center\" data-aos=\"fade-up\">\n            <div class=\"vc_row\">\n                <div class=\"vc_col-md-10 vc_col-md-offset-1 vc_col-lg-10 vc_col-lg-offset-1\"><span class=\"h6\">Kezdem\u00e9nyez\u00e9seink munk\u00e1ltat\u00f3k\u00e9nt<\/span><h1 class=\"h2\">Felismerj\u00fck \u00e9s elismerj\u00fck a felel\u0151ss\u00e9get<\/h1><\/div>\n            <\/div>\n        <\/div>[vc_column_text]Csal\u00e1di v\u00e1llalkoz\u00e1sk\u00e9nt a v\u00e1llalati felel\u0151ss\u00e9gv\u00e1llal\u00e1s c\u00e9gkult\u00far\u00e1nk szerves r\u00e9sze. El\u0151retekint\u0151en, \u00e1tl\u00e1that\u00f3an \u00e9s bizalommal telve cseleksz\u00fcnk \u00e9s hozunk d\u00f6nt\u00e9seket.\r\n\r\n<a href=\"https:\/\/www.vangraaf.com\/hu\/karrier\/rolunk\/egyutt\/\">Egy\u00fcttm\u0171k\u00f6d\u00e9s\u00fcnk<\/a> alapja a bizalom \u00e9s a felel\u0151ss\u00e9gv\u00e1llal\u00e1s, amelyet akt\u00edvan t\u00e1mogatunk \u00e9s gyakorlunk.\r\n\r\nA VAN GRAAF-n\u00e1l mindannyian, nap mint nap lelkesed\u00fcnk a munk\u00e1nk\u00e9rt. Feladatunknak tekintj\u00fck, hogy olyan munkak\u00f6rnyezetet teremts\u00fcnk, amelyben mindenki j\u00f3l \u00e9rezheti mag\u00e1t \u00e9s fejl\u0151dhet. A visszajelz\u00e9si \u00e9s vezet\u0151i kult\u00far\u00e1nk mellett a megbecs\u00fcl\u00e9s\u00fcnket extra juttat\u00e1sok sz\u00e9les sk\u00e1l\u00e1j\u00e1val is kifejezz\u00fck.\r\n\r\nA VAN GRAAF fenntarthat\u00f3 j\u00f6v\u0151t szeretne teremteni. Egy\u00e9ni \u00e9s c\u00e9lzott <a href=\"https:\/\/www.vangraaf.com\/hu\/karrier\/rolunk\/iszakmai-fejlodes\/\">tov\u00e1bbk\u00e9pz\u00e9ssel<\/a> biztos\u00edtjuk, hogy mind a m\u00e1ban, mind pedig a j\u00f6v\u0151ben a lehet\u0151 legfelk\u00e9sz\u00fcltebbek legy\u00fcnk \u00e9s minden munkat\u00e1rsunk fejl\u0151dhessen.\r\n\r\nC\u00e9lunk, hogy a v\u00e1llalatunk fenntarthat\u00f3 teljes\u00edtm\u00e9nyt ny\u00fajtson. Tudat\u00e1ban vagyunk a fenntarthat\u00f3 m\u0171k\u00f6d\u00e9s fontoss\u00e1g\u00e1nak, hogy felel\u0151ss\u00e9ggel tartozunk a t\u00e1rsadalmunk \u00e9s a k\u00f6rnyezet\u00fcnk ir\u00e1nt. <a href=\"https:\/\/www.vangraaf.com\/hu\/vallalat\/fenntarthatosag\/\" target=\"_blank\" rel=\"noopener\">Itt<\/a> t\u00f6bbet is megtudhatsz az \u00e9rt\u00e9kl\u00e1ncunkban kezdem\u00e9nyezett fenntarthat\u00f3s\u00e1gi programjainkr\u00f3l.[\/vc_column_text][\/vc_column][\/vc_row][vc_row bwd_tbc4vd_show_weekday=&#8221;&#8221; full_width=&#8221;stretch_row_content_no_spaces&#8221;][vc_column]\n        <div class=\"headlines headlines--center\" data-aos=\"fade-up\">\n            <div class=\"vc_row\">\n                <div class=\"vc_col-md-10 vc_col-md-offset-1 vc_col-lg-10 vc_col-lg-offset-1\"><h2 class=\"h2\">Tov\u00e1bbi inform\u00e1ci\u00f3k a VAN GRAAF-r\u00f3l<\/h2><\/div>\n            <\/div>\n        <\/div>[vc_row_inner bwd_tbc4vd_show_weekday=&#8221;&#8221; row_design=&#8221;row_square_background&#8221;][vc_column_inner width=&#8221;1\/3&#8243;]<div class=\"vg-element cta-teaser cta-teaser--center\" data-aos=\"fade-up\"><div class=\"cta-teaser__image\"><a class=\"\" href=\"https:\/\/www.vangraaf.com\/hu\/karrier\/rolunk\/iszakmai-fejlodes\/\" target=\"_self\" rel=\"\" style=\"\"><img loading=\"lazy\" decoding=\"async\" width=\"380\" height=\"254\" src=\"https:\/\/www.vangraaf.com\/hu\/wp-content\/uploads\/sites\/3\/2022\/03\/M12_D_GRUPPE_PORTRAIT_TRAINER_025-2.jpg\" class=\"vc_single_image-img attachment-full\" alt=\"\" title=\"Iszakmai fejl\u0151d\u00e9s_ser\" srcset=\"https:\/\/www.vangraaf.com\/hu\/wp-content\/uploads\/sites\/3\/2022\/03\/M12_D_GRUPPE_PORTRAIT_TRAINER_025-2.jpg 380w, https:\/\/www.vangraaf.com\/hu\/wp-content\/uploads\/sites\/3\/2022\/03\/M12_D_GRUPPE_PORTRAIT_TRAINER_025-2-300x201.jpg 300w\" sizes=\"(max-width: 380px) 100vw, 380px\" \/><\/a><\/div><div class=\"cta-teaser__text\"><h3>Fejl\u0151d\u00e9s<\/h3><p>A tanul\u00e1s soha nem megy ki a divatb\u00f3l! K\u00e9pz\u00e9seinkkel \u00e9s programjainkkal felk\u00e9sz\u00edt\u00fcnk a VAN GRAAF-fal k\u00f6z\u00f6s j\u00f6v\u0151re.<\/p><a class=\"button\" href=\"https:\/\/www.vangraaf.com\/hu\/karrier\/rolunk\/iszakmai-fejlodes\/\" target=\"_self\" rel=\"\" style=\"\">Tudj meg t\u00f6bbet<\/a><\/div><\/div>[\/vc_column_inner][vc_column_inner width=&#8221;1\/3&#8243;]<div class=\"vg-element cta-teaser cta-teaser--center\" data-aos=\"fade-up\"><div class=\"cta-teaser__image\"><a class=\"\" href=\"https:\/\/www.vangraaf.com\/hu\/karrier\/rolunk\/a-vallalat\/\" target=\"_self\" rel=\"\" style=\"\"><img loading=\"lazy\" decoding=\"async\" width=\"380\" height=\"254\" src=\"https:\/\/www.vangraaf.com\/hu\/wp-content\/uploads\/sites\/3\/2022\/03\/DasUnternehmen_VG-1.jpg\" class=\"vc_single_image-img attachment-full\" alt=\"\" title=\"A v\u00e1llalat_ser\" srcset=\"https:\/\/www.vangraaf.com\/hu\/wp-content\/uploads\/sites\/3\/2022\/03\/DasUnternehmen_VG-1.jpg 380w, https:\/\/www.vangraaf.com\/hu\/wp-content\/uploads\/sites\/3\/2022\/03\/DasUnternehmen_VG-1-300x201.jpg 300w\" sizes=\"(max-width: 380px) 100vw, 380px\" \/><\/a><\/div><div class=\"cta-teaser__text\"><h3>A v\u00e1llalat<\/h3><p>A VAN GRAAF egy sikeres nemzetk\u00f6zi kiskereskedelmi koncepci\u00f3. Tudj meg t\u00f6bbet a v\u00e1llalatunkr\u00f3l!<\/p><a class=\"button\" href=\"https:\/\/www.vangraaf.com\/hu\/karrier\/rolunk\/a-vallalat\/\" target=\"_self\" rel=\"\" style=\"\">Tudj meg t\u00f6bbet<\/a><\/div><\/div>[\/vc_column_inner][vc_column_inner width=&#8221;1\/3&#8243;]<div class=\"vg-element cta-teaser cta-teaser--center\" data-aos=\"fade-up\"><div class=\"cta-teaser__image\"><a class=\"\" href=\"https:\/\/www.vangraaf.com\/hu\/karrier\/allas-karrier\/allasajanlatok\/\" target=\"_self\" rel=\"\" style=\"\"><img loading=\"lazy\" decoding=\"async\" width=\"380\" height=\"254\" src=\"https:\/\/www.vangraaf.com\/hu\/wp-content\/uploads\/sites\/3\/2022\/03\/M10_M_Portraits_Buero_026-1.jpg\" class=\"vc_single_image-img attachment-full\" alt=\"\" title=\"Karrier_ser\" srcset=\"https:\/\/www.vangraaf.com\/hu\/wp-content\/uploads\/sites\/3\/2022\/03\/M10_M_Portraits_Buero_026-1.jpg 380w, https:\/\/www.vangraaf.com\/hu\/wp-content\/uploads\/sites\/3\/2022\/03\/M10_M_Portraits_Buero_026-1-300x201.jpg 300w\" sizes=\"(max-width: 380px) 100vw, 380px\" \/><\/a><\/div><div class=\"cta-teaser__text\"><h3>\u00c1ll\u00e1saj\u00e1nlatok<\/h3><p>K\u00e9szen \u00e1llsz a k\u00f6vetkez\u0151 l\u00e9p\u00e9sre? A VAN GRAAF-n\u00e1l sz\u00e1mos lehet\u0151s\u00e9g v\u00e1r r\u00e1d, ahol megtal\u00e1lhatod \u00e1lmaid \u00e1ll\u00e1s\u00e1t.<\/p><a class=\"button button--primary\" href=\"https:\/\/www.vangraaf.com\/hu\/karrier\/allas-karrier\/allasajanlatok\/\" target=\"_self\" rel=\"\" style=\"\">Tov\u00e1bb az \u00e1ll\u00e1skeres\u00e9shez<\/a><\/div><\/div>[\/vc_column_inner][\/vc_row_inner][\/vc_column][\/vc_row]<\/div>","protected":false},"excerpt":{"rendered":"[vc_row bwd_tbc4vd_show_weekday=&#8221;&#8221; full_width=&#8221;stretch_row_content_no_spaces&#8221;][vc_column][vc_column_text]Csal\u00e1di v\u00e1llalkoz\u00e1sk\u00e9nt a v\u00e1llalati felel\u0151ss\u00e9gv\u00e1llal\u00e1s c\u00e9gkult\u00far\u00e1nk szerves r\u00e9sze. El\u0151retekint\u0151en, \u00e1tl\u00e1that\u00f3an \u00e9s bizalommal telve cseleksz\u00fcnk \u00e9s hozunk d\u00f6nt\u00e9seket. Egy\u00fcttm\u0171k\u00f6d\u00e9s\u00fcnk alapja a bizalom \u00e9s a felel\u0151ss\u00e9gv\u00e1llal\u00e1s, amelyet akt\u00edvan t\u00e1mogatunk \u00e9s gyakorlunk. A VAN GRAAF-n\u00e1l mindannyian, nap mint nap lelkesed\u00fcnk a munk\u00e1nk\u00e9rt. Feladatunknak tekintj\u00fck, hogy olyan munkak\u00f6rnyezetet teremts\u00fcnk, amelyben mindenki j\u00f3l \u00e9rezheti mag\u00e1t \u00e9s fejl\u0151dhet. A [&hellip;]","protected":false},"author":6,"featured_media":0,"parent":6376,"menu_order":0,"comment_status":"closed","ping_status":"closed","template":"","meta":{"_acf_changed":false,"inline_featured_image":false,"footnotes":""},"class_list":["post-6396","page","type-page","status-publish","hentry"],"acf":[],"yoast_head":"<!-- This site is optimized with the Yoast SEO plugin v27.2 - https:\/\/yoast.com\/product\/yoast-seo-wordpress\/ -->\n<title>Felel\u0151ss\u00e9gv\u00e1llal\u00e1s munk\u00e1ltat\u00f3k\u00e9nt I VAN GRAAF<\/title>\n<meta name=\"description\" content=\"A v\u00e1llalkoz\u00f3i felel\u0151ss\u00e9gv\u00e1llal\u00e1s kult\u00far\u00e1nk szerves r\u00e9sze. Tudj meg t\u00f6bbet a munk\u00e1ltat\u00f3i kezdem\u00e9nyez\u00e9seinkr\u0151l!\" \/>\n<meta name=\"robots\" content=\"index, follow, max-snippet:-1, max-image-preview:large, max-video-preview:-1\" \/>\n<link rel=\"canonical\" href=\"https:\/\/www.vangraaf.com\/hu\/karrier\/rolunk\/felelosseg\/\" \/>\n<meta property=\"og:locale\" content=\"hu_HU\" \/>\n<meta property=\"og:type\" content=\"article\" \/>\n<meta property=\"og:title\" content=\"Felel\u0151ss\u00e9gv\u00e1llal\u00e1s munk\u00e1ltat\u00f3k\u00e9nt I VAN GRAAF\" \/>\n<meta property=\"og:description\" content=\"A v\u00e1llalkoz\u00f3i felel\u0151ss\u00e9gv\u00e1llal\u00e1s kult\u00far\u00e1nk szerves r\u00e9sze. Tudj meg t\u00f6bbet a munk\u00e1ltat\u00f3i kezdem\u00e9nyez\u00e9seinkr\u0151l!\" \/>\n<meta property=\"og:url\" content=\"https:\/\/www.vangraaf.com\/hu\/karrier\/rolunk\/felelosseg\/\" \/>\n<meta property=\"og:site_name\" content=\"VAN GRAAF Magyarorsz\u00e1g\" \/>\n<meta property=\"article:modified_time\" content=\"2022-07-29T11:06:53+00:00\" \/>\n<meta name=\"twitter:card\" content=\"summary_large_image\" \/>\n<meta name=\"twitter:label1\" content=\"Becs\u00fclt olvas\u00e1si id\u0151\" \/>\n\t<meta name=\"twitter:data1\" content=\"3 perc\" \/>\n<script type=\"application\/ld+json\" class=\"yoast-schema-graph\">{\"@context\":\"https:\/\/schema.org\",\"@graph\":[{\"@type\":\"WebPage\",\"@id\":\"https:\/\/www.vangraaf.com\/hu\/karrier\/rolunk\/felelosseg\/\",\"url\":\"https:\/\/www.vangraaf.com\/hu\/karrier\/rolunk\/felelosseg\/\",\"name\":\"Felel\u0151ss\u00e9gv\u00e1llal\u00e1s munk\u00e1ltat\u00f3k\u00e9nt I VAN GRAAF\",\"isPartOf\":{\"@id\":\"https:\/\/www.vangraaf.com\/hu\/#website\"},\"datePublished\":\"2022-02-15T10:28:04+00:00\",\"dateModified\":\"2022-07-29T11:06:53+00:00\",\"description\":\"A v\u00e1llalkoz\u00f3i felel\u0151ss\u00e9gv\u00e1llal\u00e1s kult\u00far\u00e1nk szerves r\u00e9sze. Tudj meg t\u00f6bbet a munk\u00e1ltat\u00f3i kezdem\u00e9nyez\u00e9seinkr\u0151l!\",\"breadcrumb\":{\"@id\":\"https:\/\/www.vangraaf.com\/hu\/karrier\/rolunk\/felelosseg\/#breadcrumb\"},\"inLanguage\":\"hu\",\"potentialAction\":[{\"@type\":\"ReadAction\",\"target\":[\"https:\/\/www.vangraaf.com\/hu\/karrier\/rolunk\/felelosseg\/\"]}]},{\"@type\":\"BreadcrumbList\",\"@id\":\"https:\/\/www.vangraaf.com\/hu\/karrier\/rolunk\/felelosseg\/#breadcrumb\",\"itemListElement\":[{\"@type\":\"ListItem\",\"position\":1,\"name\":\"Home\",\"item\":\"https:\/\/www.vangraaf.com\/hu\/\"},{\"@type\":\"ListItem\",\"position\":2,\"name\":\"Karrier\",\"item\":\"https:\/\/www.vangraaf.com\/hu\/karrier\/\"},{\"@type\":\"ListItem\",\"position\":3,\"name\":\"R\u00f3lunk\",\"item\":\"https:\/\/www.vangraaf.com\/hu\/karrier\/rolunk\/\"},{\"@type\":\"ListItem\",\"position\":4,\"name\":\"Felel\u0151ss\u00e9g\"}]},{\"@type\":\"WebSite\",\"@id\":\"https:\/\/www.vangraaf.com\/hu\/#website\",\"url\":\"https:\/\/www.vangraaf.com\/hu\/\",\"name\":\"VAN GRAAF\",\"description\":\"VAN GRAAF\",\"potentialAction\":[{\"@type\":\"SearchAction\",\"target\":{\"@type\":\"EntryPoint\",\"urlTemplate\":\"https:\/\/www.vangraaf.com\/hu\/?s={search_term_string}\"},\"query-input\":{\"@type\":\"PropertyValueSpecification\",\"valueRequired\":true,\"valueName\":\"search_term_string\"}}],\"inLanguage\":\"hu\"}]}<\/script>\n<!-- \/ Yoast SEO plugin. -->","yoast_head_json":{"title":"Felel\u0151ss\u00e9gv\u00e1llal\u00e1s munk\u00e1ltat\u00f3k\u00e9nt I VAN GRAAF","description":"A v\u00e1llalkoz\u00f3i felel\u0151ss\u00e9gv\u00e1llal\u00e1s kult\u00far\u00e1nk szerves r\u00e9sze. Tudj meg t\u00f6bbet a munk\u00e1ltat\u00f3i kezdem\u00e9nyez\u00e9seinkr\u0151l!","robots":{"index":"index","follow":"follow","max-snippet":"max-snippet:-1","max-image-preview":"max-image-preview:large","max-video-preview":"max-video-preview:-1"},"canonical":"https:\/\/www.vangraaf.com\/hu\/karrier\/rolunk\/felelosseg\/","og_locale":"hu_HU","og_type":"article","og_title":"Felel\u0151ss\u00e9gv\u00e1llal\u00e1s munk\u00e1ltat\u00f3k\u00e9nt I VAN GRAAF","og_description":"A v\u00e1llalkoz\u00f3i felel\u0151ss\u00e9gv\u00e1llal\u00e1s kult\u00far\u00e1nk szerves r\u00e9sze. Tudj meg t\u00f6bbet a munk\u00e1ltat\u00f3i kezdem\u00e9nyez\u00e9seinkr\u0151l!","og_url":"https:\/\/www.vangraaf.com\/hu\/karrier\/rolunk\/felelosseg\/","og_site_name":"VAN GRAAF Magyarorsz\u00e1g","article_modified_time":"2022-07-29T11:06:53+00:00","twitter_card":"summary_large_image","twitter_misc":{"Becs\u00fclt olvas\u00e1si id\u0151":"3 perc"},"schema":{"@context":"https:\/\/schema.org","@graph":[{"@type":"WebPage","@id":"https:\/\/www.vangraaf.com\/hu\/karrier\/rolunk\/felelosseg\/","url":"https:\/\/www.vangraaf.com\/hu\/karrier\/rolunk\/felelosseg\/","name":"Felel\u0151ss\u00e9gv\u00e1llal\u00e1s munk\u00e1ltat\u00f3k\u00e9nt I VAN GRAAF","isPartOf":{"@id":"https:\/\/www.vangraaf.com\/hu\/#website"},"datePublished":"2022-02-15T10:28:04+00:00","dateModified":"2022-07-29T11:06:53+00:00","description":"A v\u00e1llalkoz\u00f3i felel\u0151ss\u00e9gv\u00e1llal\u00e1s kult\u00far\u00e1nk szerves r\u00e9sze. Tudj meg t\u00f6bbet a munk\u00e1ltat\u00f3i kezdem\u00e9nyez\u00e9seinkr\u0151l!","breadcrumb":{"@id":"https:\/\/www.vangraaf.com\/hu\/karrier\/rolunk\/felelosseg\/#breadcrumb"},"inLanguage":"hu","potentialAction":[{"@type":"ReadAction","target":["https:\/\/www.vangraaf.com\/hu\/karrier\/rolunk\/felelosseg\/"]}]},{"@type":"BreadcrumbList","@id":"https:\/\/www.vangraaf.com\/hu\/karrier\/rolunk\/felelosseg\/#breadcrumb","itemListElement":[{"@type":"ListItem","position":1,"name":"Home","item":"https:\/\/www.vangraaf.com\/hu\/"},{"@type":"ListItem","position":2,"name":"Karrier","item":"https:\/\/www.vangraaf.com\/hu\/karrier\/"},{"@type":"ListItem","position":3,"name":"R\u00f3lunk","item":"https:\/\/www.vangraaf.com\/hu\/karrier\/rolunk\/"},{"@type":"ListItem","position":4,"name":"Felel\u0151ss\u00e9g"}]},{"@type":"WebSite","@id":"https:\/\/www.vangraaf.com\/hu\/#website","url":"https:\/\/www.vangraaf.com\/hu\/","name":"VAN GRAAF","description":"VAN GRAAF","potentialAction":[{"@type":"SearchAction","target":{"@type":"EntryPoint","urlTemplate":"https:\/\/www.vangraaf.com\/hu\/?s={search_term_string}"},"query-input":{"@type":"PropertyValueSpecification","valueRequired":true,"valueName":"search_term_string"}}],"inLanguage":"hu"}]}},"_links":{"self":[{"href":"https:\/\/www.vangraaf.com\/hu\/wp-json\/wp\/v2\/pages\/6396","targetHints":{"allow":["GET"]}}],"collection":[{"href":"https:\/\/www.vangraaf.com\/hu\/wp-json\/wp\/v2\/pages"}],"about":[{"href":"https:\/\/www.vangraaf.com\/hu\/wp-json\/wp\/v2\/types\/page"}],"author":[{"embeddable":true,"href":"https:\/\/www.vangraaf.com\/hu\/wp-json\/wp\/v2\/users\/6"}],"replies":[{"embeddable":true,"href":"https:\/\/www.vangraaf.com\/hu\/wp-json\/wp\/v2\/comments?post=6396"}],"version-history":[{"count":12,"href":"https:\/\/www.vangraaf.com\/hu\/wp-json\/wp\/v2\/pages\/6396\/revisions"}],"predecessor-version":[{"id":7240,"href":"https:\/\/www.vangraaf.com\/hu\/wp-json\/wp\/v2\/pages\/6396\/revisions\/7240"}],"up":[{"embeddable":true,"href":"https:\/\/www.vangraaf.com\/hu\/wp-json\/wp\/v2\/pages\/6376"}],"wp:attachment":[{"href":"https:\/\/www.vangraaf.com\/hu\/wp-json\/wp\/v2\/media?parent=6396"}],"curies":[{"name":"wp","href":"https:\/\/api.w.org\/{rel}","templated":true}]}}