{"id":6394,"date":"2022-02-15T11:25:35","date_gmt":"2022-02-15T10:25:35","guid":{"rendered":"https:\/\/www.vangraaf.com\/hu\/?page_id=6394"},"modified":"2022-07-29T13:07:32","modified_gmt":"2022-07-29T11:07:32","slug":"iszakmai-fejlodes","status":"publish","type":"page","link":"https:\/\/www.vangraaf.com\/hu\/karrier\/rolunk\/iszakmai-fejlodes\/","title":{"rendered":"Iszakmai fejl\u0151d\u00e9s"},"content":{"rendered":"<div class=\"wpb-content-wrapper\">[vc_row bwd_tbc4vd_show_weekday=&#8221;&#8221; full_width=&#8221;stretch_row_content_no_spaces&#8221;][vc_column]<div class=\"keyvisual\" data-aos=\"fade-up\" ><img loading=\"lazy\" decoding=\"async\" width=\"1440\" height=\"480\" src=\"https:\/\/www.vangraaf.com\/hu\/wp-content\/uploads\/sites\/3\/2022\/03\/M12_D_GRUPPE_PORTRAIT_TRAINER_025.jpg\" class=\"vc_single_image-img\" alt=\"\" srcset=\"https:\/\/www.vangraaf.com\/hu\/wp-content\/uploads\/sites\/3\/2022\/03\/M12_D_GRUPPE_PORTRAIT_TRAINER_025.jpg 1440w, https:\/\/www.vangraaf.com\/hu\/wp-content\/uploads\/sites\/3\/2022\/03\/M12_D_GRUPPE_PORTRAIT_TRAINER_025-300x100.jpg 300w, https:\/\/www.vangraaf.com\/hu\/wp-content\/uploads\/sites\/3\/2022\/03\/M12_D_GRUPPE_PORTRAIT_TRAINER_025-1024x341.jpg 1024w, https:\/\/www.vangraaf.com\/hu\/wp-content\/uploads\/sites\/3\/2022\/03\/M12_D_GRUPPE_PORTRAIT_TRAINER_025-768x256.jpg 768w, https:\/\/www.vangraaf.com\/hu\/wp-content\/uploads\/sites\/3\/2022\/03\/M12_D_GRUPPE_PORTRAIT_TRAINER_025-1200x400.jpg 1200w, https:\/\/www.vangraaf.com\/hu\/wp-content\/uploads\/sites\/3\/2022\/03\/M12_D_GRUPPE_PORTRAIT_TRAINER_025-992x331.jpg 992w, https:\/\/www.vangraaf.com\/hu\/wp-content\/uploads\/sites\/3\/2022\/03\/M12_D_GRUPPE_PORTRAIT_TRAINER_025-480x160.jpg 480w, https:\/\/www.vangraaf.com\/hu\/wp-content\/uploads\/sites\/3\/2022\/03\/M12_D_GRUPPE_PORTRAIT_TRAINER_025-690x230.jpg 690w\" sizes=\"(max-width: 1440px) 100vw, 1440px\" \/><\/div>\n        <div class=\"headlines headlines--center\" data-aos=\"fade-up\">\n            <div class=\"vc_row\">\n                <div class=\"vc_col-md-10 vc_col-md-offset-1 vc_col-lg-10 vc_col-lg-offset-1\"><span class=\"h6\">Kiakn\u00e1zzuk a benn\u00fcnk rejl\u0151 potenci\u00e1lt \u00e9s form\u00e1ljuk a j\u00f6v\u0151t<\/span><h1 class=\"h2\">A tanul\u00e1s soha nem megy ki a divatb\u00f3l<\/h1><\/div>\n            <\/div>\n        <\/div>[vc_column_text]\r\n<p style=\"text-align: center\">A VAN GRAAF t\u00f6r\u0151dik a szem\u00e9lyes fejl\u0151d\u00e9seddel. Legyen sz\u00f3 \u00e9rt\u00e9kes\u00edt\u00e9sr\u0151l vagy logisztik\u00e1r\u00f3l, beosztottr\u00f3l vagy vezet\u0151r\u0151l, szem\u00e9lyes \u00e9s online k\u00e9pz\u00e9seink sz\u00e9les v\u00e1laszt\u00e9k\u00e1ban mindenki tal\u00e1l mag\u00e1nak valamit!<\/p>\r\n[\/vc_column_text][vc_column_text]\r\n<h3>K\u00e9pz\u00e9seink<\/h3>\r\nV\u00e1s\u00e1rl\u00f3inkat szeretn\u00e9nk mindig meglepni \u00e9s inspir\u00e1lni. A tan\u00e1csad\u00e1s sor\u00e1n mindenekel\u0151tt a szak\u00e9rtelm\u00fcnk \u00e9s a divat ir\u00e1nti szenved\u00e9ly\u00fcnk \u00e1ltal lesz\u00fcnk meggy\u0151z\u0151ek. Ez tesz minket sikeress\u00e9. M\u00e1r a <strong>betan\u00edt\u00e1si k\u00e9pz\u00e9s\u00fcnk\u00f6n<\/strong> gyakorlatorient\u00e1lt alapismeretekkel seg\u00edtj\u00fck a munk\u00e1dat. Ez azt jelenti, hogy alaposan felk\u00e9sz\u00edt\u00fcnk a divat\u00e1ru-kiskereskedelemben jelentkez\u0151 feladatokra \u00e9s kih\u00edv\u00e1sokra.\r\n\r\nA halad\u00f3 <strong>\u00e9rt\u00e9kes\u00edt\u00e9si k\u00e9pz\u00e9sen bel\u00fcl<\/strong> \u00e9rt\u00e9kes\u00edt\u0151i \u00e9s szem\u00e9lyis\u00e9gfejleszt\u0151i tr\u00e9ningek sz\u00e9les sk\u00e1l\u00e1j\u00e1t k\u00edn\u00e1ljuk a kompetenci\u00e1id b\u0151v\u00edt\u00e9s\u00e9hez \u00e9s az \u00faj szakmai ismeretek elsaj\u00e1t\u00edt\u00e1s\u00e1hoz.\r\n\r\n<strong>Vezet\u0151k\u00e9pz\u00e9s\u00fcnk<\/strong> keret\u00e9ben c\u00e9lzottan fejlesztheted magad vezet\u0151k\u00e9nt. Legyen sz\u00f3 ak\u00e1r az \u00fagynevezett puha k\u00e9szs\u00e9gek tov\u00e1bbfejleszt\u00e9s\u00e9r\u0151l, ak\u00e1r szem\u00e9lyes vezet\u0151i kompetenci\u00e1id b\u0151v\u00edt\u00e9s\u00e9r\u0151l. N\u00e1lunk kiv\u00e1l\u00f3 oktat\u00f3k \u00e9s inspir\u00e1l\u00f3 eszmecser\u00e9k v\u00e1rnak a t\u00f6bbi r\u00e9sztvev\u0151vel.[\/vc_column_text][vc_column_text]\r\n<h3>Tehets\u00e9ggondoz\u00f3 programok<\/h3>\r\nA VAN GRAAF program fontos r\u00e9sze a tehets\u00e9ggondoz\u00e1s. Mi nemcsak magas k\u00f6vetelm\u00e9nyeket t\u00e1masztunk, de kiv\u00e1l\u00f3 fejl\u0151d\u00e9si lehet\u0151s\u00e9geket is k\u00edn\u00e1lunk. A lapos v\u00e1llalati hierarchia \u00e9s a hat\u00e9kony d\u00f6nt\u00e9shozatal teret ad az \u00f6n\u00e1ll\u00f3 kezdem\u00e9nyez\u00e9seknek \u00e9s r\u00f6vid id\u0151n bel\u00fcl lehet\u0151s\u00e9get biztos\u00edt a nagyobb felel\u0151ss\u00e9gv\u00e1llal\u00e1sra. Fejl\u0151d\u00e9sedet tapasztalt vezet\u0151k \u00e9s a hum\u00e1ner\u0151forr\u00e1s-oszt\u00e1ly munkat\u00e1rsai fogj\u00e1k t\u00e1mogatni.\r\n\r\nMutasd meg a benned rejl\u0151 potenci\u00e1lt, mi pedig lehet\u0151s\u00e9get k\u00edn\u00e1lunk arra, hogy a <strong>Fit for Leadership Programban<\/strong> szem\u00e9lyis\u00e9gedben \u00e9s vezet\u0151k\u00e9nt is fejl\u0151dj. Ezzel felk\u00e9sz\u00edt\u00fcnk a k\u00f6vetkez\u0151 karrierl\u00e9p\u00e9sedre. Tud\u00e1sodat emellett izgalmas ismeretekkel b\u0151v\u00edtj\u00fck a vev\u0151kiszolg\u00e1l\u00e1s, az \u00e1ruk \u00e9s a trendek t\u00e9mak\u00f6r\u00e9ben. Ebben a programban minden olyan fiatal tehets\u00e9g r\u00e9szt vehet, akiben megvan a potenci\u00e1l, hogy vezet\u0151 legyen a divath\u00e1zainkban.[\/vc_column_text][\/vc_column][\/vc_row][vc_row][vc_column]<div class=\"quote-teaser quote-teaser--light\" style=\"--bg-image: url(https:\/\/www.vangraaf.com\/hu\/wp-content\/uploads\/sites\/3\/2022\/03\/M3_C_Schueler_075-1200x542.jpg); --season-color: #002045\" data-aos=\"fade-up\"><div class=\"vc_row vc_row-flex\"><div class=\"vc_col-sm-6 vc_col-sm-offset-6\"><div class=\"quote-teaser__content\"><img loading=\"lazy\" decoding=\"async\" width=\"768\" height=\"650\" src=\"https:\/\/www.vangraaf.com\/hu\/wp-content\/uploads\/sites\/3\/2022\/03\/M3_C_Schueler_075_MO.jpg\" class=\"quote-teaser__content__image\" alt=\"\" srcset=\"https:\/\/www.vangraaf.com\/hu\/wp-content\/uploads\/sites\/3\/2022\/03\/M3_C_Schueler_075_MO.jpg 768w, https:\/\/www.vangraaf.com\/hu\/wp-content\/uploads\/sites\/3\/2022\/03\/M3_C_Schueler_075_MO-300x254.jpg 300w, https:\/\/www.vangraaf.com\/hu\/wp-content\/uploads\/sites\/3\/2022\/03\/M3_C_Schueler_075_MO-480x406.jpg 480w, https:\/\/www.vangraaf.com\/hu\/wp-content\/uploads\/sites\/3\/2022\/03\/M3_C_Schueler_075_MO-690x584.jpg 690w\" sizes=\"(max-width: 768px) 100vw, 768px\" \/><div class=\"quote-teaser__content__quote\">Az egy\u00e9nis\u00e9gemnek megfelel\u0151en, fenntarthat\u00f3 \u00e9s j\u00f6v\u0151be mutat\u00f3 m\u00f3don fejl\u0151dhetek.<\/div><div class=\"quote-teaser__content__author\"><p>\u00c9va, Visual Merchandiser<\/p>\n<\/div><a class=\"button button--light\" href=\"https:\/\/www.vangraaf.com\/hu\/karrier\/allas-karrier\/allasajanlatok\/\" target=\"_self\" rel=\"\" style=\"\">L\u00e9gy r\u00e9szese a csapatnak<\/a><\/div><\/div><\/div><\/div>[\/vc_column][\/vc_row][vc_row bwd_tbc4vd_show_weekday=&#8221;&#8221; full_width=&#8221;stretch_row_content_no_spaces&#8221;][vc_column]\n        <div class=\"headlines headlines--center\" data-aos=\"fade-up\">\n            <div class=\"vc_row\">\n                <div class=\"vc_col-md-10 vc_col-md-offset-1 vc_col-lg-10 vc_col-lg-offset-1\"><h2 class=\"h2\">Tov\u00e1bbi inform\u00e1ci\u00f3k a VAN GRAAF-r\u00f3l<\/h2><\/div>\n            <\/div>\n        <\/div>[vc_row_inner bwd_tbc4vd_show_weekday=&#8221;&#8221; row_design=&#8221;row_square_background&#8221;][vc_column_inner width=&#8221;1\/3&#8243;]<div class=\"vg-element cta-teaser cta-teaser--center\" data-aos=\"fade-up\"><div class=\"cta-teaser__image\"><a class=\"\" href=\"https:\/\/www.vangraaf.com\/hu\/karrier\/rolunk\/felelosseg\/\" target=\"_self\" rel=\"\" style=\"\"><img loading=\"lazy\" decoding=\"async\" width=\"380\" height=\"254\" src=\"https:\/\/www.vangraaf.com\/hu\/wp-content\/uploads\/sites\/3\/2022\/03\/M7_D_Wir_Headerbild_Gruppe_030-2.jpg\" class=\"vc_single_image-img attachment-full\" alt=\"\" title=\"R\u00f3lunk_ser\" srcset=\"https:\/\/www.vangraaf.com\/hu\/wp-content\/uploads\/sites\/3\/2022\/03\/M7_D_Wir_Headerbild_Gruppe_030-2.jpg 380w, https:\/\/www.vangraaf.com\/hu\/wp-content\/uploads\/sites\/3\/2022\/03\/M7_D_Wir_Headerbild_Gruppe_030-2-300x201.jpg 300w\" sizes=\"(max-width: 380px) 100vw, 380px\" \/><\/a><\/div><div class=\"cta-teaser__text\"><h3>Felel\u0151ss\u00e9gv\u00e1llal\u00e1s<\/h3><p>A felel\u0151ss\u00e9gv\u00e1llal\u00e1s v\u00e1llalati kult\u00far\u00e1nk szerves r\u00e9sze. Tudj meg t\u00f6bbet a munk\u00e1ltat\u00f3i kezdem\u00e9nyez\u00e9seinkr\u0151l.<\/p><a class=\"button\" href=\"https:\/\/www.vangraaf.com\/hu\/karrier\/rolunk\/felelosseg\/\" target=\"_self\" rel=\"\" style=\"\">Tudj meg t\u00f6bbet<\/a><\/div><\/div>[\/vc_column_inner][vc_column_inner width=&#8221;1\/3&#8243;]<div class=\"vg-element cta-teaser cta-teaser--center\" data-aos=\"fade-up\"><div class=\"cta-teaser__image\"><a class=\"\" href=\"https:\/\/www.vangraaf.com\/hu\/karrier\/rolunk\/a-vallalat\/\" target=\"_self\" rel=\"\" style=\"\"><img loading=\"lazy\" decoding=\"async\" width=\"380\" height=\"254\" src=\"https:\/\/www.vangraaf.com\/hu\/wp-content\/uploads\/sites\/3\/2022\/03\/DasUnternehmen_VG-1.jpg\" class=\"vc_single_image-img attachment-full\" alt=\"\" title=\"A v\u00e1llalat_ser\" srcset=\"https:\/\/www.vangraaf.com\/hu\/wp-content\/uploads\/sites\/3\/2022\/03\/DasUnternehmen_VG-1.jpg 380w, https:\/\/www.vangraaf.com\/hu\/wp-content\/uploads\/sites\/3\/2022\/03\/DasUnternehmen_VG-1-300x201.jpg 300w\" sizes=\"(max-width: 380px) 100vw, 380px\" \/><\/a><\/div><div class=\"cta-teaser__text\"><h3>A v\u00e1llalat<\/h3><p>A VAN GRAAF egy sikeres nemzetk\u00f6zi kiskereskedelmi koncepci\u00f3. Tudj meg t\u00f6bbet a v\u00e1llalatunkr\u00f3l!<\/p><a class=\"button\" href=\"https:\/\/www.vangraaf.com\/hu\/karrier\/rolunk\/a-vallalat\/\" target=\"_self\" rel=\"\" style=\"\">Tudj meg t\u00f6bbet<\/a><\/div><\/div>[\/vc_column_inner][vc_column_inner width=&#8221;1\/3&#8243;]<div class=\"vg-element cta-teaser cta-teaser--center\" data-aos=\"fade-up\"><div class=\"cta-teaser__image\"><a class=\"\" href=\"https:\/\/www.vangraaf.com\/hu\/karrier\/allas-karrier\/allasajanlatok\/\" target=\"_self\" rel=\"\" style=\"\"><img loading=\"lazy\" decoding=\"async\" width=\"380\" height=\"254\" src=\"https:\/\/www.vangraaf.com\/hu\/wp-content\/uploads\/sites\/3\/2022\/03\/M10_M_Portraits_Buero_026-1.jpg\" class=\"vc_single_image-img attachment-full\" alt=\"\" title=\"Karrier_ser\" srcset=\"https:\/\/www.vangraaf.com\/hu\/wp-content\/uploads\/sites\/3\/2022\/03\/M10_M_Portraits_Buero_026-1.jpg 380w, https:\/\/www.vangraaf.com\/hu\/wp-content\/uploads\/sites\/3\/2022\/03\/M10_M_Portraits_Buero_026-1-300x201.jpg 300w\" sizes=\"(max-width: 380px) 100vw, 380px\" \/><\/a><\/div><div class=\"cta-teaser__text\"><h3>\u00c1ll\u00e1saj\u00e1nlatok<\/h3><p>K\u00e9szen \u00e1llsz a k\u00f6vetkez\u0151 l\u00e9p\u00e9sre? A VAN GRAAF-n\u00e1l sz\u00e1mos lehet\u0151s\u00e9g v\u00e1r r\u00e1d, ahol megtal\u00e1lhatod \u00e1lmaid \u00e1ll\u00e1s\u00e1t.<\/p><a class=\"button button--primary\" href=\"https:\/\/www.vangraaf.com\/hu\/karrier\/allas-karrier\/allasajanlatok\/\" target=\"_self\" rel=\"\" style=\"\">Tov\u00e1bb az \u00e1ll\u00e1skeres\u00e9shez<\/a><\/div><\/div>[\/vc_column_inner][\/vc_row_inner][\/vc_column][\/vc_row]<\/div>","protected":false},"excerpt":{"rendered":"[vc_row bwd_tbc4vd_show_weekday=&#8221;&#8221; full_width=&#8221;stretch_row_content_no_spaces&#8221;][vc_column][vc_column_text] A VAN GRAAF t\u00f6r\u0151dik a szem\u00e9lyes fejl\u0151d\u00e9seddel. Legyen sz\u00f3 \u00e9rt\u00e9kes\u00edt\u00e9sr\u0151l vagy logisztik\u00e1r\u00f3l, beosztottr\u00f3l vagy vezet\u0151r\u0151l, szem\u00e9lyes \u00e9s online k\u00e9pz\u00e9seink sz\u00e9les v\u00e1laszt\u00e9k\u00e1ban mindenki tal\u00e1l mag\u00e1nak valamit! [\/vc_column_text][vc_column_text] K\u00e9pz\u00e9seink V\u00e1s\u00e1rl\u00f3inkat szeretn\u00e9nk mindig meglepni \u00e9s inspir\u00e1lni. A tan\u00e1csad\u00e1s sor\u00e1n mindenekel\u0151tt a szak\u00e9rtelm\u00fcnk \u00e9s a divat ir\u00e1nti szenved\u00e9ly\u00fcnk \u00e1ltal lesz\u00fcnk meggy\u0151z\u0151ek. Ez tesz minket sikeress\u00e9. M\u00e1r [&hellip;]","protected":false},"author":6,"featured_media":0,"parent":6376,"menu_order":0,"comment_status":"closed","ping_status":"closed","template":"","meta":{"_acf_changed":false,"inline_featured_image":false,"footnotes":""},"class_list":["post-6394","page","type-page","status-publish","hentry"],"acf":[],"yoast_head":"<!-- This site is optimized with the Yoast SEO plugin v27.2 - https:\/\/yoast.com\/product\/yoast-seo-wordpress\/ -->\n<title>Fejl\u0151d\u00e9si lehet\u0151s\u00e9g a VAN GRAAF csapat\u00e1ban<\/title>\n<meta name=\"description\" content=\"A tanul\u00e1s soha nem megy ki a divatb\u00f3l! Soksz\u00edn\u0171 k\u00e9pz\u00e9seinkkel \u00e9s tr\u00e9ningjeinkkel felk\u00e9sz\u00edt\u00fcnk a VAN GRAAF-fal k\u00f6z\u00f6s j\u00f6v\u0151re.\" \/>\n<meta name=\"robots\" content=\"index, follow, max-snippet:-1, max-image-preview:large, max-video-preview:-1\" \/>\n<link rel=\"canonical\" href=\"https:\/\/www.vangraaf.com\/hu\/karrier\/rolunk\/iszakmai-fejlodes\/\" \/>\n<meta property=\"og:locale\" content=\"hu_HU\" \/>\n<meta property=\"og:type\" content=\"article\" \/>\n<meta property=\"og:title\" content=\"Fejl\u0151d\u00e9si lehet\u0151s\u00e9g a VAN GRAAF csapat\u00e1ban\" \/>\n<meta property=\"og:description\" content=\"A tanul\u00e1s soha nem megy ki a divatb\u00f3l! Soksz\u00edn\u0171 k\u00e9pz\u00e9seinkkel \u00e9s tr\u00e9ningjeinkkel felk\u00e9sz\u00edt\u00fcnk a VAN GRAAF-fal k\u00f6z\u00f6s j\u00f6v\u0151re.\" \/>\n<meta property=\"og:url\" content=\"https:\/\/www.vangraaf.com\/hu\/karrier\/rolunk\/iszakmai-fejlodes\/\" \/>\n<meta property=\"og:site_name\" content=\"VAN GRAAF Magyarorsz\u00e1g\" \/>\n<meta property=\"article:modified_time\" content=\"2022-07-29T11:07:32+00:00\" \/>\n<meta name=\"twitter:card\" content=\"summary_large_image\" \/>\n<meta name=\"twitter:label1\" content=\"Becs\u00fclt olvas\u00e1si id\u0151\" \/>\n\t<meta name=\"twitter:data1\" content=\"4 perc\" \/>\n<script type=\"application\/ld+json\" class=\"yoast-schema-graph\">{\"@context\":\"https:\/\/schema.org\",\"@graph\":[{\"@type\":\"WebPage\",\"@id\":\"https:\/\/www.vangraaf.com\/hu\/karrier\/rolunk\/iszakmai-fejlodes\/\",\"url\":\"https:\/\/www.vangraaf.com\/hu\/karrier\/rolunk\/iszakmai-fejlodes\/\",\"name\":\"Fejl\u0151d\u00e9si lehet\u0151s\u00e9g a VAN GRAAF csapat\u00e1ban\",\"isPartOf\":{\"@id\":\"https:\/\/www.vangraaf.com\/hu\/#website\"},\"datePublished\":\"2022-02-15T10:25:35+00:00\",\"dateModified\":\"2022-07-29T11:07:32+00:00\",\"description\":\"A tanul\u00e1s soha nem megy ki a divatb\u00f3l! Soksz\u00edn\u0171 k\u00e9pz\u00e9seinkkel \u00e9s tr\u00e9ningjeinkkel felk\u00e9sz\u00edt\u00fcnk a VAN GRAAF-fal k\u00f6z\u00f6s j\u00f6v\u0151re.\",\"breadcrumb\":{\"@id\":\"https:\/\/www.vangraaf.com\/hu\/karrier\/rolunk\/iszakmai-fejlodes\/#breadcrumb\"},\"inLanguage\":\"hu\",\"potentialAction\":[{\"@type\":\"ReadAction\",\"target\":[\"https:\/\/www.vangraaf.com\/hu\/karrier\/rolunk\/iszakmai-fejlodes\/\"]}]},{\"@type\":\"BreadcrumbList\",\"@id\":\"https:\/\/www.vangraaf.com\/hu\/karrier\/rolunk\/iszakmai-fejlodes\/#breadcrumb\",\"itemListElement\":[{\"@type\":\"ListItem\",\"position\":1,\"name\":\"Home\",\"item\":\"https:\/\/www.vangraaf.com\/hu\/\"},{\"@type\":\"ListItem\",\"position\":2,\"name\":\"Karrier\",\"item\":\"https:\/\/www.vangraaf.com\/hu\/karrier\/\"},{\"@type\":\"ListItem\",\"position\":3,\"name\":\"R\u00f3lunk\",\"item\":\"https:\/\/www.vangraaf.com\/hu\/karrier\/rolunk\/\"},{\"@type\":\"ListItem\",\"position\":4,\"name\":\"Iszakmai fejl\u0151d\u00e9s\"}]},{\"@type\":\"WebSite\",\"@id\":\"https:\/\/www.vangraaf.com\/hu\/#website\",\"url\":\"https:\/\/www.vangraaf.com\/hu\/\",\"name\":\"VAN GRAAF\",\"description\":\"VAN GRAAF\",\"potentialAction\":[{\"@type\":\"SearchAction\",\"target\":{\"@type\":\"EntryPoint\",\"urlTemplate\":\"https:\/\/www.vangraaf.com\/hu\/?s={search_term_string}\"},\"query-input\":{\"@type\":\"PropertyValueSpecification\",\"valueRequired\":true,\"valueName\":\"search_term_string\"}}],\"inLanguage\":\"hu\"}]}<\/script>\n<!-- \/ Yoast SEO plugin. -->","yoast_head_json":{"title":"Fejl\u0151d\u00e9si lehet\u0151s\u00e9g a VAN GRAAF csapat\u00e1ban","description":"A tanul\u00e1s soha nem megy ki a divatb\u00f3l! Soksz\u00edn\u0171 k\u00e9pz\u00e9seinkkel \u00e9s tr\u00e9ningjeinkkel felk\u00e9sz\u00edt\u00fcnk a VAN GRAAF-fal k\u00f6z\u00f6s j\u00f6v\u0151re.","robots":{"index":"index","follow":"follow","max-snippet":"max-snippet:-1","max-image-preview":"max-image-preview:large","max-video-preview":"max-video-preview:-1"},"canonical":"https:\/\/www.vangraaf.com\/hu\/karrier\/rolunk\/iszakmai-fejlodes\/","og_locale":"hu_HU","og_type":"article","og_title":"Fejl\u0151d\u00e9si lehet\u0151s\u00e9g a VAN GRAAF csapat\u00e1ban","og_description":"A tanul\u00e1s soha nem megy ki a divatb\u00f3l! Soksz\u00edn\u0171 k\u00e9pz\u00e9seinkkel \u00e9s tr\u00e9ningjeinkkel felk\u00e9sz\u00edt\u00fcnk a VAN GRAAF-fal k\u00f6z\u00f6s j\u00f6v\u0151re.","og_url":"https:\/\/www.vangraaf.com\/hu\/karrier\/rolunk\/iszakmai-fejlodes\/","og_site_name":"VAN GRAAF Magyarorsz\u00e1g","article_modified_time":"2022-07-29T11:07:32+00:00","twitter_card":"summary_large_image","twitter_misc":{"Becs\u00fclt olvas\u00e1si id\u0151":"4 perc"},"schema":{"@context":"https:\/\/schema.org","@graph":[{"@type":"WebPage","@id":"https:\/\/www.vangraaf.com\/hu\/karrier\/rolunk\/iszakmai-fejlodes\/","url":"https:\/\/www.vangraaf.com\/hu\/karrier\/rolunk\/iszakmai-fejlodes\/","name":"Fejl\u0151d\u00e9si lehet\u0151s\u00e9g a VAN GRAAF csapat\u00e1ban","isPartOf":{"@id":"https:\/\/www.vangraaf.com\/hu\/#website"},"datePublished":"2022-02-15T10:25:35+00:00","dateModified":"2022-07-29T11:07:32+00:00","description":"A tanul\u00e1s soha nem megy ki a divatb\u00f3l! Soksz\u00edn\u0171 k\u00e9pz\u00e9seinkkel \u00e9s tr\u00e9ningjeinkkel felk\u00e9sz\u00edt\u00fcnk a VAN GRAAF-fal k\u00f6z\u00f6s j\u00f6v\u0151re.","breadcrumb":{"@id":"https:\/\/www.vangraaf.com\/hu\/karrier\/rolunk\/iszakmai-fejlodes\/#breadcrumb"},"inLanguage":"hu","potentialAction":[{"@type":"ReadAction","target":["https:\/\/www.vangraaf.com\/hu\/karrier\/rolunk\/iszakmai-fejlodes\/"]}]},{"@type":"BreadcrumbList","@id":"https:\/\/www.vangraaf.com\/hu\/karrier\/rolunk\/iszakmai-fejlodes\/#breadcrumb","itemListElement":[{"@type":"ListItem","position":1,"name":"Home","item":"https:\/\/www.vangraaf.com\/hu\/"},{"@type":"ListItem","position":2,"name":"Karrier","item":"https:\/\/www.vangraaf.com\/hu\/karrier\/"},{"@type":"ListItem","position":3,"name":"R\u00f3lunk","item":"https:\/\/www.vangraaf.com\/hu\/karrier\/rolunk\/"},{"@type":"ListItem","position":4,"name":"Iszakmai fejl\u0151d\u00e9s"}]},{"@type":"WebSite","@id":"https:\/\/www.vangraaf.com\/hu\/#website","url":"https:\/\/www.vangraaf.com\/hu\/","name":"VAN GRAAF","description":"VAN GRAAF","potentialAction":[{"@type":"SearchAction","target":{"@type":"EntryPoint","urlTemplate":"https:\/\/www.vangraaf.com\/hu\/?s={search_term_string}"},"query-input":{"@type":"PropertyValueSpecification","valueRequired":true,"valueName":"search_term_string"}}],"inLanguage":"hu"}]}},"_links":{"self":[{"href":"https:\/\/www.vangraaf.com\/hu\/wp-json\/wp\/v2\/pages\/6394","targetHints":{"allow":["GET"]}}],"collection":[{"href":"https:\/\/www.vangraaf.com\/hu\/wp-json\/wp\/v2\/pages"}],"about":[{"href":"https:\/\/www.vangraaf.com\/hu\/wp-json\/wp\/v2\/types\/page"}],"author":[{"embeddable":true,"href":"https:\/\/www.vangraaf.com\/hu\/wp-json\/wp\/v2\/users\/6"}],"replies":[{"embeddable":true,"href":"https:\/\/www.vangraaf.com\/hu\/wp-json\/wp\/v2\/comments?post=6394"}],"version-history":[{"count":17,"href":"https:\/\/www.vangraaf.com\/hu\/wp-json\/wp\/v2\/pages\/6394\/revisions"}],"predecessor-version":[{"id":7241,"href":"https:\/\/www.vangraaf.com\/hu\/wp-json\/wp\/v2\/pages\/6394\/revisions\/7241"}],"up":[{"embeddable":true,"href":"https:\/\/www.vangraaf.com\/hu\/wp-json\/wp\/v2\/pages\/6376"}],"wp:attachment":[{"href":"https:\/\/www.vangraaf.com\/hu\/wp-json\/wp\/v2\/media?parent=6394"}],"curies":[{"name":"wp","href":"https:\/\/api.w.org\/{rel}","templated":true}]}}