{"id":6392,"date":"2022-02-15T11:25:05","date_gmt":"2022-02-15T10:25:05","guid":{"rendered":"https:\/\/www.vangraaf.com\/hu\/?page_id=6392"},"modified":"2022-08-15T09:17:05","modified_gmt":"2022-08-15T07:17:05","slug":"egyutt","status":"publish","type":"page","link":"https:\/\/www.vangraaf.com\/hu\/karrier\/rolunk\/egyutt\/","title":{"rendered":"Egy\u00fctt"},"content":{"rendered":"<div class=\"wpb-content-wrapper\">[vc_row bwd_tbc4vd_show_weekday=&#8221;&#8221; full_width=&#8221;stretch_row_content_no_spaces&#8221; row_spacing=&#8221;row_less_space&#8221;][vc_column]<div class=\"keyvisual\" data-aos=\"fade-up\" ><img loading=\"lazy\" decoding=\"async\" width=\"1440\" height=\"480\" src=\"https:\/\/www.vangraaf.com\/hu\/wp-content\/uploads\/sites\/3\/2022\/03\/M7_D_Wir_Headerbild_Gruppe_030.jpg\" class=\"vc_single_image-img\" alt=\"\" srcset=\"https:\/\/www.vangraaf.com\/hu\/wp-content\/uploads\/sites\/3\/2022\/03\/M7_D_Wir_Headerbild_Gruppe_030.jpg 1440w, https:\/\/www.vangraaf.com\/hu\/wp-content\/uploads\/sites\/3\/2022\/03\/M7_D_Wir_Headerbild_Gruppe_030-300x100.jpg 300w, https:\/\/www.vangraaf.com\/hu\/wp-content\/uploads\/sites\/3\/2022\/03\/M7_D_Wir_Headerbild_Gruppe_030-1024x341.jpg 1024w, https:\/\/www.vangraaf.com\/hu\/wp-content\/uploads\/sites\/3\/2022\/03\/M7_D_Wir_Headerbild_Gruppe_030-768x256.jpg 768w, https:\/\/www.vangraaf.com\/hu\/wp-content\/uploads\/sites\/3\/2022\/03\/M7_D_Wir_Headerbild_Gruppe_030-1200x400.jpg 1200w, https:\/\/www.vangraaf.com\/hu\/wp-content\/uploads\/sites\/3\/2022\/03\/M7_D_Wir_Headerbild_Gruppe_030-992x331.jpg 992w, https:\/\/www.vangraaf.com\/hu\/wp-content\/uploads\/sites\/3\/2022\/03\/M7_D_Wir_Headerbild_Gruppe_030-480x160.jpg 480w, https:\/\/www.vangraaf.com\/hu\/wp-content\/uploads\/sites\/3\/2022\/03\/M7_D_Wir_Headerbild_Gruppe_030-690x230.jpg 690w\" sizes=\"(max-width: 1440px) 100vw, 1440px\" \/><\/div>\n        <div class=\"headlines headlines--center\" data-aos=\"fade-up\">\n            <div class=\"vc_row\">\n                <div class=\"vc_col-md-10 vc_col-md-offset-1 vc_col-lg-10 vc_col-lg-offset-1\"><span class=\"h6\">Egy\u00fctt a siker fel\u00e9 vezet\u0151 \u00faton<\/span><h1 class=\"h2\">Szenved\u00e9llyel a divat \u00e9s az emberek ir\u00e1nt<\/h1><\/div>\n            <\/div>\n        <\/div>[vc_column_text]\r\n<p style=\"text-align: center;\">Csal\u00e1di v\u00e1llalkoz\u00e1sk\u00e9nt k\u00fcl\u00f6n\u00f6sen fontos sz\u00e1munkra a bizalmon \u00e9s megbecs\u00fcl\u00e9sen alapul\u00f3 kapcsolat. Az egy\u00fcttm\u0171k\u00f6d\u00e9st lefektet\u0151 alapelveinkben olyan k\u00f6z\u00f6s \u00e9rt\u00e9keket \u00edrunk le, amelyeket a mindennapi \u00e9letben akt\u00edvan k\u00e9pvisel\u00fcnk. Az \u00f6sszefog\u00e1sunk inspir\u00e1ci\u00f3forr\u00e1s saj\u00e1t magunk \u00e9s m\u00e1sok sz\u00e1m\u00e1ra, \u00e9s ez seg\u00edt hozz\u00e1 a c\u00e9ljaink el\u00e9r\u00e9s\u00e9hez.<\/p>\r\n[\/vc_column_text][vc_tta_accordion collapsible_all=&#8221;true&#8221;][vc_tta_section title=&#8221;Siker a divat \u00e9s az emberek szeretet\u00e9n kereszt\u00fcl&#8221; tab_id=&#8221;1646407648364-9b673079-08dd&#8221;][vc_column_text]\r\n<ul>\r\n \t<li>K\u00f6z\u00f6s benn\u00fcnk a divat \u00e9s az emberek ir\u00e1nti szenved\u00e9ly.<\/li>\r\n \t<li>C\u00e9ljainkat \u00e9lvezettel \u00e9s dinamizmussal \u00e9rj\u00fck el.<\/li>\r\n \t<li>Lelkes\u00edtj\u00fck egym\u00e1st \u00e9s m\u00e1sokat.<\/li>\r\n<\/ul>\r\n[\/vc_column_text][\/vc_tta_section][vc_tta_section title=&#8221;Fontos n\u00e1lunk a felel\u0151ss\u00e9gbe vezett bizalom&#8221; tab_id=&#8221;1646407648373-0e309f57-6f6a&#8221;][vc_column_text]\r\n<ul>\r\n \t<li>Munkat\u00e1rsaink hozz\u00e1\u00e9rt\u00e9s\u00e9re \u00e9s motiv\u00e1ci\u00f3j\u00e1ra \u00e9p\u00edt\u00fcnk.<\/li>\r\n \t<li>B\u00edzunk az er\u0151ss\u00e9geinkben \u00e9s nem f\u00e9l\u00fcnk felel\u0151ss\u00e9get v\u00e1llalni.<\/li>\r\n \t<li>Sz\u00e1m\u00edtunk arra, hogy mindenki hajland\u00f3 felel\u0151ss\u00e9get v\u00e1llalni, amit t\u00e1mogatunk.<\/li>\r\n<\/ul>\r\n[\/vc_column_text][\/vc_tta_section][vc_tta_section title=&#8221;Egyszer\u0171bben, de napr\u00f3l napra jobban&#8221; tab_id=&#8221;1646407700400-7621924e-9455&#8243;][vc_column_text]\r\n<ul>\r\n \t<li>A l\u00e9nyegre koncentr\u00e1lunk.<\/li>\r\n \t<li>Az eg\u00e9sz, nem pedig a r\u00e9szletek figyelembe v\u00e9tel\u00e9vel d\u00f6nt\u00fcnk.<\/li>\r\n \t<li>Vil\u00e1gos d\u00f6nt\u00e9seket hozunk, amelyeket k\u00f6vetkezetesen v\u00e9grehajtunk.<\/li>\r\n<\/ul>\r\n[\/vc_column_text][\/vc_tta_section][\/vc_tta_accordion][\/vc_column][\/vc_row][vc_row][vc_column][vc_column_text]\r\n<h3>Visszajelz\u00e9si kult\u00far\u00e1nk<\/h3>\r\nA nyitott \u00e9s konstrukt\u00edv visszajelz\u00e9seken alapul\u00f3 v\u00e1llalati kult\u00fara er\u0151ss\u00e9 tesz minket. Ez\u00e9rt id\u0151t sz\u00e1nunk egym\u00e1sra: a h\u00e9tk\u00f6znapok rendszeres visszajelz\u00e9sei mellett az \u00e9ves \u201eP\u00e1rbesz\u00e9d mint lehet\u0151s\u00e9g&#8221; munkav\u00e1llal\u00f3i \u00e9rt\u00e9kel\u00e9s\u00fcnkkel el\u0151seg\u00edtj\u00fck a kommunik\u00e1ci\u00f3t k\u00f6zted \u00e9s k\u00f6zvetlen felettesed k\u00f6z\u00f6tt. Ez a p\u00e1rbesz\u00e9d c\u00e9lzott teret nyit az elismer\u00e9snek \u00e9s a k\u00f6lcs\u00f6n\u00f6s visszajelz\u00e9snek. Ennek sor\u00e1n a szakmai \u00e9s szem\u00e9lyes kompetenci\u00e1idr\u00f3l is visszajelz\u00e9st kapsz. Ily m\u00f3don mindk\u00e9t f\u00e9l kihaszn\u00e1lhatja az \u00e9ves \u00e9rt\u00e9kel\u0151 besz\u00e9lget\u00e9st arra, hogy tanuljon egym\u00e1st\u00f3l, k\u00f6z\u00f6lje a k\u00edv\u00e1ns\u00e1gait \u00e9s r\u00e1mutasson a fejl\u0151d\u00e9si lehet\u0151s\u00e9gekre.[\/vc_column_text][vc_column_text]\r\n<h3>Vezet\u00e9s<\/h3>\r\nA vezet\u00e9s csak akkor meggy\u0151z\u0151, ha hiteles. \u201eHIGH FIVE&#8221; vezet\u0151i programunkkal orient\u00e1ci\u00f3t biztos\u00edtunk sz\u00e1modra vezet\u0151k\u00e9nt, ugyanakkor teret kapsz arra is, hogy a szem\u00e9lyis\u00e9gedet \u00e9s a tapasztalataidat kiakn\u00e1zd. Ennek keret\u00e9ben megtanulsz reflekt\u00e1lni \u00f6nmagadra \u00e9s fejlesztheted szem\u00e9lyes vezet\u0151i kompetenci\u00e1dat. Beosztottk\u00e9nt ez olyan egy\u00fcttm\u0171k\u00f6d\u00e9st tesz lehet\u0151v\u00e9 sz\u00e1modra, ahol kibontakozhatsz \u00e9s kihaszn\u00e1lhatod az er\u0151ss\u00e9geidet. A VAN GRAAF vezet\u0151i kult\u00far\u00e1ja egy\u00fcttm\u0171k\u00f6d\u00e9sen alapul \u00e9s hiteles. Egyedi. J\u00f6v\u0151be mutat\u00f3.[\/vc_column_text][\/vc_column][\/vc_row][vc_row bwd_tbc4vd_show_weekday=&#8221;&#8221; full_width=&#8221;stretch_row_content_no_spaces&#8221;][vc_column]\n        <div class=\"headlines headlines--center\" data-aos=\"fade-up\">\n            <div class=\"vc_row\">\n                <div class=\"vc_col-md-10 vc_col-md-offset-1 vc_col-lg-10 vc_col-lg-offset-1\"><h2 class=\"h2\">Tov\u00e1bbi inform\u00e1ci\u00f3k a VAN GRAAF-r\u00f3l<\/h2><\/div>\n            <\/div>\n        <\/div>[vc_row_inner bwd_tbc4vd_show_weekday=&#8221;&#8221; row_design=&#8221;row_square_background&#8221;][vc_column_inner width=&#8221;1\/3&#8243;]<div class=\"vg-element cta-teaser cta-teaser--center\" data-aos=\"fade-up\"><div class=\"cta-teaser__image\"><a class=\"\" href=\"https:\/\/www.vangraaf.com\/hu\/karrier\/rolunk\/iszakmai-fejlodes\/\" target=\"_self\" rel=\"\" style=\"\"><img loading=\"lazy\" decoding=\"async\" width=\"380\" height=\"254\" src=\"https:\/\/www.vangraaf.com\/hu\/wp-content\/uploads\/sites\/3\/2022\/03\/M12_D_GRUPPE_PORTRAIT_TRAINER_025-2.jpg\" class=\"vc_single_image-img attachment-full\" alt=\"\" title=\"Iszakmai fejl\u0151d\u00e9s_ser\" srcset=\"https:\/\/www.vangraaf.com\/hu\/wp-content\/uploads\/sites\/3\/2022\/03\/M12_D_GRUPPE_PORTRAIT_TRAINER_025-2.jpg 380w, https:\/\/www.vangraaf.com\/hu\/wp-content\/uploads\/sites\/3\/2022\/03\/M12_D_GRUPPE_PORTRAIT_TRAINER_025-2-300x201.jpg 300w\" sizes=\"(max-width: 380px) 100vw, 380px\" \/><\/a><\/div><div class=\"cta-teaser__text\"><h3>Fejl\u0151d\u00e9s<\/h3><p>A tanul\u00e1s soha nem megy ki a divatb\u00f3l! K\u00e9pz\u00e9seinkkel \u00e9s programjainkkal felk\u00e9sz\u00edt\u00fcnk a VAN GRAAF-fal k\u00f6z\u00f6s j\u00f6v\u0151re.<\/p><a class=\"button\" href=\"https:\/\/www.vangraaf.com\/hu\/karrier\/rolunk\/iszakmai-fejlodes\/\" target=\"_self\" rel=\"\" style=\"\">Tudj meg t\u00f6bbet<\/a><\/div><\/div>[\/vc_column_inner][vc_column_inner width=&#8221;1\/3&#8243;]<div class=\"vg-element cta-teaser cta-teaser--center\" data-aos=\"fade-up\"><div class=\"cta-teaser__image\"><a class=\"\" href=\"https:\/\/www.vangraaf.com\/hu\/karrier\/rolunk\/a-vallalat\/\" target=\"_self\" rel=\"\" style=\"\"><img loading=\"lazy\" decoding=\"async\" width=\"380\" height=\"254\" src=\"https:\/\/www.vangraaf.com\/hu\/wp-content\/uploads\/sites\/3\/2022\/03\/DasUnternehmen_VG-1.jpg\" class=\"vc_single_image-img attachment-full\" alt=\"\" title=\"A v\u00e1llalat_ser\" srcset=\"https:\/\/www.vangraaf.com\/hu\/wp-content\/uploads\/sites\/3\/2022\/03\/DasUnternehmen_VG-1.jpg 380w, https:\/\/www.vangraaf.com\/hu\/wp-content\/uploads\/sites\/3\/2022\/03\/DasUnternehmen_VG-1-300x201.jpg 300w\" sizes=\"(max-width: 380px) 100vw, 380px\" \/><\/a><\/div><div class=\"cta-teaser__text\"><h3>A v\u00e1llalat<\/h3><p>A VAN GRAAF egy sikeres nemzetk\u00f6zi kiskereskedelmi koncepci\u00f3. Tudj meg t\u00f6bbet a v\u00e1llalatunkr\u00f3l!<\/p><a class=\"button\" href=\"https:\/\/www.vangraaf.com\/hu\/karrier\/rolunk\/a-vallalat\/\" target=\"_self\" rel=\"\" style=\"\">Tudj meg t\u00f6bbet<\/a><\/div><\/div>[\/vc_column_inner][vc_column_inner width=&#8221;1\/3&#8243;]<div class=\"vg-element cta-teaser cta-teaser--center\" data-aos=\"fade-up\"><div class=\"cta-teaser__image\"><a class=\"\" href=\"https:\/\/www.vangraaf.com\/hu\/karrier\/allas-karrier\/allasajanlatok\/\" target=\"_self\" rel=\"\" style=\"\"><img loading=\"lazy\" decoding=\"async\" width=\"380\" height=\"254\" src=\"https:\/\/www.vangraaf.com\/hu\/wp-content\/uploads\/sites\/3\/2022\/03\/M10_M_Portraits_Buero_026-1.jpg\" class=\"vc_single_image-img attachment-full\" alt=\"\" title=\"Karrier_ser\" srcset=\"https:\/\/www.vangraaf.com\/hu\/wp-content\/uploads\/sites\/3\/2022\/03\/M10_M_Portraits_Buero_026-1.jpg 380w, https:\/\/www.vangraaf.com\/hu\/wp-content\/uploads\/sites\/3\/2022\/03\/M10_M_Portraits_Buero_026-1-300x201.jpg 300w\" sizes=\"(max-width: 380px) 100vw, 380px\" \/><\/a><\/div><div class=\"cta-teaser__text\"><h3>\u00c1ll\u00e1saj\u00e1nlatok<\/h3><p>K\u00e9szen \u00e1llsz a k\u00f6vetkez\u0151 l\u00e9p\u00e9sre? A VAN GRAAF-n\u00e1l sz\u00e1mos lehet\u0151s\u00e9g v\u00e1r r\u00e1d, ahol megtal\u00e1lhatod \u00e1lmaid \u00e1ll\u00e1s\u00e1t.<\/p><a class=\"button button--primary\" href=\"https:\/\/www.vangraaf.com\/hu\/karrier\/allas-karrier\/allasajanlatok\/\" target=\"_self\" rel=\"\" style=\"\">Tov\u00e1bb az \u00e1ll\u00e1skeres\u00e9shez<\/a><\/div><\/div>[\/vc_column_inner][\/vc_row_inner][\/vc_column][\/vc_row]<\/div>","protected":false},"excerpt":{"rendered":"[vc_row bwd_tbc4vd_show_weekday=&#8221;&#8221; full_width=&#8221;stretch_row_content_no_spaces&#8221; row_spacing=&#8221;row_less_space&#8221;][vc_column][vc_column_text] Csal\u00e1di v\u00e1llalkoz\u00e1sk\u00e9nt k\u00fcl\u00f6n\u00f6sen fontos sz\u00e1munkra a bizalmon \u00e9s megbecs\u00fcl\u00e9sen alapul\u00f3 kapcsolat. Az egy\u00fcttm\u0171k\u00f6d\u00e9st lefektet\u0151 alapelveinkben olyan k\u00f6z\u00f6s \u00e9rt\u00e9keket \u00edrunk le, amelyeket a mindennapi \u00e9letben akt\u00edvan k\u00e9pvisel\u00fcnk. Az \u00f6sszefog\u00e1sunk inspir\u00e1ci\u00f3forr\u00e1s saj\u00e1t magunk \u00e9s m\u00e1sok sz\u00e1m\u00e1ra, \u00e9s ez seg\u00edt hozz\u00e1 a c\u00e9ljaink el\u00e9r\u00e9s\u00e9hez. [\/vc_column_text][vc_tta_accordion collapsible_all=&#8221;true&#8221;][vc_tta_section title=&#8221;Siker a divat \u00e9s az emberek szeretet\u00e9n kereszt\u00fcl&#8221; [&hellip;]","protected":false},"author":6,"featured_media":0,"parent":6376,"menu_order":0,"comment_status":"closed","ping_status":"closed","template":"","meta":{"_acf_changed":false,"inline_featured_image":false,"footnotes":""},"class_list":["post-6392","page","type-page","status-publish","hentry"],"acf":[],"yoast_head":"<!-- This site is optimized with the Yoast SEO plugin v27.2 - https:\/\/yoast.com\/product\/yoast-seo-wordpress\/ -->\n<title>Egy\u00fctt I VAN GRAAF<\/title>\n<meta name=\"description\" content=\"Szeretn\u00e9l a VAN GRAAF csapat\u00e1ban dolgozni? Ismerd meg a v\u00e1llalati kult\u00far\u00e1nkat, \u00e9s m\u00e9g ma k\u00fcldd el nek\u00fcnk a p\u00e1ly\u00e1zatodat!\" \/>\n<meta name=\"robots\" content=\"index, follow, max-snippet:-1, max-image-preview:large, max-video-preview:-1\" \/>\n<link rel=\"canonical\" href=\"https:\/\/www.vangraaf.com\/hu\/karrier\/rolunk\/egyutt\/\" \/>\n<meta property=\"og:locale\" content=\"hu_HU\" \/>\n<meta property=\"og:type\" content=\"article\" \/>\n<meta property=\"og:title\" content=\"Egy\u00fctt I VAN GRAAF\" \/>\n<meta property=\"og:description\" content=\"Szeretn\u00e9l a VAN GRAAF csapat\u00e1ban dolgozni? Ismerd meg a v\u00e1llalati kult\u00far\u00e1nkat, \u00e9s m\u00e9g ma k\u00fcldd el nek\u00fcnk a p\u00e1ly\u00e1zatodat!\" \/>\n<meta property=\"og:url\" content=\"https:\/\/www.vangraaf.com\/hu\/karrier\/rolunk\/egyutt\/\" \/>\n<meta property=\"og:site_name\" content=\"VAN GRAAF Magyarorsz\u00e1g\" \/>\n<meta property=\"article:modified_time\" content=\"2022-08-15T07:17:05+00:00\" \/>\n<meta name=\"twitter:card\" content=\"summary_large_image\" \/>\n<meta name=\"twitter:label1\" content=\"Becs\u00fclt olvas\u00e1si id\u0151\" \/>\n\t<meta name=\"twitter:data1\" content=\"2 perc\" \/>\n<script type=\"application\/ld+json\" class=\"yoast-schema-graph\">{\"@context\":\"https:\/\/schema.org\",\"@graph\":[{\"@type\":\"WebPage\",\"@id\":\"https:\/\/www.vangraaf.com\/hu\/karrier\/rolunk\/egyutt\/\",\"url\":\"https:\/\/www.vangraaf.com\/hu\/karrier\/rolunk\/egyutt\/\",\"name\":\"Egy\u00fctt I VAN GRAAF\",\"isPartOf\":{\"@id\":\"https:\/\/www.vangraaf.com\/hu\/#website\"},\"datePublished\":\"2022-02-15T10:25:05+00:00\",\"dateModified\":\"2022-08-15T07:17:05+00:00\",\"description\":\"Szeretn\u00e9l a VAN GRAAF csapat\u00e1ban dolgozni? Ismerd meg a v\u00e1llalati kult\u00far\u00e1nkat, \u00e9s m\u00e9g ma k\u00fcldd el nek\u00fcnk a p\u00e1ly\u00e1zatodat!\",\"breadcrumb\":{\"@id\":\"https:\/\/www.vangraaf.com\/hu\/karrier\/rolunk\/egyutt\/#breadcrumb\"},\"inLanguage\":\"hu\",\"potentialAction\":[{\"@type\":\"ReadAction\",\"target\":[\"https:\/\/www.vangraaf.com\/hu\/karrier\/rolunk\/egyutt\/\"]}]},{\"@type\":\"BreadcrumbList\",\"@id\":\"https:\/\/www.vangraaf.com\/hu\/karrier\/rolunk\/egyutt\/#breadcrumb\",\"itemListElement\":[{\"@type\":\"ListItem\",\"position\":1,\"name\":\"Home\",\"item\":\"https:\/\/www.vangraaf.com\/hu\/\"},{\"@type\":\"ListItem\",\"position\":2,\"name\":\"Karrier\",\"item\":\"https:\/\/www.vangraaf.com\/hu\/karrier\/\"},{\"@type\":\"ListItem\",\"position\":3,\"name\":\"R\u00f3lunk\",\"item\":\"https:\/\/www.vangraaf.com\/hu\/karrier\/rolunk\/\"},{\"@type\":\"ListItem\",\"position\":4,\"name\":\"Egy\u00fctt\"}]},{\"@type\":\"WebSite\",\"@id\":\"https:\/\/www.vangraaf.com\/hu\/#website\",\"url\":\"https:\/\/www.vangraaf.com\/hu\/\",\"name\":\"VAN GRAAF\",\"description\":\"VAN GRAAF\",\"potentialAction\":[{\"@type\":\"SearchAction\",\"target\":{\"@type\":\"EntryPoint\",\"urlTemplate\":\"https:\/\/www.vangraaf.com\/hu\/?s={search_term_string}\"},\"query-input\":{\"@type\":\"PropertyValueSpecification\",\"valueRequired\":true,\"valueName\":\"search_term_string\"}}],\"inLanguage\":\"hu\"}]}<\/script>\n<!-- \/ Yoast SEO plugin. -->","yoast_head_json":{"title":"Egy\u00fctt I VAN GRAAF","description":"Szeretn\u00e9l a VAN GRAAF csapat\u00e1ban dolgozni? Ismerd meg a v\u00e1llalati kult\u00far\u00e1nkat, \u00e9s m\u00e9g ma k\u00fcldd el nek\u00fcnk a p\u00e1ly\u00e1zatodat!","robots":{"index":"index","follow":"follow","max-snippet":"max-snippet:-1","max-image-preview":"max-image-preview:large","max-video-preview":"max-video-preview:-1"},"canonical":"https:\/\/www.vangraaf.com\/hu\/karrier\/rolunk\/egyutt\/","og_locale":"hu_HU","og_type":"article","og_title":"Egy\u00fctt I VAN GRAAF","og_description":"Szeretn\u00e9l a VAN GRAAF csapat\u00e1ban dolgozni? Ismerd meg a v\u00e1llalati kult\u00far\u00e1nkat, \u00e9s m\u00e9g ma k\u00fcldd el nek\u00fcnk a p\u00e1ly\u00e1zatodat!","og_url":"https:\/\/www.vangraaf.com\/hu\/karrier\/rolunk\/egyutt\/","og_site_name":"VAN GRAAF Magyarorsz\u00e1g","article_modified_time":"2022-08-15T07:17:05+00:00","twitter_card":"summary_large_image","twitter_misc":{"Becs\u00fclt olvas\u00e1si id\u0151":"2 perc"},"schema":{"@context":"https:\/\/schema.org","@graph":[{"@type":"WebPage","@id":"https:\/\/www.vangraaf.com\/hu\/karrier\/rolunk\/egyutt\/","url":"https:\/\/www.vangraaf.com\/hu\/karrier\/rolunk\/egyutt\/","name":"Egy\u00fctt I VAN GRAAF","isPartOf":{"@id":"https:\/\/www.vangraaf.com\/hu\/#website"},"datePublished":"2022-02-15T10:25:05+00:00","dateModified":"2022-08-15T07:17:05+00:00","description":"Szeretn\u00e9l a VAN GRAAF csapat\u00e1ban dolgozni? Ismerd meg a v\u00e1llalati kult\u00far\u00e1nkat, \u00e9s m\u00e9g ma k\u00fcldd el nek\u00fcnk a p\u00e1ly\u00e1zatodat!","breadcrumb":{"@id":"https:\/\/www.vangraaf.com\/hu\/karrier\/rolunk\/egyutt\/#breadcrumb"},"inLanguage":"hu","potentialAction":[{"@type":"ReadAction","target":["https:\/\/www.vangraaf.com\/hu\/karrier\/rolunk\/egyutt\/"]}]},{"@type":"BreadcrumbList","@id":"https:\/\/www.vangraaf.com\/hu\/karrier\/rolunk\/egyutt\/#breadcrumb","itemListElement":[{"@type":"ListItem","position":1,"name":"Home","item":"https:\/\/www.vangraaf.com\/hu\/"},{"@type":"ListItem","position":2,"name":"Karrier","item":"https:\/\/www.vangraaf.com\/hu\/karrier\/"},{"@type":"ListItem","position":3,"name":"R\u00f3lunk","item":"https:\/\/www.vangraaf.com\/hu\/karrier\/rolunk\/"},{"@type":"ListItem","position":4,"name":"Egy\u00fctt"}]},{"@type":"WebSite","@id":"https:\/\/www.vangraaf.com\/hu\/#website","url":"https:\/\/www.vangraaf.com\/hu\/","name":"VAN GRAAF","description":"VAN GRAAF","potentialAction":[{"@type":"SearchAction","target":{"@type":"EntryPoint","urlTemplate":"https:\/\/www.vangraaf.com\/hu\/?s={search_term_string}"},"query-input":{"@type":"PropertyValueSpecification","valueRequired":true,"valueName":"search_term_string"}}],"inLanguage":"hu"}]}},"_links":{"self":[{"href":"https:\/\/www.vangraaf.com\/hu\/wp-json\/wp\/v2\/pages\/6392","targetHints":{"allow":["GET"]}}],"collection":[{"href":"https:\/\/www.vangraaf.com\/hu\/wp-json\/wp\/v2\/pages"}],"about":[{"href":"https:\/\/www.vangraaf.com\/hu\/wp-json\/wp\/v2\/types\/page"}],"author":[{"embeddable":true,"href":"https:\/\/www.vangraaf.com\/hu\/wp-json\/wp\/v2\/users\/6"}],"replies":[{"embeddable":true,"href":"https:\/\/www.vangraaf.com\/hu\/wp-json\/wp\/v2\/comments?post=6392"}],"version-history":[{"count":17,"href":"https:\/\/www.vangraaf.com\/hu\/wp-json\/wp\/v2\/pages\/6392\/revisions"}],"predecessor-version":[{"id":7287,"href":"https:\/\/www.vangraaf.com\/hu\/wp-json\/wp\/v2\/pages\/6392\/revisions\/7287"}],"up":[{"embeddable":true,"href":"https:\/\/www.vangraaf.com\/hu\/wp-json\/wp\/v2\/pages\/6376"}],"wp:attachment":[{"href":"https:\/\/www.vangraaf.com\/hu\/wp-json\/wp\/v2\/media?parent=6392"}],"curies":[{"name":"wp","href":"https:\/\/api.w.org\/{rel}","templated":true}]}}