{"id":6390,"date":"2022-02-15T11:24:40","date_gmt":"2022-02-15T10:24:40","guid":{"rendered":"https:\/\/www.vangraaf.com\/hu\/?page_id=6390"},"modified":"2022-07-29T13:02:11","modified_gmt":"2022-07-29T11:02:11","slug":"szettek-allasinterjura","status":"publish","type":"page","link":"https:\/\/www.vangraaf.com\/hu\/karrier\/a-megfelelo-palyazat\/szettek-allasinterjura\/","title":{"rendered":"Szettek \u00e1ll\u00e1sinterj\u00fara"},"content":{"rendered":"<div class=\"wpb-content-wrapper\">[vc_row bwd_tbc4vd_show_weekday=&#8221;&#8221; full_width=&#8221;stretch_row_content_no_spaces&#8221;][vc_column]<div class=\"keyvisual\" data-aos=\"fade-up\" ><img loading=\"lazy\" decoding=\"async\" width=\"1440\" height=\"480\" src=\"https:\/\/www.vangraaf.com\/hu\/wp-content\/uploads\/sites\/3\/2022\/03\/M2_B_Azubis_im_Verkauf_010.jpg\" class=\"vc_single_image-img keyvisual__image--big\" alt=\"\" srcset=\"https:\/\/www.vangraaf.com\/hu\/wp-content\/uploads\/sites\/3\/2022\/03\/M2_B_Azubis_im_Verkauf_010.jpg 1440w, https:\/\/www.vangraaf.com\/hu\/wp-content\/uploads\/sites\/3\/2022\/03\/M2_B_Azubis_im_Verkauf_010-300x100.jpg 300w, https:\/\/www.vangraaf.com\/hu\/wp-content\/uploads\/sites\/3\/2022\/03\/M2_B_Azubis_im_Verkauf_010-1024x341.jpg 1024w, https:\/\/www.vangraaf.com\/hu\/wp-content\/uploads\/sites\/3\/2022\/03\/M2_B_Azubis_im_Verkauf_010-768x256.jpg 768w, https:\/\/www.vangraaf.com\/hu\/wp-content\/uploads\/sites\/3\/2022\/03\/M2_B_Azubis_im_Verkauf_010-1200x400.jpg 1200w, https:\/\/www.vangraaf.com\/hu\/wp-content\/uploads\/sites\/3\/2022\/03\/M2_B_Azubis_im_Verkauf_010-992x331.jpg 992w, https:\/\/www.vangraaf.com\/hu\/wp-content\/uploads\/sites\/3\/2022\/03\/M2_B_Azubis_im_Verkauf_010-480x160.jpg 480w, https:\/\/www.vangraaf.com\/hu\/wp-content\/uploads\/sites\/3\/2022\/03\/M2_B_Azubis_im_Verkauf_010-690x230.jpg 690w\" sizes=\"(max-width: 1440px) 100vw, 1440px\" \/><img loading=\"lazy\" decoding=\"async\" width=\"768\" height=\"250\" src=\"https:\/\/www.vangraaf.com\/hu\/wp-content\/uploads\/sites\/3\/2022\/03\/M2_B_Azubis_im_Verkauf_010_mobil.jpg\" class=\"vc_single_image-img keyvisual__image--small\" alt=\"\" srcset=\"https:\/\/www.vangraaf.com\/hu\/wp-content\/uploads\/sites\/3\/2022\/03\/M2_B_Azubis_im_Verkauf_010_mobil.jpg 768w, https:\/\/www.vangraaf.com\/hu\/wp-content\/uploads\/sites\/3\/2022\/03\/M2_B_Azubis_im_Verkauf_010_mobil-300x98.jpg 300w, https:\/\/www.vangraaf.com\/hu\/wp-content\/uploads\/sites\/3\/2022\/03\/M2_B_Azubis_im_Verkauf_010_mobil-480x156.jpg 480w, https:\/\/www.vangraaf.com\/hu\/wp-content\/uploads\/sites\/3\/2022\/03\/M2_B_Azubis_im_Verkauf_010_mobil-690x225.jpg 690w\" sizes=\"(max-width: 768px) 100vw, 768px\" \/><\/div>\n        <div class=\"headlines headlines--center\" data-aos=\"fade-up\">\n            <div class=\"vc_row\">\n                <div class=\"vc_col-md-10 vc_col-md-offset-1 vc_col-lg-10 vc_col-lg-offset-1\"><span class=\"h6\">Tippek a t\u00f6k\u00e9letes \u00e1ll\u00e1sinterj\u00fa-\u00f6lt\u00f6zethez<\/span><h1 class=\"h2\">Szettek \u00e1ll\u00e1sinterj\u00fara<\/h1><\/div>\n            <\/div>\n        <\/div>[vc_column_text]\r\n<p style=\"text-align: center\">A megfelel\u0151 ruh\u00e1ban mind szem\u00e9lyes, mind pedig virtu\u00e1lis \u00e1ll\u00e1sinterj\u00fan j\u00f3 benyom\u00e1st keltesz. Az, hogy mennyire legyen form\u00e1lis vagy st\u00edlusos az \u00f6lt\u00f6z\u00e9ked, az ipar\u00e1gt\u00f3l \u00e9s a leend\u0151 munkaad\u00f3dt\u00f3l f\u00fcgg. Egy divatszakm\u00e1ban ki\u00edrt \u00e1ll\u00e1sra jelentkezt\u00e9l? Akkor egy laza, de trendtudatos szettel nem l\u0151hetsz mell\u00e9. A tradicion\u00e1lisabb ipar\u00e1gakban, p\u00e9ld\u00e1ul a banki vagy biztos\u00edt\u00e1si szektorban \u00e1ltal\u00e1ban a klasszikus \u00e9s form\u00e1lis \u00f6lt\u00f6zetet r\u00e9szes\u00edtik el\u0151nyben.<\/p>\r\n[\/vc_column_text][\/vc_column][\/vc_row][vc_row][vc_column][vc_column_text]\r\n<h3>A legjobb st\u00edlustippek<\/h3>\r\nT\u00e1j\u00e9koz\u00f3dj az adott ipar\u00e1gban szok\u00e1sos dresszk\u00f3dr\u00f3l. A c\u00e9g karrieroldal\u00e1nak \u00e9s k\u00f6z\u00f6ss\u00e9gi oldalainak megl\u00e1togat\u00e1sa is j\u00f3 t\u00e1mpontot ny\u00fajthat arr\u00f3l, hogy milyen \u00f6lt\u00f6zk\u00f6d\u00e9si preferenci\u00e1kra sz\u00e1m\u00edthatsz. De a megp\u00e1ly\u00e1zott poz\u00edci\u00f3 is \u00e1rulkodhat a megfelel\u0151 dresszk\u00f3dr\u00f3l. Ha a k\u00e9s\u0151bbi munk\u00e1d sor\u00e1n sok \u00fcgyf\u00e9llel kell kapcsolatot tartanod, vagy vezet\u0151i feladatokat kell ell\u00e1tnod, klasszikusabb \u00f6lt\u00f6z\u00e9ket is v\u00e1laszthatsz. A meghat\u00e1rozott kereteken bel\u00fcl v\u00e1lassz olyan ruhadarabokat, amelyekben k\u00e9nyelmesen \u00e9s magabiztosan \u00e9rzed magad. Ezekben ugyanis az interj\u00fa sor\u00e1n \u00f6nbizalmat \u00e9s hiteless\u00e9get fogsz sug\u00e1rozni.[\/vc_column_text][vc_row_inner][vc_column_inner]<div class=\"vg-element image-text-teaser image-text-teaser--left image-text-teaser--dark\" style=\"--season-color: #ffffff\" data-aos=\"fade-up\"><div class=\"vc_row vc_row-flex\"><div class=\"image-text-teaser__image hide-for-sm-only vc_col-sm-12 vc_col-md-4\"><img loading=\"lazy\" decoding=\"async\" width=\"599\" height=\"549\" src=\"https:\/\/www.vangraaf.com\/hu\/wp-content\/uploads\/sites\/3\/2022\/03\/Man_Business_Favorit.jpg\" class=\"vc_single_image-img\" alt=\"\" srcset=\"https:\/\/www.vangraaf.com\/hu\/wp-content\/uploads\/sites\/3\/2022\/03\/Man_Business_Favorit.jpg 599w, https:\/\/www.vangraaf.com\/hu\/wp-content\/uploads\/sites\/3\/2022\/03\/Man_Business_Favorit-300x275.jpg 300w, https:\/\/www.vangraaf.com\/hu\/wp-content\/uploads\/sites\/3\/2022\/03\/Man_Business_Favorit-480x440.jpg 480w\" sizes=\"(max-width: 599px) 100vw, 599px\" \/><\/div><div class=\"vc_col-sm-12 vc_col-md-8\"><div class=\"image-text-teaser__content-wrapper\"><div class=\"image-text-teaser__content\"><h3>\u00dczleti dresszk\u00f3d: klasszikus \u00e9s form\u00e1lis<\/h3><p>A k\u00edv\u00e1nt poz\u00edci\u00f3 komoly \u00e9s klasszikus \u00f6lt\u00f6zetet k\u00f6vetel? Akkor egy hagyom\u00e1nyos, de modern \u00f6ssze\u00e1ll\u00edt\u00e1sban megfelel\u0151 lesz a megjelen\u00e9sed az \u00e1ll\u00e1sinterj\u00fan. A n\u0151k sz\u00e1m\u00e1ra p\u00e9ld\u00e1ul j\u00f3 v\u00e1laszt\u00e1s egy sima koszt\u00fcm, egy eleg\u00e1ns \u00fczleti ruha vagy egy nadr\u00e1gkoszt\u00fcm bl\u00fazzal. A f\u00e9rfiak viseljenek klasszikus \u00f6lt\u00f6nyt hossz\u00fa ujj\u00fa inggel \u00e9s nyakkend\u0151vel.<\/p>\n<\/div><\/div><\/div><\/div><\/div>[\/vc_column_inner][\/vc_row_inner][vc_row_inner][vc_column_inner]<div class=\"vg-element image-text-teaser image-text-teaser--right image-text-teaser--dark\" style=\"--season-color: #ffffff\" data-aos=\"fade-up\"><div class=\"vc_row vc_row-flex\"><div class=\"image-text-teaser__image hide-for-sm-only vc_col-sm-12 vc_col-sm-push-8 vc_col-md-4 vc_col-md-push-8\"><img loading=\"lazy\" decoding=\"async\" width=\"599\" height=\"549\" src=\"https:\/\/www.vangraaf.com\/hu\/wp-content\/uploads\/sites\/3\/2022\/03\/Female_Smart-Casual_Favorit.jpg\" class=\"vc_single_image-img\" alt=\"\" srcset=\"https:\/\/www.vangraaf.com\/hu\/wp-content\/uploads\/sites\/3\/2022\/03\/Female_Smart-Casual_Favorit.jpg 599w, https:\/\/www.vangraaf.com\/hu\/wp-content\/uploads\/sites\/3\/2022\/03\/Female_Smart-Casual_Favorit-300x275.jpg 300w, https:\/\/www.vangraaf.com\/hu\/wp-content\/uploads\/sites\/3\/2022\/03\/Female_Smart-Casual_Favorit-480x440.jpg 480w\" sizes=\"(max-width: 599px) 100vw, 599px\" \/><\/div><div class=\"vc_col-sm-12 vc_col-sm-pull-0 vc_col-md-8 vc_col-md-pull-4\"><div class=\"image-text-teaser__content-wrapper\"><div class=\"image-text-teaser__content\"><h3>Business casual \u00e9s smart casual dresszk\u00f3d<\/h3><p>A kereskedelemben, a gy\u00e1rt\u00e1sban vagy az IT-ter\u00fcleteken dolgoz\u00f3k \u00e1ltal\u00e1ban laz\u00e1bban \u00f6lt\u00f6zk\u00f6dnek. Az eleg\u00e1ns \u00e9s a sportos st\u00edlus k\u00f6z\u00f6tt sok minden megengedett. Egy fiatalos \u00e9s \u00edzl\u00e9ses \u00f6lt\u00f6zetben j\u00f3k lesznek az es\u00e9lyeid. F\u00e9rfik\u00e9nt a j\u00f3l\u00f6lt\u00f6z\u00f6tts\u00e9get el\u00e9rheted egy chin\u00f3val vagy s\u00f6t\u00e9t farmerrel kombin\u00e1lt sportos zak\u00f3val vagy k\u00f6t\u00f6tt pul\u00f3verrel. A n\u0151k a sz\u00f6vetnadr\u00e1gokat vagy szokny\u00e1kat min\u0151s\u00e9gi k\u00f6t\u00f6tt fels\u0151vel vagy eleg\u00e1ns bl\u00e9zerekkel p\u00e1ros\u00edthatj\u00e1k.<\/p>\n<\/div><\/div><\/div><\/div><\/div>[\/vc_column_inner][\/vc_row_inner][vc_row_inner][vc_column_inner]<div class=\"vg-element image-text-teaser image-text-teaser--left image-text-teaser--dark\" style=\"--season-color: #ffffff\" data-aos=\"fade-up\"><div class=\"vc_row vc_row-flex\"><div class=\"image-text-teaser__image hide-for-sm-only vc_col-sm-12 vc_col-md-4\"><img loading=\"lazy\" decoding=\"async\" width=\"599\" height=\"549\" src=\"https:\/\/www.vangraaf.com\/hu\/wp-content\/uploads\/sites\/3\/2022\/03\/Man_Smart-Casual_Favorit.jpg\" class=\"vc_single_image-img\" alt=\"\" srcset=\"https:\/\/www.vangraaf.com\/hu\/wp-content\/uploads\/sites\/3\/2022\/03\/Man_Smart-Casual_Favorit.jpg 599w, https:\/\/www.vangraaf.com\/hu\/wp-content\/uploads\/sites\/3\/2022\/03\/Man_Smart-Casual_Favorit-300x275.jpg 300w, https:\/\/www.vangraaf.com\/hu\/wp-content\/uploads\/sites\/3\/2022\/03\/Man_Smart-Casual_Favorit-480x440.jpg 480w\" sizes=\"(max-width: 599px) 100vw, 599px\" \/><\/div><div class=\"vc_col-sm-12 vc_col-md-8\"><div class=\"image-text-teaser__content-wrapper\"><div class=\"image-text-teaser__content\"><h3>Casual dresszk\u00f3d<\/h3><p>Az \u00e1lommunkahelyeden lezserebben \u00f6lt\u00f6zk\u00f6dnek az emberek? A kreat\u00edv szakm\u00e1kban k\u00fcl\u00f6n\u00f6sen sok lehet\u0151s\u00e9ged van az \u00f6lt\u00f6zk\u00f6d\u00e9st illet\u0151en. Fontos azonban, hogy a megjelen\u00e9sed \u00e1polt \u00e9s st\u00edlusos legyen. N\u0151k\u00e9nt felveheted a kedvenc sz\u00ednes ruh\u00e1dat egy men\u0151 farmerdzsekivel p\u00e1ros\u00edtva. A f\u00e9rfiak v\u00e1laszthatnak egy zak\u00f3t vagy pul\u00f3vert kiv\u00e1l\u00f3 min\u0151s\u00e9g\u0171 p\u00f3l\u00f3val vagy egy men\u0151 \u00e1ll\u00f3gall\u00e9ros slim fit szab\u00e1s\u00fa inggel kombin\u00e1lva.<strong><br \/>\n<\/strong><\/p>\n<p>M\u00e9g keresed a t\u00f6k\u00e9letes szettet az \u00e1ll\u00e1sinterj\u00fara? A <u><a href=\"https:\/\/www.vangraaf.com\/hu\/divathazaink\/\" target=\"_blank\" rel=\"noopener\">VAN GRAAF \u00fczleteiben<\/a><\/u> szem\u00e9lyre sz\u00f3l\u00f3 szaktan\u00e1csokat kaphatsz a t\u00f6k\u00e9letes stylinghoz.<\/p>\n<\/div><\/div><\/div><\/div><\/div>[\/vc_column_inner][\/vc_row_inner][\/vc_column][\/vc_row][vc_row bwd_tbc4vd_show_weekday=&#8221;&#8221; full_width=&#8221;stretch_row_content_no_spaces&#8221;][vc_column]\n        <div class=\"headlines headlines--center\" data-aos=\"fade-up\">\n            <div class=\"vc_row\">\n                <div class=\"vc_col-md-10 vc_col-md-offset-1 vc_col-lg-10 vc_col-lg-offset-1\"><h2 class=\"h2\">Hogyan lesz sikeres a p\u00e1ly\u00e1zatod<\/h2><\/div>\n            <\/div>\n        <\/div>[vc_row_inner bwd_tbc4vd_show_weekday=&#8221;&#8221; row_design=&#8221;row_square_background&#8221;][vc_column_inner width=&#8221;1\/3&#8243;]<div class=\"vg-element cta-teaser cta-teaser--center\" data-aos=\"fade-up\"><div class=\"cta-teaser__image\"><a class=\"\" href=\"https:\/\/www.vangraaf.com\/hu\/karrier\/a-megfelelo-palyazat\/allaspalyazati-tippek\/\" target=\"_self\" rel=\"\" style=\"\"><img loading=\"lazy\" decoding=\"async\" width=\"380\" height=\"254\" src=\"https:\/\/www.vangraaf.com\/hu\/wp-content\/uploads\/sites\/3\/2022\/03\/M3_C_Schueler_054-2.jpg\" class=\"vc_single_image-img attachment-full\" alt=\"\" title=\"M3_C_Schueler_054\" srcset=\"https:\/\/www.vangraaf.com\/hu\/wp-content\/uploads\/sites\/3\/2022\/03\/M3_C_Schueler_054-2.jpg 380w, https:\/\/www.vangraaf.com\/hu\/wp-content\/uploads\/sites\/3\/2022\/03\/M3_C_Schueler_054-2-300x201.jpg 300w\" sizes=\"(max-width: 380px) 100vw, 380px\" \/><\/a><\/div><div class=\"cta-teaser__text\"><h3>Tippek az \u00e1ll\u00e1sp\u00e1ly\u00e1zathoz<\/h3><p>Szeretn\u00e9d megp\u00e1ly\u00e1zni a n\u00e1lunk ki\u00edrt \u00e1ll\u00e1st? Olvasd el a sikeres jelentkez\u00e9si folyamathoz vezet\u0151 tippjeinket.<\/p><a class=\"button\" href=\"https:\/\/www.vangraaf.com\/hu\/karrier\/a-megfelelo-palyazat\/allaspalyazati-tippek\/\" target=\"_self\" rel=\"\" style=\"\">Tudj meg t\u00f6bbet<\/a><\/div><\/div>[\/vc_column_inner][vc_column_inner width=&#8221;1\/3&#8243;]<div class=\"vg-element cta-teaser cta-teaser--center\" data-aos=\"fade-up\"><div class=\"cta-teaser__image\"><a class=\"\" href=\"https:\/\/www.vangraaf.com\/hu\/karrier\/kapcsolat\/\" target=\"_self\" rel=\"\" style=\"\"><img loading=\"lazy\" decoding=\"async\" width=\"380\" height=\"254\" src=\"https:\/\/www.vangraaf.com\/hu\/wp-content\/uploads\/sites\/3\/2022\/03\/Nagy.jpg\" class=\"vc_single_image-img attachment-full\" alt=\"\" title=\"Nagy_Ser\" srcset=\"https:\/\/www.vangraaf.com\/hu\/wp-content\/uploads\/sites\/3\/2022\/03\/Nagy.jpg 380w, https:\/\/www.vangraaf.com\/hu\/wp-content\/uploads\/sites\/3\/2022\/03\/Nagy-300x201.jpg 300w\" sizes=\"(max-width: 380px) 100vw, 380px\" \/><\/a><\/div><div class=\"cta-teaser__text\"><h3>Kapcsolat<\/h3><p>K\u00e9rd\u00e9sed van a VAN GRAAF egyik poz\u00edci\u00f3j\u00e1val kapcsolatban? Akkor fordulj k\u00f6zvetlen\u00fcl Kir\u00e1hoz. +36 883 4106<\/p><a class=\"button\" href=\"https:\/\/www.vangraaf.com\/hu\/karrier\/kapcsolat\/\" target=\"_self\" rel=\"\" style=\"\">K\u00fcldj e-mailt<\/a><\/div><\/div>[\/vc_column_inner][vc_column_inner width=&#8221;1\/3&#8243;]<div class=\"vg-element cta-teaser cta-teaser--center\" data-aos=\"fade-up\"><div class=\"cta-teaser__image\"><a class=\"\" href=\"https:\/\/www.vangraaf.com\/hu\/karrier\/allas-karrier\/allasajanlatok\/\" target=\"_self\" rel=\"\" style=\"\"><img loading=\"lazy\" decoding=\"async\" width=\"380\" height=\"254\" src=\"https:\/\/www.vangraaf.com\/hu\/wp-content\/uploads\/sites\/3\/2022\/03\/M10_M_Portraits_Buero_026-1.jpg\" class=\"vc_single_image-img attachment-full\" alt=\"\" title=\"Karrier_ser\" srcset=\"https:\/\/www.vangraaf.com\/hu\/wp-content\/uploads\/sites\/3\/2022\/03\/M10_M_Portraits_Buero_026-1.jpg 380w, https:\/\/www.vangraaf.com\/hu\/wp-content\/uploads\/sites\/3\/2022\/03\/M10_M_Portraits_Buero_026-1-300x201.jpg 300w\" sizes=\"(max-width: 380px) 100vw, 380px\" \/><\/a><\/div><div class=\"cta-teaser__text\"><h3>\u00c1ll\u00e1saj\u00e1nlatok<\/h3><p>K\u00e9szen \u00e1llsz a k\u00f6vetkez\u0151 l\u00e9p\u00e9sre? A VAN GRAAF-n\u00e1l sz\u00e1mos lehet\u0151s\u00e9g v\u00e1r r\u00e1d, ahol megtal\u00e1lhatod \u00e1lmaid \u00e1ll\u00e1s\u00e1t.<\/p><a class=\"button button--primary\" href=\"https:\/\/www.vangraaf.com\/hu\/karrier\/allas-karrier\/allasajanlatok\/\" target=\"_self\" rel=\"\" style=\"\">Tov\u00e1bb az \u00e1ll\u00e1skeres\u00e9shez<\/a><\/div><\/div>[\/vc_column_inner][\/vc_row_inner][\/vc_column][\/vc_row]<\/div>","protected":false},"excerpt":{"rendered":"[vc_row bwd_tbc4vd_show_weekday=&#8221;&#8221; full_width=&#8221;stretch_row_content_no_spaces&#8221;][vc_column][vc_column_text] A megfelel\u0151 ruh\u00e1ban mind szem\u00e9lyes, mind pedig virtu\u00e1lis \u00e1ll\u00e1sinterj\u00fan j\u00f3 benyom\u00e1st keltesz. Az, hogy mennyire legyen form\u00e1lis vagy st\u00edlusos az \u00f6lt\u00f6z\u00e9ked, az ipar\u00e1gt\u00f3l \u00e9s a leend\u0151 munkaad\u00f3dt\u00f3l f\u00fcgg. Egy divatszakm\u00e1ban ki\u00edrt \u00e1ll\u00e1sra jelentkezt\u00e9l? Akkor egy laza, de trendtudatos szettel nem l\u0151hetsz mell\u00e9. A tradicion\u00e1lisabb ipar\u00e1gakban, p\u00e9ld\u00e1ul a banki vagy biztos\u00edt\u00e1si szektorban \u00e1ltal\u00e1ban [&hellip;]","protected":false},"author":6,"featured_media":0,"parent":6374,"menu_order":0,"comment_status":"closed","ping_status":"closed","template":"","meta":{"_acf_changed":false,"inline_featured_image":false,"footnotes":""},"class_list":["post-6390","page","type-page","status-publish","hentry"],"acf":[],"yoast_head":"<!-- This site is optimized with the Yoast SEO plugin v27.2 - https:\/\/yoast.com\/product\/yoast-seo-wordpress\/ -->\n<title>Szettek \u00e1ll\u00e1sinterj\u00fara | VAN GRAAF<\/title>\n<meta name=\"description\" content=\"A t\u00f6k\u00e9letes \u00f6lt\u00f6zetet keresed az \u00e1ll\u00e1sinterj\u00fara? El\u00e1ruljuk neked a legobb st\u00edlustippeket! Minden inform\u00e1ci\u00f3t megtal\u00e1lsz itt.\" \/>\n<meta name=\"robots\" content=\"index, follow, max-snippet:-1, max-image-preview:large, max-video-preview:-1\" \/>\n<link rel=\"canonical\" href=\"https:\/\/www.vangraaf.com\/hu\/karrier\/a-megfelelo-palyazat\/szettek-allasinterjura\/\" \/>\n<meta property=\"og:locale\" content=\"hu_HU\" \/>\n<meta property=\"og:type\" content=\"article\" \/>\n<meta property=\"og:title\" content=\"Szettek \u00e1ll\u00e1sinterj\u00fara | VAN GRAAF\" \/>\n<meta property=\"og:description\" content=\"A t\u00f6k\u00e9letes \u00f6lt\u00f6zetet keresed az \u00e1ll\u00e1sinterj\u00fara? El\u00e1ruljuk neked a legobb st\u00edlustippeket! Minden inform\u00e1ci\u00f3t megtal\u00e1lsz itt.\" \/>\n<meta property=\"og:url\" content=\"https:\/\/www.vangraaf.com\/hu\/karrier\/a-megfelelo-palyazat\/szettek-allasinterjura\/\" \/>\n<meta property=\"og:site_name\" content=\"VAN GRAAF Magyarorsz\u00e1g\" \/>\n<meta property=\"article:modified_time\" content=\"2022-07-29T11:02:11+00:00\" \/>\n<meta name=\"twitter:card\" content=\"summary_large_image\" \/>\n<meta name=\"twitter:label1\" content=\"Becs\u00fclt olvas\u00e1si id\u0151\" \/>\n\t<meta name=\"twitter:data1\" content=\"5 perc\" \/>\n<script type=\"application\/ld+json\" class=\"yoast-schema-graph\">{\"@context\":\"https:\/\/schema.org\",\"@graph\":[{\"@type\":\"WebPage\",\"@id\":\"https:\/\/www.vangraaf.com\/hu\/karrier\/a-megfelelo-palyazat\/szettek-allasinterjura\/\",\"url\":\"https:\/\/www.vangraaf.com\/hu\/karrier\/a-megfelelo-palyazat\/szettek-allasinterjura\/\",\"name\":\"Szettek \u00e1ll\u00e1sinterj\u00fara | VAN GRAAF\",\"isPartOf\":{\"@id\":\"https:\/\/www.vangraaf.com\/hu\/#website\"},\"datePublished\":\"2022-02-15T10:24:40+00:00\",\"dateModified\":\"2022-07-29T11:02:11+00:00\",\"description\":\"A t\u00f6k\u00e9letes \u00f6lt\u00f6zetet keresed az \u00e1ll\u00e1sinterj\u00fara? El\u00e1ruljuk neked a legobb st\u00edlustippeket! Minden inform\u00e1ci\u00f3t megtal\u00e1lsz itt.\",\"breadcrumb\":{\"@id\":\"https:\/\/www.vangraaf.com\/hu\/karrier\/a-megfelelo-palyazat\/szettek-allasinterjura\/#breadcrumb\"},\"inLanguage\":\"hu\",\"potentialAction\":[{\"@type\":\"ReadAction\",\"target\":[\"https:\/\/www.vangraaf.com\/hu\/karrier\/a-megfelelo-palyazat\/szettek-allasinterjura\/\"]}]},{\"@type\":\"BreadcrumbList\",\"@id\":\"https:\/\/www.vangraaf.com\/hu\/karrier\/a-megfelelo-palyazat\/szettek-allasinterjura\/#breadcrumb\",\"itemListElement\":[{\"@type\":\"ListItem\",\"position\":1,\"name\":\"Home\",\"item\":\"https:\/\/www.vangraaf.com\/hu\/\"},{\"@type\":\"ListItem\",\"position\":2,\"name\":\"Karrier\",\"item\":\"https:\/\/www.vangraaf.com\/hu\/karrier\/\"},{\"@type\":\"ListItem\",\"position\":3,\"name\":\"A megfelel\u0151 p\u00e1ly\u00e1zat\",\"item\":\"https:\/\/www.vangraaf.com\/hu\/karrier\/a-megfelelo-palyazat\/\"},{\"@type\":\"ListItem\",\"position\":4,\"name\":\"Szettek \u00e1ll\u00e1sinterj\u00fara\"}]},{\"@type\":\"WebSite\",\"@id\":\"https:\/\/www.vangraaf.com\/hu\/#website\",\"url\":\"https:\/\/www.vangraaf.com\/hu\/\",\"name\":\"VAN GRAAF\",\"description\":\"VAN GRAAF\",\"potentialAction\":[{\"@type\":\"SearchAction\",\"target\":{\"@type\":\"EntryPoint\",\"urlTemplate\":\"https:\/\/www.vangraaf.com\/hu\/?s={search_term_string}\"},\"query-input\":{\"@type\":\"PropertyValueSpecification\",\"valueRequired\":true,\"valueName\":\"search_term_string\"}}],\"inLanguage\":\"hu\"}]}<\/script>\n<!-- \/ Yoast SEO plugin. -->","yoast_head_json":{"title":"Szettek \u00e1ll\u00e1sinterj\u00fara | VAN GRAAF","description":"A t\u00f6k\u00e9letes \u00f6lt\u00f6zetet keresed az \u00e1ll\u00e1sinterj\u00fara? El\u00e1ruljuk neked a legobb st\u00edlustippeket! Minden inform\u00e1ci\u00f3t megtal\u00e1lsz itt.","robots":{"index":"index","follow":"follow","max-snippet":"max-snippet:-1","max-image-preview":"max-image-preview:large","max-video-preview":"max-video-preview:-1"},"canonical":"https:\/\/www.vangraaf.com\/hu\/karrier\/a-megfelelo-palyazat\/szettek-allasinterjura\/","og_locale":"hu_HU","og_type":"article","og_title":"Szettek \u00e1ll\u00e1sinterj\u00fara | VAN GRAAF","og_description":"A t\u00f6k\u00e9letes \u00f6lt\u00f6zetet keresed az \u00e1ll\u00e1sinterj\u00fara? El\u00e1ruljuk neked a legobb st\u00edlustippeket! Minden inform\u00e1ci\u00f3t megtal\u00e1lsz itt.","og_url":"https:\/\/www.vangraaf.com\/hu\/karrier\/a-megfelelo-palyazat\/szettek-allasinterjura\/","og_site_name":"VAN GRAAF Magyarorsz\u00e1g","article_modified_time":"2022-07-29T11:02:11+00:00","twitter_card":"summary_large_image","twitter_misc":{"Becs\u00fclt olvas\u00e1si id\u0151":"5 perc"},"schema":{"@context":"https:\/\/schema.org","@graph":[{"@type":"WebPage","@id":"https:\/\/www.vangraaf.com\/hu\/karrier\/a-megfelelo-palyazat\/szettek-allasinterjura\/","url":"https:\/\/www.vangraaf.com\/hu\/karrier\/a-megfelelo-palyazat\/szettek-allasinterjura\/","name":"Szettek \u00e1ll\u00e1sinterj\u00fara | VAN GRAAF","isPartOf":{"@id":"https:\/\/www.vangraaf.com\/hu\/#website"},"datePublished":"2022-02-15T10:24:40+00:00","dateModified":"2022-07-29T11:02:11+00:00","description":"A t\u00f6k\u00e9letes \u00f6lt\u00f6zetet keresed az \u00e1ll\u00e1sinterj\u00fara? El\u00e1ruljuk neked a legobb st\u00edlustippeket! Minden inform\u00e1ci\u00f3t megtal\u00e1lsz itt.","breadcrumb":{"@id":"https:\/\/www.vangraaf.com\/hu\/karrier\/a-megfelelo-palyazat\/szettek-allasinterjura\/#breadcrumb"},"inLanguage":"hu","potentialAction":[{"@type":"ReadAction","target":["https:\/\/www.vangraaf.com\/hu\/karrier\/a-megfelelo-palyazat\/szettek-allasinterjura\/"]}]},{"@type":"BreadcrumbList","@id":"https:\/\/www.vangraaf.com\/hu\/karrier\/a-megfelelo-palyazat\/szettek-allasinterjura\/#breadcrumb","itemListElement":[{"@type":"ListItem","position":1,"name":"Home","item":"https:\/\/www.vangraaf.com\/hu\/"},{"@type":"ListItem","position":2,"name":"Karrier","item":"https:\/\/www.vangraaf.com\/hu\/karrier\/"},{"@type":"ListItem","position":3,"name":"A megfelel\u0151 p\u00e1ly\u00e1zat","item":"https:\/\/www.vangraaf.com\/hu\/karrier\/a-megfelelo-palyazat\/"},{"@type":"ListItem","position":4,"name":"Szettek \u00e1ll\u00e1sinterj\u00fara"}]},{"@type":"WebSite","@id":"https:\/\/www.vangraaf.com\/hu\/#website","url":"https:\/\/www.vangraaf.com\/hu\/","name":"VAN GRAAF","description":"VAN GRAAF","potentialAction":[{"@type":"SearchAction","target":{"@type":"EntryPoint","urlTemplate":"https:\/\/www.vangraaf.com\/hu\/?s={search_term_string}"},"query-input":{"@type":"PropertyValueSpecification","valueRequired":true,"valueName":"search_term_string"}}],"inLanguage":"hu"}]}},"_links":{"self":[{"href":"https:\/\/www.vangraaf.com\/hu\/wp-json\/wp\/v2\/pages\/6390","targetHints":{"allow":["GET"]}}],"collection":[{"href":"https:\/\/www.vangraaf.com\/hu\/wp-json\/wp\/v2\/pages"}],"about":[{"href":"https:\/\/www.vangraaf.com\/hu\/wp-json\/wp\/v2\/types\/page"}],"author":[{"embeddable":true,"href":"https:\/\/www.vangraaf.com\/hu\/wp-json\/wp\/v2\/users\/6"}],"replies":[{"embeddable":true,"href":"https:\/\/www.vangraaf.com\/hu\/wp-json\/wp\/v2\/comments?post=6390"}],"version-history":[{"count":16,"href":"https:\/\/www.vangraaf.com\/hu\/wp-json\/wp\/v2\/pages\/6390\/revisions"}],"predecessor-version":[{"id":7230,"href":"https:\/\/www.vangraaf.com\/hu\/wp-json\/wp\/v2\/pages\/6390\/revisions\/7230"}],"up":[{"embeddable":true,"href":"https:\/\/www.vangraaf.com\/hu\/wp-json\/wp\/v2\/pages\/6374"}],"wp:attachment":[{"href":"https:\/\/www.vangraaf.com\/hu\/wp-json\/wp\/v2\/media?parent=6390"}],"curies":[{"name":"wp","href":"https:\/\/api.w.org\/{rel}","templated":true}]}}