{"id":6388,"date":"2022-02-15T11:24:21","date_gmt":"2022-02-15T10:24:21","guid":{"rendered":"https:\/\/www.vangraaf.com\/hu\/?page_id=6388"},"modified":"2022-08-15T10:55:46","modified_gmt":"2022-08-15T08:55:46","slug":"allaspalyazati-tippek","status":"publish","type":"page","link":"https:\/\/www.vangraaf.com\/hu\/karrier\/a-megfelelo-palyazat\/allaspalyazati-tippek\/","title":{"rendered":"\u00c1ll\u00e1sp\u00e1ly\u00e1zati tippek"},"content":{"rendered":"<div class=\"wpb-content-wrapper\">[vc_row bwd_tbc4vd_show_weekday=&#8221;&#8221; full_width=&#8221;stretch_row_content_no_spaces&#8221; row_spacing=&#8221;row_less_space&#8221;][vc_column]<div class=\"keyvisual\" data-aos=\"fade-up\" ><img loading=\"lazy\" decoding=\"async\" width=\"1440\" height=\"480\" src=\"https:\/\/www.vangraaf.com\/hu\/wp-content\/uploads\/sites\/3\/2022\/03\/M3_C_Schueler_054.jpg\" class=\"vc_single_image-img\" alt=\"\" srcset=\"https:\/\/www.vangraaf.com\/hu\/wp-content\/uploads\/sites\/3\/2022\/03\/M3_C_Schueler_054.jpg 1440w, https:\/\/www.vangraaf.com\/hu\/wp-content\/uploads\/sites\/3\/2022\/03\/M3_C_Schueler_054-300x100.jpg 300w, https:\/\/www.vangraaf.com\/hu\/wp-content\/uploads\/sites\/3\/2022\/03\/M3_C_Schueler_054-1024x341.jpg 1024w, https:\/\/www.vangraaf.com\/hu\/wp-content\/uploads\/sites\/3\/2022\/03\/M3_C_Schueler_054-768x256.jpg 768w, https:\/\/www.vangraaf.com\/hu\/wp-content\/uploads\/sites\/3\/2022\/03\/M3_C_Schueler_054-1200x400.jpg 1200w, https:\/\/www.vangraaf.com\/hu\/wp-content\/uploads\/sites\/3\/2022\/03\/M3_C_Schueler_054-992x331.jpg 992w, https:\/\/www.vangraaf.com\/hu\/wp-content\/uploads\/sites\/3\/2022\/03\/M3_C_Schueler_054-480x160.jpg 480w, https:\/\/www.vangraaf.com\/hu\/wp-content\/uploads\/sites\/3\/2022\/03\/M3_C_Schueler_054-690x230.jpg 690w\" sizes=\"(max-width: 1440px) 100vw, 1440px\" \/><\/div>\n        <div class=\"headlines headlines--center\" data-aos=\"fade-up\">\n            <div class=\"vc_row\">\n                <div class=\"vc_col-md-10 vc_col-md-offset-1 vc_col-lg-10 vc_col-lg-offset-1\"><span class=\"h6\">Tippek a sikeres jelentkez\u00e9shez<\/span><h1 class=\"h2\">Jelentkez\u00e9s a VAN GRAAF \u00e1ltal meghirdetett \u00e1ll\u00e1sokra<\/h1><\/div>\n            <\/div>\n        <\/div>[vc_column_text]\r\n<p style=\"text-align: center;\">A p\u00e1ly\u00e1zatod bek\u00fcld\u00e9s\u00e9vel megteszed az els\u0151 l\u00e9p\u00e9st a k\u00f6z\u00f6s j\u00f6v\u0151nk fel\u00e9. Egys\u00e9ges\u00edtett kiv\u00e1laszt\u00e1si folyamatunkkal biztos\u00edtjuk, hogy minden p\u00e1ly\u00e1z\u00f3 ugyanolyan es\u00e9lyekkel induljon. A VAN GRAAF oldal\u00e1n kit\u00f6lthet\u0151 online jelentkez\u00e9si lapoddal megalapozod az els\u0151 benyom\u00e1st. Egy szem\u00e9lyes interj\u00fa sor\u00e1n meggy\u0151zhetsz minket a r\u00e1termetts\u00e9gedr\u0151l. Itt elolvashatod a sikeres jelentkez\u00e9si folyamathoz vezet\u0151 tippjeinket<\/p>\r\n[\/vc_column_text][vc_tta_accordion collapsible_all=&#8221;true&#8221;][vc_tta_section title=&#8221;Motiv\u00e1ci\u00f3s lev\u00e9l&#8221; tab_id=&#8221;1646395854035-0c0a2994-2e86&#8243;][vc_column_text]Az \u00f6n\u00e9letrajzhoz mell\u00e9kelt lev\u00e9l t\u00f6k\u00e9letes eszk\u00f6z arra, hogy megmutasd, mi motiv\u00e1lt a VAN GRAAF \u00e1ltal k\u00edn\u00e1lt \u00e1ll\u00e1s megp\u00e1ly\u00e1z\u00e1s\u00e1ra. Gondolkodt\u00e1l m\u00e1r azon, hogy mi\u00e9rt tartasz minket hozz\u00e1d ill\u0151 munk\u00e1ltat\u00f3nak, \u00e9s hogy mi az ami vonz a poz\u00edci\u00f3val j\u00e1r\u00f3 feladatokban? A motiv\u00e1ci\u00f3s levelet az er\u0151ss\u00e9geid r\u00f6vid le\u00edr\u00e1s\u00e1val, valamint a relev\u00e1ns tapasztalatok \u00e9s szaktud\u00e1s bemutat\u00e1s\u00e1val teheted teljess\u00e9.[\/vc_column_text][\/vc_tta_section][vc_tta_section title=&#8221;\u00d6n\u00e9letrajz&#8221; tab_id=&#8221;1646395854042-230d495d-6c92&#8243;][vc_column_text]A VAN GRAAF poz\u00edci\u00f3j\u00e1ra beny\u00fajtott p\u00e1ly\u00e1zatban az \u00f6n\u00e9letrajzzal adhatsz magadr\u00f3l egy kifejez\u0151 \u00f6sszk\u00e9pet. A szem\u00e9lyes adataidon k\u00edv\u00fcl struktur\u00e1lt form\u00e1ban \u00e9s id\u0151rendben tartalmaznia kell az eddigi karriered \u00e1llom\u00e1sait. \u00cdrd le az adott poz\u00edci\u00f3val kapcsolatos feladataidat \u00e9s felel\u0151ss\u00e9gi k\u00f6reidet pontokba szedve. K\u00e9rj\u00fck, adj meg min\u00e9l t\u00f6bb olyan r\u00e9szletet, amely a VAN GRAAF-n\u00e1l megp\u00e1ly\u00e1zott \u00e1ll\u00e1s szempontj\u00e1b\u00f3l relev\u00e1ns.[\/vc_column_text][\/vc_tta_section][vc_tta_section title=&#8221;Bizony\u00edtv\u00e1nyok&#8221; tab_id=&#8221;1646395961649-b69a009b-c318&#8243;][vc_column_text]A bizony\u00edtv\u00e1nyok az\u00e9rt fontosak, mert al\u00e1t\u00e1masztj\u00e1k a VAN GRAAF-n\u00e1l bet\u00f6ltend\u0151 munkak\u00f6rh\u00f6z sz\u00fcks\u00e9ges ismereteket \u00e9s szaktud\u00e1st. Nyugodtan \u00f6sszes\u00edtsd a relev\u00e1ns referenci\u00e1kat \u00e9s bizony\u00edtv\u00e1nyokat egyetlen PDF-ben, amelyet csatolhatsz az online jelentkez\u00e9shez.[\/vc_column_text][\/vc_tta_section][\/vc_tta_accordion][\/vc_column][\/vc_row][vc_row][vc_column][vc_column_text]\r\n<h3>Sikeres p\u00e1ly\u00e1zat a VAN GRAAF \u00e1ltal meghirdetett \u00e1ll\u00e1sra:\r\nmegh\u00edv\u00e1s egy szem\u00e9lyes interj\u00fara<\/h3>\r\nA p\u00e1ly\u00e1zatod elnyerte a tetsz\u00e9s\u00fcnket! Nagyon v\u00e1rjuk, hogy megismerj\u00fcnk. Egy szem\u00e9lyes interj\u00fan szeretn\u00e9nk k\u00f6z\u00f6sen kider\u00edteni, hogy ill\u00fcnk-e egym\u00e1shoz &#8211; hiszen nek\u00fcnk is passzolni kell hozz\u00e1d. A k\u00f6vetkez\u0151 tippek seg\u00edtenek a lehet\u0151 legjobban felk\u00e9sz\u00fclni az interj\u00fara:[\/vc_column_text][vc_tta_accordion collapsible_all=&#8221;true&#8221;][vc_tta_section title=&#8221;Felk\u00e9sz\u00fcl\u00e9s az interj\u00fara&#8221; tab_id=&#8221;1646396036182-05bb9733-e553&#8243;][vc_column_text]Az online jelentkez\u00e9st megel\u0151z\u0151en m\u00e1r val\u00f3sz\u00edn\u0171leg szerezt\u00e9l egy els\u0151 benyom\u00e1st a VAN GRAAF-r\u00f3l. A szem\u00e9lyes interj\u00fa el\u0151tt \u00e9rdemes t\u00e1j\u00e9koz\u00f3dnod a c\u00e9gcsoportunkr\u00f3l \u00e9s ell\u00e1togatni valamelyik <a href=\"https:\/\/www.vangraaf.com\/hu\/divathazaink\/\" target=\"_blank\" rel=\"noopener\">\u00fczlet\u00fcnkbe<\/a>. A VAN GRAAF Facebook- \u00e9s Instagram-oldal\u00e1n is rengeteg inform\u00e1ci\u00f3t tal\u00e1lhatsz r\u00f3lunk.\r\n\r\nGondold \u00e1t \u00fajra, hogy mi\u00e9rt jelentkezt\u00e9l erre a munk\u00e1ra. Mi lelkes\u00edt a le\u00edrt feladatokban? Mi\u00e9rt te lenn\u00e9l a megfelel\u0151 ember erre a poz\u00edci\u00f3ra? Term\u00e9szetesen annak is \u00f6r\u00fcl\u00fcnk, ha a besz\u00e9lget\u00e9s sor\u00e1n k\u00e9rd\u00e9seket teszel fel. Ez\u00e9rt szedd \u00f6ssze, hogy mit szeretn\u00e9l m\u00e9g tudni a VAN GRAAF-r\u00f3l \u00e9s a munkak\u00f6rr\u0151l.[\/vc_column_text][\/vc_tta_section][vc_tta_section title=&#8221;A t\u00f6k\u00e9letes \u00f6lt\u00f6zet&#8221; tab_id=&#8221;1646396036188-2d3d9983-3703&#8243;][vc_column_text]A st\u00edlusos \u00e9s \u00e1polt megjelen\u00e9s sokat nyom a latba, hiszen tev\u00e9kenys\u00e9g\u00fcnk mozgat\u00f3rug\u00f3ja a divat. N\u00e1lunk sokf\u00e9le st\u00edlustippet tal\u00e1lsz a <a href=\"https:\/\/www.vangraaf.com\/hu\/karrier\/a-megfelelo-palyazat\/szettek-allasinterjura\/\">t\u00f6k\u00e9letes \u00f6lt\u00f6zethez<\/a> is.[\/vc_column_text][\/vc_tta_section][vc_tta_section title=&#8221;Meggy\u0151z\u0151 besz\u00e9lget\u00e9s&#8221; tab_id=&#8221;1646396178492-7abff0f5-71c5&#8243;][vc_column_text]A VAN GRAAF-hoz beny\u00fajtott jelentkez\u00e9sed alapj\u00e1n m\u00e1r kaptunk egy els\u0151 benyom\u00e1st r\u00f3lad, \u00e9s szeretn\u00e9nk jobban megismerni t\u00e9ged egy szem\u00e9lyes \u00e9s szakmai interj\u00fa keret\u00e9ben. A bemutatkoz\u00e1s ut\u00e1n k\u00e9rd\u00e9seket tesz\u00fcnk fel a szem\u00e9lyis\u00e9gedr\u0151l, az eddigi karrieredr\u0151l \u00e9s a munkam\u00f3dszereidr\u0151l. Egy bizonyos fok\u00fa izgalom term\u00e9szetesen r\u00e9sze a folyamatnak &#8211; szeretn\u00e9nk b\u00e1tor\u00edtani, hogy l\u00e9gy nyitott, magabiztos \u00e9s hiteles.\r\n\r\nFontos sz\u00e1munkra, hogy \u00e1tfog\u00f3 betekint\u00e9st ny\u00fajtsunk a VAN GRAAF vil\u00e1g\u00e1ba, bemutassuk a csapatot \u00e9s a j\u00f6v\u0151beli feladataidat. Sz\u00edvesen v\u00e1laszolunk az esetlegesen felmer\u00fcl\u0151 k\u00e9rd\u00e9seidre is.[\/vc_column_text][\/vc_tta_section][\/vc_tta_accordion][\/vc_column][\/vc_row][vc_row bwd_tbc4vd_show_weekday=&#8221;&#8221; full_width=&#8221;stretch_row_content_no_spaces&#8221;][vc_column]\n        <div class=\"headlines headlines--center\" data-aos=\"fade-up\">\n            <div class=\"vc_row\">\n                <div class=\"vc_col-md-10 vc_col-md-offset-1 vc_col-lg-10 vc_col-lg-offset-1\"><h2 class=\"h2\">Hogyan lesz sikeres a p\u00e1ly\u00e1zatod<\/h2><\/div>\n            <\/div>\n        <\/div>[vc_row_inner bwd_tbc4vd_show_weekday=&#8221;&#8221; row_design=&#8221;row_square_background&#8221;][vc_column_inner width=&#8221;1\/3&#8243;]<div class=\"vg-element cta-teaser cta-teaser--center\" data-aos=\"fade-up\"><div class=\"cta-teaser__image\"><a class=\"\" href=\"https:\/\/www.vangraaf.com\/hu\/karrier\/kapcsolat\/\" target=\"_self\" rel=\"\" style=\"\"><img loading=\"lazy\" decoding=\"async\" width=\"380\" height=\"254\" src=\"https:\/\/www.vangraaf.com\/hu\/wp-content\/uploads\/sites\/3\/2022\/03\/Nagy.jpg\" class=\"vc_single_image-img attachment-full\" alt=\"\" title=\"Nagy_Ser\" srcset=\"https:\/\/www.vangraaf.com\/hu\/wp-content\/uploads\/sites\/3\/2022\/03\/Nagy.jpg 380w, https:\/\/www.vangraaf.com\/hu\/wp-content\/uploads\/sites\/3\/2022\/03\/Nagy-300x201.jpg 300w\" sizes=\"(max-width: 380px) 100vw, 380px\" \/><\/a><\/div><div class=\"cta-teaser__text\"><h3>Kapcsolat<\/h3><p>K\u00e9rd\u00e9sed van a VAN GRAAF egyik poz\u00edci\u00f3j\u00e1val kapcsolatban? Akkor fordulj k\u00f6zvetlen\u00fcl Kir\u00e1hoz. +36 883 4106<\/p><a class=\"button\" href=\"https:\/\/www.vangraaf.com\/hu\/karrier\/kapcsolat\/\" target=\"_self\" rel=\"\" style=\"\">K\u00fcldj e-mailt<\/a><\/div><\/div>[\/vc_column_inner][vc_column_inner width=&#8221;1\/3&#8243;]<div class=\"vg-element cta-teaser cta-teaser--center\" data-aos=\"fade-up\"><div class=\"cta-teaser__image\"><a class=\"\" href=\"https:\/\/www.vangraaf.com\/hu\/karrier\/a-megfelelo-palyazat\/kivalasztas\/\" target=\"_self\" rel=\"\" style=\"\"><img loading=\"lazy\" decoding=\"async\" width=\"380\" height=\"254\" src=\"https:\/\/www.vangraaf.com\/hu\/wp-content\/uploads\/sites\/3\/2022\/03\/M11_F_PORTRAITS_TRAINER_034_1-1.jpg\" class=\"vc_single_image-img attachment-full\" alt=\"\" title=\"Kiv\u00e1laszt\u00e1s_ser\" srcset=\"https:\/\/www.vangraaf.com\/hu\/wp-content\/uploads\/sites\/3\/2022\/03\/M11_F_PORTRAITS_TRAINER_034_1-1.jpg 380w, https:\/\/www.vangraaf.com\/hu\/wp-content\/uploads\/sites\/3\/2022\/03\/M11_F_PORTRAITS_TRAINER_034_1-1-300x201.jpg 300w\" sizes=\"(max-width: 380px) 100vw, 380px\" \/><\/a><\/div><div class=\"cta-teaser__text\"><h3>Jelentkez\u00e9s<\/h3><p>Toborz\u00e1si folyamatunkban a Ti\u00e9d a f\u0151szerep. A VAN GRAAF minden sz\u00fcks\u00e9ges inform\u00e1ci\u00f3t megad a jelentkez\u00e9sedhez.<\/p><a class=\"button\" href=\"https:\/\/www.vangraaf.com\/hu\/karrier\/a-megfelelo-palyazat\/kivalasztas\/\" target=\"_self\" rel=\"\" style=\"\">Tudj meg t\u00f6bbet<\/a><\/div><\/div>[\/vc_column_inner][vc_column_inner width=&#8221;1\/3&#8243;]<div class=\"vg-element cta-teaser cta-teaser--center\" data-aos=\"fade-up\"><div class=\"cta-teaser__image\"><a class=\"\" href=\"https:\/\/www.vangraaf.com\/hu\/karrier\/kapcsolat\/\" target=\"_self\" rel=\"\" style=\"\"><img loading=\"lazy\" decoding=\"async\" width=\"380\" height=\"254\" src=\"https:\/\/www.vangraaf.com\/hu\/wp-content\/uploads\/sites\/3\/2022\/03\/Schlehmayer.jpg\" class=\"vc_single_image-img attachment-full\" alt=\"\" title=\"Schlehmayer_ser\" srcset=\"https:\/\/www.vangraaf.com\/hu\/wp-content\/uploads\/sites\/3\/2022\/03\/Schlehmayer.jpg 380w, https:\/\/www.vangraaf.com\/hu\/wp-content\/uploads\/sites\/3\/2022\/03\/Schlehmayer-300x201.jpg 300w\" sizes=\"(max-width: 380px) 100vw, 380px\" \/><\/a><\/div><div class=\"cta-teaser__text\"><h3>Kapcsolat<\/h3><p>K\u00e9rd\u00e9sed van a VAN GRAAF egyik poz\u00edci\u00f3j\u00e1val kapcsolatban? Akkor fordulj k\u00f6zvetlen\u00fcl Andre\u00e1hoz. +36 883 4106<\/p><a class=\"button\" href=\"https:\/\/www.vangraaf.com\/hu\/karrier\/kapcsolat\/\" target=\"_self\" rel=\"\" style=\"\">K\u00fcldj e-mailt<\/a><\/div><\/div>[\/vc_column_inner][\/vc_row_inner][\/vc_column][\/vc_row]<\/div>","protected":false},"excerpt":{"rendered":"[vc_row bwd_tbc4vd_show_weekday=&#8221;&#8221; full_width=&#8221;stretch_row_content_no_spaces&#8221; row_spacing=&#8221;row_less_space&#8221;][vc_column][vc_column_text] A p\u00e1ly\u00e1zatod bek\u00fcld\u00e9s\u00e9vel megteszed az els\u0151 l\u00e9p\u00e9st a k\u00f6z\u00f6s j\u00f6v\u0151nk fel\u00e9. Egys\u00e9ges\u00edtett kiv\u00e1laszt\u00e1si folyamatunkkal biztos\u00edtjuk, hogy minden p\u00e1ly\u00e1z\u00f3 ugyanolyan es\u00e9lyekkel induljon. A VAN GRAAF oldal\u00e1n kit\u00f6lthet\u0151 online jelentkez\u00e9si lapoddal megalapozod az els\u0151 benyom\u00e1st. Egy szem\u00e9lyes interj\u00fa sor\u00e1n meggy\u0151zhetsz minket a r\u00e1termetts\u00e9gedr\u0151l. Itt elolvashatod a sikeres jelentkez\u00e9si folyamathoz vezet\u0151 tippjeinket [\/vc_column_text][vc_tta_accordion collapsible_all=&#8221;true&#8221;][vc_tta_section [&hellip;]","protected":false},"author":6,"featured_media":0,"parent":6374,"menu_order":0,"comment_status":"closed","ping_status":"closed","template":"","meta":{"_acf_changed":false,"inline_featured_image":false,"footnotes":""},"class_list":["post-6388","page","type-page","status-publish","hentry"],"acf":[],"yoast_head":"<!-- This site is optimized with the Yoast SEO plugin v27.2 - https:\/\/yoast.com\/product\/yoast-seo-wordpress\/ -->\n<title>\u00c1ll\u00e1sp\u00e1ly\u00e1zat | VAN GRAAF<\/title>\n<meta name=\"description\" content=\"Izgalmas \u00e9s kih\u00edv\u00e1sokkal teli munk\u00e1t keresel a kiskereskedelemben? Akkor jelentkezz online a VAN GRAAF poz\u00edci\u00f3ira! Itt minden inform\u00e1ci\u00f3t megtal\u00e1lsz.\" \/>\n<meta name=\"robots\" content=\"index, follow, max-snippet:-1, max-image-preview:large, max-video-preview:-1\" \/>\n<link rel=\"canonical\" href=\"https:\/\/www.vangraaf.com\/hu\/karrier\/a-megfelelo-palyazat\/allaspalyazati-tippek\/\" \/>\n<meta property=\"og:locale\" content=\"hu_HU\" \/>\n<meta property=\"og:type\" content=\"article\" \/>\n<meta property=\"og:title\" content=\"\u00c1ll\u00e1sp\u00e1ly\u00e1zat | VAN GRAAF\" \/>\n<meta property=\"og:description\" content=\"Izgalmas \u00e9s kih\u00edv\u00e1sokkal teli munk\u00e1t keresel a kiskereskedelemben? Akkor jelentkezz online a VAN GRAAF poz\u00edci\u00f3ira! Itt minden inform\u00e1ci\u00f3t megtal\u00e1lsz.\" \/>\n<meta property=\"og:url\" content=\"https:\/\/www.vangraaf.com\/hu\/karrier\/a-megfelelo-palyazat\/allaspalyazati-tippek\/\" \/>\n<meta property=\"og:site_name\" content=\"VAN GRAAF Magyarorsz\u00e1g\" \/>\n<meta property=\"article:modified_time\" content=\"2022-08-15T08:55:46+00:00\" \/>\n<meta name=\"twitter:card\" content=\"summary_large_image\" \/>\n<meta name=\"twitter:label1\" content=\"Becs\u00fclt olvas\u00e1si id\u0151\" \/>\n\t<meta name=\"twitter:data1\" content=\"3 perc\" \/>\n<script type=\"application\/ld+json\" class=\"yoast-schema-graph\">{\"@context\":\"https:\/\/schema.org\",\"@graph\":[{\"@type\":\"WebPage\",\"@id\":\"https:\/\/www.vangraaf.com\/hu\/karrier\/a-megfelelo-palyazat\/allaspalyazati-tippek\/\",\"url\":\"https:\/\/www.vangraaf.com\/hu\/karrier\/a-megfelelo-palyazat\/allaspalyazati-tippek\/\",\"name\":\"\u00c1ll\u00e1sp\u00e1ly\u00e1zat | VAN GRAAF\",\"isPartOf\":{\"@id\":\"https:\/\/www.vangraaf.com\/hu\/#website\"},\"datePublished\":\"2022-02-15T10:24:21+00:00\",\"dateModified\":\"2022-08-15T08:55:46+00:00\",\"description\":\"Izgalmas \u00e9s kih\u00edv\u00e1sokkal teli munk\u00e1t keresel a kiskereskedelemben? Akkor jelentkezz online a VAN GRAAF poz\u00edci\u00f3ira! Itt minden inform\u00e1ci\u00f3t megtal\u00e1lsz.\",\"breadcrumb\":{\"@id\":\"https:\/\/www.vangraaf.com\/hu\/karrier\/a-megfelelo-palyazat\/allaspalyazati-tippek\/#breadcrumb\"},\"inLanguage\":\"hu\",\"potentialAction\":[{\"@type\":\"ReadAction\",\"target\":[\"https:\/\/www.vangraaf.com\/hu\/karrier\/a-megfelelo-palyazat\/allaspalyazati-tippek\/\"]}]},{\"@type\":\"BreadcrumbList\",\"@id\":\"https:\/\/www.vangraaf.com\/hu\/karrier\/a-megfelelo-palyazat\/allaspalyazati-tippek\/#breadcrumb\",\"itemListElement\":[{\"@type\":\"ListItem\",\"position\":1,\"name\":\"Home\",\"item\":\"https:\/\/www.vangraaf.com\/hu\/\"},{\"@type\":\"ListItem\",\"position\":2,\"name\":\"Karrier\",\"item\":\"https:\/\/www.vangraaf.com\/hu\/karrier\/\"},{\"@type\":\"ListItem\",\"position\":3,\"name\":\"A megfelel\u0151 p\u00e1ly\u00e1zat\",\"item\":\"https:\/\/www.vangraaf.com\/hu\/karrier\/a-megfelelo-palyazat\/\"},{\"@type\":\"ListItem\",\"position\":4,\"name\":\"\u00c1ll\u00e1sp\u00e1ly\u00e1zati tippek\"}]},{\"@type\":\"WebSite\",\"@id\":\"https:\/\/www.vangraaf.com\/hu\/#website\",\"url\":\"https:\/\/www.vangraaf.com\/hu\/\",\"name\":\"VAN GRAAF\",\"description\":\"VAN GRAAF\",\"potentialAction\":[{\"@type\":\"SearchAction\",\"target\":{\"@type\":\"EntryPoint\",\"urlTemplate\":\"https:\/\/www.vangraaf.com\/hu\/?s={search_term_string}\"},\"query-input\":{\"@type\":\"PropertyValueSpecification\",\"valueRequired\":true,\"valueName\":\"search_term_string\"}}],\"inLanguage\":\"hu\"}]}<\/script>\n<!-- \/ Yoast SEO plugin. -->","yoast_head_json":{"title":"\u00c1ll\u00e1sp\u00e1ly\u00e1zat | VAN GRAAF","description":"Izgalmas \u00e9s kih\u00edv\u00e1sokkal teli munk\u00e1t keresel a kiskereskedelemben? Akkor jelentkezz online a VAN GRAAF poz\u00edci\u00f3ira! Itt minden inform\u00e1ci\u00f3t megtal\u00e1lsz.","robots":{"index":"index","follow":"follow","max-snippet":"max-snippet:-1","max-image-preview":"max-image-preview:large","max-video-preview":"max-video-preview:-1"},"canonical":"https:\/\/www.vangraaf.com\/hu\/karrier\/a-megfelelo-palyazat\/allaspalyazati-tippek\/","og_locale":"hu_HU","og_type":"article","og_title":"\u00c1ll\u00e1sp\u00e1ly\u00e1zat | VAN GRAAF","og_description":"Izgalmas \u00e9s kih\u00edv\u00e1sokkal teli munk\u00e1t keresel a kiskereskedelemben? Akkor jelentkezz online a VAN GRAAF poz\u00edci\u00f3ira! Itt minden inform\u00e1ci\u00f3t megtal\u00e1lsz.","og_url":"https:\/\/www.vangraaf.com\/hu\/karrier\/a-megfelelo-palyazat\/allaspalyazati-tippek\/","og_site_name":"VAN GRAAF Magyarorsz\u00e1g","article_modified_time":"2022-08-15T08:55:46+00:00","twitter_card":"summary_large_image","twitter_misc":{"Becs\u00fclt olvas\u00e1si id\u0151":"3 perc"},"schema":{"@context":"https:\/\/schema.org","@graph":[{"@type":"WebPage","@id":"https:\/\/www.vangraaf.com\/hu\/karrier\/a-megfelelo-palyazat\/allaspalyazati-tippek\/","url":"https:\/\/www.vangraaf.com\/hu\/karrier\/a-megfelelo-palyazat\/allaspalyazati-tippek\/","name":"\u00c1ll\u00e1sp\u00e1ly\u00e1zat | VAN GRAAF","isPartOf":{"@id":"https:\/\/www.vangraaf.com\/hu\/#website"},"datePublished":"2022-02-15T10:24:21+00:00","dateModified":"2022-08-15T08:55:46+00:00","description":"Izgalmas \u00e9s kih\u00edv\u00e1sokkal teli munk\u00e1t keresel a kiskereskedelemben? Akkor jelentkezz online a VAN GRAAF poz\u00edci\u00f3ira! Itt minden inform\u00e1ci\u00f3t megtal\u00e1lsz.","breadcrumb":{"@id":"https:\/\/www.vangraaf.com\/hu\/karrier\/a-megfelelo-palyazat\/allaspalyazati-tippek\/#breadcrumb"},"inLanguage":"hu","potentialAction":[{"@type":"ReadAction","target":["https:\/\/www.vangraaf.com\/hu\/karrier\/a-megfelelo-palyazat\/allaspalyazati-tippek\/"]}]},{"@type":"BreadcrumbList","@id":"https:\/\/www.vangraaf.com\/hu\/karrier\/a-megfelelo-palyazat\/allaspalyazati-tippek\/#breadcrumb","itemListElement":[{"@type":"ListItem","position":1,"name":"Home","item":"https:\/\/www.vangraaf.com\/hu\/"},{"@type":"ListItem","position":2,"name":"Karrier","item":"https:\/\/www.vangraaf.com\/hu\/karrier\/"},{"@type":"ListItem","position":3,"name":"A megfelel\u0151 p\u00e1ly\u00e1zat","item":"https:\/\/www.vangraaf.com\/hu\/karrier\/a-megfelelo-palyazat\/"},{"@type":"ListItem","position":4,"name":"\u00c1ll\u00e1sp\u00e1ly\u00e1zati tippek"}]},{"@type":"WebSite","@id":"https:\/\/www.vangraaf.com\/hu\/#website","url":"https:\/\/www.vangraaf.com\/hu\/","name":"VAN GRAAF","description":"VAN GRAAF","potentialAction":[{"@type":"SearchAction","target":{"@type":"EntryPoint","urlTemplate":"https:\/\/www.vangraaf.com\/hu\/?s={search_term_string}"},"query-input":{"@type":"PropertyValueSpecification","valueRequired":true,"valueName":"search_term_string"}}],"inLanguage":"hu"}]}},"_links":{"self":[{"href":"https:\/\/www.vangraaf.com\/hu\/wp-json\/wp\/v2\/pages\/6388","targetHints":{"allow":["GET"]}}],"collection":[{"href":"https:\/\/www.vangraaf.com\/hu\/wp-json\/wp\/v2\/pages"}],"about":[{"href":"https:\/\/www.vangraaf.com\/hu\/wp-json\/wp\/v2\/types\/page"}],"author":[{"embeddable":true,"href":"https:\/\/www.vangraaf.com\/hu\/wp-json\/wp\/v2\/users\/6"}],"replies":[{"embeddable":true,"href":"https:\/\/www.vangraaf.com\/hu\/wp-json\/wp\/v2\/comments?post=6388"}],"version-history":[{"count":14,"href":"https:\/\/www.vangraaf.com\/hu\/wp-json\/wp\/v2\/pages\/6388\/revisions"}],"predecessor-version":[{"id":7290,"href":"https:\/\/www.vangraaf.com\/hu\/wp-json\/wp\/v2\/pages\/6388\/revisions\/7290"}],"up":[{"embeddable":true,"href":"https:\/\/www.vangraaf.com\/hu\/wp-json\/wp\/v2\/pages\/6374"}],"wp:attachment":[{"href":"https:\/\/www.vangraaf.com\/hu\/wp-json\/wp\/v2\/media?parent=6388"}],"curies":[{"name":"wp","href":"https:\/\/api.w.org\/{rel}","templated":true}]}}