{"id":6386,"date":"2022-02-15T11:24:02","date_gmt":"2022-02-15T10:24:02","guid":{"rendered":"https:\/\/www.vangraaf.com\/hu\/?page_id=6386"},"modified":"2022-07-29T13:01:44","modified_gmt":"2022-07-29T11:01:44","slug":"kivalasztas","status":"publish","type":"page","link":"https:\/\/www.vangraaf.com\/hu\/karrier\/a-megfelelo-palyazat\/kivalasztas\/","title":{"rendered":"Kiv\u00e1laszt\u00e1s"},"content":{"rendered":"<div class=\"wpb-content-wrapper\">[vc_row bwd_tbc4vd_show_weekday=&#8221;&#8221; full_width=&#8221;stretch_row_content_no_spaces&#8221;][vc_column]<div class=\"keyvisual\" data-aos=\"fade-up\" ><img loading=\"lazy\" decoding=\"async\" width=\"1440\" height=\"480\" src=\"https:\/\/www.vangraaf.com\/hu\/wp-content\/uploads\/sites\/3\/2022\/03\/M11_F_PORTRAITS_TRAINER_034_1-2.jpg\" class=\"vc_single_image-img\" alt=\"\" srcset=\"https:\/\/www.vangraaf.com\/hu\/wp-content\/uploads\/sites\/3\/2022\/03\/M11_F_PORTRAITS_TRAINER_034_1-2.jpg 1440w, https:\/\/www.vangraaf.com\/hu\/wp-content\/uploads\/sites\/3\/2022\/03\/M11_F_PORTRAITS_TRAINER_034_1-2-300x100.jpg 300w, https:\/\/www.vangraaf.com\/hu\/wp-content\/uploads\/sites\/3\/2022\/03\/M11_F_PORTRAITS_TRAINER_034_1-2-1024x341.jpg 1024w, https:\/\/www.vangraaf.com\/hu\/wp-content\/uploads\/sites\/3\/2022\/03\/M11_F_PORTRAITS_TRAINER_034_1-2-768x256.jpg 768w, https:\/\/www.vangraaf.com\/hu\/wp-content\/uploads\/sites\/3\/2022\/03\/M11_F_PORTRAITS_TRAINER_034_1-2-1200x400.jpg 1200w, https:\/\/www.vangraaf.com\/hu\/wp-content\/uploads\/sites\/3\/2022\/03\/M11_F_PORTRAITS_TRAINER_034_1-2-992x331.jpg 992w, https:\/\/www.vangraaf.com\/hu\/wp-content\/uploads\/sites\/3\/2022\/03\/M11_F_PORTRAITS_TRAINER_034_1-2-480x160.jpg 480w, https:\/\/www.vangraaf.com\/hu\/wp-content\/uploads\/sites\/3\/2022\/03\/M11_F_PORTRAITS_TRAINER_034_1-2-690x230.jpg 690w\" sizes=\"(max-width: 1440px) 100vw, 1440px\" \/><\/div>\n        <div class=\"headlines headlines--center\" data-aos=\"fade-up\">\n            <div class=\"vc_row\">\n                <div class=\"vc_col-md-10 vc_col-md-offset-1 vc_col-lg-10 vc_col-lg-offset-1\"><h2 class=\"h2\">Hogyan lesz sikeres a p\u00e1ly\u00e1zatod<\/h2><\/div>\n            <\/div>\n        <\/div>[vc_column_text]\r\n<p style=\"text-align: center\">A VAN GRAAF toborz\u00e1si folyamat\u00e1ban Ti\u00e9d a f\u0151szerep. Egys\u00e9ges\u00edtett kiv\u00e1laszt\u00e1si folyamatunk letisztult \u00e9s hat\u00e9kony, hogy b\u0151ven maradjon id\u0151 egy alapos \u00e9s k\u00f6lcs\u00f6n\u00f6s megismerked\u00e9sre. C\u00e9lunk, hogy a kiv\u00e1laszt\u00e1s k\u00fcl\u00f6nb\u00f6z\u0151 szakaszaiban mindig szem\u00e9lyes \u00e9s \u00e1tl\u00e1that\u00f3 t\u00e1mogat\u00e1st ny\u00fajtsunk sz\u00e1modra. Hogy seg\u00edts\u00fcnk felk\u00e9sz\u00fclni a jelentkez\u00e9sre, betekint\u00e9st ny\u00fajtunk a kiv\u00e1laszt\u00e1si folyamatba.<\/p>\r\n[\/vc_column_text][\/vc_column][\/vc_row][vc_row][vc_column width=&#8221;1\/3&#8243;][vc_column_text]\r\n<p style=\"text-align: center\"><img loading=\"lazy\" decoding=\"async\" class=\"size-full wp-image-6694 aligncenter\" src=\"https:\/\/www.vangraaf.com\/hu\/wp-content\/uploads\/sites\/3\/2022\/03\/Ausbildungssuche_300.png\" alt=\"\" width=\"125\" height=\"125\" srcset=\"https:\/\/www.vangraaf.com\/hu\/wp-content\/uploads\/sites\/3\/2022\/03\/Ausbildungssuche_300.png 600w, https:\/\/www.vangraaf.com\/hu\/wp-content\/uploads\/sites\/3\/2022\/03\/Ausbildungssuche_300-300x300.png 300w, https:\/\/www.vangraaf.com\/hu\/wp-content\/uploads\/sites\/3\/2022\/03\/Ausbildungssuche_300-150x150.png 150w, https:\/\/www.vangraaf.com\/hu\/wp-content\/uploads\/sites\/3\/2022\/03\/Ausbildungssuche_300-480x480.png 480w, https:\/\/www.vangraaf.com\/hu\/wp-content\/uploads\/sites\/3\/2022\/03\/Ausbildungssuche_300-280x280.png 280w\" sizes=\"(max-width: 125px) 100vw, 125px\" \/><\/p>\r\n<p style=\"text-align: center\"><strong>\u00c1ll\u00e1skeres\u00e9s<\/strong>\r\nTal\u00e1ld meg \u00e1lmaid munk\u00e1j\u00e1t az <a href=\"https:\/\/www.vangraaf.com\/hu\/karrier\/allas-karrier\/allasajanlatok\/\">\u00c1ll\u00e1saj\u00e1nlataink<\/a> k\u00f6z\u00f6tt. Nem tal\u00e1ltad meg, amit kerest\u00e9l? Akkor k\u00fcldd el a spont\u00e1n jelentkez\u00e9sedet, vagy iratkozz fel a <a href=\"https:\/\/www.vangraaf.com\/hu\/karrier\/allas-karrier\/allasajanlatok\/jobalert-hu.html\">Karrier\u00e9rtes\u00edt\u0151nkre<\/a>.<\/p>\r\n[\/vc_column_text][\/vc_column][vc_column width=&#8221;1\/3&#8243;][vc_column_text]\r\n<p style=\"text-align: center\"><strong><img loading=\"lazy\" decoding=\"async\" class=\"size-full wp-image-6696 aligncenter\" src=\"https:\/\/www.vangraaf.com\/hu\/wp-content\/uploads\/sites\/3\/2022\/03\/Onlinebewerben_300.png\" alt=\"\" width=\"125\" height=\"125\" srcset=\"https:\/\/www.vangraaf.com\/hu\/wp-content\/uploads\/sites\/3\/2022\/03\/Onlinebewerben_300.png 600w, https:\/\/www.vangraaf.com\/hu\/wp-content\/uploads\/sites\/3\/2022\/03\/Onlinebewerben_300-300x300.png 300w, https:\/\/www.vangraaf.com\/hu\/wp-content\/uploads\/sites\/3\/2022\/03\/Onlinebewerben_300-150x150.png 150w, https:\/\/www.vangraaf.com\/hu\/wp-content\/uploads\/sites\/3\/2022\/03\/Onlinebewerben_300-480x480.png 480w, https:\/\/www.vangraaf.com\/hu\/wp-content\/uploads\/sites\/3\/2022\/03\/Onlinebewerben_300-280x280.png 280w\" sizes=\"(max-width: 125px) 100vw, 125px\" \/><\/strong><\/p>\r\n<p style=\"text-align: center\"><strong>Online jelentkez\u00e9s<\/strong>\r\nT\u00f6ltsd fel a teljes \u00e1ll\u00e1sp\u00e1ly\u00e1zatodat az online \u0171rlapon kereszt\u00fcl. K\u00e9rd\u00e9sek eset\u00e9n b\u00e1rmikor fordulhatsz a <a href=\"https:\/\/www.vangraaf.com\/hu\/karrier\/kapcsolat\/\">HR-csapathoz<\/a>.<\/p>\r\n[\/vc_column_text][\/vc_column][vc_column width=&#8221;1\/3&#8243;][vc_column_text]\r\n<p style=\"text-align: center\"><strong><img loading=\"lazy\" decoding=\"async\" class=\"size-full wp-image-6698 aligncenter\" src=\"https:\/\/www.vangraaf.com\/hu\/wp-content\/uploads\/sites\/3\/2022\/03\/Sichtung_300.png\" alt=\"\" width=\"125\" height=\"125\" srcset=\"https:\/\/www.vangraaf.com\/hu\/wp-content\/uploads\/sites\/3\/2022\/03\/Sichtung_300.png 600w, https:\/\/www.vangraaf.com\/hu\/wp-content\/uploads\/sites\/3\/2022\/03\/Sichtung_300-300x300.png 300w, https:\/\/www.vangraaf.com\/hu\/wp-content\/uploads\/sites\/3\/2022\/03\/Sichtung_300-150x150.png 150w, https:\/\/www.vangraaf.com\/hu\/wp-content\/uploads\/sites\/3\/2022\/03\/Sichtung_300-480x480.png 480w, https:\/\/www.vangraaf.com\/hu\/wp-content\/uploads\/sites\/3\/2022\/03\/Sichtung_300-280x280.png 280w\" sizes=\"(max-width: 125px) 100vw, 125px\" \/><\/strong><\/p>\r\n<p style=\"text-align: center\"><strong>A jelentkez\u00e9sed \u00e1ttekint\u00e9se<\/strong>\r\nAz \u00e1ll\u00e1sp\u00e1ly\u00e1zatodra a lehet\u0151 leghamarabb visszajelz\u00fcnk. Mindig naprak\u00e9sz t\u00e1j\u00e9koztat\u00e1st ny\u00fajtunk a folyamatr\u00f3l.<\/p>\r\n[\/vc_column_text][\/vc_column][\/vc_row][vc_row][vc_column width=&#8221;1\/3&#8243;][vc_column_text]<img loading=\"lazy\" decoding=\"async\" class=\"size-full wp-image-6701 aligncenter\" src=\"https:\/\/www.vangraaf.com\/hu\/wp-content\/uploads\/sites\/3\/2022\/03\/Telefoninterview_300.png\" alt=\"\" width=\"125\" height=\"125\" srcset=\"https:\/\/www.vangraaf.com\/hu\/wp-content\/uploads\/sites\/3\/2022\/03\/Telefoninterview_300.png 600w, https:\/\/www.vangraaf.com\/hu\/wp-content\/uploads\/sites\/3\/2022\/03\/Telefoninterview_300-300x300.png 300w, https:\/\/www.vangraaf.com\/hu\/wp-content\/uploads\/sites\/3\/2022\/03\/Telefoninterview_300-150x150.png 150w, https:\/\/www.vangraaf.com\/hu\/wp-content\/uploads\/sites\/3\/2022\/03\/Telefoninterview_300-480x480.png 480w, https:\/\/www.vangraaf.com\/hu\/wp-content\/uploads\/sites\/3\/2022\/03\/Telefoninterview_300-280x280.png 280w\" sizes=\"(max-width: 125px) 100vw, 125px\" \/>\r\n<p style=\"text-align: center\"><strong>Telefonos interj\u00fa<\/strong>\r\nA telefonos interj\u00fa sor\u00e1n szerezz\u00fck az els\u0151, k\u00f6lcs\u00f6n\u00f6s benyom\u00e1st. Ennek sor\u00e1n tov\u00e1bbi inform\u00e1ci\u00f3kat kapsz a munk\u00e1r\u00f3l, mindenekel\u0151tt pedig v\u00e1rjuk a k\u00e9rd\u00e9seidet.<\/p>\r\n[\/vc_column_text][\/vc_column][vc_column width=&#8221;1\/3&#8243;][vc_column_text]<img loading=\"lazy\" decoding=\"async\" class=\"size-full wp-image-6695 aligncenter\" src=\"https:\/\/www.vangraaf.com\/hu\/wp-content\/uploads\/sites\/3\/2022\/03\/Gespraech_300.png\" alt=\"\" width=\"125\" height=\"125\" srcset=\"https:\/\/www.vangraaf.com\/hu\/wp-content\/uploads\/sites\/3\/2022\/03\/Gespraech_300.png 600w, https:\/\/www.vangraaf.com\/hu\/wp-content\/uploads\/sites\/3\/2022\/03\/Gespraech_300-300x300.png 300w, https:\/\/www.vangraaf.com\/hu\/wp-content\/uploads\/sites\/3\/2022\/03\/Gespraech_300-150x150.png 150w, https:\/\/www.vangraaf.com\/hu\/wp-content\/uploads\/sites\/3\/2022\/03\/Gespraech_300-480x480.png 480w, https:\/\/www.vangraaf.com\/hu\/wp-content\/uploads\/sites\/3\/2022\/03\/Gespraech_300-280x280.png 280w\" sizes=\"(max-width: 125px) 100vw, 125px\" \/>\r\n<p style=\"text-align: center\"><strong>Interj\u00fa az \u00fczlet csapat\u00e1val<\/strong>\r\nSok id\u0151t szentel\u00fcnk a szem\u00e9lyes interj\u00fara \u00e9s r\u00e1d. Nemcsak megismerni akarunk, hanem azt is szeretn\u00e9nk, hogy alaposan megismerd a munkak\u00f6rt \u00e9s a csapatot.<\/p>\r\n[\/vc_column_text][\/vc_column][vc_column width=&#8221;1\/3&#8243;][vc_column_text]\r\n<p style=\"text-align: center\"><img loading=\"lazy\" decoding=\"async\" class=\"size-full wp-image-6699 aligncenter\" src=\"https:\/\/www.vangraaf.com\/hu\/wp-content\/uploads\/sites\/3\/2022\/03\/Zusage_300.png\" alt=\"\" width=\"125\" height=\"125\" srcset=\"https:\/\/www.vangraaf.com\/hu\/wp-content\/uploads\/sites\/3\/2022\/03\/Zusage_300.png 600w, https:\/\/www.vangraaf.com\/hu\/wp-content\/uploads\/sites\/3\/2022\/03\/Zusage_300-300x300.png 300w, https:\/\/www.vangraaf.com\/hu\/wp-content\/uploads\/sites\/3\/2022\/03\/Zusage_300-150x150.png 150w, https:\/\/www.vangraaf.com\/hu\/wp-content\/uploads\/sites\/3\/2022\/03\/Zusage_300-480x480.png 480w, https:\/\/www.vangraaf.com\/hu\/wp-content\/uploads\/sites\/3\/2022\/03\/Zusage_300-280x280.png 280w\" sizes=\"(max-width: 125px) 100vw, 125px\" \/><\/p>\r\n<p style=\"text-align: center\"><strong>Bel\u00e9p\u00e9s<\/strong>\r\nGratul\u00e1lunk, \u00e9s \u00fcdv\u00f6zl\u00fcnk a VAN GRAAF-n\u00e1l! \u00d6r\u00fcl\u00fcnk, hogy a csapatunk tagja vagy, \u00e9s vel\u00fcnk kezded a j\u00f6v\u0151det.<\/p>\r\n[\/vc_column_text][\/vc_column][\/vc_row][vc_row bwd_tbc4vd_show_weekday=&#8221;&#8221; full_width=&#8221;stretch_row_content_no_spaces&#8221;][vc_column][vc_row_inner bwd_tbc4vd_show_weekday=&#8221;&#8221; row_design=&#8221;row_square_background&#8221;][vc_column_inner width=&#8221;1\/3&#8243;]<div class=\"vg-element cta-teaser cta-teaser--center\" data-aos=\"fade-up\"><div class=\"cta-teaser__image\"><a class=\"\" href=\"https:\/\/www.vangraaf.com\/hu\/karrier\/a-megfelelo-palyazat\/allaspalyazati-tippek\/\" target=\"_self\" rel=\"\" style=\"\"><img loading=\"lazy\" decoding=\"async\" width=\"380\" height=\"254\" src=\"https:\/\/www.vangraaf.com\/hu\/wp-content\/uploads\/sites\/3\/2022\/03\/M3_C_Schueler_054-2.jpg\" class=\"vc_single_image-img attachment-full\" alt=\"\" title=\"M3_C_Schueler_054\" srcset=\"https:\/\/www.vangraaf.com\/hu\/wp-content\/uploads\/sites\/3\/2022\/03\/M3_C_Schueler_054-2.jpg 380w, https:\/\/www.vangraaf.com\/hu\/wp-content\/uploads\/sites\/3\/2022\/03\/M3_C_Schueler_054-2-300x201.jpg 300w\" sizes=\"(max-width: 380px) 100vw, 380px\" \/><\/a><\/div><div class=\"cta-teaser__text\"><h3>Tippek az \u00e1ll\u00e1sp\u00e1ly\u00e1zathoz<\/h3><p>Szeretn\u00e9d megp\u00e1ly\u00e1zni a n\u00e1lunk ki\u00edrt \u00e1ll\u00e1st? Olvasd el a sikeres jelentkez\u00e9si folyamathoz vezet\u0151 tippjeinket.<\/p><a class=\"button\" href=\"https:\/\/www.vangraaf.com\/hu\/karrier\/a-megfelelo-palyazat\/allaspalyazati-tippek\/\" target=\"_self\" rel=\"\" style=\"\">Tippek az \u00e1ll\u00e1sp\u00e1ly\u00e1zathoz<\/a><\/div><\/div>[\/vc_column_inner][vc_column_inner width=&#8221;1\/3&#8243;]<div class=\"vg-element cta-teaser cta-teaser--center\" data-aos=\"fade-up\"><div class=\"cta-teaser__image\"><a class=\"\" href=\"https:\/\/www.vangraaf.com\/hu\/karrier\/kapcsolat\/\" target=\"_self\" rel=\"\" style=\"\"><img loading=\"lazy\" decoding=\"async\" width=\"380\" height=\"254\" src=\"https:\/\/www.vangraaf.com\/hu\/wp-content\/uploads\/sites\/3\/2022\/03\/Nagy.jpg\" class=\"vc_single_image-img attachment-full\" alt=\"\" title=\"Nagy_Ser\" srcset=\"https:\/\/www.vangraaf.com\/hu\/wp-content\/uploads\/sites\/3\/2022\/03\/Nagy.jpg 380w, https:\/\/www.vangraaf.com\/hu\/wp-content\/uploads\/sites\/3\/2022\/03\/Nagy-300x201.jpg 300w\" sizes=\"(max-width: 380px) 100vw, 380px\" \/><\/a><\/div><div class=\"cta-teaser__text\"><h3>Kapcsolat<\/h3><p>K\u00e9rd\u00e9sed van a VAN GRAAF egyik poz\u00edci\u00f3j\u00e1val kapcsolatban? Akkor fordulj k\u00f6zvetlen\u00fcl Kir\u00e1hoz. +36 883 4106<\/p><a class=\"button\" href=\"https:\/\/www.vangraaf.com\/hu\/karrier\/kapcsolat\/\" target=\"_self\" rel=\"\" style=\"\">K\u00fcldj e-mailt<\/a><\/div><\/div>[\/vc_column_inner][vc_column_inner width=&#8221;1\/3&#8243;]<div class=\"vg-element cta-teaser cta-teaser--center\" data-aos=\"fade-up\"><div class=\"cta-teaser__image\"><a class=\"\" href=\"https:\/\/www.vangraaf.com\/hu\/karrier\/allas-karrier\/allasajanlatok\/\" target=\"_self\" rel=\"\" style=\"\"><img loading=\"lazy\" decoding=\"async\" width=\"380\" height=\"254\" src=\"https:\/\/www.vangraaf.com\/hu\/wp-content\/uploads\/sites\/3\/2022\/03\/M10_M_Portraits_Buero_026-1.jpg\" class=\"vc_single_image-img attachment-full\" alt=\"\" title=\"Karrier_ser\" srcset=\"https:\/\/www.vangraaf.com\/hu\/wp-content\/uploads\/sites\/3\/2022\/03\/M10_M_Portraits_Buero_026-1.jpg 380w, https:\/\/www.vangraaf.com\/hu\/wp-content\/uploads\/sites\/3\/2022\/03\/M10_M_Portraits_Buero_026-1-300x201.jpg 300w\" sizes=\"(max-width: 380px) 100vw, 380px\" \/><\/a><\/div><div class=\"cta-teaser__text\"><h3>\u00c1ll\u00e1saj\u00e1nlatok<\/h3><p>K\u00e9szen \u00e1llsz a k\u00f6vetkez\u0151 l\u00e9p\u00e9sre? A VAN GRAAF-n\u00e1l sz\u00e1mos lehet\u0151s\u00e9g v\u00e1r r\u00e1d, ahol megtal\u00e1lhatod \u00e1lmaid \u00e1ll\u00e1s\u00e1t.<\/p><a class=\"button button--primary\" href=\"https:\/\/www.vangraaf.com\/hu\/karrier\/allas-karrier\/allasajanlatok\/\" target=\"_self\" rel=\"\" style=\"\">Tov\u00e1bb az \u00e1ll\u00e1skeres\u00e9shez<\/a><\/div><\/div>[\/vc_column_inner][\/vc_row_inner][\/vc_column][\/vc_row]<\/div>","protected":false},"excerpt":{"rendered":"[vc_row bwd_tbc4vd_show_weekday=&#8221;&#8221; full_width=&#8221;stretch_row_content_no_spaces&#8221;][vc_column][vc_column_text] A VAN GRAAF toborz\u00e1si folyamat\u00e1ban Ti\u00e9d a f\u0151szerep. Egys\u00e9ges\u00edtett kiv\u00e1laszt\u00e1si folyamatunk letisztult \u00e9s hat\u00e9kony, hogy b\u0151ven maradjon id\u0151 egy alapos \u00e9s k\u00f6lcs\u00f6n\u00f6s megismerked\u00e9sre. C\u00e9lunk, hogy a kiv\u00e1laszt\u00e1s k\u00fcl\u00f6nb\u00f6z\u0151 szakaszaiban mindig szem\u00e9lyes \u00e9s \u00e1tl\u00e1that\u00f3 t\u00e1mogat\u00e1st ny\u00fajtsunk sz\u00e1modra. Hogy seg\u00edts\u00fcnk felk\u00e9sz\u00fclni a jelentkez\u00e9sre, betekint\u00e9st ny\u00fajtunk a kiv\u00e1laszt\u00e1si folyamatba. [\/vc_column_text][\/vc_column][\/vc_row][vc_row][vc_column width=&#8221;1\/3&#8243;][vc_column_text] \u00c1ll\u00e1skeres\u00e9s Tal\u00e1ld meg \u00e1lmaid [&hellip;]","protected":false},"author":6,"featured_media":0,"parent":6374,"menu_order":0,"comment_status":"closed","ping_status":"closed","template":"","meta":{"_acf_changed":false,"inline_featured_image":false,"footnotes":""},"class_list":["post-6386","page","type-page","status-publish","hentry"],"acf":[],"yoast_head":"<!-- This site is optimized with the Yoast SEO plugin v27.2 - https:\/\/yoast.com\/product\/yoast-seo-wordpress\/ -->\n<title>Az \u00e1ll\u00e1sp\u00e1ly\u00e1zat menete | VAN GRAAF<\/title>\n<meta name=\"description\" content=\"Szeretn\u00e9l jelentkezni az egyik poz\u00edci\u00f3nkra? Minden sz\u00fcks\u00e9ges t\u00e1j\u00e9koztat\u00e1st megkapsz t\u0151l\u00fcnk a VAN GRAAF jelentkez\u00e9si folyamat\u00e1r\u00f3l.\" \/>\n<meta name=\"robots\" content=\"index, follow, max-snippet:-1, max-image-preview:large, max-video-preview:-1\" \/>\n<link rel=\"canonical\" href=\"https:\/\/www.vangraaf.com\/hu\/karrier\/a-megfelelo-palyazat\/kivalasztas\/\" \/>\n<meta property=\"og:locale\" content=\"hu_HU\" \/>\n<meta property=\"og:type\" content=\"article\" \/>\n<meta property=\"og:title\" content=\"Az \u00e1ll\u00e1sp\u00e1ly\u00e1zat menete | VAN GRAAF\" \/>\n<meta property=\"og:description\" content=\"Szeretn\u00e9l jelentkezni az egyik poz\u00edci\u00f3nkra? Minden sz\u00fcks\u00e9ges t\u00e1j\u00e9koztat\u00e1st megkapsz t\u0151l\u00fcnk a VAN GRAAF jelentkez\u00e9si folyamat\u00e1r\u00f3l.\" \/>\n<meta property=\"og:url\" content=\"https:\/\/www.vangraaf.com\/hu\/karrier\/a-megfelelo-palyazat\/kivalasztas\/\" \/>\n<meta property=\"og:site_name\" content=\"VAN GRAAF Magyarorsz\u00e1g\" \/>\n<meta property=\"article:modified_time\" content=\"2022-07-29T11:01:44+00:00\" \/>\n<meta property=\"og:image\" content=\"https:\/\/www.vangraaf.com\/hu\/wp-content\/uploads\/sites\/3\/2022\/03\/Ausbildungssuche_300.png\" \/>\n<meta name=\"twitter:card\" content=\"summary_large_image\" \/>\n<meta name=\"twitter:label1\" content=\"Becs\u00fclt olvas\u00e1si id\u0151\" \/>\n\t<meta name=\"twitter:data1\" content=\"3 perc\" \/>\n<script type=\"application\/ld+json\" class=\"yoast-schema-graph\">{\"@context\":\"https:\/\/schema.org\",\"@graph\":[{\"@type\":\"WebPage\",\"@id\":\"https:\/\/www.vangraaf.com\/hu\/karrier\/a-megfelelo-palyazat\/kivalasztas\/\",\"url\":\"https:\/\/www.vangraaf.com\/hu\/karrier\/a-megfelelo-palyazat\/kivalasztas\/\",\"name\":\"Az \u00e1ll\u00e1sp\u00e1ly\u00e1zat menete | VAN GRAAF\",\"isPartOf\":{\"@id\":\"https:\/\/www.vangraaf.com\/hu\/#website\"},\"primaryImageOfPage\":{\"@id\":\"https:\/\/www.vangraaf.com\/hu\/karrier\/a-megfelelo-palyazat\/kivalasztas\/#primaryimage\"},\"image\":{\"@id\":\"https:\/\/www.vangraaf.com\/hu\/karrier\/a-megfelelo-palyazat\/kivalasztas\/#primaryimage\"},\"thumbnailUrl\":\"https:\/\/www.vangraaf.com\/hu\/wp-content\/uploads\/sites\/3\/2022\/03\/Ausbildungssuche_300.png\",\"datePublished\":\"2022-02-15T10:24:02+00:00\",\"dateModified\":\"2022-07-29T11:01:44+00:00\",\"description\":\"Szeretn\u00e9l jelentkezni az egyik poz\u00edci\u00f3nkra? Minden sz\u00fcks\u00e9ges t\u00e1j\u00e9koztat\u00e1st megkapsz t\u0151l\u00fcnk a VAN GRAAF jelentkez\u00e9si folyamat\u00e1r\u00f3l.\",\"breadcrumb\":{\"@id\":\"https:\/\/www.vangraaf.com\/hu\/karrier\/a-megfelelo-palyazat\/kivalasztas\/#breadcrumb\"},\"inLanguage\":\"hu\",\"potentialAction\":[{\"@type\":\"ReadAction\",\"target\":[\"https:\/\/www.vangraaf.com\/hu\/karrier\/a-megfelelo-palyazat\/kivalasztas\/\"]}]},{\"@type\":\"ImageObject\",\"inLanguage\":\"hu\",\"@id\":\"https:\/\/www.vangraaf.com\/hu\/karrier\/a-megfelelo-palyazat\/kivalasztas\/#primaryimage\",\"url\":\"https:\/\/www.vangraaf.com\/hu\/wp-content\/uploads\/sites\/3\/2022\/03\/Ausbildungssuche_300.png\",\"contentUrl\":\"https:\/\/www.vangraaf.com\/hu\/wp-content\/uploads\/sites\/3\/2022\/03\/Ausbildungssuche_300.png\",\"width\":600,\"height\":600},{\"@type\":\"BreadcrumbList\",\"@id\":\"https:\/\/www.vangraaf.com\/hu\/karrier\/a-megfelelo-palyazat\/kivalasztas\/#breadcrumb\",\"itemListElement\":[{\"@type\":\"ListItem\",\"position\":1,\"name\":\"Home\",\"item\":\"https:\/\/www.vangraaf.com\/hu\/\"},{\"@type\":\"ListItem\",\"position\":2,\"name\":\"Karrier\",\"item\":\"https:\/\/www.vangraaf.com\/hu\/karrier\/\"},{\"@type\":\"ListItem\",\"position\":3,\"name\":\"A megfelel\u0151 p\u00e1ly\u00e1zat\",\"item\":\"https:\/\/www.vangraaf.com\/hu\/karrier\/a-megfelelo-palyazat\/\"},{\"@type\":\"ListItem\",\"position\":4,\"name\":\"Kiv\u00e1laszt\u00e1s\"}]},{\"@type\":\"WebSite\",\"@id\":\"https:\/\/www.vangraaf.com\/hu\/#website\",\"url\":\"https:\/\/www.vangraaf.com\/hu\/\",\"name\":\"VAN GRAAF\",\"description\":\"VAN GRAAF\",\"potentialAction\":[{\"@type\":\"SearchAction\",\"target\":{\"@type\":\"EntryPoint\",\"urlTemplate\":\"https:\/\/www.vangraaf.com\/hu\/?s={search_term_string}\"},\"query-input\":{\"@type\":\"PropertyValueSpecification\",\"valueRequired\":true,\"valueName\":\"search_term_string\"}}],\"inLanguage\":\"hu\"}]}<\/script>\n<!-- \/ Yoast SEO plugin. -->","yoast_head_json":{"title":"Az \u00e1ll\u00e1sp\u00e1ly\u00e1zat menete | VAN GRAAF","description":"Szeretn\u00e9l jelentkezni az egyik poz\u00edci\u00f3nkra? Minden sz\u00fcks\u00e9ges t\u00e1j\u00e9koztat\u00e1st megkapsz t\u0151l\u00fcnk a VAN GRAAF jelentkez\u00e9si folyamat\u00e1r\u00f3l.","robots":{"index":"index","follow":"follow","max-snippet":"max-snippet:-1","max-image-preview":"max-image-preview:large","max-video-preview":"max-video-preview:-1"},"canonical":"https:\/\/www.vangraaf.com\/hu\/karrier\/a-megfelelo-palyazat\/kivalasztas\/","og_locale":"hu_HU","og_type":"article","og_title":"Az \u00e1ll\u00e1sp\u00e1ly\u00e1zat menete | VAN GRAAF","og_description":"Szeretn\u00e9l jelentkezni az egyik poz\u00edci\u00f3nkra? Minden sz\u00fcks\u00e9ges t\u00e1j\u00e9koztat\u00e1st megkapsz t\u0151l\u00fcnk a VAN GRAAF jelentkez\u00e9si folyamat\u00e1r\u00f3l.","og_url":"https:\/\/www.vangraaf.com\/hu\/karrier\/a-megfelelo-palyazat\/kivalasztas\/","og_site_name":"VAN GRAAF Magyarorsz\u00e1g","article_modified_time":"2022-07-29T11:01:44+00:00","og_image":[{"url":"https:\/\/www.vangraaf.com\/hu\/wp-content\/uploads\/sites\/3\/2022\/03\/Ausbildungssuche_300.png","type":"","width":"","height":""}],"twitter_card":"summary_large_image","twitter_misc":{"Becs\u00fclt olvas\u00e1si id\u0151":"3 perc"},"schema":{"@context":"https:\/\/schema.org","@graph":[{"@type":"WebPage","@id":"https:\/\/www.vangraaf.com\/hu\/karrier\/a-megfelelo-palyazat\/kivalasztas\/","url":"https:\/\/www.vangraaf.com\/hu\/karrier\/a-megfelelo-palyazat\/kivalasztas\/","name":"Az \u00e1ll\u00e1sp\u00e1ly\u00e1zat menete | VAN GRAAF","isPartOf":{"@id":"https:\/\/www.vangraaf.com\/hu\/#website"},"primaryImageOfPage":{"@id":"https:\/\/www.vangraaf.com\/hu\/karrier\/a-megfelelo-palyazat\/kivalasztas\/#primaryimage"},"image":{"@id":"https:\/\/www.vangraaf.com\/hu\/karrier\/a-megfelelo-palyazat\/kivalasztas\/#primaryimage"},"thumbnailUrl":"https:\/\/www.vangraaf.com\/hu\/wp-content\/uploads\/sites\/3\/2022\/03\/Ausbildungssuche_300.png","datePublished":"2022-02-15T10:24:02+00:00","dateModified":"2022-07-29T11:01:44+00:00","description":"Szeretn\u00e9l jelentkezni az egyik poz\u00edci\u00f3nkra? Minden sz\u00fcks\u00e9ges t\u00e1j\u00e9koztat\u00e1st megkapsz t\u0151l\u00fcnk a VAN GRAAF jelentkez\u00e9si folyamat\u00e1r\u00f3l.","breadcrumb":{"@id":"https:\/\/www.vangraaf.com\/hu\/karrier\/a-megfelelo-palyazat\/kivalasztas\/#breadcrumb"},"inLanguage":"hu","potentialAction":[{"@type":"ReadAction","target":["https:\/\/www.vangraaf.com\/hu\/karrier\/a-megfelelo-palyazat\/kivalasztas\/"]}]},{"@type":"ImageObject","inLanguage":"hu","@id":"https:\/\/www.vangraaf.com\/hu\/karrier\/a-megfelelo-palyazat\/kivalasztas\/#primaryimage","url":"https:\/\/www.vangraaf.com\/hu\/wp-content\/uploads\/sites\/3\/2022\/03\/Ausbildungssuche_300.png","contentUrl":"https:\/\/www.vangraaf.com\/hu\/wp-content\/uploads\/sites\/3\/2022\/03\/Ausbildungssuche_300.png","width":600,"height":600},{"@type":"BreadcrumbList","@id":"https:\/\/www.vangraaf.com\/hu\/karrier\/a-megfelelo-palyazat\/kivalasztas\/#breadcrumb","itemListElement":[{"@type":"ListItem","position":1,"name":"Home","item":"https:\/\/www.vangraaf.com\/hu\/"},{"@type":"ListItem","position":2,"name":"Karrier","item":"https:\/\/www.vangraaf.com\/hu\/karrier\/"},{"@type":"ListItem","position":3,"name":"A megfelel\u0151 p\u00e1ly\u00e1zat","item":"https:\/\/www.vangraaf.com\/hu\/karrier\/a-megfelelo-palyazat\/"},{"@type":"ListItem","position":4,"name":"Kiv\u00e1laszt\u00e1s"}]},{"@type":"WebSite","@id":"https:\/\/www.vangraaf.com\/hu\/#website","url":"https:\/\/www.vangraaf.com\/hu\/","name":"VAN GRAAF","description":"VAN GRAAF","potentialAction":[{"@type":"SearchAction","target":{"@type":"EntryPoint","urlTemplate":"https:\/\/www.vangraaf.com\/hu\/?s={search_term_string}"},"query-input":{"@type":"PropertyValueSpecification","valueRequired":true,"valueName":"search_term_string"}}],"inLanguage":"hu"}]}},"_links":{"self":[{"href":"https:\/\/www.vangraaf.com\/hu\/wp-json\/wp\/v2\/pages\/6386","targetHints":{"allow":["GET"]}}],"collection":[{"href":"https:\/\/www.vangraaf.com\/hu\/wp-json\/wp\/v2\/pages"}],"about":[{"href":"https:\/\/www.vangraaf.com\/hu\/wp-json\/wp\/v2\/types\/page"}],"author":[{"embeddable":true,"href":"https:\/\/www.vangraaf.com\/hu\/wp-json\/wp\/v2\/users\/6"}],"replies":[{"embeddable":true,"href":"https:\/\/www.vangraaf.com\/hu\/wp-json\/wp\/v2\/comments?post=6386"}],"version-history":[{"count":9,"href":"https:\/\/www.vangraaf.com\/hu\/wp-json\/wp\/v2\/pages\/6386\/revisions"}],"predecessor-version":[{"id":7229,"href":"https:\/\/www.vangraaf.com\/hu\/wp-json\/wp\/v2\/pages\/6386\/revisions\/7229"}],"up":[{"embeddable":true,"href":"https:\/\/www.vangraaf.com\/hu\/wp-json\/wp\/v2\/pages\/6374"}],"wp:attachment":[{"href":"https:\/\/www.vangraaf.com\/hu\/wp-json\/wp\/v2\/media?parent=6386"}],"curies":[{"name":"wp","href":"https:\/\/api.w.org\/{rel}","templated":true}]}}