{"id":6384,"date":"2022-02-15T11:23:20","date_gmt":"2022-02-15T10:23:20","guid":{"rendered":"https:\/\/www.vangraaf.com\/hu\/?page_id=6384"},"modified":"2022-07-29T13:03:51","modified_gmt":"2022-07-29T11:03:51","slug":"spontan-jelentkezes","status":"publish","type":"page","link":"https:\/\/www.vangraaf.com\/hu\/karrier\/allas-karrier\/spontan-jelentkezes\/","title":{"rendered":"Spont\u00e1n jelentkez\u00e9s"},"content":{"rendered":"<div class=\"wpb-content-wrapper\">[vc_row bwd_tbc4vd_show_weekday=&#8221;&#8221; full_width=&#8221;stretch_row_content_no_spaces&#8221;][vc_column]<div class=\"keyvisual\" data-aos=\"fade-up\" ><img loading=\"lazy\" decoding=\"async\" width=\"1440\" height=\"480\" src=\"https:\/\/www.vangraaf.com\/hu\/wp-content\/uploads\/sites\/3\/2021\/05\/M9_E_VK_ZENTRALEE-COMMERCE_134.jpg\" class=\"vc_single_image-img\" alt=\"\" srcset=\"https:\/\/www.vangraaf.com\/hu\/wp-content\/uploads\/sites\/3\/2021\/05\/M9_E_VK_ZENTRALEE-COMMERCE_134.jpg 1440w, https:\/\/www.vangraaf.com\/hu\/wp-content\/uploads\/sites\/3\/2021\/05\/M9_E_VK_ZENTRALEE-COMMERCE_134-300x100.jpg 300w, https:\/\/www.vangraaf.com\/hu\/wp-content\/uploads\/sites\/3\/2021\/05\/M9_E_VK_ZENTRALEE-COMMERCE_134-1024x341.jpg 1024w, https:\/\/www.vangraaf.com\/hu\/wp-content\/uploads\/sites\/3\/2021\/05\/M9_E_VK_ZENTRALEE-COMMERCE_134-768x256.jpg 768w, https:\/\/www.vangraaf.com\/hu\/wp-content\/uploads\/sites\/3\/2021\/05\/M9_E_VK_ZENTRALEE-COMMERCE_134-1200x400.jpg 1200w, https:\/\/www.vangraaf.com\/hu\/wp-content\/uploads\/sites\/3\/2021\/05\/M9_E_VK_ZENTRALEE-COMMERCE_134-992x331.jpg 992w, https:\/\/www.vangraaf.com\/hu\/wp-content\/uploads\/sites\/3\/2021\/05\/M9_E_VK_ZENTRALEE-COMMERCE_134-480x160.jpg 480w, https:\/\/www.vangraaf.com\/hu\/wp-content\/uploads\/sites\/3\/2021\/05\/M9_E_VK_ZENTRALEE-COMMERCE_134-690x230.jpg 690w\" sizes=\"(max-width: 1440px) 100vw, 1440px\" \/><\/div>\n        <div class=\"headlines headlines--center\" data-aos=\"fade-up\">\n            <div class=\"vc_row\">\n                <div class=\"vc_col-md-10 vc_col-md-offset-1 vc_col-lg-10 vc_col-lg-offset-1\"><span class=\"h6\">Spont\u00e1n jelentkez\u00e9s a VAN GRAAF csapat\u00e1ba<\/span><h1 class=\"h2\">Spont\u00e1n jelentkez\u00e9s<\/h1><\/div>\n            <\/div>\n        <\/div>[vc_column_text]Szeretn\u00e9d a karrieredet a VAN GRAAF munkat\u00e1rsak\u00e9nt kezdeni, de nem hirdett\u00fcnk meg sz\u00e1modra megfelel\u0151 \u00e1ll\u00e1st? Akkor v\u00e1rjuk a spont\u00e1n jelentkez\u00e9sedet! \u00dczleteink v\u00e1ltozatos <a href=\"https:\/\/www.vangraaf.com\/hu\/karrier\/allas-karrier\/\">bel\u00e9p\u0151szint\u0171 ter\u00fcletein<\/a> tal\u00e1n m\u00e1r holnapt\u00f3l v\u00e1r r\u00e1d egy hozz\u00e1d ill\u0151 kih\u00edv\u00e1s.\r\n\r\nKezdj <a href=\"https:\/\/www.vangraaf.com\/hu\/karrier\/allas-karrier\/ertekesites\/\">elad\u00f3k\u00e9nt<\/a>, \u00e9s csillogtasd meg a divatvil\u00e1g trendjeit ismer\u0151 szak\u00e9rtelmedet. Vagy haszn\u00e1ld a kreativit\u00e1sodat \u00e9s a st\u00edlus\u00e9rz\u00e9kedet a <a href=\"https:\/\/www.vangraaf.com\/hu\/karrier\/allas-karrier\/visual-merchandising\/\">visual merchandising<\/a> ter\u00fcleten, \u00e9s teremts leny\u0171g\u00f6z\u0151 divat\u00e9lm\u00e9nyeket az \u00e9rt\u00e9kes\u00edt\u00e9si ponton. \u00c9rdekel a logisztika vagy az h\u00e1ztechnika, \u00e9s mindenkit leny\u0171g\u00f6z\u00f6l a gondos \u00e9s szervezett munkav\u00e9gz\u00e9seddel? Akkor csatlakozz a <a href=\"https:\/\/www.vangraaf.com\/hu\/karrier\/allas-karrier\/logisztika-es-muszaki-terulet\/\">logisztikai<\/a> \u00e9s m\u0171szaki csapatunkhoz, \u00e9s seg\u00edtsd akt\u00edvan az \u00fczleteink sikeres m\u0171k\u00f6d\u00e9s\u00e9t!\r\n\r\nK\u00e9rj\u00fck, hogy az online jelentkez\u00e9si lapon t\u00fcntesd fel, hogy mely ter\u00fcleten szeretn\u00e9l a VAN GRAAF csapat\u00e1hoz csatlakozni, valamint tudasd vel\u00fcnk, hogy milyen tapasztalatokkal rendelkezel, \u00e9s mit szeretn\u00e9l el\u00e9rni a VAN GRAAF munkat\u00e1rsak\u00e9nt.\r\n\r\n<a class=\"button button--primary\" href=\"https:\/\/www.vangraaf.com\/hu\/karrier\/allas-karrier\/allasajanlatok\/plyzat-hu-f267.html\">Jelentkezz Most<\/a>[\/vc_column_text][\/vc_column][\/vc_row][vc_row bwd_tbc4vd_show_weekday=&#8221;&#8221; full_width=&#8221;stretch_row_content_no_spaces&#8221;][vc_column]\n        <div class=\"headlines headlines--center\" data-aos=\"fade-up\">\n            <div class=\"vc_row\">\n                <div class=\"vc_col-md-10 vc_col-md-offset-1 vc_col-lg-10 vc_col-lg-offset-1\"><h2 class=\"h2\">Karrierkezd\u00e9s a VAN GRAAF csapat\u00e1ban<\/h2><\/div>\n            <\/div>\n        <\/div>[vc_row_inner bwd_tbc4vd_show_weekday=&#8221;&#8221; row_design=&#8221;row_square_background&#8221;][vc_column_inner width=&#8221;1\/3&#8243;]<div class=\"vg-element cta-teaser cta-teaser--center\" data-aos=\"fade-up\"><div class=\"cta-teaser__image\"><a class=\"\" href=\"https:\/\/www.vangraaf.com\/hu\/karrier\/allas-karrier\/allasajanlatok\/\" target=\"_self\" rel=\"\" style=\"\"><img loading=\"lazy\" decoding=\"async\" width=\"380\" height=\"254\" src=\"https:\/\/www.vangraaf.com\/hu\/wp-content\/uploads\/sites\/3\/2022\/03\/M10_M_Portraits_Buero_026-1.jpg\" class=\"vc_single_image-img attachment-full\" alt=\"\" title=\"Karrier_ser\" srcset=\"https:\/\/www.vangraaf.com\/hu\/wp-content\/uploads\/sites\/3\/2022\/03\/M10_M_Portraits_Buero_026-1.jpg 380w, https:\/\/www.vangraaf.com\/hu\/wp-content\/uploads\/sites\/3\/2022\/03\/M10_M_Portraits_Buero_026-1-300x201.jpg 300w\" sizes=\"(max-width: 380px) 100vw, 380px\" \/><\/a><\/div><div class=\"cta-teaser__text\"><h3>\u00c1ll\u00e1saj\u00e1nlatok<\/h3><p>K\u00e9szen \u00e1llsz a k\u00f6vetkez\u0151 l\u00e9p\u00e9sre? A VAN GRAAF-n\u00e1l sz\u00e1mos lehet\u0151s\u00e9g v\u00e1r r\u00e1d, ahol megtal\u00e1lhatod \u00e1lmaid \u00e1ll\u00e1s\u00e1t.<\/p><a class=\"button button--primary\" href=\"https:\/\/www.vangraaf.com\/hu\/karrier\/allas-karrier\/allasajanlatok\/\" target=\"_self\" rel=\"\" style=\"\">Tov\u00e1bb az \u00e1ll\u00e1skeres\u00e9shez<\/a><\/div><\/div>[\/vc_column_inner][vc_column_inner width=&#8221;1\/3&#8243;]<div class=\"vg-element cta-teaser cta-teaser--center\" data-aos=\"fade-up\"><div class=\"cta-teaser__image\"><a class=\"\" href=\"https:\/\/www.vangraaf.com\/hu\/karrier\/kapcsolat\/\" target=\"_self\" rel=\"\" style=\"\"><img loading=\"lazy\" decoding=\"async\" width=\"380\" height=\"254\" src=\"https:\/\/www.vangraaf.com\/hu\/wp-content\/uploads\/sites\/3\/2022\/03\/Nagy.jpg\" class=\"vc_single_image-img attachment-full\" alt=\"\" title=\"Nagy_Ser\" srcset=\"https:\/\/www.vangraaf.com\/hu\/wp-content\/uploads\/sites\/3\/2022\/03\/Nagy.jpg 380w, https:\/\/www.vangraaf.com\/hu\/wp-content\/uploads\/sites\/3\/2022\/03\/Nagy-300x201.jpg 300w\" sizes=\"(max-width: 380px) 100vw, 380px\" \/><\/a><\/div><div class=\"cta-teaser__text\"><h3>Kapcsolat<\/h3><p>K\u00e9rd\u00e9sed van a VAN GRAAF egyik poz\u00edci\u00f3j\u00e1val kapcsolatban? Akkor fordulj k\u00f6zvetlen\u00fcl Kir\u00e1hoz. +36 883 4106<\/p><a class=\"button\" href=\"https:\/\/www.vangraaf.com\/hu\/karrier\/kapcsolat\/\" target=\"_self\" rel=\"\" style=\"\">K\u00fcldj e-mailt<\/a><\/div><\/div>[\/vc_column_inner][vc_column_inner width=&#8221;1\/3&#8243;]<div class=\"vg-element cta-teaser cta-teaser--center\" data-aos=\"fade-up\"><div class=\"cta-teaser__image\"><a class=\"\" href=\"https:\/\/www.vangraaf.com\/hu\/karrier\/rolunk\/juttatasok\/\" target=\"_self\" rel=\"\" style=\"\"><img loading=\"lazy\" decoding=\"async\" width=\"380\" height=\"254\" src=\"https:\/\/www.vangraaf.com\/hu\/wp-content\/uploads\/sites\/3\/2022\/03\/M7_B_Wir_Headerbild_Gruppe_042-1.jpg\" class=\"vc_single_image-img attachment-full\" alt=\"\" title=\"Juttat\u00e1sok_mo\" srcset=\"https:\/\/www.vangraaf.com\/hu\/wp-content\/uploads\/sites\/3\/2022\/03\/M7_B_Wir_Headerbild_Gruppe_042-1.jpg 380w, https:\/\/www.vangraaf.com\/hu\/wp-content\/uploads\/sites\/3\/2022\/03\/M7_B_Wir_Headerbild_Gruppe_042-1-300x201.jpg 300w\" sizes=\"(max-width: 380px) 100vw, 380px\" \/><\/a><\/div><div class=\"cta-teaser__text\"><h3>Juttat\u00e1sok<\/h3><p>Felfedezted m\u00e1r, hogy milyen juttat\u00e1sokkal v\u00e1runk? Tudj meg t\u00f6bbet a VAN GRAAF \u00e1ltal ny\u00fajtott juttat\u00e1sokr\u00f3l.<\/p><a class=\"button\" href=\"https:\/\/www.vangraaf.com\/hu\/karrier\/rolunk\/juttatasok\/\" target=\"_self\" rel=\"\" style=\"\">A juttat\u00e1sokhoz<\/a><\/div><\/div>[\/vc_column_inner][\/vc_row_inner][\/vc_column][\/vc_row]<\/div>","protected":false},"excerpt":{"rendered":"[vc_row bwd_tbc4vd_show_weekday=&#8221;&#8221; full_width=&#8221;stretch_row_content_no_spaces&#8221;][vc_column][vc_column_text]Szeretn\u00e9d a karrieredet a VAN GRAAF munkat\u00e1rsak\u00e9nt kezdeni, de nem hirdett\u00fcnk meg sz\u00e1modra megfelel\u0151 \u00e1ll\u00e1st? Akkor v\u00e1rjuk a spont\u00e1n jelentkez\u00e9sedet! \u00dczleteink v\u00e1ltozatos bel\u00e9p\u0151szint\u0171 ter\u00fcletein tal\u00e1n m\u00e1r holnapt\u00f3l v\u00e1r r\u00e1d egy hozz\u00e1d ill\u0151 kih\u00edv\u00e1s. Kezdj elad\u00f3k\u00e9nt, \u00e9s csillogtasd meg a divatvil\u00e1g trendjeit ismer\u0151 szak\u00e9rtelmedet. Vagy haszn\u00e1ld a kreativit\u00e1sodat \u00e9s a st\u00edlus\u00e9rz\u00e9kedet a visual merchandising [&hellip;]","protected":false},"author":6,"featured_media":0,"parent":6372,"menu_order":0,"comment_status":"closed","ping_status":"closed","template":"","meta":{"_acf_changed":false,"inline_featured_image":false,"footnotes":""},"class_list":["post-6384","page","type-page","status-publish","hentry"],"acf":[],"yoast_head":"<!-- This site is optimized with the Yoast SEO plugin v27.2 - https:\/\/yoast.com\/product\/yoast-seo-wordpress\/ -->\n<title>Spont\u00e1n jelentkez\u00e9s | VAN GRAAF<\/title>\n<meta name=\"description\" content=\"Nem hirdett\u00fcnk meg sz\u00e1modra megfelel\u0151 \u00e1ll\u00e1st? Akkor k\u00fcldd el hozz\u00e1nk spont\u00e1n a jelentkez\u00e9sedet, \u00e9s ind\u00edtsd a karrieredet a VAN GRAAF csapat\u00e1ban!\" \/>\n<meta name=\"robots\" content=\"index, follow, max-snippet:-1, max-image-preview:large, max-video-preview:-1\" \/>\n<link rel=\"canonical\" href=\"https:\/\/www.vangraaf.com\/hu\/karrier\/allas-karrier\/spontan-jelentkezes\/\" \/>\n<meta property=\"og:locale\" content=\"hu_HU\" \/>\n<meta property=\"og:type\" content=\"article\" \/>\n<meta property=\"og:title\" content=\"Spont\u00e1n jelentkez\u00e9s | VAN GRAAF\" \/>\n<meta property=\"og:description\" content=\"Nem hirdett\u00fcnk meg sz\u00e1modra megfelel\u0151 \u00e1ll\u00e1st? Akkor k\u00fcldd el hozz\u00e1nk spont\u00e1n a jelentkez\u00e9sedet, \u00e9s ind\u00edtsd a karrieredet a VAN GRAAF csapat\u00e1ban!\" \/>\n<meta property=\"og:url\" content=\"https:\/\/www.vangraaf.com\/hu\/karrier\/allas-karrier\/spontan-jelentkezes\/\" \/>\n<meta property=\"og:site_name\" content=\"VAN GRAAF Magyarorsz\u00e1g\" \/>\n<meta property=\"article:modified_time\" content=\"2022-07-29T11:03:51+00:00\" \/>\n<meta name=\"twitter:card\" content=\"summary_large_image\" \/>\n<meta name=\"twitter:label1\" content=\"Becs\u00fclt olvas\u00e1si id\u0151\" \/>\n\t<meta name=\"twitter:data1\" content=\"2 perc\" \/>\n<script type=\"application\/ld+json\" class=\"yoast-schema-graph\">{\"@context\":\"https:\/\/schema.org\",\"@graph\":[{\"@type\":\"WebPage\",\"@id\":\"https:\/\/www.vangraaf.com\/hu\/karrier\/allas-karrier\/spontan-jelentkezes\/\",\"url\":\"https:\/\/www.vangraaf.com\/hu\/karrier\/allas-karrier\/spontan-jelentkezes\/\",\"name\":\"Spont\u00e1n jelentkez\u00e9s | VAN GRAAF\",\"isPartOf\":{\"@id\":\"https:\/\/www.vangraaf.com\/hu\/#website\"},\"datePublished\":\"2022-02-15T10:23:20+00:00\",\"dateModified\":\"2022-07-29T11:03:51+00:00\",\"description\":\"Nem hirdett\u00fcnk meg sz\u00e1modra megfelel\u0151 \u00e1ll\u00e1st? Akkor k\u00fcldd el hozz\u00e1nk spont\u00e1n a jelentkez\u00e9sedet, \u00e9s ind\u00edtsd a karrieredet a VAN GRAAF csapat\u00e1ban!\",\"breadcrumb\":{\"@id\":\"https:\/\/www.vangraaf.com\/hu\/karrier\/allas-karrier\/spontan-jelentkezes\/#breadcrumb\"},\"inLanguage\":\"hu\",\"potentialAction\":[{\"@type\":\"ReadAction\",\"target\":[\"https:\/\/www.vangraaf.com\/hu\/karrier\/allas-karrier\/spontan-jelentkezes\/\"]}]},{\"@type\":\"BreadcrumbList\",\"@id\":\"https:\/\/www.vangraaf.com\/hu\/karrier\/allas-karrier\/spontan-jelentkezes\/#breadcrumb\",\"itemListElement\":[{\"@type\":\"ListItem\",\"position\":1,\"name\":\"Home\",\"item\":\"https:\/\/www.vangraaf.com\/hu\/\"},{\"@type\":\"ListItem\",\"position\":2,\"name\":\"Karrier\",\"item\":\"https:\/\/www.vangraaf.com\/hu\/karrier\/\"},{\"@type\":\"ListItem\",\"position\":3,\"name\":\"\u00c1ll\u00e1s &amp; karrier\",\"item\":\"https:\/\/www.vangraaf.com\/hu\/karrier\/allas-karrier\/\"},{\"@type\":\"ListItem\",\"position\":4,\"name\":\"Spont\u00e1n jelentkez\u00e9s\"}]},{\"@type\":\"WebSite\",\"@id\":\"https:\/\/www.vangraaf.com\/hu\/#website\",\"url\":\"https:\/\/www.vangraaf.com\/hu\/\",\"name\":\"VAN GRAAF\",\"description\":\"VAN GRAAF\",\"potentialAction\":[{\"@type\":\"SearchAction\",\"target\":{\"@type\":\"EntryPoint\",\"urlTemplate\":\"https:\/\/www.vangraaf.com\/hu\/?s={search_term_string}\"},\"query-input\":{\"@type\":\"PropertyValueSpecification\",\"valueRequired\":true,\"valueName\":\"search_term_string\"}}],\"inLanguage\":\"hu\"}]}<\/script>\n<!-- \/ Yoast SEO plugin. -->","yoast_head_json":{"title":"Spont\u00e1n jelentkez\u00e9s | VAN GRAAF","description":"Nem hirdett\u00fcnk meg sz\u00e1modra megfelel\u0151 \u00e1ll\u00e1st? Akkor k\u00fcldd el hozz\u00e1nk spont\u00e1n a jelentkez\u00e9sedet, \u00e9s ind\u00edtsd a karrieredet a VAN GRAAF csapat\u00e1ban!","robots":{"index":"index","follow":"follow","max-snippet":"max-snippet:-1","max-image-preview":"max-image-preview:large","max-video-preview":"max-video-preview:-1"},"canonical":"https:\/\/www.vangraaf.com\/hu\/karrier\/allas-karrier\/spontan-jelentkezes\/","og_locale":"hu_HU","og_type":"article","og_title":"Spont\u00e1n jelentkez\u00e9s | VAN GRAAF","og_description":"Nem hirdett\u00fcnk meg sz\u00e1modra megfelel\u0151 \u00e1ll\u00e1st? Akkor k\u00fcldd el hozz\u00e1nk spont\u00e1n a jelentkez\u00e9sedet, \u00e9s ind\u00edtsd a karrieredet a VAN GRAAF csapat\u00e1ban!","og_url":"https:\/\/www.vangraaf.com\/hu\/karrier\/allas-karrier\/spontan-jelentkezes\/","og_site_name":"VAN GRAAF Magyarorsz\u00e1g","article_modified_time":"2022-07-29T11:03:51+00:00","twitter_card":"summary_large_image","twitter_misc":{"Becs\u00fclt olvas\u00e1si id\u0151":"2 perc"},"schema":{"@context":"https:\/\/schema.org","@graph":[{"@type":"WebPage","@id":"https:\/\/www.vangraaf.com\/hu\/karrier\/allas-karrier\/spontan-jelentkezes\/","url":"https:\/\/www.vangraaf.com\/hu\/karrier\/allas-karrier\/spontan-jelentkezes\/","name":"Spont\u00e1n jelentkez\u00e9s | VAN GRAAF","isPartOf":{"@id":"https:\/\/www.vangraaf.com\/hu\/#website"},"datePublished":"2022-02-15T10:23:20+00:00","dateModified":"2022-07-29T11:03:51+00:00","description":"Nem hirdett\u00fcnk meg sz\u00e1modra megfelel\u0151 \u00e1ll\u00e1st? Akkor k\u00fcldd el hozz\u00e1nk spont\u00e1n a jelentkez\u00e9sedet, \u00e9s ind\u00edtsd a karrieredet a VAN GRAAF csapat\u00e1ban!","breadcrumb":{"@id":"https:\/\/www.vangraaf.com\/hu\/karrier\/allas-karrier\/spontan-jelentkezes\/#breadcrumb"},"inLanguage":"hu","potentialAction":[{"@type":"ReadAction","target":["https:\/\/www.vangraaf.com\/hu\/karrier\/allas-karrier\/spontan-jelentkezes\/"]}]},{"@type":"BreadcrumbList","@id":"https:\/\/www.vangraaf.com\/hu\/karrier\/allas-karrier\/spontan-jelentkezes\/#breadcrumb","itemListElement":[{"@type":"ListItem","position":1,"name":"Home","item":"https:\/\/www.vangraaf.com\/hu\/"},{"@type":"ListItem","position":2,"name":"Karrier","item":"https:\/\/www.vangraaf.com\/hu\/karrier\/"},{"@type":"ListItem","position":3,"name":"\u00c1ll\u00e1s &amp; karrier","item":"https:\/\/www.vangraaf.com\/hu\/karrier\/allas-karrier\/"},{"@type":"ListItem","position":4,"name":"Spont\u00e1n jelentkez\u00e9s"}]},{"@type":"WebSite","@id":"https:\/\/www.vangraaf.com\/hu\/#website","url":"https:\/\/www.vangraaf.com\/hu\/","name":"VAN GRAAF","description":"VAN GRAAF","potentialAction":[{"@type":"SearchAction","target":{"@type":"EntryPoint","urlTemplate":"https:\/\/www.vangraaf.com\/hu\/?s={search_term_string}"},"query-input":{"@type":"PropertyValueSpecification","valueRequired":true,"valueName":"search_term_string"}}],"inLanguage":"hu"}]}},"_links":{"self":[{"href":"https:\/\/www.vangraaf.com\/hu\/wp-json\/wp\/v2\/pages\/6384","targetHints":{"allow":["GET"]}}],"collection":[{"href":"https:\/\/www.vangraaf.com\/hu\/wp-json\/wp\/v2\/pages"}],"about":[{"href":"https:\/\/www.vangraaf.com\/hu\/wp-json\/wp\/v2\/types\/page"}],"author":[{"embeddable":true,"href":"https:\/\/www.vangraaf.com\/hu\/wp-json\/wp\/v2\/users\/6"}],"replies":[{"embeddable":true,"href":"https:\/\/www.vangraaf.com\/hu\/wp-json\/wp\/v2\/comments?post=6384"}],"version-history":[{"count":18,"href":"https:\/\/www.vangraaf.com\/hu\/wp-json\/wp\/v2\/pages\/6384\/revisions"}],"predecessor-version":[{"id":7233,"href":"https:\/\/www.vangraaf.com\/hu\/wp-json\/wp\/v2\/pages\/6384\/revisions\/7233"}],"up":[{"embeddable":true,"href":"https:\/\/www.vangraaf.com\/hu\/wp-json\/wp\/v2\/pages\/6372"}],"wp:attachment":[{"href":"https:\/\/www.vangraaf.com\/hu\/wp-json\/wp\/v2\/media?parent=6384"}],"curies":[{"name":"wp","href":"https:\/\/api.w.org\/{rel}","templated":true}]}}