{"id":6382,"date":"2022-02-15T11:23:03","date_gmt":"2022-02-15T10:23:03","guid":{"rendered":"https:\/\/www.vangraaf.com\/hu\/?page_id=6382"},"modified":"2024-01-12T15:03:15","modified_gmt":"2024-01-12T14:03:15","slug":"logisztika-es-muszaki-terulet","status":"publish","type":"page","link":"https:\/\/www.vangraaf.com\/hu\/karrier\/allas-karrier\/logisztika-es-muszaki-terulet\/","title":{"rendered":"Logisztika \u00e9s m\u0171szaki ter\u00fclet"},"content":{"rendered":"<div class=\"wpb-content-wrapper\">[vc_row bwd_tbc4vd_show_weekday=&#8221;&#8221; full_width=&#8221;stretch_row_content_no_spaces&#8221;][vc_column]<div class=\"keyvisual\" data-aos=\"fade-up\" ><img loading=\"lazy\" decoding=\"async\" width=\"1440\" height=\"480\" src=\"https:\/\/www.vangraaf.com\/hu\/wp-content\/uploads\/sites\/3\/2022\/03\/M8_E_VK_Logistik_054.jpg\" class=\"vc_single_image-img\" alt=\"\" srcset=\"https:\/\/www.vangraaf.com\/hu\/wp-content\/uploads\/sites\/3\/2022\/03\/M8_E_VK_Logistik_054.jpg 1440w, https:\/\/www.vangraaf.com\/hu\/wp-content\/uploads\/sites\/3\/2022\/03\/M8_E_VK_Logistik_054-300x100.jpg 300w, https:\/\/www.vangraaf.com\/hu\/wp-content\/uploads\/sites\/3\/2022\/03\/M8_E_VK_Logistik_054-1024x341.jpg 1024w, https:\/\/www.vangraaf.com\/hu\/wp-content\/uploads\/sites\/3\/2022\/03\/M8_E_VK_Logistik_054-768x256.jpg 768w, https:\/\/www.vangraaf.com\/hu\/wp-content\/uploads\/sites\/3\/2022\/03\/M8_E_VK_Logistik_054-1200x400.jpg 1200w, https:\/\/www.vangraaf.com\/hu\/wp-content\/uploads\/sites\/3\/2022\/03\/M8_E_VK_Logistik_054-992x331.jpg 992w, https:\/\/www.vangraaf.com\/hu\/wp-content\/uploads\/sites\/3\/2022\/03\/M8_E_VK_Logistik_054-480x160.jpg 480w, https:\/\/www.vangraaf.com\/hu\/wp-content\/uploads\/sites\/3\/2022\/03\/M8_E_VK_Logistik_054-690x230.jpg 690w\" sizes=\"(max-width: 1440px) 100vw, 1440px\" \/><\/div>\n        <div class=\"headlines headlines--center\" data-aos=\"fade-up\">\n            <div class=\"vc_row\">\n                <div class=\"vc_col-md-10 vc_col-md-offset-1 vc_col-lg-10 vc_col-lg-offset-1\"><span class=\"h6\">Nyitott rakt\u00e1ros \u00e9s h\u00e1ztechnikai poz\u00edci\u00f3k a VAN GRAAF csapat\u00e1ban<\/span><h1 class=\"h2\">Rakt\u00e1ros \u00e9s h\u00e1ztechnikai \u00e1ll\u00e1slehet\u0151s\u00e9gek<\/h1><\/div>\n            <\/div>\n        <\/div>[vc_column_text]\r\n<p style=\"text-align: center\">Fellelkes\u00edtenek a rakt\u00e1ri feladatok? Vagy a m\u0171szaki ter\u00fcleten \u00e9rzed magad igaz\u00e1n elemedben? Jelentkezz hozz\u00e1nk rakt\u00e1ros vagy h\u00e1ztechnikai szakembernek! Mindk\u00e9t szakma izgalmas kih\u00edv\u00e1sokat tartogat sz\u00e1modra, ak\u00e1r beosztottk\u00e9nt, <span class=\"nobr\">ak\u00e1r vezet\u0151k\u00e9nt.<\/span><\/p>\r\n[\/vc_column_text][vc_column_text]\r\n<h3>Rakt\u00e1ros munkat\u00e1rs<\/h3>\r\nA v\u00e1llalati logisztika ter\u00fclet\u00e9n akt\u00edvan hozz\u00e1j\u00e1rulsz a rakt\u00e1ri folyamataink mindennapi siker\u00e9hez. A rakt\u00e1ros \u00e1ll\u00e1s v\u00e1ltozatos tev\u00e9kenys\u00e9gk\u00f6rt foglal mag\u00e1ban. Prec\u00edz \u00e9s szervezett munkav\u00e9gz\u00e9sednek k\u00f6sz\u00f6nhet\u0151en az \u00e1ru a lehet\u0151 leggyorsabban a v\u00e1s\u00e1rl\u00f3ink rendelkez\u00e9s\u00e9re \u00e1ll az \u00fczletekben. Ehhez \u00e1tveszed a lesz\u00e1ll\u00edtott \u00e1rut, \u00e9s \u00f6n\u00e1ll\u00f3an elv\u00e9gzed a k\u00e9szlet- \u00e9s min\u0151s\u00e9gellen\u0151rz\u00e9st. Emellett el\u0151k\u00e9sz\u00edted az \u00e1rut az elad\u00f3t\u00e9rben t\u00f6rt\u00e9n\u0151 kihelyez\u00e9sre, r\u00e9szt veszel a le\u00e9rt\u00e9kel\u00e9sekben \u00e9s gondoskodsz a sz\u00fcks\u00e9ges \u00e1rumozgat\u00e1sr\u00f3l. A rakt\u00e1ros poz\u00edci\u00f3 bet\u00f6lt\u00e9s\u00e9vel az \u00fczlet csapat\u00e1nak igazi t\u00e1masz\u00e1v\u00e1 v\u00e1lsz, k\u00fcl\u00f6n\u00f6sen akkor, mikor az \u00e9rt\u00e9kes\u00edt\u00e9si r\u00e9szlegen \u00e1rufelt\u00f6lt\u00e9sre \u00e9s szort\u00edroz\u00e1sra van sz\u00fcks\u00e9g.[\/vc_column_text][vc_column_text]\r\n<h3>H\u00e1ztechnikus munkat\u00e1rs<\/h3>\r\nA rakt\u00e1ros \u00e1ll\u00e1s nem az egyetlen munkalehet\u0151s\u00e9g\u00fcnk f\u0151v\u00e1rosi \u00fczleteinkben. H\u00e1ztechnikai oszt\u00e1lyunkra szint\u00e9n szakk\u00e9pzett munkaer\u0151t keres\u00fcnk, ahol az \u00e9p\u00fcletg\u00e9p\u00e9szeti rendszereink zavartalan m\u0171k\u00f6d\u00e9s\u00e9nek karbantart\u00e1sa az egyik legf\u0151bb felel\u0151ss\u00e9g. \u00dcgyess\u00e9gednek \u00e9s a hozz\u00e1\u00e9rt\u00e9sednek k\u00f6sz\u00f6nhet\u0151en \u00f6n\u00e1ll\u00f3an \u00e9s kifog\u00e1stalanul elv\u00e9gzed a kisebb jav\u00edt\u00e1si munk\u00e1kat. Nagyobb karbantart\u00e1si \u00e9s \u00e1talak\u00edt\u00e1si ig\u00e9ny eset\u00e9n egymagad koordin\u00e1lod a szerz\u0151dtetett szolg\u00e1ltat\u00f3kat, \u00e9s a magas min\u0151s\u00e9gi k\u00f6vetelm\u00e9nyeket \u00e9rv\u00e9nyes\u00edted az \u00e1tv\u00e9telt megel\u0151z\u0151 tesztek sor\u00e1n.\r\n\r\nIzgalmas \u00e9s kih\u00edv\u00e1sokkal teli munka, nagy szem\u00e9lyes felel\u0151ss\u00e9ggel![\/vc_column_text][vc_column_text]\r\n<h3>Rakt\u00e1r- \u00e9s H\u00e1ztechnikai csoportvezet\u0151<\/h3>\r\nCsoportvezet\u0151k\u00e9nt te felelsz a v\u00e1llalati logisztik\u00e1\u00e9rt \u00e9s az h\u00e1ztechnik\u00e1\u00e9rt, \u00e9s mindk\u00e9t ter\u00fcletet sikeresen ir\u00e1ny\u00edtod. Kifejezetten struktur\u00e1lt munkam\u00f3dszereddel \u00e9s szervez\u0151tehets\u00e9geddel biztos\u00edtod a folyamatok \u00e9s elj\u00e1r\u00e1sok z\u00f6kken\u0151mentes lebonyol\u00edt\u00e1s\u00e1t. Szorosan egy\u00fcttm\u0171k\u00f6dsz a csapatoddal a napi feladatok teljes\u00edt\u00e9se sor\u00e1n. Felismered \u00e9s t\u00e1mogatod a beosztottaidban rejl\u0151 potenci\u00e1lt, \u00e9s k\u00e9pes vagy hossz\u00fa t\u00e1von motiv\u00e1lni a rakt\u00e1ros \u00e9s h\u00e1ztechnikus koll\u00e9g\u00e1kat. Vezet\u0151i k\u00e9pz\u00e9s\u00fcnk r\u00e9szek\u00e9nt professzion\u00e1lis szakmai \u00e9s vezet\u0151i szemin\u00e1riumokkal t\u00e1mogatjuk a <a href=\"https:\/\/www.vangraaf.com\/hu\/karrier\/rolunk\/iszakmai-fejlodes\/\">szem\u00e9lyes fejl\u0151d\u00e9sedet<\/a>.\r\n\r\nK\u00f6z\u00f6s benn\u00fcnk a divat \u00e9s az emberek ir\u00e1nti szenved\u00e9ly. Ez mindennap motiv\u00e1ci\u00f3t biztos\u00edt sz\u00e1munkra. Felkeltett\u00fck az \u00e9rdekl\u0151d\u00e9sedet a rakt\u00e1ros \u00e1ll\u00e1s vagy a h\u00e1ztechnikai poz\u00edci\u00f3 ir\u00e1nt?[\/vc_column_text][vc_column_text]<a class=\"button button--primary\" href=\"https:\/\/www.vangraaf.com\/hu\/karrier\/allas-karrier\/allasajanlatok\/\">Jelentkezz most<\/a>[\/vc_column_text][vc_column_text]A rakt\u00e1ros \u00e1ll\u00e1s Budapest ter\u00fclet\u00e9n v\u00e1rja jelentkez\u0151it, csak\u00fagy, mint a h\u00e1ztechnikai poz\u00edci\u00f3. Szeretn\u00e9l a VAN GRAAF csapat\u00e1ban dolgozni, de nem hirdett\u00fcnk meg sz\u00e1modra megfelel\u0151 lehet\u0151s\u00e9get? Akkor k\u00fcldd el hozz\u00e1nk a <a href=\"https:\/\/www.vangraaf.com\/hu\/karrier\/allas-karrier\/spontan-jelentkezes\/\">spont\u00e1n jelentkez\u00e9sedet<\/a>! A r\u00e1d szabott kih\u00edv\u00e1s ak\u00e1r m\u00e1r holnap v\u00e1rhat r\u00e1d az \u00fczleteinkben.[\/vc_column_text][\/vc_column][\/vc_row][vc_row bwd_tbc4vd_show_weekday=&#8221;&#8221; full_width=&#8221;stretch_row_content_no_spaces&#8221;][vc_column]<div class=\"people-story-slider people-story-slider--dark\" style=\"--season-color: #ededed\" data-aos=\"fade-up\"><div class=\"content_wrap\"><div class=\"people-story-slider__slider js-people-story-slider\"><div class=\"people-story-slider__slider__item\"><div class=\"vc_row vc_row-flex\"><div class=\"vc_col-sm-6 people-story-slider__slider__item__image-wrap\"><img loading=\"lazy\" decoding=\"async\" width=\"768\" height=\"1022\" src=\"https:\/\/www.vangraaf.com\/hu\/wp-content\/uploads\/sites\/3\/2022\/03\/M8_A_VK_Logistik_024_VG.jpg\" class=\"attachment-full\" alt=\"\" title=\"Bels\u0151s logisztikai munkat\u00e1rs\" srcset=\"https:\/\/www.vangraaf.com\/hu\/wp-content\/uploads\/sites\/3\/2022\/03\/M8_A_VK_Logistik_024_VG.jpg 768w, https:\/\/www.vangraaf.com\/hu\/wp-content\/uploads\/sites\/3\/2022\/03\/M8_A_VK_Logistik_024_VG-225x300.jpg 225w, https:\/\/www.vangraaf.com\/hu\/wp-content\/uploads\/sites\/3\/2022\/03\/M8_A_VK_Logistik_024_VG-480x639.jpg 480w, https:\/\/www.vangraaf.com\/hu\/wp-content\/uploads\/sites\/3\/2022\/03\/M8_A_VK_Logistik_024_VG-690x918.jpg 690w\" sizes=\"(max-width: 768px) 100vw, 768px\" \/><\/div><div class=\"vc_col-sm-6 vc_col-md-4 vc_col-md-offset-1 people-story-slider__slider__item__content-wrap\"><div class=\"people-story-slider__slider__item__content\"><span class=\"h4\">G\u00e1bor, Bels\u0151s logisztikai munkat\u00e1rs<\/span><p>A divatkereskedelemben a bels\u0151 logisztika rendk\u00edv\u00fcl v\u00e1ltozatos munka. Nemcsak az \u00e1ruforgalom sikeres lebonyol\u00edt\u00e1s\u00e1\u00e9rt vagyok felel\u0151s az \u00fczletben, de az \u00e1ru min\u0151s\u00e9g\u00e9nek ellen\u0151rz\u00e9se is az \u00e9n feladatom. Csapatk\u00e9nt nagyon j\u00f3l kell dolgoznunk ahhoz, hogy a v\u00e1s\u00e1rl\u00f3i \u00e9lm\u00e9ny zavartalan legyen az \u00fczletben. <\/p>\n<div class=\"people-story-slider__slider__item__pagination\"><button class=\"slick-prev slick-arrow\" aria-label=\"El\u0151z\u0151\" type=\"button\">El\u0151z\u0151<\/button><button class=\"slick-next slick-arrow\" aria-label=\"K\u00f6vetkez\u0151\" type=\"button\">K\u00f6vetkez\u0151<\/button><\/div><\/div><\/div><\/div><\/div><div class=\"people-story-slider__slider__item\"><div class=\"vc_row vc_row-flex\"><div class=\"vc_col-sm-6 people-story-slider__slider__item__image-wrap\"><img loading=\"lazy\" decoding=\"async\" width=\"768\" height=\"1022\" src=\"https:\/\/www.vangraaf.com\/hu\/wp-content\/uploads\/sites\/3\/2022\/03\/M8_B_VK_Logistik_017_VG.jpg\" class=\"attachment-full\" alt=\"\" title=\"Logisztikai \u00e9s m\u0171szaki csoportvezet\u0151\" srcset=\"https:\/\/www.vangraaf.com\/hu\/wp-content\/uploads\/sites\/3\/2022\/03\/M8_B_VK_Logistik_017_VG.jpg 768w, https:\/\/www.vangraaf.com\/hu\/wp-content\/uploads\/sites\/3\/2022\/03\/M8_B_VK_Logistik_017_VG-225x300.jpg 225w, https:\/\/www.vangraaf.com\/hu\/wp-content\/uploads\/sites\/3\/2022\/03\/M8_B_VK_Logistik_017_VG-480x639.jpg 480w, https:\/\/www.vangraaf.com\/hu\/wp-content\/uploads\/sites\/3\/2022\/03\/M8_B_VK_Logistik_017_VG-690x918.jpg 690w\" sizes=\"(max-width: 768px) 100vw, 768px\" \/><\/div><div class=\"vc_col-sm-6 vc_col-md-4 vc_col-md-offset-1 people-story-slider__slider__item__content-wrap\"><div class=\"people-story-slider__slider__item__content\"><span class=\"h4\">Krisztina, Logisztikai \u00e9s m\u0171szaki csoportvezet\u0151<\/span><p>A h\u00e1zon bel\u00fcli logisztikai \u00e9s \u00e9p\u00fcletg\u00e9p\u00e9szeti feladatok el\u00e9gg\u00e9 szerte\u00e1gaz\u00f3ak. Ez\u00e9rt a struktur\u00e1lt egy\u00fcttm\u0171k\u00f6d\u00e9s nagyon fontos a csapatunkban. Mindenkinek \u00f6ssze kell dolgoznia, hogy az \u00fczletben zajl\u00f3 sz\u00e1mos folyamat z\u00f6kken\u0151mentesen m\u0171k\u00f6dj\u00f6n. Vezet\u0151k\u00e9nt ez nagyszer\u0171 tapasztalatot jelent. <\/p>\n<div class=\"people-story-slider__slider__item__pagination\"><button class=\"slick-prev slick-arrow\" aria-label=\"El\u0151z\u0151\" type=\"button\">El\u0151z\u0151<\/button><button class=\"slick-next slick-arrow\" aria-label=\"K\u00f6vetkez\u0151\" type=\"button\">K\u00f6vetkez\u0151<\/button><\/div><\/div><\/div><\/div><\/div><\/div><div class=\"people-story-slider__pagination\"><button class=\"slick-prev slick-arrow\" aria-label=\"El\u0151z\u0151\" type=\"button\">El\u0151z\u0151<\/button><button class=\"slick-next slick-arrow\" aria-label=\"K\u00f6vetkez\u0151\" type=\"button\">K\u00f6vetkez\u0151<\/button><\/div><\/div><\/div>[\/vc_column][\/vc_row][vc_row bwd_tbc4vd_show_weekday=&#8221;&#8221; full_width=&#8221;stretch_row_content_no_spaces&#8221;][vc_column]\n        <div class=\"headlines headlines--center\" data-aos=\"fade-up\">\n            <div class=\"vc_row\">\n                <div class=\"vc_col-md-10 vc_col-md-offset-1 vc_col-lg-10 vc_col-lg-offset-1\"><h2 class=\"h2\">Karrierkezd\u00e9s a VAN GRAAF csapat\u00e1ban<\/h2><\/div>\n            <\/div>\n        <\/div>[vc_row_inner bwd_tbc4vd_show_weekday=&#8221;&#8221; row_design=&#8221;row_square_background&#8221;][vc_column_inner width=&#8221;1\/3&#8243;]<div class=\"vg-element cta-teaser cta-teaser--center\" data-aos=\"fade-up\"><div class=\"cta-teaser__image\"><a class=\"\" href=\"https:\/\/www.vangraaf.com\/hu\/karrier\/rolunk\/juttatasok\/\" target=\"_self\" rel=\"\" style=\"\"><img loading=\"lazy\" decoding=\"async\" width=\"380\" height=\"254\" src=\"https:\/\/www.vangraaf.com\/hu\/wp-content\/uploads\/sites\/3\/2022\/03\/M7_B_Wir_Headerbild_Gruppe_042-1.jpg\" class=\"vc_single_image-img attachment-full\" alt=\"\" title=\"Juttat\u00e1sok_mo\" srcset=\"https:\/\/www.vangraaf.com\/hu\/wp-content\/uploads\/sites\/3\/2022\/03\/M7_B_Wir_Headerbild_Gruppe_042-1.jpg 380w, https:\/\/www.vangraaf.com\/hu\/wp-content\/uploads\/sites\/3\/2022\/03\/M7_B_Wir_Headerbild_Gruppe_042-1-300x201.jpg 300w\" sizes=\"(max-width: 380px) 100vw, 380px\" \/><\/a><\/div><div class=\"cta-teaser__text\"><h3>Juttat\u00e1sok<\/h3><p>Felfedezted m\u00e1r, hogy milyen juttat\u00e1sokkal v\u00e1runk? Tudj meg t\u00f6bbet a VAN GRAAF \u00e1ltal ny\u00fajtott juttat\u00e1sokr\u00f3l.<\/p><a class=\"button\" href=\"https:\/\/www.vangraaf.com\/hu\/karrier\/rolunk\/juttatasok\/\" target=\"_self\" rel=\"\" style=\"\">A juttat\u00e1sokhoz<\/a><\/div><\/div>[\/vc_column_inner][vc_column_inner width=&#8221;1\/3&#8243;]<div class=\"vg-element cta-teaser cta-teaser--center\" data-aos=\"fade-up\"><div class=\"cta-teaser__image\"><a class=\"\" href=\"https:\/\/www.vangraaf.com\/hu\/karrier\/kapcsolat\/\" target=\"_self\" rel=\"\" style=\"\"><img loading=\"lazy\" decoding=\"async\" width=\"380\" height=\"254\" src=\"https:\/\/www.vangraaf.com\/hu\/wp-content\/uploads\/sites\/3\/2022\/03\/Nagy.jpg\" class=\"vc_single_image-img attachment-full\" alt=\"\" title=\"Nagy_Ser\" srcset=\"https:\/\/www.vangraaf.com\/hu\/wp-content\/uploads\/sites\/3\/2022\/03\/Nagy.jpg 380w, https:\/\/www.vangraaf.com\/hu\/wp-content\/uploads\/sites\/3\/2022\/03\/Nagy-300x201.jpg 300w\" sizes=\"(max-width: 380px) 100vw, 380px\" \/><\/a><\/div><div class=\"cta-teaser__text\"><h3>Kapcsolat<\/h3><p>K\u00e9rd\u00e9sed van a VAN GRAAF egyik poz\u00edci\u00f3j\u00e1val kapcsolatban? Akkor fordulj k\u00f6zvetlen\u00fcl Kir\u00e1hoz. +36 30 660 3813<\/p><a class=\"button\" href=\"https:\/\/www.vangraaf.com\/hu\/karrier\/kapcsolat\/\" target=\"_self\" rel=\"\" style=\"\">K\u00fcldj e-mailt<\/a><\/div><\/div>[\/vc_column_inner][vc_column_inner width=&#8221;1\/3&#8243;]<div class=\"vg-element cta-teaser cta-teaser--center\" data-aos=\"fade-up\"><div class=\"cta-teaser__image\"><a class=\"\" href=\"https:\/\/www.vangraaf.com\/hu\/karrier\/rolunk\/iszakmai-fejlodes\/\" target=\"_self\" rel=\"\" style=\"\"><img loading=\"lazy\" decoding=\"async\" width=\"380\" height=\"254\" src=\"https:\/\/www.vangraaf.com\/hu\/wp-content\/uploads\/sites\/3\/2022\/03\/M7_D_Wir_Headerbild_Gruppe_030-2.jpg\" class=\"vc_single_image-img attachment-full\" alt=\"\" title=\"R\u00f3lunk_ser\" srcset=\"https:\/\/www.vangraaf.com\/hu\/wp-content\/uploads\/sites\/3\/2022\/03\/M7_D_Wir_Headerbild_Gruppe_030-2.jpg 380w, https:\/\/www.vangraaf.com\/hu\/wp-content\/uploads\/sites\/3\/2022\/03\/M7_D_Wir_Headerbild_Gruppe_030-2-300x201.jpg 300w\" sizes=\"(max-width: 380px) 100vw, 380px\" \/><\/a><\/div><div class=\"cta-teaser__text\"><h3>Fejl\u0151d\u00e9s<\/h3><p>A tanul\u00e1s soha nem megy ki a divatb\u00f3l! K\u00e9pz\u00e9seinkkel \u00e9s programjainkkal felk\u00e9sz\u00edt\u00fcnk a VAN GRAAF-fal k\u00f6z\u00f6s j\u00f6v\u0151re.<\/p><a class=\"button\" href=\"https:\/\/www.vangraaf.com\/hu\/karrier\/rolunk\/iszakmai-fejlodes\/\" target=\"_self\" rel=\"\" style=\"\">Tudj meg t\u00f6bbet<\/a><\/div><\/div>[\/vc_column_inner][\/vc_row_inner][\/vc_column][\/vc_row]<\/div>","protected":false},"excerpt":{"rendered":"[vc_row bwd_tbc4vd_show_weekday=&#8221;&#8221; full_width=&#8221;stretch_row_content_no_spaces&#8221;][vc_column][vc_column_text] Fellelkes\u00edtenek a rakt\u00e1ri feladatok? Vagy a m\u0171szaki ter\u00fcleten \u00e9rzed magad igaz\u00e1n elemedben? Jelentkezz hozz\u00e1nk rakt\u00e1ros vagy h\u00e1ztechnikai szakembernek! Mindk\u00e9t szakma izgalmas kih\u00edv\u00e1sokat tartogat sz\u00e1modra, ak\u00e1r beosztottk\u00e9nt, ak\u00e1r vezet\u0151k\u00e9nt. [\/vc_column_text][vc_column_text] Rakt\u00e1ros munkat\u00e1rs A v\u00e1llalati logisztika ter\u00fclet\u00e9n akt\u00edvan hozz\u00e1j\u00e1rulsz a rakt\u00e1ri folyamataink mindennapi siker\u00e9hez. A rakt\u00e1ros \u00e1ll\u00e1s v\u00e1ltozatos tev\u00e9kenys\u00e9gk\u00f6rt foglal mag\u00e1ban. Prec\u00edz \u00e9s szervezett [&hellip;]","protected":false},"author":6,"featured_media":0,"parent":6372,"menu_order":0,"comment_status":"closed","ping_status":"closed","template":"","meta":{"_acf_changed":false,"inline_featured_image":false,"footnotes":""},"class_list":["post-6382","page","type-page","status-publish","hentry"],"acf":[],"yoast_head":"<!-- This site is optimized with the Yoast SEO plugin v27.2 - https:\/\/yoast.com\/product\/yoast-seo-wordpress\/ -->\n<title>Rakt\u00e1ros \u00e9s h\u00e1ztechnikai \u00e1ll\u00e1sok a VAN GRAAF csapat\u00e1ban<\/title>\n<meta name=\"description\" content=\"Rakt\u00e1ros \u00e9s h\u00e1ztechnikai tapasztalattal rendelkez\u0151 szakemberek jelentkez\u00e9s\u00e9t v\u00e1rjuk csapatunkba, ahol v\u00e1ltozatos feladatok \u00e9s fejl\u0151d\u00e9si lehet\u0151s\u00e9gek v\u00e1rnak\" \/>\n<meta name=\"robots\" content=\"index, follow, max-snippet:-1, max-image-preview:large, max-video-preview:-1\" \/>\n<link rel=\"canonical\" href=\"https:\/\/www.vangraaf.com\/hu\/karrier\/allas-karrier\/logisztika-es-muszaki-terulet\/\" \/>\n<meta property=\"og:locale\" content=\"hu_HU\" \/>\n<meta property=\"og:type\" content=\"article\" \/>\n<meta property=\"og:title\" content=\"Rakt\u00e1ros \u00e9s h\u00e1ztechnikai \u00e1ll\u00e1sok a VAN GRAAF csapat\u00e1ban\" \/>\n<meta property=\"og:description\" content=\"Rakt\u00e1ros \u00e9s h\u00e1ztechnikai tapasztalattal rendelkez\u0151 szakemberek jelentkez\u00e9s\u00e9t v\u00e1rjuk csapatunkba, ahol v\u00e1ltozatos feladatok \u00e9s fejl\u0151d\u00e9si lehet\u0151s\u00e9gek v\u00e1rnak\" \/>\n<meta property=\"og:url\" content=\"https:\/\/www.vangraaf.com\/hu\/karrier\/allas-karrier\/logisztika-es-muszaki-terulet\/\" \/>\n<meta property=\"og:site_name\" content=\"VAN GRAAF Magyarorsz\u00e1g\" \/>\n<meta property=\"article:modified_time\" content=\"2024-01-12T14:03:15+00:00\" \/>\n<meta name=\"twitter:card\" content=\"summary_large_image\" \/>\n<meta name=\"twitter:label1\" content=\"Becs\u00fclt olvas\u00e1si id\u0151\" \/>\n\t<meta name=\"twitter:data1\" content=\"3 perc\" \/>\n<script type=\"application\/ld+json\" class=\"yoast-schema-graph\">{\"@context\":\"https:\/\/schema.org\",\"@graph\":[{\"@type\":\"WebPage\",\"@id\":\"https:\/\/www.vangraaf.com\/hu\/karrier\/allas-karrier\/logisztika-es-muszaki-terulet\/\",\"url\":\"https:\/\/www.vangraaf.com\/hu\/karrier\/allas-karrier\/logisztika-es-muszaki-terulet\/\",\"name\":\"Rakt\u00e1ros \u00e9s h\u00e1ztechnikai \u00e1ll\u00e1sok a VAN GRAAF csapat\u00e1ban\",\"isPartOf\":{\"@id\":\"https:\/\/www.vangraaf.com\/hu\/#website\"},\"datePublished\":\"2022-02-15T10:23:03+00:00\",\"dateModified\":\"2024-01-12T14:03:15+00:00\",\"description\":\"Rakt\u00e1ros \u00e9s h\u00e1ztechnikai tapasztalattal rendelkez\u0151 szakemberek jelentkez\u00e9s\u00e9t v\u00e1rjuk csapatunkba, ahol v\u00e1ltozatos feladatok \u00e9s fejl\u0151d\u00e9si lehet\u0151s\u00e9gek v\u00e1rnak\",\"breadcrumb\":{\"@id\":\"https:\/\/www.vangraaf.com\/hu\/karrier\/allas-karrier\/logisztika-es-muszaki-terulet\/#breadcrumb\"},\"inLanguage\":\"hu\",\"potentialAction\":[{\"@type\":\"ReadAction\",\"target\":[\"https:\/\/www.vangraaf.com\/hu\/karrier\/allas-karrier\/logisztika-es-muszaki-terulet\/\"]}]},{\"@type\":\"BreadcrumbList\",\"@id\":\"https:\/\/www.vangraaf.com\/hu\/karrier\/allas-karrier\/logisztika-es-muszaki-terulet\/#breadcrumb\",\"itemListElement\":[{\"@type\":\"ListItem\",\"position\":1,\"name\":\"Home\",\"item\":\"https:\/\/www.vangraaf.com\/hu\/\"},{\"@type\":\"ListItem\",\"position\":2,\"name\":\"Karrier\",\"item\":\"https:\/\/www.vangraaf.com\/hu\/karrier\/\"},{\"@type\":\"ListItem\",\"position\":3,\"name\":\"\u00c1ll\u00e1s &amp; karrier\",\"item\":\"https:\/\/www.vangraaf.com\/hu\/karrier\/allas-karrier\/\"},{\"@type\":\"ListItem\",\"position\":4,\"name\":\"Logisztika \u00e9s m\u0171szaki ter\u00fclet\"}]},{\"@type\":\"WebSite\",\"@id\":\"https:\/\/www.vangraaf.com\/hu\/#website\",\"url\":\"https:\/\/www.vangraaf.com\/hu\/\",\"name\":\"VAN GRAAF\",\"description\":\"VAN GRAAF\",\"potentialAction\":[{\"@type\":\"SearchAction\",\"target\":{\"@type\":\"EntryPoint\",\"urlTemplate\":\"https:\/\/www.vangraaf.com\/hu\/?s={search_term_string}\"},\"query-input\":{\"@type\":\"PropertyValueSpecification\",\"valueRequired\":true,\"valueName\":\"search_term_string\"}}],\"inLanguage\":\"hu\"}]}<\/script>\n<!-- \/ Yoast SEO plugin. -->","yoast_head_json":{"title":"Rakt\u00e1ros \u00e9s h\u00e1ztechnikai \u00e1ll\u00e1sok a VAN GRAAF csapat\u00e1ban","description":"Rakt\u00e1ros \u00e9s h\u00e1ztechnikai tapasztalattal rendelkez\u0151 szakemberek jelentkez\u00e9s\u00e9t v\u00e1rjuk csapatunkba, ahol v\u00e1ltozatos feladatok \u00e9s fejl\u0151d\u00e9si lehet\u0151s\u00e9gek v\u00e1rnak","robots":{"index":"index","follow":"follow","max-snippet":"max-snippet:-1","max-image-preview":"max-image-preview:large","max-video-preview":"max-video-preview:-1"},"canonical":"https:\/\/www.vangraaf.com\/hu\/karrier\/allas-karrier\/logisztika-es-muszaki-terulet\/","og_locale":"hu_HU","og_type":"article","og_title":"Rakt\u00e1ros \u00e9s h\u00e1ztechnikai \u00e1ll\u00e1sok a VAN GRAAF csapat\u00e1ban","og_description":"Rakt\u00e1ros \u00e9s h\u00e1ztechnikai tapasztalattal rendelkez\u0151 szakemberek jelentkez\u00e9s\u00e9t v\u00e1rjuk csapatunkba, ahol v\u00e1ltozatos feladatok \u00e9s fejl\u0151d\u00e9si lehet\u0151s\u00e9gek v\u00e1rnak","og_url":"https:\/\/www.vangraaf.com\/hu\/karrier\/allas-karrier\/logisztika-es-muszaki-terulet\/","og_site_name":"VAN GRAAF Magyarorsz\u00e1g","article_modified_time":"2024-01-12T14:03:15+00:00","twitter_card":"summary_large_image","twitter_misc":{"Becs\u00fclt olvas\u00e1si id\u0151":"3 perc"},"schema":{"@context":"https:\/\/schema.org","@graph":[{"@type":"WebPage","@id":"https:\/\/www.vangraaf.com\/hu\/karrier\/allas-karrier\/logisztika-es-muszaki-terulet\/","url":"https:\/\/www.vangraaf.com\/hu\/karrier\/allas-karrier\/logisztika-es-muszaki-terulet\/","name":"Rakt\u00e1ros \u00e9s h\u00e1ztechnikai \u00e1ll\u00e1sok a VAN GRAAF csapat\u00e1ban","isPartOf":{"@id":"https:\/\/www.vangraaf.com\/hu\/#website"},"datePublished":"2022-02-15T10:23:03+00:00","dateModified":"2024-01-12T14:03:15+00:00","description":"Rakt\u00e1ros \u00e9s h\u00e1ztechnikai tapasztalattal rendelkez\u0151 szakemberek jelentkez\u00e9s\u00e9t v\u00e1rjuk csapatunkba, ahol v\u00e1ltozatos feladatok \u00e9s fejl\u0151d\u00e9si lehet\u0151s\u00e9gek v\u00e1rnak","breadcrumb":{"@id":"https:\/\/www.vangraaf.com\/hu\/karrier\/allas-karrier\/logisztika-es-muszaki-terulet\/#breadcrumb"},"inLanguage":"hu","potentialAction":[{"@type":"ReadAction","target":["https:\/\/www.vangraaf.com\/hu\/karrier\/allas-karrier\/logisztika-es-muszaki-terulet\/"]}]},{"@type":"BreadcrumbList","@id":"https:\/\/www.vangraaf.com\/hu\/karrier\/allas-karrier\/logisztika-es-muszaki-terulet\/#breadcrumb","itemListElement":[{"@type":"ListItem","position":1,"name":"Home","item":"https:\/\/www.vangraaf.com\/hu\/"},{"@type":"ListItem","position":2,"name":"Karrier","item":"https:\/\/www.vangraaf.com\/hu\/karrier\/"},{"@type":"ListItem","position":3,"name":"\u00c1ll\u00e1s &amp; karrier","item":"https:\/\/www.vangraaf.com\/hu\/karrier\/allas-karrier\/"},{"@type":"ListItem","position":4,"name":"Logisztika \u00e9s m\u0171szaki ter\u00fclet"}]},{"@type":"WebSite","@id":"https:\/\/www.vangraaf.com\/hu\/#website","url":"https:\/\/www.vangraaf.com\/hu\/","name":"VAN GRAAF","description":"VAN GRAAF","potentialAction":[{"@type":"SearchAction","target":{"@type":"EntryPoint","urlTemplate":"https:\/\/www.vangraaf.com\/hu\/?s={search_term_string}"},"query-input":{"@type":"PropertyValueSpecification","valueRequired":true,"valueName":"search_term_string"}}],"inLanguage":"hu"}]}},"_links":{"self":[{"href":"https:\/\/www.vangraaf.com\/hu\/wp-json\/wp\/v2\/pages\/6382","targetHints":{"allow":["GET"]}}],"collection":[{"href":"https:\/\/www.vangraaf.com\/hu\/wp-json\/wp\/v2\/pages"}],"about":[{"href":"https:\/\/www.vangraaf.com\/hu\/wp-json\/wp\/v2\/types\/page"}],"author":[{"embeddable":true,"href":"https:\/\/www.vangraaf.com\/hu\/wp-json\/wp\/v2\/users\/6"}],"replies":[{"embeddable":true,"href":"https:\/\/www.vangraaf.com\/hu\/wp-json\/wp\/v2\/comments?post=6382"}],"version-history":[{"count":15,"href":"https:\/\/www.vangraaf.com\/hu\/wp-json\/wp\/v2\/pages\/6382\/revisions"}],"predecessor-version":[{"id":7919,"href":"https:\/\/www.vangraaf.com\/hu\/wp-json\/wp\/v2\/pages\/6382\/revisions\/7919"}],"up":[{"embeddable":true,"href":"https:\/\/www.vangraaf.com\/hu\/wp-json\/wp\/v2\/pages\/6372"}],"wp:attachment":[{"href":"https:\/\/www.vangraaf.com\/hu\/wp-json\/wp\/v2\/media?parent=6382"}],"curies":[{"name":"wp","href":"https:\/\/api.w.org\/{rel}","templated":true}]}}