{"id":6380,"date":"2022-02-15T11:22:47","date_gmt":"2022-02-15T10:22:47","guid":{"rendered":"https:\/\/www.vangraaf.com\/hu\/?page_id=6380"},"modified":"2024-01-12T15:03:44","modified_gmt":"2024-01-12T14:03:44","slug":"visual-merchandising","status":"publish","type":"page","link":"https:\/\/www.vangraaf.com\/hu\/karrier\/allas-karrier\/visual-merchandising\/","title":{"rendered":"Visual Merchandising"},"content":{"rendered":"<div class=\"wpb-content-wrapper\">[vc_row bwd_tbc4vd_show_weekday=&#8221;&#8221; full_width=&#8221;stretch_row_content_no_spaces&#8221;][vc_column]<div class=\"keyvisual\" data-aos=\"fade-up\" ><img loading=\"lazy\" decoding=\"async\" width=\"1440\" height=\"480\" src=\"https:\/\/www.vangraaf.com\/hu\/wp-content\/uploads\/sites\/3\/2022\/03\/M4_C_Berufserfahrene_083.jpg\" class=\"vc_single_image-img\" alt=\"\" srcset=\"https:\/\/www.vangraaf.com\/hu\/wp-content\/uploads\/sites\/3\/2022\/03\/M4_C_Berufserfahrene_083.jpg 1440w, https:\/\/www.vangraaf.com\/hu\/wp-content\/uploads\/sites\/3\/2022\/03\/M4_C_Berufserfahrene_083-300x100.jpg 300w, https:\/\/www.vangraaf.com\/hu\/wp-content\/uploads\/sites\/3\/2022\/03\/M4_C_Berufserfahrene_083-1024x341.jpg 1024w, https:\/\/www.vangraaf.com\/hu\/wp-content\/uploads\/sites\/3\/2022\/03\/M4_C_Berufserfahrene_083-768x256.jpg 768w, https:\/\/www.vangraaf.com\/hu\/wp-content\/uploads\/sites\/3\/2022\/03\/M4_C_Berufserfahrene_083-1200x400.jpg 1200w, https:\/\/www.vangraaf.com\/hu\/wp-content\/uploads\/sites\/3\/2022\/03\/M4_C_Berufserfahrene_083-992x331.jpg 992w, https:\/\/www.vangraaf.com\/hu\/wp-content\/uploads\/sites\/3\/2022\/03\/M4_C_Berufserfahrene_083-480x160.jpg 480w, https:\/\/www.vangraaf.com\/hu\/wp-content\/uploads\/sites\/3\/2022\/03\/M4_C_Berufserfahrene_083-690x230.jpg 690w\" sizes=\"(max-width: 1440px) 100vw, 1440px\" \/><\/div>\n        <div class=\"headlines headlines--center\" data-aos=\"fade-up\">\n            <div class=\"vc_row\">\n                <div class=\"vc_col-md-10 vc_col-md-offset-1 vc_col-lg-10 vc_col-lg-offset-1\"><span class=\"h6\">Teremts leny\u0171g\u00f6z\u0151 \u00fczletbels\u0151ket<\/span><h1 class=\"h2\">Visual Merchandising<\/h1><\/div>\n            <\/div>\n        <\/div>[vc_column_text]\r\n<h3>Visual merchandise<\/h3>\r\nKit\u0171n\u0151 st\u00edlus\u00e9rz\u00e9kkel \u00e1ll\u00edtod ki a ruh\u00e1kat, inspir\u00e1l\u00f3 \u00e9s kreat\u00edv dekor\u00e1ci\u00f3kkal ala-k\u00edtod ki a kirakatokat \u00e9s az \u00fczletek elad\u00f3tereit. A szak\u00e9rtelmeddel t\u00e1mogatod a csapatodat az \u00e1ruk vonz\u00f3 elrendez\u00e9s\u00e9ben, \u00e9s leny\u0171g\u00f6z\u0151 \u00e9lm\u00e9nyvil\u00e1got teremtesz a v\u00e1s\u00e1rl\u00f3ink sz\u00e1m\u00e1ra. A saj\u00e1t fejleszt\u00e9s\u0171 \u00e9s a meghat\u00e1rozott koncepci\u00f3k megval\u00f3s\u00edt\u00e1sa sor\u00e1n kihaszn\u00e1lod sz\u00e1rnyal\u00f3 kreativit\u00e1sodat \u00e9s megb\u00edzhat\u00f3 k\u00e9z\u00fcgyess\u00e9gedet.[\/vc_column_text][vc_column_text]\r\n<h3>Visual merchandising vezet\u0151<\/h3>\r\nA visual merchandising ter\u00fclet\u00e9n szerzett tapasztalaid \u00e9s \u00e9rt\u00e9kes\u00edt\u00e9si tud\u00e1sod r\u00e9-v\u00e9n a VAN GRAAF visual merchandising csoportj\u00e1nak vezet\u0151je lehetsz. Kreat\u00edv \u00f6tleteket val\u00f3s\u00edtasz meg a csapatoddal, \u00e9s inspir\u00e1l\u00f3 \u00fczlettereket alak\u00edtasz ki a felejthetetlen v\u00e1s\u00e1rl\u00f3i \u00e9lm\u00e9ny \u00e9rdek\u00e9ben. A visual merchandising ir\u00e1nt \u00e9rzett szenved\u00e9lyedet \u00e1tadod a csapatodnak is, \u00e9s a benn\u00fck rejl\u0151 potenci\u00e1lt nemcsak felismered, de egy\u00e9nenk\u00e9nt fejleszted is. Leadership Training programunk kere-t\u00e9ben szakmai \u00e9s vezet\u0151i szemin\u00e1riumokkal t\u00e1mogatjuk a szem\u00e9lyes <a href=\"https:\/\/www.vangraaf.com\/hu\/karrier\/rolunk\/iszakmai-fejlodes\/\">fejl\u0151d\u00e9sede<\/a>.\r\n\r\n\u00d6sszek\u00f6t minket a divat \u00e9s az emberek ir\u00e1nti szenved\u00e9ly. Ez minden nap lel-kesed\u00e9ssel t\u00f6lt el benn\u00fcnket. Felkeltett\u00fck az \u00e9rdekl\u0151d\u00e9sedet?\r\n\r\n<a class=\"button button--primary\" href=\"https:\/\/www.vangraaf.com\/hu\/karrier\/allas-karrier\/allasajanlatok\/\">Jelentkezz Most<\/a>\r\n\r\nSzeretn\u00e9d a karrieredet a VAN GRAAF munkat\u00e1rsak\u00e9nt kezdeni, de nem hirdett-\u00fcnk meg sz\u00e1modra megfelel\u0151 \u00e1ll\u00e1st? Akkor k\u00fcldd el nek\u00fcnk a <a href=\"https:\/\/www.vangraaf.com\/hu\/karrier\/allas-karrier\/spontan-jelentkezes\/\">spont\u00e1n jelent-kez\u00e9sedet<\/a>! \u00dczleteink v\u00e1ltozatos bel\u00e9p\u0151szint\u0171 ter\u00fcletein tal\u00e1n m\u00e1r holnapt\u00f3l v\u00e1r r\u00e1d egy hozz\u00e1d ill\u0151 kih\u00edv\u00e1s.[\/vc_column_text][\/vc_column][\/vc_row][vc_row bwd_tbc4vd_show_weekday=&#8221;&#8221; full_width=&#8221;stretch_row_content_no_spaces&#8221;][vc_column]<div class=\"people-story-slider people-story-slider--dark\" style=\"--season-color: #ededed\" data-aos=\"fade-up\"><div class=\"content_wrap\"><div class=\"people-story-slider__slider js-people-story-slider\"><div class=\"people-story-slider__slider__item\"><div class=\"vc_row vc_row-flex\"><div class=\"vc_col-sm-6 people-story-slider__slider__item__image-wrap\"><img loading=\"lazy\" decoding=\"async\" width=\"768\" height=\"1022\" src=\"https:\/\/www.vangraaf.com\/hu\/wp-content\/uploads\/sites\/3\/2022\/03\/M10_D_Portraits_Buero_056.jpg\" class=\"attachment-full\" alt=\"\" title=\"Vizu\u00e1lis merchandiser\" srcset=\"https:\/\/www.vangraaf.com\/hu\/wp-content\/uploads\/sites\/3\/2022\/03\/M10_D_Portraits_Buero_056.jpg 768w, https:\/\/www.vangraaf.com\/hu\/wp-content\/uploads\/sites\/3\/2022\/03\/M10_D_Portraits_Buero_056-225x300.jpg 225w, https:\/\/www.vangraaf.com\/hu\/wp-content\/uploads\/sites\/3\/2022\/03\/M10_D_Portraits_Buero_056-480x639.jpg 480w, https:\/\/www.vangraaf.com\/hu\/wp-content\/uploads\/sites\/3\/2022\/03\/M10_D_Portraits_Buero_056-690x918.jpg 690w\" sizes=\"(max-width: 768px) 100vw, 768px\" \/><\/div><div class=\"vc_col-sm-6 vc_col-md-4 vc_col-md-offset-1 people-story-slider__slider__item__content-wrap\"><div class=\"people-story-slider__slider__item__content\"><span class=\"h4\">Anna, Vizu\u00e1lis merchandiser<\/span><p>Sz\u00e1momra mindig is vil\u00e1gos volt, hogy olyan ter\u00fcleten akarok dolgozni, ahol kihaszn\u00e1lhatom a kreativit\u00e1somat \u00e9s a k\u00e9z\u00fcgyess\u00e9gemet. K\u00fcl\u00f6n\u00f6sen tetszik, hogy a VAN GRAAF koncepci\u00f3iba a saj\u00e1t \u00f6tleteimet is be\u00e9p\u00edthetem. Amikor a v\u00e1s\u00e1rl\u00f3k megcsod\u00e1lj\u00e1k az \u00fczletben kialak\u00edtott \u00e9lm\u00e9nyteret, az sz\u00e1momra mindig j\u00f3les\u0151 pillanat. <\/p>\n<div class=\"people-story-slider__slider__item__pagination\"><button class=\"slick-prev slick-arrow\" aria-label=\"El\u0151z\u0151\" type=\"button\">El\u0151z\u0151<\/button><button class=\"slick-next slick-arrow\" aria-label=\"K\u00f6vetkez\u0151\" type=\"button\">K\u00f6vetkez\u0151<\/button><\/div><\/div><\/div><\/div><\/div><div class=\"people-story-slider__slider__item\"><div class=\"vc_row vc_row-flex\"><div class=\"vc_col-sm-6 people-story-slider__slider__item__image-wrap\"><img loading=\"lazy\" decoding=\"async\" width=\"768\" height=\"1022\" src=\"https:\/\/www.vangraaf.com\/hu\/wp-content\/uploads\/sites\/3\/2022\/03\/M10_E_Portraits_Buero_032.jpg\" class=\"attachment-full\" alt=\"\" title=\"Vizu\u00e1lis merchandiser csoportvezet\u0151\" srcset=\"https:\/\/www.vangraaf.com\/hu\/wp-content\/uploads\/sites\/3\/2022\/03\/M10_E_Portraits_Buero_032.jpg 768w, https:\/\/www.vangraaf.com\/hu\/wp-content\/uploads\/sites\/3\/2022\/03\/M10_E_Portraits_Buero_032-225x300.jpg 225w, https:\/\/www.vangraaf.com\/hu\/wp-content\/uploads\/sites\/3\/2022\/03\/M10_E_Portraits_Buero_032-480x639.jpg 480w, https:\/\/www.vangraaf.com\/hu\/wp-content\/uploads\/sites\/3\/2022\/03\/M10_E_Portraits_Buero_032-690x918.jpg 690w\" sizes=\"(max-width: 768px) 100vw, 768px\" \/><\/div><div class=\"vc_col-sm-6 vc_col-md-4 vc_col-md-offset-1 people-story-slider__slider__item__content-wrap\"><div class=\"people-story-slider__slider__item__content\"><span class=\"h4\">\u00c1kos, Vizu\u00e1lis merchandiser csoportvezet\u0151<\/span><p>Vizu\u00e1lis merchandiserk\u00e9nt a vezet\u0151i poz\u00edci\u00f3 izgalmas karrierl\u00e9p\u00e9s volt sz\u00e1momra, amelyre a VAN GRAAF nagyon j\u00f3l felk\u00e9sz\u00edtett. Nagyon \u00e9lvezem, hogy csapatban val\u00f3s\u00edthatom meg a kreat\u00edv \u00f6tleteket. Az egy\u00e9ni tehets\u00e9gek felismer\u00e9se \u00e9s t\u00e1mogat\u00e1sa nagyon kiel\u00e9g\u00edt\u0151 feladat.<\/p>\n<div class=\"people-story-slider__slider__item__pagination\"><button class=\"slick-prev slick-arrow\" aria-label=\"El\u0151z\u0151\" type=\"button\">El\u0151z\u0151<\/button><button class=\"slick-next slick-arrow\" aria-label=\"K\u00f6vetkez\u0151\" type=\"button\">K\u00f6vetkez\u0151<\/button><\/div><\/div><\/div><\/div><\/div><\/div><div class=\"people-story-slider__pagination\"><button class=\"slick-prev slick-arrow\" aria-label=\"El\u0151z\u0151\" type=\"button\">El\u0151z\u0151<\/button><button class=\"slick-next slick-arrow\" aria-label=\"K\u00f6vetkez\u0151\" type=\"button\">K\u00f6vetkez\u0151<\/button><\/div><\/div><\/div>[\/vc_column][\/vc_row][vc_row bwd_tbc4vd_show_weekday=&#8221;&#8221; full_width=&#8221;stretch_row_content_no_spaces&#8221;][vc_column]\n        <div class=\"headlines headlines--center\" data-aos=\"fade-up\">\n            <div class=\"vc_row\">\n                <div class=\"vc_col-md-10 vc_col-md-offset-1 vc_col-lg-10 vc_col-lg-offset-1\"><h2 class=\"h2\">Karrierkezd\u00e9s a VAN GRAAF csapat\u00e1ban<\/h2><\/div>\n            <\/div>\n        <\/div>[vc_row_inner bwd_tbc4vd_show_weekday=&#8221;&#8221; row_design=&#8221;row_square_background&#8221;][vc_column_inner width=&#8221;1\/3&#8243;]<div class=\"vg-element cta-teaser cta-teaser--center\" data-aos=\"fade-up\"><div class=\"cta-teaser__image\"><a class=\"\" href=\"https:\/\/www.vangraaf.com\/hu\/karrier\/rolunk\/egyutt\/\" target=\"_self\" rel=\"\" style=\"\"><img loading=\"lazy\" decoding=\"async\" width=\"380\" height=\"254\" src=\"https:\/\/www.vangraaf.com\/hu\/wp-content\/uploads\/sites\/3\/2022\/03\/M7_D_Wir_Headerbild_Gruppe_030-2.jpg\" class=\"vc_single_image-img attachment-full\" alt=\"\" title=\"R\u00f3lunk_ser\" srcset=\"https:\/\/www.vangraaf.com\/hu\/wp-content\/uploads\/sites\/3\/2022\/03\/M7_D_Wir_Headerbild_Gruppe_030-2.jpg 380w, https:\/\/www.vangraaf.com\/hu\/wp-content\/uploads\/sites\/3\/2022\/03\/M7_D_Wir_Headerbild_Gruppe_030-2-300x201.jpg 300w\" sizes=\"(max-width: 380px) 100vw, 380px\" \/><\/a><\/div><div class=\"cta-teaser__text\"><h3>Egy\u00fctt egym\u00e1ssal<\/h3><p>K\u00f6z\u00f6s benn\u00fcnk a divat \u00e9s az emberek ir\u00e1nti szenved\u00e9ly. Tudj meg t\u00f6bbet a VAN GRAAF v\u00e1llalati kult\u00far\u00e1j\u00e1r\u00f3l!<\/p><a class=\"button\" href=\"https:\/\/www.vangraaf.com\/hu\/karrier\/rolunk\/egyutt\/\" target=\"_self\" rel=\"\" style=\"\">Tudj meg t\u00f6bbet<\/a><\/div><\/div>[\/vc_column_inner][vc_column_inner width=&#8221;1\/3&#8243;]<div class=\"vg-element cta-teaser cta-teaser--center\" data-aos=\"fade-up\"><div class=\"cta-teaser__image\"><a class=\"\" href=\"https:\/\/www.vangraaf.com\/hu\/karrier\/kapcsolat\/\" target=\"_self\" rel=\"\" style=\"\"><img loading=\"lazy\" decoding=\"async\" width=\"380\" height=\"254\" src=\"https:\/\/www.vangraaf.com\/hu\/wp-content\/uploads\/sites\/3\/2022\/03\/Nagy.jpg\" class=\"vc_single_image-img attachment-full\" alt=\"\" title=\"Nagy_Ser\" srcset=\"https:\/\/www.vangraaf.com\/hu\/wp-content\/uploads\/sites\/3\/2022\/03\/Nagy.jpg 380w, https:\/\/www.vangraaf.com\/hu\/wp-content\/uploads\/sites\/3\/2022\/03\/Nagy-300x201.jpg 300w\" sizes=\"(max-width: 380px) 100vw, 380px\" \/><\/a><\/div><div class=\"cta-teaser__text\"><h3>Kapcsolat<\/h3><p>K\u00e9rd\u00e9sed van a VAN GRAAF egyik poz\u00edci\u00f3j\u00e1val kapcsolatban? Akkor fordulj k\u00f6zvetlen\u00fcl Kir\u00e1hoz. +36 30 660 3813<\/p><a class=\"button\" href=\"https:\/\/www.vangraaf.com\/hu\/karrier\/kapcsolat\/\" target=\"_self\" rel=\"\" style=\"\">K\u00fcldj e-mailt<\/a><\/div><\/div>[\/vc_column_inner][vc_column_inner width=&#8221;1\/3&#8243;]<div class=\"vg-element cta-teaser cta-teaser--center\" data-aos=\"fade-up\"><div class=\"cta-teaser__image\"><a class=\"\" href=\"https:\/\/www.vangraaf.com\/hu\/karrier\/rolunk\/juttatasok\/\" target=\"_self\" rel=\"\" style=\"\"><img loading=\"lazy\" decoding=\"async\" width=\"380\" height=\"254\" src=\"https:\/\/www.vangraaf.com\/hu\/wp-content\/uploads\/sites\/3\/2022\/03\/M7_B_Wir_Headerbild_Gruppe_042-1.jpg\" class=\"vc_single_image-img attachment-full\" alt=\"\" title=\"Juttat\u00e1sok_mo\" srcset=\"https:\/\/www.vangraaf.com\/hu\/wp-content\/uploads\/sites\/3\/2022\/03\/M7_B_Wir_Headerbild_Gruppe_042-1.jpg 380w, https:\/\/www.vangraaf.com\/hu\/wp-content\/uploads\/sites\/3\/2022\/03\/M7_B_Wir_Headerbild_Gruppe_042-1-300x201.jpg 300w\" sizes=\"(max-width: 380px) 100vw, 380px\" \/><\/a><\/div><div class=\"cta-teaser__text\"><h3>Juttat\u00e1sok<\/h3><p>Felfedezted m\u00e1r, hogy milyen juttat\u00e1sokkal v\u00e1runk? Tudj meg t\u00f6bbet a VAN GRAAF \u00e1ltal ny\u00fajtott juttat\u00e1sokr\u00f3l.<\/p><a class=\"button\" href=\"https:\/\/www.vangraaf.com\/hu\/karrier\/rolunk\/juttatasok\/\" target=\"_self\" rel=\"\" style=\"\">A juttat\u00e1sokhoz<\/a><\/div><\/div>[\/vc_column_inner][\/vc_row_inner][\/vc_column][\/vc_row]<\/div>","protected":false},"excerpt":{"rendered":"[vc_row bwd_tbc4vd_show_weekday=&#8221;&#8221; full_width=&#8221;stretch_row_content_no_spaces&#8221;][vc_column][vc_column_text] Visual merchandise Kit\u0171n\u0151 st\u00edlus\u00e9rz\u00e9kkel \u00e1ll\u00edtod ki a ruh\u00e1kat, inspir\u00e1l\u00f3 \u00e9s kreat\u00edv dekor\u00e1ci\u00f3kkal ala-k\u00edtod ki a kirakatokat \u00e9s az \u00fczletek elad\u00f3tereit. A szak\u00e9rtelmeddel t\u00e1mogatod a csapatodat az \u00e1ruk vonz\u00f3 elrendez\u00e9s\u00e9ben, \u00e9s leny\u0171g\u00f6z\u0151 \u00e9lm\u00e9nyvil\u00e1got teremtesz a v\u00e1s\u00e1rl\u00f3ink sz\u00e1m\u00e1ra. A saj\u00e1t fejleszt\u00e9s\u0171 \u00e9s a meghat\u00e1rozott koncepci\u00f3k megval\u00f3s\u00edt\u00e1sa sor\u00e1n kihaszn\u00e1lod sz\u00e1rnyal\u00f3 kreativit\u00e1sodat \u00e9s megb\u00edzhat\u00f3 k\u00e9z\u00fcgyess\u00e9gedet.[\/vc_column_text][vc_column_text] Visual [&hellip;]","protected":false},"author":6,"featured_media":0,"parent":6372,"menu_order":0,"comment_status":"closed","ping_status":"closed","template":"","meta":{"_acf_changed":false,"inline_featured_image":false,"footnotes":""},"class_list":["post-6380","page","type-page","status-publish","hentry"],"acf":[],"yoast_head":"<!-- This site is optimized with the Yoast SEO plugin v27.2 - https:\/\/yoast.com\/product\/yoast-seo-wordpress\/ -->\n<title>Visual merchandising munka a VAN GRAAF csapat\u00e1ban<\/title>\n<meta name=\"description\" content=\"Kreat\u00edv vagy \u00e9s a divat a szenved\u00e9lyed? Akkor kezdd a karrieredet a VAN GRAAF visual merchandising r\u00e9szleg\u00e9n!\" \/>\n<meta name=\"robots\" content=\"index, follow, max-snippet:-1, max-image-preview:large, max-video-preview:-1\" \/>\n<link rel=\"canonical\" href=\"https:\/\/www.vangraaf.com\/hu\/karrier\/allas-karrier\/visual-merchandising\/\" \/>\n<meta property=\"og:locale\" content=\"hu_HU\" \/>\n<meta property=\"og:type\" content=\"article\" \/>\n<meta property=\"og:title\" content=\"Visual merchandising munka a VAN GRAAF csapat\u00e1ban\" \/>\n<meta property=\"og:description\" content=\"Kreat\u00edv vagy \u00e9s a divat a szenved\u00e9lyed? Akkor kezdd a karrieredet a VAN GRAAF visual merchandising r\u00e9szleg\u00e9n!\" \/>\n<meta property=\"og:url\" content=\"https:\/\/www.vangraaf.com\/hu\/karrier\/allas-karrier\/visual-merchandising\/\" \/>\n<meta property=\"og:site_name\" content=\"VAN GRAAF Magyarorsz\u00e1g\" \/>\n<meta property=\"article:modified_time\" content=\"2024-01-12T14:03:44+00:00\" \/>\n<meta name=\"twitter:card\" content=\"summary_large_image\" \/>\n<meta name=\"twitter:label1\" content=\"Becs\u00fclt olvas\u00e1si id\u0151\" \/>\n\t<meta name=\"twitter:data1\" content=\"2 perc\" \/>\n<script type=\"application\/ld+json\" class=\"yoast-schema-graph\">{\"@context\":\"https:\/\/schema.org\",\"@graph\":[{\"@type\":\"WebPage\",\"@id\":\"https:\/\/www.vangraaf.com\/hu\/karrier\/allas-karrier\/visual-merchandising\/\",\"url\":\"https:\/\/www.vangraaf.com\/hu\/karrier\/allas-karrier\/visual-merchandising\/\",\"name\":\"Visual merchandising munka a VAN GRAAF csapat\u00e1ban\",\"isPartOf\":{\"@id\":\"https:\/\/www.vangraaf.com\/hu\/#website\"},\"datePublished\":\"2022-02-15T10:22:47+00:00\",\"dateModified\":\"2024-01-12T14:03:44+00:00\",\"description\":\"Kreat\u00edv vagy \u00e9s a divat a szenved\u00e9lyed? Akkor kezdd a karrieredet a VAN GRAAF visual merchandising r\u00e9szleg\u00e9n!\",\"breadcrumb\":{\"@id\":\"https:\/\/www.vangraaf.com\/hu\/karrier\/allas-karrier\/visual-merchandising\/#breadcrumb\"},\"inLanguage\":\"hu\",\"potentialAction\":[{\"@type\":\"ReadAction\",\"target\":[\"https:\/\/www.vangraaf.com\/hu\/karrier\/allas-karrier\/visual-merchandising\/\"]}]},{\"@type\":\"BreadcrumbList\",\"@id\":\"https:\/\/www.vangraaf.com\/hu\/karrier\/allas-karrier\/visual-merchandising\/#breadcrumb\",\"itemListElement\":[{\"@type\":\"ListItem\",\"position\":1,\"name\":\"Home\",\"item\":\"https:\/\/www.vangraaf.com\/hu\/\"},{\"@type\":\"ListItem\",\"position\":2,\"name\":\"Karrier\",\"item\":\"https:\/\/www.vangraaf.com\/hu\/karrier\/\"},{\"@type\":\"ListItem\",\"position\":3,\"name\":\"\u00c1ll\u00e1s &amp; karrier\",\"item\":\"https:\/\/www.vangraaf.com\/hu\/karrier\/allas-karrier\/\"},{\"@type\":\"ListItem\",\"position\":4,\"name\":\"Visual Merchandising\"}]},{\"@type\":\"WebSite\",\"@id\":\"https:\/\/www.vangraaf.com\/hu\/#website\",\"url\":\"https:\/\/www.vangraaf.com\/hu\/\",\"name\":\"VAN GRAAF\",\"description\":\"VAN GRAAF\",\"potentialAction\":[{\"@type\":\"SearchAction\",\"target\":{\"@type\":\"EntryPoint\",\"urlTemplate\":\"https:\/\/www.vangraaf.com\/hu\/?s={search_term_string}\"},\"query-input\":{\"@type\":\"PropertyValueSpecification\",\"valueRequired\":true,\"valueName\":\"search_term_string\"}}],\"inLanguage\":\"hu\"}]}<\/script>\n<!-- \/ Yoast SEO plugin. -->","yoast_head_json":{"title":"Visual merchandising munka a VAN GRAAF csapat\u00e1ban","description":"Kreat\u00edv vagy \u00e9s a divat a szenved\u00e9lyed? Akkor kezdd a karrieredet a VAN GRAAF visual merchandising r\u00e9szleg\u00e9n!","robots":{"index":"index","follow":"follow","max-snippet":"max-snippet:-1","max-image-preview":"max-image-preview:large","max-video-preview":"max-video-preview:-1"},"canonical":"https:\/\/www.vangraaf.com\/hu\/karrier\/allas-karrier\/visual-merchandising\/","og_locale":"hu_HU","og_type":"article","og_title":"Visual merchandising munka a VAN GRAAF csapat\u00e1ban","og_description":"Kreat\u00edv vagy \u00e9s a divat a szenved\u00e9lyed? Akkor kezdd a karrieredet a VAN GRAAF visual merchandising r\u00e9szleg\u00e9n!","og_url":"https:\/\/www.vangraaf.com\/hu\/karrier\/allas-karrier\/visual-merchandising\/","og_site_name":"VAN GRAAF Magyarorsz\u00e1g","article_modified_time":"2024-01-12T14:03:44+00:00","twitter_card":"summary_large_image","twitter_misc":{"Becs\u00fclt olvas\u00e1si id\u0151":"2 perc"},"schema":{"@context":"https:\/\/schema.org","@graph":[{"@type":"WebPage","@id":"https:\/\/www.vangraaf.com\/hu\/karrier\/allas-karrier\/visual-merchandising\/","url":"https:\/\/www.vangraaf.com\/hu\/karrier\/allas-karrier\/visual-merchandising\/","name":"Visual merchandising munka a VAN GRAAF csapat\u00e1ban","isPartOf":{"@id":"https:\/\/www.vangraaf.com\/hu\/#website"},"datePublished":"2022-02-15T10:22:47+00:00","dateModified":"2024-01-12T14:03:44+00:00","description":"Kreat\u00edv vagy \u00e9s a divat a szenved\u00e9lyed? Akkor kezdd a karrieredet a VAN GRAAF visual merchandising r\u00e9szleg\u00e9n!","breadcrumb":{"@id":"https:\/\/www.vangraaf.com\/hu\/karrier\/allas-karrier\/visual-merchandising\/#breadcrumb"},"inLanguage":"hu","potentialAction":[{"@type":"ReadAction","target":["https:\/\/www.vangraaf.com\/hu\/karrier\/allas-karrier\/visual-merchandising\/"]}]},{"@type":"BreadcrumbList","@id":"https:\/\/www.vangraaf.com\/hu\/karrier\/allas-karrier\/visual-merchandising\/#breadcrumb","itemListElement":[{"@type":"ListItem","position":1,"name":"Home","item":"https:\/\/www.vangraaf.com\/hu\/"},{"@type":"ListItem","position":2,"name":"Karrier","item":"https:\/\/www.vangraaf.com\/hu\/karrier\/"},{"@type":"ListItem","position":3,"name":"\u00c1ll\u00e1s &amp; karrier","item":"https:\/\/www.vangraaf.com\/hu\/karrier\/allas-karrier\/"},{"@type":"ListItem","position":4,"name":"Visual Merchandising"}]},{"@type":"WebSite","@id":"https:\/\/www.vangraaf.com\/hu\/#website","url":"https:\/\/www.vangraaf.com\/hu\/","name":"VAN GRAAF","description":"VAN GRAAF","potentialAction":[{"@type":"SearchAction","target":{"@type":"EntryPoint","urlTemplate":"https:\/\/www.vangraaf.com\/hu\/?s={search_term_string}"},"query-input":{"@type":"PropertyValueSpecification","valueRequired":true,"valueName":"search_term_string"}}],"inLanguage":"hu"}]}},"_links":{"self":[{"href":"https:\/\/www.vangraaf.com\/hu\/wp-json\/wp\/v2\/pages\/6380","targetHints":{"allow":["GET"]}}],"collection":[{"href":"https:\/\/www.vangraaf.com\/hu\/wp-json\/wp\/v2\/pages"}],"about":[{"href":"https:\/\/www.vangraaf.com\/hu\/wp-json\/wp\/v2\/types\/page"}],"author":[{"embeddable":true,"href":"https:\/\/www.vangraaf.com\/hu\/wp-json\/wp\/v2\/users\/6"}],"replies":[{"embeddable":true,"href":"https:\/\/www.vangraaf.com\/hu\/wp-json\/wp\/v2\/comments?post=6380"}],"version-history":[{"count":14,"href":"https:\/\/www.vangraaf.com\/hu\/wp-json\/wp\/v2\/pages\/6380\/revisions"}],"predecessor-version":[{"id":7920,"href":"https:\/\/www.vangraaf.com\/hu\/wp-json\/wp\/v2\/pages\/6380\/revisions\/7920"}],"up":[{"embeddable":true,"href":"https:\/\/www.vangraaf.com\/hu\/wp-json\/wp\/v2\/pages\/6372"}],"wp:attachment":[{"href":"https:\/\/www.vangraaf.com\/hu\/wp-json\/wp\/v2\/media?parent=6380"}],"curies":[{"name":"wp","href":"https:\/\/api.w.org\/{rel}","templated":true}]}}