{"id":6378,"date":"2022-02-15T11:22:27","date_gmt":"2022-02-15T10:22:27","guid":{"rendered":"https:\/\/www.vangraaf.com\/hu\/?page_id=6378"},"modified":"2024-09-17T15:59:57","modified_gmt":"2024-09-17T13:59:57","slug":"ertekesites","status":"publish","type":"page","link":"https:\/\/www.vangraaf.com\/hu\/karrier\/allas-karrier\/ertekesites\/","title":{"rendered":"\u00c9rt\u00e9kes\u00edt\u00e9s"},"content":{"rendered":"<div class=\"wpb-content-wrapper\">[vc_row bwd_tbc4vd_show_weekday=&#8221;&#8221; full_width=&#8221;stretch_row_content_no_spaces&#8221;][vc_column]<div class=\"keyvisual\" data-aos=\"fade-up\" ><img loading=\"lazy\" decoding=\"async\" width=\"1440\" height=\"480\" src=\"https:\/\/www.vangraaf.com\/hu\/wp-content\/uploads\/sites\/3\/2022\/03\/M1_F_Schueler_Eltern_Lehrer_003-1.jpg\" class=\"vc_single_image-img\" alt=\"\" srcset=\"https:\/\/www.vangraaf.com\/hu\/wp-content\/uploads\/sites\/3\/2022\/03\/M1_F_Schueler_Eltern_Lehrer_003-1.jpg 1440w, https:\/\/www.vangraaf.com\/hu\/wp-content\/uploads\/sites\/3\/2022\/03\/M1_F_Schueler_Eltern_Lehrer_003-1-300x100.jpg 300w, https:\/\/www.vangraaf.com\/hu\/wp-content\/uploads\/sites\/3\/2022\/03\/M1_F_Schueler_Eltern_Lehrer_003-1-1024x341.jpg 1024w, https:\/\/www.vangraaf.com\/hu\/wp-content\/uploads\/sites\/3\/2022\/03\/M1_F_Schueler_Eltern_Lehrer_003-1-768x256.jpg 768w, https:\/\/www.vangraaf.com\/hu\/wp-content\/uploads\/sites\/3\/2022\/03\/M1_F_Schueler_Eltern_Lehrer_003-1-1200x400.jpg 1200w, https:\/\/www.vangraaf.com\/hu\/wp-content\/uploads\/sites\/3\/2022\/03\/M1_F_Schueler_Eltern_Lehrer_003-1-992x331.jpg 992w, https:\/\/www.vangraaf.com\/hu\/wp-content\/uploads\/sites\/3\/2022\/03\/M1_F_Schueler_Eltern_Lehrer_003-1-480x160.jpg 480w, https:\/\/www.vangraaf.com\/hu\/wp-content\/uploads\/sites\/3\/2022\/03\/M1_F_Schueler_Eltern_Lehrer_003-1-690x230.jpg 690w\" sizes=\"(max-width: 1440px) 100vw, 1440px\" \/><\/div>\n        <div class=\"headlines headlines--center\" data-aos=\"fade-up\">\n            <div class=\"vc_row\">\n                <div class=\"vc_col-md-10 vc_col-md-offset-1 vc_col-lg-10 vc_col-lg-offset-1\"><span class=\"h6\">Elad\u00f3 \u00e9s p\u00e9nzt\u00e1ros poz\u00edci\u00f3k a VAN GRAAF csapat\u00e1ban<\/span><h1 class=\"h2\">Elad\u00f3 \u00e9s p\u00e9nzt\u00e1ros<\/h1><\/div>\n            <\/div>\n        <\/div>[vc_column_text]\r\n<p style=\"text-align: center\">Szereted a divatot? Mi is! Az \u00e9rt\u00e9kes\u00edt\u00e9si poz\u00edci\u00f3k \u00e9s p\u00e9nzt\u00e1ros \u00e1ll\u00e1s bet\u00f6lt\u00e9s\u00e9vel lehet\u0151s\u00e9ged ny\u00edlik a mindennapos kapcsolattart\u00e1sra v\u00e1s\u00e1rl\u00f3inkkal, akiknek t\u00f6k\u00e9letes v\u00e1s\u00e1rl\u00e1si \u00e9lm\u00e9ny\u00e9r\u0151l is gondoskodsz. \u00dczlet\u00fcnkben minden nap kih\u00edv\u00e1sokkal teli, soksz\u00edn\u0171 \u00e9s v\u00e1ltozatos munka v\u00e1r. Akn\u00e1zd ki a divatvil\u00e1g trendjei ir\u00e1nti lelkesed\u00e9sedet n\u00e1lunk!<\/p>\r\n[\/vc_column_text][vc_column_text]\r\n<h3>Ind\u00edtsd el a karriered elad\u00f3k\u00e9nt<\/h3>\r\nDivatszakemberk\u00e9nt k\u00e9pes vagy minden alkalomra kiv\u00e1lasztani \u00e9s eladni a t\u00f6k\u00e9letes szettet. A m\u00e1rk\u00e1k, trendek \u00e9s a term\u00e9kk\u00edn\u00e1latunk ismeret\u00e9ben tan\u00e1csot adsz a v\u00e1s\u00e1rl\u00f3inknak, \u00e9s felejthetetlen \u00e9lm\u00e9nny\u00e9 teszed sz\u00e1mukra a v\u00e1s\u00e1rl\u00e1st.\r\nV\u00e1s\u00e1rl\u00e1sra \u00f6szt\u00f6nz\u0151 st\u00edlusszak\u00e9rtelmed professzion\u00e1lis felhaszn\u00e1l\u00e1sa ut\u00e1n a p\u00e9nzt\u00e1ros v\u00e9gzi el a kiv\u00e1lasztott term\u00e9kek elad\u00e1s\u00e1t, \u00e9s gondoskodik a kimagasl\u00f3 v\u00e1s\u00e1rl\u00f3i el\u00e9gedetts\u00e9gr\u0151l.[\/vc_column_text][vc_column_text]\r\n<h3>Szem\u00e9lyes \u00e9s karrierfejl\u0151d\u00e9si potenci\u00e1l p\u00e9nzt\u00e1ros \u00e9s \u00e9rt\u00e9kes\u00edt\u0151 ter\u00fcleteken<\/h3>\r\nAk\u00e1r a p\u00e9nzt\u00e1ros \u00e1ll\u00e1s, ak\u00e1r az \u00e9rt\u00e9kes\u00edt\u00e9si poz\u00edci\u00f3 \u00e1ll hozz\u00e1d k\u00f6zelebb, biztos\u00edtunk arr\u00f3l, hogy profi szakmai \u00e9s vezet\u0151i szemin\u00e1riumainkon soksz\u00edn\u0171 k\u00e9pz\u00e9sk\u00edn\u00e1lat ny\u00fajt sz\u00e1modra <a href=\"https:\/\/www.vangraaf.com\/hu\/karrier\/rolunk\/iszakmai-fejlodes\/\">fejl\u0151d\u00e9si lehet\u0151s\u00e9get<\/a>.\r\n\r\nSzeretn\u00e9l nagyobb felel\u0151ss\u00e9get v\u00e1llalni? \u00c9rt\u00e9kes\u00edt\u00e9si csoportvezet\u0151k\u00e9nt szerzett tapasztalataidat megfelel\u0151 r\u00e1termetts\u00e9g eset\u00e9n n\u00e1lunk tov\u00e1bbfejlesztheted, \u00e9s egy VAN GRAAF \u00e1ruh\u00e1z \u00fczletvezet\u0151j\u00e9v\u00e9 v\u00e1lhatsz.\r\n\r\nK\u00f6z\u00f6s benn\u00fcnk a divat \u00e9s az emberek ir\u00e1nti szenved\u00e9ly. Ez mindennap motiv\u00e1ci\u00f3t biztos\u00edt sz\u00e1munkra. Felkeltett\u00fck az \u00e9rdekl\u0151d\u00e9sedet a p\u00e9nzt\u00e1ros \u00e1ll\u00e1s vagy az \u00e9rt\u00e9kes\u00edt\u00e9si poz\u00edci\u00f3 ir\u00e1nt?[\/vc_column_text][vc_column_text]\r\n<h3>B\u0151v\u00edtsd vezet\u0151i k\u00e9szs\u00e9geid Deputy Floor Manager-k\u00e9nt<\/h3>\r\nSz\u00edved a helyhez k\u00f6t\u00f6tt kiskereskedelem\u00e9rt dobog, szeretn\u00e9l egy csapatot vezetni \u00e9s inspir\u00e1lni a divat ir\u00e1nti szenved\u00e9lyeddel? Akkor csatlakozz k\u00f6zvetlen\u00fcl hozz\u00e1nk Deputy Floor Manager-k\u00e9nt! Ha m\u00e1r szerezt\u00e9l n\u00e9mi vezet\u0151i tapasztalatot, szakmailag \u00e9s szem\u00e9lyesen is t\u00e1mogatunk a VAN GRAAF-n\u00e1l val\u00f3 tov\u00e1bbi fejl\u0151d\u00e9sedben.\r\n\r\nDeputy Floor Manager-k\u00e9nt relev\u00e1ns tapasztalattal rendelkezel a kiskereskedelemben. Szak\u00e9rtelmeddel \u00e9s divat ir\u00e1nti szenved\u00e9lyeddel nemcsak kiv\u00e9teles v\u00e1s\u00e1rl\u00f3i \u00e9lm\u00e9nyeket biztos\u00edtasz, hanem maximaliz\u00e1lod az \u00e9rt\u00e9kes\u00edt\u00e9si lehet\u0151s\u00e9geinket \u00e9s \u00fczlet\u00fcnk \u00e9rt\u00e9kes\u00edt\u00e9si potenci\u00e1lj\u00e1t is. Szorosan egy\u00fcttm\u0171k\u00f6dsz a floor manager-i csapattal, akiket t\u00e1mogatni fogsz az \u00fczlet csapat\u00e1nak sikeres vezet\u00e9s\u00e9ben.[\/vc_column_text][vc_column_text]\r\n<h3>K\u00f6zvet\u00edtsd a trendeket \u00e9s fejleszd csapatodat Floor Manager-k\u00e9nt<\/h3>\r\nEr\u0151s vezet\u0151i tapasztalattal \u00e9s a divat-kiskereskedelemben szerzett szak\u00e9rtelemmel, k\u00f6zvetlen\u00fcl csatlakozol a VAN GRAAF-hoz, mint\u00a0 Floor Manager, \u00e9s egy t\u00f6bb f\u0151b\u0151l \u00e1ll\u00f3 csapatot fogsz vezetni az \u00e9rt\u00e9kes\u00edt\u00e9s, a visual merchandising \u00e9s a logisztika ter\u00fclet\u00e9n. Tan\u00e1csot adsz az \u00fcgyfeleknek, \u00e9s a legnagyobb szenved\u00e9llyel \u00e9rt\u00e9kes\u00edted a divatot \u2013 ezt k\u00f6zvet\u00edted csapatod fel\u00e9 is, akiknek lehet\u0151s\u00e9geit felismered \u00e9s egy\u00e9nileg fejleszted.\r\n\r\nFloor Manager-k\u00e9nt elemzed a kulcsfontoss\u00e1g\u00fa adatokat, k\u00f6zvet\u00edted a trendeket, \u00e9s \u00e1tadod tapasztalataidat a beszerz\u00e9si oszt\u00e1lynak. Szorosan egy\u00fcttm\u0171k\u00f6dsz az \u00fczletvezet\u00e9ssel. \u00d6tleteidre, v\u00e1llalkoz\u00f3i gondolkod\u00e1sodra \u00e9s cselekedeteidre a visual merchandising ter\u00fclet\u00e9n is sz\u00fcks\u00e9g van.\r\n\r\nEr\u0151s vezet\u0151i k\u00e9pess\u00e9geiddel folyamatosan fejleszted a floor menedzsmentet, \u00e9s el\u0151seg\u00edted az inspir\u00e1l\u00f3 \u00e9s vev\u0151k\u00f6zpont\u00fa \u00fczletkult\u00far\u00e1t a VAN GRAAF csapat\u00e1ban[\/vc_column_text][vc_column_text]\r\n<p style=\"text-align: center\"><a class=\"button button--primary\" href=\"https:\/\/www.vangraaf.com\/hu\/karrier\/allas-karrier\/allasajanlatok\/\">Jelentkezz most<\/a><\/p>\r\n[\/vc_column_text][vc_column_text]\r\n<p style=\"text-align: center\">A p\u00e9nzt\u00e1ros \u00e1ll\u00e1s Budapest ter\u00fclet\u00e9n v\u00e1rja jelentkez\u0151it, csak\u00fagy, mint az \u00e9rt\u00e9kes\u00edt\u00e9si poz\u00edci\u00f3. Ha szeretn\u00e9l a VAN GRAAF csapat\u00e1ban dolgozni, de nem hirdett\u00fck meg a sz\u00e1modra megfelel\u0151 lehet\u0151s\u00e9get, k\u00fcldd el hozz\u00e1nk <a href=\"https:\/\/www.vangraaf.com\/hu\/karrier\/allas-karrier\/spontan-jelentkezes\/\">spont\u00e1n jelentkez\u00e9sedet<\/a>!<\/p>\r\n<p style=\"text-align: center\">A r\u00e1d szabott kih\u00edv\u00e1s ak\u00e1r m\u00e1r holnap v\u00e1rhat r\u00e1d az \u00fczleteinkben.<\/p>\r\n[\/vc_column_text][\/vc_column][\/vc_row][vc_row bwd_tbc4vd_show_weekday=&#8221;&#8221; full_width=&#8221;stretch_row_content_no_spaces&#8221;][vc_column]<div class=\"people-story-slider people-story-slider--dark\" style=\"--season-color: #ededed\" data-aos=\"fade-up\"><div class=\"content_wrap\"><div class=\"people-story-slider__slider js-people-story-slider\"><div class=\"people-story-slider__slider__item\"><div class=\"vc_row vc_row-flex\"><div class=\"vc_col-sm-6 people-story-slider__slider__item__image-wrap\"><img loading=\"lazy\" decoding=\"async\" width=\"768\" height=\"1022\" src=\"https:\/\/www.vangraaf.com\/hu\/wp-content\/uploads\/sites\/3\/2022\/03\/M3_A_Schueler_099-1.jpg\" class=\"attachment-full\" alt=\"\" title=\"\u00c9rt\u00e9kes\u00edt\u00e9si asszisztens\" srcset=\"https:\/\/www.vangraaf.com\/hu\/wp-content\/uploads\/sites\/3\/2022\/03\/M3_A_Schueler_099-1.jpg 768w, https:\/\/www.vangraaf.com\/hu\/wp-content\/uploads\/sites\/3\/2022\/03\/M3_A_Schueler_099-1-225x300.jpg 225w, https:\/\/www.vangraaf.com\/hu\/wp-content\/uploads\/sites\/3\/2022\/03\/M3_A_Schueler_099-1-480x639.jpg 480w, https:\/\/www.vangraaf.com\/hu\/wp-content\/uploads\/sites\/3\/2022\/03\/M3_A_Schueler_099-1-690x918.jpg 690w\" sizes=\"(max-width: 768px) 100vw, 768px\" \/><\/div><div class=\"vc_col-sm-6 vc_col-md-4 vc_col-md-offset-1 people-story-slider__slider__item__content-wrap\"><div class=\"people-story-slider__slider__item__content\"><span class=\"h4\">Tam\u00e1s, \u00c9rt\u00e9kes\u00edt\u00e9si asszisztens<\/span><p>Men\u0151 m\u00e1rk\u00e1kkal akartam dolgozni, \u00e9s mivel a divat\u00e9rt\u00e9kes\u00edt\u00e9s ter\u00e9n \u00fajonc voltam, sokat akartam tanulni. A bel\u00e9ptet\u0151 k\u00e9pz\u00e9s remek\u00fcl felk\u00e9sz\u00edtett a feladataimra, \u00e9s gyorsan be tudtam illeszkedni a csapatba.<\/p>\n<div class=\"people-story-slider__slider__item__pagination\"><button class=\"slick-prev slick-arrow\" aria-label=\"El\u0151z\u0151\" type=\"button\">El\u0151z\u0151<\/button><button class=\"slick-next slick-arrow\" aria-label=\"K\u00f6vetkez\u0151\" type=\"button\">K\u00f6vetkez\u0151<\/button><\/div><\/div><\/div><\/div><\/div><div class=\"people-story-slider__slider__item\"><div class=\"vc_row vc_row-flex\"><div class=\"vc_col-sm-6 people-story-slider__slider__item__image-wrap\"><img loading=\"lazy\" decoding=\"async\" width=\"768\" height=\"1022\" src=\"https:\/\/www.vangraaf.com\/hu\/wp-content\/uploads\/sites\/3\/2022\/03\/M7_B_Wir_Headerbild_Gruppe_034-2.jpg\" class=\"attachment-full\" alt=\"\" title=\"\u00c9rt\u00e9kes\u00edt\u00e9si csoportvezet\u0151\" srcset=\"https:\/\/www.vangraaf.com\/hu\/wp-content\/uploads\/sites\/3\/2022\/03\/M7_B_Wir_Headerbild_Gruppe_034-2.jpg 768w, https:\/\/www.vangraaf.com\/hu\/wp-content\/uploads\/sites\/3\/2022\/03\/M7_B_Wir_Headerbild_Gruppe_034-2-225x300.jpg 225w, https:\/\/www.vangraaf.com\/hu\/wp-content\/uploads\/sites\/3\/2022\/03\/M7_B_Wir_Headerbild_Gruppe_034-2-480x639.jpg 480w, https:\/\/www.vangraaf.com\/hu\/wp-content\/uploads\/sites\/3\/2022\/03\/M7_B_Wir_Headerbild_Gruppe_034-2-690x918.jpg 690w\" sizes=\"(max-width: 768px) 100vw, 768px\" \/><\/div><div class=\"vc_col-sm-6 vc_col-md-4 vc_col-md-offset-1 people-story-slider__slider__item__content-wrap\"><div class=\"people-story-slider__slider__item__content\"><span class=\"h4\">Erika, \u00c9rt\u00e9kes\u00edt\u00e9si csoportvezet\u0151<\/span><p>A divat ir\u00e1nt t\u00e1pl\u00e1lt szenved\u00e9lyem mellett a csapatom jelenti sz\u00e1momra a legnagyobb motiv\u00e1ci\u00f3t. Az oszt\u00e1lyok k\u00f6z\u00f6tt remek az egy\u00fcttm\u0171k\u00f6d\u00e9s, \u00e9s sokat tesz\u00fcnk az\u00e9rt hogy a v\u00e1s\u00e1rl\u00f3ink sz\u00e1m\u00e1ra meg\u00fajul\u00f3 \u00e9s izgalmas v\u00e1s\u00e1rl\u00f3i \u00e9lm\u00e9nyt ny\u00fajtsunk. M\u00e1r ez\u00e9rt is nagyon fontos sz\u00e1munkra a j\u00f3 kommunik\u00e1ci\u00f3 \u00e9s az er\u0151s \u00f6sszetart\u00e1s. <\/p>\n<div class=\"people-story-slider__slider__item__pagination\"><button class=\"slick-prev slick-arrow\" aria-label=\"El\u0151z\u0151\" type=\"button\">El\u0151z\u0151<\/button><button class=\"slick-next slick-arrow\" aria-label=\"K\u00f6vetkez\u0151\" type=\"button\">K\u00f6vetkez\u0151<\/button><\/div><\/div><\/div><\/div><\/div><\/div><div class=\"people-story-slider__pagination\"><button class=\"slick-prev slick-arrow\" aria-label=\"El\u0151z\u0151\" type=\"button\">El\u0151z\u0151<\/button><button class=\"slick-next slick-arrow\" aria-label=\"K\u00f6vetkez\u0151\" type=\"button\">K\u00f6vetkez\u0151<\/button><\/div><\/div><\/div>[\/vc_column][\/vc_row][vc_row bwd_tbc4vd_show_weekday=&#8221;&#8221; full_width=&#8221;stretch_row_content_no_spaces&#8221;][vc_column]\n        <div class=\"headlines headlines--center\" data-aos=\"fade-up\">\n            <div class=\"vc_row\">\n                <div class=\"vc_col-md-10 vc_col-md-offset-1 vc_col-lg-10 vc_col-lg-offset-1\"><h2 class=\"h2\">Karrierkezd\u00e9s a VAN GRAAF csapat\u00e1ban<\/h2><\/div>\n            <\/div>\n        <\/div>[vc_row_inner bwd_tbc4vd_show_weekday=&#8221;&#8221; row_design=&#8221;row_square_background&#8221;][vc_column_inner width=&#8221;1\/3&#8243;]<div class=\"vg-element cta-teaser cta-teaser--center\" data-aos=\"fade-up\"><div class=\"cta-teaser__image\"><a class=\"\" href=\"https:\/\/www.vangraaf.com\/hu\/karrier\/rolunk\/iszakmai-fejlodes\/\" target=\"_self\" rel=\"\" style=\"\"><img loading=\"lazy\" decoding=\"async\" width=\"380\" height=\"254\" src=\"https:\/\/www.vangraaf.com\/hu\/wp-content\/uploads\/sites\/3\/2022\/03\/M7_D_Wir_Headerbild_Gruppe_030-2.jpg\" class=\"vc_single_image-img attachment-full\" alt=\"\" title=\"R\u00f3lunk_ser\" srcset=\"https:\/\/www.vangraaf.com\/hu\/wp-content\/uploads\/sites\/3\/2022\/03\/M7_D_Wir_Headerbild_Gruppe_030-2.jpg 380w, https:\/\/www.vangraaf.com\/hu\/wp-content\/uploads\/sites\/3\/2022\/03\/M7_D_Wir_Headerbild_Gruppe_030-2-300x201.jpg 300w\" sizes=\"(max-width: 380px) 100vw, 380px\" \/><\/a><\/div><div class=\"cta-teaser__text\"><h3>Fejl\u0151d\u00e9s<\/h3><p>A tanul\u00e1s soha nem megy ki a divatb\u00f3l! K\u00e9pz\u00e9seinkkel \u00e9s programjainkkal felk\u00e9sz\u00edt\u00fcnk a VAN GRAAF-fal k\u00f6z\u00f6s j\u00f6v\u0151re.<\/p><a class=\"button\" href=\"https:\/\/www.vangraaf.com\/hu\/karrier\/rolunk\/iszakmai-fejlodes\/\" target=\"_self\" rel=\"\" style=\"\">Tudj meg t\u00f6bbet<\/a><\/div><\/div>[\/vc_column_inner][vc_column_inner width=&#8221;1\/3&#8243;]<div class=\"vg-element cta-teaser cta-teaser--center\" data-aos=\"fade-up\"><div class=\"cta-teaser__image\"><a class=\"\" href=\"https:\/\/www.vangraaf.com\/hu\/karrier\/kapcsolat\/\" target=\"_self\" rel=\"\" style=\"\"><img loading=\"lazy\" decoding=\"async\" width=\"380\" height=\"254\" src=\"https:\/\/www.vangraaf.com\/hu\/wp-content\/uploads\/sites\/3\/2022\/03\/Nagy.jpg\" class=\"vc_single_image-img attachment-full\" alt=\"\" title=\"Nagy_Ser\" srcset=\"https:\/\/www.vangraaf.com\/hu\/wp-content\/uploads\/sites\/3\/2022\/03\/Nagy.jpg 380w, https:\/\/www.vangraaf.com\/hu\/wp-content\/uploads\/sites\/3\/2022\/03\/Nagy-300x201.jpg 300w\" sizes=\"(max-width: 380px) 100vw, 380px\" \/><\/a><\/div><div class=\"cta-teaser__text\"><h3>Kapcsolat<\/h3><p>K\u00e9rd\u00e9sed van a VAN GRAAF egyik poz\u00edci\u00f3j\u00e1val kapcsolatban? Akkor fordulj k\u00f6zvetlen\u00fcl Kir\u00e1hoz. +36 30 660 3813<\/p><a class=\"button\" href=\"https:\/\/www.vangraaf.com\/hu\/karrier\/kapcsolat\/\" target=\"_self\" rel=\"\" style=\"\">K\u00fcldj e-mailt<\/a><\/div><\/div>[\/vc_column_inner][vc_column_inner width=&#8221;1\/3&#8243;]<div class=\"vg-element cta-teaser cta-teaser--center\" data-aos=\"fade-up\"><div class=\"cta-teaser__image\"><a class=\"\" href=\"https:\/\/www.vangraaf.com\/hu\/karrier\/rolunk\/juttatasok\/\" target=\"_self\" rel=\"\" style=\"\"><img loading=\"lazy\" decoding=\"async\" width=\"380\" height=\"254\" src=\"https:\/\/www.vangraaf.com\/hu\/wp-content\/uploads\/sites\/3\/2022\/03\/M7_B_Wir_Headerbild_Gruppe_042-1.jpg\" class=\"vc_single_image-img attachment-full\" alt=\"\" title=\"Juttat\u00e1sok_mo\" srcset=\"https:\/\/www.vangraaf.com\/hu\/wp-content\/uploads\/sites\/3\/2022\/03\/M7_B_Wir_Headerbild_Gruppe_042-1.jpg 380w, https:\/\/www.vangraaf.com\/hu\/wp-content\/uploads\/sites\/3\/2022\/03\/M7_B_Wir_Headerbild_Gruppe_042-1-300x201.jpg 300w\" sizes=\"(max-width: 380px) 100vw, 380px\" \/><\/a><\/div><div class=\"cta-teaser__text\"><h3>Juttat\u00e1sok<\/h3><p>Felfedezted m\u00e1r, hogy milyen juttat\u00e1sokkal v\u00e1runk? Tudj meg t\u00f6bbet a VAN GRAAF \u00e1ltal ny\u00fajtott juttat\u00e1sokr\u00f3l.<\/p><a class=\"button\" href=\"https:\/\/www.vangraaf.com\/hu\/karrier\/rolunk\/juttatasok\/\" target=\"_self\" rel=\"\" style=\"\">A juttat\u00e1sokhoz<\/a><\/div><\/div>[\/vc_column_inner][\/vc_row_inner][\/vc_column][\/vc_row]<\/div>","protected":false},"excerpt":{"rendered":"[vc_row bwd_tbc4vd_show_weekday=&#8221;&#8221; full_width=&#8221;stretch_row_content_no_spaces&#8221;][vc_column][vc_column_text] Szereted a divatot? Mi is! Az \u00e9rt\u00e9kes\u00edt\u00e9si poz\u00edci\u00f3k \u00e9s p\u00e9nzt\u00e1ros \u00e1ll\u00e1s bet\u00f6lt\u00e9s\u00e9vel lehet\u0151s\u00e9ged ny\u00edlik a mindennapos kapcsolattart\u00e1sra v\u00e1s\u00e1rl\u00f3inkkal, akiknek t\u00f6k\u00e9letes v\u00e1s\u00e1rl\u00e1si \u00e9lm\u00e9ny\u00e9r\u0151l is gondoskodsz. \u00dczlet\u00fcnkben minden nap kih\u00edv\u00e1sokkal teli, soksz\u00edn\u0171 \u00e9s v\u00e1ltozatos munka v\u00e1r. Akn\u00e1zd ki a divatvil\u00e1g trendjei ir\u00e1nti lelkesed\u00e9sedet n\u00e1lunk! [\/vc_column_text][vc_column_text] Ind\u00edtsd el a karriered elad\u00f3k\u00e9nt Divatszakemberk\u00e9nt k\u00e9pes vagy minden [&hellip;]","protected":false},"author":6,"featured_media":0,"parent":6372,"menu_order":0,"comment_status":"closed","ping_status":"closed","template":"","meta":{"_acf_changed":false,"inline_featured_image":false,"footnotes":""},"class_list":["post-6378","page","type-page","status-publish","hentry"],"acf":[],"yoast_head":"<!-- This site is optimized with the Yoast SEO plugin v27.2 - https:\/\/yoast.com\/product\/yoast-seo-wordpress\/ -->\n<title>P\u00e9nzt\u00e1ros \u00e1ll\u00e1s \u00e9s elad\u00f3 poz\u00edci\u00f3 a VAN GRAAF \u00fczleteiben<\/title>\n<meta name=\"description\" content=\"P\u00e9nzt\u00e1ros \u00e1ll\u00e1s \u00e9s elad\u00f3 poz\u00edci\u00f3 a VAN GRAAF csapat\u00e1ban. Ha izgalmas, kih\u00edv\u00e1sokkal teli feladatokra \u00e9s fejl\u0151d\u00e9si potenci\u00e1lra v\u00e1gysz, jelentkezz hozz\u00e1nk!\" \/>\n<meta name=\"robots\" content=\"index, follow, max-snippet:-1, max-image-preview:large, max-video-preview:-1\" \/>\n<link rel=\"canonical\" href=\"https:\/\/www.vangraaf.com\/hu\/karrier\/allas-karrier\/ertekesites\/\" \/>\n<meta property=\"og:locale\" content=\"hu_HU\" \/>\n<meta property=\"og:type\" content=\"article\" \/>\n<meta property=\"og:title\" content=\"P\u00e9nzt\u00e1ros \u00e1ll\u00e1s \u00e9s elad\u00f3 poz\u00edci\u00f3 a VAN GRAAF \u00fczleteiben\" \/>\n<meta property=\"og:description\" content=\"P\u00e9nzt\u00e1ros \u00e1ll\u00e1s \u00e9s elad\u00f3 poz\u00edci\u00f3 a VAN GRAAF csapat\u00e1ban. Ha izgalmas, kih\u00edv\u00e1sokkal teli feladatokra \u00e9s fejl\u0151d\u00e9si potenci\u00e1lra v\u00e1gysz, jelentkezz hozz\u00e1nk!\" \/>\n<meta property=\"og:url\" content=\"https:\/\/www.vangraaf.com\/hu\/karrier\/allas-karrier\/ertekesites\/\" \/>\n<meta property=\"og:site_name\" content=\"VAN GRAAF Magyarorsz\u00e1g\" \/>\n<meta property=\"article:modified_time\" content=\"2024-09-17T13:59:57+00:00\" \/>\n<meta name=\"twitter:card\" content=\"summary_large_image\" \/>\n<meta name=\"twitter:label1\" content=\"Becs\u00fclt olvas\u00e1si id\u0151\" \/>\n\t<meta name=\"twitter:data1\" content=\"4 perc\" \/>\n<script type=\"application\/ld+json\" class=\"yoast-schema-graph\">{\"@context\":\"https:\/\/schema.org\",\"@graph\":[{\"@type\":\"WebPage\",\"@id\":\"https:\/\/www.vangraaf.com\/hu\/karrier\/allas-karrier\/ertekesites\/\",\"url\":\"https:\/\/www.vangraaf.com\/hu\/karrier\/allas-karrier\/ertekesites\/\",\"name\":\"P\u00e9nzt\u00e1ros \u00e1ll\u00e1s \u00e9s elad\u00f3 poz\u00edci\u00f3 a VAN GRAAF \u00fczleteiben\",\"isPartOf\":{\"@id\":\"https:\/\/www.vangraaf.com\/hu\/#website\"},\"datePublished\":\"2022-02-15T10:22:27+00:00\",\"dateModified\":\"2024-09-17T13:59:57+00:00\",\"description\":\"P\u00e9nzt\u00e1ros \u00e1ll\u00e1s \u00e9s elad\u00f3 poz\u00edci\u00f3 a VAN GRAAF csapat\u00e1ban. Ha izgalmas, kih\u00edv\u00e1sokkal teli feladatokra \u00e9s fejl\u0151d\u00e9si potenci\u00e1lra v\u00e1gysz, jelentkezz hozz\u00e1nk!\",\"breadcrumb\":{\"@id\":\"https:\/\/www.vangraaf.com\/hu\/karrier\/allas-karrier\/ertekesites\/#breadcrumb\"},\"inLanguage\":\"hu\",\"potentialAction\":[{\"@type\":\"ReadAction\",\"target\":[\"https:\/\/www.vangraaf.com\/hu\/karrier\/allas-karrier\/ertekesites\/\"]}]},{\"@type\":\"BreadcrumbList\",\"@id\":\"https:\/\/www.vangraaf.com\/hu\/karrier\/allas-karrier\/ertekesites\/#breadcrumb\",\"itemListElement\":[{\"@type\":\"ListItem\",\"position\":1,\"name\":\"Home\",\"item\":\"https:\/\/www.vangraaf.com\/hu\/\"},{\"@type\":\"ListItem\",\"position\":2,\"name\":\"Karrier\",\"item\":\"https:\/\/www.vangraaf.com\/hu\/karrier\/\"},{\"@type\":\"ListItem\",\"position\":3,\"name\":\"\u00c1ll\u00e1s &amp; karrier\",\"item\":\"https:\/\/www.vangraaf.com\/hu\/karrier\/allas-karrier\/\"},{\"@type\":\"ListItem\",\"position\":4,\"name\":\"\u00c9rt\u00e9kes\u00edt\u00e9s\"}]},{\"@type\":\"WebSite\",\"@id\":\"https:\/\/www.vangraaf.com\/hu\/#website\",\"url\":\"https:\/\/www.vangraaf.com\/hu\/\",\"name\":\"VAN GRAAF\",\"description\":\"VAN GRAAF\",\"potentialAction\":[{\"@type\":\"SearchAction\",\"target\":{\"@type\":\"EntryPoint\",\"urlTemplate\":\"https:\/\/www.vangraaf.com\/hu\/?s={search_term_string}\"},\"query-input\":{\"@type\":\"PropertyValueSpecification\",\"valueRequired\":true,\"valueName\":\"search_term_string\"}}],\"inLanguage\":\"hu\"}]}<\/script>\n<!-- \/ Yoast SEO plugin. -->","yoast_head_json":{"title":"P\u00e9nzt\u00e1ros \u00e1ll\u00e1s \u00e9s elad\u00f3 poz\u00edci\u00f3 a VAN GRAAF \u00fczleteiben","description":"P\u00e9nzt\u00e1ros \u00e1ll\u00e1s \u00e9s elad\u00f3 poz\u00edci\u00f3 a VAN GRAAF csapat\u00e1ban. Ha izgalmas, kih\u00edv\u00e1sokkal teli feladatokra \u00e9s fejl\u0151d\u00e9si potenci\u00e1lra v\u00e1gysz, jelentkezz hozz\u00e1nk!","robots":{"index":"index","follow":"follow","max-snippet":"max-snippet:-1","max-image-preview":"max-image-preview:large","max-video-preview":"max-video-preview:-1"},"canonical":"https:\/\/www.vangraaf.com\/hu\/karrier\/allas-karrier\/ertekesites\/","og_locale":"hu_HU","og_type":"article","og_title":"P\u00e9nzt\u00e1ros \u00e1ll\u00e1s \u00e9s elad\u00f3 poz\u00edci\u00f3 a VAN GRAAF \u00fczleteiben","og_description":"P\u00e9nzt\u00e1ros \u00e1ll\u00e1s \u00e9s elad\u00f3 poz\u00edci\u00f3 a VAN GRAAF csapat\u00e1ban. Ha izgalmas, kih\u00edv\u00e1sokkal teli feladatokra \u00e9s fejl\u0151d\u00e9si potenci\u00e1lra v\u00e1gysz, jelentkezz hozz\u00e1nk!","og_url":"https:\/\/www.vangraaf.com\/hu\/karrier\/allas-karrier\/ertekesites\/","og_site_name":"VAN GRAAF Magyarorsz\u00e1g","article_modified_time":"2024-09-17T13:59:57+00:00","twitter_card":"summary_large_image","twitter_misc":{"Becs\u00fclt olvas\u00e1si id\u0151":"4 perc"},"schema":{"@context":"https:\/\/schema.org","@graph":[{"@type":"WebPage","@id":"https:\/\/www.vangraaf.com\/hu\/karrier\/allas-karrier\/ertekesites\/","url":"https:\/\/www.vangraaf.com\/hu\/karrier\/allas-karrier\/ertekesites\/","name":"P\u00e9nzt\u00e1ros \u00e1ll\u00e1s \u00e9s elad\u00f3 poz\u00edci\u00f3 a VAN GRAAF \u00fczleteiben","isPartOf":{"@id":"https:\/\/www.vangraaf.com\/hu\/#website"},"datePublished":"2022-02-15T10:22:27+00:00","dateModified":"2024-09-17T13:59:57+00:00","description":"P\u00e9nzt\u00e1ros \u00e1ll\u00e1s \u00e9s elad\u00f3 poz\u00edci\u00f3 a VAN GRAAF csapat\u00e1ban. Ha izgalmas, kih\u00edv\u00e1sokkal teli feladatokra \u00e9s fejl\u0151d\u00e9si potenci\u00e1lra v\u00e1gysz, jelentkezz hozz\u00e1nk!","breadcrumb":{"@id":"https:\/\/www.vangraaf.com\/hu\/karrier\/allas-karrier\/ertekesites\/#breadcrumb"},"inLanguage":"hu","potentialAction":[{"@type":"ReadAction","target":["https:\/\/www.vangraaf.com\/hu\/karrier\/allas-karrier\/ertekesites\/"]}]},{"@type":"BreadcrumbList","@id":"https:\/\/www.vangraaf.com\/hu\/karrier\/allas-karrier\/ertekesites\/#breadcrumb","itemListElement":[{"@type":"ListItem","position":1,"name":"Home","item":"https:\/\/www.vangraaf.com\/hu\/"},{"@type":"ListItem","position":2,"name":"Karrier","item":"https:\/\/www.vangraaf.com\/hu\/karrier\/"},{"@type":"ListItem","position":3,"name":"\u00c1ll\u00e1s &amp; karrier","item":"https:\/\/www.vangraaf.com\/hu\/karrier\/allas-karrier\/"},{"@type":"ListItem","position":4,"name":"\u00c9rt\u00e9kes\u00edt\u00e9s"}]},{"@type":"WebSite","@id":"https:\/\/www.vangraaf.com\/hu\/#website","url":"https:\/\/www.vangraaf.com\/hu\/","name":"VAN GRAAF","description":"VAN GRAAF","potentialAction":[{"@type":"SearchAction","target":{"@type":"EntryPoint","urlTemplate":"https:\/\/www.vangraaf.com\/hu\/?s={search_term_string}"},"query-input":{"@type":"PropertyValueSpecification","valueRequired":true,"valueName":"search_term_string"}}],"inLanguage":"hu"}]}},"_links":{"self":[{"href":"https:\/\/www.vangraaf.com\/hu\/wp-json\/wp\/v2\/pages\/6378","targetHints":{"allow":["GET"]}}],"collection":[{"href":"https:\/\/www.vangraaf.com\/hu\/wp-json\/wp\/v2\/pages"}],"about":[{"href":"https:\/\/www.vangraaf.com\/hu\/wp-json\/wp\/v2\/types\/page"}],"author":[{"embeddable":true,"href":"https:\/\/www.vangraaf.com\/hu\/wp-json\/wp\/v2\/users\/6"}],"replies":[{"embeddable":true,"href":"https:\/\/www.vangraaf.com\/hu\/wp-json\/wp\/v2\/comments?post=6378"}],"version-history":[{"count":24,"href":"https:\/\/www.vangraaf.com\/hu\/wp-json\/wp\/v2\/pages\/6378\/revisions"}],"predecessor-version":[{"id":12852,"href":"https:\/\/www.vangraaf.com\/hu\/wp-json\/wp\/v2\/pages\/6378\/revisions\/12852"}],"up":[{"embeddable":true,"href":"https:\/\/www.vangraaf.com\/hu\/wp-json\/wp\/v2\/pages\/6372"}],"wp:attachment":[{"href":"https:\/\/www.vangraaf.com\/hu\/wp-json\/wp\/v2\/media?parent=6378"}],"curies":[{"name":"wp","href":"https:\/\/api.w.org\/{rel}","templated":true}]}}