{"id":6376,"date":"2022-02-15T11:21:57","date_gmt":"2022-02-15T10:21:57","guid":{"rendered":"https:\/\/www.vangraaf.com\/hu\/?page_id=6376"},"modified":"2022-07-29T13:04:59","modified_gmt":"2022-07-29T11:04:59","slug":"rolunk","status":"publish","type":"page","link":"https:\/\/www.vangraaf.com\/hu\/karrier\/rolunk\/","title":{"rendered":"R\u00f3lunk"},"content":{"rendered":"<div class=\"wpb-content-wrapper\">[vc_row bwd_tbc4vd_show_weekday=&#8221;&#8221; full_width=&#8221;stretch_row_content_no_spaces&#8221;][vc_column]<div class=\"keyvisual\" data-aos=\"fade-up\" ><img loading=\"lazy\" decoding=\"async\" width=\"1440\" height=\"480\" src=\"https:\/\/www.vangraaf.com\/hu\/wp-content\/uploads\/sites\/3\/2022\/03\/M7_D_Wir_Headerbild_Gruppe_030.jpg\" class=\"vc_single_image-img keyvisual__image--big\" alt=\"\" srcset=\"https:\/\/www.vangraaf.com\/hu\/wp-content\/uploads\/sites\/3\/2022\/03\/M7_D_Wir_Headerbild_Gruppe_030.jpg 1440w, https:\/\/www.vangraaf.com\/hu\/wp-content\/uploads\/sites\/3\/2022\/03\/M7_D_Wir_Headerbild_Gruppe_030-300x100.jpg 300w, https:\/\/www.vangraaf.com\/hu\/wp-content\/uploads\/sites\/3\/2022\/03\/M7_D_Wir_Headerbild_Gruppe_030-1024x341.jpg 1024w, https:\/\/www.vangraaf.com\/hu\/wp-content\/uploads\/sites\/3\/2022\/03\/M7_D_Wir_Headerbild_Gruppe_030-768x256.jpg 768w, https:\/\/www.vangraaf.com\/hu\/wp-content\/uploads\/sites\/3\/2022\/03\/M7_D_Wir_Headerbild_Gruppe_030-1200x400.jpg 1200w, https:\/\/www.vangraaf.com\/hu\/wp-content\/uploads\/sites\/3\/2022\/03\/M7_D_Wir_Headerbild_Gruppe_030-992x331.jpg 992w, https:\/\/www.vangraaf.com\/hu\/wp-content\/uploads\/sites\/3\/2022\/03\/M7_D_Wir_Headerbild_Gruppe_030-480x160.jpg 480w, https:\/\/www.vangraaf.com\/hu\/wp-content\/uploads\/sites\/3\/2022\/03\/M7_D_Wir_Headerbild_Gruppe_030-690x230.jpg 690w\" sizes=\"(max-width: 1440px) 100vw, 1440px\" \/><img loading=\"lazy\" decoding=\"async\" width=\"768\" height=\"250\" src=\"https:\/\/www.vangraaf.com\/hu\/wp-content\/uploads\/sites\/3\/2022\/03\/M7_D_Wir_Headerbild_Gruppe_030-1.jpg\" class=\"vc_single_image-img keyvisual__image--small\" alt=\"\" srcset=\"https:\/\/www.vangraaf.com\/hu\/wp-content\/uploads\/sites\/3\/2022\/03\/M7_D_Wir_Headerbild_Gruppe_030-1.jpg 768w, https:\/\/www.vangraaf.com\/hu\/wp-content\/uploads\/sites\/3\/2022\/03\/M7_D_Wir_Headerbild_Gruppe_030-1-300x98.jpg 300w, https:\/\/www.vangraaf.com\/hu\/wp-content\/uploads\/sites\/3\/2022\/03\/M7_D_Wir_Headerbild_Gruppe_030-1-480x156.jpg 480w, https:\/\/www.vangraaf.com\/hu\/wp-content\/uploads\/sites\/3\/2022\/03\/M7_D_Wir_Headerbild_Gruppe_030-1-690x225.jpg 690w\" sizes=\"(max-width: 768px) 100vw, 768px\" \/><\/div>\n        <div class=\"headlines headlines--center\" data-aos=\"fade-up\">\n            <div class=\"vc_row\">\n                <div class=\"vc_col-md-10 vc_col-md-offset-1 vc_col-lg-10 vc_col-lg-offset-1\"><span class=\"h6\">A VAN GRAAF mint munk\u00e1ltat\u00f3<\/span><h1 class=\"h2\">Egy\u00fcttm\u0171k\u00f6d\u00e9s<\/h1><\/div>\n            <\/div>\n        <\/div>[vc_column_text]\r\n<p style=\"text-align: center\">A VAN GRAAF v\u00e1llalati kult\u00far\u00e1ja gazdag \u00e9s t\u00e1mogat\u00f3. Az \u00e1tl\u00e1that\u00f3 hierarchi\u00e1nak \u00e9s a ny\u00edlt visszajelz\u00e9sen alapul\u00f3 v\u00e1llalati kult\u00far\u00e1nak k\u00f6sz\u00f6nhet\u0151en n\u00e1lunk b\u00e1tran kezdem\u00e9nyezhetsz \u00e9s tov\u00e1bbi felel\u0151ss\u00e9get v\u00e1llalhatsz. K\u00fcl\u00f6n\u00f6sen fontosak sz\u00e1munkra az olyan k\u00f6z\u00f6s \u00e9rt\u00e9kek, mint a bizalom, a megbecs\u00fcl\u00e9s \u00e9s az \u0151szintes\u00e9g. Ezek szolg\u00e1lnak alapul a sikeres egy\u00fcttm\u0171k\u00f6d\u00e9s\u00fcnkh\u00f6z.<\/p>\r\n[\/vc_column_text][\/vc_column][\/vc_row][vc_row][vc_column]\n        <div class=\"vg-element promo-teaser promo-teaser--  promo-teaser--\" style=\"--season-color: #ffffff;\" data-aos=\"fade-up\">\n            <div class=\"vc_row vc_row-flex\">\n                <div class=\"vc_col-sm-6 promo-teaser__image\">\n                    <a class=\"\" href=\"https:\/\/www.vangraaf.com\/hu\/karrier\/rolunk\/egyutt\/\" target=\"_self\" rel=\"\" style=\"\"><img loading=\"lazy\" decoding=\"async\" width=\"599\" height=\"549\" src=\"https:\/\/www.vangraaf.com\/hu\/wp-content\/uploads\/sites\/3\/2022\/03\/M7_E_Wir_Headerbild_Gruppe_021.jpg\" class=\"vc_single_image-img\" alt=\"\" srcset=\"https:\/\/www.vangraaf.com\/hu\/wp-content\/uploads\/sites\/3\/2022\/03\/M7_E_Wir_Headerbild_Gruppe_021.jpg 599w, https:\/\/www.vangraaf.com\/hu\/wp-content\/uploads\/sites\/3\/2022\/03\/M7_E_Wir_Headerbild_Gruppe_021-300x275.jpg 300w, https:\/\/www.vangraaf.com\/hu\/wp-content\/uploads\/sites\/3\/2022\/03\/M7_E_Wir_Headerbild_Gruppe_021-480x440.jpg 480w\" sizes=\"(max-width: 599px) 100vw, 599px\" \/><\/a>\n                <\/div>\n                <div class=\"vc_col-sm-6\">\n                    <div class=\"promo-teaser__content-wrapper\">\n                        <div class=\"promo-teaser__content promo-teaser__content--center\"><h3>K\u00f6z\u00f6sen<\/h3><p>K\u00f6z\u00f6s benn\u00fcnk a divat \u00e9s az emberek ir\u00e1nti szenved\u00e9ly. Akt\u00edvan t\u00e1mogatjuk az \u00f6sszetart\u00e1st, amely inspir\u00e1ci\u00f3forr\u00e1s saj\u00e1t magunk \u00e9s m\u00e1sok sz\u00e1m\u00e1ra. J\u00f6v\u0151be mutat\u00f3 vezet\u00e9ssel olyan egy\u00fcttm\u0171k\u00f6d\u00e9st teremt\u00fcnk, amelyben mindenki teljes m\u00e9rt\u00e9kben kibontakozhat.<\/p>\n<a class=\"button button--\" href=\"https:\/\/www.vangraaf.com\/hu\/karrier\/rolunk\/egyutt\/\" target=\"_self\" rel=\"\" style=\"\">Tudj meg t\u00f6bbet<\/a><\/div>\n                    <\/div>\n                <\/div>\n            <\/div>\n        <\/div>[\/vc_column][\/vc_row][vc_row][vc_column width=&#8221;1\/3&#8243;]<div class=\"vg-element cta-teaser cta-teaser--center\" data-aos=\"fade-up\"><div class=\"cta-teaser__text\"><h3>Fejl\u0151d\u00e9s<\/h3><p>A szakmai fejl\u0151d\u00e9sed kiemelked\u0151en fontos sz\u00e1munkra. Sz\u00e9les k\u00e9pz\u00e9sk\u00edn\u00e1latokat biztos\u00edtunk dolgoz\u00f3ink r\u00e9sz\u00e9re \u00e9s felk\u00e9sz\u00edt\u00fcnk a VAN GRAAF-fal k\u00f6z\u00f6s j\u00f6v\u0151re.<\/p><a class=\"button\" href=\"https:\/\/www.vangraaf.com\/hu\/karrier\/rolunk\/iszakmai-fejlodes\/\" target=\"_self\" rel=\"\" style=\"\">Tudj meg t\u00f6bbet<\/a><\/div><\/div>[\/vc_column][vc_column width=&#8221;1\/3&#8243;]<div class=\"vg-element cta-teaser cta-teaser--center\" data-aos=\"fade-up\"><div class=\"cta-teaser__text\"><h3>Felel\u0151ss\u00e9g<\/h3><p>A VAN GRAAF fenntarthat\u00f3 j\u00f6v\u0151t szeretne teremteni. Csal\u00e1di v\u00e1llalkoz\u00e1sk\u00e9nt a v\u00e1llalati felel\u0151ss\u00e9gv\u00e1llal\u00e1s c\u00e9gkult\u00far\u00e1nk szerves r\u00e9sze.<\/p><a class=\"button\" href=\"https:\/\/www.vangraaf.com\/hu\/karrier\/rolunk\/felelosseg\/\" target=\"_self\" rel=\"\" style=\"\">Tudj meg t\u00f6bbet<\/a><\/div><\/div>[\/vc_column][vc_column width=&#8221;1\/3&#8243;]<div class=\"vg-element cta-teaser cta-teaser--center\" data-aos=\"fade-up\"><div class=\"cta-teaser__text\"><h3>Juttat\u00e1sok<\/h3><p>N\u00e1lunk sz\u00e1mos juttat\u00e1s v\u00e1r R\u00e1d. A kieg\u00e9sz\u00edt\u0151 juttat\u00e1sok sz\u00e9les sk\u00e1l\u00e1j\u00e1val szeretn\u00e9nk m\u00e9g kellemesebb\u00e9 tenni a VAN GRAAF csapat\u00e1ban v\u00e9gzett munk\u00e1t.<\/p><a class=\"button\" href=\"https:\/\/www.vangraaf.com\/hu\/karrier\/rolunk\/juttatasok\/\" target=\"_self\" rel=\"\" style=\"\">Tudj meg t\u00f6bbet<\/a><\/div><\/div>[\/vc_column][\/vc_row][vc_row][vc_column]\n        <div class=\"headlines headlines--center\" data-aos=\"fade-up\">\n            <div class=\"vc_row\">\n                <div class=\"vc_col-md-10 vc_col-md-offset-1 vc_col-lg-10 vc_col-lg-offset-1\"><h2 class=\"h2\">A v\u00e1llalat<\/h2><\/div>\n            <\/div>\n        <\/div>[vc_column_text]A VAN GRAAF Eur\u00f3pa egyik vezet\u0151 <a href=\"https:\/\/www.vangraaf.com\/hu\/karrier\/rolunk\/a-vallalat\/\" target=\"_blank\" rel=\"noopener\">divatkereskedelmi<\/a> c\u00e9ge. A Peek&amp;Cloppenburg KG Hamburg \u00e9gisze alatt alap\u00edtott v\u00e1llalatunk ma m\u00e1r t\u00f6bb mint 16 \u00fczletet foglal mag\u00e1ba Lengyelorsz\u00e1gban, Csehorsz\u00e1gban, Magyarorsz\u00e1gon, Lettorsz\u00e1gban \u00e9s Sv\u00e1jcban.[\/vc_column_text][\/vc_column][\/vc_row][vc_row][vc_column]<div class=\"quote-teaser quote-teaser--light\" style=\"--bg-image: url(https:\/\/www.vangraaf.com\/hu\/wp-content\/uploads\/sites\/3\/2022\/03\/M7_F_Wir_Headerbild_Gruppe_023-1200x542.jpg); --season-color: #002045\" data-aos=\"fade-up\"><div class=\"vc_row vc_row-flex\"><div class=\"vc_col-sm-6 vc_col-sm-offset-6\"><div class=\"quote-teaser__content\"><img loading=\"lazy\" decoding=\"async\" width=\"768\" height=\"650\" src=\"https:\/\/www.vangraaf.com\/hu\/wp-content\/uploads\/sites\/3\/2022\/03\/M7_F_Wir_Headerbild_Gruppe_023-1.jpg\" class=\"quote-teaser__content__image\" alt=\"\" srcset=\"https:\/\/www.vangraaf.com\/hu\/wp-content\/uploads\/sites\/3\/2022\/03\/M7_F_Wir_Headerbild_Gruppe_023-1.jpg 768w, https:\/\/www.vangraaf.com\/hu\/wp-content\/uploads\/sites\/3\/2022\/03\/M7_F_Wir_Headerbild_Gruppe_023-1-300x254.jpg 300w, https:\/\/www.vangraaf.com\/hu\/wp-content\/uploads\/sites\/3\/2022\/03\/M7_F_Wir_Headerbild_Gruppe_023-1-480x406.jpg 480w, https:\/\/www.vangraaf.com\/hu\/wp-content\/uploads\/sites\/3\/2022\/03\/M7_F_Wir_Headerbild_Gruppe_023-1-690x584.jpg 690w\" sizes=\"(max-width: 768px) 100vw, 768px\" \/><div class=\"quote-teaser__content__quote\">Itt megbecs\u00fclnek. A hangulat csal\u00e1dias, a csapat pedig nagyon \u00f6sszetart\u00f3.<\/div><div class=\"quote-teaser__content__author\"><p>Attila, \u00c9rt\u00e9kes\u00edt\u00e9si csoportvezet\u0151<\/p>\n<\/div><a class=\"button button--light\" href=\"https:\/\/www.vangraaf.com\/hu\/karrier\/allas-karrier\/allasajanlatok\/\" target=\"_self\" rel=\"\" style=\"\">L\u00e9gy r\u00e9szese a csapatnak<\/a><\/div><\/div><\/div><\/div>[\/vc_column][\/vc_row]<\/div>","protected":false},"excerpt":{"rendered":"[vc_row bwd_tbc4vd_show_weekday=&#8221;&#8221; full_width=&#8221;stretch_row_content_no_spaces&#8221;][vc_column][vc_column_text] A VAN GRAAF v\u00e1llalati kult\u00far\u00e1ja gazdag \u00e9s t\u00e1mogat\u00f3. Az \u00e1tl\u00e1that\u00f3 hierarchi\u00e1nak \u00e9s a ny\u00edlt visszajelz\u00e9sen alapul\u00f3 v\u00e1llalati kult\u00far\u00e1nak k\u00f6sz\u00f6nhet\u0151en n\u00e1lunk b\u00e1tran kezdem\u00e9nyezhetsz \u00e9s tov\u00e1bbi felel\u0151ss\u00e9get v\u00e1llalhatsz. K\u00fcl\u00f6n\u00f6sen fontosak sz\u00e1munkra az olyan k\u00f6z\u00f6s \u00e9rt\u00e9kek, mint a bizalom, a megbecs\u00fcl\u00e9s \u00e9s az \u0151szintes\u00e9g. Ezek szolg\u00e1lnak alapul a sikeres egy\u00fcttm\u0171k\u00f6d\u00e9s\u00fcnkh\u00f6z. [\/vc_column_text][\/vc_column][\/vc_row][vc_row][vc_column][\/vc_column][\/vc_row][vc_row][vc_column width=&#8221;1\/3&#8243;][\/vc_column][vc_column width=&#8221;1\/3&#8243;][\/vc_column][vc_column width=&#8221;1\/3&#8243;][\/vc_column][\/vc_row][vc_row][vc_column][vc_column_text]A VAN [&hellip;]","protected":false},"author":6,"featured_media":0,"parent":6356,"menu_order":0,"comment_status":"closed","ping_status":"closed","template":"","meta":{"_acf_changed":false,"inline_featured_image":false,"footnotes":""},"class_list":["post-6376","page","type-page","status-publish","hentry"],"acf":[],"yoast_head":"<!-- This site is optimized with the Yoast SEO plugin v27.2 - https:\/\/yoast.com\/product\/yoast-seo-wordpress\/ -->\n<title>Egy\u00fcttm\u0171k\u00f6d\u00e9s I VAN GRAAF<\/title>\n<meta name=\"description\" content=\"Mit k\u00edn\u00e1l sz\u00e1modra a VAN GRAAF? Rengeteg mindent! K\u00fcldd el hozz\u00e1nk a p\u00e1ly\u00e1zatodat, \u00e9s ismerd meg a v\u00e1llalati kult\u00far\u00e1nkat!\" \/>\n<meta name=\"robots\" content=\"index, follow, max-snippet:-1, max-image-preview:large, max-video-preview:-1\" \/>\n<link rel=\"canonical\" href=\"https:\/\/www.vangraaf.com\/hu\/karrier\/rolunk\/\" \/>\n<meta property=\"og:locale\" content=\"hu_HU\" \/>\n<meta property=\"og:type\" content=\"article\" \/>\n<meta property=\"og:title\" content=\"Egy\u00fcttm\u0171k\u00f6d\u00e9s I VAN GRAAF\" \/>\n<meta property=\"og:description\" content=\"Mit k\u00edn\u00e1l sz\u00e1modra a VAN GRAAF? Rengeteg mindent! K\u00fcldd el hozz\u00e1nk a p\u00e1ly\u00e1zatodat, \u00e9s ismerd meg a v\u00e1llalati kult\u00far\u00e1nkat!\" \/>\n<meta property=\"og:url\" content=\"https:\/\/www.vangraaf.com\/hu\/karrier\/rolunk\/\" \/>\n<meta property=\"og:site_name\" content=\"VAN GRAAF Magyarorsz\u00e1g\" \/>\n<meta property=\"article:modified_time\" content=\"2022-07-29T11:04:59+00:00\" \/>\n<meta name=\"twitter:card\" content=\"summary_large_image\" \/>\n<meta name=\"twitter:label1\" content=\"Becs\u00fclt olvas\u00e1si id\u0151\" \/>\n\t<meta name=\"twitter:data1\" content=\"3 perc\" \/>\n<script type=\"application\/ld+json\" class=\"yoast-schema-graph\">{\"@context\":\"https:\/\/schema.org\",\"@graph\":[{\"@type\":\"WebPage\",\"@id\":\"https:\/\/www.vangraaf.com\/hu\/karrier\/rolunk\/\",\"url\":\"https:\/\/www.vangraaf.com\/hu\/karrier\/rolunk\/\",\"name\":\"Egy\u00fcttm\u0171k\u00f6d\u00e9s I VAN GRAAF\",\"isPartOf\":{\"@id\":\"https:\/\/www.vangraaf.com\/hu\/#website\"},\"datePublished\":\"2022-02-15T10:21:57+00:00\",\"dateModified\":\"2022-07-29T11:04:59+00:00\",\"description\":\"Mit k\u00edn\u00e1l sz\u00e1modra a VAN GRAAF? Rengeteg mindent! K\u00fcldd el hozz\u00e1nk a p\u00e1ly\u00e1zatodat, \u00e9s ismerd meg a v\u00e1llalati kult\u00far\u00e1nkat!\",\"breadcrumb\":{\"@id\":\"https:\/\/www.vangraaf.com\/hu\/karrier\/rolunk\/#breadcrumb\"},\"inLanguage\":\"hu\",\"potentialAction\":[{\"@type\":\"ReadAction\",\"target\":[\"https:\/\/www.vangraaf.com\/hu\/karrier\/rolunk\/\"]}]},{\"@type\":\"BreadcrumbList\",\"@id\":\"https:\/\/www.vangraaf.com\/hu\/karrier\/rolunk\/#breadcrumb\",\"itemListElement\":[{\"@type\":\"ListItem\",\"position\":1,\"name\":\"Home\",\"item\":\"https:\/\/www.vangraaf.com\/hu\/\"},{\"@type\":\"ListItem\",\"position\":2,\"name\":\"Karrier\",\"item\":\"https:\/\/www.vangraaf.com\/hu\/karrier\/\"},{\"@type\":\"ListItem\",\"position\":3,\"name\":\"R\u00f3lunk\"}]},{\"@type\":\"WebSite\",\"@id\":\"https:\/\/www.vangraaf.com\/hu\/#website\",\"url\":\"https:\/\/www.vangraaf.com\/hu\/\",\"name\":\"VAN GRAAF\",\"description\":\"VAN GRAAF\",\"potentialAction\":[{\"@type\":\"SearchAction\",\"target\":{\"@type\":\"EntryPoint\",\"urlTemplate\":\"https:\/\/www.vangraaf.com\/hu\/?s={search_term_string}\"},\"query-input\":{\"@type\":\"PropertyValueSpecification\",\"valueRequired\":true,\"valueName\":\"search_term_string\"}}],\"inLanguage\":\"hu\"}]}<\/script>\n<!-- \/ Yoast SEO plugin. -->","yoast_head_json":{"title":"Egy\u00fcttm\u0171k\u00f6d\u00e9s I VAN GRAAF","description":"Mit k\u00edn\u00e1l sz\u00e1modra a VAN GRAAF? Rengeteg mindent! K\u00fcldd el hozz\u00e1nk a p\u00e1ly\u00e1zatodat, \u00e9s ismerd meg a v\u00e1llalati kult\u00far\u00e1nkat!","robots":{"index":"index","follow":"follow","max-snippet":"max-snippet:-1","max-image-preview":"max-image-preview:large","max-video-preview":"max-video-preview:-1"},"canonical":"https:\/\/www.vangraaf.com\/hu\/karrier\/rolunk\/","og_locale":"hu_HU","og_type":"article","og_title":"Egy\u00fcttm\u0171k\u00f6d\u00e9s I VAN GRAAF","og_description":"Mit k\u00edn\u00e1l sz\u00e1modra a VAN GRAAF? Rengeteg mindent! K\u00fcldd el hozz\u00e1nk a p\u00e1ly\u00e1zatodat, \u00e9s ismerd meg a v\u00e1llalati kult\u00far\u00e1nkat!","og_url":"https:\/\/www.vangraaf.com\/hu\/karrier\/rolunk\/","og_site_name":"VAN GRAAF Magyarorsz\u00e1g","article_modified_time":"2022-07-29T11:04:59+00:00","twitter_card":"summary_large_image","twitter_misc":{"Becs\u00fclt olvas\u00e1si id\u0151":"3 perc"},"schema":{"@context":"https:\/\/schema.org","@graph":[{"@type":"WebPage","@id":"https:\/\/www.vangraaf.com\/hu\/karrier\/rolunk\/","url":"https:\/\/www.vangraaf.com\/hu\/karrier\/rolunk\/","name":"Egy\u00fcttm\u0171k\u00f6d\u00e9s I VAN GRAAF","isPartOf":{"@id":"https:\/\/www.vangraaf.com\/hu\/#website"},"datePublished":"2022-02-15T10:21:57+00:00","dateModified":"2022-07-29T11:04:59+00:00","description":"Mit k\u00edn\u00e1l sz\u00e1modra a VAN GRAAF? Rengeteg mindent! K\u00fcldd el hozz\u00e1nk a p\u00e1ly\u00e1zatodat, \u00e9s ismerd meg a v\u00e1llalati kult\u00far\u00e1nkat!","breadcrumb":{"@id":"https:\/\/www.vangraaf.com\/hu\/karrier\/rolunk\/#breadcrumb"},"inLanguage":"hu","potentialAction":[{"@type":"ReadAction","target":["https:\/\/www.vangraaf.com\/hu\/karrier\/rolunk\/"]}]},{"@type":"BreadcrumbList","@id":"https:\/\/www.vangraaf.com\/hu\/karrier\/rolunk\/#breadcrumb","itemListElement":[{"@type":"ListItem","position":1,"name":"Home","item":"https:\/\/www.vangraaf.com\/hu\/"},{"@type":"ListItem","position":2,"name":"Karrier","item":"https:\/\/www.vangraaf.com\/hu\/karrier\/"},{"@type":"ListItem","position":3,"name":"R\u00f3lunk"}]},{"@type":"WebSite","@id":"https:\/\/www.vangraaf.com\/hu\/#website","url":"https:\/\/www.vangraaf.com\/hu\/","name":"VAN GRAAF","description":"VAN GRAAF","potentialAction":[{"@type":"SearchAction","target":{"@type":"EntryPoint","urlTemplate":"https:\/\/www.vangraaf.com\/hu\/?s={search_term_string}"},"query-input":{"@type":"PropertyValueSpecification","valueRequired":true,"valueName":"search_term_string"}}],"inLanguage":"hu"}]}},"_links":{"self":[{"href":"https:\/\/www.vangraaf.com\/hu\/wp-json\/wp\/v2\/pages\/6376","targetHints":{"allow":["GET"]}}],"collection":[{"href":"https:\/\/www.vangraaf.com\/hu\/wp-json\/wp\/v2\/pages"}],"about":[{"href":"https:\/\/www.vangraaf.com\/hu\/wp-json\/wp\/v2\/types\/page"}],"author":[{"embeddable":true,"href":"https:\/\/www.vangraaf.com\/hu\/wp-json\/wp\/v2\/users\/6"}],"replies":[{"embeddable":true,"href":"https:\/\/www.vangraaf.com\/hu\/wp-json\/wp\/v2\/comments?post=6376"}],"version-history":[{"count":12,"href":"https:\/\/www.vangraaf.com\/hu\/wp-json\/wp\/v2\/pages\/6376\/revisions"}],"predecessor-version":[{"id":7237,"href":"https:\/\/www.vangraaf.com\/hu\/wp-json\/wp\/v2\/pages\/6376\/revisions\/7237"}],"up":[{"embeddable":true,"href":"https:\/\/www.vangraaf.com\/hu\/wp-json\/wp\/v2\/pages\/6356"}],"wp:attachment":[{"href":"https:\/\/www.vangraaf.com\/hu\/wp-json\/wp\/v2\/media?parent=6376"}],"curies":[{"name":"wp","href":"https:\/\/api.w.org\/{rel}","templated":true}]}}