{"id":6374,"date":"2022-02-15T11:21:07","date_gmt":"2022-02-15T10:21:07","guid":{"rendered":"https:\/\/www.vangraaf.com\/hu\/?page_id=6374"},"modified":"2022-07-29T13:00:47","modified_gmt":"2022-07-29T11:00:47","slug":"a-megfelelo-palyazat","status":"publish","type":"page","link":"https:\/\/www.vangraaf.com\/hu\/karrier\/a-megfelelo-palyazat\/","title":{"rendered":"A megfelel\u0151 p\u00e1ly\u00e1zat"},"content":{"rendered":"<div class=\"wpb-content-wrapper\">[vc_row bwd_tbc4vd_show_weekday=&#8221;&#8221; full_width=&#8221;stretch_row_content_no_spaces&#8221;][vc_column]<div class=\"keyvisual\" data-aos=\"fade-up\" ><img loading=\"lazy\" decoding=\"async\" width=\"1440\" height=\"480\" src=\"https:\/\/www.vangraaf.com\/hu\/wp-content\/uploads\/sites\/3\/2022\/03\/M11_B_PORTRAITS_TRAINER_004.jpg\" class=\"vc_single_image-img\" alt=\"\" srcset=\"https:\/\/www.vangraaf.com\/hu\/wp-content\/uploads\/sites\/3\/2022\/03\/M11_B_PORTRAITS_TRAINER_004.jpg 1440w, https:\/\/www.vangraaf.com\/hu\/wp-content\/uploads\/sites\/3\/2022\/03\/M11_B_PORTRAITS_TRAINER_004-300x100.jpg 300w, https:\/\/www.vangraaf.com\/hu\/wp-content\/uploads\/sites\/3\/2022\/03\/M11_B_PORTRAITS_TRAINER_004-1024x341.jpg 1024w, https:\/\/www.vangraaf.com\/hu\/wp-content\/uploads\/sites\/3\/2022\/03\/M11_B_PORTRAITS_TRAINER_004-768x256.jpg 768w, https:\/\/www.vangraaf.com\/hu\/wp-content\/uploads\/sites\/3\/2022\/03\/M11_B_PORTRAITS_TRAINER_004-1200x400.jpg 1200w, https:\/\/www.vangraaf.com\/hu\/wp-content\/uploads\/sites\/3\/2022\/03\/M11_B_PORTRAITS_TRAINER_004-992x331.jpg 992w, https:\/\/www.vangraaf.com\/hu\/wp-content\/uploads\/sites\/3\/2022\/03\/M11_B_PORTRAITS_TRAINER_004-480x160.jpg 480w, https:\/\/www.vangraaf.com\/hu\/wp-content\/uploads\/sites\/3\/2022\/03\/M11_B_PORTRAITS_TRAINER_004-690x230.jpg 690w\" sizes=\"(max-width: 1440px) 100vw, 1440px\" \/><\/div>\n        <div class=\"headlines headlines--center\" data-aos=\"fade-up\">\n            <div class=\"vc_row\">\n                <div class=\"vc_col-md-10 vc_col-md-offset-1 vc_col-lg-10 vc_col-lg-offset-1\"><span class=\"h6\">Jelentkez\u00e9s a VAN GRAAF \u00e1ltal meghirdetett \u00e1ll\u00e1sokra<\/span><h1 class=\"h2\">A sikeres \u00e1ll\u00e1sp\u00e1ly\u00e1zat<\/h1><\/div>\n            <\/div>\n        <\/div>[vc_column_text]\r\n<p style=\"text-align: center\">A sikeres jelentkez\u00e9si folyamat sz\u00e1munkra mindenekel\u0151tt egy dolgot jelent: egyenrang\u00fa f\u00e9lk\u00e9nt megismerni egym\u00e1st. Erre sok id\u0151t sz\u00e1nunk az interj\u00fak keret\u00e9ben. A folyamat sor\u00e1n te \u00e1llsz a k\u00f6z\u00e9ppontban: nemcsak meg akarunk ismerni, de azt is szeretn\u00e9nk, ha val\u00f3ban meg\u00e9rten\u00e9d a j\u00f6v\u0151beli feladataidat \u00e9s a VAN GRAAF v\u00e1llalati kult\u00far\u00e1j\u00e1t.<\/p>\r\n[\/vc_column_text][\/vc_column][\/vc_row][vc_row bwd_tbc4vd_show_weekday=&#8221;&#8221; full_width=&#8221;stretch_row_content_no_spaces&#8221;][vc_column]<div class=\"vice-versa-teaser vice-versa-teaser--dark\" style=\"--season-color: #ededed\" data-aos=\"fade-up\"><div class=\"vice-versa-teaser__inner\">\n                        <div class=\"content_wrap\"><div class=\"vg-element vice-versa-teaser__item vice-versa-teaser__item--left\"><div class=\"vc_row vc_row-flex\"><div class=\"vc_col-xs-12 vc_col-sm-6\"><div class=\"vice-versa-teaser__item__image-wrap\"><a class=\"\" href=\"https:\/\/www.vangraaf.com\/hu\/karrier\/a-megfelelo-palyazat\/kivalasztas\/\" target=\"_self\" rel=\"\" style=\"\"><img loading=\"lazy\" decoding=\"async\" width=\"555\" height=\"735\" src=\"https:\/\/www.vangraaf.com\/hu\/wp-content\/uploads\/sites\/3\/2022\/03\/M11_F_PORTRAITS_TRAINER_034_1.jpg\" class=\"attachment-van-graaf-vice-versa-teaser size-van-graaf-vice-versa-teaser\" alt=\"\" srcset=\"https:\/\/www.vangraaf.com\/hu\/wp-content\/uploads\/sites\/3\/2022\/03\/M11_F_PORTRAITS_TRAINER_034_1.jpg 555w, https:\/\/www.vangraaf.com\/hu\/wp-content\/uploads\/sites\/3\/2022\/03\/M11_F_PORTRAITS_TRAINER_034_1-227x300.jpg 227w, https:\/\/www.vangraaf.com\/hu\/wp-content\/uploads\/sites\/3\/2022\/03\/M11_F_PORTRAITS_TRAINER_034_1-480x636.jpg 480w\" sizes=\"(max-width: 555px) 100vw, 555px\" \/><\/a><\/div><\/div><div class=\"vice-versa-teaser__item__content-wrap vc_col-xs-12 vc_col-sm-6 vc_col-md-4 vc_col-md-offset-1\"><div class=\"vice-versa-teaser__item__content\"><h3>Jelentkez\u00e9si folyamat<\/h3><p>Szeretn\u00e9nk a jelentkez\u00e9si folyamatot a lehet\u0151 legegyszer\u0171bb\u00e9 tenni. A kiv\u00e1laszt\u00e1si folyamatunk szakaszai letisztultak \u00e9s hat\u00e9konyak, hogy b\u0151ven maradjon id\u0151 a l\u00e9nyegre: a szem\u00e9lyed \u00e9s a VAN GRAAF-fal k\u00f6z\u00f6s lehets\u00e9ges j\u00f6v\u0151 megismer\u00e9s\u00e9re.   <\/p><a class=\"button button--dark\" href=\"https:\/\/www.vangraaf.com\/hu\/karrier\/a-megfelelo-palyazat\/kivalasztas\/\" target=\"_self\" rel=\"\" style=\"\">Tudj meg t\u00f6bbet<\/a><\/div><\/div><\/div><\/div><div class=\"vg-element vice-versa-teaser__item vice-versa-teaser__item--right\"><div class=\"vc_row vc_row-flex\"><div class=\"vc_col-xs-12 vc_col-sm-6 vc_col-sm-push-6\"><div class=\"vice-versa-teaser__item__image-wrap\"><a class=\"\" href=\"https:\/\/www.vangraaf.com\/hu\/karrier\/a-megfelelo-palyazat\/allaspalyazati-tippek\/\" target=\"_self\" rel=\"\" style=\"\"><img loading=\"lazy\" decoding=\"async\" width=\"555\" height=\"735\" src=\"https:\/\/www.vangraaf.com\/hu\/wp-content\/uploads\/sites\/3\/2022\/03\/M3_C_Schueler_054-1.jpg\" class=\"attachment-van-graaf-vice-versa-teaser size-van-graaf-vice-versa-teaser\" alt=\"\" srcset=\"https:\/\/www.vangraaf.com\/hu\/wp-content\/uploads\/sites\/3\/2022\/03\/M3_C_Schueler_054-1.jpg 555w, https:\/\/www.vangraaf.com\/hu\/wp-content\/uploads\/sites\/3\/2022\/03\/M3_C_Schueler_054-1-227x300.jpg 227w, https:\/\/www.vangraaf.com\/hu\/wp-content\/uploads\/sites\/3\/2022\/03\/M3_C_Schueler_054-1-480x636.jpg 480w\" sizes=\"(max-width: 555px) 100vw, 555px\" \/><\/a><\/div><\/div><div class=\"vice-versa-teaser__item__content-wrap vc_col-xs-12 vc_col-sm-6 vc_col-md-4 vc_col-md-offset-1 vc_col-sm-pull-6\"><div class=\"vice-versa-teaser__item__content\"><h3>\u00c1ll\u00e1sp\u00e1ly\u00e1zati tippek<\/h3><p>Hi\u00e1nytalan online p\u00e1ly\u00e1zatod bek\u00fcld\u00e9s\u00e9vel megteszed az els\u0151 l\u00e9p\u00e9st a k\u00f6z\u00f6s j\u00f6v\u0151nk fel\u00e9. Ezut\u00e1n egy interj\u00fa keret\u00e9ben szem\u00e9lyesen is bemutatkozhatsz. Itt elolvashatod a sikeres jelentkez\u00e9si folyamathoz vezet\u0151 tippjeinket. <\/p><a class=\"button button--dark\" href=\"https:\/\/www.vangraaf.com\/hu\/karrier\/a-megfelelo-palyazat\/allaspalyazati-tippek\/\" target=\"_self\" rel=\"\" style=\"\">Tudj meg t\u00f6bbet<\/a><\/div><\/div><\/div><\/div><div class=\"vg-element vice-versa-teaser__item vice-versa-teaser__item--left\"><div class=\"vc_row vc_row-flex\"><div class=\"vc_col-xs-12 vc_col-sm-6\"><div class=\"vice-versa-teaser__item__image-wrap\"><a class=\"\" href=\"https:\/\/www.vangraaf.com\/hu\/karrier\/a-megfelelo-palyazat\/szettek-allasinterjura\/\" target=\"_self\" rel=\"\" style=\"\"><img loading=\"lazy\" decoding=\"async\" width=\"555\" height=\"735\" src=\"https:\/\/www.vangraaf.com\/hu\/wp-content\/uploads\/sites\/3\/2022\/03\/M2_B_Azubis_im_Verkauf_010-1.jpg\" class=\"attachment-van-graaf-vice-versa-teaser size-van-graaf-vice-versa-teaser\" alt=\"\" srcset=\"https:\/\/www.vangraaf.com\/hu\/wp-content\/uploads\/sites\/3\/2022\/03\/M2_B_Azubis_im_Verkauf_010-1.jpg 555w, https:\/\/www.vangraaf.com\/hu\/wp-content\/uploads\/sites\/3\/2022\/03\/M2_B_Azubis_im_Verkauf_010-1-227x300.jpg 227w, https:\/\/www.vangraaf.com\/hu\/wp-content\/uploads\/sites\/3\/2022\/03\/M2_B_Azubis_im_Verkauf_010-1-480x636.jpg 480w\" sizes=\"(max-width: 555px) 100vw, 555px\" \/><\/a><\/div><\/div><div class=\"vice-versa-teaser__item__content-wrap vc_col-xs-12 vc_col-sm-6 vc_col-md-4 vc_col-md-offset-1\"><div class=\"vice-versa-teaser__item__content\"><h3>Megjelen\u00e9s az \u00e1ll\u00e1sinterj\u00fan<\/h3><p>Egy megfelel\u0151 \u00f6lt\u00f6z\u00e9kben m\u00e9g meggy\u0151z\u0151bb lehet a fell\u00e9p\u00e9sed az interj\u00fan. Mennyire legyen hivatalos vagy st\u00edlusos a megjelen\u00e9sed? Tippjeink seg\u00edts\u00e9g\u00e9vel a lehet\u0151 legjobban felk\u00e9sz\u00fclhetsz!<\/p><a class=\"button button--dark\" href=\"https:\/\/www.vangraaf.com\/hu\/karrier\/a-megfelelo-palyazat\/szettek-allasinterjura\/\" target=\"_self\" rel=\"\" style=\"\">Tudj meg t\u00f6bbet<\/a><\/div><\/div><\/div><\/div><\/div><\/div><\/div>[\/vc_column][\/vc_row][vc_row][vc_column]<div class=\"quote-teaser quote-teaser--light\" style=\"--bg-image: url(https:\/\/www.vangraaf.com\/hu\/wp-content\/uploads\/sites\/3\/2022\/03\/M8_D_VK_Logistik_024-1200x542.jpg); --season-color: #002045\" data-aos=\"fade-up\"><div class=\"vc_row vc_row-flex\"><div class=\"vc_col-sm-6 vc_col-sm-offset-6\"><div class=\"quote-teaser__content\"><img loading=\"lazy\" decoding=\"async\" width=\"768\" height=\"650\" src=\"https:\/\/www.vangraaf.com\/hu\/wp-content\/uploads\/sites\/3\/2022\/03\/M8_D_VK_Logistik_024_mo.jpg\" class=\"quote-teaser__content__image\" alt=\"\" srcset=\"https:\/\/www.vangraaf.com\/hu\/wp-content\/uploads\/sites\/3\/2022\/03\/M8_D_VK_Logistik_024_mo.jpg 768w, https:\/\/www.vangraaf.com\/hu\/wp-content\/uploads\/sites\/3\/2022\/03\/M8_D_VK_Logistik_024_mo-300x254.jpg 300w, https:\/\/www.vangraaf.com\/hu\/wp-content\/uploads\/sites\/3\/2022\/03\/M8_D_VK_Logistik_024_mo-480x406.jpg 480w, https:\/\/www.vangraaf.com\/hu\/wp-content\/uploads\/sites\/3\/2022\/03\/M8_D_VK_Logistik_024_mo-690x584.jpg 690w\" sizes=\"(max-width: 768px) 100vw, 768px\" \/><div class=\"quote-teaser__content__quote\">A VAN GRAAF csapat\u00e1ba beker\u00fclve m\u00e1r az els\u0151 napt\u00f3l form\u00e1lod a kereskedelem j\u00f6v\u0151j\u00e9t.<\/div><div class=\"quote-teaser__content__author\"><p>P\u00e9ter, Logisztikai munkat\u00e1rs<\/p>\n<\/div><a class=\"button button--light\" href=\"https:\/\/www.vangraaf.com\/hu\/karrier\/allas-karrier\/allasajanlatok\/\" target=\"_self\" rel=\"\" style=\"\">L\u00e9gy r\u00e9szese a csapatnak<\/a><\/div><\/div><\/div><\/div>[\/vc_column][\/vc_row]<\/div>","protected":false},"excerpt":{"rendered":"[vc_row bwd_tbc4vd_show_weekday=&#8221;&#8221; full_width=&#8221;stretch_row_content_no_spaces&#8221;][vc_column][vc_column_text] A sikeres jelentkez\u00e9si folyamat sz\u00e1munkra mindenekel\u0151tt egy dolgot jelent: egyenrang\u00fa f\u00e9lk\u00e9nt megismerni egym\u00e1st. Erre sok id\u0151t sz\u00e1nunk az interj\u00fak keret\u00e9ben. A folyamat sor\u00e1n te \u00e1llsz a k\u00f6z\u00e9ppontban: nemcsak meg akarunk ismerni, de azt is szeretn\u00e9nk, ha val\u00f3ban meg\u00e9rten\u00e9d a j\u00f6v\u0151beli feladataidat \u00e9s a VAN GRAAF v\u00e1llalati kult\u00far\u00e1j\u00e1t. [\/vc_column_text][\/vc_column][\/vc_row][vc_row bwd_tbc4vd_show_weekday=&#8221;&#8221; full_width=&#8221;stretch_row_content_no_spaces&#8221;][vc_column][\/vc_column][\/vc_row][vc_row][vc_column][\/vc_column][\/vc_row]","protected":false},"author":6,"featured_media":0,"parent":6356,"menu_order":0,"comment_status":"closed","ping_status":"closed","template":"","meta":{"_acf_changed":false,"inline_featured_image":false,"footnotes":""},"class_list":["post-6374","page","type-page","status-publish","hentry"],"acf":[],"yoast_head":"<!-- This site is optimized with the Yoast SEO plugin v27.2 - https:\/\/yoast.com\/product\/yoast-seo-wordpress\/ -->\n<title>Jelentkez\u00e9s I VAN GRAAF<\/title>\n<meta name=\"description\" content=\"Szeretn\u00e9l a VAN GRAAF csapat\u00e1ban dolgozni? Itt elolvashatod a sikeres jelentkez\u00e9si folyamathoz vezet\u0151 tippjeinket.\" \/>\n<meta name=\"robots\" content=\"index, follow, max-snippet:-1, max-image-preview:large, max-video-preview:-1\" \/>\n<link rel=\"canonical\" href=\"https:\/\/www.vangraaf.com\/hu\/karrier\/a-megfelelo-palyazat\/\" \/>\n<meta property=\"og:locale\" content=\"hu_HU\" \/>\n<meta property=\"og:type\" content=\"article\" \/>\n<meta property=\"og:title\" content=\"Jelentkez\u00e9s I VAN GRAAF\" \/>\n<meta property=\"og:description\" content=\"Szeretn\u00e9l a VAN GRAAF csapat\u00e1ban dolgozni? Itt elolvashatod a sikeres jelentkez\u00e9si folyamathoz vezet\u0151 tippjeinket.\" \/>\n<meta property=\"og:url\" content=\"https:\/\/www.vangraaf.com\/hu\/karrier\/a-megfelelo-palyazat\/\" \/>\n<meta property=\"og:site_name\" content=\"VAN GRAAF Magyarorsz\u00e1g\" \/>\n<meta property=\"article:modified_time\" content=\"2022-07-29T11:00:47+00:00\" \/>\n<meta name=\"twitter:card\" content=\"summary_large_image\" \/>\n<meta name=\"twitter:label1\" content=\"Becs\u00fclt olvas\u00e1si id\u0151\" \/>\n\t<meta name=\"twitter:data1\" content=\"3 perc\" \/>\n<script type=\"application\/ld+json\" class=\"yoast-schema-graph\">{\"@context\":\"https:\/\/schema.org\",\"@graph\":[{\"@type\":\"WebPage\",\"@id\":\"https:\/\/www.vangraaf.com\/hu\/karrier\/a-megfelelo-palyazat\/\",\"url\":\"https:\/\/www.vangraaf.com\/hu\/karrier\/a-megfelelo-palyazat\/\",\"name\":\"Jelentkez\u00e9s I VAN GRAAF\",\"isPartOf\":{\"@id\":\"https:\/\/www.vangraaf.com\/hu\/#website\"},\"datePublished\":\"2022-02-15T10:21:07+00:00\",\"dateModified\":\"2022-07-29T11:00:47+00:00\",\"description\":\"Szeretn\u00e9l a VAN GRAAF csapat\u00e1ban dolgozni? Itt elolvashatod a sikeres jelentkez\u00e9si folyamathoz vezet\u0151 tippjeinket.\",\"breadcrumb\":{\"@id\":\"https:\/\/www.vangraaf.com\/hu\/karrier\/a-megfelelo-palyazat\/#breadcrumb\"},\"inLanguage\":\"hu\",\"potentialAction\":[{\"@type\":\"ReadAction\",\"target\":[\"https:\/\/www.vangraaf.com\/hu\/karrier\/a-megfelelo-palyazat\/\"]}]},{\"@type\":\"BreadcrumbList\",\"@id\":\"https:\/\/www.vangraaf.com\/hu\/karrier\/a-megfelelo-palyazat\/#breadcrumb\",\"itemListElement\":[{\"@type\":\"ListItem\",\"position\":1,\"name\":\"Home\",\"item\":\"https:\/\/www.vangraaf.com\/hu\/\"},{\"@type\":\"ListItem\",\"position\":2,\"name\":\"Karrier\",\"item\":\"https:\/\/www.vangraaf.com\/hu\/karrier\/\"},{\"@type\":\"ListItem\",\"position\":3,\"name\":\"A megfelel\u0151 p\u00e1ly\u00e1zat\"}]},{\"@type\":\"WebSite\",\"@id\":\"https:\/\/www.vangraaf.com\/hu\/#website\",\"url\":\"https:\/\/www.vangraaf.com\/hu\/\",\"name\":\"VAN GRAAF\",\"description\":\"VAN GRAAF\",\"potentialAction\":[{\"@type\":\"SearchAction\",\"target\":{\"@type\":\"EntryPoint\",\"urlTemplate\":\"https:\/\/www.vangraaf.com\/hu\/?s={search_term_string}\"},\"query-input\":{\"@type\":\"PropertyValueSpecification\",\"valueRequired\":true,\"valueName\":\"search_term_string\"}}],\"inLanguage\":\"hu\"}]}<\/script>\n<!-- \/ Yoast SEO plugin. -->","yoast_head_json":{"title":"Jelentkez\u00e9s I VAN GRAAF","description":"Szeretn\u00e9l a VAN GRAAF csapat\u00e1ban dolgozni? Itt elolvashatod a sikeres jelentkez\u00e9si folyamathoz vezet\u0151 tippjeinket.","robots":{"index":"index","follow":"follow","max-snippet":"max-snippet:-1","max-image-preview":"max-image-preview:large","max-video-preview":"max-video-preview:-1"},"canonical":"https:\/\/www.vangraaf.com\/hu\/karrier\/a-megfelelo-palyazat\/","og_locale":"hu_HU","og_type":"article","og_title":"Jelentkez\u00e9s I VAN GRAAF","og_description":"Szeretn\u00e9l a VAN GRAAF csapat\u00e1ban dolgozni? Itt elolvashatod a sikeres jelentkez\u00e9si folyamathoz vezet\u0151 tippjeinket.","og_url":"https:\/\/www.vangraaf.com\/hu\/karrier\/a-megfelelo-palyazat\/","og_site_name":"VAN GRAAF Magyarorsz\u00e1g","article_modified_time":"2022-07-29T11:00:47+00:00","twitter_card":"summary_large_image","twitter_misc":{"Becs\u00fclt olvas\u00e1si id\u0151":"3 perc"},"schema":{"@context":"https:\/\/schema.org","@graph":[{"@type":"WebPage","@id":"https:\/\/www.vangraaf.com\/hu\/karrier\/a-megfelelo-palyazat\/","url":"https:\/\/www.vangraaf.com\/hu\/karrier\/a-megfelelo-palyazat\/","name":"Jelentkez\u00e9s I VAN GRAAF","isPartOf":{"@id":"https:\/\/www.vangraaf.com\/hu\/#website"},"datePublished":"2022-02-15T10:21:07+00:00","dateModified":"2022-07-29T11:00:47+00:00","description":"Szeretn\u00e9l a VAN GRAAF csapat\u00e1ban dolgozni? Itt elolvashatod a sikeres jelentkez\u00e9si folyamathoz vezet\u0151 tippjeinket.","breadcrumb":{"@id":"https:\/\/www.vangraaf.com\/hu\/karrier\/a-megfelelo-palyazat\/#breadcrumb"},"inLanguage":"hu","potentialAction":[{"@type":"ReadAction","target":["https:\/\/www.vangraaf.com\/hu\/karrier\/a-megfelelo-palyazat\/"]}]},{"@type":"BreadcrumbList","@id":"https:\/\/www.vangraaf.com\/hu\/karrier\/a-megfelelo-palyazat\/#breadcrumb","itemListElement":[{"@type":"ListItem","position":1,"name":"Home","item":"https:\/\/www.vangraaf.com\/hu\/"},{"@type":"ListItem","position":2,"name":"Karrier","item":"https:\/\/www.vangraaf.com\/hu\/karrier\/"},{"@type":"ListItem","position":3,"name":"A megfelel\u0151 p\u00e1ly\u00e1zat"}]},{"@type":"WebSite","@id":"https:\/\/www.vangraaf.com\/hu\/#website","url":"https:\/\/www.vangraaf.com\/hu\/","name":"VAN GRAAF","description":"VAN GRAAF","potentialAction":[{"@type":"SearchAction","target":{"@type":"EntryPoint","urlTemplate":"https:\/\/www.vangraaf.com\/hu\/?s={search_term_string}"},"query-input":{"@type":"PropertyValueSpecification","valueRequired":true,"valueName":"search_term_string"}}],"inLanguage":"hu"}]}},"_links":{"self":[{"href":"https:\/\/www.vangraaf.com\/hu\/wp-json\/wp\/v2\/pages\/6374","targetHints":{"allow":["GET"]}}],"collection":[{"href":"https:\/\/www.vangraaf.com\/hu\/wp-json\/wp\/v2\/pages"}],"about":[{"href":"https:\/\/www.vangraaf.com\/hu\/wp-json\/wp\/v2\/types\/page"}],"author":[{"embeddable":true,"href":"https:\/\/www.vangraaf.com\/hu\/wp-json\/wp\/v2\/users\/6"}],"replies":[{"embeddable":true,"href":"https:\/\/www.vangraaf.com\/hu\/wp-json\/wp\/v2\/comments?post=6374"}],"version-history":[{"count":10,"href":"https:\/\/www.vangraaf.com\/hu\/wp-json\/wp\/v2\/pages\/6374\/revisions"}],"predecessor-version":[{"id":7227,"href":"https:\/\/www.vangraaf.com\/hu\/wp-json\/wp\/v2\/pages\/6374\/revisions\/7227"}],"up":[{"embeddable":true,"href":"https:\/\/www.vangraaf.com\/hu\/wp-json\/wp\/v2\/pages\/6356"}],"wp:attachment":[{"href":"https:\/\/www.vangraaf.com\/hu\/wp-json\/wp\/v2\/media?parent=6374"}],"curies":[{"name":"wp","href":"https:\/\/api.w.org\/{rel}","templated":true}]}}