{"id":6372,"date":"2022-02-15T11:18:23","date_gmt":"2022-02-15T10:18:23","guid":{"rendered":"https:\/\/www.vangraaf.com\/hu\/?page_id=6372"},"modified":"2022-07-29T13:02:32","modified_gmt":"2022-07-29T11:02:32","slug":"allas-karrier","status":"publish","type":"page","link":"https:\/\/www.vangraaf.com\/hu\/karrier\/allas-karrier\/","title":{"rendered":"\u00c1ll\u00e1s &amp; karrier"},"content":{"rendered":"<div class=\"wpb-content-wrapper\">[vc_row bwd_tbc4vd_show_weekday=&#8221;&#8221; full_width=&#8221;stretch_row_content_no_spaces&#8221;][vc_column]<div class=\"keyvisual\" data-aos=\"fade-up\" ><img loading=\"lazy\" decoding=\"async\" width=\"1440\" height=\"480\" src=\"https:\/\/www.vangraaf.com\/hu\/wp-content\/uploads\/sites\/3\/2022\/03\/M10_M_Portraits_Buero_026.jpg\" class=\"vc_single_image-img keyvisual__image--big\" alt=\"\" srcset=\"https:\/\/www.vangraaf.com\/hu\/wp-content\/uploads\/sites\/3\/2022\/03\/M10_M_Portraits_Buero_026.jpg 1440w, https:\/\/www.vangraaf.com\/hu\/wp-content\/uploads\/sites\/3\/2022\/03\/M10_M_Portraits_Buero_026-300x100.jpg 300w, https:\/\/www.vangraaf.com\/hu\/wp-content\/uploads\/sites\/3\/2022\/03\/M10_M_Portraits_Buero_026-1024x341.jpg 1024w, https:\/\/www.vangraaf.com\/hu\/wp-content\/uploads\/sites\/3\/2022\/03\/M10_M_Portraits_Buero_026-768x256.jpg 768w, https:\/\/www.vangraaf.com\/hu\/wp-content\/uploads\/sites\/3\/2022\/03\/M10_M_Portraits_Buero_026-1200x400.jpg 1200w, https:\/\/www.vangraaf.com\/hu\/wp-content\/uploads\/sites\/3\/2022\/03\/M10_M_Portraits_Buero_026-992x331.jpg 992w, https:\/\/www.vangraaf.com\/hu\/wp-content\/uploads\/sites\/3\/2022\/03\/M10_M_Portraits_Buero_026-480x160.jpg 480w, https:\/\/www.vangraaf.com\/hu\/wp-content\/uploads\/sites\/3\/2022\/03\/M10_M_Portraits_Buero_026-690x230.jpg 690w\" sizes=\"(max-width: 1440px) 100vw, 1440px\" \/><img loading=\"lazy\" decoding=\"async\" width=\"768\" height=\"250\" src=\"https:\/\/www.vangraaf.com\/hu\/wp-content\/uploads\/sites\/3\/2022\/03\/M10_M_Portraits_Buero_026_Mobile.jpg\" class=\"vc_single_image-img keyvisual__image--small\" alt=\"\" srcset=\"https:\/\/www.vangraaf.com\/hu\/wp-content\/uploads\/sites\/3\/2022\/03\/M10_M_Portraits_Buero_026_Mobile.jpg 768w, https:\/\/www.vangraaf.com\/hu\/wp-content\/uploads\/sites\/3\/2022\/03\/M10_M_Portraits_Buero_026_Mobile-300x98.jpg 300w, https:\/\/www.vangraaf.com\/hu\/wp-content\/uploads\/sites\/3\/2022\/03\/M10_M_Portraits_Buero_026_Mobile-480x156.jpg 480w, https:\/\/www.vangraaf.com\/hu\/wp-content\/uploads\/sites\/3\/2022\/03\/M10_M_Portraits_Buero_026_Mobile-690x225.jpg 690w\" sizes=\"(max-width: 768px) 100vw, 768px\" \/><\/div>\n        <div class=\"headlines headlines--center\" data-aos=\"fade-up\">\n            <div class=\"vc_row\">\n                <div class=\"vc_col-md-10 vc_col-md-offset-1 vc_col-lg-10 vc_col-lg-offset-1\"><span class=\"h6\">Kezdd a karrieredet a VAN GRAAF csapat\u00e1ban<\/span><h1 class=\"h2\">\u00c1ll\u00e1s \u00e9s karrier<\/h1><\/div>\n            <\/div>\n        <\/div>[vc_column_text]\r\n<p style=\"text-align: center\">Szeretn\u00e9d form\u00e1lni a j\u00f6v\u0151 divatkereskedelm\u00e9t? Akkor van sz\u00e1modra egy aj\u00e1nlatunk! N\u00e1lunk \u00e1tl\u00e1that\u00f3 hierarchi\u00e1ra, megbecs\u00fcl\u00e9sen alapul\u00f3 v\u00e1llalati kult\u00far\u00e1ra \u00e9s nagy szabads\u00e1gra sz\u00e1m\u00edthatsz az \u00f6tleteid megval\u00f3s\u00edt\u00e1s\u00e1hoz. Egy\u00e9ni, fenntarthat\u00f3 \u00e9s j\u00f6v\u0151be mutat\u00f3 fejleszt\u00e9st k\u00edn\u00e1lunk ak\u00e1r beosztottk\u00e9nt, ak\u00e1r vezet\u0151k\u00e9nt kezdesz. Mit hozz magaddal? Fejl\u0151dni akar\u00e1st, illetve k\u00edv\u00e1ncsis\u00e1got \u00e9s lelkesed\u00e9st a divatkereskedelem sz\u00ednes vil\u00e1ga ir\u00e1nt.<\/p>\r\n[\/vc_column_text][\/vc_column][\/vc_row][vc_row][vc_column]\n        <div class=\"vg-element promo-teaser promo-teaser--  promo-teaser--\" style=\"--season-color: #ffffff;\" data-aos=\"fade-up\">\n            <div class=\"vc_row vc_row-flex\">\n                <div class=\"vc_col-sm-6 promo-teaser__image\">\n                    <a class=\"\" href=\"https:\/\/www.vangraaf.com\/hu\/karrier\/allas-karrier\/allasajanlatok\/\" target=\"_self\" rel=\"\" style=\"\"><img loading=\"lazy\" decoding=\"async\" width=\"599\" height=\"549\" src=\"https:\/\/www.vangraaf.com\/hu\/wp-content\/uploads\/sites\/3\/2022\/03\/M11_F_PORTRAITS_TRAINER_088.jpg\" class=\"vc_single_image-img\" alt=\"\" srcset=\"https:\/\/www.vangraaf.com\/hu\/wp-content\/uploads\/sites\/3\/2022\/03\/M11_F_PORTRAITS_TRAINER_088.jpg 599w, https:\/\/www.vangraaf.com\/hu\/wp-content\/uploads\/sites\/3\/2022\/03\/M11_F_PORTRAITS_TRAINER_088-300x275.jpg 300w, https:\/\/www.vangraaf.com\/hu\/wp-content\/uploads\/sites\/3\/2022\/03\/M11_F_PORTRAITS_TRAINER_088-480x440.jpg 480w\" sizes=\"(max-width: 599px) 100vw, 599px\" \/><\/a>\n                <\/div>\n                <div class=\"vc_col-sm-6\">\n                    <div class=\"promo-teaser__content-wrapper\">\n                        <div class=\"promo-teaser__content promo-teaser__content--center\"><h3>\u00c1ll\u00e1slehet\u0151s\u00e9gek<\/h3><p>A VAN GRAAF sz\u00e1mos lehet\u0151s\u00e9get k\u00edn\u00e1l neked. Legyen sz\u00f3 \u00e9rt\u00e9kes\u00edt\u00e9sr\u0151l, visual merchandisingr\u00f3l vagy \u00e1ru\u00e1tv\u00e9telr\u0151l, az \u00fczleteinkben mindennap v\u00e1ltozatos, izgalmas \u00e9s \u00e9rdekes feladatokkal v\u00e1runk!<\/p>\n<a class=\"button button--\" href=\"https:\/\/www.vangraaf.com\/hu\/karrier\/allas-karrier\/allasajanlatok\/\" target=\"_self\" rel=\"\" style=\"\">Tudj meg t\u00f6bbet<\/a><\/div>\n                    <\/div>\n                <\/div>\n            <\/div>\n        <\/div>[\/vc_column][\/vc_row][vc_row][vc_column width=&#8221;1\/3&#8243;]<div class=\"vg-element cta-teaser cta-teaser--center\" data-aos=\"fade-up\"><div class=\"cta-teaser__image\"><a class=\"\" href=\"https:\/\/www.vangraaf.com\/hu\/karrier\/allas-karrier\/ertekesites\/\" target=\"_self\" rel=\"\" style=\"\"><img loading=\"lazy\" decoding=\"async\" width=\"378\" height=\"565\" src=\"https:\/\/www.vangraaf.com\/hu\/wp-content\/uploads\/sites\/3\/2022\/03\/M1_F_Schueler_Eltern_Lehrer_003.jpg\" class=\"vc_single_image-img attachment-full\" alt=\"\" title=\"Allas karrier_\u00c9rt\u00e9kes\u00edt\u00e9s_CTA\" srcset=\"https:\/\/www.vangraaf.com\/hu\/wp-content\/uploads\/sites\/3\/2022\/03\/M1_F_Schueler_Eltern_Lehrer_003.jpg 378w, https:\/\/www.vangraaf.com\/hu\/wp-content\/uploads\/sites\/3\/2022\/03\/M1_F_Schueler_Eltern_Lehrer_003-201x300.jpg 201w\" sizes=\"(max-width: 378px) 100vw, 378px\" \/><\/a><\/div><div class=\"cta-teaser__text\"><h3>\u00c9rt\u00e9kes\u00edt\u00e9s<\/h3><p>Szereted a divatot? A VAN GRAAF \u00e9rt\u00e9kes\u00edt\u0151jek\u00e9nt napi kapcsolatban \u00e1llsz a v\u00e1s\u00e1rl\u00f3inkkal, \u00e9s hozz\u00e1\u00e9rt\u00e9seddel b\u00e1rmilyen alkalomra k\u00e9pes vagy \u00f6ssze\u00e1ll\u00edtani a t\u00f6k\u00e9letes szettet.<\/p><a class=\"button\" href=\"https:\/\/www.vangraaf.com\/hu\/karrier\/allas-karrier\/ertekesites\/\" target=\"_self\" rel=\"\" style=\"\">Tudj meg t\u00f6bbet<\/a><\/div><\/div>[\/vc_column][vc_column width=&#8221;1\/3&#8243;]<div class=\"vg-element cta-teaser cta-teaser--center\" data-aos=\"fade-up\"><div class=\"cta-teaser__image\"><a class=\"\" href=\"https:\/\/www.vangraaf.com\/hu\/karrier\/allas-karrier\/logisztika-es-muszaki-terulet\/\" target=\"_self\" rel=\"\" style=\"\"><img loading=\"lazy\" decoding=\"async\" width=\"378\" height=\"565\" src=\"https:\/\/www.vangraaf.com\/hu\/wp-content\/uploads\/sites\/3\/2022\/03\/M8_E_VK_Logistik_055_1.jpg\" class=\"vc_single_image-img attachment-full\" alt=\"\" title=\"Allas karrier_Logisztika \u00e9s h\u00e1ztechnika_CTA\" srcset=\"https:\/\/www.vangraaf.com\/hu\/wp-content\/uploads\/sites\/3\/2022\/03\/M8_E_VK_Logistik_055_1.jpg 378w, https:\/\/www.vangraaf.com\/hu\/wp-content\/uploads\/sites\/3\/2022\/03\/M8_E_VK_Logistik_055_1-201x300.jpg 201w\" sizes=\"(max-width: 378px) 100vw, 378px\" \/><\/a><\/div><div class=\"cta-teaser__text\"><h3>Logisztika \u00e9s h\u00e1ztechnika<\/h3><p>\u00c9rdekel a logisztika \u00e9s \u00e9rtesz a m\u0171szaki dolgokhoz? Rakt\u00e1ros &amp; h\u00e1ztechnikai csapatunkban izgalmas kih\u00edv\u00e1sok \u00e9s v\u00e1ltozatos feladatok v\u00e1rnak r\u00e1d, k\u00f6vesd aj\u00e1nlatainkat.<\/p><a class=\"button\" href=\"https:\/\/www.vangraaf.com\/hu\/karrier\/allas-karrier\/logisztika-es-muszaki-terulet\/\" target=\"_self\" rel=\"\" style=\"\">Tudj meg t\u00f6bbet<\/a><\/div><\/div>[\/vc_column][vc_column width=&#8221;1\/3&#8243;]<div class=\"vg-element cta-teaser cta-teaser--center\" data-aos=\"fade-up\"><div class=\"cta-teaser__image\"><a class=\"\" href=\"https:\/\/www.vangraaf.com\/hu\/karrier\/allas-karrier\/visual-merchandising\/\" target=\"_self\" rel=\"\" style=\"\"><img loading=\"lazy\" decoding=\"async\" width=\"378\" height=\"565\" src=\"https:\/\/www.vangraaf.com\/hu\/wp-content\/uploads\/sites\/3\/2022\/03\/M4_C_Berufserfahrene_083-1.jpg\" class=\"vc_single_image-img attachment-full\" alt=\"\" title=\"Allas karrier_Visual Merchandising_CTA\" srcset=\"https:\/\/www.vangraaf.com\/hu\/wp-content\/uploads\/sites\/3\/2022\/03\/M4_C_Berufserfahrene_083-1.jpg 378w, https:\/\/www.vangraaf.com\/hu\/wp-content\/uploads\/sites\/3\/2022\/03\/M4_C_Berufserfahrene_083-1-201x300.jpg 201w\" sizes=\"(max-width: 378px) 100vw, 378px\" \/><\/a><\/div><div class=\"cta-teaser__text\"><h3>Visual Merchandising<\/h3><p>\u00dcgyesen rendezed be a kirakatokat? A VAN GRAAF visual merchandiserek\u00e9nt val\u00f3ra v\u00e1lthatod a kreat\u00edv \u00f6tleteidet \u00e9s leny\u0171g\u00f6z\u0151 divatvil\u00e1gokat teremthetsz az elad\u00f3t\u00e9ren.<\/p><a class=\"button\" href=\"https:\/\/www.vangraaf.com\/hu\/karrier\/allas-karrier\/visual-merchandising\/\" target=\"_self\" rel=\"\" style=\"\">Tudj meg t\u00f6bbet<\/a><\/div><\/div>[\/vc_column][\/vc_row][vc_row][vc_column]\n        <div class=\"vg-element promo-teaser promo-teaser--  promo-teaser--\" style=\"--season-color: #ffffff;\" data-aos=\"fade-up\">\n            <div class=\"vc_row vc_row-flex\">\n                <div class=\"vc_col-sm-6 promo-teaser__image\">\n                    <a class=\"\" href=\"https:\/\/www.vangraaf.com\/hu\/karrier\/allas-karrier\/spontan-jelentkezes\/\" target=\"_self\" rel=\"\" style=\"\"><img loading=\"lazy\" decoding=\"async\" width=\"599\" height=\"549\" src=\"https:\/\/www.vangraaf.com\/hu\/wp-content\/uploads\/sites\/3\/2022\/03\/M9_E_VK_ZENTRALEE-COMMERCE_134.jpg\" class=\"vc_single_image-img\" alt=\"\" srcset=\"https:\/\/www.vangraaf.com\/hu\/wp-content\/uploads\/sites\/3\/2022\/03\/M9_E_VK_ZENTRALEE-COMMERCE_134.jpg 599w, https:\/\/www.vangraaf.com\/hu\/wp-content\/uploads\/sites\/3\/2022\/03\/M9_E_VK_ZENTRALEE-COMMERCE_134-300x275.jpg 300w, https:\/\/www.vangraaf.com\/hu\/wp-content\/uploads\/sites\/3\/2022\/03\/M9_E_VK_ZENTRALEE-COMMERCE_134-480x440.jpg 480w\" sizes=\"(max-width: 599px) 100vw, 599px\" \/><\/a>\n                <\/div>\n                <div class=\"vc_col-sm-6\">\n                    <div class=\"promo-teaser__content-wrapper\">\n                        <div class=\"promo-teaser__content promo-teaser__content--center\"><h3>Spont\u00e1n jelentkez\u00e9s<\/h3><p>Szeretn\u00e9l a VAN GRAAF-n\u00e1l dolgozni, de \u00e9pp nem hirdett\u00fcnk meg sz\u00e1modra megfelel\u0151 poz\u00edci\u00f3t? Mindig keres\u00fcnk olyan embereket, akikkel k\u00f6z\u00f6sen nagyszer\u0171 dolgokat \u00e9rhet\u00fcnk el. K\u00fcldd el hozz\u00e1nk a spont\u00e1n jelentkez\u00e9sedet, \u00e9s tudasd vel\u00fcnk, hogy mely ter\u00fcletek izgalmasak sz\u00e1modra a VAN GRAAF-n\u00e1l!<\/p>\n<a class=\"button button--\" href=\"https:\/\/www.vangraaf.com\/hu\/karrier\/allas-karrier\/spontan-jelentkezes\/\" target=\"_self\" rel=\"\" style=\"\">Tudj meg t\u00f6bbet<\/a><\/div>\n                    <\/div>\n                <\/div>\n            <\/div>\n        <\/div>[\/vc_column][\/vc_row][vc_row][vc_column]<div class=\"quote-teaser quote-teaser--light\" style=\"--bg-image: url(https:\/\/www.vangraaf.com\/hu\/wp-content\/uploads\/sites\/3\/2022\/03\/M7_C_Wir_Headerbild_Gruppe_018-1200x542.jpg); --season-color: #002045\" data-aos=\"fade-up\"><div class=\"vc_row vc_row-flex\"><div class=\"vc_col-sm-6 vc_col-sm-offset-6\"><div class=\"quote-teaser__content\"><img loading=\"lazy\" decoding=\"async\" width=\"768\" height=\"650\" src=\"https:\/\/www.vangraaf.com\/hu\/wp-content\/uploads\/sites\/3\/2022\/03\/M7_C_Wir_Headerbild_Gruppe_018-1.jpg\" class=\"quote-teaser__content__image\" alt=\"\" srcset=\"https:\/\/www.vangraaf.com\/hu\/wp-content\/uploads\/sites\/3\/2022\/03\/M7_C_Wir_Headerbild_Gruppe_018-1.jpg 768w, https:\/\/www.vangraaf.com\/hu\/wp-content\/uploads\/sites\/3\/2022\/03\/M7_C_Wir_Headerbild_Gruppe_018-1-300x254.jpg 300w, https:\/\/www.vangraaf.com\/hu\/wp-content\/uploads\/sites\/3\/2022\/03\/M7_C_Wir_Headerbild_Gruppe_018-1-480x406.jpg 480w, https:\/\/www.vangraaf.com\/hu\/wp-content\/uploads\/sites\/3\/2022\/03\/M7_C_Wir_Headerbild_Gruppe_018-1-690x584.jpg 690w\" sizes=\"(max-width: 768px) 100vw, 768px\" \/><div class=\"quote-teaser__content__quote\">Men\u0151 m\u00e1rk\u00e1k, szuper csapat \u00e9s \u00f6n\u00e1ll\u00f3 munkav\u00e9gz\u00e9si lehet\u0151s\u00e9gek.<\/div><div class=\"quote-teaser__content__author\"><p>Lili, \u00c9rt\u00e9kes\u00edt\u00e9si munkat\u00e1rs<\/p>\n<\/div><a class=\"button button--light\" href=\"https:\/\/www.vangraaf.com\/hu\/karrier\/allas-karrier\/allasajanlatok\/\" target=\"_self\" rel=\"\" style=\"\">L\u00e9gy r\u00e9szese a csapatnak<\/a><\/div><\/div><\/div><\/div>[\/vc_column][\/vc_row]<\/div>","protected":false},"excerpt":{"rendered":"[vc_row bwd_tbc4vd_show_weekday=&#8221;&#8221; full_width=&#8221;stretch_row_content_no_spaces&#8221;][vc_column][vc_column_text] Szeretn\u00e9d form\u00e1lni a j\u00f6v\u0151 divatkereskedelm\u00e9t? Akkor van sz\u00e1modra egy aj\u00e1nlatunk! N\u00e1lunk \u00e1tl\u00e1that\u00f3 hierarchi\u00e1ra, megbecs\u00fcl\u00e9sen alapul\u00f3 v\u00e1llalati kult\u00far\u00e1ra \u00e9s nagy szabads\u00e1gra sz\u00e1m\u00edthatsz az \u00f6tleteid megval\u00f3s\u00edt\u00e1s\u00e1hoz. Egy\u00e9ni, fenntarthat\u00f3 \u00e9s j\u00f6v\u0151be mutat\u00f3 fejleszt\u00e9st k\u00edn\u00e1lunk ak\u00e1r beosztottk\u00e9nt, ak\u00e1r vezet\u0151k\u00e9nt kezdesz. Mit hozz magaddal? Fejl\u0151dni akar\u00e1st, illetve k\u00edv\u00e1ncsis\u00e1got \u00e9s lelkesed\u00e9st a divatkereskedelem sz\u00ednes vil\u00e1ga ir\u00e1nt. [\/vc_column_text][\/vc_column][\/vc_row][vc_row][vc_column][\/vc_column][\/vc_row][vc_row][vc_column width=&#8221;1\/3&#8243;][\/vc_column][vc_column [&hellip;]","protected":false},"author":6,"featured_media":0,"parent":6356,"menu_order":0,"comment_status":"closed","ping_status":"closed","template":"","meta":{"_acf_changed":false,"inline_featured_image":false,"footnotes":""},"class_list":["post-6372","page","type-page","status-publish","hentry"],"acf":[],"yoast_head":"<!-- This site is optimized with the Yoast SEO plugin v27.2 - https:\/\/yoast.com\/product\/yoast-seo-wordpress\/ -->\n<title>\u00c1ll\u00e1saj\u00e1nlatok I VAN GRAAF<\/title>\n<meta name=\"description\" content=\"Tal\u00e1ld meg a t\u00f6k\u00e9letes \u00e1ll\u00e1st a VAN GRAAF-n\u00e1l! \u00dczleteinkbe p\u00e1lyakezd\u0151ket \u00e9s csoportvezet\u0151ket egyar\u00e1nt keres\u00fcnk!\" \/>\n<meta name=\"robots\" content=\"index, follow, max-snippet:-1, max-image-preview:large, max-video-preview:-1\" \/>\n<link rel=\"canonical\" href=\"https:\/\/www.vangraaf.com\/hu\/karrier\/allas-karrier\/\" \/>\n<meta property=\"og:locale\" content=\"hu_HU\" \/>\n<meta property=\"og:type\" content=\"article\" \/>\n<meta property=\"og:title\" content=\"\u00c1ll\u00e1saj\u00e1nlatok I VAN GRAAF\" \/>\n<meta property=\"og:description\" content=\"Tal\u00e1ld meg a t\u00f6k\u00e9letes \u00e1ll\u00e1st a VAN GRAAF-n\u00e1l! \u00dczleteinkbe p\u00e1lyakezd\u0151ket \u00e9s csoportvezet\u0151ket egyar\u00e1nt keres\u00fcnk!\" \/>\n<meta property=\"og:url\" content=\"https:\/\/www.vangraaf.com\/hu\/karrier\/allas-karrier\/\" \/>\n<meta property=\"og:site_name\" content=\"VAN GRAAF Magyarorsz\u00e1g\" \/>\n<meta property=\"article:modified_time\" content=\"2022-07-29T11:02:32+00:00\" \/>\n<meta name=\"twitter:card\" content=\"summary_large_image\" \/>\n<meta name=\"twitter:label1\" content=\"Becs\u00fclt olvas\u00e1si id\u0151\" \/>\n\t<meta name=\"twitter:data1\" content=\"3 perc\" \/>\n<script type=\"application\/ld+json\" class=\"yoast-schema-graph\">{\"@context\":\"https:\/\/schema.org\",\"@graph\":[{\"@type\":\"WebPage\",\"@id\":\"https:\/\/www.vangraaf.com\/hu\/karrier\/allas-karrier\/\",\"url\":\"https:\/\/www.vangraaf.com\/hu\/karrier\/allas-karrier\/\",\"name\":\"\u00c1ll\u00e1saj\u00e1nlatok I VAN GRAAF\",\"isPartOf\":{\"@id\":\"https:\/\/www.vangraaf.com\/hu\/#website\"},\"datePublished\":\"2022-02-15T10:18:23+00:00\",\"dateModified\":\"2022-07-29T11:02:32+00:00\",\"description\":\"Tal\u00e1ld meg a t\u00f6k\u00e9letes \u00e1ll\u00e1st a VAN GRAAF-n\u00e1l! \u00dczleteinkbe p\u00e1lyakezd\u0151ket \u00e9s csoportvezet\u0151ket egyar\u00e1nt keres\u00fcnk!\",\"breadcrumb\":{\"@id\":\"https:\/\/www.vangraaf.com\/hu\/karrier\/allas-karrier\/#breadcrumb\"},\"inLanguage\":\"hu\",\"potentialAction\":[{\"@type\":\"ReadAction\",\"target\":[\"https:\/\/www.vangraaf.com\/hu\/karrier\/allas-karrier\/\"]}]},{\"@type\":\"BreadcrumbList\",\"@id\":\"https:\/\/www.vangraaf.com\/hu\/karrier\/allas-karrier\/#breadcrumb\",\"itemListElement\":[{\"@type\":\"ListItem\",\"position\":1,\"name\":\"Home\",\"item\":\"https:\/\/www.vangraaf.com\/hu\/\"},{\"@type\":\"ListItem\",\"position\":2,\"name\":\"Karrier\",\"item\":\"https:\/\/www.vangraaf.com\/hu\/karrier\/\"},{\"@type\":\"ListItem\",\"position\":3,\"name\":\"\u00c1ll\u00e1s &amp; karrier\"}]},{\"@type\":\"WebSite\",\"@id\":\"https:\/\/www.vangraaf.com\/hu\/#website\",\"url\":\"https:\/\/www.vangraaf.com\/hu\/\",\"name\":\"VAN GRAAF\",\"description\":\"VAN GRAAF\",\"potentialAction\":[{\"@type\":\"SearchAction\",\"target\":{\"@type\":\"EntryPoint\",\"urlTemplate\":\"https:\/\/www.vangraaf.com\/hu\/?s={search_term_string}\"},\"query-input\":{\"@type\":\"PropertyValueSpecification\",\"valueRequired\":true,\"valueName\":\"search_term_string\"}}],\"inLanguage\":\"hu\"}]}<\/script>\n<!-- \/ Yoast SEO plugin. -->","yoast_head_json":{"title":"\u00c1ll\u00e1saj\u00e1nlatok I VAN GRAAF","description":"Tal\u00e1ld meg a t\u00f6k\u00e9letes \u00e1ll\u00e1st a VAN GRAAF-n\u00e1l! \u00dczleteinkbe p\u00e1lyakezd\u0151ket \u00e9s csoportvezet\u0151ket egyar\u00e1nt keres\u00fcnk!","robots":{"index":"index","follow":"follow","max-snippet":"max-snippet:-1","max-image-preview":"max-image-preview:large","max-video-preview":"max-video-preview:-1"},"canonical":"https:\/\/www.vangraaf.com\/hu\/karrier\/allas-karrier\/","og_locale":"hu_HU","og_type":"article","og_title":"\u00c1ll\u00e1saj\u00e1nlatok I VAN GRAAF","og_description":"Tal\u00e1ld meg a t\u00f6k\u00e9letes \u00e1ll\u00e1st a VAN GRAAF-n\u00e1l! \u00dczleteinkbe p\u00e1lyakezd\u0151ket \u00e9s csoportvezet\u0151ket egyar\u00e1nt keres\u00fcnk!","og_url":"https:\/\/www.vangraaf.com\/hu\/karrier\/allas-karrier\/","og_site_name":"VAN GRAAF Magyarorsz\u00e1g","article_modified_time":"2022-07-29T11:02:32+00:00","twitter_card":"summary_large_image","twitter_misc":{"Becs\u00fclt olvas\u00e1si id\u0151":"3 perc"},"schema":{"@context":"https:\/\/schema.org","@graph":[{"@type":"WebPage","@id":"https:\/\/www.vangraaf.com\/hu\/karrier\/allas-karrier\/","url":"https:\/\/www.vangraaf.com\/hu\/karrier\/allas-karrier\/","name":"\u00c1ll\u00e1saj\u00e1nlatok I VAN GRAAF","isPartOf":{"@id":"https:\/\/www.vangraaf.com\/hu\/#website"},"datePublished":"2022-02-15T10:18:23+00:00","dateModified":"2022-07-29T11:02:32+00:00","description":"Tal\u00e1ld meg a t\u00f6k\u00e9letes \u00e1ll\u00e1st a VAN GRAAF-n\u00e1l! \u00dczleteinkbe p\u00e1lyakezd\u0151ket \u00e9s csoportvezet\u0151ket egyar\u00e1nt keres\u00fcnk!","breadcrumb":{"@id":"https:\/\/www.vangraaf.com\/hu\/karrier\/allas-karrier\/#breadcrumb"},"inLanguage":"hu","potentialAction":[{"@type":"ReadAction","target":["https:\/\/www.vangraaf.com\/hu\/karrier\/allas-karrier\/"]}]},{"@type":"BreadcrumbList","@id":"https:\/\/www.vangraaf.com\/hu\/karrier\/allas-karrier\/#breadcrumb","itemListElement":[{"@type":"ListItem","position":1,"name":"Home","item":"https:\/\/www.vangraaf.com\/hu\/"},{"@type":"ListItem","position":2,"name":"Karrier","item":"https:\/\/www.vangraaf.com\/hu\/karrier\/"},{"@type":"ListItem","position":3,"name":"\u00c1ll\u00e1s &amp; karrier"}]},{"@type":"WebSite","@id":"https:\/\/www.vangraaf.com\/hu\/#website","url":"https:\/\/www.vangraaf.com\/hu\/","name":"VAN GRAAF","description":"VAN GRAAF","potentialAction":[{"@type":"SearchAction","target":{"@type":"EntryPoint","urlTemplate":"https:\/\/www.vangraaf.com\/hu\/?s={search_term_string}"},"query-input":{"@type":"PropertyValueSpecification","valueRequired":true,"valueName":"search_term_string"}}],"inLanguage":"hu"}]}},"_links":{"self":[{"href":"https:\/\/www.vangraaf.com\/hu\/wp-json\/wp\/v2\/pages\/6372","targetHints":{"allow":["GET"]}}],"collection":[{"href":"https:\/\/www.vangraaf.com\/hu\/wp-json\/wp\/v2\/pages"}],"about":[{"href":"https:\/\/www.vangraaf.com\/hu\/wp-json\/wp\/v2\/types\/page"}],"author":[{"embeddable":true,"href":"https:\/\/www.vangraaf.com\/hu\/wp-json\/wp\/v2\/users\/6"}],"replies":[{"embeddable":true,"href":"https:\/\/www.vangraaf.com\/hu\/wp-json\/wp\/v2\/comments?post=6372"}],"version-history":[{"count":14,"href":"https:\/\/www.vangraaf.com\/hu\/wp-json\/wp\/v2\/pages\/6372\/revisions"}],"predecessor-version":[{"id":6769,"href":"https:\/\/www.vangraaf.com\/hu\/wp-json\/wp\/v2\/pages\/6372\/revisions\/6769"}],"up":[{"embeddable":true,"href":"https:\/\/www.vangraaf.com\/hu\/wp-json\/wp\/v2\/pages\/6356"}],"wp:attachment":[{"href":"https:\/\/www.vangraaf.com\/hu\/wp-json\/wp\/v2\/media?parent=6372"}],"curies":[{"name":"wp","href":"https:\/\/api.w.org\/{rel}","templated":true}]}}