{"id":6361,"date":"2022-02-15T10:50:56","date_gmt":"2022-02-15T09:50:56","guid":{"rendered":"https:\/\/www.vangraaf.com\/hu\/?page_id=6361"},"modified":"2024-02-02T14:55:45","modified_gmt":"2024-02-02T13:55:45","slug":"kapcsolat","status":"publish","type":"page","link":"https:\/\/www.vangraaf.com\/hu\/karrier\/kapcsolat\/","title":{"rendered":"Kapcsolat"},"content":{"rendered":"<div class=\"wpb-content-wrapper\">[vc_row bwd_tbc4vd_show_weekday=&#8221;&#8221; full_width=&#8221;stretch_row_content_no_spaces&#8221;][vc_column]<div class=\"keyvisual\" data-aos=\"fade-up\" ><img loading=\"lazy\" decoding=\"async\" width=\"1440\" height=\"480\" src=\"https:\/\/www.vangraaf.com\/hu\/wp-content\/uploads\/sites\/3\/2022\/03\/M10_M_Portraits_Buero_124.jpg\" class=\"vc_single_image-img keyvisual__image--big\" alt=\"\" srcset=\"https:\/\/www.vangraaf.com\/hu\/wp-content\/uploads\/sites\/3\/2022\/03\/M10_M_Portraits_Buero_124.jpg 1440w, https:\/\/www.vangraaf.com\/hu\/wp-content\/uploads\/sites\/3\/2022\/03\/M10_M_Portraits_Buero_124-300x100.jpg 300w, https:\/\/www.vangraaf.com\/hu\/wp-content\/uploads\/sites\/3\/2022\/03\/M10_M_Portraits_Buero_124-1024x341.jpg 1024w, https:\/\/www.vangraaf.com\/hu\/wp-content\/uploads\/sites\/3\/2022\/03\/M10_M_Portraits_Buero_124-768x256.jpg 768w, https:\/\/www.vangraaf.com\/hu\/wp-content\/uploads\/sites\/3\/2022\/03\/M10_M_Portraits_Buero_124-1200x400.jpg 1200w, https:\/\/www.vangraaf.com\/hu\/wp-content\/uploads\/sites\/3\/2022\/03\/M10_M_Portraits_Buero_124-992x331.jpg 992w, https:\/\/www.vangraaf.com\/hu\/wp-content\/uploads\/sites\/3\/2022\/03\/M10_M_Portraits_Buero_124-480x160.jpg 480w, https:\/\/www.vangraaf.com\/hu\/wp-content\/uploads\/sites\/3\/2022\/03\/M10_M_Portraits_Buero_124-690x230.jpg 690w\" sizes=\"(max-width: 1440px) 100vw, 1440px\" \/><img loading=\"lazy\" decoding=\"async\" width=\"768\" height=\"250\" src=\"https:\/\/www.vangraaf.com\/hu\/wp-content\/uploads\/sites\/3\/2022\/03\/M10_M_Portraits_Buero_124_2.jpg\" class=\"vc_single_image-img keyvisual__image--small\" alt=\"\" srcset=\"https:\/\/www.vangraaf.com\/hu\/wp-content\/uploads\/sites\/3\/2022\/03\/M10_M_Portraits_Buero_124_2.jpg 768w, https:\/\/www.vangraaf.com\/hu\/wp-content\/uploads\/sites\/3\/2022\/03\/M10_M_Portraits_Buero_124_2-300x98.jpg 300w, https:\/\/www.vangraaf.com\/hu\/wp-content\/uploads\/sites\/3\/2022\/03\/M10_M_Portraits_Buero_124_2-480x156.jpg 480w, https:\/\/www.vangraaf.com\/hu\/wp-content\/uploads\/sites\/3\/2022\/03\/M10_M_Portraits_Buero_124_2-690x225.jpg 690w\" sizes=\"(max-width: 768px) 100vw, 768px\" \/><\/div>\n        <div class=\"headlines headlines--center\" data-aos=\"fade-up\">\n            <div class=\"vc_row\">\n                <div class=\"vc_col-md-10 vc_col-md-offset-1 vc_col-lg-10 vc_col-lg-offset-1\"><span class=\"h6\">K\u00f6zvetlen kapcsolat a VAN GRAAF munkat\u00e1rs\u00e1hoz<\/span><h1 class=\"h2\">Kapcsolat<\/h1><\/div>\n            <\/div>\n        <\/div>[vc_column_text]\r\n<p style=\"text-align: center\">K\u00e9rd\u00e9sed van egy VAN GRAAF \u00e1ltal ki\u00edrt poz\u00edci\u00f3val kapcsolatban? V\u00e1rjuk a megkeres\u00e9sedet! K\u00fcldd el a k\u00e9rd\u00e9sedet a kapcsolatfelv\u00e9teli \u0171rlapon kereszt\u00fcl, vagy h\u00edvj fel minket telefonon. K\u00e9rj\u00fck, hogy \u00e1ll\u00e1sp\u00e1ly\u00e1zatodat felt\u00e9tlen\u00fcl a <a href=\"https:\/\/www.vangraaf.com\/hu\/karrier\/allas-karrier\/\">Karrier<\/a> oldalunkunkon tal\u00e1lhat\u00f3 \u0171rlapon kereszt\u00fcl juttasd el hozz\u00e1nk. A kapcsolatfelv\u00e9teli \u0171rlapon kereszt\u00fcl be\u00e9rkez\u0151 \u00e1ll\u00e1sp\u00e1ly\u00e1zatokat nem \u00e1ll m\u00f3dunkban figyelembe venni<\/p>\r\n[\/vc_column_text][\/vc_column][\/vc_row][vc_row][vc_column]\n<div class=\"wpcf7 no-js\" id=\"wpcf7-f6363-o1\" lang=\"hu-HU\" dir=\"ltr\" data-wpcf7-id=\"6363\">\n<div class=\"screen-reader-response\"><p role=\"status\" aria-live=\"polite\" aria-atomic=\"true\"><\/p> <ul><\/ul><\/div>\n<form action=\"\/hu\/wp-json\/wp\/v2\/pages\/6361#wpcf7-f6363-o1\" method=\"post\" class=\"wpcf7-form init wpcf7-acceptance-as-validation\" aria-label=\"Kapcsolatfelv\u00e9teli \u0171rlap\" novalidate=\"novalidate\" data-status=\"init\">\n<fieldset class=\"hidden-fields-container\"><input type=\"hidden\" name=\"_wpcf7\" value=\"6363\" \/><input type=\"hidden\" name=\"_wpcf7_version\" value=\"6.1.5\" \/><input type=\"hidden\" name=\"_wpcf7_locale\" value=\"hu_HU\" \/><input type=\"hidden\" name=\"_wpcf7_unit_tag\" value=\"wpcf7-f6363-o1\" \/><input type=\"hidden\" name=\"_wpcf7_container_post\" value=\"0\" \/><input type=\"hidden\" name=\"_wpcf7_posted_data_hash\" value=\"\" \/><input type=\"hidden\" name=\"_cf7a__timestamp\" value=\"zA6LO9Iyy\/rPoaxxzSKVbg==\" \/><input type=\"hidden\" name=\"_cf7a_version\" value=\"1.0\" \/><input type=\"hidden\" name=\"_cf7a_address\" value=\"\" \/><input type=\"hidden\" name=\"_cf7a_referer\" value=\"\" \/><input type=\"hidden\" name=\"_cf7a_protocol\" value=\"\" \/><input type=\"hidden\" name=\"_cf7a_bot_fingerprint\" value=\"zA6LO9Iyy\/rPoaxxzSKVbg==\" \/><input type=\"hidden\" name=\"_cf7a_bot_fingerprint_extras\" \/><input type=\"hidden\" name=\"_cf7a_append_on_submit\" \/>\n<\/fieldset>\n<div class=\"vc_row\">\n<div class=\"vc_col-sm-6\">\n<div class=\"form-element form-element--select\">\n<span class=\"wpcf7-form-control-wrap recipient\" data-name=\"recipient\"><select class=\"wpcf7-form-control wpcf7-contact_person_select wpcf7-validates-as-required\" required=\"true\" aria-required=\"true\" aria-invalid=\"false\" name=\"recipient\"><option value=\"\">T\u00e1rgy*<\/option><optgroup label=\"Teamlead Positions\"><option value=\"6689\">Nagy Kira<\/option><\/optgroup><\/select><\/span>\n<\/div>\n<\/div>\n<\/div>\n\n<div class=\"vc_row\">\n<div class=\"vc_col-sm-6\">\n<div class=\"form-element form-element--input\">\n<span class=\"wpcf7-form-control-wrap\" data-name=\"firstname\"><input size=\"40\" maxlength=\"400\" class=\"wpcf7-form-control wpcf7-text wpcf7-validates-as-required\" id=\"firstname\" aria-required=\"true\" aria-invalid=\"false\" value=\"\" type=\"text\" name=\"firstname\" \/><\/span> <label for=\"firstname\">Keresztn\u00e9v*<\/label>\n<\/div>\n<\/div>\n<div class=\"vc_col-sm-6\">\n<div class=\"form-element form-element--input\">\n<span class=\"wpcf7-form-control-wrap\" data-name=\"lastname\"><input size=\"40\" maxlength=\"400\" class=\"wpcf7-form-control wpcf7-text wpcf7-validates-as-required\" id=\"lastname\" aria-required=\"true\" aria-invalid=\"false\" value=\"\" type=\"text\" name=\"lastname\" \/><\/span> <label for=\"lastname\">Vezet\u00e9kn\u00e9v*<\/label>\n<\/div>\n<\/div>\n<\/div>\n\n<div class=\"vc_row\">\n<div class=\"vc_col-sm-6\">\n<div class=\"form-element form-element--input\">\n<span class=\"wpcf7-form-control-wrap\" data-name=\"email\"><input size=\"40\" maxlength=\"400\" class=\"wpcf7-form-control wpcf7-email wpcf7-validates-as-required wpcf7-text wpcf7-validates-as-email\" id=\"email\" aria-required=\"true\" aria-invalid=\"false\" value=\"\" type=\"email\" name=\"email\" \/><\/span> <label for=\"email\">Email*<\/label>\n<\/div>\n<\/div>\n<\/div>\n\n<div class=\"vc_row\">\n<div class=\"vc_col-sm-12\">\n<div class=\"form-element form-element--textarea\">\n<span class=\"wpcf7-form-control-wrap\" data-name=\"message\"><textarea cols=\"40\" rows=\"10\" maxlength=\"2000\" class=\"wpcf7-form-control wpcf7-textarea wpcf7-validates-as-required\" id=\"message\" aria-required=\"true\" aria-invalid=\"false\" name=\"message\"><\/textarea><\/span> <label for=\"message\">Az \u00d6n \u00fczenete*<\/label>\n<\/div>\n<\/div>\n<\/div>\n\n<div class=\"vc_row\">\n<div class=\"vc_col-sm-12\">\n<div class=\"form-element form-element--checkbox\">\n<span class=\"wpcf7-form-control-wrap\" data-name=\"privacy\"><span class=\"wpcf7-form-control wpcf7-acceptance\"><span class=\"wpcf7-list-item\"><input type=\"checkbox\" name=\"privacy\" value=\"1\" id=\"privacy\" aria-invalid=\"false\" \/><\/span><\/span><\/span> <label for=\"privacy\">IHozz\u00e1j\u00e1rulok ahhoz, hogy a fenti kapcsolatfelv\u00e9teli \u0171rlapon megadott szem\u00e9lyes adataimat a VAN GRAAF Bt. \u00e9s a Peek&Cloppenburg KG feldolgozza annak \u00e9rdek\u00e9ben, hogy k\u00e9rd\u00e9seimre e-mailben, telefonon kereszt\u00fcl \u00e9s\/vagy postai \u00faton v\u00e1laszoljon. Elolvastam az <a href=\"\/hu\/adatvedelmi-es-adatbiztonsagi-policy\/\" target=\"_blank\">Adatv\u00e9delmi nyilatkozatot<\/a> \u00e9s elfogadom az abban foglaltakat. T\u00e1j\u00e9koztatjuk, hogy az itt megadott szem\u00e9lyes adatait (vezet\u00e9kn\u00e9v, keresztn\u00e9v, lakc\u00edm, telefonsz\u00e1m, e-mail c\u00edm) a Peek&amp;Cloppenburg KG t\u00e1rsas\u00e1ggal k\u00f6t\u00f6tt k\u00fcl\u00f6n meg\u00e1llapod\u00e1sok alapj\u00e1n egy N\u00e9metorsz\u00e1gban bejegyzett t\u00e1rsas\u00e1g, az MCS Moorbek Computer Systeme GmbH (sz\u00e9khelye: Essener Bogen 17, 22419 Hamburg, N\u00e9metorsz\u00e1g) adatfeldolgoz\u00f3k\u00e9nt a Peek&amp;Cloppenburg KG webszerver\u00e9n t\u00e1rolja, oly m\u00f3don, hogy azokhoz illet\u00e9ktelen harmadik szem\u00e9lyek nem f\u00e9rhetnek hozz\u00e1. Az adatkezel\u00e9s kiz\u00e1r\u00f3lag arra a c\u00e9lra t\u00f6rt\u00e9nik, amelyre tekintettel \u00d6n megadta azokat, azaz hogy \u00d6nnel kapcsolatba l\u00e9pj\u00fcnk, esetleges panasz\u00e1t feldolgozzuk, \u00e9szrev\u00e9teleire reag\u00e1ljunk. Az \u00d6n \u00e1ltal megadott szem\u00e9lyes adatokat az adatkezel\u0151k a c\u00e9l megval\u00f3sul\u00e1s\u00e1t (megkeres\u00e9se megv\u00e1laszol\u00e1s\u00e1t, esetleges panasza rendez\u00e9s\u00e9t) k\u00f6vet\u0151en halad\u00e9ktalanul t\u00f6rlik az adatb\u00e1zisb\u00f3l.*<\/label>\n<\/div>\n<\/div>\n<\/div>\n\n<div class=\"vc_row\">\n<div class=\"vc_col-sm-12\">\n<small>K\u00e9rj\u00fck, t\u00f6ltse ki az \u00f6sszes csillaggal (*) jel\u00f6lt mez\u0151t.<\/small>\n<\/div>\n<\/div>\n\n<div class=\"wpcf7-response-output\" aria-hidden=\"true\"><\/div>\n\n<div class=\"vc_row\">\n<div class=\"vc_col-sm-12 form__buttons\">\n<button id=\"submit\" type=\"submit\" class=\"wpcf7-form-control wpcf7-submit button\">Elk\u00fcld<\/button>\n<\/div>\n<\/div>\n\n<span id=\"wpcf7-69fcb0f67958e-wrapper\" class=\"wpcf7-form-control-wrap credit-card-wrap\" ><input type=\"hidden\" name=\"credit-card-time-start\" value=\"1778168054\"><input type=\"hidden\" name=\"credit-card-time-check\" value=\"4\"><input id=\"wpcf7-69fcb0f67958e-field\"  class=\"wpcf7-form-control wpcf7-text\" type=\"text\" name=\"credit-card\" value=\"\" size=\"40\" tabindex=\"-1\" autocomplete=\"new-password\" \/><\/span>\n<\/form>\n<\/div>\n[\/vc_column][\/vc_row][vc_row][vc_column]<div class=\"vg-element contact-persons-teaser\" data-aos=\"fade-up\"><div class=\"vc_row\"><div class=\"vc_col-md-10 vc_col-md-offset-1\"><div class=\"contact-persons-teaser__items vc_row\"><div class=\"contact-persons-teaser__item vc_col-sm-6\"><div class=\"vc_row vc_row-flex\"><div class=\"vc_col-xs-4 contact-persons-teaser__item__image\"><img loading=\"lazy\" decoding=\"async\" width=\"280\" height=\"280\" src=\"https:\/\/www.vangraaf.com\/hu\/wp-content\/uploads\/sites\/3\/2022\/03\/Kira_Nagy_Bild-Karriere-HU-280x280.jpg\" class=\"attachment-van-graaf-small-square-teaser size-van-graaf-small-square-teaser\" alt=\"\" srcset=\"https:\/\/www.vangraaf.com\/hu\/wp-content\/uploads\/sites\/3\/2022\/03\/Kira_Nagy_Bild-Karriere-HU-280x280.jpg 280w, https:\/\/www.vangraaf.com\/hu\/wp-content\/uploads\/sites\/3\/2022\/03\/Kira_Nagy_Bild-Karriere-HU-300x300.jpg 300w, https:\/\/www.vangraaf.com\/hu\/wp-content\/uploads\/sites\/3\/2022\/03\/Kira_Nagy_Bild-Karriere-HU-150x150.jpg 150w, https:\/\/www.vangraaf.com\/hu\/wp-content\/uploads\/sites\/3\/2022\/03\/Kira_Nagy_Bild-Karriere-HU.jpg 400w\" sizes=\"(max-width: 280px) 100vw, 280px\" \/><\/div><div class=\"vc_col-xs-8 contact-persons-teaser__item__text\"><div class=\"contact-persons-teaser__item__text__inner\"><span class=\"h4\">Teamlead Positions <\/span><p><span class=\"contact-persons-teaser__item__name\">Nagy Kira<\/span><br\/><a class=\"contact-persons-teaser__item__phone\" href=\"tel:+36306603813\">+36 30 660 3813<\/a><br\/><a class=\"contact-persons-teaser__item__email\" href=\"mailto:kira.nagy@vangraaf.hu\">E-mail k\u00fcld\u00e9s<\/a><\/p><\/div><\/div><\/div><\/div><\/div><\/div><\/div><\/div>[\/vc_column][\/vc_row][vc_row][vc_column]<div class=\"vg-element contact-persons-teaser\" data-aos=\"fade-up\"><div class=\"vc_row\"><div class=\"vc_col-md-10 vc_col-md-offset-1\"><div class=\"contact-persons-teaser__items vc_row\"><\/div><\/div><\/div><\/div>[\/vc_column][\/vc_row]<\/div>","protected":false},"excerpt":{"rendered":"[vc_row bwd_tbc4vd_show_weekday=&#8221;&#8221; full_width=&#8221;stretch_row_content_no_spaces&#8221;][vc_column][vc_column_text] K\u00e9rd\u00e9sed van egy VAN GRAAF \u00e1ltal ki\u00edrt poz\u00edci\u00f3val kapcsolatban? V\u00e1rjuk a megkeres\u00e9sedet! K\u00fcldd el a k\u00e9rd\u00e9sedet a kapcsolatfelv\u00e9teli \u0171rlapon kereszt\u00fcl, vagy h\u00edvj fel minket telefonon. K\u00e9rj\u00fck, hogy \u00e1ll\u00e1sp\u00e1ly\u00e1zatodat felt\u00e9tlen\u00fcl a Karrier oldalunkunkon tal\u00e1lhat\u00f3 \u0171rlapon kereszt\u00fcl juttasd el hozz\u00e1nk. A kapcsolatfelv\u00e9teli \u0171rlapon kereszt\u00fcl be\u00e9rkez\u0151 \u00e1ll\u00e1sp\u00e1ly\u00e1zatokat nem \u00e1ll m\u00f3dunkban figyelembe venni [\/vc_column_text][\/vc_column][\/vc_row][vc_row][vc_column][\/vc_column][\/vc_row][vc_row][vc_column][\/vc_column][\/vc_row][vc_row][vc_column][\/vc_column][\/vc_row]","protected":false},"author":6,"featured_media":0,"parent":6356,"menu_order":0,"comment_status":"closed","ping_status":"closed","template":"","meta":{"_acf_changed":false,"inline_featured_image":false,"footnotes":""},"class_list":["post-6361","page","type-page","status-publish","hentry"],"acf":[],"yoast_head":"<!-- This site is optimized with the Yoast SEO plugin v27.2 - https:\/\/yoast.com\/product\/yoast-seo-wordpress\/ -->\n<title>Kapcsolat I VAN GRAAF<\/title>\n<meta name=\"description\" content=\"Szeretn\u00e9l inform\u00e1ci\u00f3t kapni a VAN GRAAF \u00e1ltal k\u00edn\u00e1lt karrierlehet\u0151s\u00e9gekr\u0151l? Itt megtal\u00e1lod a k\u00f6zvetlen el\u00e9rhet\u0151s\u00e9geinket.\" \/>\n<meta name=\"robots\" content=\"index, follow, max-snippet:-1, max-image-preview:large, max-video-preview:-1\" \/>\n<link rel=\"canonical\" href=\"https:\/\/www.vangraaf.com\/hu\/karrier\/kapcsolat\/\" \/>\n<meta property=\"og:locale\" content=\"hu_HU\" \/>\n<meta property=\"og:type\" content=\"article\" \/>\n<meta property=\"og:title\" content=\"Kapcsolat I VAN GRAAF\" \/>\n<meta property=\"og:description\" content=\"Szeretn\u00e9l inform\u00e1ci\u00f3t kapni a VAN GRAAF \u00e1ltal k\u00edn\u00e1lt karrierlehet\u0151s\u00e9gekr\u0151l? Itt megtal\u00e1lod a k\u00f6zvetlen el\u00e9rhet\u0151s\u00e9geinket.\" \/>\n<meta property=\"og:url\" content=\"https:\/\/www.vangraaf.com\/hu\/karrier\/kapcsolat\/\" \/>\n<meta property=\"og:site_name\" content=\"VAN GRAAF Magyarorsz\u00e1g\" \/>\n<meta property=\"article:modified_time\" content=\"2024-02-02T13:55:45+00:00\" \/>\n<meta name=\"twitter:card\" content=\"summary_large_image\" \/>\n<meta name=\"twitter:label1\" content=\"Becs\u00fclt olvas\u00e1si id\u0151\" \/>\n\t<meta name=\"twitter:data1\" content=\"1 perc\" \/>\n<script type=\"application\/ld+json\" class=\"yoast-schema-graph\">{\"@context\":\"https:\/\/schema.org\",\"@graph\":[{\"@type\":\"WebPage\",\"@id\":\"https:\/\/www.vangraaf.com\/hu\/karrier\/kapcsolat\/\",\"url\":\"https:\/\/www.vangraaf.com\/hu\/karrier\/kapcsolat\/\",\"name\":\"Kapcsolat I VAN GRAAF\",\"isPartOf\":{\"@id\":\"https:\/\/www.vangraaf.com\/hu\/#website\"},\"datePublished\":\"2022-02-15T09:50:56+00:00\",\"dateModified\":\"2024-02-02T13:55:45+00:00\",\"description\":\"Szeretn\u00e9l inform\u00e1ci\u00f3t kapni a VAN GRAAF \u00e1ltal k\u00edn\u00e1lt karrierlehet\u0151s\u00e9gekr\u0151l? Itt megtal\u00e1lod a k\u00f6zvetlen el\u00e9rhet\u0151s\u00e9geinket.\",\"breadcrumb\":{\"@id\":\"https:\/\/www.vangraaf.com\/hu\/karrier\/kapcsolat\/#breadcrumb\"},\"inLanguage\":\"hu\",\"potentialAction\":[{\"@type\":\"ReadAction\",\"target\":[\"https:\/\/www.vangraaf.com\/hu\/karrier\/kapcsolat\/\"]}]},{\"@type\":\"BreadcrumbList\",\"@id\":\"https:\/\/www.vangraaf.com\/hu\/karrier\/kapcsolat\/#breadcrumb\",\"itemListElement\":[{\"@type\":\"ListItem\",\"position\":1,\"name\":\"Home\",\"item\":\"https:\/\/www.vangraaf.com\/hu\/\"},{\"@type\":\"ListItem\",\"position\":2,\"name\":\"Karrier\",\"item\":\"https:\/\/www.vangraaf.com\/hu\/karrier\/\"},{\"@type\":\"ListItem\",\"position\":3,\"name\":\"Kapcsolat\"}]},{\"@type\":\"WebSite\",\"@id\":\"https:\/\/www.vangraaf.com\/hu\/#website\",\"url\":\"https:\/\/www.vangraaf.com\/hu\/\",\"name\":\"VAN GRAAF\",\"description\":\"VAN GRAAF\",\"potentialAction\":[{\"@type\":\"SearchAction\",\"target\":{\"@type\":\"EntryPoint\",\"urlTemplate\":\"https:\/\/www.vangraaf.com\/hu\/?s={search_term_string}\"},\"query-input\":{\"@type\":\"PropertyValueSpecification\",\"valueRequired\":true,\"valueName\":\"search_term_string\"}}],\"inLanguage\":\"hu\"}]}<\/script>\n<!-- \/ Yoast SEO plugin. -->","yoast_head_json":{"title":"Kapcsolat I VAN GRAAF","description":"Szeretn\u00e9l inform\u00e1ci\u00f3t kapni a VAN GRAAF \u00e1ltal k\u00edn\u00e1lt karrierlehet\u0151s\u00e9gekr\u0151l? Itt megtal\u00e1lod a k\u00f6zvetlen el\u00e9rhet\u0151s\u00e9geinket.","robots":{"index":"index","follow":"follow","max-snippet":"max-snippet:-1","max-image-preview":"max-image-preview:large","max-video-preview":"max-video-preview:-1"},"canonical":"https:\/\/www.vangraaf.com\/hu\/karrier\/kapcsolat\/","og_locale":"hu_HU","og_type":"article","og_title":"Kapcsolat I VAN GRAAF","og_description":"Szeretn\u00e9l inform\u00e1ci\u00f3t kapni a VAN GRAAF \u00e1ltal k\u00edn\u00e1lt karrierlehet\u0151s\u00e9gekr\u0151l? Itt megtal\u00e1lod a k\u00f6zvetlen el\u00e9rhet\u0151s\u00e9geinket.","og_url":"https:\/\/www.vangraaf.com\/hu\/karrier\/kapcsolat\/","og_site_name":"VAN GRAAF Magyarorsz\u00e1g","article_modified_time":"2024-02-02T13:55:45+00:00","twitter_card":"summary_large_image","twitter_misc":{"Becs\u00fclt olvas\u00e1si id\u0151":"1 perc"},"schema":{"@context":"https:\/\/schema.org","@graph":[{"@type":"WebPage","@id":"https:\/\/www.vangraaf.com\/hu\/karrier\/kapcsolat\/","url":"https:\/\/www.vangraaf.com\/hu\/karrier\/kapcsolat\/","name":"Kapcsolat I VAN GRAAF","isPartOf":{"@id":"https:\/\/www.vangraaf.com\/hu\/#website"},"datePublished":"2022-02-15T09:50:56+00:00","dateModified":"2024-02-02T13:55:45+00:00","description":"Szeretn\u00e9l inform\u00e1ci\u00f3t kapni a VAN GRAAF \u00e1ltal k\u00edn\u00e1lt karrierlehet\u0151s\u00e9gekr\u0151l? Itt megtal\u00e1lod a k\u00f6zvetlen el\u00e9rhet\u0151s\u00e9geinket.","breadcrumb":{"@id":"https:\/\/www.vangraaf.com\/hu\/karrier\/kapcsolat\/#breadcrumb"},"inLanguage":"hu","potentialAction":[{"@type":"ReadAction","target":["https:\/\/www.vangraaf.com\/hu\/karrier\/kapcsolat\/"]}]},{"@type":"BreadcrumbList","@id":"https:\/\/www.vangraaf.com\/hu\/karrier\/kapcsolat\/#breadcrumb","itemListElement":[{"@type":"ListItem","position":1,"name":"Home","item":"https:\/\/www.vangraaf.com\/hu\/"},{"@type":"ListItem","position":2,"name":"Karrier","item":"https:\/\/www.vangraaf.com\/hu\/karrier\/"},{"@type":"ListItem","position":3,"name":"Kapcsolat"}]},{"@type":"WebSite","@id":"https:\/\/www.vangraaf.com\/hu\/#website","url":"https:\/\/www.vangraaf.com\/hu\/","name":"VAN GRAAF","description":"VAN GRAAF","potentialAction":[{"@type":"SearchAction","target":{"@type":"EntryPoint","urlTemplate":"https:\/\/www.vangraaf.com\/hu\/?s={search_term_string}"},"query-input":{"@type":"PropertyValueSpecification","valueRequired":true,"valueName":"search_term_string"}}],"inLanguage":"hu"}]}},"_links":{"self":[{"href":"https:\/\/www.vangraaf.com\/hu\/wp-json\/wp\/v2\/pages\/6361","targetHints":{"allow":["GET"]}}],"collection":[{"href":"https:\/\/www.vangraaf.com\/hu\/wp-json\/wp\/v2\/pages"}],"about":[{"href":"https:\/\/www.vangraaf.com\/hu\/wp-json\/wp\/v2\/types\/page"}],"author":[{"embeddable":true,"href":"https:\/\/www.vangraaf.com\/hu\/wp-json\/wp\/v2\/users\/6"}],"replies":[{"embeddable":true,"href":"https:\/\/www.vangraaf.com\/hu\/wp-json\/wp\/v2\/comments?post=6361"}],"version-history":[{"count":10,"href":"https:\/\/www.vangraaf.com\/hu\/wp-json\/wp\/v2\/pages\/6361\/revisions"}],"predecessor-version":[{"id":7932,"href":"https:\/\/www.vangraaf.com\/hu\/wp-json\/wp\/v2\/pages\/6361\/revisions\/7932"}],"up":[{"embeddable":true,"href":"https:\/\/www.vangraaf.com\/hu\/wp-json\/wp\/v2\/pages\/6356"}],"wp:attachment":[{"href":"https:\/\/www.vangraaf.com\/hu\/wp-json\/wp\/v2\/media?parent=6361"}],"curies":[{"name":"wp","href":"https:\/\/api.w.org\/{rel}","templated":true}]}}