{"id":6356,"date":"2022-02-15T10:49:09","date_gmt":"2022-02-15T09:49:09","guid":{"rendered":"https:\/\/www.vangraaf.com\/hu\/?page_id=6356"},"modified":"2022-03-25T12:26:55","modified_gmt":"2022-03-25T11:26:55","slug":"karrier","status":"publish","type":"page","link":"https:\/\/www.vangraaf.com\/hu\/karrier\/","title":{"rendered":"Karrier"},"content":{"rendered":"<div class=\"wpb-content-wrapper\">[vc_row bwd_tbc4vd_show_weekday=&#8221;&#8221; full_width=&#8221;stretch_row_content_no_spaces&#8221;][vc_column]<div class=\"visual-slider js-visual-slider\" data-aos=\"fade-up\"><div class=\"visual-slider__item\" ><div ><div class=\"visual-slider__item__visual\"><img loading=\"lazy\" decoding=\"async\" width=\"1440\" height=\"480\" src=\"https:\/\/www.vangraaf.com\/hu\/wp-content\/uploads\/sites\/3\/2022\/03\/M10_M_Portraits_Buero_026.jpg\" class=\"attachment-van-graaf-visual size-van-graaf-visual\" alt=\"\" srcset=\"https:\/\/www.vangraaf.com\/hu\/wp-content\/uploads\/sites\/3\/2022\/03\/M10_M_Portraits_Buero_026.jpg 1440w, https:\/\/www.vangraaf.com\/hu\/wp-content\/uploads\/sites\/3\/2022\/03\/M10_M_Portraits_Buero_026-300x100.jpg 300w, https:\/\/www.vangraaf.com\/hu\/wp-content\/uploads\/sites\/3\/2022\/03\/M10_M_Portraits_Buero_026-1024x341.jpg 1024w, https:\/\/www.vangraaf.com\/hu\/wp-content\/uploads\/sites\/3\/2022\/03\/M10_M_Portraits_Buero_026-768x256.jpg 768w, https:\/\/www.vangraaf.com\/hu\/wp-content\/uploads\/sites\/3\/2022\/03\/M10_M_Portraits_Buero_026-1200x400.jpg 1200w, https:\/\/www.vangraaf.com\/hu\/wp-content\/uploads\/sites\/3\/2022\/03\/M10_M_Portraits_Buero_026-992x331.jpg 992w, https:\/\/www.vangraaf.com\/hu\/wp-content\/uploads\/sites\/3\/2022\/03\/M10_M_Portraits_Buero_026-480x160.jpg 480w, https:\/\/www.vangraaf.com\/hu\/wp-content\/uploads\/sites\/3\/2022\/03\/M10_M_Portraits_Buero_026-690x230.jpg 690w\" sizes=\"(max-width: 1440px) 100vw, 1440px\" \/><\/div><\/div><\/div><div class=\"visual-slider__item\" data-visual-href=\"https:\/\/www.vangraaf.com\/hu\/karrier\/allas-karrier\/ertekesites\/\" data-visual-target=\"_self\"><div ><div class=\"visual-slider__item__visual\"><a class=\"\" href=\"https:\/\/www.vangraaf.com\/hu\/karrier\/allas-karrier\/ertekesites\/\" target=\"_self\" rel=\"\" style=\"\"><img loading=\"lazy\" decoding=\"async\" width=\"1440\" height=\"480\" src=\"https:\/\/www.vangraaf.com\/hu\/wp-content\/uploads\/sites\/3\/2022\/03\/M1_F_Schueler_Eltern_Lehrer_003-1.jpg\" class=\"attachment-van-graaf-visual size-van-graaf-visual\" alt=\"\" srcset=\"https:\/\/www.vangraaf.com\/hu\/wp-content\/uploads\/sites\/3\/2022\/03\/M1_F_Schueler_Eltern_Lehrer_003-1.jpg 1440w, https:\/\/www.vangraaf.com\/hu\/wp-content\/uploads\/sites\/3\/2022\/03\/M1_F_Schueler_Eltern_Lehrer_003-1-300x100.jpg 300w, https:\/\/www.vangraaf.com\/hu\/wp-content\/uploads\/sites\/3\/2022\/03\/M1_F_Schueler_Eltern_Lehrer_003-1-1024x341.jpg 1024w, https:\/\/www.vangraaf.com\/hu\/wp-content\/uploads\/sites\/3\/2022\/03\/M1_F_Schueler_Eltern_Lehrer_003-1-768x256.jpg 768w, https:\/\/www.vangraaf.com\/hu\/wp-content\/uploads\/sites\/3\/2022\/03\/M1_F_Schueler_Eltern_Lehrer_003-1-1200x400.jpg 1200w, https:\/\/www.vangraaf.com\/hu\/wp-content\/uploads\/sites\/3\/2022\/03\/M1_F_Schueler_Eltern_Lehrer_003-1-992x331.jpg 992w, https:\/\/www.vangraaf.com\/hu\/wp-content\/uploads\/sites\/3\/2022\/03\/M1_F_Schueler_Eltern_Lehrer_003-1-480x160.jpg 480w, https:\/\/www.vangraaf.com\/hu\/wp-content\/uploads\/sites\/3\/2022\/03\/M1_F_Schueler_Eltern_Lehrer_003-1-690x230.jpg 690w\" sizes=\"(max-width: 1440px) 100vw, 1440px\" \/><\/a><\/div><\/div><\/div><div class=\"visual-slider__item\" data-visual-href=\"https:\/\/www.vangraaf.com\/hu\/karrier\/allas-karrier\/logisztika-es-muszaki-terulet\/\" data-visual-target=\"_self\"><div ><div class=\"visual-slider__item__visual\"><a class=\"\" href=\"https:\/\/www.vangraaf.com\/hu\/karrier\/allas-karrier\/logisztika-es-muszaki-terulet\/\" target=\"_self\" rel=\"\" style=\"\"><img loading=\"lazy\" decoding=\"async\" width=\"1440\" height=\"480\" src=\"https:\/\/www.vangraaf.com\/hu\/wp-content\/uploads\/sites\/3\/2022\/03\/M8_E_VK_Logistik_054.jpg\" class=\"attachment-van-graaf-visual size-van-graaf-visual\" alt=\"\" srcset=\"https:\/\/www.vangraaf.com\/hu\/wp-content\/uploads\/sites\/3\/2022\/03\/M8_E_VK_Logistik_054.jpg 1440w, https:\/\/www.vangraaf.com\/hu\/wp-content\/uploads\/sites\/3\/2022\/03\/M8_E_VK_Logistik_054-300x100.jpg 300w, https:\/\/www.vangraaf.com\/hu\/wp-content\/uploads\/sites\/3\/2022\/03\/M8_E_VK_Logistik_054-1024x341.jpg 1024w, https:\/\/www.vangraaf.com\/hu\/wp-content\/uploads\/sites\/3\/2022\/03\/M8_E_VK_Logistik_054-768x256.jpg 768w, https:\/\/www.vangraaf.com\/hu\/wp-content\/uploads\/sites\/3\/2022\/03\/M8_E_VK_Logistik_054-1200x400.jpg 1200w, https:\/\/www.vangraaf.com\/hu\/wp-content\/uploads\/sites\/3\/2022\/03\/M8_E_VK_Logistik_054-992x331.jpg 992w, https:\/\/www.vangraaf.com\/hu\/wp-content\/uploads\/sites\/3\/2022\/03\/M8_E_VK_Logistik_054-480x160.jpg 480w, https:\/\/www.vangraaf.com\/hu\/wp-content\/uploads\/sites\/3\/2022\/03\/M8_E_VK_Logistik_054-690x230.jpg 690w\" sizes=\"(max-width: 1440px) 100vw, 1440px\" \/><\/a><\/div><\/div><\/div><div class=\"visual-slider__item\" data-visual-href=\"https:\/\/www.vangraaf.com\/hu\/karrier\/allas-karrier\/visual-merchandising\/\" data-visual-target=\"_self\"><div ><div class=\"visual-slider__item__visual\"><a class=\"\" href=\"https:\/\/www.vangraaf.com\/hu\/karrier\/allas-karrier\/visual-merchandising\/\" target=\"_self\" rel=\"\" style=\"\"><img loading=\"lazy\" decoding=\"async\" width=\"1440\" height=\"480\" src=\"https:\/\/www.vangraaf.com\/hu\/wp-content\/uploads\/sites\/3\/2022\/03\/M4_C_Berufserfahrene_083.jpg\" class=\"attachment-van-graaf-visual size-van-graaf-visual\" alt=\"\" srcset=\"https:\/\/www.vangraaf.com\/hu\/wp-content\/uploads\/sites\/3\/2022\/03\/M4_C_Berufserfahrene_083.jpg 1440w, https:\/\/www.vangraaf.com\/hu\/wp-content\/uploads\/sites\/3\/2022\/03\/M4_C_Berufserfahrene_083-300x100.jpg 300w, https:\/\/www.vangraaf.com\/hu\/wp-content\/uploads\/sites\/3\/2022\/03\/M4_C_Berufserfahrene_083-1024x341.jpg 1024w, https:\/\/www.vangraaf.com\/hu\/wp-content\/uploads\/sites\/3\/2022\/03\/M4_C_Berufserfahrene_083-768x256.jpg 768w, https:\/\/www.vangraaf.com\/hu\/wp-content\/uploads\/sites\/3\/2022\/03\/M4_C_Berufserfahrene_083-1200x400.jpg 1200w, https:\/\/www.vangraaf.com\/hu\/wp-content\/uploads\/sites\/3\/2022\/03\/M4_C_Berufserfahrene_083-992x331.jpg 992w, https:\/\/www.vangraaf.com\/hu\/wp-content\/uploads\/sites\/3\/2022\/03\/M4_C_Berufserfahrene_083-480x160.jpg 480w, https:\/\/www.vangraaf.com\/hu\/wp-content\/uploads\/sites\/3\/2022\/03\/M4_C_Berufserfahrene_083-690x230.jpg 690w\" sizes=\"(max-width: 1440px) 100vw, 1440px\" \/><\/a><\/div><\/div><\/div><\/div>[\/vc_column][\/vc_row][vc_row bwd_tbc4vd_show_weekday=&#8221;&#8221; full_width=&#8221;stretch_row_content_no_spaces&#8221;][vc_column]\n        <div class=\"headlines headlines--center\" data-aos=\"fade-up\">\n            <div class=\"vc_row\">\n                <div class=\"vc_col-md-10 vc_col-md-offset-1 vc_col-lg-10 vc_col-lg-offset-1\"><span class=\"h6\">Szenved\u00e9llyel a divat \u00e9s az emberek ir\u00e1nt<\/span><h1 class=\"h2\">Karrier a VAN GRAAF-n\u00e1l<\/h1><\/div>\n            <\/div>\n        <\/div>[vc_column_text]\r\n<p style=\"text-align: center\">\u00d6r\u00fcl\u00fcnk, hogy a karrieroldalunkon \u00fcdv\u00f6z\u00f6lhet\u00fcnk &#8211; \u00e9s tal\u00e1n hamarosan a csapatunkban is. Nemzetk\u00f6zi omnichannel kereskedelmi v\u00e1llalatunk munkat\u00e1rsainak k\u00f6z\u00f6s c\u00e9lkit\u0171z\u00e9se, hogy a v\u00e1s\u00e1rl\u00f3ink leny\u0171g\u00f6z\u0151 v\u00e1s\u00e1rl\u00e1si <a href=\"https:\/\/www.vangraaf.com\/hu\/karrier\/allas-karrier\/ertekesites\/\">\u00e9lm\u00e9nyben r\u00e9szes\u00fcljenek<\/a>. Az \u00e9rt\u00e9kes\u00edt\u00e9s, a <a href=\"https:\/\/www.vangraaf.com\/hu\/karrier\/allas-karrier\/visual-merchandising\/\">visual merchandising<\/a>, a (logisztika \u00e9s a m\u0171szaki t\u00e1mogat\u00e1s) rakt\u00e1r \u00e9s <a href=\"https:\/\/www.vangraaf.com\/hu\/karrier\/allas-karrier\/logisztika-es-muszaki-terulet\/\">h\u00e1ztechnika<\/a> ter\u00fcleteire keres\u00fcnk munkat\u00e1rsakat: A nemzetk\u00f6zi divatkereskedelem egy izgalmas, dinamikusan fejl\u0151d\u0151 szektor, ahol kiakn\u00e1zhatod a tud\u00e1sodat \u00e9s a tehets\u00e9gedet.<\/p>\r\n[\/vc_column_text][\/vc_column][\/vc_row][vc_row bwd_tbc4vd_show_weekday=&#8221;&#8221; full_width=&#8221;stretch_row_content_no_spaces&#8221;][vc_column]<div class=\"vice-versa-teaser vice-versa-teaser--dark\" style=\"--season-color: #ededed\" data-aos=\"fade-up\"><div class=\"vice-versa-teaser__inner\">\n                        <div class=\"content_wrap\"><div class=\"vg-element vice-versa-teaser__item vice-versa-teaser__item--left\"><div class=\"vc_row vc_row-flex\"><div class=\"vc_col-xs-12 vc_col-sm-6\"><div class=\"vice-versa-teaser__item__image-wrap\"><a class=\"\" href=\"https:\/\/www.vangraaf.com\/hu\/karrier\/rolunk\/egyutt\/\" target=\"_self\" rel=\"\" style=\"\"><img loading=\"lazy\" decoding=\"async\" width=\"555\" height=\"735\" src=\"https:\/\/www.vangraaf.com\/hu\/wp-content\/uploads\/sites\/3\/2022\/03\/M7_D_Wir_Headerbild_Gruppe_030-3.jpg\" class=\"attachment-van-graaf-vice-versa-teaser size-van-graaf-vice-versa-teaser\" alt=\"\" srcset=\"https:\/\/www.vangraaf.com\/hu\/wp-content\/uploads\/sites\/3\/2022\/03\/M7_D_Wir_Headerbild_Gruppe_030-3.jpg 555w, https:\/\/www.vangraaf.com\/hu\/wp-content\/uploads\/sites\/3\/2022\/03\/M7_D_Wir_Headerbild_Gruppe_030-3-227x300.jpg 227w, https:\/\/www.vangraaf.com\/hu\/wp-content\/uploads\/sites\/3\/2022\/03\/M7_D_Wir_Headerbild_Gruppe_030-3-480x636.jpg 480w\" sizes=\"(max-width: 555px) 100vw, 555px\" \/><\/a><\/div><\/div><div class=\"vice-versa-teaser__item__content-wrap vc_col-xs-12 vc_col-sm-6 vc_col-md-4 vc_col-md-offset-1\"><div class=\"vice-versa-teaser__item__content\"><h3>K\u00f6z\u00f6sen <\/h3><p>K\u00f6z\u00f6s benn\u00fcnk a divat \u00e9s az emberek ir\u00e1nti szenved\u00e9ly. Akt\u00edvan t\u00e1mogatjuk az \u00f6sszetart\u00e1st, amely inspir\u00e1ci\u00f3forr\u00e1s saj\u00e1t magunk \u00e9s m\u00e1sok sz\u00e1m\u00e1ra. Fedezd fel, hogy mi teszi a VAN GRAAF-n\u00e1l v\u00e9gzett munk\u00e1t k\u00fcl\u00f6nlegess\u00e9. <\/p><a class=\"button button--dark\" href=\"https:\/\/www.vangraaf.com\/hu\/karrier\/rolunk\/egyutt\/\" target=\"_self\" rel=\"\" style=\"\">Tudj meg t\u00f6bbet<\/a><\/div><\/div><\/div><\/div><div class=\"vg-element vice-versa-teaser__item vice-versa-teaser__item--right\"><div class=\"vc_row vc_row-flex\"><div class=\"vc_col-xs-12 vc_col-sm-6 vc_col-sm-push-6\"><div class=\"vice-versa-teaser__item__image-wrap\"><a class=\"\" href=\"https:\/\/www.vangraaf.com\/hu\/karrier\/rolunk\/iszakmai-fejlodes\/\" target=\"_self\" rel=\"\" style=\"\"><img loading=\"lazy\" decoding=\"async\" width=\"555\" height=\"735\" src=\"https:\/\/www.vangraaf.com\/hu\/wp-content\/uploads\/sites\/3\/2022\/03\/M12_D_GRUPPE_PORTRAIT_TRAINER_025-1.jpg\" class=\"attachment-van-graaf-vice-versa-teaser size-van-graaf-vice-versa-teaser\" alt=\"\" srcset=\"https:\/\/www.vangraaf.com\/hu\/wp-content\/uploads\/sites\/3\/2022\/03\/M12_D_GRUPPE_PORTRAIT_TRAINER_025-1.jpg 555w, https:\/\/www.vangraaf.com\/hu\/wp-content\/uploads\/sites\/3\/2022\/03\/M12_D_GRUPPE_PORTRAIT_TRAINER_025-1-227x300.jpg 227w, https:\/\/www.vangraaf.com\/hu\/wp-content\/uploads\/sites\/3\/2022\/03\/M12_D_GRUPPE_PORTRAIT_TRAINER_025-1-480x636.jpg 480w\" sizes=\"(max-width: 555px) 100vw, 555px\" \/><\/a><\/div><\/div><div class=\"vice-versa-teaser__item__content-wrap vc_col-xs-12 vc_col-sm-6 vc_col-md-4 vc_col-md-offset-1 vc_col-sm-pull-6\"><div class=\"vice-versa-teaser__item__content\"><h3>Fejl\u0151d\u00e9s<\/h3><p>A VAN GRAAF sz\u00e1m\u00e1ra fontos a szem\u00e9lyes fejl\u0151d\u00e9sed. Mind beosztottk\u00e9nt, mind pedig vezet\u0151k\u00e9nt \u2013 tr\u00e9ning \u00e9s tov\u00e1bbk\u00e9pz\u00e9si programjaink sz\u00e9les v\u00e1laszt\u00e9k\u00e1val felk\u00e9sz\u00edt\u00fcnk a k\u00f6z\u00f6s j\u00f6v\u0151re. <\/p><a class=\"button button--dark\" href=\"https:\/\/www.vangraaf.com\/hu\/karrier\/rolunk\/iszakmai-fejlodes\/\" target=\"_self\" rel=\"\" style=\"\">Tudj meg t\u00f6bbet<\/a><\/div><\/div><\/div><\/div><\/div><\/div><\/div>[\/vc_column][\/vc_row][vc_row][vc_column][vc_column_text]\r\n<p style=\"text-align: center\">A VAN GRAAF sokoldal\u00fa, sz\u00ednes \u00e9s nemzetk\u00f6zi. V\u00e1llalatunk minden ter\u00fclet\u00e9n a j\u00f6v\u0151k\u00e9p\u00fcnk megval\u00f3s\u00edt\u00e1s\u00e1\u00e9rt dolgozunk. Sz\u00e1modra ez dinamikus \u00e9s izgalmas feladatokat jelent egy olyan csapatban, ahol azonnal otthon \u00e9rzed magad. Fedezd fel a VAN GRAAF r\u00e9szlegeinek \u00e1ll\u00e1sk\u00edn\u00e1lat\u00e1t.<\/p>\r\n[\/vc_column_text][vc_row_inner][vc_column_inner width=&#8221;1\/3&#8243;]<div class=\"vg-element cta-teaser cta-teaser--center\" data-aos=\"fade-up\"><div class=\"cta-teaser__image\"><a class=\"\" href=\"https:\/\/www.vangraaf.com\/hu\/karrier\/allas-karrier\/ertekesites\/\" target=\"_self\" rel=\"\" style=\"\"><img loading=\"lazy\" decoding=\"async\" width=\"378\" height=\"565\" src=\"https:\/\/www.vangraaf.com\/hu\/wp-content\/uploads\/sites\/3\/2022\/03\/M4_C_Berufserfahrene_083-1.jpg\" class=\"vc_single_image-img attachment-full\" alt=\"\" title=\"Allas karrier_Visual Merchandising_CTA\" srcset=\"https:\/\/www.vangraaf.com\/hu\/wp-content\/uploads\/sites\/3\/2022\/03\/M4_C_Berufserfahrene_083-1.jpg 378w, https:\/\/www.vangraaf.com\/hu\/wp-content\/uploads\/sites\/3\/2022\/03\/M4_C_Berufserfahrene_083-1-201x300.jpg 201w\" sizes=\"(max-width: 378px) 100vw, 378px\" \/><\/a><\/div><div class=\"cta-teaser__text\"><h3>\u00c9rt\u00e9kes\u00edt\u00e9s<\/h3><p>Szereted a divatot? A VAN GRAAF elad\u00f3jak\u00e9nt napi kapcsolatban \u00e1llsz a v\u00e1s\u00e1rl\u00f3inkkal, \u00e9s a hozz\u00e1\u00e9rt\u00e9seddel b\u00e1rmilyen alkalomra seg\u00edtesz nekik kiv\u00e1lasztani a t\u00f6k\u00e9letes ruh\u00e1t.<\/p><a class=\"button\" href=\"https:\/\/www.vangraaf.com\/hu\/karrier\/allas-karrier\/ertekesites\/\" target=\"_self\" rel=\"\" style=\"\">Tudj meg t\u00f6bbet<\/a><\/div><\/div>[\/vc_column_inner][vc_column_inner width=&#8221;1\/3&#8243;]<div class=\"vg-element cta-teaser cta-teaser--center\" data-aos=\"fade-up\"><div class=\"cta-teaser__image\"><a class=\"\" href=\"https:\/\/www.vangraaf.com\/hu\/karrier\/allas-karrier\/logisztika-es-muszaki-terulet\/\" target=\"_self\" rel=\"\" style=\"\"><img loading=\"lazy\" decoding=\"async\" width=\"378\" height=\"565\" src=\"https:\/\/www.vangraaf.com\/hu\/wp-content\/uploads\/sites\/3\/2022\/03\/M8_E_VK_Logistik_055_1.jpg\" class=\"vc_single_image-img attachment-full\" alt=\"\" title=\"Allas karrier_Logisztika \u00e9s h\u00e1ztechnika_CTA\" srcset=\"https:\/\/www.vangraaf.com\/hu\/wp-content\/uploads\/sites\/3\/2022\/03\/M8_E_VK_Logistik_055_1.jpg 378w, https:\/\/www.vangraaf.com\/hu\/wp-content\/uploads\/sites\/3\/2022\/03\/M8_E_VK_Logistik_055_1-201x300.jpg 201w\" sizes=\"(max-width: 378px) 100vw, 378px\" \/><\/a><\/div><div class=\"cta-teaser__text\"><h3>Logisztika \u00e9s h\u00e1ztechnika<\/h3><p>\u00c9rdekel a logisztika \u00e9s \u00e9rtesz a m\u0171szaki dolgokhoz? Rakt\u00e1ros &amp; h\u00e1ztechnikai csapatunkban izgalmas kih\u00edv\u00e1sok \u00e9s v\u00e1ltozatos feladatok v\u00e1rnak r\u00e1d, k\u00f6vesd aj\u00e1nlatainkat.<\/p><a class=\"button\" href=\"https:\/\/www.vangraaf.com\/hu\/karrier\/allas-karrier\/logisztika-es-muszaki-terulet\/\" target=\"_self\" rel=\"\" style=\"\">Tudj meg t\u00f6bbet<\/a><\/div><\/div>[\/vc_column_inner][vc_column_inner width=&#8221;1\/3&#8243;]<div class=\"vg-element cta-teaser cta-teaser--center\" data-aos=\"fade-up\"><div class=\"cta-teaser__image\"><a class=\"\" href=\"https:\/\/www.vangraaf.com\/hu\/karrier\/allas-karrier\/visual-merchandising\/\" target=\"_self\" rel=\"\" style=\"\"><img loading=\"lazy\" decoding=\"async\" width=\"378\" height=\"565\" src=\"https:\/\/www.vangraaf.com\/hu\/wp-content\/uploads\/sites\/3\/2022\/03\/M1_F_Schueler_Eltern_Lehrer_003.jpg\" class=\"vc_single_image-img attachment-full\" alt=\"\" title=\"Allas karrier_\u00c9rt\u00e9kes\u00edt\u00e9s_CTA\" srcset=\"https:\/\/www.vangraaf.com\/hu\/wp-content\/uploads\/sites\/3\/2022\/03\/M1_F_Schueler_Eltern_Lehrer_003.jpg 378w, https:\/\/www.vangraaf.com\/hu\/wp-content\/uploads\/sites\/3\/2022\/03\/M1_F_Schueler_Eltern_Lehrer_003-201x300.jpg 201w\" sizes=\"(max-width: 378px) 100vw, 378px\" \/><\/a><\/div><div class=\"cta-teaser__text\"><h3>Visual Merchandising<\/h3><p>\u00dcgyesen rendezed be a kirakatokat? A VAN GRAAF visual merchandiser munkat\u00e1rsak\u00e9nt val\u00f3ra v\u00e1lthatod a kreat\u00edv \u00f6tleteidet \u00e9s inspir\u00e1l\u00f3 \u00e9lm\u00e9nyvil\u00e1gokat teremthetsz az \u00fczletekben.<\/p><a class=\"button\" href=\"https:\/\/www.vangraaf.com\/hu\/karrier\/allas-karrier\/visual-merchandising\/\" target=\"_self\" rel=\"\" style=\"\">Tudj meg t\u00f6bbet<\/a><\/div><\/div>[\/vc_column_inner][\/vc_row_inner][\/vc_column][\/vc_row][vc_row][vc_column]\n        <div class=\"headlines headlines--center\" data-aos=\"fade-up\">\n            <div class=\"vc_row\">\n                <div class=\"vc_col-md-10 vc_col-md-offset-1 vc_col-lg-10 vc_col-lg-offset-1\"><h2 class=\"h2\">Juttat\u00e1sok a VAN GRAAF-n\u00e1l<\/h2><\/div>\n            <\/div>\n        <\/div><div class=\"vg-element icon-teaser icon-teaser--right\" data-aos=\"fade-up\"><div class=\"vc_row icon-teaser__items\"><div class=\"icon-teaser__item vc_col-md-4\"><div class=\"icon-teaser__item__inner\"><div class=\"icon-teaser__item__icon\"><img loading=\"lazy\" decoding=\"async\" width=\"1\" height=\"1\" src=\"https:\/\/www.vangraaf.com\/hu\/wp-content\/uploads\/sites\/3\/2022\/03\/mitarbeiterrabatte.svg\" class=\"attachment-full size-full\" alt=\"\" \/><\/div><div class=\"icon-teaser__item__content\"><h4>Dolgoz\u00f3i kedvezm\u00e9ny<\/h4><p>Vonz\u00f3 kedvezm\u00e9nyek \u00e9s \u00e9vente k\u00e9tszer \u00faj munkaruha.<\/p><\/div><\/div><\/div><div class=\"icon-teaser__item vc_col-md-4\"><div class=\"icon-teaser__item__inner\"><div class=\"icon-teaser__item__icon\"><img loading=\"lazy\" decoding=\"async\" width=\"1\" height=\"1\" src=\"https:\/\/www.vangraaf.com\/hu\/wp-content\/uploads\/sites\/3\/2022\/03\/trainingswelt.svg\" class=\"attachment-full size-full\" alt=\"\" \/><\/div><div class=\"icon-teaser__item__content\"><h4>VAN GRAAF k\u00e9pz\u00e9sek<\/h4><p>V\u00e1ltozatos k\u00e9pz\u00e9saj\u00e1nlat a sikeres j\u00f6v\u0151\u00e9rt.<\/p><\/div><\/div><\/div><div class=\"icon-teaser__item vc_col-md-4\"><div class=\"icon-teaser__item__inner\"><div class=\"icon-teaser__item__icon\"><img loading=\"lazy\" decoding=\"async\" width=\"1\" height=\"1\" src=\"https:\/\/www.vangraaf.com\/hu\/wp-content\/uploads\/sites\/3\/2022\/03\/ticketcard.svg\" class=\"attachment-full size-full\" alt=\"\" \/><\/div><div class=\"icon-teaser__item__content\"><h4>Munk\u00e1ba j\u00e1r\u00e1si t\u00e1mogat\u00e1s<\/h4><p>Hozz\u00e1j\u00e1rulunk a munk\u00e1ba j\u00e1r\u00e1s k\u00f6lts\u00e9geihez<\/p><\/div><\/div><\/div><\/div><div class=\"icon-teaser__cta\"><a class=\"button\" href=\"https:\/\/www.vangraaf.com\/hu\/karrier\/rolunk\/juttatasok\/\" target=\"_self\" rel=\"\" style=\"\">Juttat\u00e1saink<\/a><\/div><\/div>[\/vc_column][\/vc_row]<\/div>","protected":false},"excerpt":{"rendered":"[vc_row bwd_tbc4vd_show_weekday=&#8221;&#8221; full_width=&#8221;stretch_row_content_no_spaces&#8221;][vc_column][\/vc_column][\/vc_row][vc_row bwd_tbc4vd_show_weekday=&#8221;&#8221; full_width=&#8221;stretch_row_content_no_spaces&#8221;][vc_column][vc_column_text] \u00d6r\u00fcl\u00fcnk, hogy a karrieroldalunkon \u00fcdv\u00f6z\u00f6lhet\u00fcnk &#8211; \u00e9s tal\u00e1n hamarosan a csapatunkban is. Nemzetk\u00f6zi omnichannel kereskedelmi v\u00e1llalatunk munkat\u00e1rsainak k\u00f6z\u00f6s c\u00e9lkit\u0171z\u00e9se, hogy a v\u00e1s\u00e1rl\u00f3ink leny\u0171g\u00f6z\u0151 v\u00e1s\u00e1rl\u00e1si \u00e9lm\u00e9nyben r\u00e9szes\u00fcljenek. Az \u00e9rt\u00e9kes\u00edt\u00e9s, a visual merchandising, a (logisztika \u00e9s a m\u0171szaki t\u00e1mogat\u00e1s) rakt\u00e1r \u00e9s h\u00e1ztechnika ter\u00fcleteire keres\u00fcnk munkat\u00e1rsakat: A nemzetk\u00f6zi divatkereskedelem egy izgalmas, dinamikusan fejl\u0151d\u0151 [&hellip;]","protected":false},"author":6,"featured_media":0,"parent":0,"menu_order":0,"comment_status":"closed","ping_status":"closed","template":"","meta":{"_acf_changed":false,"inline_featured_image":false,"footnotes":""},"class_list":["post-6356","page","type-page","status-publish","hentry"],"acf":[],"yoast_head":"<!-- This site is optimized with the Yoast SEO plugin v27.2 - https:\/\/yoast.com\/product\/yoast-seo-wordpress\/ -->\n<title>Karrier I VAN GRAAF<\/title>\n<meta name=\"description\" content=\"A holnap divatkereskedelm\u00e9t form\u00e1ljuk. \u00c9rt\u00e9kes\u00edt\u00e9s, visual merchandising, logisztika - a VAN GRAAF-n\u00e1l megtal\u00e1lhatod az \u00e1lmaid munk\u00e1j\u00e1t\" \/>\n<meta name=\"robots\" content=\"index, follow, max-snippet:-1, max-image-preview:large, max-video-preview:-1\" \/>\n<link rel=\"canonical\" href=\"https:\/\/www.vangraaf.com\/hu\/karrier\/\" \/>\n<meta property=\"og:locale\" content=\"hu_HU\" \/>\n<meta property=\"og:type\" content=\"article\" \/>\n<meta property=\"og:title\" content=\"Karrier I VAN GRAAF\" \/>\n<meta property=\"og:description\" content=\"A holnap divatkereskedelm\u00e9t form\u00e1ljuk. \u00c9rt\u00e9kes\u00edt\u00e9s, visual merchandising, logisztika - a VAN GRAAF-n\u00e1l megtal\u00e1lhatod az \u00e1lmaid munk\u00e1j\u00e1t\" \/>\n<meta property=\"og:url\" content=\"https:\/\/www.vangraaf.com\/hu\/karrier\/\" \/>\n<meta property=\"og:site_name\" content=\"VAN GRAAF Magyarorsz\u00e1g\" \/>\n<meta property=\"article:modified_time\" content=\"2022-03-25T11:26:55+00:00\" \/>\n<meta name=\"twitter:card\" content=\"summary_large_image\" \/>\n<meta name=\"twitter:label1\" content=\"Becs\u00fclt olvas\u00e1si id\u0151\" \/>\n\t<meta name=\"twitter:data1\" content=\"5 perc\" \/>\n<script type=\"application\/ld+json\" class=\"yoast-schema-graph\">{\"@context\":\"https:\/\/schema.org\",\"@graph\":[{\"@type\":\"WebPage\",\"@id\":\"https:\/\/www.vangraaf.com\/hu\/karrier\/\",\"url\":\"https:\/\/www.vangraaf.com\/hu\/karrier\/\",\"name\":\"Karrier I VAN GRAAF\",\"isPartOf\":{\"@id\":\"https:\/\/www.vangraaf.com\/hu\/#website\"},\"datePublished\":\"2022-02-15T09:49:09+00:00\",\"dateModified\":\"2022-03-25T11:26:55+00:00\",\"description\":\"A holnap divatkereskedelm\u00e9t form\u00e1ljuk. \u00c9rt\u00e9kes\u00edt\u00e9s, visual merchandising, logisztika - a VAN GRAAF-n\u00e1l megtal\u00e1lhatod az \u00e1lmaid munk\u00e1j\u00e1t\",\"breadcrumb\":{\"@id\":\"https:\/\/www.vangraaf.com\/hu\/karrier\/#breadcrumb\"},\"inLanguage\":\"hu\",\"potentialAction\":[{\"@type\":\"ReadAction\",\"target\":[\"https:\/\/www.vangraaf.com\/hu\/karrier\/\"]}]},{\"@type\":\"BreadcrumbList\",\"@id\":\"https:\/\/www.vangraaf.com\/hu\/karrier\/#breadcrumb\",\"itemListElement\":[{\"@type\":\"ListItem\",\"position\":1,\"name\":\"Home\",\"item\":\"https:\/\/www.vangraaf.com\/hu\/\"},{\"@type\":\"ListItem\",\"position\":2,\"name\":\"Karrier\"}]},{\"@type\":\"WebSite\",\"@id\":\"https:\/\/www.vangraaf.com\/hu\/#website\",\"url\":\"https:\/\/www.vangraaf.com\/hu\/\",\"name\":\"VAN GRAAF\",\"description\":\"VAN GRAAF\",\"potentialAction\":[{\"@type\":\"SearchAction\",\"target\":{\"@type\":\"EntryPoint\",\"urlTemplate\":\"https:\/\/www.vangraaf.com\/hu\/?s={search_term_string}\"},\"query-input\":{\"@type\":\"PropertyValueSpecification\",\"valueRequired\":true,\"valueName\":\"search_term_string\"}}],\"inLanguage\":\"hu\"}]}<\/script>\n<!-- \/ Yoast SEO plugin. -->","yoast_head_json":{"title":"Karrier I VAN GRAAF","description":"A holnap divatkereskedelm\u00e9t form\u00e1ljuk. \u00c9rt\u00e9kes\u00edt\u00e9s, visual merchandising, logisztika - a VAN GRAAF-n\u00e1l megtal\u00e1lhatod az \u00e1lmaid munk\u00e1j\u00e1t","robots":{"index":"index","follow":"follow","max-snippet":"max-snippet:-1","max-image-preview":"max-image-preview:large","max-video-preview":"max-video-preview:-1"},"canonical":"https:\/\/www.vangraaf.com\/hu\/karrier\/","og_locale":"hu_HU","og_type":"article","og_title":"Karrier I VAN GRAAF","og_description":"A holnap divatkereskedelm\u00e9t form\u00e1ljuk. \u00c9rt\u00e9kes\u00edt\u00e9s, visual merchandising, logisztika - a VAN GRAAF-n\u00e1l megtal\u00e1lhatod az \u00e1lmaid munk\u00e1j\u00e1t","og_url":"https:\/\/www.vangraaf.com\/hu\/karrier\/","og_site_name":"VAN GRAAF Magyarorsz\u00e1g","article_modified_time":"2022-03-25T11:26:55+00:00","twitter_card":"summary_large_image","twitter_misc":{"Becs\u00fclt olvas\u00e1si id\u0151":"5 perc"},"schema":{"@context":"https:\/\/schema.org","@graph":[{"@type":"WebPage","@id":"https:\/\/www.vangraaf.com\/hu\/karrier\/","url":"https:\/\/www.vangraaf.com\/hu\/karrier\/","name":"Karrier I VAN GRAAF","isPartOf":{"@id":"https:\/\/www.vangraaf.com\/hu\/#website"},"datePublished":"2022-02-15T09:49:09+00:00","dateModified":"2022-03-25T11:26:55+00:00","description":"A holnap divatkereskedelm\u00e9t form\u00e1ljuk. \u00c9rt\u00e9kes\u00edt\u00e9s, visual merchandising, logisztika - a VAN GRAAF-n\u00e1l megtal\u00e1lhatod az \u00e1lmaid munk\u00e1j\u00e1t","breadcrumb":{"@id":"https:\/\/www.vangraaf.com\/hu\/karrier\/#breadcrumb"},"inLanguage":"hu","potentialAction":[{"@type":"ReadAction","target":["https:\/\/www.vangraaf.com\/hu\/karrier\/"]}]},{"@type":"BreadcrumbList","@id":"https:\/\/www.vangraaf.com\/hu\/karrier\/#breadcrumb","itemListElement":[{"@type":"ListItem","position":1,"name":"Home","item":"https:\/\/www.vangraaf.com\/hu\/"},{"@type":"ListItem","position":2,"name":"Karrier"}]},{"@type":"WebSite","@id":"https:\/\/www.vangraaf.com\/hu\/#website","url":"https:\/\/www.vangraaf.com\/hu\/","name":"VAN GRAAF","description":"VAN GRAAF","potentialAction":[{"@type":"SearchAction","target":{"@type":"EntryPoint","urlTemplate":"https:\/\/www.vangraaf.com\/hu\/?s={search_term_string}"},"query-input":{"@type":"PropertyValueSpecification","valueRequired":true,"valueName":"search_term_string"}}],"inLanguage":"hu"}]}},"_links":{"self":[{"href":"https:\/\/www.vangraaf.com\/hu\/wp-json\/wp\/v2\/pages\/6356","targetHints":{"allow":["GET"]}}],"collection":[{"href":"https:\/\/www.vangraaf.com\/hu\/wp-json\/wp\/v2\/pages"}],"about":[{"href":"https:\/\/www.vangraaf.com\/hu\/wp-json\/wp\/v2\/types\/page"}],"author":[{"embeddable":true,"href":"https:\/\/www.vangraaf.com\/hu\/wp-json\/wp\/v2\/users\/6"}],"replies":[{"embeddable":true,"href":"https:\/\/www.vangraaf.com\/hu\/wp-json\/wp\/v2\/comments?post=6356"}],"version-history":[{"count":16,"href":"https:\/\/www.vangraaf.com\/hu\/wp-json\/wp\/v2\/pages\/6356\/revisions"}],"predecessor-version":[{"id":6785,"href":"https:\/\/www.vangraaf.com\/hu\/wp-json\/wp\/v2\/pages\/6356\/revisions\/6785"}],"wp:attachment":[{"href":"https:\/\/www.vangraaf.com\/hu\/wp-json\/wp\/v2\/media?parent=6356"}],"curies":[{"name":"wp","href":"https:\/\/api.w.org\/{rel}","templated":true}]}}