{"id":6027,"date":"2021-07-06T15:06:24","date_gmt":"2021-07-06T13:06:24","guid":{"rendered":"https:\/\/www.vangraaf.com\/hu\/?page_id=6027"},"modified":"2025-10-15T14:13:09","modified_gmt":"2025-10-15T12:13:09","slug":"kornyezetvedelem","status":"publish","type":"page","link":"https:\/\/www.vangraaf.com\/hu\/vallalat\/fenntarthatosag\/kornyezetvedelem\/","title":{"rendered":"K\u00f6rnyezetv\u00e9delem"},"content":{"rendered":"<div class=\"wpb-content-wrapper\">[vc_row bwd_tbc4vd_show_weekday=&#8221;&#8221; full_width=&#8221;stretch_row_content_no_spaces&#8221;][vc_column]<div class=\"keyvisual\" data-aos=\"fade-up\" ><img loading=\"lazy\" decoding=\"async\" width=\"1440\" height=\"480\" src=\"https:\/\/www.vangraaf.com\/hu\/wp-content\/uploads\/sites\/3\/2021\/07\/Banner_Umwelt.jpg\" class=\"vc_single_image-img\" alt=\"\" srcset=\"https:\/\/www.vangraaf.com\/hu\/wp-content\/uploads\/sites\/3\/2021\/07\/Banner_Umwelt.jpg 1440w, https:\/\/www.vangraaf.com\/hu\/wp-content\/uploads\/sites\/3\/2021\/07\/Banner_Umwelt-300x100.jpg 300w, https:\/\/www.vangraaf.com\/hu\/wp-content\/uploads\/sites\/3\/2021\/07\/Banner_Umwelt-1024x341.jpg 1024w, https:\/\/www.vangraaf.com\/hu\/wp-content\/uploads\/sites\/3\/2021\/07\/Banner_Umwelt-768x256.jpg 768w, https:\/\/www.vangraaf.com\/hu\/wp-content\/uploads\/sites\/3\/2021\/07\/Banner_Umwelt-1200x400.jpg 1200w, https:\/\/www.vangraaf.com\/hu\/wp-content\/uploads\/sites\/3\/2021\/07\/Banner_Umwelt-992x331.jpg 992w, https:\/\/www.vangraaf.com\/hu\/wp-content\/uploads\/sites\/3\/2021\/07\/Banner_Umwelt-480x160.jpg 480w\" sizes=\"(max-width: 1440px) 100vw, 1440px\" \/><\/div>\n        <div class=\"headlines headlines--center\" data-aos=\"fade-up\">\n            <div class=\"vc_row\">\n                <div class=\"vc_col-md-10 vc_col-md-offset-1 vc_col-lg-10 vc_col-lg-offset-1\"><span class=\"h6\">K\u00f6rnyezetv\u00e9delem<\/span><h1 class=\"h2\">Hiteles felel\u0151ss\u00e9gv\u00e1llal\u00e1s. M\u00e9rhet\u0151 eredm\u00e9nyek.<\/h1><\/div>\n            <\/div>\n        <\/div>[vc_column_text]A fenntarthat\u00f3s\u00e1g nemcsak l\u00e1that\u00f3, hanem a legt\u00f6bb ter\u00fcleten m\u00e9rhet\u0151 is: ilyen p\u00e9ld\u00e1ul a CO<sup>2<\/sup>-kibocs\u00e1t\u00e1s vagy a m\u0171anyag csomagol\u00e1ssal kapcsolatos megtakar\u00edt\u00e1sok. A VAN GRAAF t\u00f6rekszik saj\u00e1t \u00f6kol\u00f3giai l\u00e1bnyom\u00e1nak cs\u00f6kkent\u00e9s\u00e9re, \u00edgy p\u00e9ld\u00e1ul a hordt\u00e1sk\u00e1khoz egyre t\u00f6bb \u00fajrahasznos\u00edthat\u00f3 \u00e9s FSC-tan\u00fas\u00edtv\u00e1nnyal rendelkez\u0151 anyagot haszn\u00e1l fel.[\/vc_column_text][\/vc_column][\/vc_row][vc_row bwd_tbc4vd_show_weekday=&#8221;&#8221; full_width=&#8221;stretch_row_content_no_spaces&#8221;][vc_column]\n            <div class=\"vg-element topic-slider topic-slider--right topic-slider--dark\" style=\"--season-color-1: #ededed; --season-color-2: #002045\" data-aos=\"fade-up\">\n                <div class=\"topic-slider__inner\">\n                    <div class=\"content_wrap\">\n                        <div class=\"vc_row\">\n                            <div class=\"vc_col-md-12 vc_col-lg-10 vc_col-lg-offset-1\">\n                                <div class=\"vc_row\">\n                                    <div class=\"vc_col-sm-6 vc_col-sm-push-6 vc_col-md-push-5 vc_col-md-offset-1\"><div class=\"topic-slider__image-wrap\"><div class=\"topic-slider__slider-wrap\"><div class=\"js-topic-slider\"><div class=\"topic-slider__slider__item\"><img loading=\"lazy\" decoding=\"async\" width=\"427\" height=\"639\" src=\"https:\/\/www.vangraaf.com\/hu\/wp-content\/uploads\/sites\/3\/2021\/07\/TopicSlider_Footprints.jpg\" class=\"vc_single_image-img attachment-full\" alt=\"\" title=\"TopicSlider_Footprints\" srcset=\"https:\/\/www.vangraaf.com\/hu\/wp-content\/uploads\/sites\/3\/2021\/07\/TopicSlider_Footprints.jpg 427w, https:\/\/www.vangraaf.com\/hu\/wp-content\/uploads\/sites\/3\/2021\/07\/TopicSlider_Footprints-200x300.jpg 200w\" sizes=\"(max-width: 427px) 100vw, 427px\" \/><\/div><\/div><\/div><\/div><\/div><div class=\"vc_col-sm-6 vc_col-md-5 vc_col-sm-pull-6 vc_col-md-pull-7\"><div class=\"topic-slider__content\"><p style=\"text-align: left\"><strong>Az \u00e9lhet\u0151bb j\u00f6v\u0151\u00e9rt.<\/strong><\/p>\n<p style=\"text-align: left\">A VAN GRAAF minden tev\u00e9kenys\u00e9g\u00e9nek megvan a maga \u00f6kol\u00f3giai l\u00e1bnyoma. Ez a hat\u00e1s pontosan m\u00e9rhet\u0151. Megmutatja, hogy j\u00f3 \u00faton haladunk-e a k\u00f6rnyezetbar\u00e1tabb m\u0171k\u00f6d\u00e9s fel\u00e9, \u00e9s seg\u00edt azonos\u00edtani azokat a ter\u00fcleteket is, ahol m\u00e9g javulnunk kell. M\u00e9rj\u00fck a CO<sup>2<\/sup>-kibocs\u00e1t\u00e1st, amelyet hamburgi v\u00e1llalatk\u00f6zpontunk \u00e9s logisztikai k\u00f6zpontunk, valamint n\u00e9metorsz\u00e1gi telephelyeink okoznak.<\/p>\n<\/div><\/div>\n                                <\/div>\n                            <\/div>\n                        <\/div>\n                    <\/div>\n                <\/div>\n            <\/div>[\/vc_column][\/vc_row][vc_row][vc_column][vc_column_text]A kapott adatokb\u00f3l elk\u00e9sz\u00edtj\u00fck a CO2-m\u00e9rleget, amely kl\u00edmastrat\u00e9gi\u00e1nk alapj\u00e1ul szolg\u00e1l. Ennek sor\u00e1n k\u00fcl\u00f6n\u00f6s figyelmet ford\u00edtunk a CO2-kibocs\u00e1t\u00e1s megsz\u00fcntet\u00e9s\u00e9re vagy cs\u00f6kkent\u00e9s\u00e9re.[\/vc_column_text][\/vc_column][\/vc_row][vc_row bwd_tbc4vd_show_weekday=&#8221;&#8221; full_width=&#8221;stretch_row_content_no_spaces&#8221;][vc_column]\n            <div class=\"vg-element topic-slider topic-slider--left topic-slider--dark\" style=\"--season-color-1: #ededed; --season-color-2: #002045\" data-aos=\"fade-up\">\n                <div class=\"topic-slider__inner\">\n                    <div class=\"content_wrap\">\n                        <div class=\"vc_row\">\n                            <div class=\"vc_col-md-12 vc_col-lg-10 vc_col-lg-offset-1\">\n                                <div class=\"vc_row\">\n                                    <div class=\"vc_col-sm-6\"><div class=\"topic-slider__image-wrap\"><div class=\"topic-slider__slider-wrap\"><div class=\"js-topic-slider\"><div class=\"topic-slider__slider__item\"><img loading=\"lazy\" decoding=\"async\" width=\"427\" height=\"639\" src=\"https:\/\/www.vangraaf.com\/hu\/wp-content\/uploads\/sites\/3\/2021\/07\/Umwelt_TopicSlider_WP.jpg\" class=\"vc_single_image-img attachment-full\" alt=\"\" title=\"Umwelt_TopicSlider_WP\" srcset=\"https:\/\/www.vangraaf.com\/hu\/wp-content\/uploads\/sites\/3\/2021\/07\/Umwelt_TopicSlider_WP.jpg 427w, https:\/\/www.vangraaf.com\/hu\/wp-content\/uploads\/sites\/3\/2021\/07\/Umwelt_TopicSlider_WP-200x300.jpg 200w\" sizes=\"(max-width: 427px) 100vw, 427px\" \/><\/div><\/div><\/div><\/div><\/div><div class=\"vc_col-sm-6 vc_col-md-5 vc_col-md-offset-1\"><div class=\"topic-slider__content\"><p><strong>M\u0171anyag helyett pap\u00edr.<\/strong><\/p>\n<p>A kiv\u00e1l\u00f3 min\u0151s\u00e9g\u0171 term\u00e9keket biztons\u00e1gosan kell csomagolni. Mert a j\u00f3 csomagol\u00e1s is a min\u0151s\u00e9gi elv\u00e1r\u00e1saink r\u00e9sze. A csomagol\u00e1s m\u00f3dja azonban d\u00f6nt\u0151 fontoss\u00e1g\u00fa. A VAN GRAAF jelent\u0151sen cs\u00f6kkentette a m\u0171anyag zacsk\u00f3k haszn\u00e1lat\u00e1t. Ehelyett olyan pap\u00edr bev\u00e1s\u00e1rl\u00f3t\u00e1sk\u00e1kat k\u00edn\u00e1lunk v\u00e1s\u00e1rl\u00f3inknak, amelyek 100%-ban \u00fajrahasznos\u00edthat\u00f3ak, \u00e9s FSC-tan\u00fas\u00edtv\u00e1nnyal rendelkeznek. Ez azt jelenti, hogy a t\u00e1sk\u00e1k gy\u00e1rt\u00e1s\u00e1hoz felhaszn\u00e1lt fa felel\u0151s, fenntarthat\u00f3 erd\u0151gazd\u00e1lkod\u00e1sb\u00f3l sz\u00e1rmazik. Az online megrendelt term\u00e9keinket szint\u00e9n FSC-tan\u00fas\u00edtv\u00e1nnyal rendelkez\u0151 dobozokban sz\u00e1ll\u00edtjuk.<\/p>\n<\/div><\/div>\n                                <\/div>\n                            <\/div>\n                        <\/div>\n                    <\/div>\n                <\/div>\n            <\/div>[\/vc_column][\/vc_row][vc_row bwd_tbc4vd_show_weekday=&#8221;&#8221; disable_element=&#8221;yes&#8221;][vc_column width=&#8221;1\/4&#8243;]<div class=\"vg-element cta-teaser cta-teaser--center\" data-aos=\"fade-up\"><div class=\"cta-teaser__image\"><a class=\"\" href=\"https:\/\/www.vangraaf.com\/hu\/vallalat\/fenntarthatosag\/strategia\/\" target=\"_self\" rel=\"\" style=\"\"><img loading=\"lazy\" decoding=\"async\" width=\"400\" height=\"400\" src=\"https:\/\/www.vangraaf.com\/hu\/wp-content\/uploads\/sites\/3\/2021\/07\/ImageTeaser_Strategie.jpg\" class=\"vc_single_image-img attachment-full\" alt=\"\" title=\"ImageTeaser_Strategie\" srcset=\"https:\/\/www.vangraaf.com\/hu\/wp-content\/uploads\/sites\/3\/2021\/07\/ImageTeaser_Strategie.jpg 400w, https:\/\/www.vangraaf.com\/hu\/wp-content\/uploads\/sites\/3\/2021\/07\/ImageTeaser_Strategie-300x300.jpg 300w, https:\/\/www.vangraaf.com\/hu\/wp-content\/uploads\/sites\/3\/2021\/07\/ImageTeaser_Strategie-150x150.jpg 150w\" sizes=\"(max-width: 400px) 100vw, 400px\" \/><\/a><\/div><div class=\"cta-teaser__text\"><a class=\"button\" href=\"https:\/\/www.vangraaf.com\/hu\/vallalat\/fenntarthatosag\/strategia\/\" target=\"_self\" rel=\"\" style=\"\">Strat\u00e9gia<\/a><\/div><\/div>[\/vc_column][vc_column width=&#8221;1\/4&#8243;]<div class=\"vg-element cta-teaser cta-teaser--center\" data-aos=\"fade-up\"><div class=\"cta-teaser__image\"><a class=\"\" href=\"https:\/\/www.vangraaf.com\/hu\/vallalat\/fenntarthatosag\/termek\/\" target=\"_self\" rel=\"\" style=\"\"><img loading=\"lazy\" decoding=\"async\" width=\"400\" height=\"400\" src=\"https:\/\/www.vangraaf.com\/hu\/wp-content\/uploads\/sites\/3\/2021\/07\/Baeume_Teaser.jpg\" class=\"vc_single_image-img attachment-full\" alt=\"L\u00e9gi felv\u00e9tel egy s\u0171r\u0171 erd\u0151r\u0151l, z\u00f6ld f\u00e1k lombkoron\u00e1ival.\" title=\"Baeume_Teaser\" srcset=\"https:\/\/www.vangraaf.com\/hu\/wp-content\/uploads\/sites\/3\/2021\/07\/Baeume_Teaser.jpg 400w, https:\/\/www.vangraaf.com\/hu\/wp-content\/uploads\/sites\/3\/2021\/07\/Baeume_Teaser-300x300.jpg 300w, https:\/\/www.vangraaf.com\/hu\/wp-content\/uploads\/sites\/3\/2021\/07\/Baeume_Teaser-150x150.jpg 150w, https:\/\/www.vangraaf.com\/hu\/wp-content\/uploads\/sites\/3\/2021\/07\/Baeume_Teaser-280x280.jpg 280w\" sizes=\"(max-width: 400px) 100vw, 400px\" \/><\/a><\/div><div class=\"cta-teaser__text\"><a class=\"button\" href=\"https:\/\/www.vangraaf.com\/hu\/vallalat\/fenntarthatosag\/termek\/\" target=\"_self\" rel=\"\" style=\"\">Term\u00e9k<\/a><\/div><\/div>[\/vc_column][vc_column width=&#8221;1\/4&#8243;]<div class=\"vg-element cta-teaser cta-teaser--center\" data-aos=\"fade-up\"><div class=\"cta-teaser__image\"><a class=\"\" href=\"https:\/\/www.vangraaf.com\/hu\/vallalat\/fenntarthatosag\/ember\/\" target=\"_self\" rel=\"\" style=\"\"><img loading=\"lazy\" decoding=\"async\" width=\"500\" height=\"500\" src=\"https:\/\/www.vangraaf.com\/hu\/wp-content\/uploads\/sites\/3\/2022\/04\/Mensch.jpg\" class=\"vc_single_image-img attachment-full\" alt=\"\" title=\"Mensch\" srcset=\"https:\/\/www.vangraaf.com\/hu\/wp-content\/uploads\/sites\/3\/2022\/04\/Mensch.jpg 500w, https:\/\/www.vangraaf.com\/hu\/wp-content\/uploads\/sites\/3\/2022\/04\/Mensch-300x300.jpg 300w, https:\/\/www.vangraaf.com\/hu\/wp-content\/uploads\/sites\/3\/2022\/04\/Mensch-150x150.jpg 150w, https:\/\/www.vangraaf.com\/hu\/wp-content\/uploads\/sites\/3\/2022\/04\/Mensch-480x480.jpg 480w, https:\/\/www.vangraaf.com\/hu\/wp-content\/uploads\/sites\/3\/2022\/04\/Mensch-280x280.jpg 280w\" sizes=\"(max-width: 500px) 100vw, 500px\" \/><\/a><\/div><div class=\"cta-teaser__text\"><a class=\"button\" href=\"https:\/\/www.vangraaf.com\/hu\/vallalat\/fenntarthatosag\/ember\/\" target=\"_self\" rel=\"\" style=\"\">Ember<\/a><\/div><\/div>[\/vc_column][vc_column width=&#8221;1\/4&#8243;]<div class=\"vg-element cta-teaser cta-teaser--center\" data-aos=\"fade-up\"><div class=\"cta-teaser__image\"><a class=\"\" href=\"https:\/\/www.vangraaf.com\/hu\/vallalat\/fenntarthatosag\/korforgas\/\" target=\"_self\" rel=\"\" style=\"\"><img loading=\"lazy\" decoding=\"async\" width=\"400\" height=\"400\" src=\"https:\/\/www.vangraaf.com\/hu\/wp-content\/uploads\/sites\/3\/2022\/06\/iCollect_ImageTeaser.jpg\" class=\"vc_single_image-img attachment-full\" alt=\"\" title=\"iCollect_ImageTeaser\" srcset=\"https:\/\/www.vangraaf.com\/hu\/wp-content\/uploads\/sites\/3\/2022\/06\/iCollect_ImageTeaser.jpg 400w, https:\/\/www.vangraaf.com\/hu\/wp-content\/uploads\/sites\/3\/2022\/06\/iCollect_ImageTeaser-300x300.jpg 300w, https:\/\/www.vangraaf.com\/hu\/wp-content\/uploads\/sites\/3\/2022\/06\/iCollect_ImageTeaser-150x150.jpg 150w, https:\/\/www.vangraaf.com\/hu\/wp-content\/uploads\/sites\/3\/2022\/06\/iCollect_ImageTeaser-280x280.jpg 280w\" sizes=\"(max-width: 400px) 100vw, 400px\" \/><\/a><\/div><div class=\"cta-teaser__text\"><a class=\"button\" href=\"https:\/\/www.vangraaf.com\/hu\/vallalat\/fenntarthatosag\/korforgas\/\" target=\"_self\" rel=\"\" style=\"\">K\u00f6rforg\u00e1s<\/a><\/div><\/div>[\/vc_column][\/vc_row][vc_row bwd_tbc4vd_show_weekday=&#8221;&#8221; full_width=&#8221;stretch_row_content_no_spaces&#8221;][vc_column][vc_row_inner bwd_tbc4vd_show_weekday=&#8221;&#8221; row_design=&#8221;row_square_background&#8221;][vc_column_inner width=&#8221;1\/3&#8243;]<div class=\"vg-element cta-teaser cta-teaser--center\" data-aos=\"fade-up\"><div class=\"cta-teaser__image\"><a class=\"\" href=\"https:\/\/www.vangraaf.com\/hu\/vallalat\/fenntarthatosag\/termek\/\" target=\"_self\" rel=\"\" style=\"\"><img loading=\"lazy\" decoding=\"async\" width=\"378\" height=\"252\" src=\"https:\/\/www.vangraaf.com\/hu\/wp-content\/uploads\/sites\/3\/2022\/08\/CTA_klein_Nachhaltigkeit_paar.jpg\" class=\"vc_single_image-img attachment-full\" alt=\"\" title=\"CTA_klein_Nachhaltigkeit_paar\" srcset=\"https:\/\/www.vangraaf.com\/hu\/wp-content\/uploads\/sites\/3\/2022\/08\/CTA_klein_Nachhaltigkeit_paar.jpg 378w, https:\/\/www.vangraaf.com\/hu\/wp-content\/uploads\/sites\/3\/2022\/08\/CTA_klein_Nachhaltigkeit_paar-300x200.jpg 300w\" sizes=\"(max-width: 378px) 100vw, 378px\" \/><\/a><\/div><div class=\"cta-teaser__text\"><h3>Term\u00e9k<\/h3><p>Minden, amit tesz\u00fcnk, hat\u00e1ssal van az embert\u00e1rsainkra \u00e9s a bolyg\u00f3nkra.<\/p><a class=\"button\" href=\"https:\/\/www.vangraaf.com\/hu\/vallalat\/fenntarthatosag\/termek\/\" target=\"_self\" rel=\"\" style=\"\">Tov\u00e1bbi inform\u00e1ci\u00f3<\/a><\/div><\/div>[\/vc_column_inner][vc_column_inner width=&#8221;1\/3&#8243;]<div class=\"vg-element cta-teaser cta-teaser--center\" data-aos=\"fade-up\"><div class=\"cta-teaser__image\"><a class=\"\" href=\"https:\/\/www.vangraaf.com\/hu\/vallalat\/fenntarthatosag\/strategia\/\" target=\"_self\" rel=\"\" style=\"\"><img loading=\"lazy\" decoding=\"async\" width=\"378\" height=\"252\" src=\"https:\/\/www.vangraaf.com\/hu\/wp-content\/uploads\/sites\/3\/2022\/08\/Strategie.jpg\" class=\"vc_single_image-img attachment-full\" alt=\"\" title=\"Strategie\" srcset=\"https:\/\/www.vangraaf.com\/hu\/wp-content\/uploads\/sites\/3\/2022\/08\/Strategie.jpg 378w, https:\/\/www.vangraaf.com\/hu\/wp-content\/uploads\/sites\/3\/2022\/08\/Strategie-300x200.jpg 300w\" sizes=\"(max-width: 378px) 100vw, 378px\" \/><\/a><\/div><div class=\"cta-teaser__text\"><h3> Strat\u00e9gia<\/h3><p>Minden programhoz strat\u00e9gi\u00e1ra van sz\u00fcks\u00e9g \u2013 k\u00fcl\u00f6n\u00f6sen, ha a fenntarthat\u00f3s\u00e1gr\u00f3l van sz\u00f3.<\/p><a class=\"button\" href=\"https:\/\/www.vangraaf.com\/hu\/vallalat\/fenntarthatosag\/strategia\/\" target=\"_self\" rel=\"\" style=\"\">Tov\u00e1bbi inform\u00e1ci\u00f3<\/a><\/div><\/div>[\/vc_column_inner][vc_column_inner width=&#8221;1\/3&#8243;]<div class=\"vg-element cta-teaser cta-teaser--center\" data-aos=\"fade-up\"><div class=\"cta-teaser__image\"><a class=\"\" href=\"https:\/\/www.vangraaf.com\/hu\/vallalat\/fenntarthatosag\/ember\/\" target=\"_self\" rel=\"\" style=\"\"><img loading=\"lazy\" decoding=\"async\" width=\"378\" height=\"252\" src=\"https:\/\/www.vangraaf.com\/hu\/wp-content\/uploads\/sites\/3\/2022\/08\/Mensch.jpg\" class=\"vc_single_image-img attachment-full\" alt=\"\" title=\"Mensch\" srcset=\"https:\/\/www.vangraaf.com\/hu\/wp-content\/uploads\/sites\/3\/2022\/08\/Mensch.jpg 378w, https:\/\/www.vangraaf.com\/hu\/wp-content\/uploads\/sites\/3\/2022\/08\/Mensch-300x200.jpg 300w\" sizes=\"(max-width: 378px) 100vw, 378px\" \/><\/a><\/div><div class=\"cta-teaser__text\"><h3>Ember<\/h3><p>\u00c9rt\u00e9kekre \u00e9p\u00edt\u00fcnk. A VAN GRAAF-n\u00e1l felel\u0151ss\u00e9get v\u00e1llalunk a d\u00f6nt\u00e9seink\u00e9rt.<\/p><a class=\"button\" href=\"https:\/\/www.vangraaf.com\/hu\/vallalat\/fenntarthatosag\/ember\/\" target=\"_self\" rel=\"\" style=\"\">Tov\u00e1bbi inform\u00e1ci\u00f3<\/a><\/div><\/div>[\/vc_column_inner][\/vc_row_inner][\/vc_column][\/vc_row]<\/div>","protected":false},"excerpt":{"rendered":"[vc_row bwd_tbc4vd_show_weekday=&#8221;&#8221; full_width=&#8221;stretch_row_content_no_spaces&#8221;][vc_column][vc_column_text]A fenntarthat\u00f3s\u00e1g nemcsak l\u00e1that\u00f3, hanem a legt\u00f6bb ter\u00fcleten m\u00e9rhet\u0151 is: ilyen p\u00e9ld\u00e1ul a CO2-kibocs\u00e1t\u00e1s vagy a m\u0171anyag csomagol\u00e1ssal kapcsolatos megtakar\u00edt\u00e1sok. A VAN GRAAF t\u00f6rekszik saj\u00e1t \u00f6kol\u00f3giai l\u00e1bnyom\u00e1nak cs\u00f6kkent\u00e9s\u00e9re, \u00edgy p\u00e9ld\u00e1ul a hordt\u00e1sk\u00e1khoz egyre t\u00f6bb \u00fajrahasznos\u00edthat\u00f3 \u00e9s FSC-tan\u00fas\u00edtv\u00e1nnyal rendelkez\u0151 anyagot haszn\u00e1l fel.[\/vc_column_text][\/vc_column][\/vc_row][vc_row bwd_tbc4vd_show_weekday=&#8221;&#8221; full_width=&#8221;stretch_row_content_no_spaces&#8221;][vc_column][\/vc_column][\/vc_row][vc_row][vc_column][vc_column_text]A kapott adatokb\u00f3l elk\u00e9sz\u00edtj\u00fck a CO2-m\u00e9rleget, amely kl\u00edmastrat\u00e9gi\u00e1nk alapj\u00e1ul szolg\u00e1l. Ennek [&hellip;]","protected":false},"author":6,"featured_media":0,"parent":5888,"menu_order":0,"comment_status":"closed","ping_status":"closed","template":"","meta":{"_acf_changed":false,"inline_featured_image":false,"footnotes":""},"class_list":["post-6027","page","type-page","status-publish","hentry"],"acf":[],"yoast_head":"<!-- This site is optimized with the Yoast SEO plugin v27.2 - https:\/\/yoast.com\/product\/yoast-seo-wordpress\/ -->\n<title>VAN GRAAF Magyarorsz\u00e1g - Fenntarthat\u00f3s\u00e1g - K\u00f6rnyezetv\u00e9delem<\/title>\n<meta name=\"description\" content=\"A fenntarthat\u00f3s\u00e1g nemcsak l\u00e1that\u00f3, hanem a legt\u00f6bb ter\u00fcleten m\u00e9rhet\u0151 is: ilyen p\u00e9ld\u00e1ul a CO2-kibocs\u00e1t\u00e1s vagy a m\u0171anyag csomagol\u00e1ssal kapcsolatos megtakar\u00edt\u00e1sok.\" \/>\n<meta name=\"robots\" content=\"index, follow, max-snippet:-1, max-image-preview:large, max-video-preview:-1\" \/>\n<link rel=\"canonical\" href=\"https:\/\/www.vangraaf.com\/hu\/vallalat\/fenntarthatosag\/kornyezetvedelem\/\" \/>\n<meta property=\"og:locale\" content=\"hu_HU\" \/>\n<meta property=\"og:type\" content=\"article\" \/>\n<meta property=\"og:title\" content=\"VAN GRAAF Magyarorsz\u00e1g - Fenntarthat\u00f3s\u00e1g - K\u00f6rnyezetv\u00e9delem\" \/>\n<meta property=\"og:description\" content=\"A fenntarthat\u00f3s\u00e1g nemcsak l\u00e1that\u00f3, hanem a legt\u00f6bb ter\u00fcleten m\u00e9rhet\u0151 is: ilyen p\u00e9ld\u00e1ul a CO2-kibocs\u00e1t\u00e1s vagy a m\u0171anyag csomagol\u00e1ssal kapcsolatos megtakar\u00edt\u00e1sok.\" \/>\n<meta property=\"og:url\" content=\"https:\/\/www.vangraaf.com\/hu\/vallalat\/fenntarthatosag\/kornyezetvedelem\/\" \/>\n<meta property=\"og:site_name\" content=\"VAN GRAAF Magyarorsz\u00e1g\" \/>\n<meta property=\"article:modified_time\" content=\"2025-10-15T12:13:09+00:00\" \/>\n<meta name=\"twitter:card\" content=\"summary_large_image\" \/>\n<meta name=\"twitter:label1\" content=\"Becs\u00fclt olvas\u00e1si id\u0151\" \/>\n\t<meta name=\"twitter:data1\" content=\"4 perc\" \/>\n<script type=\"application\/ld+json\" class=\"yoast-schema-graph\">{\"@context\":\"https:\/\/schema.org\",\"@graph\":[{\"@type\":\"WebPage\",\"@id\":\"https:\/\/www.vangraaf.com\/hu\/vallalat\/fenntarthatosag\/kornyezetvedelem\/\",\"url\":\"https:\/\/www.vangraaf.com\/hu\/vallalat\/fenntarthatosag\/kornyezetvedelem\/\",\"name\":\"VAN GRAAF Magyarorsz\u00e1g - Fenntarthat\u00f3s\u00e1g - K\u00f6rnyezetv\u00e9delem\",\"isPartOf\":{\"@id\":\"https:\/\/www.vangraaf.com\/hu\/#website\"},\"datePublished\":\"2021-07-06T13:06:24+00:00\",\"dateModified\":\"2025-10-15T12:13:09+00:00\",\"description\":\"A fenntarthat\u00f3s\u00e1g nemcsak l\u00e1that\u00f3, hanem a legt\u00f6bb ter\u00fcleten m\u00e9rhet\u0151 is: ilyen p\u00e9ld\u00e1ul a CO2-kibocs\u00e1t\u00e1s vagy a m\u0171anyag csomagol\u00e1ssal kapcsolatos megtakar\u00edt\u00e1sok.\",\"breadcrumb\":{\"@id\":\"https:\/\/www.vangraaf.com\/hu\/vallalat\/fenntarthatosag\/kornyezetvedelem\/#breadcrumb\"},\"inLanguage\":\"hu\",\"potentialAction\":[{\"@type\":\"ReadAction\",\"target\":[\"https:\/\/www.vangraaf.com\/hu\/vallalat\/fenntarthatosag\/kornyezetvedelem\/\"]}]},{\"@type\":\"BreadcrumbList\",\"@id\":\"https:\/\/www.vangraaf.com\/hu\/vallalat\/fenntarthatosag\/kornyezetvedelem\/#breadcrumb\",\"itemListElement\":[{\"@type\":\"ListItem\",\"position\":1,\"name\":\"Home\",\"item\":\"https:\/\/www.vangraaf.com\/hu\/\"},{\"@type\":\"ListItem\",\"position\":2,\"name\":\"V\u00e1llalat\",\"item\":\"https:\/\/www.vangraaf.com\/hu\/vallalat\/\"},{\"@type\":\"ListItem\",\"position\":3,\"name\":\"Fenntarthat\u00f3s\u00e1g\",\"item\":\"https:\/\/www.vangraaf.com\/hu\/vallalat\/fenntarthatosag\/\"},{\"@type\":\"ListItem\",\"position\":4,\"name\":\"K\u00f6rnyezetv\u00e9delem\"}]},{\"@type\":\"WebSite\",\"@id\":\"https:\/\/www.vangraaf.com\/hu\/#website\",\"url\":\"https:\/\/www.vangraaf.com\/hu\/\",\"name\":\"VAN GRAAF\",\"description\":\"VAN GRAAF\",\"potentialAction\":[{\"@type\":\"SearchAction\",\"target\":{\"@type\":\"EntryPoint\",\"urlTemplate\":\"https:\/\/www.vangraaf.com\/hu\/?s={search_term_string}\"},\"query-input\":{\"@type\":\"PropertyValueSpecification\",\"valueRequired\":true,\"valueName\":\"search_term_string\"}}],\"inLanguage\":\"hu\"}]}<\/script>\n<!-- \/ Yoast SEO plugin. -->","yoast_head_json":{"title":"VAN GRAAF Magyarorsz\u00e1g - Fenntarthat\u00f3s\u00e1g - K\u00f6rnyezetv\u00e9delem","description":"A fenntarthat\u00f3s\u00e1g nemcsak l\u00e1that\u00f3, hanem a legt\u00f6bb ter\u00fcleten m\u00e9rhet\u0151 is: ilyen p\u00e9ld\u00e1ul a CO2-kibocs\u00e1t\u00e1s vagy a m\u0171anyag csomagol\u00e1ssal kapcsolatos megtakar\u00edt\u00e1sok.","robots":{"index":"index","follow":"follow","max-snippet":"max-snippet:-1","max-image-preview":"max-image-preview:large","max-video-preview":"max-video-preview:-1"},"canonical":"https:\/\/www.vangraaf.com\/hu\/vallalat\/fenntarthatosag\/kornyezetvedelem\/","og_locale":"hu_HU","og_type":"article","og_title":"VAN GRAAF Magyarorsz\u00e1g - Fenntarthat\u00f3s\u00e1g - K\u00f6rnyezetv\u00e9delem","og_description":"A fenntarthat\u00f3s\u00e1g nemcsak l\u00e1that\u00f3, hanem a legt\u00f6bb ter\u00fcleten m\u00e9rhet\u0151 is: ilyen p\u00e9ld\u00e1ul a CO2-kibocs\u00e1t\u00e1s vagy a m\u0171anyag csomagol\u00e1ssal kapcsolatos megtakar\u00edt\u00e1sok.","og_url":"https:\/\/www.vangraaf.com\/hu\/vallalat\/fenntarthatosag\/kornyezetvedelem\/","og_site_name":"VAN GRAAF Magyarorsz\u00e1g","article_modified_time":"2025-10-15T12:13:09+00:00","twitter_card":"summary_large_image","twitter_misc":{"Becs\u00fclt olvas\u00e1si id\u0151":"4 perc"},"schema":{"@context":"https:\/\/schema.org","@graph":[{"@type":"WebPage","@id":"https:\/\/www.vangraaf.com\/hu\/vallalat\/fenntarthatosag\/kornyezetvedelem\/","url":"https:\/\/www.vangraaf.com\/hu\/vallalat\/fenntarthatosag\/kornyezetvedelem\/","name":"VAN GRAAF Magyarorsz\u00e1g - Fenntarthat\u00f3s\u00e1g - K\u00f6rnyezetv\u00e9delem","isPartOf":{"@id":"https:\/\/www.vangraaf.com\/hu\/#website"},"datePublished":"2021-07-06T13:06:24+00:00","dateModified":"2025-10-15T12:13:09+00:00","description":"A fenntarthat\u00f3s\u00e1g nemcsak l\u00e1that\u00f3, hanem a legt\u00f6bb ter\u00fcleten m\u00e9rhet\u0151 is: ilyen p\u00e9ld\u00e1ul a CO2-kibocs\u00e1t\u00e1s vagy a m\u0171anyag csomagol\u00e1ssal kapcsolatos megtakar\u00edt\u00e1sok.","breadcrumb":{"@id":"https:\/\/www.vangraaf.com\/hu\/vallalat\/fenntarthatosag\/kornyezetvedelem\/#breadcrumb"},"inLanguage":"hu","potentialAction":[{"@type":"ReadAction","target":["https:\/\/www.vangraaf.com\/hu\/vallalat\/fenntarthatosag\/kornyezetvedelem\/"]}]},{"@type":"BreadcrumbList","@id":"https:\/\/www.vangraaf.com\/hu\/vallalat\/fenntarthatosag\/kornyezetvedelem\/#breadcrumb","itemListElement":[{"@type":"ListItem","position":1,"name":"Home","item":"https:\/\/www.vangraaf.com\/hu\/"},{"@type":"ListItem","position":2,"name":"V\u00e1llalat","item":"https:\/\/www.vangraaf.com\/hu\/vallalat\/"},{"@type":"ListItem","position":3,"name":"Fenntarthat\u00f3s\u00e1g","item":"https:\/\/www.vangraaf.com\/hu\/vallalat\/fenntarthatosag\/"},{"@type":"ListItem","position":4,"name":"K\u00f6rnyezetv\u00e9delem"}]},{"@type":"WebSite","@id":"https:\/\/www.vangraaf.com\/hu\/#website","url":"https:\/\/www.vangraaf.com\/hu\/","name":"VAN GRAAF","description":"VAN GRAAF","potentialAction":[{"@type":"SearchAction","target":{"@type":"EntryPoint","urlTemplate":"https:\/\/www.vangraaf.com\/hu\/?s={search_term_string}"},"query-input":{"@type":"PropertyValueSpecification","valueRequired":true,"valueName":"search_term_string"}}],"inLanguage":"hu"}]}},"_links":{"self":[{"href":"https:\/\/www.vangraaf.com\/hu\/wp-json\/wp\/v2\/pages\/6027","targetHints":{"allow":["GET"]}}],"collection":[{"href":"https:\/\/www.vangraaf.com\/hu\/wp-json\/wp\/v2\/pages"}],"about":[{"href":"https:\/\/www.vangraaf.com\/hu\/wp-json\/wp\/v2\/types\/page"}],"author":[{"embeddable":true,"href":"https:\/\/www.vangraaf.com\/hu\/wp-json\/wp\/v2\/users\/6"}],"replies":[{"embeddable":true,"href":"https:\/\/www.vangraaf.com\/hu\/wp-json\/wp\/v2\/comments?post=6027"}],"version-history":[{"count":12,"href":"https:\/\/www.vangraaf.com\/hu\/wp-json\/wp\/v2\/pages\/6027\/revisions"}],"predecessor-version":[{"id":17673,"href":"https:\/\/www.vangraaf.com\/hu\/wp-json\/wp\/v2\/pages\/6027\/revisions\/17673"}],"up":[{"embeddable":true,"href":"https:\/\/www.vangraaf.com\/hu\/wp-json\/wp\/v2\/pages\/5888"}],"wp:attachment":[{"href":"https:\/\/www.vangraaf.com\/hu\/wp-json\/wp\/v2\/media?parent=6027"}],"curies":[{"name":"wp","href":"https:\/\/api.w.org\/{rel}","templated":true}]}}