{"id":6018,"date":"2021-07-06T15:21:36","date_gmt":"2021-07-06T13:21:36","guid":{"rendered":"https:\/\/www.vangraaf.com\/hu\/?page_id=6018"},"modified":"2025-10-15T14:19:04","modified_gmt":"2025-10-15T12:19:04","slug":"strategia","status":"publish","type":"page","link":"https:\/\/www.vangraaf.com\/hu\/vallalat\/fenntarthatosag\/strategia\/","title":{"rendered":"Strat\u00e9gia"},"content":{"rendered":"<div class=\"wpb-content-wrapper\">[vc_row bwd_tbc4vd_show_weekday=&#8221;&#8221; full_width=&#8221;stretch_row_content_no_spaces&#8221;][vc_column]<div class=\"keyvisual\" data-aos=\"fade-up\" ><img loading=\"lazy\" decoding=\"async\" width=\"1440\" height=\"480\" src=\"https:\/\/www.vangraaf.com\/hu\/wp-content\/uploads\/sites\/3\/2021\/07\/Banner_Strategie.jpg\" class=\"vc_single_image-img\" alt=\"\" srcset=\"https:\/\/www.vangraaf.com\/hu\/wp-content\/uploads\/sites\/3\/2021\/07\/Banner_Strategie.jpg 1440w, https:\/\/www.vangraaf.com\/hu\/wp-content\/uploads\/sites\/3\/2021\/07\/Banner_Strategie-300x100.jpg 300w, https:\/\/www.vangraaf.com\/hu\/wp-content\/uploads\/sites\/3\/2021\/07\/Banner_Strategie-1024x341.jpg 1024w, https:\/\/www.vangraaf.com\/hu\/wp-content\/uploads\/sites\/3\/2021\/07\/Banner_Strategie-768x256.jpg 768w, https:\/\/www.vangraaf.com\/hu\/wp-content\/uploads\/sites\/3\/2021\/07\/Banner_Strategie-1200x400.jpg 1200w, https:\/\/www.vangraaf.com\/hu\/wp-content\/uploads\/sites\/3\/2021\/07\/Banner_Strategie-992x331.jpg 992w, https:\/\/www.vangraaf.com\/hu\/wp-content\/uploads\/sites\/3\/2021\/07\/Banner_Strategie-480x160.jpg 480w\" sizes=\"(max-width: 1440px) 100vw, 1440px\" \/><\/div>\n        <div class=\"headlines headlines--center\" data-aos=\"fade-up\">\n            <div class=\"vc_row\">\n                <div class=\"vc_col-md-10 vc_col-md-offset-1 vc_col-lg-10 vc_col-lg-offset-1\"><span class=\"h6\">Strat\u00e9gia<\/span><h1 class=\"h2\">K\u00f6z\u00f6s cselekv\u00e9s. L\u00e1tv\u00e1nyosabb eredm\u00e9nyek.<\/h1><\/div>\n            <\/div>\n        <\/div>[vc_column_text]A VAN GRAAF minden d\u00f6nt\u00e9s\u00e9ben \u00e9s cselekedet\u00e9ben szerepet j\u00e1tszik a fenntarthat\u00f3s\u00e1g.\r\n<ul>\r\n \t<li>Nagy hangs\u00falyt fektet\u00fcnk a kiv\u00e1l\u00f3 min\u0151s\u00e9gre. Ez garant\u00e1lja term\u00e9keink hossz\u00fa \u00e9lettartam\u00e1t. \u00cdgy hozz\u00e1j\u00e1rulunk az energia- \u00e9s v\u00edzfelhaszn\u00e1l\u00e1s cs\u00f6kkent\u00e9s\u00e9hez.<\/li>\r\n \t<li>Egyre tart\u00f3sabb \u00e9s egyre ink\u00e1bb fenntarthat\u00f3 anyagokat haszn\u00e1lunk.<\/li>\r\n \t<li>Gy\u00e1rt\u00f3\u00fczemeinkben \u00e9s az eg\u00e9sz \u00e9rt\u00e9kl\u00e1ncban a munkak\u00f6r\u00fclm\u00e9nyek jav\u00edt\u00e1s\u00e1ra \u00e9s a t\u00e1rsadalmi igazs\u00e1goss\u00e1g n\u00f6vel\u00e9s\u00e9re t\u00f6reksz\u00fcnk.<\/li>\r\n \t<li>Ha \u00e1llati eredet\u0171 anyagot, p\u00e9ld\u00e1ul gyapj\u00fat vagy kasm\u00edrt haszn\u00e1lunk, elk\u00f6telezettek vagyunk az \u00e1llatokat k\u00edm\u00e9l\u0151 elj\u00e1r\u00e1sok mellett.<\/li>\r\n \t<li>\u00dcgyel\u00fcnk r\u00e1, hogy kiv\u00e1l\u00f3 min\u0151s\u00e9g\u0171 text\u00edli\u00e1ink ne tartalmazzanak k\u00e1ros anyagokat, \u00e9s megfeleljenek minden szigor\u00fa jogi el\u0151\u00edr\u00e1snak.<\/li>\r\n \t<li>C\u00e9lunk, hogy cs\u00f6kkents\u00fck minden tev\u00e9kenys\u00e9g\u00fcnk CO<sup>2<\/sup>-l\u00e1bnyom\u00e1t \u2013 a term\u00e9keink gy\u00e1rt\u00e1s\u00e1t\u00f3l kezdve eg\u00e9szen addig a pillanatig, amikor v\u00e1s\u00e1rl\u00f3ink a ruh\u00e1kat a kosarukba vagy bev\u00e1s\u00e1rl\u00f3t\u00e1sk\u00e1jukba teszik.<\/li>\r\n \t<li>FSC-tan\u00fas\u00edtv\u00e1nnyal rendelkez\u0151 \u00fajrahasznos\u00edtott pap\u00edrb\u00f3l k\u00e9sz\u00fclt hordt\u00e1sk\u00e1kat k\u00edn\u00e1lunk.<\/li>\r\n<\/ul>\r\nNem vagyunk mindenben t\u00f6k\u00e9letesek. \u00c9s minden nap tanulunk. Mert a fenntarthat\u00f3s\u00e1g egy \u00e9letre sz\u00f3l\u00f3 k\u00e9rd\u00e9s. Elk\u00f6telezetts\u00e9g, egym\u00e1s tisztelete \u00e9s a minket k\u00f6r\u00fclvev\u0151 k\u00f6rnyezet v\u00e9delme: ezek seg\u00edtenek, hogy fenntarthat\u00f3 v\u00e1ltoz\u00e1st \u00e9rj\u00fcnk el. Tudjuk, hogy ezt a kih\u00edv\u00e1st minden nap \u00fajb\u00f3l el kell fogadnunk, \u00e9s folyamatosan fejl\u0151dn\u00fcnk kell, hogy feln\u0151j\u00fcnk a feladathoz.[\/vc_column_text][\/vc_column][\/vc_row][vc_row][vc_column][vc_column_text]\r\n<p style=\"text-align: center\"><strong>Divattudatos gondolkod\u00e1s. Felel\u0151ss\u00e9gteljes cselekv\u00e9s.<\/strong><\/p>\r\nCsak egy bolyg\u00f3nk van. Egy k\u00f6rnyezet\u00fcnk. \u00c9s egy j\u00f6v\u0151nk. \u00c9ppen ez\u00e9rt a lehet\u0151 legk\u00f6r\u00fcltekint\u0151bben kell b\u00e1nnunk vel\u00fck.\r\n\r\nA VAN GRAAF azt a c\u00e9lt t\u0171zte ki maga el\u00e9, hogy \u00f6sszekapcsolja a divattudatoss\u00e1got \u00e9s a felel\u0151ss\u00e9gtudatot. Kiv\u00e1l\u00f3 min\u0151s\u00e9g\u0171 <a href=\"https:\/\/www.vangraaf.com\/hu\/vallalat\/fenntarthatosag\/termek\/\"><u>term\u00e9keinknek<\/u><\/a> az emberekkel, az \u00e1llatokkal \u00e9s a k\u00f6rnyezettel val\u00f3 tisztess\u00e9ges b\u00e1n\u00e1sm\u00f3dot kell k\u00e9pviselni\u00fck.\r\n\r\nA fenntarthat\u00f3s\u00e1g ir\u00e1nti elk\u00f6telezetts\u00e9g az eg\u00e9sz v\u00e1llalat k\u00f6z\u00f6s \u00fcgye. K\u00f6z\u00f6sen j\u00e1rjuk a fejl\u0151d\u00e9s \u00fatj\u00e1t, hogy j\u00f3 p\u00e9ld\u00e1t mutassunk, \u00e9s val\u00f3di v\u00e1ltoz\u00e1sokat \u00e9rj\u00fcnk el a k\u00f6rnyezet \u00e9s a t\u00e1rsadalom \u00e9rdek\u00e9ben.[\/vc_column_text][\/vc_column][\/vc_row][vc_row bwd_tbc4vd_show_weekday=&#8221;&#8221; disable_element=&#8221;yes&#8221;][vc_column width=&#8221;1\/4&#8243;]<div class=\"vg-element cta-teaser cta-teaser--center\" data-aos=\"fade-up\"><div class=\"cta-teaser__image\"><a class=\"\" href=\"https:\/\/www.vangraaf.com\/hu\/vallalat\/fenntarthatosag\/termek\/\" target=\"_self\" rel=\"\" style=\"\"><img loading=\"lazy\" decoding=\"async\" width=\"400\" height=\"400\" src=\"https:\/\/www.vangraaf.com\/hu\/wp-content\/uploads\/sites\/3\/2021\/07\/Baeume_Teaser.jpg\" class=\"vc_single_image-img attachment-full\" alt=\"L\u00e9gi felv\u00e9tel egy s\u0171r\u0171 erd\u0151r\u0151l, z\u00f6ld f\u00e1k lombkoron\u00e1ival.\" title=\"Baeume_Teaser\" srcset=\"https:\/\/www.vangraaf.com\/hu\/wp-content\/uploads\/sites\/3\/2021\/07\/Baeume_Teaser.jpg 400w, https:\/\/www.vangraaf.com\/hu\/wp-content\/uploads\/sites\/3\/2021\/07\/Baeume_Teaser-300x300.jpg 300w, https:\/\/www.vangraaf.com\/hu\/wp-content\/uploads\/sites\/3\/2021\/07\/Baeume_Teaser-150x150.jpg 150w, https:\/\/www.vangraaf.com\/hu\/wp-content\/uploads\/sites\/3\/2021\/07\/Baeume_Teaser-280x280.jpg 280w\" sizes=\"(max-width: 400px) 100vw, 400px\" \/><\/a><\/div><div class=\"cta-teaser__text\"><a class=\"button\" href=\"https:\/\/www.vangraaf.com\/hu\/vallalat\/fenntarthatosag\/termek\/\" target=\"_self\" rel=\"\" style=\"\">Term\u00e9k<\/a><\/div><\/div>[\/vc_column][vc_column width=&#8221;1\/4&#8243;]<div class=\"vg-element cta-teaser cta-teaser--center\" data-aos=\"fade-up\"><div class=\"cta-teaser__image\"><a class=\"\" href=\"https:\/\/www.vangraaf.com\/hu\/vallalat\/fenntarthatosag\/kornyezetvedelem\/\" target=\"_self\" rel=\"\" style=\"\"><img loading=\"lazy\" decoding=\"async\" width=\"400\" height=\"400\" src=\"https:\/\/www.vangraaf.com\/hu\/wp-content\/uploads\/sites\/3\/2021\/07\/Imageteaser_Umwelt.jpg\" class=\"vc_single_image-img attachment-full\" alt=\"\" title=\"Imageteaser_Umwelt\" srcset=\"https:\/\/www.vangraaf.com\/hu\/wp-content\/uploads\/sites\/3\/2021\/07\/Imageteaser_Umwelt.jpg 400w, https:\/\/www.vangraaf.com\/hu\/wp-content\/uploads\/sites\/3\/2021\/07\/Imageteaser_Umwelt-300x300.jpg 300w, https:\/\/www.vangraaf.com\/hu\/wp-content\/uploads\/sites\/3\/2021\/07\/Imageteaser_Umwelt-150x150.jpg 150w\" sizes=\"(max-width: 400px) 100vw, 400px\" \/><\/a><\/div><div class=\"cta-teaser__text\"><a class=\"button\" href=\"https:\/\/www.vangraaf.com\/hu\/vallalat\/fenntarthatosag\/kornyezetvedelem\/\" target=\"_self\" rel=\"\" style=\"\">K\u00f6rnyezetv\u00e9delem<\/a><\/div><\/div>[\/vc_column][vc_column width=&#8221;1\/4&#8243;]<div class=\"vg-element cta-teaser cta-teaser--center\" data-aos=\"fade-up\"><div class=\"cta-teaser__image\"><a class=\"\" href=\"https:\/\/www.vangraaf.com\/hu\/vallalat\/fenntarthatosag\/ember\/\" target=\"_self\" rel=\"\" style=\"\"><img loading=\"lazy\" decoding=\"async\" width=\"500\" height=\"500\" src=\"https:\/\/www.vangraaf.com\/hu\/wp-content\/uploads\/sites\/3\/2022\/04\/Mensch.jpg\" class=\"vc_single_image-img attachment-full\" alt=\"\" title=\"Mensch\" srcset=\"https:\/\/www.vangraaf.com\/hu\/wp-content\/uploads\/sites\/3\/2022\/04\/Mensch.jpg 500w, https:\/\/www.vangraaf.com\/hu\/wp-content\/uploads\/sites\/3\/2022\/04\/Mensch-300x300.jpg 300w, https:\/\/www.vangraaf.com\/hu\/wp-content\/uploads\/sites\/3\/2022\/04\/Mensch-150x150.jpg 150w, https:\/\/www.vangraaf.com\/hu\/wp-content\/uploads\/sites\/3\/2022\/04\/Mensch-480x480.jpg 480w, https:\/\/www.vangraaf.com\/hu\/wp-content\/uploads\/sites\/3\/2022\/04\/Mensch-280x280.jpg 280w\" sizes=\"(max-width: 500px) 100vw, 500px\" \/><\/a><\/div><div class=\"cta-teaser__text\"><a class=\"button\" href=\"https:\/\/www.vangraaf.com\/hu\/vallalat\/fenntarthatosag\/ember\/\" target=\"_self\" rel=\"\" style=\"\">Ember<\/a><\/div><\/div>[\/vc_column][vc_column width=&#8221;1\/4&#8243;]<div class=\"vg-element cta-teaser cta-teaser--center\" data-aos=\"fade-up\"><div class=\"cta-teaser__image\"><a class=\"\" href=\"https:\/\/www.vangraaf.com\/hu\/vallalat\/fenntarthatosag\/korforgas\/\" target=\"_self\" rel=\"\" style=\"\"><img loading=\"lazy\" decoding=\"async\" width=\"400\" height=\"400\" src=\"https:\/\/www.vangraaf.com\/hu\/wp-content\/uploads\/sites\/3\/2022\/06\/iCollect_ImageTeaser.jpg\" class=\"vc_single_image-img attachment-full\" alt=\"\" title=\"iCollect_ImageTeaser\" srcset=\"https:\/\/www.vangraaf.com\/hu\/wp-content\/uploads\/sites\/3\/2022\/06\/iCollect_ImageTeaser.jpg 400w, https:\/\/www.vangraaf.com\/hu\/wp-content\/uploads\/sites\/3\/2022\/06\/iCollect_ImageTeaser-300x300.jpg 300w, https:\/\/www.vangraaf.com\/hu\/wp-content\/uploads\/sites\/3\/2022\/06\/iCollect_ImageTeaser-150x150.jpg 150w, https:\/\/www.vangraaf.com\/hu\/wp-content\/uploads\/sites\/3\/2022\/06\/iCollect_ImageTeaser-280x280.jpg 280w\" sizes=\"(max-width: 400px) 100vw, 400px\" \/><\/a><\/div><div class=\"cta-teaser__text\"><a class=\"button\" href=\"https:\/\/www.vangraaf.com\/hu\/vallalat\/fenntarthatosag\/korforgas\/\" target=\"_self\" rel=\"\" style=\"\">K\u00f6rforg\u00e1s<\/a><\/div><\/div>[\/vc_column][\/vc_row][vc_row bwd_tbc4vd_show_weekday=&#8221;&#8221; full_width=&#8221;stretch_row_content_no_spaces&#8221;][vc_column][vc_row_inner bwd_tbc4vd_show_weekday=&#8221;&#8221; row_design=&#8221;row_square_background&#8221;][vc_column_inner width=&#8221;1\/3&#8243;]<div class=\"vg-element cta-teaser cta-teaser--center\" data-aos=\"fade-up\"><div class=\"cta-teaser__image\"><a class=\"\" href=\"https:\/\/www.vangraaf.com\/hu\/vallalat\/fenntarthatosag\/termek\/\" target=\"_self\" rel=\"\" style=\"\"><img loading=\"lazy\" decoding=\"async\" width=\"378\" height=\"252\" src=\"https:\/\/www.vangraaf.com\/hu\/wp-content\/uploads\/sites\/3\/2021\/05\/UnsereProdukte_CTA_teaser_Seitenabschluss.jpg\" class=\"vc_single_image-img attachment-full\" alt=\"Egy feh\u00e9r pul\u00f3vert visel\u0151 szem\u00e9ly egy rak\u00e1s \u00f6sszehajtott farmert tart.\" title=\"UnsereProdukte_CTA_teaser_Seitenabschluss\" srcset=\"https:\/\/www.vangraaf.com\/hu\/wp-content\/uploads\/sites\/3\/2021\/05\/UnsereProdukte_CTA_teaser_Seitenabschluss.jpg 378w, https:\/\/www.vangraaf.com\/hu\/wp-content\/uploads\/sites\/3\/2021\/05\/UnsereProdukte_CTA_teaser_Seitenabschluss-300x200.jpg 300w\" sizes=\"(max-width: 378px) 100vw, 378px\" \/><\/a><\/div><div class=\"cta-teaser__text\"><h3>Term\u00e9k<\/h3><p>Minden, amit tesz\u00fcnk, hat\u00e1ssal van az embert\u00e1rsainkra \u00e9s a bolyg\u00f3nkra.<\/p><a class=\"button\" href=\"https:\/\/www.vangraaf.com\/hu\/vallalat\/fenntarthatosag\/termek\/\" target=\"_self\" rel=\"\" style=\"\">Tov\u00e1bbi inform\u00e1ci\u00f3<\/a><\/div><\/div>[\/vc_column_inner][vc_column_inner width=&#8221;1\/3&#8243;]<div class=\"vg-element cta-teaser cta-teaser--center\" data-aos=\"fade-up\"><div class=\"cta-teaser__image\"><a class=\"\" href=\"https:\/\/www.vangraaf.com\/hu\/vallalat\/fenntarthatosag\/kornyezetvedelem\/\" target=\"_self\" rel=\"\" style=\"\"><img loading=\"lazy\" decoding=\"async\" width=\"378\" height=\"252\" src=\"https:\/\/www.vangraaf.com\/hu\/wp-content\/uploads\/sites\/3\/2022\/08\/Umwelt.jpg\" class=\"vc_single_image-img attachment-full\" alt=\"\" title=\"Umwelt\" srcset=\"https:\/\/www.vangraaf.com\/hu\/wp-content\/uploads\/sites\/3\/2022\/08\/Umwelt.jpg 378w, https:\/\/www.vangraaf.com\/hu\/wp-content\/uploads\/sites\/3\/2022\/08\/Umwelt-300x200.jpg 300w\" sizes=\"(max-width: 378px) 100vw, 378px\" \/><\/a><\/div><div class=\"cta-teaser__text\"><h3>K\u00f6rnyezetv\u00e9delem<\/h3><p>A VAN GRAAF t\u00f6rekszik saj\u00e1t \u00f6kol\u00f3giai l\u00e1bnyom\u00e1nak cs\u00f6kkent\u00e9s\u00e9re.<\/p><a class=\"button\" href=\"https:\/\/www.vangraaf.com\/hu\/vallalat\/fenntarthatosag\/kornyezetvedelem\/\" target=\"_self\" rel=\"\" style=\"\">Tov\u00e1bbi inform\u00e1ci\u00f3<\/a><\/div><\/div>[\/vc_column_inner][vc_column_inner width=&#8221;1\/3&#8243;]<div class=\"vg-element cta-teaser cta-teaser--center\" data-aos=\"fade-up\"><div class=\"cta-teaser__image\"><a class=\"\" href=\"https:\/\/www.vangraaf.com\/hu\/vallalat\/fenntarthatosag\/ember\/\" target=\"_self\" rel=\"\" style=\"\"><img loading=\"lazy\" decoding=\"async\" width=\"378\" height=\"252\" src=\"https:\/\/www.vangraaf.com\/hu\/wp-content\/uploads\/sites\/3\/2022\/08\/Mensch.jpg\" class=\"vc_single_image-img attachment-full\" alt=\"\" title=\"Mensch\" srcset=\"https:\/\/www.vangraaf.com\/hu\/wp-content\/uploads\/sites\/3\/2022\/08\/Mensch.jpg 378w, https:\/\/www.vangraaf.com\/hu\/wp-content\/uploads\/sites\/3\/2022\/08\/Mensch-300x200.jpg 300w\" sizes=\"(max-width: 378px) 100vw, 378px\" \/><\/a><\/div><div class=\"cta-teaser__text\"><h3>Ember<\/h3><p>\u00c9rt\u00e9kekre \u00e9p\u00edt\u00fcnk. A VAN GRAAF-n\u00e1l felel\u0151ss\u00e9get v\u00e1llalunk a d\u00f6nt\u00e9seink\u00e9rt.<\/p><a class=\"button\" href=\"https:\/\/www.vangraaf.com\/hu\/vallalat\/fenntarthatosag\/ember\/\" target=\"_self\" rel=\"\" style=\"\">Tov\u00e1bbi inform\u00e1ci\u00f3<\/a><\/div><\/div>[\/vc_column_inner][\/vc_row_inner][\/vc_column][\/vc_row]<\/div>","protected":false},"excerpt":{"rendered":"[vc_row bwd_tbc4vd_show_weekday=&#8221;&#8221; full_width=&#8221;stretch_row_content_no_spaces&#8221;][vc_column][vc_column_text]A VAN GRAAF minden d\u00f6nt\u00e9s\u00e9ben \u00e9s cselekedet\u00e9ben szerepet j\u00e1tszik a fenntarthat\u00f3s\u00e1g. Nagy hangs\u00falyt fektet\u00fcnk a kiv\u00e1l\u00f3 min\u0151s\u00e9gre. Ez garant\u00e1lja term\u00e9keink hossz\u00fa \u00e9lettartam\u00e1t. \u00cdgy hozz\u00e1j\u00e1rulunk az energia- \u00e9s v\u00edzfelhaszn\u00e1l\u00e1s cs\u00f6kkent\u00e9s\u00e9hez. Egyre tart\u00f3sabb \u00e9s egyre ink\u00e1bb fenntarthat\u00f3 anyagokat haszn\u00e1lunk. Gy\u00e1rt\u00f3\u00fczemeinkben \u00e9s az eg\u00e9sz \u00e9rt\u00e9kl\u00e1ncban a munkak\u00f6r\u00fclm\u00e9nyek jav\u00edt\u00e1s\u00e1ra \u00e9s a t\u00e1rsadalmi igazs\u00e1goss\u00e1g n\u00f6vel\u00e9s\u00e9re t\u00f6reksz\u00fcnk. Ha \u00e1llati [&hellip;]","protected":false},"author":5,"featured_media":0,"parent":5888,"menu_order":0,"comment_status":"closed","ping_status":"closed","template":"","meta":{"_acf_changed":false,"inline_featured_image":false,"footnotes":""},"class_list":["post-6018","page","type-page","status-publish","hentry"],"acf":[],"yoast_head":"<!-- This site is optimized with the Yoast SEO plugin v27.2 - https:\/\/yoast.com\/product\/yoast-seo-wordpress\/ -->\n<title>VAN GRAAF Magyarorsz\u00e1g - Fenntarthat\u00f3s\u00e1g - Strat\u00e9gia<\/title>\n<meta name=\"description\" content=\"A VAN GRAAF minden d\u00f6nt\u00e9s\u00e9ben \u00e9s cselekedet\u00e9ben szerepet j\u00e1tszik a fenntarthat\u00f3s\u00e1g.\" \/>\n<meta name=\"robots\" content=\"index, follow, max-snippet:-1, max-image-preview:large, max-video-preview:-1\" \/>\n<link rel=\"canonical\" href=\"https:\/\/www.vangraaf.com\/hu\/vallalat\/fenntarthatosag\/strategia\/\" \/>\n<meta property=\"og:locale\" content=\"hu_HU\" \/>\n<meta property=\"og:type\" content=\"article\" \/>\n<meta property=\"og:title\" content=\"VAN GRAAF Magyarorsz\u00e1g - Fenntarthat\u00f3s\u00e1g - Strat\u00e9gia\" \/>\n<meta property=\"og:description\" content=\"A VAN GRAAF minden d\u00f6nt\u00e9s\u00e9ben \u00e9s cselekedet\u00e9ben szerepet j\u00e1tszik a fenntarthat\u00f3s\u00e1g.\" \/>\n<meta property=\"og:url\" content=\"https:\/\/www.vangraaf.com\/hu\/vallalat\/fenntarthatosag\/strategia\/\" \/>\n<meta property=\"og:site_name\" content=\"VAN GRAAF Magyarorsz\u00e1g\" \/>\n<meta property=\"article:modified_time\" content=\"2025-10-15T12:19:04+00:00\" \/>\n<meta name=\"twitter:card\" content=\"summary_large_image\" \/>\n<meta name=\"twitter:label1\" content=\"Becs\u00fclt olvas\u00e1si id\u0151\" \/>\n\t<meta name=\"twitter:data1\" content=\"3 perc\" \/>\n<script type=\"application\/ld+json\" class=\"yoast-schema-graph\">{\"@context\":\"https:\/\/schema.org\",\"@graph\":[{\"@type\":\"WebPage\",\"@id\":\"https:\/\/www.vangraaf.com\/hu\/vallalat\/fenntarthatosag\/strategia\/\",\"url\":\"https:\/\/www.vangraaf.com\/hu\/vallalat\/fenntarthatosag\/strategia\/\",\"name\":\"VAN GRAAF Magyarorsz\u00e1g - Fenntarthat\u00f3s\u00e1g - Strat\u00e9gia\",\"isPartOf\":{\"@id\":\"https:\/\/www.vangraaf.com\/hu\/#website\"},\"datePublished\":\"2021-07-06T13:21:36+00:00\",\"dateModified\":\"2025-10-15T12:19:04+00:00\",\"description\":\"A VAN GRAAF minden d\u00f6nt\u00e9s\u00e9ben \u00e9s cselekedet\u00e9ben szerepet j\u00e1tszik a fenntarthat\u00f3s\u00e1g.\",\"breadcrumb\":{\"@id\":\"https:\/\/www.vangraaf.com\/hu\/vallalat\/fenntarthatosag\/strategia\/#breadcrumb\"},\"inLanguage\":\"hu\",\"potentialAction\":[{\"@type\":\"ReadAction\",\"target\":[\"https:\/\/www.vangraaf.com\/hu\/vallalat\/fenntarthatosag\/strategia\/\"]}]},{\"@type\":\"BreadcrumbList\",\"@id\":\"https:\/\/www.vangraaf.com\/hu\/vallalat\/fenntarthatosag\/strategia\/#breadcrumb\",\"itemListElement\":[{\"@type\":\"ListItem\",\"position\":1,\"name\":\"Home\",\"item\":\"https:\/\/www.vangraaf.com\/hu\/\"},{\"@type\":\"ListItem\",\"position\":2,\"name\":\"V\u00e1llalat\",\"item\":\"https:\/\/www.vangraaf.com\/hu\/vallalat\/\"},{\"@type\":\"ListItem\",\"position\":3,\"name\":\"Fenntarthat\u00f3s\u00e1g\",\"item\":\"https:\/\/www.vangraaf.com\/hu\/vallalat\/fenntarthatosag\/\"},{\"@type\":\"ListItem\",\"position\":4,\"name\":\"Strat\u00e9gia\"}]},{\"@type\":\"WebSite\",\"@id\":\"https:\/\/www.vangraaf.com\/hu\/#website\",\"url\":\"https:\/\/www.vangraaf.com\/hu\/\",\"name\":\"VAN GRAAF\",\"description\":\"VAN GRAAF\",\"potentialAction\":[{\"@type\":\"SearchAction\",\"target\":{\"@type\":\"EntryPoint\",\"urlTemplate\":\"https:\/\/www.vangraaf.com\/hu\/?s={search_term_string}\"},\"query-input\":{\"@type\":\"PropertyValueSpecification\",\"valueRequired\":true,\"valueName\":\"search_term_string\"}}],\"inLanguage\":\"hu\"}]}<\/script>\n<!-- \/ Yoast SEO plugin. -->","yoast_head_json":{"title":"VAN GRAAF Magyarorsz\u00e1g - Fenntarthat\u00f3s\u00e1g - Strat\u00e9gia","description":"A VAN GRAAF minden d\u00f6nt\u00e9s\u00e9ben \u00e9s cselekedet\u00e9ben szerepet j\u00e1tszik a fenntarthat\u00f3s\u00e1g.","robots":{"index":"index","follow":"follow","max-snippet":"max-snippet:-1","max-image-preview":"max-image-preview:large","max-video-preview":"max-video-preview:-1"},"canonical":"https:\/\/www.vangraaf.com\/hu\/vallalat\/fenntarthatosag\/strategia\/","og_locale":"hu_HU","og_type":"article","og_title":"VAN GRAAF Magyarorsz\u00e1g - Fenntarthat\u00f3s\u00e1g - Strat\u00e9gia","og_description":"A VAN GRAAF minden d\u00f6nt\u00e9s\u00e9ben \u00e9s cselekedet\u00e9ben szerepet j\u00e1tszik a fenntarthat\u00f3s\u00e1g.","og_url":"https:\/\/www.vangraaf.com\/hu\/vallalat\/fenntarthatosag\/strategia\/","og_site_name":"VAN GRAAF Magyarorsz\u00e1g","article_modified_time":"2025-10-15T12:19:04+00:00","twitter_card":"summary_large_image","twitter_misc":{"Becs\u00fclt olvas\u00e1si id\u0151":"3 perc"},"schema":{"@context":"https:\/\/schema.org","@graph":[{"@type":"WebPage","@id":"https:\/\/www.vangraaf.com\/hu\/vallalat\/fenntarthatosag\/strategia\/","url":"https:\/\/www.vangraaf.com\/hu\/vallalat\/fenntarthatosag\/strategia\/","name":"VAN GRAAF Magyarorsz\u00e1g - Fenntarthat\u00f3s\u00e1g - Strat\u00e9gia","isPartOf":{"@id":"https:\/\/www.vangraaf.com\/hu\/#website"},"datePublished":"2021-07-06T13:21:36+00:00","dateModified":"2025-10-15T12:19:04+00:00","description":"A VAN GRAAF minden d\u00f6nt\u00e9s\u00e9ben \u00e9s cselekedet\u00e9ben szerepet j\u00e1tszik a fenntarthat\u00f3s\u00e1g.","breadcrumb":{"@id":"https:\/\/www.vangraaf.com\/hu\/vallalat\/fenntarthatosag\/strategia\/#breadcrumb"},"inLanguage":"hu","potentialAction":[{"@type":"ReadAction","target":["https:\/\/www.vangraaf.com\/hu\/vallalat\/fenntarthatosag\/strategia\/"]}]},{"@type":"BreadcrumbList","@id":"https:\/\/www.vangraaf.com\/hu\/vallalat\/fenntarthatosag\/strategia\/#breadcrumb","itemListElement":[{"@type":"ListItem","position":1,"name":"Home","item":"https:\/\/www.vangraaf.com\/hu\/"},{"@type":"ListItem","position":2,"name":"V\u00e1llalat","item":"https:\/\/www.vangraaf.com\/hu\/vallalat\/"},{"@type":"ListItem","position":3,"name":"Fenntarthat\u00f3s\u00e1g","item":"https:\/\/www.vangraaf.com\/hu\/vallalat\/fenntarthatosag\/"},{"@type":"ListItem","position":4,"name":"Strat\u00e9gia"}]},{"@type":"WebSite","@id":"https:\/\/www.vangraaf.com\/hu\/#website","url":"https:\/\/www.vangraaf.com\/hu\/","name":"VAN GRAAF","description":"VAN GRAAF","potentialAction":[{"@type":"SearchAction","target":{"@type":"EntryPoint","urlTemplate":"https:\/\/www.vangraaf.com\/hu\/?s={search_term_string}"},"query-input":{"@type":"PropertyValueSpecification","valueRequired":true,"valueName":"search_term_string"}}],"inLanguage":"hu"}]}},"_links":{"self":[{"href":"https:\/\/www.vangraaf.com\/hu\/wp-json\/wp\/v2\/pages\/6018","targetHints":{"allow":["GET"]}}],"collection":[{"href":"https:\/\/www.vangraaf.com\/hu\/wp-json\/wp\/v2\/pages"}],"about":[{"href":"https:\/\/www.vangraaf.com\/hu\/wp-json\/wp\/v2\/types\/page"}],"author":[{"embeddable":true,"href":"https:\/\/www.vangraaf.com\/hu\/wp-json\/wp\/v2\/users\/5"}],"replies":[{"embeddable":true,"href":"https:\/\/www.vangraaf.com\/hu\/wp-json\/wp\/v2\/comments?post=6018"}],"version-history":[{"count":22,"href":"https:\/\/www.vangraaf.com\/hu\/wp-json\/wp\/v2\/pages\/6018\/revisions"}],"predecessor-version":[{"id":17676,"href":"https:\/\/www.vangraaf.com\/hu\/wp-json\/wp\/v2\/pages\/6018\/revisions\/17676"}],"up":[{"embeddable":true,"href":"https:\/\/www.vangraaf.com\/hu\/wp-json\/wp\/v2\/pages\/5888"}],"wp:attachment":[{"href":"https:\/\/www.vangraaf.com\/hu\/wp-json\/wp\/v2\/media?parent=6018"}],"curies":[{"name":"wp","href":"https:\/\/api.w.org\/{rel}","templated":true}]}}