{"id":5888,"date":"2021-06-29T14:54:47","date_gmt":"2021-06-29T12:54:47","guid":{"rendered":"https:\/\/www.vangraaf.com\/hu\/?page_id=5888"},"modified":"2025-10-15T14:06:56","modified_gmt":"2025-10-15T12:06:56","slug":"fenntarthatosag","status":"publish","type":"page","link":"https:\/\/www.vangraaf.com\/hu\/vallalat\/fenntarthatosag\/","title":{"rendered":"Fenntarthat\u00f3s\u00e1g"},"content":{"rendered":"<div class=\"wpb-content-wrapper\">[vc_row bwd_tbc4vd_show_weekday=&#8221;&#8221; full_width=&#8221;stretch_row_content_no_spaces&#8221;][vc_column]<div class=\"keyvisual\" data-aos=\"fade-up\" ><img loading=\"lazy\" decoding=\"async\" width=\"1440\" height=\"480\" src=\"https:\/\/www.vangraaf.com\/hu\/wp-content\/uploads\/sites\/3\/2021\/07\/Baeume_Banner.jpg\" class=\"vc_single_image-img keyvisual__image--big\" alt=\"Magas f\u00e1k lombkoron\u00e1i aluln\u00e9zetb\u0151l, z\u00f6ld levelek \u00e9s az \u00e9gbolt l\u00e1that\u00f3.\" srcset=\"https:\/\/www.vangraaf.com\/hu\/wp-content\/uploads\/sites\/3\/2021\/07\/Baeume_Banner.jpg 1440w, https:\/\/www.vangraaf.com\/hu\/wp-content\/uploads\/sites\/3\/2021\/07\/Baeume_Banner-300x100.jpg 300w, https:\/\/www.vangraaf.com\/hu\/wp-content\/uploads\/sites\/3\/2021\/07\/Baeume_Banner-1024x341.jpg 1024w, https:\/\/www.vangraaf.com\/hu\/wp-content\/uploads\/sites\/3\/2021\/07\/Baeume_Banner-768x256.jpg 768w, https:\/\/www.vangraaf.com\/hu\/wp-content\/uploads\/sites\/3\/2021\/07\/Baeume_Banner-1200x400.jpg 1200w, https:\/\/www.vangraaf.com\/hu\/wp-content\/uploads\/sites\/3\/2021\/07\/Baeume_Banner-992x331.jpg 992w, https:\/\/www.vangraaf.com\/hu\/wp-content\/uploads\/sites\/3\/2021\/07\/Baeume_Banner-480x160.jpg 480w, https:\/\/www.vangraaf.com\/hu\/wp-content\/uploads\/sites\/3\/2021\/07\/Baeume_Banner-690x230.jpg 690w\" sizes=\"(max-width: 1440px) 100vw, 1440px\" \/><img loading=\"lazy\" decoding=\"async\" width=\"768\" height=\"256\" src=\"https:\/\/www.vangraaf.com\/hu\/wp-content\/uploads\/sites\/3\/2021\/07\/Baeume_Banner-1-768x256.jpg\" class=\"vc_single_image-img keyvisual__image--small\" alt=\"Felfele n\u00e9zet erd\u0151ben, magas f\u00e1k lombkoron\u00e1j\u00e1val.\" srcset=\"https:\/\/www.vangraaf.com\/hu\/wp-content\/uploads\/sites\/3\/2021\/07\/Baeume_Banner-1-768x256.jpg 768w, https:\/\/www.vangraaf.com\/hu\/wp-content\/uploads\/sites\/3\/2021\/07\/Baeume_Banner-1-300x100.jpg 300w, https:\/\/www.vangraaf.com\/hu\/wp-content\/uploads\/sites\/3\/2021\/07\/Baeume_Banner-1-1024x341.jpg 1024w, https:\/\/www.vangraaf.com\/hu\/wp-content\/uploads\/sites\/3\/2021\/07\/Baeume_Banner-1-1200x400.jpg 1200w, https:\/\/www.vangraaf.com\/hu\/wp-content\/uploads\/sites\/3\/2021\/07\/Baeume_Banner-1-992x331.jpg 992w, https:\/\/www.vangraaf.com\/hu\/wp-content\/uploads\/sites\/3\/2021\/07\/Baeume_Banner-1-480x160.jpg 480w, https:\/\/www.vangraaf.com\/hu\/wp-content\/uploads\/sites\/3\/2021\/07\/Baeume_Banner-1-690x230.jpg 690w, https:\/\/www.vangraaf.com\/hu\/wp-content\/uploads\/sites\/3\/2021\/07\/Baeume_Banner-1.jpg 1440w\" sizes=\"(max-width: 768px) 100vw, 768px\" \/><\/div>\n        <div class=\"headlines headlines--center\" data-aos=\"fade-up\">\n            <div class=\"vc_row\">\n                <div class=\"vc_col-md-10 vc_col-md-offset-1 vc_col-lg-10 vc_col-lg-offset-1\"><span class=\"h6\">Fenntarthat\u00f3s\u00e1g<\/span><h1 class=\"h2\">Felel\u0151ss\u00e9g a k\u00f6rnyezet\u00e9rt. Felel\u0151ss\u00e9g a j\u00f6v\u0151\u00e9rt.<\/h1><\/div>\n            <\/div>\n        <\/div>[vc_column_text]\r\n<p style=\"text-align: center\">A VAN GRAAF-n\u00e1l tudatosan t\u00f6reksz\u00fcnk a fenntarthat\u00f3 m\u0171k\u00f6d\u00e9sre, \u00e9s tiszt\u00e1ban vagyunk azzal, hogy v\u00e1llalatk\u00e9nt akt\u00edv szerepet kell v\u00e1llalnunk a k\u00f6rnyezetv\u00e9delmi t\u00f6rekv\u00e9sekben. Ez\u00e9rt indultunk el m\u00e1r \u00e9vekkel ezel\u0151tt a fenntarthat\u00f3s\u00e1g fel\u00e9 vezet\u0151 \u00faton. Nemzetk\u00f6zi jelenl\u00e9ttel rendelkez\u0151 csal\u00e1di v\u00e1llalkoz\u00e1sk\u00e9nt felel\u0151sek vagyunk t\u00e1rsadalmunk\u00e9rt \u00e9s k\u00f6rnyezet\u00fcnk\u00e9rt \u2013 \u00e9s szeretn\u00e9nk megfelelni a vel\u00fcnk szemben t\u00e1masztott elv\u00e1r\u00e1soknak. Nap mint nap t\u00f6reksz\u00fcnk a fejl\u0151d\u00e9sre, hiszen minden apr\u00f3 l\u00e9p\u00e9s sz\u00e1m\u00edt.<\/p>\r\n<p style=\"text-align: center\"><strong>Es\u00e9ly az \u00e9lhet\u0151bb j\u00f6v\u0151re.<\/strong><\/p>\r\n<p style=\"text-align: center\">A felel\u0151ss\u00e9gteljes gazd\u00e1lkod\u00e1s sz\u00e1munkra lehet\u0151s\u00e9get jelent. Lehet\u0151s\u00e9get a v\u00e1ltoztat\u00e1sra, hogy megtal\u00e1ljuk az egyens\u00falyt a divat \u00e9s a k\u00f6rnyezettudatoss\u00e1g k\u00f6z\u00f6tt. A st\u00edlus \u00e9s a felel\u0151s m\u0171k\u00f6d\u00e9s k\u00f6z\u00f6tt. Hogy meg\u0151rizz\u00fck bolyg\u00f3nkat az elj\u00f6vend\u0151 gener\u00e1ci\u00f3k sz\u00e1m\u00e1ra.<\/p>\r\n[\/vc_column_text][\/vc_column][\/vc_row][vc_row bwd_tbc4vd_show_weekday=&#8221;&#8221; el_class=&#8221;vg-padding&#8221;][vc_column]<div class=\"vg-element image-text-teaser image-text-teaser--left image-text-teaser--dark\" style=\"--season-color: #ffffff\" data-aos=\"fade-up\"><div class=\"vc_row vc_row-flex\"><div class=\"image-text-teaser__image vc_col-sm-4 vc_col-md-4\"><a class=\"\" href=\"https:\/\/www.vangraaf.com\/hu\/strategia\/\" target=\"_self\" rel=\"\" style=\"\"><img loading=\"lazy\" decoding=\"async\" width=\"400\" height=\"400\" src=\"https:\/\/www.vangraaf.com\/hu\/wp-content\/uploads\/sites\/3\/2021\/07\/ImageTeaser_Strategie.jpg\" class=\"vc_single_image-img\" alt=\"\" srcset=\"https:\/\/www.vangraaf.com\/hu\/wp-content\/uploads\/sites\/3\/2021\/07\/ImageTeaser_Strategie.jpg 400w, https:\/\/www.vangraaf.com\/hu\/wp-content\/uploads\/sites\/3\/2021\/07\/ImageTeaser_Strategie-300x300.jpg 300w, https:\/\/www.vangraaf.com\/hu\/wp-content\/uploads\/sites\/3\/2021\/07\/ImageTeaser_Strategie-150x150.jpg 150w\" sizes=\"(max-width: 400px) 100vw, 400px\" \/><\/a><\/div><div class=\"vc_col-sm-8 vc_col-md-8\"><div class=\"image-text-teaser__content-wrapper\"><div class=\"image-text-teaser__content\"><h3>Strat\u00e9gia<\/h3><p style=\"text-align: left\">Minden programhoz strat\u00e9gi\u00e1ra van sz\u00fcks\u00e9g \u2013 k\u00fcl\u00f6n\u00f6sen, ha a fenntarthat\u00f3s\u00e1gr\u00f3l van sz\u00f3. Tudjon meg t\u00f6bbet a m\u00f3dszereinkr\u0151l.<\/p>\n<a class=\"button button--\" href=\"https:\/\/www.vangraaf.com\/hu\/strategia\/\" target=\"_self\" rel=\"\" style=\"\">Strat\u00e9gia<\/a><\/div><\/div><\/div><\/div><\/div><div class=\"vg-element image-text-teaser image-text-teaser--right image-text-teaser--dark\" style=\"--season-color: #ffffff\" data-aos=\"fade-up\"><div class=\"vc_row vc_row-flex\"><div class=\"image-text-teaser__image vc_col-sm-4 vc_col-sm-push-8 vc_col-md-4 vc_col-md-push-8\"><a class=\"\" href=\"https:\/\/www.vangraaf.com\/hu\/termek\/\" target=\"_self\" rel=\"\" style=\"\"><img loading=\"lazy\" decoding=\"async\" width=\"400\" height=\"400\" src=\"https:\/\/www.vangraaf.com\/hu\/wp-content\/uploads\/sites\/3\/2021\/07\/Baeume_Teaser.jpg\" class=\"vc_single_image-img\" alt=\"L\u00e9gi felv\u00e9tel egy s\u0171r\u0171 erd\u0151r\u0151l, z\u00f6ld f\u00e1k lombkoron\u00e1ival.\" srcset=\"https:\/\/www.vangraaf.com\/hu\/wp-content\/uploads\/sites\/3\/2021\/07\/Baeume_Teaser.jpg 400w, https:\/\/www.vangraaf.com\/hu\/wp-content\/uploads\/sites\/3\/2021\/07\/Baeume_Teaser-300x300.jpg 300w, https:\/\/www.vangraaf.com\/hu\/wp-content\/uploads\/sites\/3\/2021\/07\/Baeume_Teaser-150x150.jpg 150w, https:\/\/www.vangraaf.com\/hu\/wp-content\/uploads\/sites\/3\/2021\/07\/Baeume_Teaser-280x280.jpg 280w\" sizes=\"(max-width: 400px) 100vw, 400px\" \/><\/a><\/div><div class=\"vc_col-sm-8 vc_col-sm-pull-4 vc_col-md-8 vc_col-md-pull-4\"><div class=\"image-text-teaser__content-wrapper\"><div class=\"image-text-teaser__content\"><h3>Term\u00e9k<\/h3><p style=\"text-align: left\">Szenved\u00e9ly\u00fcnk: a kiv\u00e1l\u00f3 min\u0151s\u00e9g\u0171 divat\u00e1ruk \u00e9s a modern \u00e9letst\u00edlus. Ez\u00e9rt \u00fcgyel\u00fcnk arra, hogy vezet\u0151 m\u00e1rk\u00e1ink \u00e9s saj\u00e1t VAN GRAAF m\u00e1rk\u00e1ink megfeleljenek fenntarthat\u00f3s\u00e1gi k\u00f6vetelm\u00e9nyeinknek.<\/p>\n<a class=\"button button--\" href=\"https:\/\/www.vangraaf.com\/hu\/termek\/\" target=\"_self\" rel=\"\" style=\"\">Term\u00e9k<\/a><\/div><\/div><\/div><\/div><\/div><div class=\"vg-element image-text-teaser image-text-teaser--left image-text-teaser--dark\" style=\"--season-color: #ffffff\" data-aos=\"fade-up\"><div class=\"vc_row vc_row-flex\"><div class=\"image-text-teaser__image vc_col-sm-4 vc_col-md-4\"><a class=\"\" href=\"https:\/\/www.vangraaf.com\/hu\/kornyezetvedelem\/\" target=\"_self\" rel=\"\" style=\"\"><img loading=\"lazy\" decoding=\"async\" width=\"400\" height=\"400\" src=\"https:\/\/www.vangraaf.com\/hu\/wp-content\/uploads\/sites\/3\/2021\/07\/Imageteaser_Umwelt.jpg\" class=\"vc_single_image-img\" alt=\"\" srcset=\"https:\/\/www.vangraaf.com\/hu\/wp-content\/uploads\/sites\/3\/2021\/07\/Imageteaser_Umwelt.jpg 400w, https:\/\/www.vangraaf.com\/hu\/wp-content\/uploads\/sites\/3\/2021\/07\/Imageteaser_Umwelt-300x300.jpg 300w, https:\/\/www.vangraaf.com\/hu\/wp-content\/uploads\/sites\/3\/2021\/07\/Imageteaser_Umwelt-150x150.jpg 150w\" sizes=\"(max-width: 400px) 100vw, 400px\" \/><\/a><\/div><div class=\"vc_col-sm-8 vc_col-md-8\"><div class=\"image-text-teaser__content-wrapper\"><div class=\"image-text-teaser__content\"><h3>K\u00f6rnyezetv\u00e9delem<\/h3><p style=\"text-align: left\">Mindannyian a term\u00e9szet r\u00e9szei vagyunk, \u00e9s bolyg\u00f3nk \u00e9ghajlata r\u00e1nk is hat\u00e1ssal van. Tiszteletben tartjuk azt, ami fontos sz\u00e1munkra, ez\u00e9rt mindent megtesz\u00fcnk a k\u00f6rnyezet v\u00e9delme \u00e9rdek\u00e9ben.<\/p>\n<a class=\"button button--\" href=\"https:\/\/www.vangraaf.com\/hu\/kornyezetvedelem\/\" target=\"_self\" rel=\"\" style=\"\">K\u00f6rnyezetv\u00e9delem<\/a><\/div><\/div><\/div><\/div><\/div><div class=\"vg-element image-text-teaser image-text-teaser--right image-text-teaser--dark\" style=\"--season-color: #ffffff\" data-aos=\"fade-up\"><div class=\"vc_row vc_row-flex\"><div class=\"image-text-teaser__image vc_col-sm-4 vc_col-sm-push-8 vc_col-md-4 vc_col-md-push-8\"><a class=\"\" href=\"https:\/\/www.vangraaf.com\/hu\/vallalat\/fenntarthatosag\/ember\/\" target=\"_self\" rel=\"\" style=\"\"><img loading=\"lazy\" decoding=\"async\" width=\"400\" height=\"400\" src=\"https:\/\/www.vangraaf.com\/hu\/wp-content\/uploads\/sites\/3\/2022\/02\/M10_M_Portraits_Buero_026.jpg\" class=\"vc_single_image-img\" alt=\"\" srcset=\"https:\/\/www.vangraaf.com\/hu\/wp-content\/uploads\/sites\/3\/2022\/02\/M10_M_Portraits_Buero_026.jpg 400w, https:\/\/www.vangraaf.com\/hu\/wp-content\/uploads\/sites\/3\/2022\/02\/M10_M_Portraits_Buero_026-300x300.jpg 300w, https:\/\/www.vangraaf.com\/hu\/wp-content\/uploads\/sites\/3\/2022\/02\/M10_M_Portraits_Buero_026-150x150.jpg 150w, https:\/\/www.vangraaf.com\/hu\/wp-content\/uploads\/sites\/3\/2022\/02\/M10_M_Portraits_Buero_026-280x280.jpg 280w\" sizes=\"(max-width: 400px) 100vw, 400px\" \/><\/a><\/div><div class=\"vc_col-sm-8 vc_col-sm-pull-4 vc_col-md-8 vc_col-md-pull-4\"><div class=\"image-text-teaser__content-wrapper\"><div class=\"image-text-teaser__content\"><h3>Ember<\/h3><p>Nagy hagyom\u00e1nyokkal \u00e9s glob\u00e1lis amb\u00edci\u00f3kkal rendelkez\u0151 csal\u00e1di v\u00e1llalkoz\u00e1sk\u00e9nt a <span class=\"nobr\">VAN GRAAF<\/span>-n\u00e1l tudjuk, hogy mennyire fontos az etikus cselekv\u00e9s.<\/p>\n<a class=\"button button--\" href=\"https:\/\/www.vangraaf.com\/hu\/vallalat\/fenntarthatosag\/ember\/\" target=\"_self\" rel=\"\" style=\"\">Ember<\/a><\/div><\/div><\/div><\/div><\/div>[\/vc_column][\/vc_row][vc_row][vc_column]\n        <div class=\"vg-element promo-teaser promo-teaser--  promo-teaser--\" style=\"--season-color: #ffffff;\" data-aos=\"fade-up\">\n            <div class=\"vc_row vc_row-flex\">\n                <div class=\"vc_col-sm-6 promo-teaser__image\">\n                    <a class=\"\" href=\"https:\/\/www.vangraaf.com\/hu\/fenntarthatosagi-kapcsolat\/\" target=\"_self\" rel=\"\" style=\"\"><img loading=\"lazy\" decoding=\"async\" width=\"400\" height=\"400\" src=\"https:\/\/www.vangraaf.com\/hu\/wp-content\/uploads\/sites\/3\/2021\/07\/PromoTeaser_Kontakt.jpg\" class=\"vc_single_image-img\" alt=\"\" srcset=\"https:\/\/www.vangraaf.com\/hu\/wp-content\/uploads\/sites\/3\/2021\/07\/PromoTeaser_Kontakt.jpg 400w, https:\/\/www.vangraaf.com\/hu\/wp-content\/uploads\/sites\/3\/2021\/07\/PromoTeaser_Kontakt-300x300.jpg 300w, https:\/\/www.vangraaf.com\/hu\/wp-content\/uploads\/sites\/3\/2021\/07\/PromoTeaser_Kontakt-150x150.jpg 150w\" sizes=\"(max-width: 400px) 100vw, 400px\" \/><\/a>\n                <\/div>\n                <div class=\"vc_col-sm-6\">\n                    <div class=\"promo-teaser__content-wrapper\">\n                        <div class=\"promo-teaser__content promo-teaser__content--center\"><span class=\"h6\">Fenntarthat\u00f3s\u00e1g<\/span><h3>Kapcsolat<\/h3><p style=\"text-align: center\">K\u00e9rd\u00e9se van?<\/p>\n<a class=\"button button--\" href=\"https:\/\/www.vangraaf.com\/hu\/fenntarthatosagi-kapcsolat\/\" target=\"_self\" rel=\"\" style=\"\">Forduljon hozz\u00e1nk<\/a><\/div>\n                    <\/div>\n                <\/div>\n            <\/div>\n        <\/div>[\/vc_column][\/vc_row]<\/div>","protected":false},"excerpt":{"rendered":"[vc_row bwd_tbc4vd_show_weekday=&#8221;&#8221; full_width=&#8221;stretch_row_content_no_spaces&#8221;][vc_column][vc_column_text] A VAN GRAAF-n\u00e1l tudatosan t\u00f6reksz\u00fcnk a fenntarthat\u00f3 m\u0171k\u00f6d\u00e9sre, \u00e9s tiszt\u00e1ban vagyunk azzal, hogy v\u00e1llalatk\u00e9nt akt\u00edv szerepet kell v\u00e1llalnunk a k\u00f6rnyezetv\u00e9delmi t\u00f6rekv\u00e9sekben. Ez\u00e9rt indultunk el m\u00e1r \u00e9vekkel ezel\u0151tt a fenntarthat\u00f3s\u00e1g fel\u00e9 vezet\u0151 \u00faton. Nemzetk\u00f6zi jelenl\u00e9ttel rendelkez\u0151 csal\u00e1di v\u00e1llalkoz\u00e1sk\u00e9nt felel\u0151sek vagyunk t\u00e1rsadalmunk\u00e9rt \u00e9s k\u00f6rnyezet\u00fcnk\u00e9rt \u2013 \u00e9s szeretn\u00e9nk megfelelni a vel\u00fcnk szemben t\u00e1masztott elv\u00e1r\u00e1soknak. Nap [&hellip;]","protected":false},"author":6,"featured_media":0,"parent":5872,"menu_order":0,"comment_status":"closed","ping_status":"closed","template":"","meta":{"_acf_changed":false,"inline_featured_image":false,"footnotes":""},"class_list":["post-5888","page","type-page","status-publish","hentry"],"acf":[],"yoast_head":"<!-- This site is optimized with the Yoast SEO plugin v27.2 - https:\/\/yoast.com\/product\/yoast-seo-wordpress\/ -->\n<title>VAN GRAAF Magyarorsz\u00e1g - Fenntarthat\u00f3s\u00e1g<\/title>\n<meta name=\"description\" content=\"A VAN GRAAF-n\u00e1l tudatosan t\u00f6reksz\u00fcnk a fenntarthat\u00f3 m\u0171k\u00f6d\u00e9sre, \u00e9s tiszt\u00e1ban vagyunk azzal, hogy v\u00e1llalatk\u00e9nt akt\u00edv szerepet kell v\u00e1llalnunk a k\u00f6rnyezetv\u00e9delmi t\u00f6rekv\u00e9sekben.\" \/>\n<meta name=\"robots\" content=\"index, follow, max-snippet:-1, max-image-preview:large, max-video-preview:-1\" \/>\n<link rel=\"canonical\" href=\"https:\/\/www.vangraaf.com\/hu\/vallalat\/fenntarthatosag\/\" \/>\n<meta property=\"og:locale\" content=\"hu_HU\" \/>\n<meta property=\"og:type\" content=\"article\" \/>\n<meta property=\"og:title\" content=\"VAN GRAAF Magyarorsz\u00e1g - Fenntarthat\u00f3s\u00e1g\" \/>\n<meta property=\"og:description\" content=\"A VAN GRAAF-n\u00e1l tudatosan t\u00f6reksz\u00fcnk a fenntarthat\u00f3 m\u0171k\u00f6d\u00e9sre, \u00e9s tiszt\u00e1ban vagyunk azzal, hogy v\u00e1llalatk\u00e9nt akt\u00edv szerepet kell v\u00e1llalnunk a k\u00f6rnyezetv\u00e9delmi t\u00f6rekv\u00e9sekben.\" \/>\n<meta property=\"og:url\" content=\"https:\/\/www.vangraaf.com\/hu\/vallalat\/fenntarthatosag\/\" \/>\n<meta property=\"og:site_name\" content=\"VAN GRAAF Magyarorsz\u00e1g\" \/>\n<meta property=\"article:modified_time\" content=\"2025-10-15T12:06:56+00:00\" \/>\n<meta name=\"twitter:card\" content=\"summary_large_image\" \/>\n<meta name=\"twitter:label1\" content=\"Becs\u00fclt olvas\u00e1si id\u0151\" \/>\n\t<meta name=\"twitter:data1\" content=\"3 perc\" \/>\n<script type=\"application\/ld+json\" class=\"yoast-schema-graph\">{\"@context\":\"https:\/\/schema.org\",\"@graph\":[{\"@type\":\"WebPage\",\"@id\":\"https:\/\/www.vangraaf.com\/hu\/vallalat\/fenntarthatosag\/\",\"url\":\"https:\/\/www.vangraaf.com\/hu\/vallalat\/fenntarthatosag\/\",\"name\":\"VAN GRAAF Magyarorsz\u00e1g - Fenntarthat\u00f3s\u00e1g\",\"isPartOf\":{\"@id\":\"https:\/\/www.vangraaf.com\/hu\/#website\"},\"datePublished\":\"2021-06-29T12:54:47+00:00\",\"dateModified\":\"2025-10-15T12:06:56+00:00\",\"description\":\"A VAN GRAAF-n\u00e1l tudatosan t\u00f6reksz\u00fcnk a fenntarthat\u00f3 m\u0171k\u00f6d\u00e9sre, \u00e9s tiszt\u00e1ban vagyunk azzal, hogy v\u00e1llalatk\u00e9nt akt\u00edv szerepet kell v\u00e1llalnunk a k\u00f6rnyezetv\u00e9delmi t\u00f6rekv\u00e9sekben.\",\"breadcrumb\":{\"@id\":\"https:\/\/www.vangraaf.com\/hu\/vallalat\/fenntarthatosag\/#breadcrumb\"},\"inLanguage\":\"hu\",\"potentialAction\":[{\"@type\":\"ReadAction\",\"target\":[\"https:\/\/www.vangraaf.com\/hu\/vallalat\/fenntarthatosag\/\"]}]},{\"@type\":\"BreadcrumbList\",\"@id\":\"https:\/\/www.vangraaf.com\/hu\/vallalat\/fenntarthatosag\/#breadcrumb\",\"itemListElement\":[{\"@type\":\"ListItem\",\"position\":1,\"name\":\"Home\",\"item\":\"https:\/\/www.vangraaf.com\/hu\/\"},{\"@type\":\"ListItem\",\"position\":2,\"name\":\"V\u00e1llalat\",\"item\":\"https:\/\/www.vangraaf.com\/hu\/vallalat\/\"},{\"@type\":\"ListItem\",\"position\":3,\"name\":\"Fenntarthat\u00f3s\u00e1g\"}]},{\"@type\":\"WebSite\",\"@id\":\"https:\/\/www.vangraaf.com\/hu\/#website\",\"url\":\"https:\/\/www.vangraaf.com\/hu\/\",\"name\":\"VAN GRAAF\",\"description\":\"VAN GRAAF\",\"potentialAction\":[{\"@type\":\"SearchAction\",\"target\":{\"@type\":\"EntryPoint\",\"urlTemplate\":\"https:\/\/www.vangraaf.com\/hu\/?s={search_term_string}\"},\"query-input\":{\"@type\":\"PropertyValueSpecification\",\"valueRequired\":true,\"valueName\":\"search_term_string\"}}],\"inLanguage\":\"hu\"}]}<\/script>\n<!-- \/ Yoast SEO plugin. -->","yoast_head_json":{"title":"VAN GRAAF Magyarorsz\u00e1g - Fenntarthat\u00f3s\u00e1g","description":"A VAN GRAAF-n\u00e1l tudatosan t\u00f6reksz\u00fcnk a fenntarthat\u00f3 m\u0171k\u00f6d\u00e9sre, \u00e9s tiszt\u00e1ban vagyunk azzal, hogy v\u00e1llalatk\u00e9nt akt\u00edv szerepet kell v\u00e1llalnunk a k\u00f6rnyezetv\u00e9delmi t\u00f6rekv\u00e9sekben.","robots":{"index":"index","follow":"follow","max-snippet":"max-snippet:-1","max-image-preview":"max-image-preview:large","max-video-preview":"max-video-preview:-1"},"canonical":"https:\/\/www.vangraaf.com\/hu\/vallalat\/fenntarthatosag\/","og_locale":"hu_HU","og_type":"article","og_title":"VAN GRAAF Magyarorsz\u00e1g - Fenntarthat\u00f3s\u00e1g","og_description":"A VAN GRAAF-n\u00e1l tudatosan t\u00f6reksz\u00fcnk a fenntarthat\u00f3 m\u0171k\u00f6d\u00e9sre, \u00e9s tiszt\u00e1ban vagyunk azzal, hogy v\u00e1llalatk\u00e9nt akt\u00edv szerepet kell v\u00e1llalnunk a k\u00f6rnyezetv\u00e9delmi t\u00f6rekv\u00e9sekben.","og_url":"https:\/\/www.vangraaf.com\/hu\/vallalat\/fenntarthatosag\/","og_site_name":"VAN GRAAF Magyarorsz\u00e1g","article_modified_time":"2025-10-15T12:06:56+00:00","twitter_card":"summary_large_image","twitter_misc":{"Becs\u00fclt olvas\u00e1si id\u0151":"3 perc"},"schema":{"@context":"https:\/\/schema.org","@graph":[{"@type":"WebPage","@id":"https:\/\/www.vangraaf.com\/hu\/vallalat\/fenntarthatosag\/","url":"https:\/\/www.vangraaf.com\/hu\/vallalat\/fenntarthatosag\/","name":"VAN GRAAF Magyarorsz\u00e1g - Fenntarthat\u00f3s\u00e1g","isPartOf":{"@id":"https:\/\/www.vangraaf.com\/hu\/#website"},"datePublished":"2021-06-29T12:54:47+00:00","dateModified":"2025-10-15T12:06:56+00:00","description":"A VAN GRAAF-n\u00e1l tudatosan t\u00f6reksz\u00fcnk a fenntarthat\u00f3 m\u0171k\u00f6d\u00e9sre, \u00e9s tiszt\u00e1ban vagyunk azzal, hogy v\u00e1llalatk\u00e9nt akt\u00edv szerepet kell v\u00e1llalnunk a k\u00f6rnyezetv\u00e9delmi t\u00f6rekv\u00e9sekben.","breadcrumb":{"@id":"https:\/\/www.vangraaf.com\/hu\/vallalat\/fenntarthatosag\/#breadcrumb"},"inLanguage":"hu","potentialAction":[{"@type":"ReadAction","target":["https:\/\/www.vangraaf.com\/hu\/vallalat\/fenntarthatosag\/"]}]},{"@type":"BreadcrumbList","@id":"https:\/\/www.vangraaf.com\/hu\/vallalat\/fenntarthatosag\/#breadcrumb","itemListElement":[{"@type":"ListItem","position":1,"name":"Home","item":"https:\/\/www.vangraaf.com\/hu\/"},{"@type":"ListItem","position":2,"name":"V\u00e1llalat","item":"https:\/\/www.vangraaf.com\/hu\/vallalat\/"},{"@type":"ListItem","position":3,"name":"Fenntarthat\u00f3s\u00e1g"}]},{"@type":"WebSite","@id":"https:\/\/www.vangraaf.com\/hu\/#website","url":"https:\/\/www.vangraaf.com\/hu\/","name":"VAN GRAAF","description":"VAN GRAAF","potentialAction":[{"@type":"SearchAction","target":{"@type":"EntryPoint","urlTemplate":"https:\/\/www.vangraaf.com\/hu\/?s={search_term_string}"},"query-input":{"@type":"PropertyValueSpecification","valueRequired":true,"valueName":"search_term_string"}}],"inLanguage":"hu"}]}},"_links":{"self":[{"href":"https:\/\/www.vangraaf.com\/hu\/wp-json\/wp\/v2\/pages\/5888","targetHints":{"allow":["GET"]}}],"collection":[{"href":"https:\/\/www.vangraaf.com\/hu\/wp-json\/wp\/v2\/pages"}],"about":[{"href":"https:\/\/www.vangraaf.com\/hu\/wp-json\/wp\/v2\/types\/page"}],"author":[{"embeddable":true,"href":"https:\/\/www.vangraaf.com\/hu\/wp-json\/wp\/v2\/users\/6"}],"replies":[{"embeddable":true,"href":"https:\/\/www.vangraaf.com\/hu\/wp-json\/wp\/v2\/comments?post=5888"}],"version-history":[{"count":11,"href":"https:\/\/www.vangraaf.com\/hu\/wp-json\/wp\/v2\/pages\/5888\/revisions"}],"predecessor-version":[{"id":17671,"href":"https:\/\/www.vangraaf.com\/hu\/wp-json\/wp\/v2\/pages\/5888\/revisions\/17671"}],"up":[{"embeddable":true,"href":"https:\/\/www.vangraaf.com\/hu\/wp-json\/wp\/v2\/pages\/5872"}],"wp:attachment":[{"href":"https:\/\/www.vangraaf.com\/hu\/wp-json\/wp\/v2\/media?parent=5888"}],"curies":[{"name":"wp","href":"https:\/\/api.w.org\/{rel}","templated":true}]}}