{"id":5886,"date":"2021-06-29T14:54:15","date_gmt":"2021-06-29T12:54:15","guid":{"rendered":"https:\/\/www.vangraaf.com\/hu\/?page_id=5886"},"modified":"2021-07-19T13:48:44","modified_gmt":"2021-07-19T11:48:44","slug":"epiteszet","status":"publish","type":"page","link":"https:\/\/www.vangraaf.com\/hu\/vallalat\/a-vallalatcsoport\/epiteszet\/","title":{"rendered":"\u00c9p\u00edt\u00e9szet"},"content":{"rendered":"<div class=\"wpb-content-wrapper\">[vc_row bwd_tbc4vd_show_weekday=&#8221;&#8221; full_width=&#8221;stretch_row_content_no_spaces&#8221;][vc_column]<div class=\"keyvisual\" data-aos=\"fade-up\" ><img loading=\"lazy\" decoding=\"async\" width=\"1440\" height=\"480\" src=\"https:\/\/www.vangraaf.com\/hu\/wp-content\/uploads\/sites\/3\/2021\/05\/Unternehmen_Architektur_Banner_VG_WP.jpg\" class=\"vc_single_image-img\" alt=\"\" srcset=\"https:\/\/www.vangraaf.com\/hu\/wp-content\/uploads\/sites\/3\/2021\/05\/Unternehmen_Architektur_Banner_VG_WP.jpg 1440w, https:\/\/www.vangraaf.com\/hu\/wp-content\/uploads\/sites\/3\/2021\/05\/Unternehmen_Architektur_Banner_VG_WP-300x100.jpg 300w, https:\/\/www.vangraaf.com\/hu\/wp-content\/uploads\/sites\/3\/2021\/05\/Unternehmen_Architektur_Banner_VG_WP-1024x341.jpg 1024w, https:\/\/www.vangraaf.com\/hu\/wp-content\/uploads\/sites\/3\/2021\/05\/Unternehmen_Architektur_Banner_VG_WP-768x256.jpg 768w, https:\/\/www.vangraaf.com\/hu\/wp-content\/uploads\/sites\/3\/2021\/05\/Unternehmen_Architektur_Banner_VG_WP-1200x400.jpg 1200w, https:\/\/www.vangraaf.com\/hu\/wp-content\/uploads\/sites\/3\/2021\/05\/Unternehmen_Architektur_Banner_VG_WP-992x331.jpg 992w, https:\/\/www.vangraaf.com\/hu\/wp-content\/uploads\/sites\/3\/2021\/05\/Unternehmen_Architektur_Banner_VG_WP-480x160.jpg 480w\" sizes=\"(max-width: 1440px) 100vw, 1440px\" \/><\/div>\n        <div class=\"headlines headlines--center\" data-aos=\"fade-up\">\n            <div class=\"vc_row\">\n                <div class=\"vc_col-md-10 vc_col-md-offset-1 vc_col-lg-10 vc_col-lg-offset-1\"><span class=\"h6\">\u00c9p\u00edt\u00e9szet<\/span><h1 class=\"h2\">Sz\u00edvb\u0151l \u00fcdv\u00f6z\u00f6lj\u00fck &amp; kellemes l\u00e9gk\u00f6rben<\/h1><\/div>\n            <\/div>\n        <\/div>[vc_column_text]\r\n<p style=\"text-align: center\">Mindent megtesz\u00fcnk az\u00e9rt, hogy v\u00e1s\u00e1rl\u00f3inknak \u00fczleteinkben egyed\u00fcl\u00e1ll\u00f3 v\u00e1s\u00e1rl\u00e1si \u00e9lm\u00e9nyben legyen r\u00e9sze. V\u00e1s\u00e1rl\u00f3ink a legkellemesebb v\u00e1s\u00e1rl\u00e1si \u00e9lm\u00e9nyt term\u00e9szetesen a legink\u00e1bb \u00fczleteinkben tapasztalhatj\u00e1k meg, hiszen itt \u00e9lhetik \u00e1t szem\u00e9lyesen a divat \u00e9s az emberek ir\u00e1nti lelkesed\u00e9s\u00fcnket. Az els\u0151 benyom\u00e1sr\u00f3l \u00fczleteink m\u00e1r messzir\u0151l j\u00f3l felismerhet\u0151 \u00e9p\u00edt\u00e9szeti kialak\u00edt\u00e1sa gondoskodik, amelyre kezdett\u0151l fogva a lehet\u0151 legnagyobb s\u00falyt fektett\u00fck. A l\u00e1togat\u00f3kat elad\u00f3tereink st\u00edlusos l\u00e9gk\u00f6re fogadja, majd egy\u00e9ni szaktan\u00e1csad\u00e1ssal, inspir\u00e1l\u00f3 outfit \u00f6tletekkel \u00e9s szem\u00e9lyes kiszolg\u00e1l\u00e1ssal k\u00eds\u00e9rj\u00fck el \u0151ket divat felfedez\u0151 \u00fatjukon, amelynek sor\u00e1n mindig az a legfontosabb c\u00e9lunk, hogy a lehet\u0151 legjobban \u00e9rezz\u00e9k magukat n\u00e1lunk.<\/p>\r\n[\/vc_column_text][\/vc_column][\/vc_row][vc_row bwd_tbc4vd_show_weekday=&#8221;&#8221; full_width=&#8221;stretch_row_content_no_spaces&#8221;][vc_column]<div class=\"vice-versa-teaser vice-versa-teaser--dark\" style=\"--season-color: #ededed\" data-aos=\"fade-up\"><div class=\"vice-versa-teaser__inner\">\n                        <div class=\"content_wrap\"><div class=\"vg-element vice-versa-teaser__item vice-versa-teaser__item--left\"><div class=\"vc_row vc_row-flex\"><div class=\"vc_col-xs-12 vc_col-sm-6\"><div class=\"vice-versa-teaser__item__image-wrap\"><img loading=\"lazy\" decoding=\"async\" width=\"555\" height=\"735\" src=\"https:\/\/www.vangraaf.com\/hu\/wp-content\/uploads\/sites\/3\/2021\/05\/Unternehmen_Architektur_Prag_aussen_WP.jpg\" class=\"attachment-van-graaf-vice-versa-teaser size-van-graaf-vice-versa-teaser\" alt=\"\" srcset=\"https:\/\/www.vangraaf.com\/hu\/wp-content\/uploads\/sites\/3\/2021\/05\/Unternehmen_Architektur_Prag_aussen_WP.jpg 555w, https:\/\/www.vangraaf.com\/hu\/wp-content\/uploads\/sites\/3\/2021\/05\/Unternehmen_Architektur_Prag_aussen_WP-227x300.jpg 227w, https:\/\/www.vangraaf.com\/hu\/wp-content\/uploads\/sites\/3\/2021\/05\/Unternehmen_Architektur_Prag_aussen_WP-480x636.jpg 480w\" sizes=\"(max-width: 555px) 100vw, 555px\" \/><\/div><\/div><div class=\"vice-versa-teaser__item__content-wrap vc_col-xs-12 vc_col-sm-6 vc_col-md-4 vc_col-md-offset-1\"><div class=\"vice-versa-teaser__item__content\"><p>Az \u00fczleteink egyben a n\u00e9vjegyk\u00e1rty\u00e1ink is. A VAN GRAAF egys\u00e9ges v\u00e1llalati arculat\u00e1ban lefektetett \u00e9p\u00edt\u00e9szeti ir\u00e1nyelveinknek megfelel\u0151en v\u00e1llalatcsoportunk mindegyik \u00fczlete egys\u00e9ges vizu\u00e1lis alapelvek szerint ker\u00fcl kialak\u00edt\u00e1sra. Ez vonatkozik a m\u00e1r messzir\u0151l j\u00f3l felismerhet\u0151, jellegzetes homlokzatokra, az ig\u00e9nyes t\u00e9rkialak\u00edt\u00e1sra \u00e9s bels\u0151\u00e9p\u00edt\u00e9szeti elemekre is.<\/p><\/div><\/div><\/div><\/div><div class=\"vg-element vice-versa-teaser__item vice-versa-teaser__item--right\"><div class=\"vc_row vc_row-flex\"><div class=\"vc_col-xs-12 vc_col-sm-6 vc_col-sm-push-6\"><div class=\"vice-versa-teaser__item__image-wrap\"><img loading=\"lazy\" decoding=\"async\" width=\"555\" height=\"735\" src=\"https:\/\/www.vangraaf.com\/hu\/wp-content\/uploads\/sites\/3\/2021\/05\/Unternehmen_Architektur_Prag_WP.jpg\" class=\"attachment-van-graaf-vice-versa-teaser size-van-graaf-vice-versa-teaser\" alt=\"\" srcset=\"https:\/\/www.vangraaf.com\/hu\/wp-content\/uploads\/sites\/3\/2021\/05\/Unternehmen_Architektur_Prag_WP.jpg 555w, https:\/\/www.vangraaf.com\/hu\/wp-content\/uploads\/sites\/3\/2021\/05\/Unternehmen_Architektur_Prag_WP-227x300.jpg 227w, https:\/\/www.vangraaf.com\/hu\/wp-content\/uploads\/sites\/3\/2021\/05\/Unternehmen_Architektur_Prag_WP-480x636.jpg 480w\" sizes=\"(max-width: 555px) 100vw, 555px\" \/><\/div><\/div><div class=\"vice-versa-teaser__item__content-wrap vc_col-xs-12 vc_col-sm-6 vc_col-md-4 vc_col-md-offset-1 vc_col-sm-pull-6\"><div class=\"vice-versa-teaser__item__content\"><p>A t\u00f6rt\u00e9nelmi \u00e9p\u00fcletekben \u00e9s a reprezentat\u00edvan modern bev\u00e1s\u00e1rl\u00f3k\u00f6zpontokban tal\u00e1lhat\u00f3 \u00fczleteinkben egyar\u00e1nt a nagyvonal\u00fa elad\u00f3tereket felsorakoztat\u00f3, letisztult bels\u0151\u00e9p\u00edt\u00e9szeti koncepci\u00f3nkat val\u00f3s\u00edtjuk meg.<\/p><\/div><\/div><\/div><\/div><\/div><\/div><\/div>[\/vc_column][\/vc_row][vc_row][vc_column][vc_column_text]\r\n<p style=\"text-align: center\"><a class=\"button\" href=\"https:\/\/www.vangraaf.com\/hu\/vallalat\/tenyek\/#stores\">A VAN GRAAF \u00fczletekhez<\/a><\/p>\r\n[\/vc_column_text][\/vc_column][\/vc_row][vc_row][vc_column]\n        <div class=\"headlines headlines--center\" data-aos=\"fade-up\">\n            <div class=\"vc_row\">\n                <div class=\"vc_col-md-10 vc_col-md-offset-1 vc_col-lg-10 vc_col-lg-offset-1\"><span class=\"h6\">\u00c9p\u00edt\u00e9szet<\/span><h2 class=\"h2\">Otthonos \u00e9s bar\u00e1ts\u00e1gos elad\u00f3t\u00e9r<\/h2><\/div>\n            <\/div>\n        <\/div>[vc_column_text]\u00dczleteink vil\u00e1gos, j\u00f3l \u00e1ttekinthet\u0151 \u00e9s h\u00edvogat\u00f3 divatvil\u00e1g\u00e1ban l\u00e1togat\u00f3ink k\u00f6nnyed\u00e9n kiismerhetik magukat, hiszen minden az \u0151 kellemes id\u0151t\u00f6lt\u00e9s\u00fcket szolg\u00e1lja. A m\u0171szaki \u00e9s \u00e9p\u00edt\u00e9szeti kialak\u00edt\u00e1st\u00f3l kezdve, eg\u00e9szen a b\u00fatorokig, egyetlen r\u00e9szletet sem b\u00edzunk a v\u00e9letlenre. Bels\u0151\u00e9p\u00edt\u00e9szeink nagy figyelmet ford\u00edtanak \u00fczleteink \u00e1tfog\u00f3 kialak\u00edt\u00e1s\u00e1nak megtervez\u00e9s\u00e9re \u00e9s megval\u00f3s\u00edt\u00e1s\u00e1ra is, \u00edgy \u00fczleteink minden egyes r\u00e9szlete pontos kivitelez\u00e9sr\u0151l tan\u00faskodik. Az \u00fczleteinkben alkalmazott alapanyagokat szint\u00e9n vil\u00e1gos elvek alapj\u00e1n v\u00e1logatjuk \u00f6ssze. A min\u0151s\u00e9gi f\u00e1b\u00f3l \u00e9s term\u00e9szetes k\u0151b\u0151l k\u00e9sz\u00fclt padl\u00f3burkolatok, a kellemes f\u00e9nyviszonyokat teremt\u0151 vil\u00e1g\u00edt\u00e1s \u00e9s a st\u00edlusos b\u00fatorok egyt\u0151l egyig hozz\u00e1j\u00e1rulnak \u00fczleteink k\u00fcl\u00f6nleges kisug\u00e1rz\u00e1s\u00e1hoz \u00e9s ig\u00e9nyes, otthonos l\u00e9gk\u00f6rt teremtenek.[\/vc_column_text]\n        <div class=\"headlines headlines--center\" data-aos=\"fade-up\">\n            <div class=\"vc_row\">\n                <div class=\"vc_col-md-10 vc_col-md-offset-1 vc_col-lg-10 vc_col-lg-offset-1\"><span class=\"h6\">\u00c9p\u00edt\u00e9szet<\/span><h2 class=\"h2\">Lelkes\u00edt\u0151 l\u00e9gk\u00f6r<\/h2><\/div>\n            <\/div>\n        <\/div>[vc_column_text]A stresszmentes v\u00e1s\u00e1rl\u00e1s \u00e9s n\u00e9zel\u0151d\u00e9s, az \u00faj divat\u00f6tletekb\u0151l val\u00f3 ihletmer\u00edt\u00e9s \u00e9s a legjobb darabok felfedez\u00e9s\u00e9nek \u00f6r\u00f6me \u2013 vagyis a sikeres v\u00e1s\u00e1rl\u00e1s, mint \u00e9lm\u00e9ny kiz\u00e1r\u00f3lag kellemes l\u00e9gk\u00f6rben lehets\u00e9ges. Ez\u00e9rt \u00fczleteinkben k\u00e9nyelmes pihen\u0151szigeteket is kialak\u00edtottunk, ahol v\u00e1s\u00e1rl\u00f3ink kellemes sz\u00fcneteket \u00e9s pihen\u0151ket iktathatnak be. \u00dczleteinkben ide\u00e1lis h\u0151m\u00e9rs\u00e9kleti \u00e9s f\u00e9nyviszonyok v\u00e1rj\u00e1k a l\u00e1togat\u00f3kat, \u00e9s rendezett \u00e1ruprezent\u00e1ci\u00f3r\u00f3l \u00e9s kellemes zen\u00e9r\u0151l is gondoskodunk. Divatkollekci\u00f3ink, outfit \u00f6tleteink \u00e9s styling javaslataink lehet\u0151 legkedvez\u0151bb bemutat\u00e1s\u00e1r\u00f3l professzion\u00e1lis visual merchandising csapatunk gondoskodik. Az \u0151 feladatuk kirakataink berendez\u00e9se \u00e9s a v\u00e1laszt\u00e9kunk t\u00f6k\u00e9letes prezent\u00e1ci\u00f3ja is. Arr\u00f3l, hogy a v\u00e1s\u00e1rl\u00e1s a VAN GRAAF-n\u00e1l igazi \u00e9lm\u00e9ny legyen, m\u00e9gis nem utols\u00f3sorban a munkat\u00e1rsaink \u00e1ltal ny\u00fajtott szem\u00e9lyes tan\u00e1csad\u00e1s \u00e9s az \u00e1tfog\u00f3 szolg\u00e1ltat\u00e1si palett\u00e1nk gondoskodik.\r\n<p style=\"text-align: center\"><a class=\"button\" href=\"https:\/\/www.vangraaf.com\/hu\/divathazaink\/\" target=\"_blank\" rel=\"noopener\">Szolg\u00e1ltat\u00e1saink<\/a><\/p>\r\n[\/vc_column_text][\/vc_column][\/vc_row]<\/div>","protected":false},"excerpt":{"rendered":"[vc_row bwd_tbc4vd_show_weekday=&#8221;&#8221; full_width=&#8221;stretch_row_content_no_spaces&#8221;][vc_column][vc_column_text] Mindent megtesz\u00fcnk az\u00e9rt, hogy v\u00e1s\u00e1rl\u00f3inknak \u00fczleteinkben egyed\u00fcl\u00e1ll\u00f3 v\u00e1s\u00e1rl\u00e1si \u00e9lm\u00e9nyben legyen r\u00e9sze. V\u00e1s\u00e1rl\u00f3ink a legkellemesebb v\u00e1s\u00e1rl\u00e1si \u00e9lm\u00e9nyt term\u00e9szetesen a legink\u00e1bb \u00fczleteinkben tapasztalhatj\u00e1k meg, hiszen itt \u00e9lhetik \u00e1t szem\u00e9lyesen a divat \u00e9s az emberek ir\u00e1nti lelkesed\u00e9s\u00fcnket. Az els\u0151 benyom\u00e1sr\u00f3l \u00fczleteink m\u00e1r messzir\u0151l j\u00f3l felismerhet\u0151 \u00e9p\u00edt\u00e9szeti kialak\u00edt\u00e1sa gondoskodik, amelyre kezdett\u0151l fogva a lehet\u0151 legnagyobb s\u00falyt [&hellip;]","protected":false},"author":6,"featured_media":0,"parent":5879,"menu_order":0,"comment_status":"closed","ping_status":"closed","template":"","meta":{"_acf_changed":false,"inline_featured_image":false,"footnotes":""},"class_list":["post-5886","page","type-page","status-publish","hentry"],"acf":[],"yoast_head":"<!-- This site is optimized with the Yoast SEO plugin v27.2 - https:\/\/yoast.com\/product\/yoast-seo-wordpress\/ -->\n<title>VAN GRAAF Magyarorsz\u00e1g - \u00c9p\u00edt\u00e9szet<\/title>\n<meta name=\"description\" content=\"Mindent megtesz\u00fcnk az\u00e9rt, hogy v\u00e1s\u00e1rl\u00f3inknak \u00fczleteinkben egyed\u00fcl\u00e1ll\u00f3 v\u00e1s\u00e1rl\u00e1si \u00e9lm\u00e9nyben legyen r\u00e9sze.\" \/>\n<meta name=\"robots\" content=\"index, follow, max-snippet:-1, max-image-preview:large, max-video-preview:-1\" \/>\n<link rel=\"canonical\" href=\"https:\/\/www.vangraaf.com\/hu\/vallalat\/a-vallalatcsoport\/epiteszet\/\" \/>\n<meta property=\"og:locale\" content=\"hu_HU\" \/>\n<meta property=\"og:type\" content=\"article\" \/>\n<meta property=\"og:title\" content=\"VAN GRAAF Magyarorsz\u00e1g - \u00c9p\u00edt\u00e9szet\" \/>\n<meta property=\"og:description\" content=\"Mindent megtesz\u00fcnk az\u00e9rt, hogy v\u00e1s\u00e1rl\u00f3inknak \u00fczleteinkben egyed\u00fcl\u00e1ll\u00f3 v\u00e1s\u00e1rl\u00e1si \u00e9lm\u00e9nyben legyen r\u00e9sze.\" \/>\n<meta property=\"og:url\" content=\"https:\/\/www.vangraaf.com\/hu\/vallalat\/a-vallalatcsoport\/epiteszet\/\" \/>\n<meta property=\"og:site_name\" content=\"VAN GRAAF Magyarorsz\u00e1g\" \/>\n<meta property=\"article:modified_time\" content=\"2021-07-19T11:48:44+00:00\" \/>\n<meta name=\"twitter:card\" content=\"summary_large_image\" \/>\n<meta name=\"twitter:label1\" content=\"Becs\u00fclt olvas\u00e1si id\u0151\" \/>\n\t<meta name=\"twitter:data1\" content=\"2 perc\" \/>\n<script type=\"application\/ld+json\" class=\"yoast-schema-graph\">{\"@context\":\"https:\/\/schema.org\",\"@graph\":[{\"@type\":\"WebPage\",\"@id\":\"https:\/\/www.vangraaf.com\/hu\/vallalat\/a-vallalatcsoport\/epiteszet\/\",\"url\":\"https:\/\/www.vangraaf.com\/hu\/vallalat\/a-vallalatcsoport\/epiteszet\/\",\"name\":\"VAN GRAAF Magyarorsz\u00e1g - \u00c9p\u00edt\u00e9szet\",\"isPartOf\":{\"@id\":\"https:\/\/www.vangraaf.com\/hu\/#website\"},\"datePublished\":\"2021-06-29T12:54:15+00:00\",\"dateModified\":\"2021-07-19T11:48:44+00:00\",\"description\":\"Mindent megtesz\u00fcnk az\u00e9rt, hogy v\u00e1s\u00e1rl\u00f3inknak \u00fczleteinkben egyed\u00fcl\u00e1ll\u00f3 v\u00e1s\u00e1rl\u00e1si \u00e9lm\u00e9nyben legyen r\u00e9sze.\",\"breadcrumb\":{\"@id\":\"https:\/\/www.vangraaf.com\/hu\/vallalat\/a-vallalatcsoport\/epiteszet\/#breadcrumb\"},\"inLanguage\":\"hu\",\"potentialAction\":[{\"@type\":\"ReadAction\",\"target\":[\"https:\/\/www.vangraaf.com\/hu\/vallalat\/a-vallalatcsoport\/epiteszet\/\"]}]},{\"@type\":\"BreadcrumbList\",\"@id\":\"https:\/\/www.vangraaf.com\/hu\/vallalat\/a-vallalatcsoport\/epiteszet\/#breadcrumb\",\"itemListElement\":[{\"@type\":\"ListItem\",\"position\":1,\"name\":\"Home\",\"item\":\"https:\/\/www.vangraaf.com\/hu\/\"},{\"@type\":\"ListItem\",\"position\":2,\"name\":\"V\u00e1llalat\",\"item\":\"https:\/\/www.vangraaf.com\/hu\/vallalat\/\"},{\"@type\":\"ListItem\",\"position\":3,\"name\":\"A v\u00e1llalatcsoport\",\"item\":\"https:\/\/www.vangraaf.com\/hu\/vallalat\/a-vallalatcsoport\/\"},{\"@type\":\"ListItem\",\"position\":4,\"name\":\"\u00c9p\u00edt\u00e9szet\"}]},{\"@type\":\"WebSite\",\"@id\":\"https:\/\/www.vangraaf.com\/hu\/#website\",\"url\":\"https:\/\/www.vangraaf.com\/hu\/\",\"name\":\"VAN GRAAF\",\"description\":\"VAN GRAAF\",\"potentialAction\":[{\"@type\":\"SearchAction\",\"target\":{\"@type\":\"EntryPoint\",\"urlTemplate\":\"https:\/\/www.vangraaf.com\/hu\/?s={search_term_string}\"},\"query-input\":{\"@type\":\"PropertyValueSpecification\",\"valueRequired\":true,\"valueName\":\"search_term_string\"}}],\"inLanguage\":\"hu\"}]}<\/script>\n<!-- \/ Yoast SEO plugin. -->","yoast_head_json":{"title":"VAN GRAAF Magyarorsz\u00e1g - \u00c9p\u00edt\u00e9szet","description":"Mindent megtesz\u00fcnk az\u00e9rt, hogy v\u00e1s\u00e1rl\u00f3inknak \u00fczleteinkben egyed\u00fcl\u00e1ll\u00f3 v\u00e1s\u00e1rl\u00e1si \u00e9lm\u00e9nyben legyen r\u00e9sze.","robots":{"index":"index","follow":"follow","max-snippet":"max-snippet:-1","max-image-preview":"max-image-preview:large","max-video-preview":"max-video-preview:-1"},"canonical":"https:\/\/www.vangraaf.com\/hu\/vallalat\/a-vallalatcsoport\/epiteszet\/","og_locale":"hu_HU","og_type":"article","og_title":"VAN GRAAF Magyarorsz\u00e1g - \u00c9p\u00edt\u00e9szet","og_description":"Mindent megtesz\u00fcnk az\u00e9rt, hogy v\u00e1s\u00e1rl\u00f3inknak \u00fczleteinkben egyed\u00fcl\u00e1ll\u00f3 v\u00e1s\u00e1rl\u00e1si \u00e9lm\u00e9nyben legyen r\u00e9sze.","og_url":"https:\/\/www.vangraaf.com\/hu\/vallalat\/a-vallalatcsoport\/epiteszet\/","og_site_name":"VAN GRAAF Magyarorsz\u00e1g","article_modified_time":"2021-07-19T11:48:44+00:00","twitter_card":"summary_large_image","twitter_misc":{"Becs\u00fclt olvas\u00e1si id\u0151":"2 perc"},"schema":{"@context":"https:\/\/schema.org","@graph":[{"@type":"WebPage","@id":"https:\/\/www.vangraaf.com\/hu\/vallalat\/a-vallalatcsoport\/epiteszet\/","url":"https:\/\/www.vangraaf.com\/hu\/vallalat\/a-vallalatcsoport\/epiteszet\/","name":"VAN GRAAF Magyarorsz\u00e1g - \u00c9p\u00edt\u00e9szet","isPartOf":{"@id":"https:\/\/www.vangraaf.com\/hu\/#website"},"datePublished":"2021-06-29T12:54:15+00:00","dateModified":"2021-07-19T11:48:44+00:00","description":"Mindent megtesz\u00fcnk az\u00e9rt, hogy v\u00e1s\u00e1rl\u00f3inknak \u00fczleteinkben egyed\u00fcl\u00e1ll\u00f3 v\u00e1s\u00e1rl\u00e1si \u00e9lm\u00e9nyben legyen r\u00e9sze.","breadcrumb":{"@id":"https:\/\/www.vangraaf.com\/hu\/vallalat\/a-vallalatcsoport\/epiteszet\/#breadcrumb"},"inLanguage":"hu","potentialAction":[{"@type":"ReadAction","target":["https:\/\/www.vangraaf.com\/hu\/vallalat\/a-vallalatcsoport\/epiteszet\/"]}]},{"@type":"BreadcrumbList","@id":"https:\/\/www.vangraaf.com\/hu\/vallalat\/a-vallalatcsoport\/epiteszet\/#breadcrumb","itemListElement":[{"@type":"ListItem","position":1,"name":"Home","item":"https:\/\/www.vangraaf.com\/hu\/"},{"@type":"ListItem","position":2,"name":"V\u00e1llalat","item":"https:\/\/www.vangraaf.com\/hu\/vallalat\/"},{"@type":"ListItem","position":3,"name":"A v\u00e1llalatcsoport","item":"https:\/\/www.vangraaf.com\/hu\/vallalat\/a-vallalatcsoport\/"},{"@type":"ListItem","position":4,"name":"\u00c9p\u00edt\u00e9szet"}]},{"@type":"WebSite","@id":"https:\/\/www.vangraaf.com\/hu\/#website","url":"https:\/\/www.vangraaf.com\/hu\/","name":"VAN GRAAF","description":"VAN GRAAF","potentialAction":[{"@type":"SearchAction","target":{"@type":"EntryPoint","urlTemplate":"https:\/\/www.vangraaf.com\/hu\/?s={search_term_string}"},"query-input":{"@type":"PropertyValueSpecification","valueRequired":true,"valueName":"search_term_string"}}],"inLanguage":"hu"}]}},"_links":{"self":[{"href":"https:\/\/www.vangraaf.com\/hu\/wp-json\/wp\/v2\/pages\/5886","targetHints":{"allow":["GET"]}}],"collection":[{"href":"https:\/\/www.vangraaf.com\/hu\/wp-json\/wp\/v2\/pages"}],"about":[{"href":"https:\/\/www.vangraaf.com\/hu\/wp-json\/wp\/v2\/types\/page"}],"author":[{"embeddable":true,"href":"https:\/\/www.vangraaf.com\/hu\/wp-json\/wp\/v2\/users\/6"}],"replies":[{"embeddable":true,"href":"https:\/\/www.vangraaf.com\/hu\/wp-json\/wp\/v2\/comments?post=5886"}],"version-history":[{"count":5,"href":"https:\/\/www.vangraaf.com\/hu\/wp-json\/wp\/v2\/pages\/5886\/revisions"}],"predecessor-version":[{"id":6068,"href":"https:\/\/www.vangraaf.com\/hu\/wp-json\/wp\/v2\/pages\/5886\/revisions\/6068"}],"up":[{"embeddable":true,"href":"https:\/\/www.vangraaf.com\/hu\/wp-json\/wp\/v2\/pages\/5879"}],"wp:attachment":[{"href":"https:\/\/www.vangraaf.com\/hu\/wp-json\/wp\/v2\/media?parent=5886"}],"curies":[{"name":"wp","href":"https:\/\/api.w.org\/{rel}","templated":true}]}}