{"id":5884,"date":"2021-06-29T14:53:58","date_gmt":"2021-06-29T12:53:58","guid":{"rendered":"https:\/\/www.vangraaf.com\/hu\/?page_id=5884"},"modified":"2021-07-19T14:16:38","modified_gmt":"2021-07-19T12:16:38","slug":"kimagaslo-divatkompetencia","status":"publish","type":"page","link":"https:\/\/www.vangraaf.com\/hu\/vallalat\/a-vallalatcsoport\/kimagaslo-divatkompetencia\/","title":{"rendered":"Kimagasl\u00f3 divatkompetencia"},"content":{"rendered":"<div class=\"wpb-content-wrapper\">[vc_row bwd_tbc4vd_show_weekday=&#8221;&#8221; full_width=&#8221;stretch_row_content_no_spaces&#8221;][vc_column]<div class=\"keyvisual\" data-aos=\"fade-up\" ><img loading=\"lazy\" decoding=\"async\" width=\"1440\" height=\"480\" src=\"https:\/\/www.vangraaf.com\/hu\/wp-content\/uploads\/sites\/3\/2021\/05\/Unternehmen_Modekompetenz_Banner_WP.jpg\" class=\"vc_single_image-img\" alt=\"\" srcset=\"https:\/\/www.vangraaf.com\/hu\/wp-content\/uploads\/sites\/3\/2021\/05\/Unternehmen_Modekompetenz_Banner_WP.jpg 1440w, https:\/\/www.vangraaf.com\/hu\/wp-content\/uploads\/sites\/3\/2021\/05\/Unternehmen_Modekompetenz_Banner_WP-300x100.jpg 300w, https:\/\/www.vangraaf.com\/hu\/wp-content\/uploads\/sites\/3\/2021\/05\/Unternehmen_Modekompetenz_Banner_WP-1024x341.jpg 1024w, https:\/\/www.vangraaf.com\/hu\/wp-content\/uploads\/sites\/3\/2021\/05\/Unternehmen_Modekompetenz_Banner_WP-768x256.jpg 768w, https:\/\/www.vangraaf.com\/hu\/wp-content\/uploads\/sites\/3\/2021\/05\/Unternehmen_Modekompetenz_Banner_WP-1200x400.jpg 1200w, https:\/\/www.vangraaf.com\/hu\/wp-content\/uploads\/sites\/3\/2021\/05\/Unternehmen_Modekompetenz_Banner_WP-992x331.jpg 992w, https:\/\/www.vangraaf.com\/hu\/wp-content\/uploads\/sites\/3\/2021\/05\/Unternehmen_Modekompetenz_Banner_WP-480x160.jpg 480w, https:\/\/www.vangraaf.com\/hu\/wp-content\/uploads\/sites\/3\/2021\/05\/Unternehmen_Modekompetenz_Banner_WP-690x230.jpg 690w\" sizes=\"(max-width: 1440px) 100vw, 1440px\" \/><\/div>\n        <div class=\"headlines headlines--center\" data-aos=\"fade-up\">\n            <div class=\"vc_row\">\n                <div class=\"vc_col-md-10 vc_col-md-offset-1 vc_col-lg-10 vc_col-lg-offset-1\"><span class=\"h6\">Kimagasl\u00f3 divatkompetencia<\/span><h1 class=\"h2\">Szolg\u00e1ltat\u00e1sok &amp; lelkesed\u00e9s<\/h1><\/div>\n            <\/div>\n        <\/div>[vc_column_text]\r\n<p style=\"text-align: center\">A kompromisszummentes ig\u00e9nyess\u00e9g minden vonatkoz\u00e1sban filoz\u00f3fi\u00e1nk \u00e9s egyben siker\u00fcnk kulcsa is, amely divatv\u00e1laszt\u00e9kunk kiv\u00e1laszt\u00e1s\u00e1t\u00f3l kezdve eg\u00e9szen az \u00fczleteinkben k\u00edn\u00e1lt sz\u00e9les szolg\u00e1ltat\u00e1si palett\u00e1nkig \u00e9rv\u00e9nyes\u00fcl. Nagy s\u00falyt fektet\u00fcnk munkat\u00e1rsaink szaktud\u00e1s\u00e1ra is, hiszen \u0151k azok, akik szaktud\u00e1sukkal, magabiztos divatst\u00edlusukkal \u00e9s trendismereteikkel nem csak az \u00e9rt\u00e9kes\u00edt\u00e9sben, hanem c\u00e9g\u00fcnk minden egyes m\u00e1s ter\u00fclet\u00e9n is megalapozz\u00e1k v\u00e1llalatunk siker\u00e9t. A megalap\u00edt\u00e1sunk \u00f3ta, vagyis m\u00e1r t\u00f6bb mint sz\u00e1z \u00e9ve az alapos szaktud\u00e1s, az \u00e9rezhet\u0151 lelkesed\u00e9s, valamint az ig\u00e9nyes \u00e9s soksz\u00edn\u0171 v\u00e1laszt\u00e9k kombin\u00e1ci\u00f3ja alkotja v\u00e1llalatcsoportunk kiv\u00e9teles vonzerej\u00e9t.<\/p>\r\n\u00dczleteink j\u00f3l bev\u00e1lt koncepci\u00f3 alapj\u00e1n szakr\u00e9szlegekb\u0151l \u00e9p\u00fclnek fel. Az egyes r\u00e9szlegeket a v\u00e1laszt\u00e9kunk egyes ter\u00fcletei \u2013 pl. \u00f6lt\u00f6ny\u00f6k, zak\u00f3k, ruh\u00e1k vagy nadr\u00e1gok \u2013 alapj\u00e1n vil\u00e1gos rendez\u0151elv szerint osztjuk fel, \u00e9s mindegyik r\u00e9szleg\u00fcnk\u00f6n hatalmas v\u00e1laszt\u00e9kot k\u00edn\u00e1lunk m\u00e9retekb\u0151l, fazonokb\u00f3l, anyagokb\u00f3l \u00e9s m\u00e1rk\u00e1kb\u00f3l. V\u00e1s\u00e1rl\u00f3ink sz\u00e1m\u00e1ra igyeksz\u00fcnk a lehet\u0151 legjobb \u00e1ttekint\u00e9st, a legsz\u00ednesebb v\u00e1laszt\u00e9kot \u00e9s szakszer\u0171 tan\u00e1csad\u00e1st ny\u00fajtani, hiszen mindegyik elad\u00f3nk kiv\u00e1l\u00f3an ismeri saj\u00e1t r\u00e9szlege k\u00edn\u00e1lat\u00e1t \u00e9s r\u00e9szletes szakismeretekkel rendelkezik az adott ter\u00fcleten. Ugyanez vonatkozik beszerz\u0151inkre is, akik m\u00e1r a kollekci\u00f3k \u00f6ssze\u00e1ll\u00edt\u00e1sakor szakszer\u0171 elvek alapj\u00e1n \u00e9p\u00edtik fel az egyes r\u00e9szter\u00fcletek k\u00edn\u00e1lat\u00e1t.\r\n<p style=\"text-align: center\"><a class=\"button\" href=\"https:\/\/www.vangraaf.com\/hu\/tanacsadas-stilus\/divatreszlegeink\/\" target=\"_blank\" rel=\"noopener\">Szakr\u00e9szlegeink<\/a><\/p>\r\n[\/vc_column_text][\/vc_column][\/vc_row][vc_row][vc_column]\n        <div class=\"headlines headlines--center\" data-aos=\"fade-up\">\n            <div class=\"vc_row\">\n                <div class=\"vc_col-md-10 vc_col-md-offset-1 vc_col-lg-10 vc_col-lg-offset-1\"><span class=\"h6\">Kimagasl\u00f3 divatkompetencia<\/span><h2 class=\"h2\">A mag\u00e1val ragad\u00f3 soksz\u00edn\u0171s\u00e9g<\/h2><\/div>\n            <\/div>\n        <\/div>[vc_column_text]Klasszikus vagy trendi, lezser vagy exkluz\u00edv \u2013 n\u00e1lunk egyed\u00fcl\u00e1ll\u00f3an gazdag v\u00e1laszt\u00e9kot tal\u00e1l az egyes st\u00edlusokb\u00f3l \u00e9s a legk\u00fcl\u00f6nf\u00e9l\u00e9bb alkalmakra. Szinte egyetlen m\u00e1s divat\u00fczlet sem k\u00edn\u00e1l ekkora v\u00e1laszt\u00e9kot n\u0151knek, f\u00e9rfiaknak \u00e9s gyermekeknek a m\u00e9retek, fazonok, sz\u00ednek, trendek \u00e9s \u00e1rkateg\u00f3ri\u00e1k ter\u00e9n. Kiv\u00e9telesen gazdag m\u00e1rkav\u00e1laszt\u00e9kot tartunk, hiszen \u00fczleteink v\u00e1laszt\u00e9ka k\u00f6zel 300 vezet\u0151 divatm\u00e1rk\u00e1t \u00e9s nemzetk\u00f6zi kollekci\u00f3it foglal mag\u00e1ba: az Armanit\u00f3l eg\u00e9szen a Zaffiri-ig. Ezen t\u00falmen\u0151en \u2013 kiz\u00e1r\u00f3lag a VAN GRAAF-n\u00e1l kaphat\u00f3 \u2013 trendbiztos, min\u0151s\u00e9gi \u00e9s kimondottan kedvez\u0151 \u00e1r-\u00e9rt\u00e9k ar\u00e1ny\u00fa divatm\u00e1rk\u00e1k eg\u00e9sz sor\u00e1t is k\u00edn\u00e1ljuk, mint p\u00e9ld\u00e1ul a Marie Lundot, a Franco Callegarit \u00e9s az Apriorit a h\u00f6lgyeknek, vagy a Finshley&amp;Hardingot \u00e9s a Nils Sundstr\u00f6m\u00f6t a f\u00e9rfiaknak. A VAN GRAAF \u00fczletekben \u00e9s a VANGRAAF.COM-on val\u00f3 v\u00e1s\u00e1rl\u00e1st nem utols\u00f3sorban a folyamatosan meg\u00fajul\u00f3 outfit \u00f6tletek \u00e9s styling javaslatok teszik igazi \u00e9lm\u00e9nny\u00e9.[\/vc_column_text]<div class=\"vg-element brand-slider brand-slider--light\" data-aos=\"fade-up\"><div class=\"brand-slider__inner\"><div class=\"brand-slider__slider js-brand-slider\"><div class=\"brand-slider__slider__item\"><a href=\"https:\/\/www.vangraaf.com\/hu\/markaink\/adidas-originals\/\" title=\"adidas Originals\"><img loading=\"lazy\" decoding=\"async\" width=\"1\" height=\"1\" src=\"https:\/\/www.vangraaf.com\/hu\/wp-content\/uploads\/sites\/3\/2020\/03\/Adidas_Logo_grau_OK.svg\" class=\"attachment-full size-full\" alt=\"\" \/><\/a><\/div><div class=\"brand-slider__slider__item\"><a href=\"https:\/\/www.vangraaf.com\/hu\/markaink\/tommy-hilfiger\/\" title=\"Tommy Hilfiger\"><img loading=\"lazy\" decoding=\"async\" width=\"1\" height=\"1\" src=\"https:\/\/www.vangraaf.com\/hu\/wp-content\/uploads\/sites\/3\/2020\/03\/Tommy_Hilfiger_4c_grau_OK.svg\" class=\"attachment-full size-full\" alt=\"\" \/><\/a><\/div><div class=\"brand-slider__slider__item\"><a href=\"https:\/\/www.vangraaf.com\/hu\/markaink\/champion\/\" title=\"Champion\"><img loading=\"lazy\" decoding=\"async\" width=\"1\" height=\"1\" src=\"https:\/\/www.vangraaf.com\/hu\/wp-content\/uploads\/sites\/3\/2020\/03\/Champion_Logo_grau_OK.svg\" class=\"attachment-full size-full\" alt=\"\" \/><\/a><\/div><div class=\"brand-slider__slider__item\"><a href=\"https:\/\/www.vangraaf.com\/hu\/markaink\/fila\/\" title=\"FILA\"><img loading=\"lazy\" decoding=\"async\" width=\"1\" height=\"1\" src=\"https:\/\/www.vangraaf.com\/hu\/wp-content\/uploads\/sites\/3\/2020\/03\/Fila-Logo-grau_OK.svg\" class=\"attachment-full size-full\" alt=\"\" \/><\/a><\/div><div class=\"brand-slider__slider__item\"><a href=\"https:\/\/www.vangraaf.com\/hu\/markaink\/tom-tailor\/\" title=\"TOM TAILOR\"><img loading=\"lazy\" decoding=\"async\" width=\"1\" height=\"1\" src=\"https:\/\/www.vangraaf.com\/hu\/wp-content\/uploads\/sites\/3\/2020\/03\/Tom_Tailor_Logo_grau_OK.svg\" class=\"attachment-full size-full\" alt=\"\" \/><\/a><\/div><div class=\"brand-slider__slider__item\"><a href=\"https:\/\/www.vangraaf.com\/hu\/markaink\/boss\/\" title=\"BOSS\"><img loading=\"lazy\" decoding=\"async\" width=\"1\" height=\"1\" src=\"https:\/\/www.vangraaf.com\/hu\/wp-content\/uploads\/sites\/3\/2020\/03\/Boss_Logo_grau_OK.svg\" class=\"attachment-full size-full\" alt=\"\" \/><\/a><\/div><div class=\"brand-slider__slider__item\"><a href=\"https:\/\/www.vangraaf.com\/hu\/markaink\/armani-exchange\/\" title=\"Armani Exchange\"><img loading=\"lazy\" decoding=\"async\" width=\"1\" height=\"1\" src=\"https:\/\/www.vangraaf.com\/hu\/wp-content\/uploads\/sites\/3\/2020\/03\/Armani-Exchange-Logo-grau_OK.svg\" class=\"attachment-full size-full\" alt=\"\" \/><\/a><\/div><div class=\"brand-slider__slider__item\"><a href=\"https:\/\/www.vangraaf.com\/hu\/markaink\/finshley-harding\/\" title=\"Finshley &amp; Harding\"><img loading=\"lazy\" decoding=\"async\" width=\"1\" height=\"1\" src=\"https:\/\/www.vangraaf.com\/hu\/wp-content\/uploads\/sites\/3\/2020\/03\/Finsley_Harding_Logo_grau_OK.svg\" class=\"attachment-full size-full\" alt=\"\" \/><\/a><\/div><\/div><\/div><\/div>[\/vc_column][\/vc_row][vc_row][vc_column][vc_column_text]\r\n<p style=\"text-align: center\"><a class=\"button\" href=\"https:\/\/www.vangraaf.com\/hu\/markaink\/\" target=\"_blank\" rel=\"noopener\">M\u00e1rkav\u00e1laszt\u00e9kunk<\/a><\/p>\r\n[\/vc_column_text][\/vc_column][\/vc_row][vc_row][vc_column]\n        <div class=\"headlines headlines--center\" data-aos=\"fade-up\">\n            <div class=\"vc_row\">\n                <div class=\"vc_col-md-10 vc_col-md-offset-1 vc_col-lg-10 vc_col-lg-offset-1\"><span class=\"h6\">J\u00f6v\u0151k\u00e9p\u00fcnk<\/span><h2 class=\"h2\">A divat \u00e9s az emberek ir\u00e1nti szeretet vezet minket<\/h2><\/div>\n            <\/div>\n        <\/div>[vc_column_text]A divat szeretete a g\u00e9njeinkbe van k\u00f3dolva. 1911 \u00f3ta nev\u00fcnk egybeforrott a min\u0151s\u00e9ggel, a trendek biztos felismer\u00e9s\u00e9vel \u00e9s az els\u0151 oszt\u00e1ly\u00fa kollekci\u00f3kkal. A divat \u00e9s az emberek szeretete vezet minket nap mint nap. \u00c9rdekl\u0151d\u00fcnk v\u00e1s\u00e1rl\u00f3ink k\u00edv\u00e1ns\u00e1gai ir\u00e1nt, \u00e9s a lehet\u0151 legjobb divattan\u00e1csad\u00e1st \u00e9s teljesen egy\u00e9ni outfit megold\u00e1sokat szeretn\u00e9nk sz\u00e1mukra ny\u00fajtani. Hogyan? A lehet\u0151 st\u00edlusosabb szettek \u00f6ssze\u00e1ll\u00edt\u00e1s\u00e1val, rengeteg inspir\u00e1ci\u00f3t ny\u00fajt\u00f3 \u00e1ruprezent\u00e1ci\u00f3kkal, \u00e9s a t\u00f6k\u00e9letes fazont\u00f3l eg\u00e9szen a legaktu\u00e1lisabb styling \u00f6tleteket terjed\u0151 szakszer\u0171 \u00e9s szem\u00e9lyes tan\u00e1csad\u00e1ssal.\r\n\r\n<b>A vez\u00e9relveink c\u00e9lja, hogy v\u00e1s\u00e1rl\u00f3inknak nap mint nap \u00e9s minden szempontb\u00f3l a lehet\u0151 legjobb szolg\u00e1ltat\u00e1st ny\u00fajtsuk:<\/b>\r\n<ul>\r\n \t<li>A legjobb kollekci\u00f3k \u00edzl\u00e9ses \u00e9s st\u00edlusos kiv\u00e1laszt\u00e1s\u00e1val<\/li>\r\n \t<li>Trendeket k\u00f6vet\u0151 outfit \u00f6tletekkel \u00e9s inspir\u00e1l\u00f3 l\u00e9gk\u00f6rrel<\/li>\r\n \t<li>Szakmailag magas szint\u0171, egy\u00e9ni tan\u00e1csad\u00e1ssal \u00e9s testreszabott szolg\u00e1ltat\u00e1sokkal<\/li>\r\n<\/ul>\r\n[\/vc_column_text][\/vc_column][\/vc_row][vc_row][vc_column]\n        <div class=\"headlines headlines--center\" data-aos=\"fade-up\">\n            <div class=\"vc_row\">\n                <div class=\"vc_col-md-10 vc_col-md-offset-1 vc_col-lg-10 vc_col-lg-offset-1\"><span class=\"h6\">Karrierlehet\u0151s\u00e9gek<\/span><h2 class=\"h2\">Szakmailag felk\u00e9sz\u00fclt munkat\u00e1rsak<\/h2><\/div>\n            <\/div>\n        <\/div>[vc_column_text]A VAN GRAAF hat eur\u00f3pai orsz\u00e1gban k\u00f6zel 800 munkat\u00e1rsat foglalkoztat. Nemzetk\u00f6zi szinten tev\u00e9kenyked\u0151 divatc\u00e9g\u00fcnkben az el\u0151rel\u00e9p\u00e9sre v\u00e1gy\u00f3 munkat\u00e1rsaink fejl\u0151d\u00e9s\u00e9nek szinte semmi sem szab hat\u00e1rt. Lelkes, a min\u0151s\u00e9get \u00e9s a divatot szeret\u0151 munkat\u00e1rsaink sz\u00e1m\u00e1ra kiv\u00e1l\u00f3 szakmai fejl\u0151d\u00e9si lehet\u0151s\u00e9geket biztos\u00edtunk.[\/vc_column_text]\n        <div class=\"vg-element promo-teaser promo-teaser--  promo-teaser--\" style=\"--season-color: #ffffff;\" data-aos=\"fade-up\">\n            <div class=\"vc_row vc_row-flex\">\n                <div class=\"vc_col-sm-6 promo-teaser__image\">\n                    <a class=\"\" href=\"https:\/\/www.vangraaf.com\/hu\/karrier\/\" target=\"_blank\" rel=\"\" style=\"\"><img loading=\"lazy\" decoding=\"async\" width=\"599\" height=\"549\" src=\"https:\/\/www.vangraaf.com\/hu\/wp-content\/uploads\/sites\/3\/2021\/05\/Unternehmen_Fakten_Karriere_WP.jpg\" class=\"vc_single_image-img\" alt=\"\" srcset=\"https:\/\/www.vangraaf.com\/hu\/wp-content\/uploads\/sites\/3\/2021\/05\/Unternehmen_Fakten_Karriere_WP.jpg 599w, https:\/\/www.vangraaf.com\/hu\/wp-content\/uploads\/sites\/3\/2021\/05\/Unternehmen_Fakten_Karriere_WP-300x275.jpg 300w, https:\/\/www.vangraaf.com\/hu\/wp-content\/uploads\/sites\/3\/2021\/05\/Unternehmen_Fakten_Karriere_WP-480x440.jpg 480w\" sizes=\"(max-width: 599px) 100vw, 599px\" \/><\/a>\n                <\/div>\n                <div class=\"vc_col-sm-6\">\n                    <div class=\"promo-teaser__content-wrapper\">\n                        <div class=\"promo-teaser__content promo-teaser__content--center\"><p>Itt tal\u00e1l \u00e1tfog\u00f3 inform\u00e1ci\u00f3kat a VAN GRAAF-n\u00e1l k\u00edn\u00e1lt karrierlehet\u0151s\u00e9gekr\u0151l \u00e9s aktu\u00e1lis \u00e1ll\u00e1shirdet\u00e9seinkr\u0151l:<\/p>\n<a class=\"button button--\" href=\"https:\/\/www.vangraaf.com\/hu\/karrier\/\" target=\"_blank\" rel=\"\" style=\"\">A VAN GRAAF aktu\u00e1lis \u00e1ll\u00e1saj\u00e1nlatai<\/a><\/div>\n                    <\/div>\n                <\/div>\n            <\/div>\n        <\/div>[\/vc_column][\/vc_row]<\/div>","protected":false},"excerpt":{"rendered":"[vc_row bwd_tbc4vd_show_weekday=&#8221;&#8221; full_width=&#8221;stretch_row_content_no_spaces&#8221;][vc_column][vc_column_text] A kompromisszummentes ig\u00e9nyess\u00e9g minden vonatkoz\u00e1sban filoz\u00f3fi\u00e1nk \u00e9s egyben siker\u00fcnk kulcsa is, amely divatv\u00e1laszt\u00e9kunk kiv\u00e1laszt\u00e1s\u00e1t\u00f3l kezdve eg\u00e9szen az \u00fczleteinkben k\u00edn\u00e1lt sz\u00e9les szolg\u00e1ltat\u00e1si palett\u00e1nkig \u00e9rv\u00e9nyes\u00fcl. Nagy s\u00falyt fektet\u00fcnk munkat\u00e1rsaink szaktud\u00e1s\u00e1ra is, hiszen \u0151k azok, akik szaktud\u00e1sukkal, magabiztos divatst\u00edlusukkal \u00e9s trendismereteikkel nem csak az \u00e9rt\u00e9kes\u00edt\u00e9sben, hanem c\u00e9g\u00fcnk minden egyes m\u00e1s ter\u00fclet\u00e9n is megalapozz\u00e1k v\u00e1llalatunk siker\u00e9t. [&hellip;]","protected":false},"author":6,"featured_media":0,"parent":5879,"menu_order":0,"comment_status":"closed","ping_status":"closed","template":"","meta":{"_acf_changed":false,"inline_featured_image":false,"footnotes":""},"class_list":["post-5884","page","type-page","status-publish","hentry"],"acf":[],"yoast_head":"<!-- This site is optimized with the Yoast SEO plugin v27.2 - https:\/\/yoast.com\/product\/yoast-seo-wordpress\/ -->\n<title>VAN GRAAF Magyarorsz\u00e1g - Kimagasl\u00f3 divatkompetencia<\/title>\n<meta name=\"description\" content=\"A kompromisszummentes ig\u00e9nyess\u00e9g minden vonatkoz\u00e1sban filoz\u00f3fi\u00e1nk \u00e9s egyben siker\u00fcnk kulcsa is, amely divatv\u00e1laszt\u00e9kunk kiv\u00e1laszt\u00e1s\u00e1t\u00f3l kezdve eg\u00e9szen az \u00fczleteinkben k\u00edn\u00e1lt sz\u00e9les szolg\u00e1ltat\u00e1si palett\u00e1nkig \u00e9rv\u00e9nyes\u00fcl.\" \/>\n<meta name=\"robots\" content=\"index, follow, max-snippet:-1, max-image-preview:large, max-video-preview:-1\" \/>\n<link rel=\"canonical\" href=\"https:\/\/www.vangraaf.com\/hu\/vallalat\/a-vallalatcsoport\/kimagaslo-divatkompetencia\/\" \/>\n<meta property=\"og:locale\" content=\"hu_HU\" \/>\n<meta property=\"og:type\" content=\"article\" \/>\n<meta property=\"og:title\" content=\"VAN GRAAF Magyarorsz\u00e1g - Kimagasl\u00f3 divatkompetencia\" \/>\n<meta property=\"og:description\" content=\"A kompromisszummentes ig\u00e9nyess\u00e9g minden vonatkoz\u00e1sban filoz\u00f3fi\u00e1nk \u00e9s egyben siker\u00fcnk kulcsa is, amely divatv\u00e1laszt\u00e9kunk kiv\u00e1laszt\u00e1s\u00e1t\u00f3l kezdve eg\u00e9szen az \u00fczleteinkben k\u00edn\u00e1lt sz\u00e9les szolg\u00e1ltat\u00e1si palett\u00e1nkig \u00e9rv\u00e9nyes\u00fcl.\" \/>\n<meta property=\"og:url\" content=\"https:\/\/www.vangraaf.com\/hu\/vallalat\/a-vallalatcsoport\/kimagaslo-divatkompetencia\/\" \/>\n<meta property=\"og:site_name\" content=\"VAN GRAAF Magyarorsz\u00e1g\" \/>\n<meta property=\"article:modified_time\" content=\"2021-07-19T12:16:38+00:00\" \/>\n<meta name=\"twitter:card\" content=\"summary_large_image\" \/>\n<meta name=\"twitter:label1\" content=\"Becs\u00fclt olvas\u00e1si id\u0151\" \/>\n\t<meta name=\"twitter:data1\" content=\"3 perc\" \/>\n<script type=\"application\/ld+json\" class=\"yoast-schema-graph\">{\"@context\":\"https:\/\/schema.org\",\"@graph\":[{\"@type\":\"WebPage\",\"@id\":\"https:\/\/www.vangraaf.com\/hu\/vallalat\/a-vallalatcsoport\/kimagaslo-divatkompetencia\/\",\"url\":\"https:\/\/www.vangraaf.com\/hu\/vallalat\/a-vallalatcsoport\/kimagaslo-divatkompetencia\/\",\"name\":\"VAN GRAAF Magyarorsz\u00e1g - Kimagasl\u00f3 divatkompetencia\",\"isPartOf\":{\"@id\":\"https:\/\/www.vangraaf.com\/hu\/#website\"},\"datePublished\":\"2021-06-29T12:53:58+00:00\",\"dateModified\":\"2021-07-19T12:16:38+00:00\",\"description\":\"A kompromisszummentes ig\u00e9nyess\u00e9g minden vonatkoz\u00e1sban filoz\u00f3fi\u00e1nk \u00e9s egyben siker\u00fcnk kulcsa is, amely divatv\u00e1laszt\u00e9kunk kiv\u00e1laszt\u00e1s\u00e1t\u00f3l kezdve eg\u00e9szen az \u00fczleteinkben k\u00edn\u00e1lt sz\u00e9les szolg\u00e1ltat\u00e1si palett\u00e1nkig \u00e9rv\u00e9nyes\u00fcl.\",\"breadcrumb\":{\"@id\":\"https:\/\/www.vangraaf.com\/hu\/vallalat\/a-vallalatcsoport\/kimagaslo-divatkompetencia\/#breadcrumb\"},\"inLanguage\":\"hu\",\"potentialAction\":[{\"@type\":\"ReadAction\",\"target\":[\"https:\/\/www.vangraaf.com\/hu\/vallalat\/a-vallalatcsoport\/kimagaslo-divatkompetencia\/\"]}]},{\"@type\":\"BreadcrumbList\",\"@id\":\"https:\/\/www.vangraaf.com\/hu\/vallalat\/a-vallalatcsoport\/kimagaslo-divatkompetencia\/#breadcrumb\",\"itemListElement\":[{\"@type\":\"ListItem\",\"position\":1,\"name\":\"Home\",\"item\":\"https:\/\/www.vangraaf.com\/hu\/\"},{\"@type\":\"ListItem\",\"position\":2,\"name\":\"V\u00e1llalat\",\"item\":\"https:\/\/www.vangraaf.com\/hu\/vallalat\/\"},{\"@type\":\"ListItem\",\"position\":3,\"name\":\"A v\u00e1llalatcsoport\",\"item\":\"https:\/\/www.vangraaf.com\/hu\/vallalat\/a-vallalatcsoport\/\"},{\"@type\":\"ListItem\",\"position\":4,\"name\":\"Kimagasl\u00f3 divatkompetencia\"}]},{\"@type\":\"WebSite\",\"@id\":\"https:\/\/www.vangraaf.com\/hu\/#website\",\"url\":\"https:\/\/www.vangraaf.com\/hu\/\",\"name\":\"VAN GRAAF\",\"description\":\"VAN GRAAF\",\"potentialAction\":[{\"@type\":\"SearchAction\",\"target\":{\"@type\":\"EntryPoint\",\"urlTemplate\":\"https:\/\/www.vangraaf.com\/hu\/?s={search_term_string}\"},\"query-input\":{\"@type\":\"PropertyValueSpecification\",\"valueRequired\":true,\"valueName\":\"search_term_string\"}}],\"inLanguage\":\"hu\"}]}<\/script>\n<!-- \/ Yoast SEO plugin. -->","yoast_head_json":{"title":"VAN GRAAF Magyarorsz\u00e1g - Kimagasl\u00f3 divatkompetencia","description":"A kompromisszummentes ig\u00e9nyess\u00e9g minden vonatkoz\u00e1sban filoz\u00f3fi\u00e1nk \u00e9s egyben siker\u00fcnk kulcsa is, amely divatv\u00e1laszt\u00e9kunk kiv\u00e1laszt\u00e1s\u00e1t\u00f3l kezdve eg\u00e9szen az \u00fczleteinkben k\u00edn\u00e1lt sz\u00e9les szolg\u00e1ltat\u00e1si palett\u00e1nkig \u00e9rv\u00e9nyes\u00fcl.","robots":{"index":"index","follow":"follow","max-snippet":"max-snippet:-1","max-image-preview":"max-image-preview:large","max-video-preview":"max-video-preview:-1"},"canonical":"https:\/\/www.vangraaf.com\/hu\/vallalat\/a-vallalatcsoport\/kimagaslo-divatkompetencia\/","og_locale":"hu_HU","og_type":"article","og_title":"VAN GRAAF Magyarorsz\u00e1g - Kimagasl\u00f3 divatkompetencia","og_description":"A kompromisszummentes ig\u00e9nyess\u00e9g minden vonatkoz\u00e1sban filoz\u00f3fi\u00e1nk \u00e9s egyben siker\u00fcnk kulcsa is, amely divatv\u00e1laszt\u00e9kunk kiv\u00e1laszt\u00e1s\u00e1t\u00f3l kezdve eg\u00e9szen az \u00fczleteinkben k\u00edn\u00e1lt sz\u00e9les szolg\u00e1ltat\u00e1si palett\u00e1nkig \u00e9rv\u00e9nyes\u00fcl.","og_url":"https:\/\/www.vangraaf.com\/hu\/vallalat\/a-vallalatcsoport\/kimagaslo-divatkompetencia\/","og_site_name":"VAN GRAAF Magyarorsz\u00e1g","article_modified_time":"2021-07-19T12:16:38+00:00","twitter_card":"summary_large_image","twitter_misc":{"Becs\u00fclt olvas\u00e1si id\u0151":"3 perc"},"schema":{"@context":"https:\/\/schema.org","@graph":[{"@type":"WebPage","@id":"https:\/\/www.vangraaf.com\/hu\/vallalat\/a-vallalatcsoport\/kimagaslo-divatkompetencia\/","url":"https:\/\/www.vangraaf.com\/hu\/vallalat\/a-vallalatcsoport\/kimagaslo-divatkompetencia\/","name":"VAN GRAAF Magyarorsz\u00e1g - Kimagasl\u00f3 divatkompetencia","isPartOf":{"@id":"https:\/\/www.vangraaf.com\/hu\/#website"},"datePublished":"2021-06-29T12:53:58+00:00","dateModified":"2021-07-19T12:16:38+00:00","description":"A kompromisszummentes ig\u00e9nyess\u00e9g minden vonatkoz\u00e1sban filoz\u00f3fi\u00e1nk \u00e9s egyben siker\u00fcnk kulcsa is, amely divatv\u00e1laszt\u00e9kunk kiv\u00e1laszt\u00e1s\u00e1t\u00f3l kezdve eg\u00e9szen az \u00fczleteinkben k\u00edn\u00e1lt sz\u00e9les szolg\u00e1ltat\u00e1si palett\u00e1nkig \u00e9rv\u00e9nyes\u00fcl.","breadcrumb":{"@id":"https:\/\/www.vangraaf.com\/hu\/vallalat\/a-vallalatcsoport\/kimagaslo-divatkompetencia\/#breadcrumb"},"inLanguage":"hu","potentialAction":[{"@type":"ReadAction","target":["https:\/\/www.vangraaf.com\/hu\/vallalat\/a-vallalatcsoport\/kimagaslo-divatkompetencia\/"]}]},{"@type":"BreadcrumbList","@id":"https:\/\/www.vangraaf.com\/hu\/vallalat\/a-vallalatcsoport\/kimagaslo-divatkompetencia\/#breadcrumb","itemListElement":[{"@type":"ListItem","position":1,"name":"Home","item":"https:\/\/www.vangraaf.com\/hu\/"},{"@type":"ListItem","position":2,"name":"V\u00e1llalat","item":"https:\/\/www.vangraaf.com\/hu\/vallalat\/"},{"@type":"ListItem","position":3,"name":"A v\u00e1llalatcsoport","item":"https:\/\/www.vangraaf.com\/hu\/vallalat\/a-vallalatcsoport\/"},{"@type":"ListItem","position":4,"name":"Kimagasl\u00f3 divatkompetencia"}]},{"@type":"WebSite","@id":"https:\/\/www.vangraaf.com\/hu\/#website","url":"https:\/\/www.vangraaf.com\/hu\/","name":"VAN GRAAF","description":"VAN GRAAF","potentialAction":[{"@type":"SearchAction","target":{"@type":"EntryPoint","urlTemplate":"https:\/\/www.vangraaf.com\/hu\/?s={search_term_string}"},"query-input":{"@type":"PropertyValueSpecification","valueRequired":true,"valueName":"search_term_string"}}],"inLanguage":"hu"}]}},"_links":{"self":[{"href":"https:\/\/www.vangraaf.com\/hu\/wp-json\/wp\/v2\/pages\/5884","targetHints":{"allow":["GET"]}}],"collection":[{"href":"https:\/\/www.vangraaf.com\/hu\/wp-json\/wp\/v2\/pages"}],"about":[{"href":"https:\/\/www.vangraaf.com\/hu\/wp-json\/wp\/v2\/types\/page"}],"author":[{"embeddable":true,"href":"https:\/\/www.vangraaf.com\/hu\/wp-json\/wp\/v2\/users\/6"}],"replies":[{"embeddable":true,"href":"https:\/\/www.vangraaf.com\/hu\/wp-json\/wp\/v2\/comments?post=5884"}],"version-history":[{"count":6,"href":"https:\/\/www.vangraaf.com\/hu\/wp-json\/wp\/v2\/pages\/5884\/revisions"}],"predecessor-version":[{"id":6077,"href":"https:\/\/www.vangraaf.com\/hu\/wp-json\/wp\/v2\/pages\/5884\/revisions\/6077"}],"up":[{"embeddable":true,"href":"https:\/\/www.vangraaf.com\/hu\/wp-json\/wp\/v2\/pages\/5879"}],"wp:attachment":[{"href":"https:\/\/www.vangraaf.com\/hu\/wp-json\/wp\/v2\/media?parent=5884"}],"curies":[{"name":"wp","href":"https:\/\/api.w.org\/{rel}","templated":true}]}}