{"id":5879,"date":"2021-06-29T14:53:24","date_gmt":"2021-06-29T12:53:24","guid":{"rendered":"https:\/\/www.vangraaf.com\/hu\/?page_id=5879"},"modified":"2021-10-21T13:30:11","modified_gmt":"2021-10-21T11:30:11","slug":"a-vallalatcsoport","status":"publish","type":"page","link":"https:\/\/www.vangraaf.com\/hu\/vallalat\/a-vallalatcsoport\/","title":{"rendered":"A v\u00e1llalatcsoport"},"content":{"rendered":"<div class=\"wpb-content-wrapper\">[vc_row bwd_tbc4vd_show_weekday=&#8221;&#8221; full_width=&#8221;stretch_row_content_no_spaces&#8221;][vc_column]<div class=\"keyvisual\" data-aos=\"fade-up\" ><img loading=\"lazy\" decoding=\"async\" width=\"1440\" height=\"480\" src=\"https:\/\/www.vangraaf.com\/hu\/wp-content\/uploads\/sites\/3\/2021\/05\/Unternehmen_Unternehmensgruppe_VG_Banner_WP.jpg\" class=\"vc_single_image-img\" alt=\"\" srcset=\"https:\/\/www.vangraaf.com\/hu\/wp-content\/uploads\/sites\/3\/2021\/05\/Unternehmen_Unternehmensgruppe_VG_Banner_WP.jpg 1440w, https:\/\/www.vangraaf.com\/hu\/wp-content\/uploads\/sites\/3\/2021\/05\/Unternehmen_Unternehmensgruppe_VG_Banner_WP-300x100.jpg 300w, https:\/\/www.vangraaf.com\/hu\/wp-content\/uploads\/sites\/3\/2021\/05\/Unternehmen_Unternehmensgruppe_VG_Banner_WP-1024x341.jpg 1024w, https:\/\/www.vangraaf.com\/hu\/wp-content\/uploads\/sites\/3\/2021\/05\/Unternehmen_Unternehmensgruppe_VG_Banner_WP-768x256.jpg 768w, https:\/\/www.vangraaf.com\/hu\/wp-content\/uploads\/sites\/3\/2021\/05\/Unternehmen_Unternehmensgruppe_VG_Banner_WP-1200x400.jpg 1200w, https:\/\/www.vangraaf.com\/hu\/wp-content\/uploads\/sites\/3\/2021\/05\/Unternehmen_Unternehmensgruppe_VG_Banner_WP-992x331.jpg 992w, https:\/\/www.vangraaf.com\/hu\/wp-content\/uploads\/sites\/3\/2021\/05\/Unternehmen_Unternehmensgruppe_VG_Banner_WP-480x160.jpg 480w\" sizes=\"(max-width: 1440px) 100vw, 1440px\" \/><\/div>\n        <div class=\"headlines headlines--center\" data-aos=\"fade-up\">\n            <div class=\"vc_row\">\n                <div class=\"vc_col-md-10 vc_col-md-offset-1 vc_col-lg-10 vc_col-lg-offset-1\"><span class=\"h6\">VAN GRAAF<\/span><h1 class=\"h2\">A v\u00e1llalatcsoport<\/h1><\/div>\n            <\/div>\n        <\/div>[vc_column_text]\r\n<p style=\"text-align: center\">A VAN GRAAF kiemelked\u0151 szaktud\u00e1s\u00e1val \u00e9s magabiztos divatst\u00edlus\u00e1val Eur\u00f3pa egyik meghat\u00e1roz\u00f3 divatc\u00e9ge. A kiv\u00e1l\u00f3 min\u0151s\u00e9g\u0171 alapdarabokt\u00f3l a designer kollekci\u00f3kon kereszt\u00fcl eg\u00e9szen a fiatal trendm\u00e1rk\u00e1kig a VAN GRAAF m\u00e1rkaspecialistak\u00e9nt mindent egy k\u00e9zb\u0151l k\u00edn\u00e1l: ig\u00e9nyes min\u0151s\u00e9get, divatos soksz\u00edn\u0171s\u00e9get \u00e9s szaktud\u00e1st.<\/p>\r\n[\/vc_column_text][\/vc_column][\/vc_row][vc_row][vc_column]\n        <div class=\"headlines headlines--center\" data-aos=\"fade-up\">\n            <div class=\"vc_row\">\n                <div class=\"vc_col-md-10 vc_col-md-offset-1 vc_col-lg-10 vc_col-lg-offset-1\"><span class=\"h6\">VAN GRAAF<\/span><h2 class=\"h2\">Otthon Eur\u00f3p\u00e1ban<\/h2><\/div>\n            <\/div>\n        <\/div>[vc_column_text]2001-ben a VAN GRAAF a Peek&amp;Cloppenburg KG Hamburg v\u00e1llalatak\u00e9nt a lengyelorsz\u00e1gi Wroclawban megnyitja els\u0151 VAN GRAAF \u00fczlet\u00e9t. A VAN GRAAF rugalmasan \u00e9s mindig az adott piaci felt\u00e9telekhez igazodva mozog az eur\u00f3pai piacon \u00e9s n\u00e9h\u00e1ny \u00e9v leforg\u00e1sa alatt Eur\u00f3pa t\u00f6bb nagyv\u00e1ros\u00e1ban is nyit \u00fczleteket. Jelenleg Lengyelorsz\u00e1gban, Sv\u00e1jcban, Magyarorsz\u00e1gon, Lettorsz\u00e1gban \u00e9s Csehorsz\u00e1gban 17 \u00fczletben v\u00e1rja a v\u00e1s\u00e1rl\u00f3kat. A VAN GRAAF GmbH &amp; Co KG sz\u00e9khelye B\u00e9csben tal\u00e1lhat\u00f3.\r\n\r\nA v\u00e1s\u00e1rl\u00f3kat t\u00f6bb csatorn\u00e1n kereszt\u00fcl kiszolg\u00e1l\u00f3 keresked\u0151h\u00e1z imm\u00e1r t\u00f6bb \u00e9ve sikeresen m\u0171k\u00f6dteti VANGRAAF.COM online shopj\u00e1t N\u00e9metorsz\u00e1gban \u00e9s Lengyelorsz\u00e1gban.\r\n\r\nA divatpiac meghat\u00e1roz\u00f3 szerepl\u0151j\u00e9nek sz\u00e1m\u00edt\u00f3 VAN GRAAF a kiv\u00e1l\u00f3 min\u0151s\u00e9g\u0171 alapdarabokt\u00f3l eg\u00e9szen a nemzetk\u00f6zi n\u0151i \u00e9s f\u00e9rfi lifestyle m\u00e1rk\u00e1kig mindent egy k\u00e9zb\u0151l k\u00edn\u00e1l. A VAN GRAAF \u00fczletek, mindenek el\u0151tt a hatalmas pr\u00e1gai VAN GRAAF flagship store k\u00f6zel 200 divatm\u00e1rk\u00e1t k\u00edn\u00e1l egyetlen fed\u00e9l alatt.[\/vc_column_text][\/vc_column][\/vc_row][vc_row bwd_tbc4vd_show_weekday=&#8221;&#8221; full_width=&#8221;stretch_row_content_no_spaces&#8221;][vc_column]\n            <div class=\"vg-element topic-slider topic-slider--left topic-slider--dark\" style=\"--season-color-1: #ededed; --season-color-2: #002045\" data-aos=\"fade-up\">\n                <div class=\"topic-slider__inner\">\n                    <div class=\"content_wrap\">\n                        <div class=\"vc_row\">\n                            <div class=\"vc_col-md-12 vc_col-lg-10 vc_col-lg-offset-1\">\n                                <div class=\"vc_row\">\n                                    <div class=\"vc_col-sm-6\"><div class=\"topic-slider__image-wrap\"><div class=\"topic-slider__slider-wrap\"><div class=\"js-topic-slider\"><div class=\"topic-slider__slider__item\"><img loading=\"lazy\" decoding=\"async\" width=\"402\" height=\"535\" src=\"https:\/\/www.vangraaf.com\/hu\/wp-content\/uploads\/sites\/3\/2021\/05\/Unternehmen_Unternehmensgruppe_Prag_WP.jpg\" class=\"vc_single_image-img attachment-full\" alt=\"\" title=\"Unternehmen_Unternehmensgruppe_Prag_WP\" srcset=\"https:\/\/www.vangraaf.com\/hu\/wp-content\/uploads\/sites\/3\/2021\/05\/Unternehmen_Unternehmensgruppe_Prag_WP.jpg 402w, https:\/\/www.vangraaf.com\/hu\/wp-content\/uploads\/sites\/3\/2021\/05\/Unternehmen_Unternehmensgruppe_Prag_WP-225x300.jpg 225w\" sizes=\"(max-width: 402px) 100vw, 402px\" \/><\/div><\/div><\/div><\/div><\/div><div class=\"vc_col-sm-6 vc_col-md-5 vc_col-md-offset-1\"><div class=\"topic-slider__content\"><span class=\"h4\">A pr\u00e1gai flagship store<\/span><p>A VAN GRAAF flagship \u00fczlete a Pr\u00e1ga k\u00f6zpontj\u00e1ban tal\u00e1lhat\u00f3 Vencel t\u00e9r egyik t\u00f6rt\u00e9nelmi \u00fczleth\u00e1z\u00e1ban v\u00e1rja a v\u00e1s\u00e1rl\u00f3kat.<\/p>\n<ul>\n<li>K\u00f6zponti helyen Pr\u00e1ga shopping-sz\u00edv\u00e9ben<\/li>\n<li>Mag\u00e1val ragad\u00f3 divatkavalk\u00e1d 5 szinten \u00e9s 10.000 m<sup>2<\/sup>-en<\/li>\n<li>K\u00f6zel 200 nemzetk\u00f6zi divatm\u00e1rka egyed\u00fcl\u00e1ll\u00f3 v\u00e1laszt\u00e9ka<\/li>\n<\/ul>\n<\/div><\/div>\n                                <\/div>\n                            <\/div>\n                        <\/div>\n                    <\/div>\n                <\/div>\n            <\/div>[\/vc_column][\/vc_row][vc_row bwd_tbc4vd_show_weekday=&#8221;&#8221; full_width=&#8221;stretch_row_content_no_spaces&#8221;][vc_column]\n        <div class=\"headlines headlines--center\" data-aos=\"fade-up\">\n            <div class=\"vc_row\">\n                <div class=\"vc_col-md-10 vc_col-md-offset-1 vc_col-lg-10 vc_col-lg-offset-1\"><h2 class=\"h2\">A VANGRAAF.COM online shop<\/h2><\/div>\n            <\/div>\n        <\/div>[vc_row_inner][vc_column_inner]<div class=\"vice-versa-teaser vice-versa-teaser--dark\" style=\"--season-color: #ededed\" data-aos=\"fade-up\"><div class=\"vice-versa-teaser__inner\">\n                        <div class=\"content_wrap\"><div class=\"vg-element vice-versa-teaser__item vice-versa-teaser__item--left\"><div class=\"vc_row vc_row-flex\"><div class=\"vc_col-xs-12 vc_col-sm-6\"><div class=\"vice-versa-teaser__item__image-wrap\"><a class=\"\" href=\"https:\/\/www.vangraaf.com\/de\" target=\"_blank\" rel=\"\" style=\"\"><img loading=\"lazy\" decoding=\"async\" width=\"544\" height=\"711\" src=\"https:\/\/www.vangraaf.com\/hu\/wp-content\/uploads\/sites\/3\/2021\/05\/DE_Unternehmen_Online_Shop_ViceVersa_WP-1.jpg\" class=\"attachment-van-graaf-vice-versa-teaser size-van-graaf-vice-versa-teaser\" alt=\"\" srcset=\"https:\/\/www.vangraaf.com\/hu\/wp-content\/uploads\/sites\/3\/2021\/05\/DE_Unternehmen_Online_Shop_ViceVersa_WP-1.jpg 544w, https:\/\/www.vangraaf.com\/hu\/wp-content\/uploads\/sites\/3\/2021\/05\/DE_Unternehmen_Online_Shop_ViceVersa_WP-1-230x300.jpg 230w, https:\/\/www.vangraaf.com\/hu\/wp-content\/uploads\/sites\/3\/2021\/05\/DE_Unternehmen_Online_Shop_ViceVersa_WP-1-480x627.jpg 480w\" sizes=\"(max-width: 544px) 100vw, 544px\" \/><\/a><\/div><\/div><div class=\"vice-versa-teaser__item__content-wrap vc_col-xs-12 vc_col-sm-6 vc_col-md-4 vc_col-md-offset-1\"><div class=\"vice-versa-teaser__item__content\"><p>A VAN GRAAF 2012 \u00f3ta m\u0171k\u00f6dteti divat- \u00e9s lifestyle term\u00e9keket forgalmaz\u00f3 VANGRAAF.COM online-shopj\u00e1t N\u00e9metorsz\u00e1gban. 2016 \u00f3ta a VANGRAAF.COM m\u00e1r a lengyel piacon is el\u00e9rhet\u0151, \u00e9s kapcsolja \u00f6ssze t\u00f6bbcsatorn\u00e1s keresked\u0151 h\u00e1zz\u00e1 az \u00e1ruh\u00e1zi \u00e9rt\u00e9kes\u00edt\u00e9st az e-commerce csatorn\u00e1val.<\/p><a class=\"button button--dark\" href=\"https:\/\/www.vangraaf.com\/de\" target=\"_blank\" rel=\"\" style=\"\">n\u00e9metorsz\u00e1gi online shop<\/a><\/div><\/div><\/div><\/div><div class=\"vg-element vice-versa-teaser__item vice-versa-teaser__item--right\"><div class=\"vc_row vc_row-flex\"><div class=\"vc_col-xs-12 vc_col-sm-6 vc_col-sm-push-6\"><div class=\"vice-versa-teaser__item__image-wrap\"><a class=\"\" href=\"https:\/\/www.vangraaf.com\/pl\/\" target=\"_blank\" rel=\"\" style=\"\"><img loading=\"lazy\" decoding=\"async\" width=\"544\" height=\"711\" src=\"https:\/\/www.vangraaf.com\/hu\/wp-content\/uploads\/sites\/3\/2021\/05\/PL_Unternehmen_Online_Shop_ViceVersa_WP.jpg\" class=\"attachment-van-graaf-vice-versa-teaser size-van-graaf-vice-versa-teaser\" alt=\"\" srcset=\"https:\/\/www.vangraaf.com\/hu\/wp-content\/uploads\/sites\/3\/2021\/05\/PL_Unternehmen_Online_Shop_ViceVersa_WP.jpg 544w, https:\/\/www.vangraaf.com\/hu\/wp-content\/uploads\/sites\/3\/2021\/05\/PL_Unternehmen_Online_Shop_ViceVersa_WP-230x300.jpg 230w, https:\/\/www.vangraaf.com\/hu\/wp-content\/uploads\/sites\/3\/2021\/05\/PL_Unternehmen_Online_Shop_ViceVersa_WP-480x627.jpg 480w\" sizes=\"(max-width: 544px) 100vw, 544px\" \/><\/a><\/div><\/div><div class=\"vice-versa-teaser__item__content-wrap vc_col-xs-12 vc_col-sm-6 vc_col-md-4 vc_col-md-offset-1 vc_col-sm-pull-6\"><div class=\"vice-versa-teaser__item__content\"><p>Az online shopok-ok k\u00f6zel 200 n\u0151i, f\u00e9rfi \u00e9s gyermek cs\u00facsdivatm\u00e1rka v\u00e1laszt\u00e9k\u00e1t, valamint professzion\u00e1lis outfit- \u00e9s st\u00edlustan\u00e1csad\u00e1st is k\u00edn\u00e1lnak.<\/p><a class=\"button button--dark\" href=\"https:\/\/www.vangraaf.com\/pl\/\" target=\"_blank\" rel=\"\" style=\"\">lengyel online shop<\/a><\/div><\/div><\/div><\/div><\/div><\/div><\/div>[\/vc_column_inner][\/vc_row_inner][\/vc_column][\/vc_row][vc_row][vc_column]\n        <div class=\"vg-element promo-teaser promo-teaser--  promo-teaser--\" style=\"--season-color: #ffffff;\" data-aos=\"fade-up\">\n            <div class=\"vc_row vc_row-flex\">\n                <div class=\"vc_col-sm-6 promo-teaser__image\">\n                    <a class=\"\" href=\"https:\/\/www.vangraaf.com\/hu\/karrier\/\" target=\"_blank\" rel=\"\" style=\"\"><img loading=\"lazy\" decoding=\"async\" width=\"599\" height=\"549\" src=\"https:\/\/www.vangraaf.com\/hu\/wp-content\/uploads\/sites\/3\/2021\/05\/Unternehmen_Fakten_Karriere_WP.jpg\" class=\"vc_single_image-img\" alt=\"\" srcset=\"https:\/\/www.vangraaf.com\/hu\/wp-content\/uploads\/sites\/3\/2021\/05\/Unternehmen_Fakten_Karriere_WP.jpg 599w, https:\/\/www.vangraaf.com\/hu\/wp-content\/uploads\/sites\/3\/2021\/05\/Unternehmen_Fakten_Karriere_WP-300x275.jpg 300w, https:\/\/www.vangraaf.com\/hu\/wp-content\/uploads\/sites\/3\/2021\/05\/Unternehmen_Fakten_Karriere_WP-480x440.jpg 480w\" sizes=\"(max-width: 599px) 100vw, 599px\" \/><\/a>\n                <\/div>\n                <div class=\"vc_col-sm-6\">\n                    <div class=\"promo-teaser__content-wrapper\">\n                        <div class=\"promo-teaser__content promo-teaser__content--center\"><h3>Karrierlehet\u0151s\u00e9gek<\/h3><p style=\"text-align: center\">Szeretne a VAN GRAAF-n\u00e1l dolgozni?<\/p>\n<p style=\"text-align: center\">\u00d6r\u00f6mmel v\u00e1rjuk p\u00e1ly\u00e1zat\u00e1t!<\/p>\n<a class=\"button button--\" href=\"https:\/\/www.vangraaf.com\/hu\/karrier\/\" target=\"_blank\" rel=\"\" style=\"\">A VAN GRAAF aktu\u00e1lis \u00e1ll\u00e1saj\u00e1nlatai<\/a><\/div>\n                    <\/div>\n                <\/div>\n            <\/div>\n        <\/div>[\/vc_column][\/vc_row]<\/div>","protected":false},"excerpt":{"rendered":"[vc_row bwd_tbc4vd_show_weekday=&#8221;&#8221; full_width=&#8221;stretch_row_content_no_spaces&#8221;][vc_column][vc_column_text] A VAN GRAAF kiemelked\u0151 szaktud\u00e1s\u00e1val \u00e9s magabiztos divatst\u00edlus\u00e1val Eur\u00f3pa egyik meghat\u00e1roz\u00f3 divatc\u00e9ge. A kiv\u00e1l\u00f3 min\u0151s\u00e9g\u0171 alapdarabokt\u00f3l a designer kollekci\u00f3kon kereszt\u00fcl eg\u00e9szen a fiatal trendm\u00e1rk\u00e1kig a VAN GRAAF m\u00e1rkaspecialistak\u00e9nt mindent egy k\u00e9zb\u0151l k\u00edn\u00e1l: ig\u00e9nyes min\u0151s\u00e9get, divatos soksz\u00edn\u0171s\u00e9get \u00e9s szaktud\u00e1st. [\/vc_column_text][\/vc_column][\/vc_row][vc_row][vc_column][vc_column_text]2001-ben a VAN GRAAF a Peek&amp;Cloppenburg KG Hamburg v\u00e1llalatak\u00e9nt a lengyelorsz\u00e1gi Wroclawban megnyitja els\u0151 [&hellip;]","protected":false},"author":6,"featured_media":0,"parent":5872,"menu_order":0,"comment_status":"closed","ping_status":"closed","template":"","meta":{"_acf_changed":false,"inline_featured_image":false,"footnotes":""},"class_list":["post-5879","page","type-page","status-publish","hentry"],"acf":[],"yoast_head":"<!-- This site is optimized with the Yoast SEO plugin v27.2 - https:\/\/yoast.com\/product\/yoast-seo-wordpress\/ -->\n<title>VAN GRAAF Magyarorsz\u00e1g - A v\u00e1llalatcsoport<\/title>\n<meta name=\"description\" content=\"A VAN GRAAF kiemelked\u0151 szaktud\u00e1s\u00e1val \u00e9s magabiztos divatst\u00edlus\u00e1val Eur\u00f3pa egyik meghat\u00e1roz\u00f3 divatc\u00e9ge.\" \/>\n<meta name=\"robots\" content=\"index, follow, max-snippet:-1, max-image-preview:large, max-video-preview:-1\" \/>\n<link rel=\"canonical\" href=\"https:\/\/www.vangraaf.com\/hu\/vallalat\/a-vallalatcsoport\/\" \/>\n<meta property=\"og:locale\" content=\"hu_HU\" \/>\n<meta property=\"og:type\" content=\"article\" \/>\n<meta property=\"og:title\" content=\"VAN GRAAF Magyarorsz\u00e1g - A v\u00e1llalatcsoport\" \/>\n<meta property=\"og:description\" content=\"A VAN GRAAF kiemelked\u0151 szaktud\u00e1s\u00e1val \u00e9s magabiztos divatst\u00edlus\u00e1val Eur\u00f3pa egyik meghat\u00e1roz\u00f3 divatc\u00e9ge.\" \/>\n<meta property=\"og:url\" content=\"https:\/\/www.vangraaf.com\/hu\/vallalat\/a-vallalatcsoport\/\" \/>\n<meta property=\"og:site_name\" content=\"VAN GRAAF Magyarorsz\u00e1g\" \/>\n<meta property=\"article:modified_time\" content=\"2021-10-21T11:30:11+00:00\" \/>\n<meta name=\"twitter:card\" content=\"summary_large_image\" \/>\n<meta name=\"twitter:label1\" content=\"Becs\u00fclt olvas\u00e1si id\u0151\" \/>\n\t<meta name=\"twitter:data1\" content=\"2 perc\" \/>\n<script type=\"application\/ld+json\" class=\"yoast-schema-graph\">{\"@context\":\"https:\/\/schema.org\",\"@graph\":[{\"@type\":\"WebPage\",\"@id\":\"https:\/\/www.vangraaf.com\/hu\/vallalat\/a-vallalatcsoport\/\",\"url\":\"https:\/\/www.vangraaf.com\/hu\/vallalat\/a-vallalatcsoport\/\",\"name\":\"VAN GRAAF Magyarorsz\u00e1g - A v\u00e1llalatcsoport\",\"isPartOf\":{\"@id\":\"https:\/\/www.vangraaf.com\/hu\/#website\"},\"datePublished\":\"2021-06-29T12:53:24+00:00\",\"dateModified\":\"2021-10-21T11:30:11+00:00\",\"description\":\"A VAN GRAAF kiemelked\u0151 szaktud\u00e1s\u00e1val \u00e9s magabiztos divatst\u00edlus\u00e1val Eur\u00f3pa egyik meghat\u00e1roz\u00f3 divatc\u00e9ge.\",\"breadcrumb\":{\"@id\":\"https:\/\/www.vangraaf.com\/hu\/vallalat\/a-vallalatcsoport\/#breadcrumb\"},\"inLanguage\":\"hu\",\"potentialAction\":[{\"@type\":\"ReadAction\",\"target\":[\"https:\/\/www.vangraaf.com\/hu\/vallalat\/a-vallalatcsoport\/\"]}]},{\"@type\":\"BreadcrumbList\",\"@id\":\"https:\/\/www.vangraaf.com\/hu\/vallalat\/a-vallalatcsoport\/#breadcrumb\",\"itemListElement\":[{\"@type\":\"ListItem\",\"position\":1,\"name\":\"Home\",\"item\":\"https:\/\/www.vangraaf.com\/hu\/\"},{\"@type\":\"ListItem\",\"position\":2,\"name\":\"V\u00e1llalat\",\"item\":\"https:\/\/www.vangraaf.com\/hu\/vallalat\/\"},{\"@type\":\"ListItem\",\"position\":3,\"name\":\"A v\u00e1llalatcsoport\"}]},{\"@type\":\"WebSite\",\"@id\":\"https:\/\/www.vangraaf.com\/hu\/#website\",\"url\":\"https:\/\/www.vangraaf.com\/hu\/\",\"name\":\"VAN GRAAF\",\"description\":\"VAN GRAAF\",\"potentialAction\":[{\"@type\":\"SearchAction\",\"target\":{\"@type\":\"EntryPoint\",\"urlTemplate\":\"https:\/\/www.vangraaf.com\/hu\/?s={search_term_string}\"},\"query-input\":{\"@type\":\"PropertyValueSpecification\",\"valueRequired\":true,\"valueName\":\"search_term_string\"}}],\"inLanguage\":\"hu\"}]}<\/script>\n<!-- \/ Yoast SEO plugin. -->","yoast_head_json":{"title":"VAN GRAAF Magyarorsz\u00e1g - A v\u00e1llalatcsoport","description":"A VAN GRAAF kiemelked\u0151 szaktud\u00e1s\u00e1val \u00e9s magabiztos divatst\u00edlus\u00e1val Eur\u00f3pa egyik meghat\u00e1roz\u00f3 divatc\u00e9ge.","robots":{"index":"index","follow":"follow","max-snippet":"max-snippet:-1","max-image-preview":"max-image-preview:large","max-video-preview":"max-video-preview:-1"},"canonical":"https:\/\/www.vangraaf.com\/hu\/vallalat\/a-vallalatcsoport\/","og_locale":"hu_HU","og_type":"article","og_title":"VAN GRAAF Magyarorsz\u00e1g - A v\u00e1llalatcsoport","og_description":"A VAN GRAAF kiemelked\u0151 szaktud\u00e1s\u00e1val \u00e9s magabiztos divatst\u00edlus\u00e1val Eur\u00f3pa egyik meghat\u00e1roz\u00f3 divatc\u00e9ge.","og_url":"https:\/\/www.vangraaf.com\/hu\/vallalat\/a-vallalatcsoport\/","og_site_name":"VAN GRAAF Magyarorsz\u00e1g","article_modified_time":"2021-10-21T11:30:11+00:00","twitter_card":"summary_large_image","twitter_misc":{"Becs\u00fclt olvas\u00e1si id\u0151":"2 perc"},"schema":{"@context":"https:\/\/schema.org","@graph":[{"@type":"WebPage","@id":"https:\/\/www.vangraaf.com\/hu\/vallalat\/a-vallalatcsoport\/","url":"https:\/\/www.vangraaf.com\/hu\/vallalat\/a-vallalatcsoport\/","name":"VAN GRAAF Magyarorsz\u00e1g - A v\u00e1llalatcsoport","isPartOf":{"@id":"https:\/\/www.vangraaf.com\/hu\/#website"},"datePublished":"2021-06-29T12:53:24+00:00","dateModified":"2021-10-21T11:30:11+00:00","description":"A VAN GRAAF kiemelked\u0151 szaktud\u00e1s\u00e1val \u00e9s magabiztos divatst\u00edlus\u00e1val Eur\u00f3pa egyik meghat\u00e1roz\u00f3 divatc\u00e9ge.","breadcrumb":{"@id":"https:\/\/www.vangraaf.com\/hu\/vallalat\/a-vallalatcsoport\/#breadcrumb"},"inLanguage":"hu","potentialAction":[{"@type":"ReadAction","target":["https:\/\/www.vangraaf.com\/hu\/vallalat\/a-vallalatcsoport\/"]}]},{"@type":"BreadcrumbList","@id":"https:\/\/www.vangraaf.com\/hu\/vallalat\/a-vallalatcsoport\/#breadcrumb","itemListElement":[{"@type":"ListItem","position":1,"name":"Home","item":"https:\/\/www.vangraaf.com\/hu\/"},{"@type":"ListItem","position":2,"name":"V\u00e1llalat","item":"https:\/\/www.vangraaf.com\/hu\/vallalat\/"},{"@type":"ListItem","position":3,"name":"A v\u00e1llalatcsoport"}]},{"@type":"WebSite","@id":"https:\/\/www.vangraaf.com\/hu\/#website","url":"https:\/\/www.vangraaf.com\/hu\/","name":"VAN GRAAF","description":"VAN GRAAF","potentialAction":[{"@type":"SearchAction","target":{"@type":"EntryPoint","urlTemplate":"https:\/\/www.vangraaf.com\/hu\/?s={search_term_string}"},"query-input":{"@type":"PropertyValueSpecification","valueRequired":true,"valueName":"search_term_string"}}],"inLanguage":"hu"}]}},"_links":{"self":[{"href":"https:\/\/www.vangraaf.com\/hu\/wp-json\/wp\/v2\/pages\/5879","targetHints":{"allow":["GET"]}}],"collection":[{"href":"https:\/\/www.vangraaf.com\/hu\/wp-json\/wp\/v2\/pages"}],"about":[{"href":"https:\/\/www.vangraaf.com\/hu\/wp-json\/wp\/v2\/types\/page"}],"author":[{"embeddable":true,"href":"https:\/\/www.vangraaf.com\/hu\/wp-json\/wp\/v2\/users\/6"}],"replies":[{"embeddable":true,"href":"https:\/\/www.vangraaf.com\/hu\/wp-json\/wp\/v2\/comments?post=5879"}],"version-history":[{"count":8,"href":"https:\/\/www.vangraaf.com\/hu\/wp-json\/wp\/v2\/pages\/5879\/revisions"}],"predecessor-version":[{"id":6228,"href":"https:\/\/www.vangraaf.com\/hu\/wp-json\/wp\/v2\/pages\/5879\/revisions\/6228"}],"up":[{"embeddable":true,"href":"https:\/\/www.vangraaf.com\/hu\/wp-json\/wp\/v2\/pages\/5872"}],"wp:attachment":[{"href":"https:\/\/www.vangraaf.com\/hu\/wp-json\/wp\/v2\/media?parent=5879"}],"curies":[{"name":"wp","href":"https:\/\/api.w.org\/{rel}","templated":true}]}}